{"id":11117,"date":"2018-10-23T08:37:46","date_gmt":"2018-10-23T12:37:46","guid":{"rendered":"https:\/\/www.carms.ca\/?page_id=11117"},"modified":"2026-04-16T11:43:26","modified_gmt":"2026-04-16T15:43:26","slug":"docteure-monique-williams","status":"publish","type":"page","link":"https:\/\/www.carms.ca\/fr\/a-propos-de\/gouvernance-et-comites\/gouvernance\/docteure-monique-williams\/","title":{"rendered":"Docteure Monique Williams"},"content":{"rendered":"<div class=\"wpb-content-wrapper\">[vc_row][vc_column][vc_column_text margin_bottom=\u00a0\u00bb0&Prime; css=\u00a0\u00bb.vc_custom_1776354203672{margin-bottom: 0px !important;}\u00a0\u00bb]Monique Williams est une m\u00e9decin de famille. Elle est membre des Forces arm\u00e9es canadiennes depuis 25 ans et a commenc\u00e9 son parcours m\u00e9dical en tant que technicienne m\u00e9dicale avant de suivre une formation en tant que m\u00e9decin adjointe et de d\u00e9cider de poursuivre une formation avanc\u00e9e en tant que m\u00e9decin. Elle a \u00e9t\u00e9 membre de nombreux conseils et comit\u00e9s aux niveaux provincial et f\u00e9d\u00e9ral et est passionn\u00e9e par son travail de revendication pour la s\u00e9curit\u00e9 des patients et les populations vuln\u00e9rables.[\/vc_column_text][\/vc_column][\/vc_row]\n<\/div>","protected":false},"excerpt":{"rendered":"<p>[vc_row][vc_column][vc_column_text margin_bottom=\u00a0\u00bb0&Prime; css=\u00a0\u00bb.vc_custom_1776354203672{margin-bottom: 0px !important;}\u00a0\u00bb]Monique Williams est une m\u00e9decin de famille. Elle est membre des Forces arm\u00e9es canadiennes depuis 25 ans et a commenc\u00e9 son parcours m\u00e9dical en tant que technicienne m\u00e9dicale avant de suivre une formation en tant que m\u00e9decin adjointe et de d\u00e9cider de poursuivre une formation avanc\u00e9e en tant que m\u00e9decin. Elle [&hellip;]<\/p>\n","protected":false},"author":7,"featured_media":0,"parent":1053,"menu_order":0,"comment_status":"closed","ping_status":"closed","template":"","meta":{"_acf_changed":false,"footnotes":""},"class_list":["post-11117","page","type-page","status-publish","hentry"],"acf":{"subtitle":"<p><em>Directrice par mandat sp\u00e9cial<br \/>\n<\/em><em>Pr\u00e9sidente\u00a0<\/em><br \/>\n<em>M\u00e9decin de famille<\/em><\/p>\n"},"yoast_head":"<!-- This site is optimized with the Yoast SEO plugin v27.3 - https:\/\/yoast.com\/product\/yoast-seo-wordpress\/ -->\n<title>Docteure Monique Williams - CaRMS<\/title>\n<meta name=\"robots\" content=\"index, follow, max-snippet:-1, max-image-preview:large, max-video-preview:-1\" \/>\n<link rel=\"canonical\" href=\"https:\/\/www.carms.ca\/fr\/a-propos-de\/gouvernance-et-comites\/gouvernance\/docteure-monique-williams\/\" \/>\n<meta property=\"og:locale\" content=\"fr_FR\" \/>\n<meta property=\"og:type\" content=\"article\" \/>\n<meta property=\"og:title\" content=\"Docteure Monique Williams - CaRMS\" \/>\n<meta property=\"og:description\" content=\"[vc_row][vc_column][vc_column_text margin_bottom=\u00a0\u00bb0&Prime; css=\u00a0\u00bb.vc_custom_1776354203672{margin-bottom: 0px !important;}\u00a0\u00bb]Monique Williams est une m\u00e9decin de famille. Elle est membre des Forces arm\u00e9es canadiennes depuis 25 ans et a commenc\u00e9 son parcours m\u00e9dical en tant que technicienne m\u00e9dicale avant de suivre une formation en tant que m\u00e9decin adjointe et de d\u00e9cider de poursuivre une formation avanc\u00e9e en tant que m\u00e9decin. Elle [&hellip;]\" \/>\n<meta property=\"og:url\" content=\"https:\/\/www.carms.ca\/fr\/a-propos-de\/gouvernance-et-comites\/gouvernance\/docteure-monique-williams\/\" \/>\n<meta property=\"og:site_name\" content=\"CaRMS\" \/>\n<meta property=\"article:modified_time\" content=\"2026-04-16T15:43:26+00:00\" \/>\n<meta name=\"twitter:card\" content=\"summary_large_image\" \/>\n<meta name=\"twitter:label1\" content=\"Dur\u00e9e de lecture estim\u00e9e\" \/>\n\t<meta name=\"twitter:data1\" content=\"1 minute\" \/>\n<script type=\"application\/ld+json\" class=\"yoast-schema-graph\">{\"@context\":\"https:\\\/\\\/schema.org\",\"@graph\":[{\"@type\":\"WebPage\",\"@id\":\"https:\\\/\\\/www.carms.ca\\\/fr\\\/a-propos-de\\\/gouvernance-et-comites\\\/gouvernance\\\/docteure-monique-williams\\\/\",\"url\":\"https:\\\/\\\/www.carms.ca\\\/fr\\\/a-propos-de\\\/gouvernance-et-comites\\\/gouvernance\\\/docteure-monique-williams\\\/\",\"name\":\"Docteure Monique Williams - CaRMS\",\"isPartOf\":{\"@id\":\"https:\\\/\\\/www.carms.ca\\\/#website\"},\"datePublished\":\"2018-10-23T12:37:46+00:00\",\"dateModified\":\"2026-04-16T15:43:26+00:00\",\"breadcrumb\":{\"@id\":\"https:\\\/\\\/www.carms.ca\\\/fr\\\/a-propos-de\\\/gouvernance-et-comites\\\/gouvernance\\\/docteure-monique-williams\\\/#breadcrumb\"},\"inLanguage\":\"fr-FR\",\"potentialAction\":[{\"@type\":\"ReadAction\",\"target\":[\"https:\\\/\\\/www.carms.ca\\\/fr\\\/a-propos-de\\\/gouvernance-et-comites\\\/gouvernance\\\/docteure-monique-williams\\\/\"]}]},{\"@type\":\"BreadcrumbList\",\"@id\":\"https:\\\/\\\/www.carms.ca\\\/fr\\\/a-propos-de\\\/gouvernance-et-comites\\\/gouvernance\\\/docteure-monique-williams\\\/#breadcrumb\",\"itemListElement\":[{\"@type\":\"ListItem\",\"position\":1,\"name\":\"Accueil\",\"item\":\"https:\\\/\\\/www.carms.ca\\\/fr\\\/accueil-2\\\/\"},{\"@type\":\"ListItem\",\"position\":2,\"name\":\"\u00c0 propos de\",\"item\":\"https:\\\/\\\/www.carms.ca\\\/fr\\\/a-propos-de\\\/\"},{\"@type\":\"ListItem\",\"position\":3,\"name\":\"Gouvernance et comit\u00e9s\",\"item\":\"https:\\\/\\\/www.carms.ca\\\/fr\\\/a-propos-de\\\/gouvernance-et-comites\\\/\"},{\"@type\":\"ListItem\",\"position\":4,\"name\":\"Gouvernance\",\"item\":\"https:\\\/\\\/www.carms.ca\\\/fr\\\/a-propos-de\\\/gouvernance-et-comites\\\/gouvernance\\\/\"},{\"@type\":\"ListItem\",\"position\":5,\"name\":\"Docteure Monique Williams\"}]},{\"@type\":\"WebSite\",\"@id\":\"https:\\\/\\\/www.carms.ca\\\/#website\",\"url\":\"https:\\\/\\\/www.carms.ca\\\/\",\"name\":\"CaRMS\",\"description\":\"\",\"potentialAction\":[{\"@type\":\"SearchAction\",\"target\":{\"@type\":\"EntryPoint\",\"urlTemplate\":\"https:\\\/\\\/www.carms.ca\\\/?s={search_term_string}\"},\"query-input\":{\"@type\":\"PropertyValueSpecification\",\"valueRequired\":true,\"valueName\":\"search_term_string\"}}],\"inLanguage\":\"fr-FR\"}]}<\/script>\n<!-- \/ Yoast SEO plugin. -->","yoast_head_json":{"title":"Docteure Monique Williams - CaRMS","robots":{"index":"index","follow":"follow","max-snippet":"max-snippet:-1","max-image-preview":"max-image-preview:large","max-video-preview":"max-video-preview:-1"},"canonical":"https:\/\/www.carms.ca\/fr\/a-propos-de\/gouvernance-et-comites\/gouvernance\/docteure-monique-williams\/","og_locale":"fr_FR","og_type":"article","og_title":"Docteure Monique Williams - CaRMS","og_description":"[vc_row][vc_column][vc_column_text margin_bottom=\u00a0\u00bb0&Prime; css=\u00a0\u00bb.vc_custom_1776354203672{margin-bottom: 0px !important;}\u00a0\u00bb]Monique Williams est une m\u00e9decin de famille. Elle est membre des Forces arm\u00e9es canadiennes depuis 25 ans et a commenc\u00e9 son parcours m\u00e9dical en tant que technicienne m\u00e9dicale avant de suivre une formation en tant que m\u00e9decin adjointe et de d\u00e9cider de poursuivre une formation avanc\u00e9e en tant que m\u00e9decin. Elle [&hellip;]","og_url":"https:\/\/www.carms.ca\/fr\/a-propos-de\/gouvernance-et-comites\/gouvernance\/docteure-monique-williams\/","og_site_name":"CaRMS","article_modified_time":"2026-04-16T15:43:26+00:00","twitter_card":"summary_large_image","twitter_misc":{"Dur\u00e9e de lecture estim\u00e9e":"1 minute"},"schema":{"@context":"https:\/\/schema.org","@graph":[{"@type":"WebPage","@id":"https:\/\/www.carms.ca\/fr\/a-propos-de\/gouvernance-et-comites\/gouvernance\/docteure-monique-williams\/","url":"https:\/\/www.carms.ca\/fr\/a-propos-de\/gouvernance-et-comites\/gouvernance\/docteure-monique-williams\/","name":"Docteure Monique Williams - CaRMS","isPartOf":{"@id":"https:\/\/www.carms.ca\/#website"},"datePublished":"2018-10-23T12:37:46+00:00","dateModified":"2026-04-16T15:43:26+00:00","breadcrumb":{"@id":"https:\/\/www.carms.ca\/fr\/a-propos-de\/gouvernance-et-comites\/gouvernance\/docteure-monique-williams\/#breadcrumb"},"inLanguage":"fr-FR","potentialAction":[{"@type":"ReadAction","target":["https:\/\/www.carms.ca\/fr\/a-propos-de\/gouvernance-et-comites\/gouvernance\/docteure-monique-williams\/"]}]},{"@type":"BreadcrumbList","@id":"https:\/\/www.carms.ca\/fr\/a-propos-de\/gouvernance-et-comites\/gouvernance\/docteure-monique-williams\/#breadcrumb","itemListElement":[{"@type":"ListItem","position":1,"name":"Accueil","item":"https:\/\/www.carms.ca\/fr\/accueil-2\/"},{"@type":"ListItem","position":2,"name":"\u00c0 propos de","item":"https:\/\/www.carms.ca\/fr\/a-propos-de\/"},{"@type":"ListItem","position":3,"name":"Gouvernance et comit\u00e9s","item":"https:\/\/www.carms.ca\/fr\/a-propos-de\/gouvernance-et-comites\/"},{"@type":"ListItem","position":4,"name":"Gouvernance","item":"https:\/\/www.carms.ca\/fr\/a-propos-de\/gouvernance-et-comites\/gouvernance\/"},{"@type":"ListItem","position":5,"name":"Docteure Monique Williams"}]},{"@type":"WebSite","@id":"https:\/\/www.carms.ca\/#website","url":"https:\/\/www.carms.ca\/","name":"CaRMS","description":"","potentialAction":[{"@type":"SearchAction","target":{"@type":"EntryPoint","urlTemplate":"https:\/\/www.carms.ca\/?s={search_term_string}"},"query-input":{"@type":"PropertyValueSpecification","valueRequired":true,"valueName":"search_term_string"}}],"inLanguage":"fr-FR"}]}},"publishpress_future_workflow_manual_trigger":{"enabledWorkflows":[]},"_links":{"self":[{"href":"https:\/\/www.carms.ca\/fr\/wp-json\/wp\/v2\/pages\/11117","targetHints":{"allow":["GET"]}}],"collection":[{"href":"https:\/\/www.carms.ca\/fr\/wp-json\/wp\/v2\/pages"}],"about":[{"href":"https:\/\/www.carms.ca\/fr\/wp-json\/wp\/v2\/types\/page"}],"author":[{"embeddable":true,"href":"https:\/\/www.carms.ca\/fr\/wp-json\/wp\/v2\/users\/7"}],"replies":[{"embeddable":true,"href":"https:\/\/www.carms.ca\/fr\/wp-json\/wp\/v2\/comments?post=11117"}],"version-history":[{"count":10,"href":"https:\/\/www.carms.ca\/fr\/wp-json\/wp\/v2\/pages\/11117\/revisions"}],"predecessor-version":[{"id":52253,"href":"https:\/\/www.carms.ca\/fr\/wp-json\/wp\/v2\/pages\/11117\/revisions\/52253"}],"up":[{"embeddable":true,"href":"https:\/\/www.carms.ca\/fr\/wp-json\/wp\/v2\/pages\/1053"}],"wp:attachment":[{"href":"https:\/\/www.carms.ca\/fr\/wp-json\/wp\/v2\/media?parent=11117"}],"curies":[{"name":"wp","href":"https:\/\/api.w.org\/{rel}","templated":true}]}}