{"id":11648,"date":"2019-01-04T15:45:21","date_gmt":"2019-01-04T20:45:21","guid":{"rendered":"https:\/\/www.carms.ca\/?page_id=11648"},"modified":"2024-04-22T14:25:52","modified_gmt":"2024-04-22T18:25:52","slug":"jumelage-de-couples","status":"publish","type":"page","link":"https:\/\/www.carms.ca\/fr\/le-jumelage\/deroulement-du-jumelage\/jumelage-de-couples\/","title":{"rendered":"FAQ concernant l&rsquo;algorithme : Couples"},"content":{"rendered":"<div class=\"wpb-content-wrapper\">[mk_page_section vertical_align=\u00a0\u00bbtop\u00a0\u00bb layout_structure=\u00a0\u00bbhalf_left\u00a0\u00bb bg_image=\u00a0\u00bbhttps:\/\/carms.ca\/wp-content\/uploads\/2019\/01\/screen-shot-2019-01-03-at-10.41.34-am-1.png\u00a0\u00bb bg_color=\u00a0\u00bb#f2f6f9&Prime; el_class=\u00a0\u00bblayout-half-image\u00a0\u00bb][vc_column][mk_padding_divider size=\u00a0\u00bb90&Prime;][vc_column_text css=\u00a0\u00bb.vc_custom_1546629935143{margin-bottom: 0px !important;}\u00a0\u00bb]\n<h2>Est-ce que vous participez au jumelage avec un partenaire ? D\u00e9couvrez comment fonctionne l&rsquo;algorithme pour le jumelage de couples.<\/h2>\n[\/vc_column_text][mk_padding_divider size=\u00a0\u00bb70&Prime;][\/vc_column][\/mk_page_section][vc_row][vc_column][mk_padding_divider][\/vc_column][\/vc_row][vc_row][vc_column width=\u00a0\u00bb3\/4&Prime;][vc_tta_accordion spacing=\u00a0\u00bb4&Prime; active_section=\u00a0\u00bb*\u00a0\u00bb no_fill=\u00a0\u00bbtrue\u00a0\u00bb collapsible_all=\u00a0\u00bbtrue\u00a0\u00bb][vc_tta_section title=\u00a0\u00bbComment l\u2019algorithme traite-t-il les listes de classement de couple ?\u00a0\u00bb tab_id=\u00a0\u00bbclassement-couple\u00a0\u00bb][vc_column_text css=\u00a0\u00bb.vc_custom_1546606537062{margin-bottom: 0px !important;}\u00a0\u00bb]L\u2019algorithme traite les listes de classement d\u2019un couple comme une seule unit\u00e9 de classements appari\u00e9s. Donc un jumelage est r\u00e9alis\u00e9 uniquement si les deux partenaires sont jumel\u00e9s \u00e0 une paire de programmes class\u00e9s.<\/p>\n<p>L\u2019algorithme tente d\u2019abord de jumelage le couple \u00e0 leur premier ensemble de classement appari\u00e9. Si un jumelage des deux candidats n\u2019est pas possible, l\u2019algorithme passe au prochain rang appari\u00e9 et ainsi de suite.<\/p>\n<p>Il y a la possibilit\u00e9 d\u2019inclure l\u2019option \u00ab aucun jumelage \u00bb pour indiquer qu\u2019un partenaire est pr\u00eat \u00e0 ne pas \u00eatre jumel\u00e9 si l\u2019autre partenaire peut \u00eatre jumel\u00e9 \u00e0 son programme pr\u00e9f\u00e9r\u00e9.<\/p>\n<p>Si les candidats n\u2019obtiennent pas de jumelage en tant que couple, l\u2019algorithme ne traite pas leurs listes de classement s\u00e9par\u00e9ment afin de trouver un jumelage possible pour chaque individu.[\/vc_column_text][\/vc_tta_section][vc_tta_section title=\u00a0\u00bbQuelles sont les pratiques exemplaires pour le classement en tant que couple ?\u00a0\u00bb tab_id=\u00a0\u00bbclassement-exemplaires\u00a0\u00bb][vc_column_text css=\u00a0\u00bb.vc_custom_1546620616263{margin-bottom: 0px !important;}\u00a0\u00bb]\n<ul>\n<li>Puisque les listes de classement d\u2019un couple sont consid\u00e9r\u00e9es comme une seule unit\u00e9, d\u00e9cidez en tant que couple quelles paires de programmes vous \u00eates pr\u00eat \u00e0 classer. Classer un grand nombre de paires r\u00e9duit la probabilit\u00e9 que les partenaires ne soient pas jumel\u00e9s, mais ne classez pas des combinaisons qui ne sont pas acceptables pour vous deux. Ensuite, d\u00e9cidez ensemble l\u2019ordre de pr\u00e9f\u00e9rence de ces paires.<\/li>\n<li>En raison des diff\u00e9rentes combinaisons pr\u00e9sentes, les listes de classement de couple sont plus longues que les listes de classement individuelles. Donc, donnez-vous suffisamment de temps pour cr\u00e9er et soumettre votre liste.<\/li>\n<li>Chaque membre du couple doit avoir le m\u00eame nombre de rangs sur leurs listes de classement respectives.<\/li>\n<li>Il y a la possibilit\u00e9 d\u2019inclure l\u2019option \u00ab aucun jumelage \u00bb pour indiquer qu\u2019un partenaire est pr\u00eat \u00e0 ne pas \u00eatre jumel\u00e9 si l\u2019autre partenaire peut \u00eatre jumel\u00e9 \u00e0 son programme pr\u00e9f\u00e9r\u00e9. Cela est recommand\u00e9 afin de se donner la meilleure chance possible, au cas o\u00f9 la candidature d\u2019un partenaire est plus forte. Si vous incluez l\u2019option \u00ab aucun jumelage \u00bb, elle devrait \u00eatre plac\u00e9e au bas de la liste de classement afin que les deux partenaires aient la meilleure chance d\u2019\u00eatre jumel\u00e9s \u00e0 des programmes.<\/li>\n<\/ul>\n<p>Pour des conseils d\u00e9taill\u00e9s, consultez <strong>\r\n\t<a class=\"paoc-popup-click paoc-popup-cust-11741 paoc-popup-simple_link paoc-popup-link\" href=\"javascript:void(0);\">l\u2019exemple de classement de couple<\/a>\r\n\r\n<\/strong>.[\/vc_column_text][\/vc_tta_section][vc_tta_section title=\u00a0\u00bbEst-ce que je peux quand m\u00eame \u00eatre jumel\u00e9 si mon partenaire n\u2019est pas jumel\u00e9 ?\u00a0\u00bb tab_id=\u00a0\u00bbpartenaire-pas-jumele\u00a0\u00bb][vc_column_text css=\u00a0\u00bb.vc_custom_1547840513796{margin-bottom: 0px !important;}\u00a0\u00bb]Si vous participez \u00e0 un jumelage en tant que couple, vos r\u00e9sultats de jumelage sont li\u00e9s \u00e0 ceux de votre partenaire. Les listes de classement de couples sont trait\u00e9es comme une unit\u00e9 singuli\u00e8re de classements appari\u00e9s, voulant dire que vous \u00eates jumel\u00e9s ou non ensemble. Si les candidats n\u2019obtiennent pas de jumelage en tant que couple, l\u2019algorithme <strong>ne traite pas<\/strong> leurs listes de classement s\u00e9par\u00e9ment afin de trouver un jumelage possible pour chaque individu.<\/p>\n<p>La seule fa\u00e7on qu\u2019un candidat peut \u00eatre jumel\u00e9, tandis que son partenaire ne l\u2019est pas, est si le jumelage a lieu \u00e0 un ensemble de rangs associ\u00e9s qui inclut l\u2019option \u00ab\u00a0Aucun jumelage\u00a0\u00bb pour un des partenaires.[\/vc_column_text][\/vc_tta_section][vc_tta_section title=\u00a0\u00bbComment pouvez-vous maximiser les chances d\u2019\u00eatre jumel\u00e9 ensemble, sans nuire aux chances de l\u2019un et l\u2019autre ?\u00a0\u00bb tab_id=\u00a0\u00bbchances\u00a0\u00bb][vc_column_text css=\u00a0\u00bb.vc_custom_1546620632024{margin-bottom: 0px !important;}\u00a0\u00bb]Consultez\u00a0<strong>\r\n\t<a class=\"paoc-popup-click paoc-popup-cust-11741 paoc-popup-simple_link paoc-popup-link\" href=\"javascript:void(0);\">l\u2019exemple de classement de couple<\/a>\r\n\r\n<\/strong> pour obtenir des conseils pour assurer que vous et votre partenaire maximisez vos chances d\u2019\u00eatre jumel\u00e9.[\/vc_column_text][\/vc_tta_section][\/vc_tta_accordion][\/vc_column][vc_column width=\u00a0\u00bb1\/4&Prime;][vc_single_image image=\u00a0\u00bb11869&Prime; onclick=\u00a0\u00bbcustom_link\u00a0\u00bb link=\u00a0\u00bbhttps:\/\/carms.ca\/fr\/le-jumelage\/deroulement-du-jumelage\/\u00a0\u00bb][vc_single_image image=\u00a0\u00bb11742&Prime; onclick=\u00a0\u00bbcustom_link\u00a0\u00bb link=\u00a0\u00bbhttps:\/\/carms.ca\/fr\/le-jumelage\/deroulement-du-jumelage\/comment-fonctionne\/\u00a0\u00bb][vc_single_image image=\u00a0\u00bb11744&Prime; onclick=\u00a0\u00bbcustom_link\u00a0\u00bb link=\u00a0\u00bbhttps:\/\/carms.ca\/fr\/le-jumelage\/deroulement-du-jumelage\/strategies\/\u00a0\u00bb][vc_single_image image=\u00a0\u00bb11987&Prime; onclick=\u00a0\u00bbcustom_link\u00a0\u00bb link=\u00a0\u00bbhttps:\/\/carms.ca\/fr\/le-jumelage\/deroulement-du-jumelage\/que-se-passe-t-il-si\/\u00a0\u00bb][\/vc_column][\/vc_row][vc_row][vc_column][mk_padding_divider size=\u00a0\u00bb20&Prime;][\/vc_column][\/vc_row]\n<\/div>","protected":false},"excerpt":{"rendered":"<p>[mk_page_section vertical_align=\u00a0\u00bbtop\u00a0\u00bb layout_structure=\u00a0\u00bbhalf_left\u00a0\u00bb bg_image=\u00a0\u00bbhttps:\/\/carms.ca\/wp-content\/uploads\/2019\/01\/screen-shot-2019-01-03-at-10.41.34-am-1.png\u00a0\u00bb bg_color=\u00a0\u00bb#f2f6f9&Prime; el_class=\u00a0\u00bblayout-half-image\u00a0\u00bb][vc_column][mk_padding_divider size=\u00a0\u00bb90&Prime;][vc_column_text css=\u00a0\u00bb.vc_custom_1546629935143{margin-bottom: 0px !important;}\u00a0\u00bb] Est-ce que vous participez au jumelage avec un partenaire ? D\u00e9couvrez comment fonctionne l&rsquo;algorithme pour le jumelage de couples. [\/vc_column_text][mk_padding_divider size=\u00a0\u00bb70&Prime;][\/vc_column][\/mk_page_section][vc_row][vc_column][mk_padding_divider][\/vc_column][\/vc_row][vc_row][vc_column width=\u00a0\u00bb3\/4&Prime;][vc_tta_accordion spacing=\u00a0\u00bb4&Prime; active_section=\u00a0\u00bb*\u00a0\u00bb no_fill=\u00a0\u00bbtrue\u00a0\u00bb collapsible_all=\u00a0\u00bbtrue\u00a0\u00bb][vc_tta_section title=\u00a0\u00bbComment l\u2019algorithme traite-t-il les listes de classement de couple ?\u00a0\u00bb tab_id=\u00a0\u00bbclassement-couple\u00a0\u00bb][vc_column_text css=\u00a0\u00bb.vc_custom_1546606537062{margin-bottom: 0px !important;}\u00a0\u00bb]L\u2019algorithme traite les listes de classement [&hellip;]<\/p>\n","protected":false},"author":5,"featured_media":0,"parent":359,"menu_order":0,"comment_status":"closed","ping_status":"closed","template":"","meta":{"_acf_changed":false,"footnotes":""},"class_list":["post-11648","page","type-page","status-publish","hentry"],"acf":{"subtitle":""},"yoast_head":"<!-- This site is optimized with the Yoast SEO plugin v27.3 - https:\/\/yoast.com\/product\/yoast-seo-wordpress\/ -->\n<title>FAQ concernant l&#039;algorithme : Couples - CaRMS<\/title>\n<meta name=\"robots\" content=\"index, follow, max-snippet:-1, max-image-preview:large, max-video-preview:-1\" \/>\n<link rel=\"canonical\" href=\"https:\/\/www.carms.ca\/fr\/le-jumelage\/deroulement-du-jumelage\/jumelage-de-couples\/\" \/>\n<meta property=\"og:locale\" content=\"fr_FR\" \/>\n<meta property=\"og:type\" content=\"article\" \/>\n<meta property=\"og:title\" content=\"FAQ concernant l&#039;algorithme : Couples - CaRMS\" \/>\n<meta property=\"og:description\" content=\"[mk_page_section vertical_align=\u00a0\u00bbtop\u00a0\u00bb layout_structure=\u00a0\u00bbhalf_left\u00a0\u00bb bg_image=\u00a0\u00bbhttps:\/\/carms.ca\/wp-content\/uploads\/2019\/01\/screen-shot-2019-01-03-at-10.41.34-am-1.png\u00a0\u00bb bg_color=\u00a0\u00bb#f2f6f9&Prime; el_class=\u00a0\u00bblayout-half-image\u00a0\u00bb][vc_column][mk_padding_divider size=\u00a0\u00bb90&Prime;][vc_column_text css=\u00a0\u00bb.vc_custom_1546629935143{margin-bottom: 0px !important;}\u00a0\u00bb] Est-ce que vous participez au jumelage avec un partenaire ? D\u00e9couvrez comment fonctionne l&rsquo;algorithme pour le jumelage de couples. [\/vc_column_text][mk_padding_divider size=\u00a0\u00bb70&Prime;][\/vc_column][\/mk_page_section][vc_row][vc_column][mk_padding_divider][\/vc_column][\/vc_row][vc_row][vc_column width=\u00a0\u00bb3\/4&Prime;][vc_tta_accordion spacing=\u00a0\u00bb4&Prime; active_section=\u00a0\u00bb*\u00a0\u00bb no_fill=\u00a0\u00bbtrue\u00a0\u00bb collapsible_all=\u00a0\u00bbtrue\u00a0\u00bb][vc_tta_section title=\u00a0\u00bbComment l\u2019algorithme traite-t-il les listes de classement de couple ?\u00a0\u00bb tab_id=\u00a0\u00bbclassement-couple\u00a0\u00bb][vc_column_text css=\u00a0\u00bb.vc_custom_1546606537062{margin-bottom: 0px !important;}\u00a0\u00bb]L\u2019algorithme traite les listes de classement [&hellip;]\" \/>\n<meta property=\"og:url\" content=\"https:\/\/www.carms.ca\/fr\/le-jumelage\/deroulement-du-jumelage\/jumelage-de-couples\/\" \/>\n<meta property=\"og:site_name\" content=\"CaRMS\" \/>\n<meta property=\"article:modified_time\" content=\"2024-04-22T18:25:52+00:00\" \/>\n<meta name=\"twitter:card\" content=\"summary_large_image\" \/>\n<meta name=\"twitter:label1\" content=\"Dur\u00e9e de lecture estim\u00e9e\" \/>\n\t<meta name=\"twitter:data1\" content=\"4 minutes\" \/>\n<script type=\"application\/ld+json\" class=\"yoast-schema-graph\">{\"@context\":\"https:\\\/\\\/schema.org\",\"@graph\":[{\"@type\":\"WebPage\",\"@id\":\"https:\\\/\\\/www.carms.ca\\\/fr\\\/le-jumelage\\\/deroulement-du-jumelage\\\/jumelage-de-couples\\\/\",\"url\":\"https:\\\/\\\/www.carms.ca\\\/fr\\\/le-jumelage\\\/deroulement-du-jumelage\\\/jumelage-de-couples\\\/\",\"name\":\"FAQ concernant l'algorithme : Couples - CaRMS\",\"isPartOf\":{\"@id\":\"https:\\\/\\\/www.carms.ca\\\/#website\"},\"datePublished\":\"2019-01-04T20:45:21+00:00\",\"dateModified\":\"2024-04-22T18:25:52+00:00\",\"breadcrumb\":{\"@id\":\"https:\\\/\\\/www.carms.ca\\\/fr\\\/le-jumelage\\\/deroulement-du-jumelage\\\/jumelage-de-couples\\\/#breadcrumb\"},\"inLanguage\":\"fr-FR\",\"potentialAction\":[{\"@type\":\"ReadAction\",\"target\":[\"https:\\\/\\\/www.carms.ca\\\/fr\\\/le-jumelage\\\/deroulement-du-jumelage\\\/jumelage-de-couples\\\/\"]}]},{\"@type\":\"BreadcrumbList\",\"@id\":\"https:\\\/\\\/www.carms.ca\\\/fr\\\/le-jumelage\\\/deroulement-du-jumelage\\\/jumelage-de-couples\\\/#breadcrumb\",\"itemListElement\":[{\"@type\":\"ListItem\",\"position\":1,\"name\":\"Accueil\",\"item\":\"https:\\\/\\\/www.carms.ca\\\/fr\\\/\"},{\"@type\":\"ListItem\",\"position\":2,\"name\":\"Le jumelage\",\"item\":\"https:\\\/\\\/www.carms.ca\\\/fr\\\/le-jumelage\\\/\"},{\"@type\":\"ListItem\",\"position\":3,\"name\":\"Comment \u00e7a fonctionne : l\u2019algorithme de jumelage\",\"item\":\"https:\\\/\\\/www.carms.ca\\\/fr\\\/le-jumelage\\\/deroulement-du-jumelage\\\/\"},{\"@type\":\"ListItem\",\"position\":4,\"name\":\"FAQ concernant l&rsquo;algorithme : Couples\"}]},{\"@type\":\"WebSite\",\"@id\":\"https:\\\/\\\/www.carms.ca\\\/#website\",\"url\":\"https:\\\/\\\/www.carms.ca\\\/\",\"name\":\"CaRMS\",\"description\":\"\",\"potentialAction\":[{\"@type\":\"SearchAction\",\"target\":{\"@type\":\"EntryPoint\",\"urlTemplate\":\"https:\\\/\\\/www.carms.ca\\\/?s={search_term_string}\"},\"query-input\":{\"@type\":\"PropertyValueSpecification\",\"valueRequired\":true,\"valueName\":\"search_term_string\"}}],\"inLanguage\":\"fr-FR\"}]}<\/script>\n<!-- \/ Yoast SEO plugin. -->","yoast_head_json":{"title":"FAQ concernant l'algorithme : Couples - CaRMS","robots":{"index":"index","follow":"follow","max-snippet":"max-snippet:-1","max-image-preview":"max-image-preview:large","max-video-preview":"max-video-preview:-1"},"canonical":"https:\/\/www.carms.ca\/fr\/le-jumelage\/deroulement-du-jumelage\/jumelage-de-couples\/","og_locale":"fr_FR","og_type":"article","og_title":"FAQ concernant l'algorithme : Couples - CaRMS","og_description":"[mk_page_section vertical_align=\u00a0\u00bbtop\u00a0\u00bb layout_structure=\u00a0\u00bbhalf_left\u00a0\u00bb bg_image=\u00a0\u00bbhttps:\/\/carms.ca\/wp-content\/uploads\/2019\/01\/screen-shot-2019-01-03-at-10.41.34-am-1.png\u00a0\u00bb bg_color=\u00a0\u00bb#f2f6f9&Prime; el_class=\u00a0\u00bblayout-half-image\u00a0\u00bb][vc_column][mk_padding_divider size=\u00a0\u00bb90&Prime;][vc_column_text css=\u00a0\u00bb.vc_custom_1546629935143{margin-bottom: 0px !important;}\u00a0\u00bb] Est-ce que vous participez au jumelage avec un partenaire ? D\u00e9couvrez comment fonctionne l&rsquo;algorithme pour le jumelage de couples. [\/vc_column_text][mk_padding_divider size=\u00a0\u00bb70&Prime;][\/vc_column][\/mk_page_section][vc_row][vc_column][mk_padding_divider][\/vc_column][\/vc_row][vc_row][vc_column width=\u00a0\u00bb3\/4&Prime;][vc_tta_accordion spacing=\u00a0\u00bb4&Prime; active_section=\u00a0\u00bb*\u00a0\u00bb no_fill=\u00a0\u00bbtrue\u00a0\u00bb collapsible_all=\u00a0\u00bbtrue\u00a0\u00bb][vc_tta_section title=\u00a0\u00bbComment l\u2019algorithme traite-t-il les listes de classement de couple ?\u00a0\u00bb tab_id=\u00a0\u00bbclassement-couple\u00a0\u00bb][vc_column_text css=\u00a0\u00bb.vc_custom_1546606537062{margin-bottom: 0px !important;}\u00a0\u00bb]L\u2019algorithme traite les listes de classement [&hellip;]","og_url":"https:\/\/www.carms.ca\/fr\/le-jumelage\/deroulement-du-jumelage\/jumelage-de-couples\/","og_site_name":"CaRMS","article_modified_time":"2024-04-22T18:25:52+00:00","twitter_card":"summary_large_image","twitter_misc":{"Dur\u00e9e de lecture estim\u00e9e":"4 minutes"},"schema":{"@context":"https:\/\/schema.org","@graph":[{"@type":"WebPage","@id":"https:\/\/www.carms.ca\/fr\/le-jumelage\/deroulement-du-jumelage\/jumelage-de-couples\/","url":"https:\/\/www.carms.ca\/fr\/le-jumelage\/deroulement-du-jumelage\/jumelage-de-couples\/","name":"FAQ concernant l'algorithme : Couples - CaRMS","isPartOf":{"@id":"https:\/\/www.carms.ca\/#website"},"datePublished":"2019-01-04T20:45:21+00:00","dateModified":"2024-04-22T18:25:52+00:00","breadcrumb":{"@id":"https:\/\/www.carms.ca\/fr\/le-jumelage\/deroulement-du-jumelage\/jumelage-de-couples\/#breadcrumb"},"inLanguage":"fr-FR","potentialAction":[{"@type":"ReadAction","target":["https:\/\/www.carms.ca\/fr\/le-jumelage\/deroulement-du-jumelage\/jumelage-de-couples\/"]}]},{"@type":"BreadcrumbList","@id":"https:\/\/www.carms.ca\/fr\/le-jumelage\/deroulement-du-jumelage\/jumelage-de-couples\/#breadcrumb","itemListElement":[{"@type":"ListItem","position":1,"name":"Accueil","item":"https:\/\/www.carms.ca\/fr\/"},{"@type":"ListItem","position":2,"name":"Le jumelage","item":"https:\/\/www.carms.ca\/fr\/le-jumelage\/"},{"@type":"ListItem","position":3,"name":"Comment \u00e7a fonctionne : l\u2019algorithme de jumelage","item":"https:\/\/www.carms.ca\/fr\/le-jumelage\/deroulement-du-jumelage\/"},{"@type":"ListItem","position":4,"name":"FAQ concernant l&rsquo;algorithme : Couples"}]},{"@type":"WebSite","@id":"https:\/\/www.carms.ca\/#website","url":"https:\/\/www.carms.ca\/","name":"CaRMS","description":"","potentialAction":[{"@type":"SearchAction","target":{"@type":"EntryPoint","urlTemplate":"https:\/\/www.carms.ca\/?s={search_term_string}"},"query-input":{"@type":"PropertyValueSpecification","valueRequired":true,"valueName":"search_term_string"}}],"inLanguage":"fr-FR"}]}},"publishpress_future_workflow_manual_trigger":{"enabledWorkflows":[]},"_links":{"self":[{"href":"https:\/\/www.carms.ca\/fr\/wp-json\/wp\/v2\/pages\/11648","targetHints":{"allow":["GET"]}}],"collection":[{"href":"https:\/\/www.carms.ca\/fr\/wp-json\/wp\/v2\/pages"}],"about":[{"href":"https:\/\/www.carms.ca\/fr\/wp-json\/wp\/v2\/types\/page"}],"author":[{"embeddable":true,"href":"https:\/\/www.carms.ca\/fr\/wp-json\/wp\/v2\/users\/5"}],"replies":[{"embeddable":true,"href":"https:\/\/www.carms.ca\/fr\/wp-json\/wp\/v2\/comments?post=11648"}],"version-history":[{"count":27,"href":"https:\/\/www.carms.ca\/fr\/wp-json\/wp\/v2\/pages\/11648\/revisions"}],"predecessor-version":[{"id":12002,"href":"https:\/\/www.carms.ca\/fr\/wp-json\/wp\/v2\/pages\/11648\/revisions\/12002"}],"up":[{"embeddable":true,"href":"https:\/\/www.carms.ca\/fr\/wp-json\/wp\/v2\/pages\/359"}],"wp:attachment":[{"href":"https:\/\/www.carms.ca\/fr\/wp-json\/wp\/v2\/media?parent=11648"}],"curies":[{"name":"wp","href":"https:\/\/api.w.org\/{rel}","templated":true}]}}