{"id":11681,"date":"2019-01-04T15:49:10","date_gmt":"2019-01-04T20:49:10","guid":{"rendered":"https:\/\/www.carms.ca\/?page_id=11681"},"modified":"2026-01-26T09:57:22","modified_gmt":"2026-01-26T14:57:22","slug":"strategies","status":"publish","type":"page","link":"https:\/\/www.carms.ca\/fr\/le-jumelage\/deroulement-du-jumelage\/strategies\/","title":{"rendered":"FAQ concernant l&rsquo;algorithme : Strat\u00e9gies et pratiques exemplaires"},"content":{"rendered":"<div class=\"wpb-content-wrapper\">[mk_page_section vertical_align=\u00a0\u00bbtop\u00a0\u00bb layout_structure=\u00a0\u00bbhalf_left\u00a0\u00bb bg_image=\u00a0\u00bbhttps:\/\/carms.ca\/wp-content\/uploads\/2019\/01\/screen-shot-2019-01-03-at-10.41.48-am.png\u00a0\u00bb bg_color=\u00a0\u00bb#f2f6f9&Prime; el_class=\u00a0\u00bblayout-half-image\u00a0\u00bb][vc_column][mk_padding_divider size=\u00a0\u00bb90&Prime;][vc_column_text css=\u00a0\u00bb.vc_custom_1546629727072{margin-bottom: 0px !important;}\u00a0\u00bb]\n<h2>Apprenez comment maximiser votre exp\u00e9rience de jumelage.<\/h2>\n[\/vc_column_text][mk_padding_divider size=\u00a0\u00bb70&Prime;][\/vc_column][\/mk_page_section][vc_row][vc_column][mk_padding_divider][\/vc_column][\/vc_row][vc_row][vc_column width=\u00a0\u00bb3\/4&Prime;][vc_tta_accordion spacing=\u00a0\u00bb4&Prime; active_section=\u00a0\u00bb*\u00a0\u00bb no_fill=\u00a0\u00bbtrue\u00a0\u00bb collapsible_all=\u00a0\u00bbtrue\u00a0\u00bb][vc_tta_section title=\u00a0\u00bbQuelle est la meilleure strat\u00e9gie de classement pour les candidats ?\u00a0\u00bb tab_id=\u00a0\u00bbstrategie-de-classement\u00a0\u00bb][vc_column_text margin_bottom=\u00a0\u00bb0&Prime; css=\u00a0\u00bb.vc_custom_1769439439576{margin-bottom: 0px !important;}\u00a0\u00bb]\n<div class=\"TypographyPresentation TypographyPresentation--medium RichText3-paragraph--withVSpacingNormal RichText3-paragraph HighlightSol HighlightSol--buildingBlock\">\n<p>Classez les programmes o\u00f9 vous d\u00e9sirez \u00eatre form\u00e9, selon vos pr\u00e9f\u00e9rences des sites de formation. Ne vous laissez pas distraire en tentant de deviner comment les programmes vous classeront.<\/p>\n<p>Ne classez pas les programmes o\u00f9 vous ne voulez pas \u00eatre form\u00e9. N&rsquo;oubliez pas : le r\u00e9sultat de jumelage est une obligation contraignante.<\/p>\n<\/div>\n[\/vc_column_text][\/vc_tta_section][vc_tta_section title=\u00a0\u00bbQuelle est la meilleure strat\u00e9gie de classement pour les programmes ?\u00a0\u00bb tab_id=\u00a0\u00bbstrategie-de-classement-programmes\u00a0\u00bb][vc_column_text css=\u00a0\u00bb.vc_custom_1546613601104{margin-bottom: 0px !important;}\u00a0\u00bb]Les programmes devraient classer les candidats qu\u2019ils sont pr\u00eats \u00e0 former, en ordre de pr\u00e9f\u00e9rence. C&rsquo;est aussi simple que \u00e7a.[\/vc_column_text][\/vc_tta_section][vc_tta_section title=\u00a0\u00bbComment puis-je me donner la meilleure chance d\u2019\u00eatre jumel\u00e9 \u00e0 mon premier choix ?\u00a0\u00bb tab_id=\u00a0\u00bbjumele-a-premier-choix\u00a0\u00bb][vc_column_text css=\u00a0\u00bb.vc_custom_1546982769932{margin-bottom: 0px !important;}\u00a0\u00bb]Afin de maximiser vos chances, vous devriez consid\u00e9rer suivre les instructions de demande fournies dans la description de programme, soumettre une demande bien constitu\u00e9e, incluant une lettre personnelle bien r\u00e9fl\u00e9chie, et bien vous pr\u00e9parer pour l\u2019entrevue.<\/p>\n<p>Le jumelage \u00e0 votre premier choix est un accord mutuel entre vous et votre programme pr\u00e9f\u00e9r\u00e9 que vous correspondez aux exigences. Laisser la meilleure impression possible avec votre programme pr\u00e9f\u00e9r\u00e9 est le seul conseil que nous pouvons vous donner pour maximiser vos chances d\u2019\u00eatre jumel\u00e9 \u00e0 ce programme.[\/vc_column_text][\/vc_tta_section][vc_tta_section title=\u00a0\u00bbQuelle est la meilleure strat\u00e9gie si je veux simplement m\u2019assurer d\u2019\u00eatre jumel\u00e9 ?\u00a0\u00bb tab_id=\u00a0\u00bbetre-jumele\u00a0\u00bb][vc_column_text css=\u00a0\u00bb.vc_custom_1546613847215{margin-bottom: 0px !important;}\u00a0\u00bb]Votre strat\u00e9gie de jumelage commence par le dossier de demande que vous soumettez aux programmes qui vous int\u00e9ressent.<\/p>\n<p>Postulez aux programmes qui vous int\u00e9ressent et pour lesquels vous \u00eates qualifi\u00e9, soumettez un dossier de demande bien construit et passez du temps \u00e0 composer vos lettres personnelles. Si vous \u00eates invit\u00e9 \u00e0 des entrevues, pr\u00e9parez-vous puisqu\u2019il s\u2019agit de votre derni\u00e8re occasion de laisser une impression de vous en tant que personne. Et enfin, classez tous les programmes o\u00f9 vous d\u00e9sirez \u00eatre form\u00e9.<\/p>\n<p>Il n\u2019y a pas de raccourcis ou de formules qui garantis un certain r\u00e9sultat de jumelage.[\/vc_column_text][\/vc_tta_section][vc_tta_section title=\u00a0\u00bbSi je classe un programme avant un autre, est-ce que la diff\u00e9rence de ce petit changement pourrait r\u00e9duire mes chances d\u2019\u00eatre jumel\u00e9 ?\u00a0\u00bb tab_id=\u00a0\u00bbun-programme-avant-un-autre\u00a0\u00bb][vc_column_text css=\u00a0\u00bb.vc_custom_1546613880990{margin-bottom: 0px !important;}\u00a0\u00bb]Non, cela n\u2019a aucun impact. L\u2019algorithme d\u00e9termine la meilleure compatibilit\u00e9 en regardant les pr\u00e9f\u00e9rences des candidats d\u2019abord, mais finalise le r\u00e9sultat en consid\u00e9rant o\u00f9 le candidat est class\u00e9 sur la liste de classement du programme. C\u2019est pourquoi on vous encourage de classer les programmes en ordre v\u00e9ritable de pr\u00e9f\u00e9rence plut\u00f4t que l\u2019endroit o\u00f9 vous pensez avoir une meilleure chance d\u2019\u00eatre jumel\u00e9.[\/vc_column_text][\/vc_tta_section][vc_tta_section title=\u00a0\u00bbEst-ce que soumettre des demandes \u00e0 plusieurs sites dans un m\u00eame programme (p. ex. plusieurs sites de m\u00e9decine familiale \u00e0 la UBC) change la probabilit\u00e9 d\u2019\u00eatre jumel\u00e9 ?\u00a0\u00bb tab_id=\u00a0\u00bbplusiers-sites\u00a0\u00bb][vc_column_text css=\u00a0\u00bb.vc_custom_1546613918125{margin-bottom: 0px !important;}\u00a0\u00bb]Oui, postuler \u00e0 plusieurs sites dans un m\u00eame programme change la probabilit\u00e9 d\u2019\u00eatre jumel\u00e9 puisque vous avez cr\u00e9\u00e9 plus d\u2019occasions pour vous-m\u00eame. Le programme pourrait vous classer sur plusieurs listes, vous donnant un meilleur acc\u00e8s \u00e0 des options de formation.<\/p>\n<p>Cependant, vous devriez uniquement classer les sites de programmes o\u00f9 vous \u00eates dispos\u00e9 \u00e0 \u00eatre form\u00e9, parce que le r\u00e9sultat de jumelage est contraignant et les programmes ne vous d\u00e9placeront pas vers un site pr\u00e9f\u00e9r\u00e9.[\/vc_column_text][\/vc_tta_section][vc_tta_section title=\u00a0\u00bbSi l\u2019algorithme essaie d\u2019optimiser mes chances d\u2019\u00eatre jumel\u00e9, donc si je classe seulement un programme, cela augmenterait-il mes chances d\u2019\u00eatre jumel\u00e9 \u00e0 ce programme par opposition \u00e0 classer plusieurs programmes ?\u00a0\u00bb tab_id=\u00a0\u00bboptimiser\u00a0\u00bb][vc_column_text css=\u00a0\u00bb.vc_custom_1546613952188{margin-bottom: 0px !important;}\u00a0\u00bb]Non. L\u2019algorithme optimise vos chances d\u2019\u00eatre jumel\u00e9 \u00e0 votre meilleur cas, mais classer seulement un programme n\u2019am\u00e9liore pas ces chances, parce que le programme ne doit pas seulement vous classer, mais il doit vous classer avant d\u2019autres candidats int\u00e9ress\u00e9s en ce programme. Si ces deux sc\u00e9narios ne se r\u00e9alisent pas, vous ne serez pas jumel\u00e9 \u00e0 ce programme et l\u2019algorithme n\u2019aura pas d\u2019autres sc\u00e9narios \u00e0 explorer pour vous.[\/vc_column_text][\/vc_tta_section][vc_tta_section title=\u00a0\u00bbEst-ce que je devrais classer les programmes en ordre des endroits o\u00f9 je d\u00e9sire le plus aller, ou en ordre des programmes qui pourraient probablement me vouloir ? Est-ce que le classement d\u2019un programme au premier rang, m\u00eame si je crois avoir une meilleure chance avec mon deuxi\u00e8me programme favori, compromet ma chance d\u2019\u00eatre jumel\u00e9 ?\u00a0\u00bb tab_id=\u00a0\u00bbdesire-ou-me-vouloir\u00a0\u00bb][vc_column_text css=\u00a0\u00bb.vc_custom_1546613991680{margin-bottom: 0px !important;}\u00a0\u00bb]Votre liste de classement devrait refl\u00e9ter vos v\u00e9ritables pr\u00e9f\u00e9rences. Vos choix ne devraient pas \u00eatre influenc\u00e9s par des sp\u00e9culations au sujet de votre classement par un programme (haut, bas ou pas du tout).<\/p>\n<p>La position d\u2019un programme sur votre liste de classement n\u2019affectera pas votre position sur la liste de classement du programme. Les listes de classement sont confidentielles. Donc vos d\u00e9cisions de classement n\u2019affecteront pas la pr\u00e9f\u00e9rence du programme d\u2019\u00eatre jumel\u00e9 avec vous par rapport aux autres candidats.<\/p>\n<p>Pendant le processus de jumelage, chaque candidat est plac\u00e9 dans leur programme pr\u00e9f\u00e9r\u00e9 qui les a \u00e9galement class\u00e9s et qui n\u2019a pas pourvu ses postes avec des candidats pr\u00e9f\u00e9r\u00e9s. Ainsi, votre premier rang devrait \u00eatre votre choix pr\u00e9f\u00e9r\u00e9.<\/p>\n<p>Et n\u2019oubliez pas, si vous classez votre programme pr\u00e9f\u00e9r\u00e9 au deuxi\u00e8me rang parce que vous croyez avoir une meilleure chance d\u2019obtenir un autre programme, vous pourriez \u00eatre jumel\u00e9 \u00e0 votre choix class\u00e9 en premier et ne jamais savoir si vous auriez pu \u00eatre jumel\u00e9 \u00e0 votre programme pr\u00e9f\u00e9r\u00e9.[\/vc_column_text][\/vc_tta_section][vc_tta_section title=\u00a0\u00bbEst-ce que je peux r\u00e9ellement classer le programme que je pr\u00e9f\u00e8re sans craindre de perdre mon deuxi\u00e8me choix, troisi\u00e8me choix ou des choix inf\u00e9rieurs ?\u00a0\u00bb tab_id=\u00a0\u00bbclasser-prefere\u00a0\u00bb][vc_column_text css=\u00a0\u00bb.vc_custom_1546614042004{margin-bottom: 0px !important;}\u00a0\u00bb]OUI! Classez les programmes selon vos v\u00e9ritables pr\u00e9f\u00e9rences. Cela vous donne la meilleure chance d\u2019\u00eatre jumel\u00e9 \u00e0 votre programme pr\u00e9f\u00e9r\u00e9. Si un jumelage avec votre premier choix n\u2019est pas possible, l\u2019algorithme d\u00e9filera en ordre vers le bas de votre liste de classement.<\/p>\n<p>Les candidats sont jumel\u00e9s au programme pr\u00e9f\u00e9r\u00e9 qui les ont class\u00e9s et qui n\u2019ont pas pourvu tous leurs postes avec des candidats pr\u00e9f\u00e9r\u00e9s.[\/vc_column_text][\/vc_tta_section][vc_tta_section title=\u00a0\u00bbEst-ce que les choix inf\u00e9rieurs affectent ma probabilit\u00e9 d\u2019\u00eatre jumel\u00e9 \u00e0 des choix sup\u00e9rieurs ?\u00a0\u00bb tab_id=\u00a0\u00bbchoix-inferieurs\u00a0\u00bb][vc_column_text css=\u00a0\u00bb.vc_custom_1546614073932{margin-bottom: 0px !important;}\u00a0\u00bb]Pas du tout. L\u2019algorithme tente d\u2019abord de vous jumeler au programme que vous avez class\u00e9 en premier sur votre liste de classement, parcourant la liste vers le bas en ordre uniquement si un jumelage \u00e0 votre programme class\u00e9 en premier n\u2019est pas possible.[\/vc_column_text][\/vc_tta_section][vc_tta_section title=\u00a0\u00bbEst-ce que je devrais classer un programme avec moins de postes plus haut sur ma liste ?\u00a0\u00bb tab_id=\u00a0\u00bbmoins-de-postes\u00a0\u00bb][vc_column_text css=\u00a0\u00bb.vc_custom_1546614103500{margin-bottom: 0px !important;}\u00a0\u00bb]Non. Classez les programmes selon vos pr\u00e9f\u00e9rences. L\u2019algorithme fonctionne de la m\u00eame fa\u00e7on, peu importe le nombre de postes disponibles dans les programmes que vous avez class\u00e9s.[\/vc_column_text][\/vc_tta_section][vc_tta_section title=\u00a0\u00bbY a-t-il un avantage de classer plus haut des programmes avec plus de postes ?\u00a0\u00bb tab_id=\u00a0\u00bbplus-de-postes\u00a0\u00bb][vc_column_text css=\u00a0\u00bb.vc_custom_1546980980067{margin-bottom: 0px !important;}\u00a0\u00bb]Non. Classez les programmes selon vos pr\u00e9f\u00e9rences. L\u2019algorithme fonctionne de la m\u00eame fa\u00e7on, peu importe le nombre de postes disponibles dans les programmes que vous avez class\u00e9s.[\/vc_column_text][\/vc_tta_section][\/vc_tta_accordion][\/vc_column][vc_column width=\u00a0\u00bb1\/4&Prime;][vc_single_image image=\u00a0\u00bb11869&Prime; onclick=\u00a0\u00bbcustom_link\u00a0\u00bb link=\u00a0\u00bb\/fr\/le-jumelage\/deroulement-du-jumelage\/\u00a0\u00bb][vc_single_image image=\u00a0\u00bb11742&Prime; onclick=\u00a0\u00bbcustom_link\u00a0\u00bb link=\u00a0\u00bbhttps:\/\/carms.ca\/fr\/le-jumelage\/deroulement-du-jumelage\/comment-fonctionne\/\u00a0\u00bb][vc_single_image image=\u00a0\u00bb11852&Prime; onclick=\u00a0\u00bbcustom_link\u00a0\u00bb link=\u00a0\u00bbhttps:\/\/carms.ca\/fr\/le-jumelage\/deroulement-du-jumelage\/jumelage-de-couples\/\u00a0\u00bb][vc_single_image image=\u00a0\u00bb11987&Prime; onclick=\u00a0\u00bbcustom_link\u00a0\u00bb link=\u00a0\u00bbhttps:\/\/carms.ca\/fr\/le-jumelage\/deroulement-du-jumelage\/que-se-passe-t-il-si\/\u00a0\u00bb][\/vc_column][\/vc_row][vc_row][vc_column][mk_padding_divider size=\u00a0\u00bb20&Prime;][\/vc_column][\/vc_row]\n<\/div>","protected":false},"excerpt":{"rendered":"<p>[mk_page_section vertical_align=\u00a0\u00bbtop\u00a0\u00bb layout_structure=\u00a0\u00bbhalf_left\u00a0\u00bb bg_image=\u00a0\u00bbhttps:\/\/carms.ca\/wp-content\/uploads\/2019\/01\/screen-shot-2019-01-03-at-10.41.48-am.png\u00a0\u00bb bg_color=\u00a0\u00bb#f2f6f9&Prime; el_class=\u00a0\u00bblayout-half-image\u00a0\u00bb][vc_column][mk_padding_divider size=\u00a0\u00bb90&Prime;][vc_column_text css=\u00a0\u00bb.vc_custom_1546629727072{margin-bottom: 0px !important;}\u00a0\u00bb] Apprenez comment maximiser votre exp\u00e9rience de jumelage. [\/vc_column_text][mk_padding_divider size=\u00a0\u00bb70&Prime;][\/vc_column][\/mk_page_section][vc_row][vc_column][mk_padding_divider][\/vc_column][\/vc_row][vc_row][vc_column width=\u00a0\u00bb3\/4&Prime;][vc_tta_accordion spacing=\u00a0\u00bb4&Prime; active_section=\u00a0\u00bb*\u00a0\u00bb no_fill=\u00a0\u00bbtrue\u00a0\u00bb collapsible_all=\u00a0\u00bbtrue\u00a0\u00bb][vc_tta_section title=\u00a0\u00bbQuelle est la meilleure strat\u00e9gie de classement pour les candidats ?\u00a0\u00bb tab_id=\u00a0\u00bbstrategie-de-classement\u00a0\u00bb][vc_column_text margin_bottom=\u00a0\u00bb0&Prime; css=\u00a0\u00bb.vc_custom_1769439439576{margin-bottom: 0px !important;}\u00a0\u00bb] Classez les programmes o\u00f9 vous d\u00e9sirez \u00eatre form\u00e9, selon vos pr\u00e9f\u00e9rences des sites de formation. [&hellip;]<\/p>\n","protected":false},"author":5,"featured_media":0,"parent":359,"menu_order":0,"comment_status":"closed","ping_status":"closed","template":"","meta":{"_acf_changed":false,"footnotes":""},"class_list":["post-11681","page","type-page","status-publish","hentry"],"acf":{"subtitle":""},"yoast_head":"<!-- This site is optimized with the Yoast SEO plugin v27.3 - https:\/\/yoast.com\/product\/yoast-seo-wordpress\/ -->\n<title>FAQ concernant l&#039;algorithme : Strat\u00e9gies et pratiques exemplaires - CaRMS<\/title>\n<meta name=\"robots\" content=\"index, follow, max-snippet:-1, max-image-preview:large, max-video-preview:-1\" \/>\n<link rel=\"canonical\" href=\"https:\/\/www.carms.ca\/fr\/le-jumelage\/deroulement-du-jumelage\/strategies\/\" \/>\n<meta property=\"og:locale\" content=\"fr_FR\" \/>\n<meta property=\"og:type\" content=\"article\" \/>\n<meta property=\"og:title\" content=\"FAQ concernant l&#039;algorithme : Strat\u00e9gies et pratiques exemplaires - CaRMS\" \/>\n<meta property=\"og:description\" content=\"[mk_page_section vertical_align=\u00a0\u00bbtop\u00a0\u00bb layout_structure=\u00a0\u00bbhalf_left\u00a0\u00bb bg_image=\u00a0\u00bbhttps:\/\/carms.ca\/wp-content\/uploads\/2019\/01\/screen-shot-2019-01-03-at-10.41.48-am.png\u00a0\u00bb bg_color=\u00a0\u00bb#f2f6f9&Prime; el_class=\u00a0\u00bblayout-half-image\u00a0\u00bb][vc_column][mk_padding_divider size=\u00a0\u00bb90&Prime;][vc_column_text css=\u00a0\u00bb.vc_custom_1546629727072{margin-bottom: 0px !important;}\u00a0\u00bb] Apprenez comment maximiser votre exp\u00e9rience de jumelage. [\/vc_column_text][mk_padding_divider size=\u00a0\u00bb70&Prime;][\/vc_column][\/mk_page_section][vc_row][vc_column][mk_padding_divider][\/vc_column][\/vc_row][vc_row][vc_column width=\u00a0\u00bb3\/4&Prime;][vc_tta_accordion spacing=\u00a0\u00bb4&Prime; active_section=\u00a0\u00bb*\u00a0\u00bb no_fill=\u00a0\u00bbtrue\u00a0\u00bb collapsible_all=\u00a0\u00bbtrue\u00a0\u00bb][vc_tta_section title=\u00a0\u00bbQuelle est la meilleure strat\u00e9gie de classement pour les candidats ?\u00a0\u00bb tab_id=\u00a0\u00bbstrategie-de-classement\u00a0\u00bb][vc_column_text margin_bottom=\u00a0\u00bb0&Prime; css=\u00a0\u00bb.vc_custom_1769439439576{margin-bottom: 0px !important;}\u00a0\u00bb] Classez les programmes o\u00f9 vous d\u00e9sirez \u00eatre form\u00e9, selon vos pr\u00e9f\u00e9rences des sites de formation. [&hellip;]\" \/>\n<meta property=\"og:url\" content=\"https:\/\/www.carms.ca\/fr\/le-jumelage\/deroulement-du-jumelage\/strategies\/\" \/>\n<meta property=\"og:site_name\" content=\"CaRMS\" \/>\n<meta property=\"article:modified_time\" content=\"2026-01-26T14:57:22+00:00\" \/>\n<meta name=\"twitter:card\" content=\"summary_large_image\" \/>\n<meta name=\"twitter:label1\" content=\"Dur\u00e9e de lecture estim\u00e9e\" \/>\n\t<meta name=\"twitter:data1\" content=\"6 minutes\" \/>\n<script type=\"application\/ld+json\" class=\"yoast-schema-graph\">{\"@context\":\"https:\\\/\\\/schema.org\",\"@graph\":[{\"@type\":\"WebPage\",\"@id\":\"https:\\\/\\\/www.carms.ca\\\/fr\\\/le-jumelage\\\/deroulement-du-jumelage\\\/strategies\\\/\",\"url\":\"https:\\\/\\\/www.carms.ca\\\/fr\\\/le-jumelage\\\/deroulement-du-jumelage\\\/strategies\\\/\",\"name\":\"FAQ concernant l'algorithme : Strat\u00e9gies et pratiques exemplaires - CaRMS\",\"isPartOf\":{\"@id\":\"https:\\\/\\\/www.carms.ca\\\/#website\"},\"datePublished\":\"2019-01-04T20:49:10+00:00\",\"dateModified\":\"2026-01-26T14:57:22+00:00\",\"breadcrumb\":{\"@id\":\"https:\\\/\\\/www.carms.ca\\\/fr\\\/le-jumelage\\\/deroulement-du-jumelage\\\/strategies\\\/#breadcrumb\"},\"inLanguage\":\"fr-FR\",\"potentialAction\":[{\"@type\":\"ReadAction\",\"target\":[\"https:\\\/\\\/www.carms.ca\\\/fr\\\/le-jumelage\\\/deroulement-du-jumelage\\\/strategies\\\/\"]}]},{\"@type\":\"BreadcrumbList\",\"@id\":\"https:\\\/\\\/www.carms.ca\\\/fr\\\/le-jumelage\\\/deroulement-du-jumelage\\\/strategies\\\/#breadcrumb\",\"itemListElement\":[{\"@type\":\"ListItem\",\"position\":1,\"name\":\"Accueil\",\"item\":\"https:\\\/\\\/www.carms.ca\\\/fr\\\/\"},{\"@type\":\"ListItem\",\"position\":2,\"name\":\"Le jumelage\",\"item\":\"https:\\\/\\\/www.carms.ca\\\/fr\\\/le-jumelage\\\/\"},{\"@type\":\"ListItem\",\"position\":3,\"name\":\"Comment \u00e7a fonctionne : l\u2019algorithme de jumelage\",\"item\":\"https:\\\/\\\/www.carms.ca\\\/fr\\\/le-jumelage\\\/deroulement-du-jumelage\\\/\"},{\"@type\":\"ListItem\",\"position\":4,\"name\":\"FAQ concernant l&#8217;algorithme : Strat\u00e9gies et pratiques exemplaires\"}]},{\"@type\":\"WebSite\",\"@id\":\"https:\\\/\\\/www.carms.ca\\\/#website\",\"url\":\"https:\\\/\\\/www.carms.ca\\\/\",\"name\":\"CaRMS\",\"description\":\"\",\"potentialAction\":[{\"@type\":\"SearchAction\",\"target\":{\"@type\":\"EntryPoint\",\"urlTemplate\":\"https:\\\/\\\/www.carms.ca\\\/?s={search_term_string}\"},\"query-input\":{\"@type\":\"PropertyValueSpecification\",\"valueRequired\":true,\"valueName\":\"search_term_string\"}}],\"inLanguage\":\"fr-FR\"}]}<\/script>\n<!-- \/ Yoast SEO plugin. -->","yoast_head_json":{"title":"FAQ concernant l'algorithme : Strat\u00e9gies et pratiques exemplaires - CaRMS","robots":{"index":"index","follow":"follow","max-snippet":"max-snippet:-1","max-image-preview":"max-image-preview:large","max-video-preview":"max-video-preview:-1"},"canonical":"https:\/\/www.carms.ca\/fr\/le-jumelage\/deroulement-du-jumelage\/strategies\/","og_locale":"fr_FR","og_type":"article","og_title":"FAQ concernant l'algorithme : Strat\u00e9gies et pratiques exemplaires - CaRMS","og_description":"[mk_page_section vertical_align=\u00a0\u00bbtop\u00a0\u00bb layout_structure=\u00a0\u00bbhalf_left\u00a0\u00bb bg_image=\u00a0\u00bbhttps:\/\/carms.ca\/wp-content\/uploads\/2019\/01\/screen-shot-2019-01-03-at-10.41.48-am.png\u00a0\u00bb bg_color=\u00a0\u00bb#f2f6f9&Prime; el_class=\u00a0\u00bblayout-half-image\u00a0\u00bb][vc_column][mk_padding_divider size=\u00a0\u00bb90&Prime;][vc_column_text css=\u00a0\u00bb.vc_custom_1546629727072{margin-bottom: 0px !important;}\u00a0\u00bb] Apprenez comment maximiser votre exp\u00e9rience de jumelage. [\/vc_column_text][mk_padding_divider size=\u00a0\u00bb70&Prime;][\/vc_column][\/mk_page_section][vc_row][vc_column][mk_padding_divider][\/vc_column][\/vc_row][vc_row][vc_column width=\u00a0\u00bb3\/4&Prime;][vc_tta_accordion spacing=\u00a0\u00bb4&Prime; active_section=\u00a0\u00bb*\u00a0\u00bb no_fill=\u00a0\u00bbtrue\u00a0\u00bb collapsible_all=\u00a0\u00bbtrue\u00a0\u00bb][vc_tta_section title=\u00a0\u00bbQuelle est la meilleure strat\u00e9gie de classement pour les candidats ?\u00a0\u00bb tab_id=\u00a0\u00bbstrategie-de-classement\u00a0\u00bb][vc_column_text margin_bottom=\u00a0\u00bb0&Prime; css=\u00a0\u00bb.vc_custom_1769439439576{margin-bottom: 0px !important;}\u00a0\u00bb] Classez les programmes o\u00f9 vous d\u00e9sirez \u00eatre form\u00e9, selon vos pr\u00e9f\u00e9rences des sites de formation. [&hellip;]","og_url":"https:\/\/www.carms.ca\/fr\/le-jumelage\/deroulement-du-jumelage\/strategies\/","og_site_name":"CaRMS","article_modified_time":"2026-01-26T14:57:22+00:00","twitter_card":"summary_large_image","twitter_misc":{"Dur\u00e9e de lecture estim\u00e9e":"6 minutes"},"schema":{"@context":"https:\/\/schema.org","@graph":[{"@type":"WebPage","@id":"https:\/\/www.carms.ca\/fr\/le-jumelage\/deroulement-du-jumelage\/strategies\/","url":"https:\/\/www.carms.ca\/fr\/le-jumelage\/deroulement-du-jumelage\/strategies\/","name":"FAQ concernant l'algorithme : Strat\u00e9gies et pratiques exemplaires - CaRMS","isPartOf":{"@id":"https:\/\/www.carms.ca\/#website"},"datePublished":"2019-01-04T20:49:10+00:00","dateModified":"2026-01-26T14:57:22+00:00","breadcrumb":{"@id":"https:\/\/www.carms.ca\/fr\/le-jumelage\/deroulement-du-jumelage\/strategies\/#breadcrumb"},"inLanguage":"fr-FR","potentialAction":[{"@type":"ReadAction","target":["https:\/\/www.carms.ca\/fr\/le-jumelage\/deroulement-du-jumelage\/strategies\/"]}]},{"@type":"BreadcrumbList","@id":"https:\/\/www.carms.ca\/fr\/le-jumelage\/deroulement-du-jumelage\/strategies\/#breadcrumb","itemListElement":[{"@type":"ListItem","position":1,"name":"Accueil","item":"https:\/\/www.carms.ca\/fr\/"},{"@type":"ListItem","position":2,"name":"Le jumelage","item":"https:\/\/www.carms.ca\/fr\/le-jumelage\/"},{"@type":"ListItem","position":3,"name":"Comment \u00e7a fonctionne : l\u2019algorithme de jumelage","item":"https:\/\/www.carms.ca\/fr\/le-jumelage\/deroulement-du-jumelage\/"},{"@type":"ListItem","position":4,"name":"FAQ concernant l&#8217;algorithme : Strat\u00e9gies et pratiques exemplaires"}]},{"@type":"WebSite","@id":"https:\/\/www.carms.ca\/#website","url":"https:\/\/www.carms.ca\/","name":"CaRMS","description":"","potentialAction":[{"@type":"SearchAction","target":{"@type":"EntryPoint","urlTemplate":"https:\/\/www.carms.ca\/?s={search_term_string}"},"query-input":{"@type":"PropertyValueSpecification","valueRequired":true,"valueName":"search_term_string"}}],"inLanguage":"fr-FR"}]}},"publishpress_future_workflow_manual_trigger":{"enabledWorkflows":[]},"_links":{"self":[{"href":"https:\/\/www.carms.ca\/fr\/wp-json\/wp\/v2\/pages\/11681","targetHints":{"allow":["GET"]}}],"collection":[{"href":"https:\/\/www.carms.ca\/fr\/wp-json\/wp\/v2\/pages"}],"about":[{"href":"https:\/\/www.carms.ca\/fr\/wp-json\/wp\/v2\/types\/page"}],"author":[{"embeddable":true,"href":"https:\/\/www.carms.ca\/fr\/wp-json\/wp\/v2\/users\/5"}],"replies":[{"embeddable":true,"href":"https:\/\/www.carms.ca\/fr\/wp-json\/wp\/v2\/comments?post=11681"}],"version-history":[{"count":21,"href":"https:\/\/www.carms.ca\/fr\/wp-json\/wp\/v2\/pages\/11681\/revisions"}],"predecessor-version":[{"id":51294,"href":"https:\/\/www.carms.ca\/fr\/wp-json\/wp\/v2\/pages\/11681\/revisions\/51294"}],"up":[{"embeddable":true,"href":"https:\/\/www.carms.ca\/fr\/wp-json\/wp\/v2\/pages\/359"}],"wp:attachment":[{"href":"https:\/\/www.carms.ca\/fr\/wp-json\/wp\/v2\/media?parent=11681"}],"curies":[{"name":"wp","href":"https:\/\/api.w.org\/{rel}","templated":true}]}}