{"id":11683,"date":"2019-01-04T15:42:18","date_gmt":"2019-01-04T20:42:18","guid":{"rendered":"https:\/\/www.carms.ca\/?page_id=11683"},"modified":"2019-01-23T09:08:05","modified_gmt":"2019-01-23T14:08:05","slug":"que-se-passe-t-il-si","status":"publish","type":"page","link":"https:\/\/www.carms.ca\/fr\/le-jumelage\/deroulement-du-jumelage\/que-se-passe-t-il-si\/","title":{"rendered":"FAQ concernant l&rsquo;algorithme : Que se passe-t-il si&#8230;"},"content":{"rendered":"<div class=\"wpb-content-wrapper\">[mk_page_section vertical_align=\u00a0\u00bbtop\u00a0\u00bb layout_structure=\u00a0\u00bbhalf_left\u00a0\u00bb bg_image=\u00a0\u00bbhttps:\/\/carms.ca\/wp-content\/uploads\/2019\/01\/screen-shot-2019-01-03-at-10.42.42-am.png\u00a0\u00bb bg_color=\u00a0\u00bb#f2f6f9&Prime; el_class=\u00a0\u00bblayout-half-image\u00a0\u00bb][vc_column][mk_padding_divider size=\u00a0\u00bb90&Prime;][vc_column_text css=\u00a0\u00bb.vc_custom_1546630059565{margin-bottom: 0px !important;}\u00a0\u00bb]\n<h2>Un \u00e9chantillon de courts sc\u00e9narios montrant le fonctionnement de l\u2019algorithme.<\/h2>\n[\/vc_column_text][mk_padding_divider size=\u00a0\u00bb70&Prime;][\/vc_column][\/mk_page_section][vc_row][vc_column][mk_padding_divider][\/vc_column][\/vc_row][vc_row][vc_column width=\u00a0\u00bb3\/4&Prime;][vc_tta_accordion spacing=\u00a0\u00bb4&Prime; active_section=\u00a0\u00bb*\u00a0\u00bb no_fill=\u00a0\u00bbtrue\u00a0\u00bb collapsible_all=\u00a0\u00bbtrue\u00a0\u00bb el_id=\u00a0\u00bbprogramme-prefere-ou-chance\u00a0\u00bb][vc_tta_section title=\u00a0\u00bbQu\u2019arriverait-il si je classais le programme auquel je crois avoir une meilleure chance d\u2019\u00eatre jumel\u00e9, au lieu de mon programme pr\u00e9f\u00e9r\u00e9 ?\u00a0\u00bb tab_id=\u00a0\u00bbchance-ou-preference\u00a0\u00bb][vc_column_text css=\u00a0\u00bb.vc_custom_1546614698415{margin-bottom: 0px !important;}\u00a0\u00bb]L\u2019algorithme tente de vous jumeler d\u2019abord \u00e0 votre programme class\u00e9 au premier rang, donc si vous classez un programme qui n\u2019est pas votre programme favori, il est possible que vous soyez jumel\u00e9 \u00e0 ce programme sans savoir si vous auriez pu \u00eatre jumel\u00e9 \u00e0 votre v\u00e9ritable choix pr\u00e9f\u00e9r\u00e9. N\u2019oubliez pas, il est impossible de savoir comment un programme vous classera, donc il est inutile de laisser cela influencer vos d\u00e9cisions de classement.[\/vc_column_text][\/vc_tta_section][vc_tta_section title=\u00a0\u00bbEst-ce possible que le candidat A classera le programme 1 avant le programme 2, et que le programme 1 classera le candidat A avant le candidat B, mais que le candidat B soit jumel\u00e9 au programme 1 et que le candidat A ne l\u2019est pas en raison des autres choix respectifs de classement du candidat A et du candidat B ?\u00a0\u00bb tab_id=\u00a0\u00bbprogramme-1-ou-programme-2&Prime;][vc_column_text css=\u00a0\u00bb.vc_custom_1546614734047{margin-bottom: 0px !important;}\u00a0\u00bb]Non. Dans ce cas, le choix du programme et le choix du candidat imposent que le candidat A soit jumel\u00e9 au programme 1 avant le candidat B.[\/vc_column_text][\/vc_tta_section][vc_tta_section title=\u00a0\u00bbLe candidat A a class\u00e9 le programme X au 10e rang, mais le programme X a class\u00e9 le candidat A au troisi\u00e8me rang. Le candidat B classe le m\u00eame programme au premier rang, mais le programme classe le candidat B au quatri\u00e8me rang. Le candidat B va-t-il \u00eatre jumel\u00e9 \u00e0 ce programme avant le candidat A ?\u00a0\u00bb tab_id=\u00a0\u00bbjumele-avant\u00a0\u00bb][vc_column_text css=\u00a0\u00bb.vc_custom_1546960038017{margin-bottom: 0px !important;}\u00a0\u00bb]Non. L\u2019algorithme pourrait faire un jumelage provisoire entre le candidat B et le programme lors du d\u00e9roulement du jumelage, mais le r\u00e9sultat ne serait pas d\u00e9finitif tant que l\u2019algorithme d\u00e9termine le r\u00e9sultat du jumelage du candidat A. Si aucun programme class\u00e9 par le candidat avant le programme X est disponible, le candidat A serait class\u00e9 au programme X.[\/vc_column_text][\/vc_tta_section][vc_tta_section title=\u00a0\u00bbUn candidat postule aux programmes X, Y et Z et classe le programme Z en dernier. Si ce candidat n\u2019est pas class\u00e9 par les programmes X et Y, mais qu\u2019il est le choix pr\u00e9f\u00e9r\u00e9 du programme Z, est-ce que le candidat est assur\u00e9 d\u2019\u00eatre jumel\u00e9 au programme Z ?\u00a0\u00bb tab_id=\u00a0\u00bbx-y-z\u00a0\u00bb][vc_column_text css=\u00a0\u00bb.vc_custom_1546615148524{margin-bottom: 0px !important;}\u00a0\u00bb]Oui. L\u2019algorithme va d\u2019abord essayer de jumeler le candidat aux programmes X et Y, mais si cela n\u2019est pas possible, il passera au programme Z. Puisque le candidat a \u00e9t\u00e9 jumel\u00e9 en premier par le programme Z, le candidat sera jumel\u00e9 l\u00e0.[\/vc_column_text][\/vc_tta_section][vc_tta_section title=\u00a0\u00bbQu\u2019arrive-t-il si je classe un programme au 7e rang et que le programme me classe en premier, mais qu\u2019un autre candidat classe le programme en premier et qu\u2019il classe le candidat 7e. Si mes programmes de 1 \u00e0 6 ne me classent pas, est-ce que j\u2019obtiens le poste avant l\u2019autre candidat ?\u00a0\u00bb tab_id=\u00a0\u00bbobtiens-poste\u00a0\u00bb][vc_column_text css=\u00a0\u00bb.vc_custom_1547039502468{margin-bottom: 0px !important;}\u00a0\u00bb]L\u2019algorithme essayera d\u2019abord de vous classer aux programmes que vous avez class\u00e9s de 1 \u00e0 6, mais puisque cela n\u2019est pas possible, il passera \u00e0 votre 7e choix. Si vous avez \u00e9t\u00e9 class\u00e9 premier par le programme, vous serez jumel\u00e9 l\u00e0.<\/p>\n<p>Pendant le jumelage, il est possible que l\u2019algorithme \u00e9tablisse un jumelage provisoire pour l\u2019autre candidat avant de d\u00e9terminer votre r\u00e9sultat, mais si votre meilleur r\u00e9sultat de jumelage est avec ce programme, vous serez jumel\u00e9,\u00a0en supposant que le programme n\u2019a plus de postes vacants, et l\u2019algorithme passera au prochain rang sur la liste de classement de l\u2019autre candidat.[\/vc_column_text][\/vc_tta_section][vc_tta_section title=\u00a0\u00bbEst-ce que tous les candidats qui ont class\u00e9 le programme en premier sont consid\u00e9r\u00e9s avant tous les candidats qui ont class\u00e9 un programme en deuxi\u00e8me ?\u00a0\u00bb tab_id=\u00a0\u00bbclasses-1-2&Prime;][vc_column_text css=\u00a0\u00bb.vc_custom_1546959930871{margin-bottom: 0px !important;}\u00a0\u00bb]L\u2019algorithme examine d\u2019abord les listes de classement des candidats. Il essaie donc de toujours placer un candidat dans son programme pr\u00e9f\u00e9r\u00e9 avant de passer au programme class\u00e9 au deuxi\u00e8me rang.<\/p>\n<p>Cependant, classer un programme plus haut sur votre liste de classement ne veut pas n\u00e9cessairement dire que vous avez un droit de priorit\u00e9 sur les autres candidats qui ont class\u00e9 le programme plus bas. L\u2019algorithme consid\u00e8re \u00e9galement le rang des candidats sur les listes de classement des programmes.[\/vc_column_text][\/vc_tta_section][vc_tta_section title=\u00a0\u00bbQuelles sont les raisons pour lesquelles un candidat ne pourrait pas jumel\u00e9 ?\u00a0\u00bb tab_id=\u00a0\u00bbpas-jumele\u00a0\u00bb][vc_column_text css=\u00a0\u00bb.vc_custom_1547138565270{margin-bottom: 0px !important;}\u00a0\u00bb]Il y a trois raisons pour lesquelles un candidat ne pourrait pas \u00eatre jumel\u00e9 :<\/p>\n<ol>\n<li>Le candidat n\u2019a pas \u00e9t\u00e9 class\u00e9 par un programme sur sa liste de classement.<\/li>\n<li>Le candidat n\u2019a pas class\u00e9 un programme qu\u2019il l\u2019a class\u00e9.<\/li>\n<li>Le candidat a \u00e9t\u00e9 class\u00e9 par un programme qu\u2019il a \u00e9galement class\u00e9, mais les postes disponibles du programme ont \u00e9t\u00e9 pourvus par des candidats pr\u00e9f\u00e9r\u00e9s.<\/li>\n<\/ol>\n<p>Avis pour les couples\u00a0: Si un candidat participe au jumelage en couple, ses r\u00e9sultats de jumelage sont li\u00e9s \u00e0 ceux de son partenaire. Si un partenaire n\u2019est pas jumel\u00e9 \u00e0 un de leurs classements associ\u00e9s, les deux partenaires pourraient ne pas \u00eatre jumel\u00e9s. Notre <a href=\"https:\/\/carms.ca\/fr\/le-jumelage\/deroulement-du-jumelage\/jumelage-de-couples\/\">FAQ du jumelage des couples<\/a> explique davantage.[\/vc_column_text][\/vc_tta_section][vc_tta_section title=\u00a0\u00bbQuelles sont les raisons pour lesquelles un programme aurait des postes vacants ?\u00a0\u00bb tab_id=\u00a0\u00bbpostes-vacants-raisons\u00a0\u00bb][vc_column_text css=\u00a0\u00bb.vc_custom_1546960216676{margin-bottom: 0px !important;}\u00a0\u00bb]Si un programme a des postes vacants, c\u2019est parce que tous les candidats sur la liste de classement du programme ont \u00e9t\u00e9 jumel\u00e9s \u00e0 un programme pr\u00e9f\u00e9r\u00e9 ou parce qu\u2019ils n\u2019ont pas class\u00e9 le programme.[\/vc_column_text][\/vc_tta_section][vc_tta_section title=\u00a0\u00bbJe n\u2019ai pas \u00e9t\u00e9 jumel\u00e9, mais certains programmes que j\u2019ai class\u00e9s ont des postes vacants. Comment est-ce possible ?\u00a0\u00bb tab_id=\u00a0\u00bbvacant-classes\u00a0\u00bb][vc_column_text css=\u00a0\u00bb.vc_custom_1546958620835{margin-bottom: 0px !important;}\u00a0\u00bb]L\u2019algorithme assure que les candidats sont jumel\u00e9s au programme le plus haut class\u00e9 qui les a \u00e9galement class\u00e9s selon le nombre de postes disponibles. Si vous n\u2019\u00eates pas jumel\u00e9, mais qu\u2019un programme que vous aviez class\u00e9 a des postes vacants \u00e0 la fin du jumelage, cela veut dire que le programme en question ne vous a pas class\u00e9.[\/vc_column_text][\/vc_tta_section][vc_tta_section title=\u00a0\u00bbPourquoi le candidat class\u00e9 premier par notre programme n\u2019a-t-il pas \u00e9t\u00e9 jumel\u00e9 ?\u00a0\u00bb tab_id=\u00a0\u00bbcandidat-premier-pas-jumele\u00a0\u00bb][vc_column_text css=\u00a0\u00bb.vc_custom_1546958565912{margin-bottom: 0px !important;}\u00a0\u00bb]Si le candidat class\u00e9 premier par votre programme n\u2019a pas \u00e9t\u00e9 jumel\u00e9, cela veut dire que le candidat n\u2019a pas class\u00e9 votre programme.[\/vc_column_text][\/vc_tta_section][\/vc_tta_accordion][\/vc_column][vc_column width=\u00a0\u00bb1\/4&Prime;][vc_single_image image=\u00a0\u00bb11869&Prime; onclick=\u00a0\u00bbcustom_link\u00a0\u00bb link=\u00a0\u00bb\/fr\/le-jumelage\/deroulement-du-jumelage\/\u00a0\u00bb][vc_single_image image=\u00a0\u00bb11742&Prime; onclick=\u00a0\u00bbcustom_link\u00a0\u00bb link=\u00a0\u00bbhttps:\/\/carms.ca\/fr\/le-jumelage\/deroulement-du-jumelage\/comment-fonctionne\/\u00a0\u00bb][vc_single_image image=\u00a0\u00bb11744&Prime; onclick=\u00a0\u00bbcustom_link\u00a0\u00bb link=\u00a0\u00bbhttps:\/\/carms.ca\/fr\/le-jumelage\/deroulement-du-jumelage\/strategies\/\u00a0\u00bb][vc_single_image image=\u00a0\u00bb11852&Prime; onclick=\u00a0\u00bbcustom_link\u00a0\u00bb link=\u00a0\u00bbhttps:\/\/carms.ca\/fr\/le-jumelage\/deroulement-du-jumelage\/jumelage-de-couples\/\u00a0\u00bb][\/vc_column][\/vc_row][vc_row][vc_column][mk_padding_divider size=\u00a0\u00bb20&Prime;][\/vc_column][\/vc_row]\n<\/div>","protected":false},"excerpt":{"rendered":"<p>[mk_page_section vertical_align=\u00a0\u00bbtop\u00a0\u00bb layout_structure=\u00a0\u00bbhalf_left\u00a0\u00bb bg_image=\u00a0\u00bbhttps:\/\/carms.ca\/wp-content\/uploads\/2019\/01\/screen-shot-2019-01-03-at-10.42.42-am.png\u00a0\u00bb bg_color=\u00a0\u00bb#f2f6f9&Prime; el_class=\u00a0\u00bblayout-half-image\u00a0\u00bb][vc_column][mk_padding_divider size=\u00a0\u00bb90&Prime;][vc_column_text css=\u00a0\u00bb.vc_custom_1546630059565{margin-bottom: 0px !important;}\u00a0\u00bb] Un \u00e9chantillon de courts sc\u00e9narios montrant le fonctionnement de l\u2019algorithme. [\/vc_column_text][mk_padding_divider size=\u00a0\u00bb70&Prime;][\/vc_column][\/mk_page_section][vc_row][vc_column][mk_padding_divider][\/vc_column][\/vc_row][vc_row][vc_column width=\u00a0\u00bb3\/4&Prime;][vc_tta_accordion spacing=\u00a0\u00bb4&Prime; active_section=\u00a0\u00bb*\u00a0\u00bb no_fill=\u00a0\u00bbtrue\u00a0\u00bb collapsible_all=\u00a0\u00bbtrue\u00a0\u00bb el_id=\u00a0\u00bbprogramme-prefere-ou-chance\u00a0\u00bb][vc_tta_section title=\u00a0\u00bbQu\u2019arriverait-il si je classais le programme auquel je crois avoir une meilleure chance d\u2019\u00eatre jumel\u00e9, au lieu de mon programme pr\u00e9f\u00e9r\u00e9 ?\u00a0\u00bb tab_id=\u00a0\u00bbchance-ou-preference\u00a0\u00bb][vc_column_text css=\u00a0\u00bb.vc_custom_1546614698415{margin-bottom: 0px !important;}\u00a0\u00bb]L\u2019algorithme tente [&hellip;]<\/p>\n","protected":false},"author":5,"featured_media":0,"parent":359,"menu_order":0,"comment_status":"closed","ping_status":"closed","template":"","meta":{"_acf_changed":false,"footnotes":""},"class_list":["post-11683","page","type-page","status-publish","hentry"],"acf":{"subtitle":""},"yoast_head":"<!-- This site is optimized with the Yoast SEO plugin v27.3 - https:\/\/yoast.com\/product\/yoast-seo-wordpress\/ -->\n<title>FAQ concernant l&#039;algorithme : Que se passe-t-il si... - CaRMS<\/title>\n<meta name=\"robots\" content=\"index, follow, max-snippet:-1, max-image-preview:large, max-video-preview:-1\" \/>\n<link rel=\"canonical\" href=\"https:\/\/www.carms.ca\/fr\/le-jumelage\/deroulement-du-jumelage\/que-se-passe-t-il-si\/\" \/>\n<meta property=\"og:locale\" content=\"fr_FR\" \/>\n<meta property=\"og:type\" content=\"article\" \/>\n<meta property=\"og:title\" content=\"FAQ concernant l&#039;algorithme : Que se passe-t-il si... - CaRMS\" \/>\n<meta property=\"og:description\" content=\"[mk_page_section vertical_align=\u00a0\u00bbtop\u00a0\u00bb layout_structure=\u00a0\u00bbhalf_left\u00a0\u00bb bg_image=\u00a0\u00bbhttps:\/\/carms.ca\/wp-content\/uploads\/2019\/01\/screen-shot-2019-01-03-at-10.42.42-am.png\u00a0\u00bb bg_color=\u00a0\u00bb#f2f6f9&Prime; el_class=\u00a0\u00bblayout-half-image\u00a0\u00bb][vc_column][mk_padding_divider size=\u00a0\u00bb90&Prime;][vc_column_text css=\u00a0\u00bb.vc_custom_1546630059565{margin-bottom: 0px !important;}\u00a0\u00bb] Un \u00e9chantillon de courts sc\u00e9narios montrant le fonctionnement de l\u2019algorithme. [\/vc_column_text][mk_padding_divider size=\u00a0\u00bb70&Prime;][\/vc_column][\/mk_page_section][vc_row][vc_column][mk_padding_divider][\/vc_column][\/vc_row][vc_row][vc_column width=\u00a0\u00bb3\/4&Prime;][vc_tta_accordion spacing=\u00a0\u00bb4&Prime; active_section=\u00a0\u00bb*\u00a0\u00bb no_fill=\u00a0\u00bbtrue\u00a0\u00bb collapsible_all=\u00a0\u00bbtrue\u00a0\u00bb el_id=\u00a0\u00bbprogramme-prefere-ou-chance\u00a0\u00bb][vc_tta_section title=\u00a0\u00bbQu\u2019arriverait-il si je classais le programme auquel je crois avoir une meilleure chance d\u2019\u00eatre jumel\u00e9, au lieu de mon programme pr\u00e9f\u00e9r\u00e9 ?\u00a0\u00bb tab_id=\u00a0\u00bbchance-ou-preference\u00a0\u00bb][vc_column_text css=\u00a0\u00bb.vc_custom_1546614698415{margin-bottom: 0px !important;}\u00a0\u00bb]L\u2019algorithme tente [&hellip;]\" \/>\n<meta property=\"og:url\" content=\"https:\/\/www.carms.ca\/fr\/le-jumelage\/deroulement-du-jumelage\/que-se-passe-t-il-si\/\" \/>\n<meta property=\"og:site_name\" content=\"CaRMS\" \/>\n<meta property=\"article:modified_time\" content=\"2019-01-23T14:08:05+00:00\" \/>\n<meta name=\"twitter:card\" content=\"summary_large_image\" \/>\n<meta name=\"twitter:label1\" content=\"Dur\u00e9e de lecture estim\u00e9e\" \/>\n\t<meta name=\"twitter:data1\" content=\"7 minutes\" \/>\n<script type=\"application\/ld+json\" class=\"yoast-schema-graph\">{\"@context\":\"https:\\\/\\\/schema.org\",\"@graph\":[{\"@type\":\"WebPage\",\"@id\":\"https:\\\/\\\/www.carms.ca\\\/fr\\\/le-jumelage\\\/deroulement-du-jumelage\\\/que-se-passe-t-il-si\\\/\",\"url\":\"https:\\\/\\\/www.carms.ca\\\/fr\\\/le-jumelage\\\/deroulement-du-jumelage\\\/que-se-passe-t-il-si\\\/\",\"name\":\"FAQ concernant l'algorithme : Que se passe-t-il si... - CaRMS\",\"isPartOf\":{\"@id\":\"https:\\\/\\\/www.carms.ca\\\/#website\"},\"datePublished\":\"2019-01-04T20:42:18+00:00\",\"dateModified\":\"2019-01-23T14:08:05+00:00\",\"breadcrumb\":{\"@id\":\"https:\\\/\\\/www.carms.ca\\\/fr\\\/le-jumelage\\\/deroulement-du-jumelage\\\/que-se-passe-t-il-si\\\/#breadcrumb\"},\"inLanguage\":\"fr-FR\",\"potentialAction\":[{\"@type\":\"ReadAction\",\"target\":[\"https:\\\/\\\/www.carms.ca\\\/fr\\\/le-jumelage\\\/deroulement-du-jumelage\\\/que-se-passe-t-il-si\\\/\"]}]},{\"@type\":\"BreadcrumbList\",\"@id\":\"https:\\\/\\\/www.carms.ca\\\/fr\\\/le-jumelage\\\/deroulement-du-jumelage\\\/que-se-passe-t-il-si\\\/#breadcrumb\",\"itemListElement\":[{\"@type\":\"ListItem\",\"position\":1,\"name\":\"Accueil\",\"item\":\"https:\\\/\\\/www.carms.ca\\\/fr\\\/\"},{\"@type\":\"ListItem\",\"position\":2,\"name\":\"Le jumelage\",\"item\":\"https:\\\/\\\/www.carms.ca\\\/fr\\\/le-jumelage\\\/\"},{\"@type\":\"ListItem\",\"position\":3,\"name\":\"Comment \u00e7a fonctionne : l\u2019algorithme de jumelage\",\"item\":\"https:\\\/\\\/www.carms.ca\\\/fr\\\/le-jumelage\\\/deroulement-du-jumelage\\\/\"},{\"@type\":\"ListItem\",\"position\":4,\"name\":\"FAQ concernant l&rsquo;algorithme : Que se passe-t-il si&#8230;\"}]},{\"@type\":\"WebSite\",\"@id\":\"https:\\\/\\\/www.carms.ca\\\/#website\",\"url\":\"https:\\\/\\\/www.carms.ca\\\/\",\"name\":\"CaRMS\",\"description\":\"\",\"potentialAction\":[{\"@type\":\"SearchAction\",\"target\":{\"@type\":\"EntryPoint\",\"urlTemplate\":\"https:\\\/\\\/www.carms.ca\\\/?s={search_term_string}\"},\"query-input\":{\"@type\":\"PropertyValueSpecification\",\"valueRequired\":true,\"valueName\":\"search_term_string\"}}],\"inLanguage\":\"fr-FR\"}]}<\/script>\n<!-- \/ Yoast SEO plugin. -->","yoast_head_json":{"title":"FAQ concernant l'algorithme : Que se passe-t-il si... - CaRMS","robots":{"index":"index","follow":"follow","max-snippet":"max-snippet:-1","max-image-preview":"max-image-preview:large","max-video-preview":"max-video-preview:-1"},"canonical":"https:\/\/www.carms.ca\/fr\/le-jumelage\/deroulement-du-jumelage\/que-se-passe-t-il-si\/","og_locale":"fr_FR","og_type":"article","og_title":"FAQ concernant l'algorithme : Que se passe-t-il si... - CaRMS","og_description":"[mk_page_section vertical_align=\u00a0\u00bbtop\u00a0\u00bb layout_structure=\u00a0\u00bbhalf_left\u00a0\u00bb bg_image=\u00a0\u00bbhttps:\/\/carms.ca\/wp-content\/uploads\/2019\/01\/screen-shot-2019-01-03-at-10.42.42-am.png\u00a0\u00bb bg_color=\u00a0\u00bb#f2f6f9&Prime; el_class=\u00a0\u00bblayout-half-image\u00a0\u00bb][vc_column][mk_padding_divider size=\u00a0\u00bb90&Prime;][vc_column_text css=\u00a0\u00bb.vc_custom_1546630059565{margin-bottom: 0px !important;}\u00a0\u00bb] Un \u00e9chantillon de courts sc\u00e9narios montrant le fonctionnement de l\u2019algorithme. [\/vc_column_text][mk_padding_divider size=\u00a0\u00bb70&Prime;][\/vc_column][\/mk_page_section][vc_row][vc_column][mk_padding_divider][\/vc_column][\/vc_row][vc_row][vc_column width=\u00a0\u00bb3\/4&Prime;][vc_tta_accordion spacing=\u00a0\u00bb4&Prime; active_section=\u00a0\u00bb*\u00a0\u00bb no_fill=\u00a0\u00bbtrue\u00a0\u00bb collapsible_all=\u00a0\u00bbtrue\u00a0\u00bb el_id=\u00a0\u00bbprogramme-prefere-ou-chance\u00a0\u00bb][vc_tta_section title=\u00a0\u00bbQu\u2019arriverait-il si je classais le programme auquel je crois avoir une meilleure chance d\u2019\u00eatre jumel\u00e9, au lieu de mon programme pr\u00e9f\u00e9r\u00e9 ?\u00a0\u00bb tab_id=\u00a0\u00bbchance-ou-preference\u00a0\u00bb][vc_column_text css=\u00a0\u00bb.vc_custom_1546614698415{margin-bottom: 0px !important;}\u00a0\u00bb]L\u2019algorithme tente [&hellip;]","og_url":"https:\/\/www.carms.ca\/fr\/le-jumelage\/deroulement-du-jumelage\/que-se-passe-t-il-si\/","og_site_name":"CaRMS","article_modified_time":"2019-01-23T14:08:05+00:00","twitter_card":"summary_large_image","twitter_misc":{"Dur\u00e9e de lecture estim\u00e9e":"7 minutes"},"schema":{"@context":"https:\/\/schema.org","@graph":[{"@type":"WebPage","@id":"https:\/\/www.carms.ca\/fr\/le-jumelage\/deroulement-du-jumelage\/que-se-passe-t-il-si\/","url":"https:\/\/www.carms.ca\/fr\/le-jumelage\/deroulement-du-jumelage\/que-se-passe-t-il-si\/","name":"FAQ concernant l'algorithme : Que se passe-t-il si... - CaRMS","isPartOf":{"@id":"https:\/\/www.carms.ca\/#website"},"datePublished":"2019-01-04T20:42:18+00:00","dateModified":"2019-01-23T14:08:05+00:00","breadcrumb":{"@id":"https:\/\/www.carms.ca\/fr\/le-jumelage\/deroulement-du-jumelage\/que-se-passe-t-il-si\/#breadcrumb"},"inLanguage":"fr-FR","potentialAction":[{"@type":"ReadAction","target":["https:\/\/www.carms.ca\/fr\/le-jumelage\/deroulement-du-jumelage\/que-se-passe-t-il-si\/"]}]},{"@type":"BreadcrumbList","@id":"https:\/\/www.carms.ca\/fr\/le-jumelage\/deroulement-du-jumelage\/que-se-passe-t-il-si\/#breadcrumb","itemListElement":[{"@type":"ListItem","position":1,"name":"Accueil","item":"https:\/\/www.carms.ca\/fr\/"},{"@type":"ListItem","position":2,"name":"Le jumelage","item":"https:\/\/www.carms.ca\/fr\/le-jumelage\/"},{"@type":"ListItem","position":3,"name":"Comment \u00e7a fonctionne : l\u2019algorithme de jumelage","item":"https:\/\/www.carms.ca\/fr\/le-jumelage\/deroulement-du-jumelage\/"},{"@type":"ListItem","position":4,"name":"FAQ concernant l&rsquo;algorithme : Que se passe-t-il si&#8230;"}]},{"@type":"WebSite","@id":"https:\/\/www.carms.ca\/#website","url":"https:\/\/www.carms.ca\/","name":"CaRMS","description":"","potentialAction":[{"@type":"SearchAction","target":{"@type":"EntryPoint","urlTemplate":"https:\/\/www.carms.ca\/?s={search_term_string}"},"query-input":{"@type":"PropertyValueSpecification","valueRequired":true,"valueName":"search_term_string"}}],"inLanguage":"fr-FR"}]}},"publishpress_future_workflow_manual_trigger":{"enabledWorkflows":[]},"_links":{"self":[{"href":"https:\/\/www.carms.ca\/fr\/wp-json\/wp\/v2\/pages\/11683","targetHints":{"allow":["GET"]}}],"collection":[{"href":"https:\/\/www.carms.ca\/fr\/wp-json\/wp\/v2\/pages"}],"about":[{"href":"https:\/\/www.carms.ca\/fr\/wp-json\/wp\/v2\/types\/page"}],"author":[{"embeddable":true,"href":"https:\/\/www.carms.ca\/fr\/wp-json\/wp\/v2\/users\/5"}],"replies":[{"embeddable":true,"href":"https:\/\/www.carms.ca\/fr\/wp-json\/wp\/v2\/comments?post=11683"}],"version-history":[{"count":25,"href":"https:\/\/www.carms.ca\/fr\/wp-json\/wp\/v2\/pages\/11683\/revisions"}],"predecessor-version":[{"id":11994,"href":"https:\/\/www.carms.ca\/fr\/wp-json\/wp\/v2\/pages\/11683\/revisions\/11994"}],"up":[{"embeddable":true,"href":"https:\/\/www.carms.ca\/fr\/wp-json\/wp\/v2\/pages\/359"}],"wp:attachment":[{"href":"https:\/\/www.carms.ca\/fr\/wp-json\/wp\/v2\/media?parent=11683"}],"curies":[{"name":"wp","href":"https:\/\/api.w.org\/{rel}","templated":true}]}}