{"id":16679,"date":"2019-10-22T14:35:07","date_gmt":"2019-10-22T18:35:07","guid":{"rendered":"https:\/\/www.carms.ca\/?page_id=16679"},"modified":"2022-07-11T10:29:16","modified_gmt":"2022-07-11T14:29:16","slug":"facteurs-influents","status":"publish","type":"page","link":"https:\/\/www.carms.ca\/fr\/donnees-et-rapports\/donnees-et-rapports-du-jumelage-r-1\/facteurs-influents\/","title":{"rendered":"Les facteurs les plus influents sur le choix de discipline et de site de programme lors du jumelage R-1"},"content":{"rendered":"<div class=\"wpb-content-wrapper\">[vc_row][vc_column][vc_column_text css=\u00a0\u00bb.vc_custom_1611760025708{margin-bottom: 0px !important;}\u00a0\u00bb]Au cours d\u2019une p\u00e9riode de onze ans (2010 \u2013 2020), nous avons demand\u00e9 aux candidats du jumelage principal R-1 d\u2019identifier les facteurs qui ont eu la plus grande influence sur leur d\u00e9cision de discipline de premier choix et le site de programme de premier choix.<\/p>\n<p>La carte thermique illustre les facteurs les plus influents au cours de la derni\u00e8re d\u00e9cennie, bas\u00e9 sur le nombre de fois que chacun d\u2019entre eux a \u00e9t\u00e9 identifi\u00e9 par les r\u00e9pondants lors de notre sondage d\u2019apr\u00e8s-jumelage annuel. Pour chaque facteur, la couleur la plus sombre indique le nombre plus \u00e9lev\u00e9 de r\u00e9pondants qui assigne ce niveau d\u2019influence.[\/vc_column_text][\/vc_column][\/vc_row][vc_row][vc_column][mk_padding_divider][vc_single_image image=\u00a0\u00bb33719&Prime; img_size=\u00a0\u00bbfull\u00a0\u00bb alignment=\u00a0\u00bbcenter\u00a0\u00bb onclick=\u00a0\u00bbimg_link_large\u00a0\u00bb][mk_padding_divider][vc_single_image image=\u00a0\u00bb33723&Prime; img_size=\u00a0\u00bbfull\u00a0\u00bb alignment=\u00a0\u00bbcenter\u00a0\u00bb onclick=\u00a0\u00bbimg_link_large\u00a0\u00bb][\/vc_column][\/vc_row]\n<\/div>","protected":false},"excerpt":{"rendered":"<p>[vc_row][vc_column][vc_column_text css=\u00a0\u00bb.vc_custom_1611760025708{margin-bottom: 0px !important;}\u00a0\u00bb]Au cours d\u2019une p\u00e9riode de onze ans (2010 \u2013 2020), nous avons demand\u00e9 aux candidats du jumelage principal R-1 d\u2019identifier les facteurs qui ont eu la plus grande influence sur leur d\u00e9cision de discipline de premier choix et le site de programme de premier choix. La carte thermique illustre les facteurs les [&hellip;]<\/p>\n","protected":false},"author":5,"featured_media":0,"parent":2903,"menu_order":0,"comment_status":"closed","ping_status":"closed","template":"","meta":{"_acf_changed":false,"footnotes":""},"class_list":["post-16679","page","type-page","status-publish","hentry"],"acf":{"subtitle":""},"yoast_head":"<!-- This site is optimized with the Yoast SEO plugin v27.3 - https:\/\/yoast.com\/product\/yoast-seo-wordpress\/ -->\n<title>Les facteurs les plus influents sur le choix de discipline et de site de programme lors du jumelage R-1 - CaRMS<\/title>\n<meta name=\"robots\" content=\"index, follow, max-snippet:-1, max-image-preview:large, max-video-preview:-1\" \/>\n<link rel=\"canonical\" href=\"https:\/\/www.carms.ca\/fr\/donnees-et-rapports\/donnees-et-rapports-du-jumelage-r-1\/facteurs-influents\/\" \/>\n<meta property=\"og:locale\" content=\"fr_FR\" \/>\n<meta property=\"og:type\" content=\"article\" \/>\n<meta property=\"og:title\" content=\"Les facteurs les plus influents sur le choix de discipline et de site de programme lors du jumelage R-1 - CaRMS\" \/>\n<meta property=\"og:description\" content=\"[vc_row][vc_column][vc_column_text css=\u00a0\u00bb.vc_custom_1611760025708{margin-bottom: 0px !important;}\u00a0\u00bb]Au cours d\u2019une p\u00e9riode de onze ans (2010 \u2013 2020), nous avons demand\u00e9 aux candidats du jumelage principal R-1 d\u2019identifier les facteurs qui ont eu la plus grande influence sur leur d\u00e9cision de discipline de premier choix et le site de programme de premier choix. La carte thermique illustre les facteurs les [&hellip;]\" \/>\n<meta property=\"og:url\" content=\"https:\/\/www.carms.ca\/fr\/donnees-et-rapports\/donnees-et-rapports-du-jumelage-r-1\/facteurs-influents\/\" \/>\n<meta property=\"og:site_name\" content=\"CaRMS\" \/>\n<meta property=\"article:modified_time\" content=\"2022-07-11T14:29:16+00:00\" \/>\n<meta name=\"twitter:card\" content=\"summary_large_image\" \/>\n<meta name=\"twitter:label1\" content=\"Dur\u00e9e de lecture estim\u00e9e\" \/>\n\t<meta name=\"twitter:data1\" content=\"1 minute\" \/>\n<script type=\"application\/ld+json\" class=\"yoast-schema-graph\">{\"@context\":\"https:\\\/\\\/schema.org\",\"@graph\":[{\"@type\":\"WebPage\",\"@id\":\"https:\\\/\\\/www.carms.ca\\\/fr\\\/donnees-et-rapports\\\/donnees-et-rapports-du-jumelage-r-1\\\/facteurs-influents\\\/\",\"url\":\"https:\\\/\\\/www.carms.ca\\\/fr\\\/donnees-et-rapports\\\/donnees-et-rapports-du-jumelage-r-1\\\/facteurs-influents\\\/\",\"name\":\"Les facteurs les plus influents sur le choix de discipline et de site de programme lors du jumelage R-1 - CaRMS\",\"isPartOf\":{\"@id\":\"https:\\\/\\\/www.carms.ca\\\/#website\"},\"datePublished\":\"2019-10-22T18:35:07+00:00\",\"dateModified\":\"2022-07-11T14:29:16+00:00\",\"breadcrumb\":{\"@id\":\"https:\\\/\\\/www.carms.ca\\\/fr\\\/donnees-et-rapports\\\/donnees-et-rapports-du-jumelage-r-1\\\/facteurs-influents\\\/#breadcrumb\"},\"inLanguage\":\"fr-FR\",\"potentialAction\":[{\"@type\":\"ReadAction\",\"target\":[\"https:\\\/\\\/www.carms.ca\\\/fr\\\/donnees-et-rapports\\\/donnees-et-rapports-du-jumelage-r-1\\\/facteurs-influents\\\/\"]}]},{\"@type\":\"BreadcrumbList\",\"@id\":\"https:\\\/\\\/www.carms.ca\\\/fr\\\/donnees-et-rapports\\\/donnees-et-rapports-du-jumelage-r-1\\\/facteurs-influents\\\/#breadcrumb\",\"itemListElement\":[{\"@type\":\"ListItem\",\"position\":1,\"name\":\"Accueil\",\"item\":\"https:\\\/\\\/www.carms.ca\\\/fr\\\/\"},{\"@type\":\"ListItem\",\"position\":2,\"name\":\"Donn\u00e9es et rapports\",\"item\":\"https:\\\/\\\/www.carms.ca\\\/fr\\\/donnees-et-rapports\\\/\"},{\"@type\":\"ListItem\",\"position\":3,\"name\":\"Donn\u00e9es et rapports du jumelage R-1\",\"item\":\"https:\\\/\\\/www.carms.ca\\\/fr\\\/donnees-et-rapports\\\/donnees-et-rapports-du-jumelage-r-1\\\/\"},{\"@type\":\"ListItem\",\"position\":4,\"name\":\"Les facteurs les plus influents sur le choix de discipline et de site de programme lors du jumelage R-1\"}]},{\"@type\":\"WebSite\",\"@id\":\"https:\\\/\\\/www.carms.ca\\\/#website\",\"url\":\"https:\\\/\\\/www.carms.ca\\\/\",\"name\":\"CaRMS\",\"description\":\"\",\"potentialAction\":[{\"@type\":\"SearchAction\",\"target\":{\"@type\":\"EntryPoint\",\"urlTemplate\":\"https:\\\/\\\/www.carms.ca\\\/?s={search_term_string}\"},\"query-input\":{\"@type\":\"PropertyValueSpecification\",\"valueRequired\":true,\"valueName\":\"search_term_string\"}}],\"inLanguage\":\"fr-FR\"}]}<\/script>\n<!-- \/ Yoast SEO plugin. -->","yoast_head_json":{"title":"Les facteurs les plus influents sur le choix de discipline et de site de programme lors du jumelage R-1 - CaRMS","robots":{"index":"index","follow":"follow","max-snippet":"max-snippet:-1","max-image-preview":"max-image-preview:large","max-video-preview":"max-video-preview:-1"},"canonical":"https:\/\/www.carms.ca\/fr\/donnees-et-rapports\/donnees-et-rapports-du-jumelage-r-1\/facteurs-influents\/","og_locale":"fr_FR","og_type":"article","og_title":"Les facteurs les plus influents sur le choix de discipline et de site de programme lors du jumelage R-1 - CaRMS","og_description":"[vc_row][vc_column][vc_column_text css=\u00a0\u00bb.vc_custom_1611760025708{margin-bottom: 0px !important;}\u00a0\u00bb]Au cours d\u2019une p\u00e9riode de onze ans (2010 \u2013 2020), nous avons demand\u00e9 aux candidats du jumelage principal R-1 d\u2019identifier les facteurs qui ont eu la plus grande influence sur leur d\u00e9cision de discipline de premier choix et le site de programme de premier choix. La carte thermique illustre les facteurs les [&hellip;]","og_url":"https:\/\/www.carms.ca\/fr\/donnees-et-rapports\/donnees-et-rapports-du-jumelage-r-1\/facteurs-influents\/","og_site_name":"CaRMS","article_modified_time":"2022-07-11T14:29:16+00:00","twitter_card":"summary_large_image","twitter_misc":{"Dur\u00e9e de lecture estim\u00e9e":"1 minute"},"schema":{"@context":"https:\/\/schema.org","@graph":[{"@type":"WebPage","@id":"https:\/\/www.carms.ca\/fr\/donnees-et-rapports\/donnees-et-rapports-du-jumelage-r-1\/facteurs-influents\/","url":"https:\/\/www.carms.ca\/fr\/donnees-et-rapports\/donnees-et-rapports-du-jumelage-r-1\/facteurs-influents\/","name":"Les facteurs les plus influents sur le choix de discipline et de site de programme lors du jumelage R-1 - CaRMS","isPartOf":{"@id":"https:\/\/www.carms.ca\/#website"},"datePublished":"2019-10-22T18:35:07+00:00","dateModified":"2022-07-11T14:29:16+00:00","breadcrumb":{"@id":"https:\/\/www.carms.ca\/fr\/donnees-et-rapports\/donnees-et-rapports-du-jumelage-r-1\/facteurs-influents\/#breadcrumb"},"inLanguage":"fr-FR","potentialAction":[{"@type":"ReadAction","target":["https:\/\/www.carms.ca\/fr\/donnees-et-rapports\/donnees-et-rapports-du-jumelage-r-1\/facteurs-influents\/"]}]},{"@type":"BreadcrumbList","@id":"https:\/\/www.carms.ca\/fr\/donnees-et-rapports\/donnees-et-rapports-du-jumelage-r-1\/facteurs-influents\/#breadcrumb","itemListElement":[{"@type":"ListItem","position":1,"name":"Accueil","item":"https:\/\/www.carms.ca\/fr\/"},{"@type":"ListItem","position":2,"name":"Donn\u00e9es et rapports","item":"https:\/\/www.carms.ca\/fr\/donnees-et-rapports\/"},{"@type":"ListItem","position":3,"name":"Donn\u00e9es et rapports du jumelage R-1","item":"https:\/\/www.carms.ca\/fr\/donnees-et-rapports\/donnees-et-rapports-du-jumelage-r-1\/"},{"@type":"ListItem","position":4,"name":"Les facteurs les plus influents sur le choix de discipline et de site de programme lors du jumelage R-1"}]},{"@type":"WebSite","@id":"https:\/\/www.carms.ca\/#website","url":"https:\/\/www.carms.ca\/","name":"CaRMS","description":"","potentialAction":[{"@type":"SearchAction","target":{"@type":"EntryPoint","urlTemplate":"https:\/\/www.carms.ca\/?s={search_term_string}"},"query-input":{"@type":"PropertyValueSpecification","valueRequired":true,"valueName":"search_term_string"}}],"inLanguage":"fr-FR"}]}},"publishpress_future_workflow_manual_trigger":{"enabledWorkflows":[]},"_links":{"self":[{"href":"https:\/\/www.carms.ca\/fr\/wp-json\/wp\/v2\/pages\/16679","targetHints":{"allow":["GET"]}}],"collection":[{"href":"https:\/\/www.carms.ca\/fr\/wp-json\/wp\/v2\/pages"}],"about":[{"href":"https:\/\/www.carms.ca\/fr\/wp-json\/wp\/v2\/types\/page"}],"author":[{"embeddable":true,"href":"https:\/\/www.carms.ca\/fr\/wp-json\/wp\/v2\/users\/5"}],"replies":[{"embeddable":true,"href":"https:\/\/www.carms.ca\/fr\/wp-json\/wp\/v2\/comments?post=16679"}],"version-history":[{"count":14,"href":"https:\/\/www.carms.ca\/fr\/wp-json\/wp\/v2\/pages\/16679\/revisions"}],"predecessor-version":[{"id":33725,"href":"https:\/\/www.carms.ca\/fr\/wp-json\/wp\/v2\/pages\/16679\/revisions\/33725"}],"up":[{"embeddable":true,"href":"https:\/\/www.carms.ca\/fr\/wp-json\/wp\/v2\/pages\/2903"}],"wp:attachment":[{"href":"https:\/\/www.carms.ca\/fr\/wp-json\/wp\/v2\/media?parent=16679"}],"curies":[{"name":"wp","href":"https:\/\/api.w.org\/{rel}","templated":true}]}}