{"id":16841,"date":"2020-01-06T10:30:07","date_gmt":"2020-01-06T15:30:07","guid":{"rendered":"https:\/\/www.carms.ca\/?page_id=16841"},"modified":"2022-07-27T08:15:10","modified_gmt":"2022-07-27T12:15:10","slug":"experiences-en-entrevue-des-dcm","status":"publish","type":"page","link":"https:\/\/www.carms.ca\/fr\/donnees-et-rapports\/donnees-et-rapports-du-jumelage-r-1\/experiences-en-entrevue-des-dcm\/","title":{"rendered":"Exp\u00e9riences en entrevue des DCM"},"content":{"rendered":"<div class=\"wpb-content-wrapper\">[vc_row][vc_column][vc_column_text css=\u00a0\u00bb.vc_custom_1657548082831{margin-bottom: 0px !important;}\u00a0\u00bb]\n<div>Sur une p\u00e9riode de treize ans (de 2010 \u00e0 2022), nous avons pos\u00e9 une s\u00e9rie de questions aux dipl\u00f4m\u00e9s canadiens en m\u00e9decine qui ont particip\u00e9 au jumelage principal R-1 concernant leurs exp\u00e9riences en entrevue dans le cadre de notre sondage d\u2019apr\u00e8s-jumelage annuel.<\/div>\n<p>Leurs r\u00e9ponses ont \u00e9t\u00e9 class\u00e9es dans trois domaines\u00a0: la pr\u00e9sence lors des entrevues, les co\u00fbts li\u00e9s aux entrevues et les horaires des entrevues. Visitez chaque section pour consulter les donn\u00e9es.[\/vc_column_text][vc_tta_accordion spacing=\u00a0\u00bb4&Prime; active_section=\u00a0\u00bb*\u00a0\u00bb no_fill=\u00a0\u00bbtrue\u00a0\u00bb collapsible_all=\u00a0\u00bbtrue\u00a0\u00bb][vc_tta_section title=\u00a0\u00bbPr\u00e9sence lors des entrevues\u00a0\u00bb tab_id=\u00a0\u00bbpresence-entrevues\u00a0\u00bb][vc_column_text css=\u00a0\u00bb.vc_custom_1572277585451{margin-bottom: 0px !important;}\u00a0\u00bb]\n<h3>Nombre moyen d\u2019entrevues auxquelles vous avez assist\u00e9<\/h3>\n<p>Les DCM ont indiqu\u00e9 le nombre d\u2019entrevues auxquelles ils ont assist\u00e9. La moyenne pour chaque ann\u00e9e est indiqu\u00e9e.[\/vc_column_text][mk_image src=\u00a0\u00bbhttps:\/\/www.carms.ca\/wp-content\/uploads\/2022\/07\/int-1-fr.png\u00a0\u00bb image_size=\u00a0\u00bbfull\u00a0\u00bb][mk_padding_divider][vc_column_text css=\u00a0\u00bb.vc_custom_1572277602067{margin-bottom: 0px !important;}\u00a0\u00bb]\n<h3>Nombre moyen d\u2019entrevues auxquelles vous avez assist\u00e9 li\u00e9es \u00e0 la discipline de premier choix<\/h3>\n<p>Les DCM ont indiqu\u00e9 le nombre d\u2019entrevues li\u00e9es \u00e0 leur discipline de premier choix auxquelles ils ont assist\u00e9. La moyenne pour chaque ann\u00e9e est indiqu\u00e9e.[\/vc_column_text][mk_image src=\u00a0\u00bbhttps:\/\/www.carms.ca\/wp-content\/uploads\/2022\/07\/int-2-fr.png\u00a0\u00bb image_size=\u00a0\u00bbfull\u00a0\u00bb][mk_padding_divider][vc_column_text css=\u00a0\u00bb.vc_custom_1572277616144{margin-bottom: 0px !important;}\u00a0\u00bb]\n<h3><strong>Absence lors de la formation en m\u00e9decine en raison des entrevues<\/strong><\/h3>\n<p>Les DCM ont indiqu\u00e9 le nombre de jours durant lesquels ils ont \u00e9t\u00e9 absents au cours de la formation en m\u00e9decine en raison des entrevues. La moyenne pour chaque ann\u00e9e est indiqu\u00e9e.[\/vc_column_text][mk_image src=\u00a0\u00bbhttps:\/\/www.carms.ca\/wp-content\/uploads\/2022\/07\/int-3-fr.png\u00a0\u00bb image_size=\u00a0\u00bbfull\u00a0\u00bb][mk_padding_divider][vc_column_text css=\u00a0\u00bb.vc_custom_1657547062962{margin-bottom: 0px !important;}\u00a0\u00bb]\n<h3>Effets des absences au cours de la formation en m\u00e9decine<\/h3>\n<p>Les DCM ont choisi leur degr\u00e9 de concordance avec chaque d\u00e9claration ci-dessous. Les r\u00e9sultats affich\u00e9s sont agr\u00e9g\u00e9s \u00e0 partir de treize ann\u00e9es de r\u00e9ponses.[\/vc_column_text][mk_image src=\u00a0\u00bbhttps:\/\/www.carms.ca\/wp-content\/uploads\/2022\/07\/int-4-fr.png\u00a0\u00bb image_size=\u00a0\u00bbfull\u00a0\u00bb][mk_padding_divider][mk_image src=\u00a0\u00bbhttps:\/\/www.carms.ca\/wp-content\/uploads\/2022\/07\/int-5-fr.png\u00a0\u00bb image_size=\u00a0\u00bbfull\u00a0\u00bb][\/vc_tta_section][vc_tta_section title=\u00a0\u00bbCo\u00fbts li\u00e9s aux entrevues\u00a0\u00bb tab_id=\u00a0\u00bbcouts-entrevues\u00a0\u00bb][vc_column_text css=\u00a0\u00bb.vc_custom_1572277709400{margin-bottom: 0px !important;}\u00a0\u00bb]\n<h3>Co\u00fbts de postuler et d\u2019entrevue<\/h3>\n<p>Les DCM ont indiqu\u00e9 le montant moyen qu\u2019ils ont d\u00e9vers\u00e9 en soumettant une demande et en interviewant pour un poste de r\u00e9sidence. Les moyennes de ces montants autosignal\u00e9s en dollar pour chaque ann\u00e9e sont indiqu\u00e9es.[\/vc_column_text][mk_image src=\u00a0\u00bbhttps:\/\/www.carms.ca\/wp-content\/uploads\/2022\/07\/costs-1-fr.png\u00a0\u00bb image_size=\u00a0\u00bbfull\u00a0\u00bb][mk_padding_divider][vc_column_text css=\u00a0\u00bb.vc_custom_1572277731090{margin-bottom: 0px !important;}\u00a0\u00bb]\n<h3>Effet des finances sur la participation \u00e0 des entrevues<\/h3>\n<p>Les DCM ont indiqu\u00e9 si l\u2019\u00e9tat de leurs finances a limit\u00e9 le nombre d\u2019entrevues sur place auxquelles ils ont assist\u00e9.[\/vc_column_text][mk_image src=\u00a0\u00bbhttps:\/\/www.carms.ca\/wp-content\/uploads\/2022\/07\/costs-2-fr.png\u00a0\u00bb image_size=\u00a0\u00bbfull\u00a0\u00bb][mk_padding_divider][vc_column_text css=\u00a0\u00bb.vc_custom_1572277747549{margin-bottom: 0px !important;}\u00a0\u00bb]\n<h3>Entrevues auxquelles on n\u2019a pas assist\u00e9 en raison des frais de d\u00e9placement<\/h3>\n<p>Les DCM qui ont indiqu\u00e9 que l\u2019\u00e9tat de leurs finances a limit\u00e9 le nombre d\u2019entrevues auxquelles ils ont assist\u00e9 ont signal\u00e9 le nombre d\u2019entrevues auxquelles ils n\u2019ont pas pu assister en raison des frais de d\u00e9placement. Les moyennes pour chaque ann\u00e9e sont indiqu\u00e9es.[\/vc_column_text][mk_image src=\u00a0\u00bbhttps:\/\/www.carms.ca\/wp-content\/uploads\/2022\/07\/costs-3-fr.png\u00a0\u00bb image_size=\u00a0\u00bbfull\u00a0\u00bb][mk_padding_divider][vc_column_text css=\u00a0\u00bb.vc_custom_1572277775995{margin-bottom: 0px !important;}\u00a0\u00bb]\n<h3>Importance des entrevues sur place<\/h3>\n<p>Les DCM ont choisi leur degr\u00e9 de concordance avec l\u2019\u00e9nonc\u00e9 suivant\u00a0: \u00ab\u2009<strong>Les entrevues sur place valent le temps et l\u2019argent que je d\u00e9pense en me d\u00e9pla\u00e7ant<\/strong>.\u2009\u00bb[\/vc_column_text][mk_image src=\u00a0\u00bbhttps:\/\/www.carms.ca\/wp-content\/uploads\/2022\/07\/costs-4-fr-1.png\u00a0\u00bb image_size=\u00a0\u00bbfull\u00a0\u00bb][\/vc_tta_section][vc_tta_section title=\u00a0\u00bbHoraires des entrevues\u00a0\u00bb tab_id=\u00a0\u00bbhoraires-entrevues\u00a0\u00bb][vc_column_text css=\u00a0\u00bb.vc_custom_1572277831575{margin-bottom: 0px !important;}\u00a0\u00bb]\n<h3>Conflits d\u2019horaire des entrevues<\/h3>\n<p>Les DCM ont indiqu\u00e9 s\u2019il y a des entrevues auxquelles ils n\u2019ont pas pu assister parce qu\u2019il y avait un conflit avec une autre entrevue ant\u00e9rieurement pr\u00e9vue dans la m\u00eame discipline.[\/vc_column_text][mk_image src=\u00a0\u00bbhttps:\/\/www.carms.ca\/wp-content\/uploads\/2022\/07\/sched-1-fr.png\u00a0\u00bb image_size=\u00a0\u00bbfull\u00a0\u00bb][mk_padding_divider][vc_column_text css=\u00a0\u00bb.vc_custom_1572277849434{margin-bottom: 0px !important;}\u00a0\u00bb]\n<h3>Disciplines avec des conflits d\u2019horaires<\/h3>\n<p>Les DCM qui ont indiqu\u00e9 des conflits d\u2019horaire des entrevues ont identifi\u00e9 les disciplines dans lesquelles il y avait des conflits. La couleur plus sombre indique les disciplines avec un plus grand nombre de conflits d\u2019horaire signal\u00e9s.[\/vc_column_text][mk_image src=\u00a0\u00bbhttps:\/\/www.carms.ca\/wp-content\/uploads\/2022\/07\/sched-2-fr-1.png\u00a0\u00bb image_size=\u00a0\u00bbfull\u00a0\u00bb][\/vc_tta_section][\/vc_tta_accordion][\/vc_column][\/vc_row]\n<\/div>","protected":false},"excerpt":{"rendered":"<p>[vc_row][vc_column][vc_column_text css=\u00a0\u00bb.vc_custom_1657548082831{margin-bottom: 0px !important;}\u00a0\u00bb] Sur une p\u00e9riode de treize ans (de 2010 \u00e0 2022), nous avons pos\u00e9 une s\u00e9rie de questions aux dipl\u00f4m\u00e9s canadiens en m\u00e9decine qui ont particip\u00e9 au jumelage principal R-1 concernant leurs exp\u00e9riences en entrevue dans le cadre de notre sondage d\u2019apr\u00e8s-jumelage annuel. Leurs r\u00e9ponses ont \u00e9t\u00e9 class\u00e9es dans trois domaines\u00a0: la [&hellip;]<\/p>\n","protected":false},"author":5,"featured_media":0,"parent":2903,"menu_order":0,"comment_status":"closed","ping_status":"closed","template":"","meta":{"_acf_changed":false,"footnotes":""},"class_list":["post-16841","page","type-page","status-publish","hentry"],"acf":{"subtitle":""},"yoast_head":"<!-- This site is optimized with the Yoast SEO plugin v27.3 - https:\/\/yoast.com\/product\/yoast-seo-wordpress\/ -->\n<title>Exp\u00e9riences en entrevue des DCM - CaRMS<\/title>\n<meta name=\"robots\" content=\"index, follow, max-snippet:-1, max-image-preview:large, max-video-preview:-1\" \/>\n<link rel=\"canonical\" href=\"https:\/\/www.carms.ca\/fr\/donnees-et-rapports\/donnees-et-rapports-du-jumelage-r-1\/experiences-en-entrevue-des-dcm\/\" \/>\n<meta property=\"og:locale\" content=\"fr_FR\" \/>\n<meta property=\"og:type\" content=\"article\" \/>\n<meta property=\"og:title\" content=\"Exp\u00e9riences en entrevue des DCM - CaRMS\" \/>\n<meta property=\"og:description\" content=\"[vc_row][vc_column][vc_column_text css=\u00a0\u00bb.vc_custom_1657548082831{margin-bottom: 0px !important;}\u00a0\u00bb] Sur une p\u00e9riode de treize ans (de 2010 \u00e0 2022), nous avons pos\u00e9 une s\u00e9rie de questions aux dipl\u00f4m\u00e9s canadiens en m\u00e9decine qui ont particip\u00e9 au jumelage principal R-1 concernant leurs exp\u00e9riences en entrevue dans le cadre de notre sondage d\u2019apr\u00e8s-jumelage annuel. Leurs r\u00e9ponses ont \u00e9t\u00e9 class\u00e9es dans trois domaines\u00a0: la [&hellip;]\" \/>\n<meta property=\"og:url\" content=\"https:\/\/www.carms.ca\/fr\/donnees-et-rapports\/donnees-et-rapports-du-jumelage-r-1\/experiences-en-entrevue-des-dcm\/\" \/>\n<meta property=\"og:site_name\" content=\"CaRMS\" \/>\n<meta property=\"article:modified_time\" content=\"2022-07-27T12:15:10+00:00\" \/>\n<meta name=\"twitter:card\" content=\"summary_large_image\" \/>\n<meta name=\"twitter:label1\" content=\"Dur\u00e9e de lecture estim\u00e9e\" \/>\n\t<meta name=\"twitter:data1\" content=\"3 minutes\" \/>\n<script type=\"application\/ld+json\" class=\"yoast-schema-graph\">{\"@context\":\"https:\\\/\\\/schema.org\",\"@graph\":[{\"@type\":\"WebPage\",\"@id\":\"https:\\\/\\\/www.carms.ca\\\/fr\\\/donnees-et-rapports\\\/donnees-et-rapports-du-jumelage-r-1\\\/experiences-en-entrevue-des-dcm\\\/\",\"url\":\"https:\\\/\\\/www.carms.ca\\\/fr\\\/donnees-et-rapports\\\/donnees-et-rapports-du-jumelage-r-1\\\/experiences-en-entrevue-des-dcm\\\/\",\"name\":\"Exp\u00e9riences en entrevue des DCM - CaRMS\",\"isPartOf\":{\"@id\":\"https:\\\/\\\/www.carms.ca\\\/#website\"},\"datePublished\":\"2020-01-06T15:30:07+00:00\",\"dateModified\":\"2022-07-27T12:15:10+00:00\",\"breadcrumb\":{\"@id\":\"https:\\\/\\\/www.carms.ca\\\/fr\\\/donnees-et-rapports\\\/donnees-et-rapports-du-jumelage-r-1\\\/experiences-en-entrevue-des-dcm\\\/#breadcrumb\"},\"inLanguage\":\"fr-FR\",\"potentialAction\":[{\"@type\":\"ReadAction\",\"target\":[\"https:\\\/\\\/www.carms.ca\\\/fr\\\/donnees-et-rapports\\\/donnees-et-rapports-du-jumelage-r-1\\\/experiences-en-entrevue-des-dcm\\\/\"]}]},{\"@type\":\"BreadcrumbList\",\"@id\":\"https:\\\/\\\/www.carms.ca\\\/fr\\\/donnees-et-rapports\\\/donnees-et-rapports-du-jumelage-r-1\\\/experiences-en-entrevue-des-dcm\\\/#breadcrumb\",\"itemListElement\":[{\"@type\":\"ListItem\",\"position\":1,\"name\":\"Accueil\",\"item\":\"https:\\\/\\\/www.carms.ca\\\/fr\\\/\"},{\"@type\":\"ListItem\",\"position\":2,\"name\":\"Donn\u00e9es et rapports\",\"item\":\"https:\\\/\\\/www.carms.ca\\\/fr\\\/donnees-et-rapports\\\/\"},{\"@type\":\"ListItem\",\"position\":3,\"name\":\"Donn\u00e9es et rapports du jumelage R-1\",\"item\":\"https:\\\/\\\/www.carms.ca\\\/fr\\\/donnees-et-rapports\\\/donnees-et-rapports-du-jumelage-r-1\\\/\"},{\"@type\":\"ListItem\",\"position\":4,\"name\":\"Exp\u00e9riences en entrevue des DCM\"}]},{\"@type\":\"WebSite\",\"@id\":\"https:\\\/\\\/www.carms.ca\\\/#website\",\"url\":\"https:\\\/\\\/www.carms.ca\\\/\",\"name\":\"CaRMS\",\"description\":\"\",\"potentialAction\":[{\"@type\":\"SearchAction\",\"target\":{\"@type\":\"EntryPoint\",\"urlTemplate\":\"https:\\\/\\\/www.carms.ca\\\/?s={search_term_string}\"},\"query-input\":{\"@type\":\"PropertyValueSpecification\",\"valueRequired\":true,\"valueName\":\"search_term_string\"}}],\"inLanguage\":\"fr-FR\"}]}<\/script>\n<!-- \/ Yoast SEO plugin. -->","yoast_head_json":{"title":"Exp\u00e9riences en entrevue des DCM - CaRMS","robots":{"index":"index","follow":"follow","max-snippet":"max-snippet:-1","max-image-preview":"max-image-preview:large","max-video-preview":"max-video-preview:-1"},"canonical":"https:\/\/www.carms.ca\/fr\/donnees-et-rapports\/donnees-et-rapports-du-jumelage-r-1\/experiences-en-entrevue-des-dcm\/","og_locale":"fr_FR","og_type":"article","og_title":"Exp\u00e9riences en entrevue des DCM - CaRMS","og_description":"[vc_row][vc_column][vc_column_text css=\u00a0\u00bb.vc_custom_1657548082831{margin-bottom: 0px !important;}\u00a0\u00bb] Sur une p\u00e9riode de treize ans (de 2010 \u00e0 2022), nous avons pos\u00e9 une s\u00e9rie de questions aux dipl\u00f4m\u00e9s canadiens en m\u00e9decine qui ont particip\u00e9 au jumelage principal R-1 concernant leurs exp\u00e9riences en entrevue dans le cadre de notre sondage d\u2019apr\u00e8s-jumelage annuel. Leurs r\u00e9ponses ont \u00e9t\u00e9 class\u00e9es dans trois domaines\u00a0: la [&hellip;]","og_url":"https:\/\/www.carms.ca\/fr\/donnees-et-rapports\/donnees-et-rapports-du-jumelage-r-1\/experiences-en-entrevue-des-dcm\/","og_site_name":"CaRMS","article_modified_time":"2022-07-27T12:15:10+00:00","twitter_card":"summary_large_image","twitter_misc":{"Dur\u00e9e de lecture estim\u00e9e":"3 minutes"},"schema":{"@context":"https:\/\/schema.org","@graph":[{"@type":"WebPage","@id":"https:\/\/www.carms.ca\/fr\/donnees-et-rapports\/donnees-et-rapports-du-jumelage-r-1\/experiences-en-entrevue-des-dcm\/","url":"https:\/\/www.carms.ca\/fr\/donnees-et-rapports\/donnees-et-rapports-du-jumelage-r-1\/experiences-en-entrevue-des-dcm\/","name":"Exp\u00e9riences en entrevue des DCM - CaRMS","isPartOf":{"@id":"https:\/\/www.carms.ca\/#website"},"datePublished":"2020-01-06T15:30:07+00:00","dateModified":"2022-07-27T12:15:10+00:00","breadcrumb":{"@id":"https:\/\/www.carms.ca\/fr\/donnees-et-rapports\/donnees-et-rapports-du-jumelage-r-1\/experiences-en-entrevue-des-dcm\/#breadcrumb"},"inLanguage":"fr-FR","potentialAction":[{"@type":"ReadAction","target":["https:\/\/www.carms.ca\/fr\/donnees-et-rapports\/donnees-et-rapports-du-jumelage-r-1\/experiences-en-entrevue-des-dcm\/"]}]},{"@type":"BreadcrumbList","@id":"https:\/\/www.carms.ca\/fr\/donnees-et-rapports\/donnees-et-rapports-du-jumelage-r-1\/experiences-en-entrevue-des-dcm\/#breadcrumb","itemListElement":[{"@type":"ListItem","position":1,"name":"Accueil","item":"https:\/\/www.carms.ca\/fr\/"},{"@type":"ListItem","position":2,"name":"Donn\u00e9es et rapports","item":"https:\/\/www.carms.ca\/fr\/donnees-et-rapports\/"},{"@type":"ListItem","position":3,"name":"Donn\u00e9es et rapports du jumelage R-1","item":"https:\/\/www.carms.ca\/fr\/donnees-et-rapports\/donnees-et-rapports-du-jumelage-r-1\/"},{"@type":"ListItem","position":4,"name":"Exp\u00e9riences en entrevue des DCM"}]},{"@type":"WebSite","@id":"https:\/\/www.carms.ca\/#website","url":"https:\/\/www.carms.ca\/","name":"CaRMS","description":"","potentialAction":[{"@type":"SearchAction","target":{"@type":"EntryPoint","urlTemplate":"https:\/\/www.carms.ca\/?s={search_term_string}"},"query-input":{"@type":"PropertyValueSpecification","valueRequired":true,"valueName":"search_term_string"}}],"inLanguage":"fr-FR"}]}},"publishpress_future_workflow_manual_trigger":{"enabledWorkflows":[]},"_links":{"self":[{"href":"https:\/\/www.carms.ca\/fr\/wp-json\/wp\/v2\/pages\/16841","targetHints":{"allow":["GET"]}}],"collection":[{"href":"https:\/\/www.carms.ca\/fr\/wp-json\/wp\/v2\/pages"}],"about":[{"href":"https:\/\/www.carms.ca\/fr\/wp-json\/wp\/v2\/types\/page"}],"author":[{"embeddable":true,"href":"https:\/\/www.carms.ca\/fr\/wp-json\/wp\/v2\/users\/5"}],"replies":[{"embeddable":true,"href":"https:\/\/www.carms.ca\/fr\/wp-json\/wp\/v2\/comments?post=16841"}],"version-history":[{"count":13,"href":"https:\/\/www.carms.ca\/fr\/wp-json\/wp\/v2\/pages\/16841\/revisions"}],"predecessor-version":[{"id":33901,"href":"https:\/\/www.carms.ca\/fr\/wp-json\/wp\/v2\/pages\/16841\/revisions\/33901"}],"up":[{"embeddable":true,"href":"https:\/\/www.carms.ca\/fr\/wp-json\/wp\/v2\/pages\/2903"}],"wp:attachment":[{"href":"https:\/\/www.carms.ca\/fr\/wp-json\/wp\/v2\/media?parent=16841"}],"curies":[{"name":"wp","href":"https:\/\/api.w.org\/{rel}","templated":true}]}}