{"id":17144,"date":"2019-12-03T12:12:42","date_gmt":"2019-12-03T17:12:42","guid":{"rendered":"https:\/\/www.carms.ca\/?page_id=17144"},"modified":"2022-07-11T11:50:03","modified_gmt":"2022-07-11T15:50:03","slug":"planification-de-carriere-des-dcm","status":"publish","type":"page","link":"https:\/\/www.carms.ca\/fr\/donnees-et-rapports\/donnees-et-rapports-du-jumelage-r-1\/planification-de-carriere-des-dcm\/","title":{"rendered":"Planification de carri\u00e8re des DCM"},"content":{"rendered":"<div class=\"wpb-content-wrapper\">[vc_row][vc_column][vc_column_text css=\u00a0\u00bb.vc_custom_1657552106214{margin-bottom: 0px !important;}\u00a0\u00bb]Sur une p\u00e9riode de treize ans (de 2010 \u00e0 2022), nous avons pos\u00e9 aux dipl\u00f4m\u00e9s canadiens en m\u00e9decine (DCM) lors du jumelage R-1 une s\u00e9rie de questions concernant la planification et la prise de d\u00e9cision de carri\u00e8re par l\u2019entremise de notre sondage d\u2019apr\u00e8s-jumelage annuel.<\/p>\n<p>Ces donn\u00e9es synth\u00e9tisent dix ann\u00e9es de r\u00e9ponses et sont class\u00e9es dans quatre cat\u00e9gories\u00a0: les d\u00e9cisions concernant les disciplines, les d\u00e9cisions concernant les sites de programmes, les d\u00e9cisions concernant les stages \u00e0 option et la planification de carri\u00e8re.<\/p>\n<p>Visitez chaque section pour voir les donn\u00e9es.[\/vc_column_text][vc_tta_accordion spacing=\u00a0\u00bb4&Prime; active_section=\u00a0\u00bb*\u00a0\u00bb no_fill=\u00a0\u00bbtrue\u00a0\u00bb collapsible_all=\u00a0\u00bbtrue\u00a0\u00bb][vc_tta_section title=\u00a0\u00bbD\u00e9cisions concernant les disciplines\u00a0\u00bb tab_id=\u00a0\u00bbDecisions-concernant-disciplines\u00a0\u00bb][vc_column_text css=\u00a0\u00bb.vc_custom_1574948544507{margin-bottom: 0px !important;}\u00a0\u00bb]\n<h3>Pr\u00e9paration pour la s\u00e9lection de la discipline de premier choix<\/h3>\n<p>Les DCM ont signal\u00e9 leur niveau de pr\u00e9paration lors de la s\u00e9lection de leur discipline de premier choix avant la date limite de soumission des listes de classement de CaRMS.[\/vc_column_text][mk_image src=\u00a0\u00bbhttps:\/\/www.carms.ca\/wp-content\/uploads\/2022\/07\/career-planning-1-fr.png\u00a0\u00bb image_size=\u00a0\u00bbfull\u00a0\u00bb][mk_padding_divider][vc_column_text css=\u00a0\u00bb.vc_custom_1657552487263{margin-bottom: 0px !important;}\u00a0\u00bb]\n<h3>Moment de la prise de d\u00e9cision concernant la discipline<\/h3>\n<p>Les DCM ont signal\u00e9 le moment o\u00f9 ils ont pris la d\u00e9cision de poursuivre leur discipline de premier choix. Les r\u00e9sultats suivants sont agr\u00e9g\u00e9s \u00e0 partir de treize ann\u00e9es de r\u00e9ponses (de 2010 \u00e0 2022).[\/vc_column_text][mk_image src=\u00a0\u00bbhttps:\/\/www.carms.ca\/wp-content\/uploads\/2022\/07\/career-planning-2-fr.png\u00a0\u00bb image_size=\u00a0\u00bbfull\u00a0\u00bb margin_bottom=\u00a0\u00bb5&Prime;][mk_padding_divider][vc_column_text css=\u00a0\u00bb.vc_custom_1574948600056{margin-bottom: 0px !important;}\u00a0\u00bb]\n<h3>D\u00e9sir de changer de discipline<\/h3>\n<p>Les DCM ont indiqu\u00e9 s\u2019ils changeraient de discipline de r\u00e9sidence si l\u2019occasion se pr\u00e9sentait.[\/vc_column_text][mk_image src=\u00a0\u00bbhttps:\/\/www.carms.ca\/wp-content\/uploads\/2022\/07\/career-planning-3-fr.png\u00a0\u00bb image_size=\u00a0\u00bbfull\u00a0\u00bb][mk_padding_divider][vc_column_text css=\u00a0\u00bb.vc_custom_1657552138029{margin-bottom: 0px !important;}\u00a0\u00bb]\n<h3>Discipline souhait\u00e9e<\/h3>\n<p>Les DCM qui ont indiqu\u00e9 qu\u2019ils changeraient de discipline de r\u00e9sidence si l\u2019occasion se pr\u00e9sentait ont signal\u00e9 vers quelle discipline ils changeraient. Les r\u00e9sultats suivants sont agr\u00e9g\u00e9s \u00e0 partir de treize ann\u00e9es de r\u00e9ponses (de 2010 \u00e0 2022).[\/vc_column_text][mk_image src=\u00a0\u00bbhttps:\/\/www.carms.ca\/wp-content\/uploads\/2022\/07\/career-planning-4-fr.png\u00a0\u00bb image_size=\u00a0\u00bbfull\u00a0\u00bb][mk_padding_divider][vc_column_text css=\u00a0\u00bb.vc_custom_1611762740522{margin-bottom: 0px !important;}\u00a0\u00bb]\n<h3>Raisons pour un d\u00e9sir de changement de discipline<\/h3>\n<p>Les DCM qui ont indiqu\u00e9 qu\u2019ils changeraient de discipline de r\u00e9sidence s\u2019ils en avaient l\u2019occasion ont signal\u00e9 la raison pour le faire. Les r\u00e9sultats suivants sont agr\u00e9g\u00e9s \u00e0 partir d&rsquo;onze ann\u00e9es de r\u00e9ponses (de 2010 \u00e0 2020).[\/vc_column_text][mk_image src=\u00a0\u00bbhttps:\/\/www.carms.ca\/wp-content\/uploads\/2022\/07\/career-planning-5-fr.png\u00a0\u00bb image_size=\u00a0\u00bbfull\u00a0\u00bb][mk_padding_divider][\/vc_tta_section][vc_tta_section title=\u00a0\u00bbD\u00e9cisions concernant les stages \u00e0 option\u00a0\u00bb tab_id=\u00a0\u00bbDecisions-concernant-stages-a-option\u00a0\u00bb][vc_column_text css=\u00a0\u00bb.vc_custom_1574948710862{margin-bottom: 0px !important;}\u00a0\u00bb]\n<h3>Influences sur les stages \u00e0 option choisis<\/h3>\n<p>Les DCM ont indiqu\u00e9 leur degr\u00e9 de concordance avec chaque d\u00e9claration ci-dessous.[\/vc_column_text][mk_image src=\u00a0\u00bbhttps:\/\/www.carms.ca\/wp-content\/uploads\/2022\/07\/career-planning-6-fr.png\u00a0\u00bb image_size=\u00a0\u00bbfull\u00a0\u00bb][mk_padding_divider][vc_column_text css=\u00a0\u00bb.vc_custom_1574948747532{margin-bottom: 0px !important;}\u00a0\u00bb]\n<h3>S\u00e9lection de stages \u00e0 option<\/h3>\n<p>Les DCM ont fourni une r\u00e9ponse\u00a0: <strong>\u00ab<\/strong><strong>\u2009<\/strong><strong>Si vous pouviez ignorer les crit\u00e8res de s\u00e9lection pour la r\u00e9sidence, auriez-vous s\u00e9lectionn\u00e9 des stages \u00e0 option diff\u00e9rents<\/strong><strong>\u2009<\/strong><strong>?<\/strong><strong>\u2009<\/strong><strong>\u00bb<\/strong>[\/vc_column_text][mk_image src=\u00a0\u00bbhttps:\/\/www.carms.ca\/wp-content\/uploads\/2022\/07\/career-planning-7-fr.png\u00a0\u00bb image_size=\u00a0\u00bbfull\u00a0\u00bb][mk_padding_divider][vc_column_text css=\u00a0\u00bb.vc_custom_1574948759943{margin-bottom: 0px !important;}\u00a0\u00bb]Les DCM ont fourni une r\u00e9ponse\u00a0: <strong>\u00ab<\/strong><strong>\u2009Avez-vous suivi un stage \u00e0 option hors site \u00e0 une universit\u00e9 pr\u00e9cise afin d\u2019augmenter vos chances d\u2019\u00eatre jumel\u00e9 \u00e0 cet endroit\u2009?\u2009\u00bb<\/strong>[\/vc_column_text][mk_image src=\u00a0\u00bbhttps:\/\/www.carms.ca\/wp-content\/uploads\/2022\/07\/career-planning-8-fr.png\u00a0\u00bb image_size=\u00a0\u00bbfull\u00a0\u00bb][mk_padding_divider][vc_column_text css=\u00a0\u00bb.vc_custom_1574948770955{margin-bottom: 0px !important;}\u00a0\u00bb]Les DCM qui ont signal\u00e9 avoir suivi un stage \u00e0 option hors site \u00e0 une universit\u00e9 pr\u00e9cise afin d\u2019augmenter leurs chances d\u2019\u00eatre jumel\u00e9s \u00e0 cet endroit ont indiqu\u00e9 s\u2019ils ont \u00e9t\u00e9 jumel\u00e9 \u00e0 cette universit\u00e9.[\/vc_column_text][mk_image src=\u00a0\u00bbhttps:\/\/www.carms.ca\/wp-content\/uploads\/2022\/07\/career-planning-9-fr.png\u00a0\u00bb image_size=\u00a0\u00bbfull\u00a0\u00bb][mk_padding_divider][\/vc_tta_section][vc_tta_section title=\u00a0\u00bbD\u00e9cisions concernant les sites de programmes\u00a0\u00bb tab_id=\u00a0\u00bbDecisions-concernant-sites\u00a0\u00bb][vc_column_text css=\u00a0\u00bb.vc_custom_1574948814713{margin-bottom: 0px !important;}\u00a0\u00bb]\n<h3>Satisfaction avec le site du programme<\/h3>\n<p>Les DCM ont signal\u00e9 s\u2019ils \u00e9taient satisfaits avec l\u2019universit\u00e9 o\u00f9 ils ont \u00e9t\u00e9 jumel\u00e9s \u00e0 un programme.[\/vc_column_text][mk_image src=\u00a0\u00bbhttps:\/\/www.carms.ca\/wp-content\/uploads\/2022\/07\/career-planning-10-fr.png\u00a0\u00bb image_size=\u00a0\u00bbfull\u00a0\u00bb][mk_padding_divider][vc_column_text css=\u00a0\u00bb.vc_custom_1657552520595{margin-bottom: 0px !important;}\u00a0\u00bb]\n<h3>D\u00e9sir de changer de site de programme<\/h3>\n<p>Les DCM qui ont signal\u00e9 qu\u2019ils n\u2019\u00e9taient pas satisfaits avec le programme auxquels ils ont \u00e9t\u00e9 jumel\u00e9s ont indiqu\u00e9 s\u2019ils changeraient de site s\u2019ils en avaient l\u2019occasion. Ces donn\u00e9es sont seulement disponibles pour les ann\u00e9es de 2014 \u00e0 2022.[\/vc_column_text][mk_image src=\u00a0\u00bbhttps:\/\/www.carms.ca\/wp-content\/uploads\/2022\/07\/career-planning-11-fr.png\u00a0\u00bb image_size=\u00a0\u00bbfull\u00a0\u00bb][mk_padding_divider][vc_column_text css=\u00a0\u00bb.vc_custom_1657552537318{margin-bottom: 0px !important;}\u00a0\u00bb]\n<h3>Raison pour le d\u00e9sir de changer de site de programme<\/h3>\n<p>Les DCM qui ont indiqu\u00e9 qu\u2019ils changeraient de site de formation s\u2019ils en avaient l\u2019occasion ont signal\u00e9 la raison pour le faire. Les r\u00e9sultats suivants sont agr\u00e9g\u00e9s \u00e0 partir de huit ann\u00e9es de r\u00e9ponses (de 2014 \u00e0 2022).[\/vc_column_text][mk_image src=\u00a0\u00bbhttps:\/\/www.carms.ca\/wp-content\/uploads\/2022\/07\/career-planning-12-fr.png\u00a0\u00bb image_size=\u00a0\u00bbfull\u00a0\u00bb][mk_padding_divider][\/vc_tta_section][vc_tta_section title=\u00a0\u00bbPlanification de carri\u00e8re\u00a0\u00bb tab_id=\u00a0\u00bbPlanification-de-carriere\u00a0\u00bb][vc_column_text css=\u00a0\u00bb.vc_custom_1574948905834{margin-bottom: 0px !important;}\u00a0\u00bb]\n<h3>Changement des plans de carri\u00e8re<\/h3>\n<p>Les DCM ont fourni une r\u00e9ponse \u00e0 la question suivante\u00a0: <strong>\u00ab\u2009Vos plans de carri\u00e8re ont-ils chang\u00e9 depuis le d\u00e9but de vos \u00e9tudes en m\u00e9decine\u2009?\u2009\u00bb<\/strong>[\/vc_column_text][mk_image src=\u00a0\u00bbhttps:\/\/www.carms.ca\/wp-content\/uploads\/2022\/07\/career-planning-13-fr.png\u00a0\u00bb image_size=\u00a0\u00bbfull\u00a0\u00bb][mk_padding_divider][vc_column_text css=\u00a0\u00bb.vc_custom_1574948920748{margin-bottom: 0px !important;}\u00a0\u00bb]\n<h3>Moment du changement des plans de carri\u00e8re<\/h3>\n<p>Les DCM qui ont signal\u00e9 avoir chang\u00e9 leurs plans de carri\u00e8re depuis le d\u00e9but de leurs \u00e9tudes en m\u00e9decine ont indiqu\u00e9 le moment o\u00f9 leurs plans ont chang\u00e9.[\/vc_column_text][mk_image src=\u00a0\u00bbhttps:\/\/www.carms.ca\/wp-content\/uploads\/2022\/07\/career-planning-2-fr-1.png\u00a0\u00bb image_size=\u00a0\u00bbfull\u00a0\u00bb][mk_padding_divider][vc_column_text css=\u00a0\u00bb.vc_custom_1574948934743{margin-bottom: 0px !important;}\u00a0\u00bb]\n<h3>Nature des changements des plans de carri\u00e8re<\/h3>\n<p>Les DCM qui ont signal\u00e9 avoir chang\u00e9 leurs plans de carri\u00e8re depuis le d\u00e9but de leurs \u00e9tudes en m\u00e9decine ont indiqu\u00e9 la nature du changement.[\/vc_column_text][mk_image src=\u00a0\u00bbhttps:\/\/www.carms.ca\/wp-content\/uploads\/2022\/07\/career-planning-1-fr-1.png\u00a0\u00bb image_size=\u00a0\u00bbfull\u00a0\u00bb][mk_padding_divider][\/vc_tta_section][\/vc_tta_accordion][\/vc_column][\/vc_row]\n<\/div>","protected":false},"excerpt":{"rendered":"<p>[vc_row][vc_column][vc_column_text css=\u00a0\u00bb.vc_custom_1657552106214{margin-bottom: 0px !important;}\u00a0\u00bb]Sur une p\u00e9riode de treize ans (de 2010 \u00e0 2022), nous avons pos\u00e9 aux dipl\u00f4m\u00e9s canadiens en m\u00e9decine (DCM) lors du jumelage R-1 une s\u00e9rie de questions concernant la planification et la prise de d\u00e9cision de carri\u00e8re par l\u2019entremise de notre sondage d\u2019apr\u00e8s-jumelage annuel. Ces donn\u00e9es synth\u00e9tisent dix ann\u00e9es de r\u00e9ponses et [&hellip;]<\/p>\n","protected":false},"author":5,"featured_media":0,"parent":2903,"menu_order":0,"comment_status":"closed","ping_status":"closed","template":"","meta":{"_acf_changed":false,"footnotes":""},"class_list":["post-17144","page","type-page","status-publish","hentry"],"acf":{"subtitle":""},"yoast_head":"<!-- This site is optimized with the Yoast SEO plugin v27.3 - https:\/\/yoast.com\/product\/yoast-seo-wordpress\/ -->\n<title>Planification de carri\u00e8re des DCM - CaRMS<\/title>\n<meta name=\"robots\" content=\"index, follow, max-snippet:-1, max-image-preview:large, max-video-preview:-1\" \/>\n<link rel=\"canonical\" href=\"https:\/\/www.carms.ca\/fr\/donnees-et-rapports\/donnees-et-rapports-du-jumelage-r-1\/planification-de-carriere-des-dcm\/\" \/>\n<meta property=\"og:locale\" content=\"fr_FR\" \/>\n<meta property=\"og:type\" content=\"article\" \/>\n<meta property=\"og:title\" content=\"Planification de carri\u00e8re des DCM - CaRMS\" \/>\n<meta property=\"og:description\" content=\"[vc_row][vc_column][vc_column_text css=\u00a0\u00bb.vc_custom_1657552106214{margin-bottom: 0px !important;}\u00a0\u00bb]Sur une p\u00e9riode de treize ans (de 2010 \u00e0 2022), nous avons pos\u00e9 aux dipl\u00f4m\u00e9s canadiens en m\u00e9decine (DCM) lors du jumelage R-1 une s\u00e9rie de questions concernant la planification et la prise de d\u00e9cision de carri\u00e8re par l\u2019entremise de notre sondage d\u2019apr\u00e8s-jumelage annuel. Ces donn\u00e9es synth\u00e9tisent dix ann\u00e9es de r\u00e9ponses et [&hellip;]\" \/>\n<meta property=\"og:url\" content=\"https:\/\/www.carms.ca\/fr\/donnees-et-rapports\/donnees-et-rapports-du-jumelage-r-1\/planification-de-carriere-des-dcm\/\" \/>\n<meta property=\"og:site_name\" content=\"CaRMS\" \/>\n<meta property=\"article:modified_time\" content=\"2022-07-11T15:50:03+00:00\" \/>\n<meta name=\"twitter:card\" content=\"summary_large_image\" \/>\n<meta name=\"twitter:label1\" content=\"Dur\u00e9e de lecture estim\u00e9e\" \/>\n\t<meta name=\"twitter:data1\" content=\"4 minutes\" \/>\n<script type=\"application\/ld+json\" class=\"yoast-schema-graph\">{\"@context\":\"https:\\\/\\\/schema.org\",\"@graph\":[{\"@type\":\"WebPage\",\"@id\":\"https:\\\/\\\/www.carms.ca\\\/fr\\\/donnees-et-rapports\\\/donnees-et-rapports-du-jumelage-r-1\\\/planification-de-carriere-des-dcm\\\/\",\"url\":\"https:\\\/\\\/www.carms.ca\\\/fr\\\/donnees-et-rapports\\\/donnees-et-rapports-du-jumelage-r-1\\\/planification-de-carriere-des-dcm\\\/\",\"name\":\"Planification de carri\u00e8re des DCM - CaRMS\",\"isPartOf\":{\"@id\":\"https:\\\/\\\/www.carms.ca\\\/#website\"},\"datePublished\":\"2019-12-03T17:12:42+00:00\",\"dateModified\":\"2022-07-11T15:50:03+00:00\",\"breadcrumb\":{\"@id\":\"https:\\\/\\\/www.carms.ca\\\/fr\\\/donnees-et-rapports\\\/donnees-et-rapports-du-jumelage-r-1\\\/planification-de-carriere-des-dcm\\\/#breadcrumb\"},\"inLanguage\":\"fr-FR\",\"potentialAction\":[{\"@type\":\"ReadAction\",\"target\":[\"https:\\\/\\\/www.carms.ca\\\/fr\\\/donnees-et-rapports\\\/donnees-et-rapports-du-jumelage-r-1\\\/planification-de-carriere-des-dcm\\\/\"]}]},{\"@type\":\"BreadcrumbList\",\"@id\":\"https:\\\/\\\/www.carms.ca\\\/fr\\\/donnees-et-rapports\\\/donnees-et-rapports-du-jumelage-r-1\\\/planification-de-carriere-des-dcm\\\/#breadcrumb\",\"itemListElement\":[{\"@type\":\"ListItem\",\"position\":1,\"name\":\"Accueil\",\"item\":\"https:\\\/\\\/www.carms.ca\\\/fr\\\/\"},{\"@type\":\"ListItem\",\"position\":2,\"name\":\"Donn\u00e9es et rapports\",\"item\":\"https:\\\/\\\/www.carms.ca\\\/fr\\\/donnees-et-rapports\\\/\"},{\"@type\":\"ListItem\",\"position\":3,\"name\":\"Donn\u00e9es et rapports du jumelage R-1\",\"item\":\"https:\\\/\\\/www.carms.ca\\\/fr\\\/donnees-et-rapports\\\/donnees-et-rapports-du-jumelage-r-1\\\/\"},{\"@type\":\"ListItem\",\"position\":4,\"name\":\"Planification de carri\u00e8re des DCM\"}]},{\"@type\":\"WebSite\",\"@id\":\"https:\\\/\\\/www.carms.ca\\\/#website\",\"url\":\"https:\\\/\\\/www.carms.ca\\\/\",\"name\":\"CaRMS\",\"description\":\"\",\"potentialAction\":[{\"@type\":\"SearchAction\",\"target\":{\"@type\":\"EntryPoint\",\"urlTemplate\":\"https:\\\/\\\/www.carms.ca\\\/?s={search_term_string}\"},\"query-input\":{\"@type\":\"PropertyValueSpecification\",\"valueRequired\":true,\"valueName\":\"search_term_string\"}}],\"inLanguage\":\"fr-FR\"}]}<\/script>\n<!-- \/ Yoast SEO plugin. -->","yoast_head_json":{"title":"Planification de carri\u00e8re des DCM - CaRMS","robots":{"index":"index","follow":"follow","max-snippet":"max-snippet:-1","max-image-preview":"max-image-preview:large","max-video-preview":"max-video-preview:-1"},"canonical":"https:\/\/www.carms.ca\/fr\/donnees-et-rapports\/donnees-et-rapports-du-jumelage-r-1\/planification-de-carriere-des-dcm\/","og_locale":"fr_FR","og_type":"article","og_title":"Planification de carri\u00e8re des DCM - CaRMS","og_description":"[vc_row][vc_column][vc_column_text css=\u00a0\u00bb.vc_custom_1657552106214{margin-bottom: 0px !important;}\u00a0\u00bb]Sur une p\u00e9riode de treize ans (de 2010 \u00e0 2022), nous avons pos\u00e9 aux dipl\u00f4m\u00e9s canadiens en m\u00e9decine (DCM) lors du jumelage R-1 une s\u00e9rie de questions concernant la planification et la prise de d\u00e9cision de carri\u00e8re par l\u2019entremise de notre sondage d\u2019apr\u00e8s-jumelage annuel. Ces donn\u00e9es synth\u00e9tisent dix ann\u00e9es de r\u00e9ponses et [&hellip;]","og_url":"https:\/\/www.carms.ca\/fr\/donnees-et-rapports\/donnees-et-rapports-du-jumelage-r-1\/planification-de-carriere-des-dcm\/","og_site_name":"CaRMS","article_modified_time":"2022-07-11T15:50:03+00:00","twitter_card":"summary_large_image","twitter_misc":{"Dur\u00e9e de lecture estim\u00e9e":"4 minutes"},"schema":{"@context":"https:\/\/schema.org","@graph":[{"@type":"WebPage","@id":"https:\/\/www.carms.ca\/fr\/donnees-et-rapports\/donnees-et-rapports-du-jumelage-r-1\/planification-de-carriere-des-dcm\/","url":"https:\/\/www.carms.ca\/fr\/donnees-et-rapports\/donnees-et-rapports-du-jumelage-r-1\/planification-de-carriere-des-dcm\/","name":"Planification de carri\u00e8re des DCM - CaRMS","isPartOf":{"@id":"https:\/\/www.carms.ca\/#website"},"datePublished":"2019-12-03T17:12:42+00:00","dateModified":"2022-07-11T15:50:03+00:00","breadcrumb":{"@id":"https:\/\/www.carms.ca\/fr\/donnees-et-rapports\/donnees-et-rapports-du-jumelage-r-1\/planification-de-carriere-des-dcm\/#breadcrumb"},"inLanguage":"fr-FR","potentialAction":[{"@type":"ReadAction","target":["https:\/\/www.carms.ca\/fr\/donnees-et-rapports\/donnees-et-rapports-du-jumelage-r-1\/planification-de-carriere-des-dcm\/"]}]},{"@type":"BreadcrumbList","@id":"https:\/\/www.carms.ca\/fr\/donnees-et-rapports\/donnees-et-rapports-du-jumelage-r-1\/planification-de-carriere-des-dcm\/#breadcrumb","itemListElement":[{"@type":"ListItem","position":1,"name":"Accueil","item":"https:\/\/www.carms.ca\/fr\/"},{"@type":"ListItem","position":2,"name":"Donn\u00e9es et rapports","item":"https:\/\/www.carms.ca\/fr\/donnees-et-rapports\/"},{"@type":"ListItem","position":3,"name":"Donn\u00e9es et rapports du jumelage R-1","item":"https:\/\/www.carms.ca\/fr\/donnees-et-rapports\/donnees-et-rapports-du-jumelage-r-1\/"},{"@type":"ListItem","position":4,"name":"Planification de carri\u00e8re des DCM"}]},{"@type":"WebSite","@id":"https:\/\/www.carms.ca\/#website","url":"https:\/\/www.carms.ca\/","name":"CaRMS","description":"","potentialAction":[{"@type":"SearchAction","target":{"@type":"EntryPoint","urlTemplate":"https:\/\/www.carms.ca\/?s={search_term_string}"},"query-input":{"@type":"PropertyValueSpecification","valueRequired":true,"valueName":"search_term_string"}}],"inLanguage":"fr-FR"}]}},"publishpress_future_workflow_manual_trigger":{"enabledWorkflows":[]},"_links":{"self":[{"href":"https:\/\/www.carms.ca\/fr\/wp-json\/wp\/v2\/pages\/17144","targetHints":{"allow":["GET"]}}],"collection":[{"href":"https:\/\/www.carms.ca\/fr\/wp-json\/wp\/v2\/pages"}],"about":[{"href":"https:\/\/www.carms.ca\/fr\/wp-json\/wp\/v2\/types\/page"}],"author":[{"embeddable":true,"href":"https:\/\/www.carms.ca\/fr\/wp-json\/wp\/v2\/users\/5"}],"replies":[{"embeddable":true,"href":"https:\/\/www.carms.ca\/fr\/wp-json\/wp\/v2\/comments?post=17144"}],"version-history":[{"count":13,"href":"https:\/\/www.carms.ca\/fr\/wp-json\/wp\/v2\/pages\/17144\/revisions"}],"predecessor-version":[{"id":33804,"href":"https:\/\/www.carms.ca\/fr\/wp-json\/wp\/v2\/pages\/17144\/revisions\/33804"}],"up":[{"embeddable":true,"href":"https:\/\/www.carms.ca\/fr\/wp-json\/wp\/v2\/pages\/2903"}],"wp:attachment":[{"href":"https:\/\/www.carms.ca\/fr\/wp-json\/wp\/v2\/media?parent=17144"}],"curies":[{"name":"wp","href":"https:\/\/api.w.org\/{rel}","templated":true}]}}