{"id":18947,"date":"2021-05-06T14:06:13","date_gmt":"2021-05-06T18:06:13","guid":{"rendered":"https:\/\/www.carms.ca\/?page_id=18947"},"modified":"2026-05-11T16:16:05","modified_gmt":"2026-05-11T20:16:05","slug":"forum-de-carms","status":"publish","type":"page","link":"https:\/\/www.carms.ca\/fr\/evenements-et-conferences\/forum-de-carms\/","title":{"rendered":"Forum de CaRMS"},"content":{"rendered":"<div class=\"wpb-content-wrapper\">[mk_page_section layout_structure=\u00a0\u00bbhalf_left\u00a0\u00bb bg_image=\u00a0\u00bbhttps:\/\/www.carms.ca\/wp-content\/uploads\/2026\/05\/carms-forum-lander-scaled.jpg\u00a0\u00bb bg_color=\u00a0\u00bb#f2f6f9&Prime; video_opacity=\u00a0\u00bb0&Prime; padding_top=\u00a0\u00bb50&Prime; padding_bottom=\u00a0\u00bb30&Prime; el_class=\u00a0\u00bblayout-half-image\u00a0\u00bb][vc_column][mk_padding_divider][vc_column_text margin_bottom=\u00a0\u00bb0&Prime; css=\u00a0\u00bb.vc_custom_1778530562776{margin-bottom: 0px !important;}\u00a0\u00bb]\n<h2 style=\"text-align: center;\"><span class=\"TextRun SCXW184220418 BCX0\" lang=\"FR-CA\" xml:lang=\"FR-CA\" data-contrast=\"auto\"><span class=\"NormalTextRun SCXW184220418 BCX0\">Forum de CaRMS de 2026<\/span><\/span><\/h2>\n<p>Soyez des n\u00f4tres le 27\u00a0mai prochain pour le Forum de CaRMS de 2026, lors duquel la communaut\u00e9 se r\u00e9unira pour avoir des discussions fond\u00e9es sur les donn\u00e9es \u00e0 propos du jumelage principal\u00a0R-1 de 2026.<\/p>\n<p>Le 5\u00a0mai, nous avons publi\u00e9 notre <a href=\"\/pdfs\/2026-R-1-vue-ensemble-donnees.pdf\">vue d\u2019ensemble des donn\u00e9es du jumelage<\/a>\u00a0: plus de 80\u00a0diapositives de donn\u00e9es d\u00e9taill\u00e9es du jumelage\u00a0R-1. Le Forum de CaRMS de cette ann\u00e9e, pr\u00e9sent\u00e9 en collaboration avec l\u2019AFMC, comprendra une analyse profonde de sujets pr\u00e9cis \u00e0 l\u2019int\u00e9rieur de cet ensemble de donn\u00e9es qui g\u00e9n\u00e8rent le plus d\u2019int\u00e9r\u00eat au sein de la communaut\u00e9 de l\u2019enseignement m\u00e9dical. De plus, des apprenants partageront en direct avec nous leur exp\u00e9rience \u00e0 travers cette \u00e9tape importante dans leur parcours vers l\u2019exercice de la m\u00e9decine au Canada.<\/p>\n<p>Nous esp\u00e9rons que cette nouvelle approche, cr\u00e9\u00e9e \u00e0 la suite de r\u00e9troactions de la part de nos associations membres et de la communaut\u00e9 plus large, aidera \u00e0 produire des observations importantes sur ce qui importe le plus.[\/vc_column_text][mk_button dimension=\u00a0\u00bbflat\u00a0\u00bb corner_style=\u00a0\u00bbfull_rounded\u00a0\u00bb size=\u00a0\u00bbmedium\u00a0\u00bb letter_spacing=\u00a0\u00bb1&Prime; url=\u00a0\u00bbhttps:\/\/events.teams.microsoft.com\/event\/2b09a395-a017-4935-9a1a-64325550c2af@a51360ab-b49f-44f6-8226-6c98f8d55d47&Prime; target=\u00a0\u00bb_blank\u00a0\u00bb align=\u00a0\u00bbcenter\u00a0\u00bb el_class=\u00a0\u00bbbtn btn-blue btn-uppercase\u00a0\u00bb bg_color=\u00a0\u00bb#1a9ed5&Prime; btn_hover_bg=\u00a0\u00bb#ffffff\u00a0\u00bb btn_hover_txt_color=\u00a0\u00bb#1a9ed5&Prime;]S\u2019inscrire maintenant[\/mk_button][mk_padding_divider size=\u00a0\u00bb20&Prime;][\/vc_column][\/mk_page_section][vc_row][vc_column][mk_padding_divider size=\u00a0\u00bb80&Prime;][\/vc_column][\/vc_row][vc_row][vc_column width=\u00a0\u00bb1\/2&Prime;][vc_column_text css=\u00a0\u00bb.vc_custom_1741963206478{margin-bottom: 0px !important;}\u00a0\u00bb]\n<h2 style=\"text-align: center;\">\u00c0 QUOI S\u2019ATTENDRE<\/h2>\n[\/vc_column_text][vc_column_text css=\u00a0\u00bb.vc_custom_1778528854796{margin-bottom: 0px !important;}\u00a0\u00bb]\n<ul>\n<li>Des donn\u00e9es et des discussions bas\u00e9es sur certains sujets importants du jumelage\u00a0R-1 de cette ann\u00e9e, incluant\u00a0:\n<ul>\n<li>La m\u00e9decine familiale \u2014 int\u00e9r\u00eat des candidats et taux de remplissage des postes<\/li>\n<li>L\u2019impact des r\u00e9versions sur les processus et les r\u00e9sultats du jumelage<\/li>\n<\/ul>\n<\/li>\n<li>Une attention particuli\u00e8re sur les r\u00e9ussites des candidats, examinant des questions importantes comme\u00a0:\n<ul>\n<li>Quelle cons\u00e9quence l\u2019offre et la demande d\u2019une discipline ont-elles sur les r\u00e9sultats de jumelage des r\u00e9sidents\u2009?<\/li>\n<li>Quelles strat\u00e9gies de classement ont les plus grandes chances de r\u00e9ussir\u2009?<\/li>\n<\/ul>\n<\/li>\n<\/ul>\n[\/vc_column_text][\/vc_column][vc_column width=\u00a0\u00bb1\/2&Prime;][mk_padding_divider size=\u00a0\u00bb20&Prime;][mk_image src=\u00a0\u00bbhttps:\/\/www.carms.ca\/wp-content\/uploads\/2026\/05\/carms-forum-image-1-scaled.jpg\u00a0\u00bb image_size=\u00a0\u00bbfull\u00a0\u00bb][\/vc_column][\/vc_row][vc_row][vc_column][mk_padding_divider size=\u00a0\u00bb80&Prime;][\/vc_column][\/vc_row][vc_row][vc_column width=\u00a0\u00bb1\/2&Prime;][mk_image src=\u00a0\u00bbhttps:\/\/www.carms.ca\/wp-content\/uploads\/2026\/05\/carms-forum-image-2-scaled.jpg\u00a0\u00bb image_size=\u00a0\u00bbfull\u00a0\u00bb][\/vc_column][vc_column width=\u00a0\u00bb1\/2&Prime;][vc_column_text css=\u00a0\u00bb.vc_custom_1741963196886{margin-bottom: 0px !important;}\u00a0\u00bb]\n<h2 style=\"text-align: center;\">QUAND AURA-T-IL LIEU\u202f?<\/h2>\n[\/vc_column_text][vc_column_text css=\u00a0\u00bb.vc_custom_1778529035702{margin-bottom: 0px !important;}\u00a0\u00bb]\n<p style=\"text-align: center;\"><strong>Mercredi\u00a027\u00a0mai 2026<br \/>\nDe 13<\/strong><strong>\u00a0<\/strong><strong>h <\/strong><strong>\u00e0<\/strong><strong> 14\u00a0h\u00a030<\/strong><strong>\u00a0<\/strong><strong>(HE)<\/strong><\/p>\n<p style=\"text-align: center;\">Les participants inscrits\u00a0recevront un courriel avec de l\u2019information relative\u00a0\u00e0 la participation et un\u00a0lien pour le Forum de CaRMS avant l\u2019\u00e9v\u00e8nement. Le Forum de CaRMS sera pr\u00e9sent\u00e9 sur <em>Microsoft Teams<\/em>. Si vous avez l\u2019application <em>Microsoft Teams<\/em> sur votre appareil, vous serez invit\u00e9 \u00e0 ouvrir l\u2019\u00e9v\u00e8nement \u00e0 partir de l\u2019application, ou le visionner \u00e0 partir de votre navigateur.<\/p>\n[\/vc_column_text][\/vc_column][\/vc_row][vc_row][vc_column][mk_padding_divider size=\u00a0\u00bb80&Prime;][\/vc_column][\/vc_row][vc_row][vc_column][vc_column_text css=\u00a0\u00bb.vc_custom_1712156408388{margin-bottom: 0px !important;}\u00a0\u00bb]\n<h2 style=\"text-align: center;\">FAQ du Forum de CaRMS<\/h2>\n[\/vc_column_text][mk_padding_divider][vc_tta_accordion spacing=\u00a0\u00bb4&Prime; c_icon=\u00a0\u00bbchevron\u00a0\u00bb active_section=\u00a0\u00bb*\u00a0\u00bb no_fill=\u00a0\u00bbtrue\u00a0\u00bb collapsible_all=\u00a0\u00bbtrue\u00a0\u00bb][vc_tta_section title=\u00a0\u00bbComment puis-je acc\u00e9der au Forum de CaRMS\u2009?\u00a0\u00bb tab_id=\u00a0\u00bb1620238834878-b4659024-14f2&Prime;][vc_column_text css=\u00a0\u00bb.vc_custom_1741966479052{margin-bottom: 0px !important;}\u00a0\u00bb]Une fois que vous vous \u00eates inscrit pour le Forum de CaRMS, vous recevrez une liaison d\u2019acc\u00e8s\u00a0et\u00a0une autre\u00a0une heure avant l\u2019\u00e9v\u00e8nement. Le Forum de CaRMS sera pr\u00e9sent\u00e9 sur <em>Microsoft Teams<\/em> et vous aurez l\u2019option de vous joindre via l\u2019application <em>Microsoft Teams<\/em> ou \u00e0 partir de votre navigateur. Si vous d\u00e9sirez t\u00e9l\u00e9charger l\u2019application <em>Microsoft Teams<\/em> avant l\u2019\u00e9v\u00e8nement, vous pouvez le faire <a href=\"https:\/\/www.microsoft.com\/fr-ca\/microsoft-teams\/group-chat-software\/\">ici<\/a>.[\/vc_column_text][\/vc_tta_section][vc_tta_section title=\u00a0\u00bbEst-ce que je peux visionner le Forum de CaRMS sur mon t\u00e9l\u00e9phone intelligent\/ma tablette\u2009?\u00a0\u00bb tab_id=\u00a0\u00bb1620238829307-e9052cc9-1208&Prime;][vc_column_text css=\u00a0\u00bb.vc_custom_1741963060910{margin-bottom: 0px !important;}\u00a0\u00bb]Oui. Vous pouvez visionner le Forum de CaRMS \u00e0 partir de votre navigateur pr\u00e9f\u00e9r\u00e9 ou en utilisant l\u2019application Microsoft Teams sur votre ordinateur, votre t\u00e9l\u00e9phone intelligent et votre tablette \u00e9lectronique. Vous avez simplement besoin d\u2019une bonne connexion internet.[\/vc_column_text][\/vc_tta_section][vc_tta_section title=\u00a0\u00bbEst-ce que je vais pouvoir poser des questions pendant le Forum de CaRMS\u202f?\u00a0\u00bb tab_id=\u00a0\u00bb1620238829421-0123ec27-bab0&Prime;][vc_column_text css=\u00a0\u00bb.vc_custom_1741963072421{margin-bottom: 0px !important;}\u00a0\u00bb]Oui. Vous aurez l\u2019occasion de poser des questions. Vous pouvez soumettre vos questions en tout temps pendant la pr\u00e9sentation dans le panneau de questions et r\u00e9ponses accessible \u00e0 partir du menu sup\u00e9rieur dans Teams. Si vous voyez qu\u2019une autre personne a d\u00e9j\u00e0 pos\u00e9 votre question, vous n\u2019\u00eates pas oblig\u00e9 de la poser de nouveau \u2014 vous pouvez voter pour leur question afin que l\u2019on sache qu\u2019il y a un grand int\u00e9r\u00eat pour la r\u00e9ponse.[\/vc_column_text][\/vc_tta_section][vc_tta_section title=\u00a0\u00bbJe ne peux pas participer \u00e0 la pr\u00e9sentation en direct. Le Forum de CaRMS sera-t-il enregistr\u00e9\u202f?\u00a0\u00bb tab_id=\u00a0\u00bb1620238873792-010ad088-301d\u00a0\u00bb][vc_column_text css=\u00a0\u00bb.vc_custom_1778514851523{margin-bottom: 0px !important;}\u00a0\u00bb]Oui. Le Forum de CaRMS sera enregistr\u00e9 et partag\u00e9\u00a0sur notre site Web et notre cha\u00eene YouTube apr\u00e8s l\u2019\u00e9v\u00e8nement.[\/vc_column_text][\/vc_tta_section][vc_tta_section title=\u00a0\u00bbL\u2019information pr\u00e9sent\u00e9e sera-t-elle disponible apr\u00e8s le Forum de CaRMS\u2009?\u00a0\u00bb tab_id=\u00a0\u00bb1620238876117-db7f1a36-15c6&Prime;][vc_column_text css=\u00a0\u00bb.vc_custom_1778514865083{margin-bottom: 0px !important;}\u00a0\u00bb]<span data-teams=\"true\">Oui. L\u2019information pr\u00e9sent\u00e9e sera envoy\u00e9e aux participants inscrits apr\u00e8s le Forum de CaRMS. Elle sera \u00e9galement affich\u00e9e sur notre site Web.<\/span>[\/vc_column_text][\/vc_tta_section][vc_tta_section title=\u00a0\u00bbDans quelle langue aura lieu la pr\u00e9sentation du Forum de CaRMS\u2009?\u00a0\u00bb tab_id=\u00a0\u00bb1620238877006-99901593-66a6&Prime;][vc_column_text css=\u00a0\u00bb.vc_custom_1778506847362{margin-bottom: 0px !important;}\u00a0\u00bb]Le Forum de CaRMS sera pr\u00e9sent\u00e9 en anglais. Cependant, il y aura une occasion de poser des questions en fran\u00e7ais, si vous pr\u00e9f\u00e9rez. Nous fournirons l\u2019ensemble complet des donn\u00e9es en anglais et en fran\u00e7ais apr\u00e8s la pr\u00e9sentation.[\/vc_column_text][\/vc_tta_section][\/vc_tta_accordion][\/vc_column][\/vc_row][vc_row disable_element=\u00a0\u00bbyes\u00a0\u00bb][vc_column][vc_column_text css=\u00a0\u00bb.vc_custom_1683212580611{margin-bottom: 0px !important;}\u00a0\u00bb]\n<p style=\"text-align: center;\"><strong>L\u2019inscription pour le Forum de CaRMS est maintenant termin\u00e9e. Les diapositives de la pr\u00e9sentation du Forum de CaRMS seront affich\u00e9es sur cette page apr\u00e8s la pr\u00e9sentation \u00e0 15 h 30 (HE).<\/strong><\/p>\n<p style=\"font-weight: 400; text-align: center;\"><strong>Un enregistrement du Forum de CaRMS sera affich\u00e9 sur cette page et sur notre <a href=\"https:\/\/www.youtube.com\/channel\/UCD_rNVUALnA4PBzszc2iVFQ\">cha\u00eene YouTube<\/a> plus tard ce mois-ci. Vous pouvez vous inscrire \u00e0 notre cha\u00eene pour recevoir un avis lorsque l\u2019enregistrement aura \u00e9t\u00e9 affich\u00e9.<\/strong><\/p>\n[\/vc_column_text][\/vc_column][\/vc_row][vc_row disable_element=\u00a0\u00bbyes\u00a0\u00bb][vc_column][vc_column_text css=\u00a0\u00bb.vc_custom_1683212548180{margin-bottom: 0px !important;}\u00a0\u00bb]\n<p style=\"font-weight: 400; text-align: center;\"><strong>Nous vous remercions pour votre int\u00e9r\u00eat pour le Forum de CaRMS. Nous avons atteint le nombre maximum de participants et nous n\u2019accepterons plus de demandes d\u2019inscription \u00e0 l\u2019heure actuelle. Les diapositives de la pr\u00e9sentation du Forum de CaRMS seront affich\u00e9es sur cette page apr\u00e8s la pr\u00e9sentation \u00e0 15 h 30 (HE).<\/strong><\/p>\n<p style=\"font-weight: 400; text-align: center;\"><strong>Un enregistrement du Forum de CaRMS sera affich\u00e9 sur cette page et sur notre <a href=\"https:\/\/www.youtube.com\/channel\/UCD_rNVUALnA4PBzszc2iVFQ\">cha\u00eene YouTube<\/a> plus tard ce mois-ci. Vous pouvez vous inscrire \u00e0 notre cha\u00eene pour recevoir un avis lorsque l\u2019enregistrement aura \u00e9t\u00e9 affich\u00e9.<\/strong><\/p>\n[\/vc_column_text][\/vc_column][\/vc_row][vc_row disable_element=\u00a0\u00bbyes\u00a0\u00bb][vc_column][vc_column_text css=\u00a0\u00bb.vc_custom_1683212580611{margin-bottom: 0px !important;}\u00a0\u00bb]\n<h2 style=\"text-align: center;\"><span class=\"TextRun SCXW184220418 BCX0\" lang=\"FR-CA\" xml:lang=\"FR-CA\" data-contrast=\"auto\"><span class=\"NormalTextRun SCXW184220418 BCX0\">Le Forum de CaRMS de 2025<\/span><\/span><span class=\"EOP SCXW184220418 BCX0\" data-ccp-props=\"{}\">\u00a0<\/span><\/h2>\n<p>Nous avons partag\u00e9 des donn\u00e9es et des observations du jumelage principal R-1 de 2025 virtuellement cette ann\u00e9e, lors de notre Forum de CaRMS virtuel le 30 avril 2025. Merci \u00e0 toutes les personnes qui se sont jointes \u00e0 nous. Pour ceux d\u2019entre vous qui n\u2019ont pas pu participer \u00e0 l\u2019\u00e9v\u00e8nement en direct (et pour les personnes qui d\u00e9sirent consulter de nouveau les donn\u00e9es), nous sommes heureux de partager le <a href=\"\/pdfs\/forum-de-carms-2025.pdf\" target=\"_blank\" rel=\"noopener\">document de pr\u00e9sentation<\/a> pour que vous puissiez r\u00e9viser les donn\u00e9es \u00e0 votre guise.[\/vc_column_text][mk_padding_divider][\/vc_column][\/vc_row][vc_row disable_element=\u00a0\u00bbyes\u00a0\u00bb][vc_column width=\u00a0\u00bb1\/12&Prime;][\/vc_column][vc_column width=\u00a0\u00bb5\/6&Prime;][vc_images_carousel images=\u00a0\u00bb46145,46147,46149,46151,46153,46155,46157,46159,46161,46143&Prime; img_size=\u00a0\u00bbfull\u00a0\u00bb onclick=\u00a0\u00bblink_no\u00a0\u00bb hide_pagination_control=\u00a0\u00bbyes\u00a0\u00bb wrap=\u00a0\u00bbyes\u00a0\u00bb css=\u00a0\u00bb\u00a0\u00bb][mk_button dimension=\u00a0\u00bbflat\u00a0\u00bb corner_style=\u00a0\u00bbfull_rounded\u00a0\u00bb size=\u00a0\u00bbmedium\u00a0\u00bb letter_spacing=\u00a0\u00bb1&Prime; url=\u00a0\u00bb\/pdfs\/forum-de-carms-2025.pdf\u00a0\u00bb align=\u00a0\u00bbcenter\u00a0\u00bb el_class=\u00a0\u00bbbtn btn-blue btn-uppercase\u00a0\u00bb bg_color=\u00a0\u00bb#1a9ed5&Prime; btn_hover_bg=\u00a0\u00bb#ffffff\u00a0\u00bb btn_hover_txt_color=\u00a0\u00bb#1a9ed5&Prime;]T\u00e9l\u00e9chargez la pr\u00e9sentation enti\u00e8re [\/mk_button][\/vc_column][vc_column width=\u00a0\u00bb1\/12&Prime;][\/vc_column][\/vc_row][vc_row disable_element=\u00a0\u00bbyes\u00a0\u00bb][vc_column][mk_padding_divider][vc_message icon_fontawesome=\u00a0\u00bbfas fa-book\u00a0\u00bb]<strong>Cherchez-vous de l\u2019aide pour interpr\u00e9ter les donn\u00e9es\u00a0? Nos\u00a0<a href=\"https:\/\/carms.ca\/pdfs\/CaRMS-Definitions-des-donnees.pdf\" target=\"_blank\" rel=\"noopener noreferrer\">d\u00e9finitions des donn\u00e9es<\/a>\u00a0peuvent vous aider.<\/strong>[\/vc_message][\/vc_column][\/vc_row][vc_row disable_element=\u00a0\u00bbyes\u00a0\u00bb][vc_column][mk_padding_divider][vc_column_text css=\u00a0\u00bb.vc_custom_1746128760406{margin-bottom: 0px !important;}\u00a0\u00bb]<iframe loading=\"lazy\" title=\"YouTube video player\" src=\"https:\/\/www.youtube.com\/embed\/JcKLpGPEnGw?si=KxncYik6fLP1EUqH\" width=\"560\" height=\"315\" frameborder=\"0\" allowfullscreen=\"allowfullscreen\" data-mce-fragment=\"1\"><\/iframe>[\/vc_column_text][mk_padding_divider][vc_message icon_fontawesome=\u00a0\u00bbfas fa-book\u00a0\u00bb css=\u00a0\u00bb\u00a0\u00bb]\n<p style=\"text-align: center;\"><strong>Cherchez-vous de l\u2019aide pour interpr\u00e9ter les donn\u00e9es\u00a0? Nos\u00a0<a href=\"https:\/\/carms.ca\/pdfs\/CaRMS-Definitions-des-donnees.pdf\" target=\"_blank\" rel=\"noopener noreferrer\">d\u00e9finitions des donn\u00e9es<\/a>\u00a0peuvent vous aider.<\/strong><\/p>\n[\/vc_message][\/vc_column][\/vc_row]\n<\/div>","protected":false},"excerpt":{"rendered":"<p>[mk_page_section layout_structure=\u00a0\u00bbhalf_left\u00a0\u00bb bg_image=\u00a0\u00bbhttps:\/\/www.carms.ca\/wp-content\/uploads\/2026\/05\/carms-forum-lander-scaled.jpg\u00a0\u00bb bg_color=\u00a0\u00bb#f2f6f9&Prime; video_opacity=\u00a0\u00bb0&Prime; padding_top=\u00a0\u00bb50&Prime; padding_bottom=\u00a0\u00bb30&Prime; el_class=\u00a0\u00bblayout-half-image\u00a0\u00bb][vc_column][mk_padding_divider][vc_column_text margin_bottom=\u00a0\u00bb0&Prime; css=\u00a0\u00bb.vc_custom_1778530562776{margin-bottom: 0px !important;}\u00a0\u00bb] Forum de CaRMS de 2026 Soyez des n\u00f4tres le 27\u00a0mai prochain pour le Forum de CaRMS de 2026, lors duquel la communaut\u00e9 se r\u00e9unira pour avoir des discussions fond\u00e9es sur les donn\u00e9es \u00e0 propos du jumelage principal\u00a0R-1 de 2026. Le 5\u00a0mai, nous avons [&hellip;]<\/p>\n","protected":false},"author":40,"featured_media":0,"parent":2462,"menu_order":0,"comment_status":"closed","ping_status":"closed","template":"","meta":{"_acf_changed":false,"footnotes":""},"class_list":["post-18947","page","type-page","status-publish","hentry"],"acf":{"subtitle":""},"yoast_head":"<!-- This site is optimized with the Yoast SEO plugin v27.5 - https:\/\/yoast.com\/product\/yoast-seo-wordpress\/ -->\n<title>Forum de CaRMS - CaRMS<\/title>\n<meta name=\"robots\" content=\"index, follow, max-snippet:-1, max-image-preview:large, max-video-preview:-1\" \/>\n<link rel=\"canonical\" href=\"https:\/\/www.carms.ca\/fr\/evenements-et-conferences\/forum-de-carms\/\" \/>\n<meta property=\"og:locale\" content=\"fr_FR\" \/>\n<meta property=\"og:type\" content=\"article\" \/>\n<meta property=\"og:title\" content=\"Forum de CaRMS - CaRMS\" \/>\n<meta property=\"og:description\" content=\"[mk_page_section layout_structure=\u00a0\u00bbhalf_left\u00a0\u00bb bg_image=\u00a0\u00bbhttps:\/\/www.carms.ca\/wp-content\/uploads\/2026\/05\/carms-forum-lander-scaled.jpg\u00a0\u00bb bg_color=\u00a0\u00bb#f2f6f9&Prime; video_opacity=\u00a0\u00bb0&Prime; padding_top=\u00a0\u00bb50&Prime; padding_bottom=\u00a0\u00bb30&Prime; el_class=\u00a0\u00bblayout-half-image\u00a0\u00bb][vc_column][mk_padding_divider][vc_column_text margin_bottom=\u00a0\u00bb0&Prime; css=\u00a0\u00bb.vc_custom_1778530562776{margin-bottom: 0px !important;}\u00a0\u00bb] Forum de CaRMS de 2026 Soyez des n\u00f4tres le 27\u00a0mai prochain pour le Forum de CaRMS de 2026, lors duquel la communaut\u00e9 se r\u00e9unira pour avoir des discussions fond\u00e9es sur les donn\u00e9es \u00e0 propos du jumelage principal\u00a0R-1 de 2026. Le 5\u00a0mai, nous avons [&hellip;]\" \/>\n<meta property=\"og:url\" content=\"https:\/\/www.carms.ca\/fr\/evenements-et-conferences\/forum-de-carms\/\" \/>\n<meta property=\"og:site_name\" content=\"CaRMS\" \/>\n<meta property=\"article:modified_time\" content=\"2026-05-11T20:16:05+00:00\" \/>\n<meta name=\"twitter:card\" content=\"summary_large_image\" \/>\n<meta name=\"twitter:label1\" content=\"Dur\u00e9e de lecture estim\u00e9e\" \/>\n\t<meta name=\"twitter:data1\" content=\"5 minutes\" \/>\n<script type=\"application\/ld+json\" class=\"yoast-schema-graph\">{\"@context\":\"https:\\\/\\\/schema.org\",\"@graph\":[{\"@type\":\"WebPage\",\"@id\":\"https:\\\/\\\/www.carms.ca\\\/fr\\\/evenements-et-conferences\\\/forum-de-carms\\\/\",\"url\":\"https:\\\/\\\/www.carms.ca\\\/fr\\\/evenements-et-conferences\\\/forum-de-carms\\\/\",\"name\":\"Forum de CaRMS - CaRMS\",\"isPartOf\":{\"@id\":\"https:\\\/\\\/www.carms.ca\\\/#website\"},\"datePublished\":\"2021-05-06T18:06:13+00:00\",\"dateModified\":\"2026-05-11T20:16:05+00:00\",\"breadcrumb\":{\"@id\":\"https:\\\/\\\/www.carms.ca\\\/fr\\\/evenements-et-conferences\\\/forum-de-carms\\\/#breadcrumb\"},\"inLanguage\":\"fr-FR\",\"potentialAction\":[{\"@type\":\"ReadAction\",\"target\":[\"https:\\\/\\\/www.carms.ca\\\/fr\\\/evenements-et-conferences\\\/forum-de-carms\\\/\"]}]},{\"@type\":\"BreadcrumbList\",\"@id\":\"https:\\\/\\\/www.carms.ca\\\/fr\\\/evenements-et-conferences\\\/forum-de-carms\\\/#breadcrumb\",\"itemListElement\":[{\"@type\":\"ListItem\",\"position\":1,\"name\":\"Accueil\",\"item\":\"https:\\\/\\\/www.carms.ca\\\/fr\\\/\"},{\"@type\":\"ListItem\",\"position\":2,\"name\":\"\u00c9v\u00e8nements et conf\u00e9rences\",\"item\":\"https:\\\/\\\/www.carms.ca\\\/fr\\\/evenements-et-conferences\\\/\"},{\"@type\":\"ListItem\",\"position\":3,\"name\":\"Forum de CaRMS\"}]},{\"@type\":\"WebSite\",\"@id\":\"https:\\\/\\\/www.carms.ca\\\/#website\",\"url\":\"https:\\\/\\\/www.carms.ca\\\/\",\"name\":\"CaRMS\",\"description\":\"\",\"potentialAction\":[{\"@type\":\"SearchAction\",\"target\":{\"@type\":\"EntryPoint\",\"urlTemplate\":\"https:\\\/\\\/www.carms.ca\\\/?s={search_term_string}\"},\"query-input\":{\"@type\":\"PropertyValueSpecification\",\"valueRequired\":true,\"valueName\":\"search_term_string\"}}],\"inLanguage\":\"fr-FR\"}]}<\/script>\n<!-- \/ Yoast SEO plugin. -->","yoast_head_json":{"title":"Forum de CaRMS - CaRMS","robots":{"index":"index","follow":"follow","max-snippet":"max-snippet:-1","max-image-preview":"max-image-preview:large","max-video-preview":"max-video-preview:-1"},"canonical":"https:\/\/www.carms.ca\/fr\/evenements-et-conferences\/forum-de-carms\/","og_locale":"fr_FR","og_type":"article","og_title":"Forum de CaRMS - CaRMS","og_description":"[mk_page_section layout_structure=\u00a0\u00bbhalf_left\u00a0\u00bb bg_image=\u00a0\u00bbhttps:\/\/www.carms.ca\/wp-content\/uploads\/2026\/05\/carms-forum-lander-scaled.jpg\u00a0\u00bb bg_color=\u00a0\u00bb#f2f6f9&Prime; video_opacity=\u00a0\u00bb0&Prime; padding_top=\u00a0\u00bb50&Prime; padding_bottom=\u00a0\u00bb30&Prime; el_class=\u00a0\u00bblayout-half-image\u00a0\u00bb][vc_column][mk_padding_divider][vc_column_text margin_bottom=\u00a0\u00bb0&Prime; css=\u00a0\u00bb.vc_custom_1778530562776{margin-bottom: 0px !important;}\u00a0\u00bb] Forum de CaRMS de 2026 Soyez des n\u00f4tres le 27\u00a0mai prochain pour le Forum de CaRMS de 2026, lors duquel la communaut\u00e9 se r\u00e9unira pour avoir des discussions fond\u00e9es sur les donn\u00e9es \u00e0 propos du jumelage principal\u00a0R-1 de 2026. Le 5\u00a0mai, nous avons [&hellip;]","og_url":"https:\/\/www.carms.ca\/fr\/evenements-et-conferences\/forum-de-carms\/","og_site_name":"CaRMS","article_modified_time":"2026-05-11T20:16:05+00:00","twitter_card":"summary_large_image","twitter_misc":{"Dur\u00e9e de lecture estim\u00e9e":"5 minutes"},"schema":{"@context":"https:\/\/schema.org","@graph":[{"@type":"WebPage","@id":"https:\/\/www.carms.ca\/fr\/evenements-et-conferences\/forum-de-carms\/","url":"https:\/\/www.carms.ca\/fr\/evenements-et-conferences\/forum-de-carms\/","name":"Forum de CaRMS - CaRMS","isPartOf":{"@id":"https:\/\/www.carms.ca\/#website"},"datePublished":"2021-05-06T18:06:13+00:00","dateModified":"2026-05-11T20:16:05+00:00","breadcrumb":{"@id":"https:\/\/www.carms.ca\/fr\/evenements-et-conferences\/forum-de-carms\/#breadcrumb"},"inLanguage":"fr-FR","potentialAction":[{"@type":"ReadAction","target":["https:\/\/www.carms.ca\/fr\/evenements-et-conferences\/forum-de-carms\/"]}]},{"@type":"BreadcrumbList","@id":"https:\/\/www.carms.ca\/fr\/evenements-et-conferences\/forum-de-carms\/#breadcrumb","itemListElement":[{"@type":"ListItem","position":1,"name":"Accueil","item":"https:\/\/www.carms.ca\/fr\/"},{"@type":"ListItem","position":2,"name":"\u00c9v\u00e8nements et conf\u00e9rences","item":"https:\/\/www.carms.ca\/fr\/evenements-et-conferences\/"},{"@type":"ListItem","position":3,"name":"Forum de CaRMS"}]},{"@type":"WebSite","@id":"https:\/\/www.carms.ca\/#website","url":"https:\/\/www.carms.ca\/","name":"CaRMS","description":"","potentialAction":[{"@type":"SearchAction","target":{"@type":"EntryPoint","urlTemplate":"https:\/\/www.carms.ca\/?s={search_term_string}"},"query-input":{"@type":"PropertyValueSpecification","valueRequired":true,"valueName":"search_term_string"}}],"inLanguage":"fr-FR"}]}},"publishpress_future_workflow_manual_trigger":{"enabledWorkflows":[]},"_links":{"self":[{"href":"https:\/\/www.carms.ca\/fr\/wp-json\/wp\/v2\/pages\/18947","targetHints":{"allow":["GET"]}}],"collection":[{"href":"https:\/\/www.carms.ca\/fr\/wp-json\/wp\/v2\/pages"}],"about":[{"href":"https:\/\/www.carms.ca\/fr\/wp-json\/wp\/v2\/types\/page"}],"author":[{"embeddable":true,"href":"https:\/\/www.carms.ca\/fr\/wp-json\/wp\/v2\/users\/40"}],"replies":[{"embeddable":true,"href":"https:\/\/www.carms.ca\/fr\/wp-json\/wp\/v2\/comments?post=18947"}],"version-history":[{"count":11,"href":"https:\/\/www.carms.ca\/fr\/wp-json\/wp\/v2\/pages\/18947\/revisions"}],"predecessor-version":[{"id":52551,"href":"https:\/\/www.carms.ca\/fr\/wp-json\/wp\/v2\/pages\/18947\/revisions\/52551"}],"up":[{"embeddable":true,"href":"https:\/\/www.carms.ca\/fr\/wp-json\/wp\/v2\/pages\/2462"}],"wp:attachment":[{"href":"https:\/\/www.carms.ca\/fr\/wp-json\/wp\/v2\/media?parent=18947"}],"curies":[{"name":"wp","href":"https:\/\/api.w.org\/{rel}","templated":true}]}}