{"id":23243,"date":"2020-09-16T12:47:33","date_gmt":"2020-09-16T16:47:33","guid":{"rendered":"https:\/\/www.carms.ca\/?page_id=23243"},"modified":"2020-11-11T11:21:28","modified_gmt":"2020-11-11T16:21:28","slug":"video-pour-les-candidats","status":"publish","type":"page","link":"https:\/\/www.carms.ca\/fr\/pvj\/video-pour-les-candidats\/","title":{"rendered":"Vid\u00e9o pour les candidats"},"content":{"rendered":"<div class=\"wpb-content-wrapper\">[vc_row][vc_column][vc_column_text css=\u00a0\u00bb.vc_custom_1605111679914{margin-bottom: 0px !important;}\u00a0\u00bb]<span data-contrast=\"auto\">La <a href=\"https:\/\/carms.ca\/fr\/politiques\/#tab-1521643046-2-19\">politique concernant les violations du jumelage<\/a> offre des exemples pr\u00e9cis des actions qui constituent une violation, ainsi que la gamme des cons\u00e9quences possibles pour chaque type de violation. Visionnez la vid\u00e9o ci-dessous pour voir des exemples de comportements de la part des candidats pouvant mener \u00e0 une violation du contrat du jumelage et \u00e0 des sanctions graves.<\/span><span data-ccp-props=\"{&quot;201341983&quot;:0,&quot;335559740&quot;:259}\">\u00a0<\/span><\/p>\n<p><span data-contrast=\"auto\">Cette vid\u00e9o montre des exemples de certains types les plus courants de violations de la part des\u00a0<\/span><span data-contrast=\"auto\">candidats<\/span><span data-contrast=\"auto\">. Assurez-vous de consulter <a href=\"https:\/\/carms.ca\/fr\/politiques\/#tab-1521643046-2-19\">la politique<\/a> pour une ventilation d\u00e9taill\u00e9e des actions qui constituent une violation.\u00a0<\/span><span data-ccp-props=\"{&quot;201341983&quot;:0,&quot;335559740&quot;:259}\">\u00a0<\/span>[\/vc_column_text][\/vc_column][\/vc_row][vc_row][vc_column][vc_video link=\u00a0\u00bbhttps:\/\/youtu.be\/HKyQndSkjEo?rel=0&Prime;][\/vc_column][\/vc_row]\n<\/div>","protected":false},"excerpt":{"rendered":"<p>[vc_row][vc_column][vc_column_text css=\u00a0\u00bb.vc_custom_1605111679914{margin-bottom: 0px !important;}\u00a0\u00bb]La politique concernant les violations du jumelage offre des exemples pr\u00e9cis des actions qui constituent une violation, ainsi que la gamme des cons\u00e9quences possibles pour chaque type de violation. Visionnez la vid\u00e9o ci-dessous pour voir des exemples de comportements de la part des candidats pouvant mener \u00e0 une violation du contrat du [&hellip;]<\/p>\n","protected":false},"author":5,"featured_media":0,"parent":23237,"menu_order":0,"comment_status":"closed","ping_status":"closed","template":"","meta":{"_acf_changed":false,"footnotes":""},"class_list":["post-23243","page","type-page","status-publish","hentry"],"acf":{"subtitle":""},"yoast_head":"<!-- This site is optimized with the Yoast SEO plugin v27.3 - https:\/\/yoast.com\/product\/yoast-seo-wordpress\/ -->\n<title>Vid\u00e9o pour les candidats - CaRMS<\/title>\n<meta name=\"robots\" content=\"index, follow, max-snippet:-1, max-image-preview:large, max-video-preview:-1\" \/>\n<link rel=\"canonical\" href=\"https:\/\/www.carms.ca\/fr\/pvj\/video-pour-les-candidats\/\" \/>\n<meta property=\"og:locale\" content=\"fr_FR\" \/>\n<meta property=\"og:type\" content=\"article\" \/>\n<meta property=\"og:title\" content=\"Vid\u00e9o pour les candidats - CaRMS\" \/>\n<meta property=\"og:description\" content=\"[vc_row][vc_column][vc_column_text css=\u00a0\u00bb.vc_custom_1605111679914{margin-bottom: 0px !important;}\u00a0\u00bb]La politique concernant les violations du jumelage offre des exemples pr\u00e9cis des actions qui constituent une violation, ainsi que la gamme des cons\u00e9quences possibles pour chaque type de violation. Visionnez la vid\u00e9o ci-dessous pour voir des exemples de comportements de la part des candidats pouvant mener \u00e0 une violation du contrat du [&hellip;]\" \/>\n<meta property=\"og:url\" content=\"https:\/\/www.carms.ca\/fr\/pvj\/video-pour-les-candidats\/\" \/>\n<meta property=\"og:site_name\" content=\"CaRMS\" \/>\n<meta property=\"article:modified_time\" content=\"2020-11-11T16:21:28+00:00\" \/>\n<meta name=\"twitter:card\" content=\"summary_large_image\" \/>\n<meta name=\"twitter:label1\" content=\"Dur\u00e9e de lecture estim\u00e9e\" \/>\n\t<meta name=\"twitter:data1\" content=\"1 minute\" \/>\n<script type=\"application\/ld+json\" class=\"yoast-schema-graph\">{\"@context\":\"https:\\\/\\\/schema.org\",\"@graph\":[{\"@type\":\"WebPage\",\"@id\":\"https:\\\/\\\/www.carms.ca\\\/fr\\\/pvj\\\/video-pour-les-candidats\\\/\",\"url\":\"https:\\\/\\\/www.carms.ca\\\/fr\\\/pvj\\\/video-pour-les-candidats\\\/\",\"name\":\"Vid\u00e9o pour les candidats - CaRMS\",\"isPartOf\":{\"@id\":\"https:\\\/\\\/www.carms.ca\\\/#website\"},\"datePublished\":\"2020-09-16T16:47:33+00:00\",\"dateModified\":\"2020-11-11T16:21:28+00:00\",\"breadcrumb\":{\"@id\":\"https:\\\/\\\/www.carms.ca\\\/fr\\\/pvj\\\/video-pour-les-candidats\\\/#breadcrumb\"},\"inLanguage\":\"fr-FR\",\"potentialAction\":[{\"@type\":\"ReadAction\",\"target\":[\"https:\\\/\\\/www.carms.ca\\\/fr\\\/pvj\\\/video-pour-les-candidats\\\/\"]}]},{\"@type\":\"BreadcrumbList\",\"@id\":\"https:\\\/\\\/www.carms.ca\\\/fr\\\/pvj\\\/video-pour-les-candidats\\\/#breadcrumb\",\"itemListElement\":[{\"@type\":\"ListItem\",\"position\":1,\"name\":\"Accueil\",\"item\":\"https:\\\/\\\/www.carms.ca\\\/fr\\\/\"},{\"@type\":\"ListItem\",\"position\":2,\"name\":\"Politique concernant les violations du jumelage\",\"item\":\"https:\\\/\\\/www.carms.ca\\\/fr\\\/pvj\\\/\"},{\"@type\":\"ListItem\",\"position\":3,\"name\":\"Vid\u00e9o pour les candidats\"}]},{\"@type\":\"WebSite\",\"@id\":\"https:\\\/\\\/www.carms.ca\\\/#website\",\"url\":\"https:\\\/\\\/www.carms.ca\\\/\",\"name\":\"CaRMS\",\"description\":\"\",\"potentialAction\":[{\"@type\":\"SearchAction\",\"target\":{\"@type\":\"EntryPoint\",\"urlTemplate\":\"https:\\\/\\\/www.carms.ca\\\/?s={search_term_string}\"},\"query-input\":{\"@type\":\"PropertyValueSpecification\",\"valueRequired\":true,\"valueName\":\"search_term_string\"}}],\"inLanguage\":\"fr-FR\"}]}<\/script>\n<!-- \/ Yoast SEO plugin. -->","yoast_head_json":{"title":"Vid\u00e9o pour les candidats - CaRMS","robots":{"index":"index","follow":"follow","max-snippet":"max-snippet:-1","max-image-preview":"max-image-preview:large","max-video-preview":"max-video-preview:-1"},"canonical":"https:\/\/www.carms.ca\/fr\/pvj\/video-pour-les-candidats\/","og_locale":"fr_FR","og_type":"article","og_title":"Vid\u00e9o pour les candidats - CaRMS","og_description":"[vc_row][vc_column][vc_column_text css=\u00a0\u00bb.vc_custom_1605111679914{margin-bottom: 0px !important;}\u00a0\u00bb]La politique concernant les violations du jumelage offre des exemples pr\u00e9cis des actions qui constituent une violation, ainsi que la gamme des cons\u00e9quences possibles pour chaque type de violation. Visionnez la vid\u00e9o ci-dessous pour voir des exemples de comportements de la part des candidats pouvant mener \u00e0 une violation du contrat du [&hellip;]","og_url":"https:\/\/www.carms.ca\/fr\/pvj\/video-pour-les-candidats\/","og_site_name":"CaRMS","article_modified_time":"2020-11-11T16:21:28+00:00","twitter_card":"summary_large_image","twitter_misc":{"Dur\u00e9e de lecture estim\u00e9e":"1 minute"},"schema":{"@context":"https:\/\/schema.org","@graph":[{"@type":"WebPage","@id":"https:\/\/www.carms.ca\/fr\/pvj\/video-pour-les-candidats\/","url":"https:\/\/www.carms.ca\/fr\/pvj\/video-pour-les-candidats\/","name":"Vid\u00e9o pour les candidats - CaRMS","isPartOf":{"@id":"https:\/\/www.carms.ca\/#website"},"datePublished":"2020-09-16T16:47:33+00:00","dateModified":"2020-11-11T16:21:28+00:00","breadcrumb":{"@id":"https:\/\/www.carms.ca\/fr\/pvj\/video-pour-les-candidats\/#breadcrumb"},"inLanguage":"fr-FR","potentialAction":[{"@type":"ReadAction","target":["https:\/\/www.carms.ca\/fr\/pvj\/video-pour-les-candidats\/"]}]},{"@type":"BreadcrumbList","@id":"https:\/\/www.carms.ca\/fr\/pvj\/video-pour-les-candidats\/#breadcrumb","itemListElement":[{"@type":"ListItem","position":1,"name":"Accueil","item":"https:\/\/www.carms.ca\/fr\/"},{"@type":"ListItem","position":2,"name":"Politique concernant les violations du jumelage","item":"https:\/\/www.carms.ca\/fr\/pvj\/"},{"@type":"ListItem","position":3,"name":"Vid\u00e9o pour les candidats"}]},{"@type":"WebSite","@id":"https:\/\/www.carms.ca\/#website","url":"https:\/\/www.carms.ca\/","name":"CaRMS","description":"","potentialAction":[{"@type":"SearchAction","target":{"@type":"EntryPoint","urlTemplate":"https:\/\/www.carms.ca\/?s={search_term_string}"},"query-input":{"@type":"PropertyValueSpecification","valueRequired":true,"valueName":"search_term_string"}}],"inLanguage":"fr-FR"}]}},"publishpress_future_workflow_manual_trigger":{"enabledWorkflows":[]},"_links":{"self":[{"href":"https:\/\/www.carms.ca\/fr\/wp-json\/wp\/v2\/pages\/23243","targetHints":{"allow":["GET"]}}],"collection":[{"href":"https:\/\/www.carms.ca\/fr\/wp-json\/wp\/v2\/pages"}],"about":[{"href":"https:\/\/www.carms.ca\/fr\/wp-json\/wp\/v2\/types\/page"}],"author":[{"embeddable":true,"href":"https:\/\/www.carms.ca\/fr\/wp-json\/wp\/v2\/users\/5"}],"replies":[{"embeddable":true,"href":"https:\/\/www.carms.ca\/fr\/wp-json\/wp\/v2\/comments?post=23243"}],"version-history":[{"count":8,"href":"https:\/\/www.carms.ca\/fr\/wp-json\/wp\/v2\/pages\/23243\/revisions"}],"predecessor-version":[{"id":24069,"href":"https:\/\/www.carms.ca\/fr\/wp-json\/wp\/v2\/pages\/23243\/revisions\/24069"}],"up":[{"embeddable":true,"href":"https:\/\/www.carms.ca\/fr\/wp-json\/wp\/v2\/pages\/23237"}],"wp:attachment":[{"href":"https:\/\/www.carms.ca\/fr\/wp-json\/wp\/v2\/media?parent=23243"}],"curies":[{"name":"wp","href":"https:\/\/api.w.org\/{rel}","templated":true}]}}