{"id":23479,"date":"2020-09-25T15:46:04","date_gmt":"2020-09-25T19:46:04","guid":{"rendered":"https:\/\/www.carms.ca\/?page_id=23479"},"modified":"2020-09-28T10:40:46","modified_gmt":"2020-09-28T14:40:46","slug":"invitations-en-entrevue","status":"publish","type":"page","link":"https:\/\/www.carms.ca\/fr\/donnees-et-rapports\/donnees-et-rapports-du-jrsa\/invitations-en-entrevue\/","title":{"rendered":"Invitations en entrevue"},"content":{"rendered":"<div class=\"wpb-content-wrapper\">[vc_row][vc_column][vc_column_text css=\u00a0\u00bb.vc_custom_1601304034359{margin-bottom: 0px !important;}\u00a0\u00bb]Pendant l\u2019ann\u00e9e de jumelage de 2020, une nouvelle fonction dans CaRMS en ligne a permis aux facult\u00e9s d\u2019indiquer, pour chaque candidature soumise \u00e0 un programme, si les candidats recevront une invitation en entrevue.<\/p>\n<p><strong>Les tableaux et les graphiques ci-dessous partagent des donn\u00e9es concernant les invitations en entrevue lors du premier tour du JSM de 2020<\/strong>. Ces donn\u00e9es comprennent les invitations en entrevue envoy\u00e9es par les programmes \u2014 elles n\u2019indiquent pas si des entrevues ont eu lieu ou non. Des donn\u00e9es comparables sont \u00e9galement disponibles pour le premier tour du <a href=\"https:\/\/www.carms.ca\/fr\/donnees-et-rapports\/donnees-et-rapports-du-jumelage-r-1\/invitations-en-entrevue\/\">jumelage R-1 de 2020<\/a>. et le <a href=\"https:\/\/www.carms.ca\/fr\/donnees-et-rapports\/donnees-et-rapports-du-jumelage-mf-ca\/invitations-en-entrevues\/\">jumelage MF\/MU* de 2020<\/a><\/p>\n<p>En consultant les donn\u00e9es, il est important de noter la distinction entre les candidats et les candidatures, puisqu\u2019un seul candidat peut soumettre plusieurs candidatures distinctes aux programmes qu\u2019il l\u2019int\u00e9resse.[\/vc_column_text][\/vc_column][\/vc_row][vc_row][vc_column][mk_padding_divider][vc_column_text css=\u00a0\u00bb.vc_custom_1601043716171{margin-bottom: 0px !important;}\u00a0\u00bb]\n<h3>Invitations en entrevue selon la candidature<\/h3>\n<p>Les candidatures qui ont re\u00e7u et qui n&rsquo;ont pas re\u00e7u d&rsquo;invitation en entrevue, selon le type de candidat, lors du premier tour.[\/vc_column_text][vc_single_image image=\u00a0\u00bb23558&Prime; img_size=\u00a0\u00bb513&#215;299&Prime; alignment=\u00a0\u00bbcenter\u00a0\u00bb][mk_table]\n<table width=\"633\">\n<tbody>\n<tr>\n<td width=\"276\"><strong>\u00a0<\/strong><\/td>\n<td width=\"357\"><strong>Nombre total de candidatures<\/strong><\/td>\n<\/tr>\n<tr>\n<td width=\"276\"><strong>A re\u00e7u une entrevue<\/strong><\/td>\n<td width=\"357\">3 160<\/td>\n<\/tr>\n<tr>\n<td width=\"276\"><strong>N&rsquo;a pas re\u00e7u d&rsquo;entrevue<\/strong><\/td>\n<td width=\"357\">912<\/td>\n<\/tr>\n<tr>\n<td width=\"276\"><strong>Nombre total de candidatures<\/strong><\/td>\n<td width=\"357\"><strong>4 072<\/strong><\/td>\n<\/tr>\n<\/tbody>\n<\/table>\n[\/mk_table][mk_padding_divider][vc_column_text css=\u00a0\u00bb.vc_custom_1601044958776{margin-bottom: 0px !important;}\u00a0\u00bb]\n<h3>Candidats qui ont re\u00e7u au moins une entrevue<\/h3>\n<p>Les candidats qui ont re\u00e7u et qui n&rsquo;ont pas re\u00e7u au moins une invitation en entrevue lors du premier tour.[\/vc_column_text][vc_single_image image=\u00a0\u00bb23560&Prime; img_size=\u00a0\u00bb518&#215;299&Prime; alignment=\u00a0\u00bbcenter\u00a0\u00bb][mk_table]\n<table width=\"591\">\n<tbody>\n<tr>\n<td rowspan=\"2\" width=\"180\"><strong>\u00a0<\/strong><strong>\u00a0<\/strong><\/td>\n<td colspan=\"2\" width=\"169\"><strong>Ont re\u00e7u au moins une entrevue<\/strong><\/td>\n<td colspan=\"2\" width=\"150\"><strong>N&rsquo;ont pas re\u00e7u d&rsquo;entrevue<\/strong><\/td>\n<td rowspan=\"2\" width=\"91\"><strong>Nombre total de candidats<\/strong><\/td>\n<\/tr>\n<tr>\n<td width=\"84\"><strong>Nombre<\/strong><\/td>\n<td width=\"85\"><strong>Pourcentage<\/strong><\/td>\n<td width=\"76\"><strong>Nombre<\/strong><\/td>\n<td width=\"75\"><b>Pourcentage<\/b><\/td>\n<\/tr>\n<tr>\n<td width=\"180\"><strong>Candidats<\/strong><\/td>\n<td width=\"84\">544<\/td>\n<td width=\"85\">99,09 %<\/td>\n<td width=\"76\">5<\/td>\n<td width=\"75\">0,91 %<\/td>\n<td width=\"91\">549<\/td>\n<\/tr>\n<\/tbody>\n<\/table>\n[\/mk_table][mk_padding_divider][vc_column_text css=\u00a0\u00bb.vc_custom_1601046423580{margin-bottom: 0px !important;}\u00a0\u00bb]\n<h3>Entrevues offertes selon la candidature \u2014 aper\u00e7u des disciplines<\/h3>\n<p>Candidatures qui ont re\u00e7u et qui n&rsquo;ont pas re\u00e7u des invitations en entrevue, selon la discipline du programme, lors du premier tour.[\/vc_column_text][mk_table]\n<table width=\"607\">\n<tbody>\n<tr>\n<td width=\"255\"><strong>Discipline<\/strong><\/td>\n<td width=\"129\"><strong>Candidatures qui ont re\u00e7u une entrevue<\/strong><\/td>\n<td width=\"114\"><strong>Candidatures qui n&rsquo;ont pas re\u00e7u une entrevue<\/strong><\/td>\n<td width=\"109\"><strong>Nombre total de candidatures<\/strong><\/td>\n<\/tr>\n<tr>\n<td width=\"255\"><strong>Cardiologie chez l\u2019adulte<\/strong><\/td>\n<td width=\"129\">409<\/td>\n<td width=\"114\">75<\/td>\n<td width=\"109\">484<\/td>\n<\/tr>\n<tr>\n<td width=\"255\"><strong>Immunologie clinique et allergie chez l\u2019adulte<\/strong><\/td>\n<td width=\"129\">65<\/td>\n<td width=\"114\">1<\/td>\n<td width=\"109\">66<\/td>\n<\/tr>\n<tr>\n<td width=\"255\"><strong>M\u00e9decine des soins intensifs chez l\u2019adulte<\/strong><\/td>\n<td width=\"129\">231<\/td>\n<td width=\"114\">177<\/td>\n<td width=\"109\">408<\/td>\n<\/tr>\n<tr>\n<td width=\"255\"><strong>Endocrinologie et m\u00e9tabolisme chez l\u2019adulte<\/strong><\/td>\n<td width=\"129\">178<\/td>\n<td width=\"114\">42<\/td>\n<td width=\"109\">220<\/td>\n<\/tr>\n<tr>\n<td width=\"255\"><strong>Gastro-ent\u00e9rologie chez l\u2019adulte<\/strong><\/td>\n<td width=\"129\">251<\/td>\n<td width=\"114\">145<\/td>\n<td width=\"109\">396<\/td>\n<\/tr>\n<tr>\n<td width=\"255\"><strong>Gastro-ent\u00e9rologie chez l\u2019adulte \u2014 volet de recherche<\/strong><\/td>\n<td width=\"129\">2<\/td>\n<td width=\"114\">1<\/td>\n<td width=\"109\">3<\/td>\n<\/tr>\n<tr>\n<td width=\"255\"><strong>Maladies infectieuses chez l\u2019adulte<\/strong><\/td>\n<td width=\"129\">127<\/td>\n<td width=\"114\">17<\/td>\n<td width=\"109\">144<\/td>\n<\/tr>\n<tr>\n<td width=\"255\"><strong>Maladies infectieuses chez l\u2019adulte et microbiologie m\u00e9dicale<\/strong><\/td>\n<td width=\"129\">37<\/td>\n<td width=\"114\">4<\/td>\n<td width=\"109\">41<\/td>\n<\/tr>\n<tr>\n<td width=\"255\"><strong>N\u00e9phrologie chez l\u2019adulte<\/strong><\/td>\n<td width=\"129\">181<\/td>\n<td width=\"114\">14<\/td>\n<td width=\"109\">195<\/td>\n<\/tr>\n<tr>\n<td width=\"255\"><strong>M\u00e9decine palliative chez l&rsquo;adulte<\/strong><\/td>\n<td width=\"129\">16<\/td>\n<td width=\"114\">0<\/td>\n<td width=\"109\">16<\/td>\n<\/tr>\n<tr>\n<td width=\"255\"><strong>Pneumologie chez l\u2019adulte<\/strong><\/td>\n<td width=\"129\">262<\/td>\n<td width=\"114\">46<\/td>\n<td width=\"109\">308<\/td>\n<\/tr>\n<tr>\n<td width=\"255\"><strong>Rhumatologie chez l\u2019adulte<\/strong><\/td>\n<td width=\"129\">223<\/td>\n<td width=\"114\">89<\/td>\n<td width=\"109\">312<\/td>\n<\/tr>\n<tr>\n<td width=\"255\"><strong>Pharmacologie clinique et toxicologie<\/strong><\/td>\n<td width=\"129\">3<\/td>\n<td width=\"114\">0<\/td>\n<td width=\"109\">3<\/td>\n<\/tr>\n<tr>\n<td width=\"255\"><strong>M\u00e9decine interne g\u00e9n\u00e9rale<\/strong><\/td>\n<td width=\"129\">564<\/td>\n<td width=\"114\">192<\/td>\n<td width=\"109\">756<\/td>\n<\/tr>\n<tr>\n<td width=\"255\"><strong>M\u00e9decine g\u00e9riatrique<\/strong><\/td>\n<td width=\"129\">153<\/td>\n<td width=\"114\">11<\/td>\n<td width=\"109\">164<\/td>\n<\/tr>\n<tr>\n<td width=\"255\"><strong>H\u00e9matologie<\/strong><\/td>\n<td width=\"129\">200<\/td>\n<td width=\"114\">69<\/td>\n<td width=\"109\">269<\/td>\n<\/tr>\n<tr>\n<td width=\"255\"><strong>Oncologie m\u00e9dicale<\/strong><\/td>\n<td width=\"129\">228<\/td>\n<td width=\"114\">29<\/td>\n<td width=\"109\">257<\/td>\n<\/tr>\n<tr>\n<td width=\"255\"><strong>M\u00e9decine de la douleur<\/strong><\/td>\n<td width=\"129\">30<\/td>\n<td width=\"114\">0<\/td>\n<td width=\"109\">30<\/td>\n<\/tr>\n<tr>\n<td width=\"255\"><strong>Nombre total de candidatures<\/strong><\/td>\n<td width=\"129\"><strong>3 160<\/strong><\/td>\n<td width=\"114\"><strong>912<\/strong><\/td>\n<td width=\"109\"><strong>4 072<\/strong><\/td>\n<\/tr>\n<\/tbody>\n<\/table>\n[\/mk_table][mk_padding_divider][vc_column_text css=\u00a0\u00bb.vc_custom_1601048279445{margin-bottom: 0px !important;}\u00a0\u00bb]\n<p style=\"text-align: right;\">*MF\/MU renomm\u00e9 MF\/CA lors du cycle de 2021<\/p>\n[\/vc_column_text][\/vc_column][\/vc_row]\n<\/div>","protected":false},"excerpt":{"rendered":"<p>[vc_row][vc_column][vc_column_text css=\u00a0\u00bb.vc_custom_1601304034359{margin-bottom: 0px !important;}\u00a0\u00bb]Pendant l\u2019ann\u00e9e de jumelage de 2020, une nouvelle fonction dans CaRMS en ligne a permis aux facult\u00e9s d\u2019indiquer, pour chaque candidature soumise \u00e0 un programme, si les candidats recevront une invitation en entrevue. Les tableaux et les graphiques ci-dessous partagent des donn\u00e9es concernant les invitations en entrevue lors du premier tour du [&hellip;]<\/p>\n","protected":false},"author":5,"featured_media":0,"parent":2902,"menu_order":0,"comment_status":"closed","ping_status":"closed","template":"","meta":{"_acf_changed":false,"footnotes":""},"class_list":["post-23479","page","type-page","status-publish","hentry"],"acf":{"subtitle":""},"yoast_head":"<!-- This site is optimized with the Yoast SEO plugin v27.3 - https:\/\/yoast.com\/product\/yoast-seo-wordpress\/ -->\n<title>Invitations en entrevue - CaRMS<\/title>\n<meta name=\"robots\" content=\"index, follow, max-snippet:-1, max-image-preview:large, max-video-preview:-1\" \/>\n<link rel=\"canonical\" href=\"https:\/\/www.carms.ca\/fr\/donnees-et-rapports\/donnees-et-rapports-du-jrsa\/invitations-en-entrevue\/\" \/>\n<meta property=\"og:locale\" content=\"fr_FR\" \/>\n<meta property=\"og:type\" content=\"article\" \/>\n<meta property=\"og:title\" content=\"Invitations en entrevue - CaRMS\" \/>\n<meta property=\"og:description\" content=\"[vc_row][vc_column][vc_column_text css=\u00a0\u00bb.vc_custom_1601304034359{margin-bottom: 0px !important;}\u00a0\u00bb]Pendant l\u2019ann\u00e9e de jumelage de 2020, une nouvelle fonction dans CaRMS en ligne a permis aux facult\u00e9s d\u2019indiquer, pour chaque candidature soumise \u00e0 un programme, si les candidats recevront une invitation en entrevue. Les tableaux et les graphiques ci-dessous partagent des donn\u00e9es concernant les invitations en entrevue lors du premier tour du [&hellip;]\" \/>\n<meta property=\"og:url\" content=\"https:\/\/www.carms.ca\/fr\/donnees-et-rapports\/donnees-et-rapports-du-jrsa\/invitations-en-entrevue\/\" \/>\n<meta property=\"og:site_name\" content=\"CaRMS\" \/>\n<meta property=\"article:modified_time\" content=\"2020-09-28T14:40:46+00:00\" \/>\n<meta name=\"twitter:card\" content=\"summary_large_image\" \/>\n<meta name=\"twitter:label1\" content=\"Dur\u00e9e de lecture estim\u00e9e\" \/>\n\t<meta name=\"twitter:data1\" content=\"3 minutes\" \/>\n<script type=\"application\/ld+json\" class=\"yoast-schema-graph\">{\"@context\":\"https:\\\/\\\/schema.org\",\"@graph\":[{\"@type\":\"WebPage\",\"@id\":\"https:\\\/\\\/www.carms.ca\\\/fr\\\/donnees-et-rapports\\\/donnees-et-rapports-du-jrsa\\\/invitations-en-entrevue\\\/\",\"url\":\"https:\\\/\\\/www.carms.ca\\\/fr\\\/donnees-et-rapports\\\/donnees-et-rapports-du-jrsa\\\/invitations-en-entrevue\\\/\",\"name\":\"Invitations en entrevue - CaRMS\",\"isPartOf\":{\"@id\":\"https:\\\/\\\/www.carms.ca\\\/#website\"},\"datePublished\":\"2020-09-25T19:46:04+00:00\",\"dateModified\":\"2020-09-28T14:40:46+00:00\",\"breadcrumb\":{\"@id\":\"https:\\\/\\\/www.carms.ca\\\/fr\\\/donnees-et-rapports\\\/donnees-et-rapports-du-jrsa\\\/invitations-en-entrevue\\\/#breadcrumb\"},\"inLanguage\":\"fr-FR\",\"potentialAction\":[{\"@type\":\"ReadAction\",\"target\":[\"https:\\\/\\\/www.carms.ca\\\/fr\\\/donnees-et-rapports\\\/donnees-et-rapports-du-jrsa\\\/invitations-en-entrevue\\\/\"]}]},{\"@type\":\"BreadcrumbList\",\"@id\":\"https:\\\/\\\/www.carms.ca\\\/fr\\\/donnees-et-rapports\\\/donnees-et-rapports-du-jrsa\\\/invitations-en-entrevue\\\/#breadcrumb\",\"itemListElement\":[{\"@type\":\"ListItem\",\"position\":1,\"name\":\"Accueil\",\"item\":\"https:\\\/\\\/www.carms.ca\\\/fr\\\/\"},{\"@type\":\"ListItem\",\"position\":2,\"name\":\"Donn\u00e9es et rapports\",\"item\":\"https:\\\/\\\/www.carms.ca\\\/fr\\\/donnees-et-rapports\\\/\"},{\"@type\":\"ListItem\",\"position\":3,\"name\":\"Donn\u00e9es et rapports du JRSA\",\"item\":\"https:\\\/\\\/www.carms.ca\\\/fr\\\/donnees-et-rapports\\\/donnees-et-rapports-du-jrsa\\\/\"},{\"@type\":\"ListItem\",\"position\":4,\"name\":\"Invitations en entrevue\"}]},{\"@type\":\"WebSite\",\"@id\":\"https:\\\/\\\/www.carms.ca\\\/#website\",\"url\":\"https:\\\/\\\/www.carms.ca\\\/\",\"name\":\"CaRMS\",\"description\":\"\",\"potentialAction\":[{\"@type\":\"SearchAction\",\"target\":{\"@type\":\"EntryPoint\",\"urlTemplate\":\"https:\\\/\\\/www.carms.ca\\\/?s={search_term_string}\"},\"query-input\":{\"@type\":\"PropertyValueSpecification\",\"valueRequired\":true,\"valueName\":\"search_term_string\"}}],\"inLanguage\":\"fr-FR\"}]}<\/script>\n<!-- \/ Yoast SEO plugin. -->","yoast_head_json":{"title":"Invitations en entrevue - CaRMS","robots":{"index":"index","follow":"follow","max-snippet":"max-snippet:-1","max-image-preview":"max-image-preview:large","max-video-preview":"max-video-preview:-1"},"canonical":"https:\/\/www.carms.ca\/fr\/donnees-et-rapports\/donnees-et-rapports-du-jrsa\/invitations-en-entrevue\/","og_locale":"fr_FR","og_type":"article","og_title":"Invitations en entrevue - CaRMS","og_description":"[vc_row][vc_column][vc_column_text css=\u00a0\u00bb.vc_custom_1601304034359{margin-bottom: 0px !important;}\u00a0\u00bb]Pendant l\u2019ann\u00e9e de jumelage de 2020, une nouvelle fonction dans CaRMS en ligne a permis aux facult\u00e9s d\u2019indiquer, pour chaque candidature soumise \u00e0 un programme, si les candidats recevront une invitation en entrevue. Les tableaux et les graphiques ci-dessous partagent des donn\u00e9es concernant les invitations en entrevue lors du premier tour du [&hellip;]","og_url":"https:\/\/www.carms.ca\/fr\/donnees-et-rapports\/donnees-et-rapports-du-jrsa\/invitations-en-entrevue\/","og_site_name":"CaRMS","article_modified_time":"2020-09-28T14:40:46+00:00","twitter_card":"summary_large_image","twitter_misc":{"Dur\u00e9e de lecture estim\u00e9e":"3 minutes"},"schema":{"@context":"https:\/\/schema.org","@graph":[{"@type":"WebPage","@id":"https:\/\/www.carms.ca\/fr\/donnees-et-rapports\/donnees-et-rapports-du-jrsa\/invitations-en-entrevue\/","url":"https:\/\/www.carms.ca\/fr\/donnees-et-rapports\/donnees-et-rapports-du-jrsa\/invitations-en-entrevue\/","name":"Invitations en entrevue - CaRMS","isPartOf":{"@id":"https:\/\/www.carms.ca\/#website"},"datePublished":"2020-09-25T19:46:04+00:00","dateModified":"2020-09-28T14:40:46+00:00","breadcrumb":{"@id":"https:\/\/www.carms.ca\/fr\/donnees-et-rapports\/donnees-et-rapports-du-jrsa\/invitations-en-entrevue\/#breadcrumb"},"inLanguage":"fr-FR","potentialAction":[{"@type":"ReadAction","target":["https:\/\/www.carms.ca\/fr\/donnees-et-rapports\/donnees-et-rapports-du-jrsa\/invitations-en-entrevue\/"]}]},{"@type":"BreadcrumbList","@id":"https:\/\/www.carms.ca\/fr\/donnees-et-rapports\/donnees-et-rapports-du-jrsa\/invitations-en-entrevue\/#breadcrumb","itemListElement":[{"@type":"ListItem","position":1,"name":"Accueil","item":"https:\/\/www.carms.ca\/fr\/"},{"@type":"ListItem","position":2,"name":"Donn\u00e9es et rapports","item":"https:\/\/www.carms.ca\/fr\/donnees-et-rapports\/"},{"@type":"ListItem","position":3,"name":"Donn\u00e9es et rapports du JRSA","item":"https:\/\/www.carms.ca\/fr\/donnees-et-rapports\/donnees-et-rapports-du-jrsa\/"},{"@type":"ListItem","position":4,"name":"Invitations en entrevue"}]},{"@type":"WebSite","@id":"https:\/\/www.carms.ca\/#website","url":"https:\/\/www.carms.ca\/","name":"CaRMS","description":"","potentialAction":[{"@type":"SearchAction","target":{"@type":"EntryPoint","urlTemplate":"https:\/\/www.carms.ca\/?s={search_term_string}"},"query-input":{"@type":"PropertyValueSpecification","valueRequired":true,"valueName":"search_term_string"}}],"inLanguage":"fr-FR"}]}},"publishpress_future_workflow_manual_trigger":{"enabledWorkflows":[]},"_links":{"self":[{"href":"https:\/\/www.carms.ca\/fr\/wp-json\/wp\/v2\/pages\/23479","targetHints":{"allow":["GET"]}}],"collection":[{"href":"https:\/\/www.carms.ca\/fr\/wp-json\/wp\/v2\/pages"}],"about":[{"href":"https:\/\/www.carms.ca\/fr\/wp-json\/wp\/v2\/types\/page"}],"author":[{"embeddable":true,"href":"https:\/\/www.carms.ca\/fr\/wp-json\/wp\/v2\/users\/5"}],"replies":[{"embeddable":true,"href":"https:\/\/www.carms.ca\/fr\/wp-json\/wp\/v2\/comments?post=23479"}],"version-history":[{"count":6,"href":"https:\/\/www.carms.ca\/fr\/wp-json\/wp\/v2\/pages\/23479\/revisions"}],"predecessor-version":[{"id":23586,"href":"https:\/\/www.carms.ca\/fr\/wp-json\/wp\/v2\/pages\/23479\/revisions\/23586"}],"up":[{"embeddable":true,"href":"https:\/\/www.carms.ca\/fr\/wp-json\/wp\/v2\/pages\/2902"}],"wp:attachment":[{"href":"https:\/\/www.carms.ca\/fr\/wp-json\/wp\/v2\/media?parent=23479"}],"curies":[{"name":"wp","href":"https:\/\/api.w.org\/{rel}","templated":true}]}}