{"id":24165,"date":"2020-11-25T11:30:16","date_gmt":"2020-11-25T16:30:16","guid":{"rendered":"https:\/\/www.carms.ca\/?page_id=24165"},"modified":"2025-02-11T11:15:57","modified_gmt":"2025-02-11T16:15:57","slug":"rapports-de-recherche","status":"publish","type":"page","link":"https:\/\/www.carms.ca\/fr\/donnees-et-rapports\/rapports-de-recherche\/","title":{"rendered":"Rapports de recherche"},"content":{"rendered":"<div class=\"wpb-content-wrapper\">[mk_page_section vertical_align=\u00a0\u00bbcenter\u00a0\u00bb layout_structure=\u00a0\u00bbhalf_left\u00a0\u00bb bg_image=\u00a0\u00bbhttps:\/\/www.carms.ca\/wp-content\/uploads\/2020\/11\/20170924_carms_stock-0556-edit-scaled.jpg\u00a0\u00bb bg_color=\u00a0\u00bb#f2f6f9&Prime; padding_top=\u00a0\u00bb50&Prime; padding_bottom=\u00a0\u00bb52&Prime; el_class=\u00a0\u00bblayout-half-image\u00a0\u00bb][vc_column][vc_column_text css=\u00a0\u00bb.vc_custom_1606321544628{margin-bottom: 0px !important;}\u00a0\u00bb]<span class=\"TextRun SCXW246723397 BCX0\" lang=\"FR-CA\" xml:lang=\"FR-CA\" data-contrast=\"auto\"><span class=\"NormalTextRun SCXW246723397 BCX0\">Lisez nos rapports de r<\/span><\/span><span class=\"TextRun SCXW246723397 BCX0\" lang=\"FR-CA\" xml:lang=\"FR-CA\" data-contrast=\"auto\"><span class=\"NormalTextRun SCXW246723397 BCX0\">echerche\u00a0<\/span><\/span><span class=\"TextRun SCXW246723397 BCX0\" lang=\"FR-CA\" xml:lang=\"FR-CA\" data-contrast=\"auto\"><span class=\"NormalTextRun SCXW246723397 BCX0\">pour des\u00a0<\/span><\/span><span class=\"TextRun SCXW246723397 BCX0\" lang=\"FR-CA\" xml:lang=\"FR-CA\" data-contrast=\"auto\"><span class=\"NormalTextRun SCXW246723397 BCX0\">analyses approfondies des donn\u00e9es concernant des aspects\u00a0<\/span><\/span><span class=\"TextRun SCXW246723397 BCX0\" lang=\"FR-CA\" xml:lang=\"FR-CA\" data-contrast=\"auto\"><span class=\"NormalTextRun SCXW246723397 BCX0\">pr\u00e9cis<\/span><\/span><span class=\"TextRun SCXW246723397 BCX0\" lang=\"FR-CA\" xml:lang=\"FR-CA\" data-contrast=\"auto\"><span class=\"NormalTextRun SCXW246723397 BCX0\">\u00a0du processus de candidature, de s\u00e9lection et de jumelage<\/span><\/span><span class=\"TextRun SCXW246723397 BCX0\" lang=\"FR-CA\" xml:lang=\"FR-CA\" data-contrast=\"auto\"><span class=\"NormalTextRun SCXW246723397 BCX0\">.<\/span><\/span><span class=\"EOP SCXW246723397 BCX0\" data-ccp-props=\"{&quot;201341983&quot;:0,&quot;335559740&quot;:259}\">\u00a0<\/span>[\/vc_column_text][vc_column_text css=\u00a0\u00bb.vc_custom_1739290547924{margin-bottom: 0px !important;}\u00a0\u00bb]<img loading=\"lazy\" decoding=\"async\" class=\"wp-image-1957 alignleft\" src=\"https:\/\/www.carms.ca\/wp-content\/uploads\/2018\/04\/carms-data-inquiry-icon.png\" alt=\"\" width=\"71\" height=\"77\" \/><strong>Avez-vous une demande de donn\u00e9es?<\/strong> Si vous avez une question concernant les donn\u00e9es du jumelage, communiquez avec nous en utilisant notre <a href=\"\/fr\/donnees-et-rapports\/formulaire-de-demande-de-donnees\/\">formulaire de demande de donn\u00e9es<\/a>.[\/vc_column_text][\/vc_column][\/mk_page_section][vc_row][vc_column][mk_padding_divider][\/vc_column][\/vc_row][vc_row][vc_column width=\u00a0\u00bb1\/3&Prime;][mk_image src=\u00a0\u00bbhttps:\/\/www.carms.ca\/wp-content\/uploads\/2020\/11\/research-reports-1.jpg\u00a0\u00bb image_size=\u00a0\u00bbfull\u00a0\u00bb][\/vc_column][vc_column width=\u00a0\u00bb2\/3&Prime;][mk_padding_divider][vc_column_text css=\u00a0\u00bb.vc_custom_1606321632428{margin-bottom: 0px !important;}\u00a0\u00bb]\n<h2>Comparaison des proportions des candidats DCM locaux et hors facult\u00e9: Invitations en entrevue et classement<\/h2>\n<p><span class=\"TextRun SCXW146896591 BCX0\" lang=\"FR-CA\" xml:lang=\"FR-CA\" data-contrast=\"auto\"><span class=\"NormalTextRun SCXW146896591 BCX0\">Une analyse des diff<\/span><\/span><span class=\"TextRun SCXW146896591 BCX0\" lang=\"FR-CA\" xml:lang=\"FR-CA\" data-contrast=\"auto\"><span class=\"NormalTextRun SCXW146896591 BCX0\">\u00e9<\/span><\/span><span class=\"TextRun SCXW146896591 BCX0\" lang=\"FR-CA\" xml:lang=\"FR-CA\" data-contrast=\"auto\"><span class=\"NormalTextRun SCXW146896591 BCX0\">rences\u00a0<\/span><\/span><span class=\"TextRun SCXW146896591 BCX0\" lang=\"FR-CA\" xml:lang=\"FR-CA\" data-contrast=\"auto\"><span class=\"NormalTextRun SCXW146896591 BCX0\">d<\/span><\/span><span class=\"TextRun SCXW146896591 BCX0\" lang=\"FR-CA\" xml:lang=\"FR-CA\" data-contrast=\"auto\"><span class=\"NormalTextRun SCXW146896591 BCX0\">ans les invitations en entrevue des programmes et les comportements en mati\u00e8re de classement des dipl\u00f4m\u00e9s canadiens en m\u00e9decine<\/span><\/span><span class=\"TextRun SCXW146896591 BCX0\" lang=\"FR-CA\" xml:lang=\"FR-CA\" data-contrast=\"auto\"><span class=\"NormalTextRun SCXW146896591 BCX0\">\u00a0(DCM)\u00a0<\/span><\/span><span class=\"TextRun SCXW146896591 BCX0\" lang=\"FR-CA\" xml:lang=\"FR-CA\" data-contrast=\"auto\"><span class=\"NormalTextRun SCXW146896591 BCX0\">qui po<\/span><\/span><span class=\"TextRun SCXW146896591 BCX0\" lang=\"FR-CA\" xml:lang=\"FR-CA\" data-contrast=\"auto\"><span class=\"NormalTextRun SCXW146896591 BCX0\">stulent pour des postes de\u00a0<\/span><\/span><span class=\"TextRun SCXW146896591 BCX0\" lang=\"FR-CA\" xml:lang=\"FR-CA\" data-contrast=\"auto\"><span class=\"NormalTextRun SCXW146896591 BCX0\">r\u00e9sidence<\/span><\/span><span class=\"TextRun SCXW146896591 BCX0\" lang=\"FR-CA\" xml:lang=\"FR-CA\" data-contrast=\"auto\"><span class=\"NormalTextRun SCXW146896591 BCX0\">\u00a0\u00e0 la facult\u00e9 o\u00f9 ils ont termin<\/span><\/span><span class=\"TextRun SCXW146896591 BCX0\" lang=\"FR-CA\" xml:lang=\"FR-CA\" data-contrast=\"auto\"><span class=\"NormalTextRun SCXW146896591 BCX0\">\u00e9<\/span><\/span><span class=\"TextRun SCXW146896591 BCX0\" lang=\"FR-CA\" xml:lang=\"FR-CA\" data-contrast=\"auto\"><span class=\"NormalTextRun SCXW146896591 BCX0\">\u00a0leurs \u00e9tudes en\u00a0<\/span><\/span><span class=\"TextRun SCXW146896591 BCX0\" lang=\"FR-CA\" xml:lang=\"FR-CA\" data-contrast=\"auto\"><span class=\"NormalTextRun SCXW146896591 BCX0\">m\u00e9decine (DCM locaux) et les DCM qui postulent\u00a0<\/span><\/span><span class=\"TextRun SCXW146896591 BCX0\" lang=\"FR-CA\" xml:lang=\"FR-CA\" data-contrast=\"auto\"><span class=\"NormalTextRun SCXW146896591 BCX0\">pour des postes de r\u00e9sidence\u00a0<\/span><\/span><span class=\"TextRun SCXW146896591 BCX0\" lang=\"FR-CA\" xml:lang=\"FR-CA\" data-contrast=\"auto\"><span class=\"NormalTextRun SCXW146896591 BCX0\">\u00e0 des facult\u00e9s o\u00f9 ils n\u2019ont pas effectu\u00e9 leurs \u00e9tudes en m\u00e9decine (DCM hors facult\u00e9).<\/span><\/span><span class=\"EOP SCXW146896591 BCX0\" data-ccp-props=\"{&quot;201341983&quot;:0,&quot;335559740&quot;:259}\">\u00a0<\/span>[\/vc_column_text][mk_button dimension=\u00a0\u00bbflat\u00a0\u00bb corner_style=\u00a0\u00bbfull_rounded\u00a0\u00bb size=\u00a0\u00bblarge\u00a0\u00bb letter_spacing=\u00a0\u00bb1&Prime; url=\u00a0\u00bb\/pdfs\/DCM-locaux-et-hors-faculte.pdf\u00a0\u00bb align=\u00a0\u00bbcenter\u00a0\u00bb]Lisez le rapport ici[\/mk_button][\/vc_column][\/vc_row][vc_row][vc_column width=\u00a0\u00bb1\/3&Prime;][mk_image src=\u00a0\u00bbhttps:\/\/www.carms.ca\/wp-content\/uploads\/2020\/11\/research-reports-2.jpg\u00a0\u00bb image_size=\u00a0\u00bbfull\u00a0\u00bb][\/vc_column][vc_column width=\u00a0\u00bb2\/3&Prime;][mk_padding_divider][vc_column_text css=\u00a0\u00bb.vc_custom_1606321659821{margin-bottom: 0px !important;}\u00a0\u00bb]\n<h2>Les 50 ans du CaRMS: jumelage pour l\u2019\u00e9ducation m\u00e9dicale<\/h2>\n<p><span class=\"TextRun SCXW76946265 BCX0\" lang=\"FR-CA\" xml:lang=\"FR-CA\" data-contrast=\"auto\"><span class=\"NormalTextRun SCXW76946265 BCX0\">U<\/span><\/span><span class=\"TextRun SCXW76946265 BCX0\" lang=\"FR-CA\" xml:lang=\"FR-CA\" data-contrast=\"auto\"><span class=\"NormalTextRun SCXW76946265 BCX0\">n examen fond\u00e9 sur l<\/span><\/span><span class=\"TextRun SCXW76946265 BCX0\" lang=\"FR-CA\" xml:lang=\"FR-CA\" data-contrast=\"auto\"><span class=\"NormalTextRun SCXW76946265 BCX0\">es donn\u00e9es\u00a0<\/span><\/span><span class=\"TextRun SCXW76946265 BCX0\" lang=\"FR-CA\" xml:lang=\"FR-CA\" data-contrast=\"auto\"><span class=\"NormalTextRun SCXW76946265 BCX0\">de l\u2019\u00e9volution du\u00a0<\/span><\/span><span class=\"TextRun SCXW76946265 BCX0\" lang=\"FR-CA\" xml:lang=\"FR-CA\" data-contrast=\"auto\"><span class=\"NormalTextRun SCXW76946265 BCX0\">syst\u00e8me\u00a0<\/span><\/span><span class=\"TextRun SCXW76946265 BCX0\" lang=\"FR-CA\" xml:lang=\"FR-CA\" data-contrast=\"auto\"><span class=\"NormalTextRun SCXW76946265 BCX0\">de candidature et de jumelage<\/span><\/span><span class=\"TextRun SCXW76946265 BCX0\" lang=\"FR-CA\" xml:lang=\"FR-CA\" data-contrast=\"auto\"><span class=\"NormalTextRun SCXW76946265 BCX0\">\u00a0pour des postes de\u00a0<\/span><\/span><span class=\"TextRun SCXW76946265 BCX0\" lang=\"FR-CA\" xml:lang=\"FR-CA\" data-contrast=\"auto\"><span class=\"NormalTextRun SCXW76946265 BCX0\">formation postdoctorale en m\u00e9decine au Canada au cours du dernier demi-si\u00e8cle<\/span><\/span><span class=\"TextRun SCXW76946265 BCX0\" lang=\"FR-CA\" xml:lang=\"FR-CA\" data-contrast=\"auto\"><span class=\"NormalTextRun SCXW76946265 BCX0\">, les valeurs\u00a0<\/span><\/span><span class=\"TextRun SCXW76946265 BCX0\" lang=\"FR-CA\" xml:lang=\"FR-CA\" data-contrast=\"auto\"><span class=\"NormalTextRun SCXW76946265 BCX0\">qui\u00a0<\/span><\/span><span class=\"TextRun SCXW76946265 BCX0\" lang=\"FR-CA\" xml:lang=\"FR-CA\" data-contrast=\"auto\"><span class=\"NormalTextRun SCXW76946265 BCX0\">soutien<\/span><\/span><span class=\"TextRun SCXW76946265 BCX0\" lang=\"FR-CA\" xml:lang=\"FR-CA\" data-contrast=\"auto\"><span class=\"NormalTextRun SCXW76946265 BCX0\">nen<\/span><\/span><span class=\"TextRun SCXW76946265 BCX0\" lang=\"FR-CA\" xml:lang=\"FR-CA\" data-contrast=\"auto\"><span class=\"NormalTextRun SCXW76946265 BCX0\">t le syst\u00e8me et le r\u00f4le de CaRMS dans le processus.<\/span><\/span><span class=\"EOP SCXW76946265 BCX0\" data-ccp-props=\"{&quot;201341983&quot;:0,&quot;335559740&quot;:259}\">\u00a0<\/span>[\/vc_column_text][mk_button dimension=\u00a0\u00bbflat\u00a0\u00bb corner_style=\u00a0\u00bbfull_rounded\u00a0\u00bb size=\u00a0\u00bblarge\u00a0\u00bb letter_spacing=\u00a0\u00bb1&Prime; url=\u00a0\u00bbhttps:\/\/journalhosting.ucalgary.ca\/index.php\/cmej\/article\/view\/69786\/54003&Prime; align=\u00a0\u00bbcenter\u00a0\u00bb]Lisez le rapport ici[\/mk_button][\/vc_column][\/vc_row]\n<\/div>","protected":false},"excerpt":{"rendered":"<p>[mk_page_section vertical_align=\u00a0\u00bbcenter\u00a0\u00bb layout_structure=\u00a0\u00bbhalf_left\u00a0\u00bb bg_image=\u00a0\u00bbhttps:\/\/www.carms.ca\/wp-content\/uploads\/2020\/11\/20170924_carms_stock-0556-edit-scaled.jpg\u00a0\u00bb bg_color=\u00a0\u00bb#f2f6f9&Prime; padding_top=\u00a0\u00bb50&Prime; padding_bottom=\u00a0\u00bb52&Prime; el_class=\u00a0\u00bblayout-half-image\u00a0\u00bb][vc_column][vc_column_text css=\u00a0\u00bb.vc_custom_1606321544628{margin-bottom: 0px !important;}\u00a0\u00bb]Lisez nos rapports de recherche\u00a0pour des\u00a0analyses approfondies des donn\u00e9es concernant des aspects\u00a0pr\u00e9cis\u00a0du processus de candidature, de s\u00e9lection et de jumelage.\u00a0[\/vc_column_text][vc_column_text css=\u00a0\u00bb.vc_custom_1739290547924{margin-bottom: 0px !important;}\u00a0\u00bb]Avez-vous une demande de donn\u00e9es? Si vous avez une question concernant les donn\u00e9es du jumelage, communiquez avec nous en utilisant notre formulaire de [&hellip;]<\/p>\n","protected":false},"author":40,"featured_media":0,"parent":2901,"menu_order":0,"comment_status":"closed","ping_status":"closed","template":"","meta":{"_acf_changed":false,"footnotes":""},"class_list":["post-24165","page","type-page","status-publish","hentry"],"acf":{"subtitle":""},"yoast_head":"<!-- This site is optimized with the Yoast SEO plugin v27.3 - https:\/\/yoast.com\/product\/yoast-seo-wordpress\/ -->\n<title>Rapports de recherche - CaRMS<\/title>\n<meta name=\"robots\" content=\"index, follow, max-snippet:-1, max-image-preview:large, max-video-preview:-1\" \/>\n<link rel=\"canonical\" href=\"https:\/\/www.carms.ca\/fr\/donnees-et-rapports\/rapports-de-recherche\/\" \/>\n<meta property=\"og:locale\" content=\"fr_FR\" \/>\n<meta property=\"og:type\" content=\"article\" \/>\n<meta property=\"og:title\" content=\"Rapports de recherche - CaRMS\" \/>\n<meta property=\"og:description\" content=\"[mk_page_section vertical_align=\u00a0\u00bbcenter\u00a0\u00bb layout_structure=\u00a0\u00bbhalf_left\u00a0\u00bb bg_image=\u00a0\u00bbhttps:\/\/www.carms.ca\/wp-content\/uploads\/2020\/11\/20170924_carms_stock-0556-edit-scaled.jpg\u00a0\u00bb bg_color=\u00a0\u00bb#f2f6f9&Prime; padding_top=\u00a0\u00bb50&Prime; padding_bottom=\u00a0\u00bb52&Prime; el_class=\u00a0\u00bblayout-half-image\u00a0\u00bb][vc_column][vc_column_text css=\u00a0\u00bb.vc_custom_1606321544628{margin-bottom: 0px !important;}\u00a0\u00bb]Lisez nos rapports de recherche\u00a0pour des\u00a0analyses approfondies des donn\u00e9es concernant des aspects\u00a0pr\u00e9cis\u00a0du processus de candidature, de s\u00e9lection et de jumelage.\u00a0[\/vc_column_text][vc_column_text css=\u00a0\u00bb.vc_custom_1739290547924{margin-bottom: 0px !important;}\u00a0\u00bb]Avez-vous une demande de donn\u00e9es? Si vous avez une question concernant les donn\u00e9es du jumelage, communiquez avec nous en utilisant notre formulaire de [&hellip;]\" \/>\n<meta property=\"og:url\" content=\"https:\/\/www.carms.ca\/fr\/donnees-et-rapports\/rapports-de-recherche\/\" \/>\n<meta property=\"og:site_name\" content=\"CaRMS\" \/>\n<meta property=\"article:modified_time\" content=\"2025-02-11T16:15:57+00:00\" \/>\n<meta property=\"og:image\" content=\"https:\/\/www.carms.ca\/wp-content\/uploads\/2018\/04\/carms-data-inquiry-icon.png\" \/>\n\t<meta property=\"og:image:width\" content=\"111\" \/>\n\t<meta property=\"og:image:height\" content=\"120\" \/>\n\t<meta property=\"og:image:type\" content=\"image\/png\" \/>\n<meta name=\"twitter:card\" content=\"summary_large_image\" \/>\n<meta name=\"twitter:label1\" content=\"Dur\u00e9e de lecture estim\u00e9e\" \/>\n\t<meta name=\"twitter:data1\" content=\"2 minutes\" \/>\n<script type=\"application\/ld+json\" class=\"yoast-schema-graph\">{\"@context\":\"https:\\\/\\\/schema.org\",\"@graph\":[{\"@type\":\"WebPage\",\"@id\":\"https:\\\/\\\/www.carms.ca\\\/fr\\\/donnees-et-rapports\\\/rapports-de-recherche\\\/\",\"url\":\"https:\\\/\\\/www.carms.ca\\\/fr\\\/donnees-et-rapports\\\/rapports-de-recherche\\\/\",\"name\":\"Rapports de recherche - CaRMS\",\"isPartOf\":{\"@id\":\"https:\\\/\\\/www.carms.ca\\\/#website\"},\"primaryImageOfPage\":{\"@id\":\"https:\\\/\\\/www.carms.ca\\\/fr\\\/donnees-et-rapports\\\/rapports-de-recherche\\\/#primaryimage\"},\"image\":{\"@id\":\"https:\\\/\\\/www.carms.ca\\\/fr\\\/donnees-et-rapports\\\/rapports-de-recherche\\\/#primaryimage\"},\"thumbnailUrl\":\"https:\\\/\\\/www.carms.ca\\\/wp-content\\\/uploads\\\/2018\\\/04\\\/carms-data-inquiry-icon.png\",\"datePublished\":\"2020-11-25T16:30:16+00:00\",\"dateModified\":\"2025-02-11T16:15:57+00:00\",\"breadcrumb\":{\"@id\":\"https:\\\/\\\/www.carms.ca\\\/fr\\\/donnees-et-rapports\\\/rapports-de-recherche\\\/#breadcrumb\"},\"inLanguage\":\"fr-FR\",\"potentialAction\":[{\"@type\":\"ReadAction\",\"target\":[\"https:\\\/\\\/www.carms.ca\\\/fr\\\/donnees-et-rapports\\\/rapports-de-recherche\\\/\"]}]},{\"@type\":\"ImageObject\",\"inLanguage\":\"fr-FR\",\"@id\":\"https:\\\/\\\/www.carms.ca\\\/fr\\\/donnees-et-rapports\\\/rapports-de-recherche\\\/#primaryimage\",\"url\":\"https:\\\/\\\/www.carms.ca\\\/wp-content\\\/uploads\\\/2018\\\/04\\\/carms-data-inquiry-icon.png\",\"contentUrl\":\"https:\\\/\\\/www.carms.ca\\\/wp-content\\\/uploads\\\/2018\\\/04\\\/carms-data-inquiry-icon.png\"},{\"@type\":\"BreadcrumbList\",\"@id\":\"https:\\\/\\\/www.carms.ca\\\/fr\\\/donnees-et-rapports\\\/rapports-de-recherche\\\/#breadcrumb\",\"itemListElement\":[{\"@type\":\"ListItem\",\"position\":1,\"name\":\"Accueil\",\"item\":\"https:\\\/\\\/www.carms.ca\\\/fr\\\/\"},{\"@type\":\"ListItem\",\"position\":2,\"name\":\"Donn\u00e9es et rapports\",\"item\":\"https:\\\/\\\/www.carms.ca\\\/fr\\\/donnees-et-rapports\\\/\"},{\"@type\":\"ListItem\",\"position\":3,\"name\":\"Rapports de recherche\"}]},{\"@type\":\"WebSite\",\"@id\":\"https:\\\/\\\/www.carms.ca\\\/#website\",\"url\":\"https:\\\/\\\/www.carms.ca\\\/\",\"name\":\"CaRMS\",\"description\":\"\",\"potentialAction\":[{\"@type\":\"SearchAction\",\"target\":{\"@type\":\"EntryPoint\",\"urlTemplate\":\"https:\\\/\\\/www.carms.ca\\\/?s={search_term_string}\"},\"query-input\":{\"@type\":\"PropertyValueSpecification\",\"valueRequired\":true,\"valueName\":\"search_term_string\"}}],\"inLanguage\":\"fr-FR\"}]}<\/script>\n<!-- \/ Yoast SEO plugin. -->","yoast_head_json":{"title":"Rapports de recherche - CaRMS","robots":{"index":"index","follow":"follow","max-snippet":"max-snippet:-1","max-image-preview":"max-image-preview:large","max-video-preview":"max-video-preview:-1"},"canonical":"https:\/\/www.carms.ca\/fr\/donnees-et-rapports\/rapports-de-recherche\/","og_locale":"fr_FR","og_type":"article","og_title":"Rapports de recherche - CaRMS","og_description":"[mk_page_section vertical_align=\u00a0\u00bbcenter\u00a0\u00bb layout_structure=\u00a0\u00bbhalf_left\u00a0\u00bb bg_image=\u00a0\u00bbhttps:\/\/www.carms.ca\/wp-content\/uploads\/2020\/11\/20170924_carms_stock-0556-edit-scaled.jpg\u00a0\u00bb bg_color=\u00a0\u00bb#f2f6f9&Prime; padding_top=\u00a0\u00bb50&Prime; padding_bottom=\u00a0\u00bb52&Prime; el_class=\u00a0\u00bblayout-half-image\u00a0\u00bb][vc_column][vc_column_text css=\u00a0\u00bb.vc_custom_1606321544628{margin-bottom: 0px !important;}\u00a0\u00bb]Lisez nos rapports de recherche\u00a0pour des\u00a0analyses approfondies des donn\u00e9es concernant des aspects\u00a0pr\u00e9cis\u00a0du processus de candidature, de s\u00e9lection et de jumelage.\u00a0[\/vc_column_text][vc_column_text css=\u00a0\u00bb.vc_custom_1739290547924{margin-bottom: 0px !important;}\u00a0\u00bb]Avez-vous une demande de donn\u00e9es? Si vous avez une question concernant les donn\u00e9es du jumelage, communiquez avec nous en utilisant notre formulaire de [&hellip;]","og_url":"https:\/\/www.carms.ca\/fr\/donnees-et-rapports\/rapports-de-recherche\/","og_site_name":"CaRMS","article_modified_time":"2025-02-11T16:15:57+00:00","og_image":[{"width":111,"height":120,"url":"https:\/\/www.carms.ca\/wp-content\/uploads\/2018\/04\/carms-data-inquiry-icon.png","type":"image\/png"}],"twitter_card":"summary_large_image","twitter_misc":{"Dur\u00e9e de lecture estim\u00e9e":"2 minutes"},"schema":{"@context":"https:\/\/schema.org","@graph":[{"@type":"WebPage","@id":"https:\/\/www.carms.ca\/fr\/donnees-et-rapports\/rapports-de-recherche\/","url":"https:\/\/www.carms.ca\/fr\/donnees-et-rapports\/rapports-de-recherche\/","name":"Rapports de recherche - CaRMS","isPartOf":{"@id":"https:\/\/www.carms.ca\/#website"},"primaryImageOfPage":{"@id":"https:\/\/www.carms.ca\/fr\/donnees-et-rapports\/rapports-de-recherche\/#primaryimage"},"image":{"@id":"https:\/\/www.carms.ca\/fr\/donnees-et-rapports\/rapports-de-recherche\/#primaryimage"},"thumbnailUrl":"https:\/\/www.carms.ca\/wp-content\/uploads\/2018\/04\/carms-data-inquiry-icon.png","datePublished":"2020-11-25T16:30:16+00:00","dateModified":"2025-02-11T16:15:57+00:00","breadcrumb":{"@id":"https:\/\/www.carms.ca\/fr\/donnees-et-rapports\/rapports-de-recherche\/#breadcrumb"},"inLanguage":"fr-FR","potentialAction":[{"@type":"ReadAction","target":["https:\/\/www.carms.ca\/fr\/donnees-et-rapports\/rapports-de-recherche\/"]}]},{"@type":"ImageObject","inLanguage":"fr-FR","@id":"https:\/\/www.carms.ca\/fr\/donnees-et-rapports\/rapports-de-recherche\/#primaryimage","url":"https:\/\/www.carms.ca\/wp-content\/uploads\/2018\/04\/carms-data-inquiry-icon.png","contentUrl":"https:\/\/www.carms.ca\/wp-content\/uploads\/2018\/04\/carms-data-inquiry-icon.png"},{"@type":"BreadcrumbList","@id":"https:\/\/www.carms.ca\/fr\/donnees-et-rapports\/rapports-de-recherche\/#breadcrumb","itemListElement":[{"@type":"ListItem","position":1,"name":"Accueil","item":"https:\/\/www.carms.ca\/fr\/"},{"@type":"ListItem","position":2,"name":"Donn\u00e9es et rapports","item":"https:\/\/www.carms.ca\/fr\/donnees-et-rapports\/"},{"@type":"ListItem","position":3,"name":"Rapports de recherche"}]},{"@type":"WebSite","@id":"https:\/\/www.carms.ca\/#website","url":"https:\/\/www.carms.ca\/","name":"CaRMS","description":"","potentialAction":[{"@type":"SearchAction","target":{"@type":"EntryPoint","urlTemplate":"https:\/\/www.carms.ca\/?s={search_term_string}"},"query-input":{"@type":"PropertyValueSpecification","valueRequired":true,"valueName":"search_term_string"}}],"inLanguage":"fr-FR"}]}},"publishpress_future_workflow_manual_trigger":{"enabledWorkflows":[]},"_links":{"self":[{"href":"https:\/\/www.carms.ca\/fr\/wp-json\/wp\/v2\/pages\/24165","targetHints":{"allow":["GET"]}}],"collection":[{"href":"https:\/\/www.carms.ca\/fr\/wp-json\/wp\/v2\/pages"}],"about":[{"href":"https:\/\/www.carms.ca\/fr\/wp-json\/wp\/v2\/types\/page"}],"author":[{"embeddable":true,"href":"https:\/\/www.carms.ca\/fr\/wp-json\/wp\/v2\/users\/40"}],"replies":[{"embeddable":true,"href":"https:\/\/www.carms.ca\/fr\/wp-json\/wp\/v2\/comments?post=24165"}],"version-history":[{"count":8,"href":"https:\/\/www.carms.ca\/fr\/wp-json\/wp\/v2\/pages\/24165\/revisions"}],"predecessor-version":[{"id":45666,"href":"https:\/\/www.carms.ca\/fr\/wp-json\/wp\/v2\/pages\/24165\/revisions\/45666"}],"up":[{"embeddable":true,"href":"https:\/\/www.carms.ca\/fr\/wp-json\/wp\/v2\/pages\/2901"}],"wp:attachment":[{"href":"https:\/\/www.carms.ca\/fr\/wp-json\/wp\/v2\/media?parent=24165"}],"curies":[{"name":"wp","href":"https:\/\/api.w.org\/{rel}","templated":true}]}}