{"id":2462,"date":"2018-05-12T17:27:57","date_gmt":"2018-05-12T21:27:57","guid":{"rendered":"http:\/\/carms2017.wpengine.com\/?page_id=2462"},"modified":"2026-04-16T14:27:40","modified_gmt":"2026-04-16T18:27:40","slug":"evenements-et-conferences","status":"publish","type":"page","link":"https:\/\/www.carms.ca\/fr\/evenements-et-conferences\/","title":{"rendered":"\u00c9v\u00e8nements et conf\u00e9rences"},"content":{"rendered":"<div class=\"wpb-content-wrapper\">[vc_row fullwidth=\u00a0\u00bbtrue\u00a0\u00bb disable_element=\u00a0\u00bbyes\u00a0\u00bb][vc_column][vc_column_text][ess_grid alias=\u00a0\u00bbevents-awards-fr\u00a0\u00bb][\/vc_column_text][\/vc_column][\/vc_row][vc_row][vc_column][mk_gallery images=\u00a0\u00bb48118,52109&Prime; custom_links=\u00a0\u00bb\/fr\/evenements-et-conferences\/carms-forum-reservez-la-date\/,\/fr\/evenements-et-conferences\/conferences\/\u00a0\u00bb column=\u00a0\u00bb2&Prime; image_size=\u00a0\u00bblarge\u00a0\u00bb item_spacing=\u00a0\u00bb8&Prime; margin_bottom=\u00a0\u00bb20&Prime; orderby=\u00a0\u00bbpost__in\u00a0\u00bb][\/vc_column][\/vc_row]\n<\/div>","protected":false},"excerpt":{"rendered":"<p>[vc_row fullwidth=\u00a0\u00bbtrue\u00a0\u00bb disable_element=\u00a0\u00bbyes\u00a0\u00bb][vc_column][vc_column_text][ess_grid alias=\u00a0\u00bbevents-awards-fr\u00a0\u00bb][\/vc_column_text][\/vc_column][\/vc_row][vc_row][vc_column][mk_gallery images=\u00a0\u00bb48118,52109&Prime; custom_links=\u00a0\u00bb\/fr\/evenements-et-conferences\/carms-forum-reservez-la-date\/,\/fr\/evenements-et-conferences\/conferences\/\u00a0\u00bb column=\u00a0\u00bb2&Prime; image_size=\u00a0\u00bblarge\u00a0\u00bb item_spacing=\u00a0\u00bb8&Prime; margin_bottom=\u00a0\u00bb20&Prime; orderby=\u00a0\u00bbpost__in\u00a0\u00bb][\/vc_column][\/vc_row]<\/p>\n","protected":false},"author":3,"featured_media":0,"parent":0,"menu_order":0,"comment_status":"closed","ping_status":"closed","template":"","meta":{"_acf_changed":false,"footnotes":""},"class_list":["post-2462","page","type-page","status-publish","hentry"],"acf":{"subtitle":""},"yoast_head":"<!-- This site is optimized with the Yoast SEO plugin v27.3 - https:\/\/yoast.com\/product\/yoast-seo-wordpress\/ -->\n<title>\u00c9v\u00e8nements et conf\u00e9rences - CaRMS<\/title>\n<meta name=\"robots\" content=\"index, follow, max-snippet:-1, max-image-preview:large, max-video-preview:-1\" \/>\n<link rel=\"canonical\" href=\"https:\/\/www.carms.ca\/fr\/evenements-et-conferences\/\" \/>\n<meta property=\"og:locale\" content=\"fr_FR\" \/>\n<meta property=\"og:type\" content=\"article\" \/>\n<meta property=\"og:title\" content=\"\u00c9v\u00e8nements et conf\u00e9rences - CaRMS\" \/>\n<meta property=\"og:description\" content=\"[vc_row fullwidth=\u00a0\u00bbtrue\u00a0\u00bb disable_element=\u00a0\u00bbyes\u00a0\u00bb][vc_column][vc_column_text][ess_grid alias=\u00a0\u00bbevents-awards-fr\u00a0\u00bb][\/vc_column_text][\/vc_column][\/vc_row][vc_row][vc_column][mk_gallery images=\u00a0\u00bb48118,52109&Prime; custom_links=\u00a0\u00bb\/fr\/evenements-et-conferences\/carms-forum-reservez-la-date\/,\/fr\/evenements-et-conferences\/conferences\/\u00a0\u00bb column=\u00a0\u00bb2&Prime; image_size=\u00a0\u00bblarge\u00a0\u00bb item_spacing=\u00a0\u00bb8&Prime; margin_bottom=\u00a0\u00bb20&Prime; orderby=\u00a0\u00bbpost__in\u00a0\u00bb][\/vc_column][\/vc_row]\" \/>\n<meta property=\"og:url\" content=\"https:\/\/www.carms.ca\/fr\/evenements-et-conferences\/\" \/>\n<meta property=\"og:site_name\" content=\"CaRMS\" \/>\n<meta property=\"article:modified_time\" content=\"2026-04-16T18:27:40+00:00\" \/>\n<meta name=\"twitter:card\" content=\"summary_large_image\" \/>\n<meta name=\"twitter:label1\" content=\"Dur\u00e9e de lecture estim\u00e9e\" \/>\n\t<meta name=\"twitter:data1\" content=\"1 minute\" \/>\n<script type=\"application\/ld+json\" class=\"yoast-schema-graph\">{\"@context\":\"https:\\\/\\\/schema.org\",\"@graph\":[{\"@type\":\"WebPage\",\"@id\":\"https:\\\/\\\/www.carms.ca\\\/fr\\\/evenements-et-conferences\\\/\",\"url\":\"https:\\\/\\\/www.carms.ca\\\/fr\\\/evenements-et-conferences\\\/\",\"name\":\"\u00c9v\u00e8nements et conf\u00e9rences - CaRMS\",\"isPartOf\":{\"@id\":\"https:\\\/\\\/www.carms.ca\\\/#website\"},\"datePublished\":\"2018-05-12T21:27:57+00:00\",\"dateModified\":\"2026-04-16T18:27:40+00:00\",\"breadcrumb\":{\"@id\":\"https:\\\/\\\/www.carms.ca\\\/fr\\\/evenements-et-conferences\\\/#breadcrumb\"},\"inLanguage\":\"fr-FR\",\"potentialAction\":[{\"@type\":\"ReadAction\",\"target\":[\"https:\\\/\\\/www.carms.ca\\\/fr\\\/evenements-et-conferences\\\/\"]}]},{\"@type\":\"BreadcrumbList\",\"@id\":\"https:\\\/\\\/www.carms.ca\\\/fr\\\/evenements-et-conferences\\\/#breadcrumb\",\"itemListElement\":[{\"@type\":\"ListItem\",\"position\":1,\"name\":\"Accueil\",\"item\":\"https:\\\/\\\/www.carms.ca\\\/fr\\\/\"},{\"@type\":\"ListItem\",\"position\":2,\"name\":\"\u00c9v\u00e8nements et conf\u00e9rences\"}]},{\"@type\":\"WebSite\",\"@id\":\"https:\\\/\\\/www.carms.ca\\\/#website\",\"url\":\"https:\\\/\\\/www.carms.ca\\\/\",\"name\":\"CaRMS\",\"description\":\"\",\"potentialAction\":[{\"@type\":\"SearchAction\",\"target\":{\"@type\":\"EntryPoint\",\"urlTemplate\":\"https:\\\/\\\/www.carms.ca\\\/?s={search_term_string}\"},\"query-input\":{\"@type\":\"PropertyValueSpecification\",\"valueRequired\":true,\"valueName\":\"search_term_string\"}}],\"inLanguage\":\"fr-FR\"}]}<\/script>\n<!-- \/ Yoast SEO plugin. -->","yoast_head_json":{"title":"\u00c9v\u00e8nements et conf\u00e9rences - CaRMS","robots":{"index":"index","follow":"follow","max-snippet":"max-snippet:-1","max-image-preview":"max-image-preview:large","max-video-preview":"max-video-preview:-1"},"canonical":"https:\/\/www.carms.ca\/fr\/evenements-et-conferences\/","og_locale":"fr_FR","og_type":"article","og_title":"\u00c9v\u00e8nements et conf\u00e9rences - CaRMS","og_description":"[vc_row fullwidth=\u00a0\u00bbtrue\u00a0\u00bb disable_element=\u00a0\u00bbyes\u00a0\u00bb][vc_column][vc_column_text][ess_grid alias=\u00a0\u00bbevents-awards-fr\u00a0\u00bb][\/vc_column_text][\/vc_column][\/vc_row][vc_row][vc_column][mk_gallery images=\u00a0\u00bb48118,52109&Prime; custom_links=\u00a0\u00bb\/fr\/evenements-et-conferences\/carms-forum-reservez-la-date\/,\/fr\/evenements-et-conferences\/conferences\/\u00a0\u00bb column=\u00a0\u00bb2&Prime; image_size=\u00a0\u00bblarge\u00a0\u00bb item_spacing=\u00a0\u00bb8&Prime; margin_bottom=\u00a0\u00bb20&Prime; orderby=\u00a0\u00bbpost__in\u00a0\u00bb][\/vc_column][\/vc_row]","og_url":"https:\/\/www.carms.ca\/fr\/evenements-et-conferences\/","og_site_name":"CaRMS","article_modified_time":"2026-04-16T18:27:40+00:00","twitter_card":"summary_large_image","twitter_misc":{"Dur\u00e9e de lecture estim\u00e9e":"1 minute"},"schema":{"@context":"https:\/\/schema.org","@graph":[{"@type":"WebPage","@id":"https:\/\/www.carms.ca\/fr\/evenements-et-conferences\/","url":"https:\/\/www.carms.ca\/fr\/evenements-et-conferences\/","name":"\u00c9v\u00e8nements et conf\u00e9rences - CaRMS","isPartOf":{"@id":"https:\/\/www.carms.ca\/#website"},"datePublished":"2018-05-12T21:27:57+00:00","dateModified":"2026-04-16T18:27:40+00:00","breadcrumb":{"@id":"https:\/\/www.carms.ca\/fr\/evenements-et-conferences\/#breadcrumb"},"inLanguage":"fr-FR","potentialAction":[{"@type":"ReadAction","target":["https:\/\/www.carms.ca\/fr\/evenements-et-conferences\/"]}]},{"@type":"BreadcrumbList","@id":"https:\/\/www.carms.ca\/fr\/evenements-et-conferences\/#breadcrumb","itemListElement":[{"@type":"ListItem","position":1,"name":"Accueil","item":"https:\/\/www.carms.ca\/fr\/"},{"@type":"ListItem","position":2,"name":"\u00c9v\u00e8nements et conf\u00e9rences"}]},{"@type":"WebSite","@id":"https:\/\/www.carms.ca\/#website","url":"https:\/\/www.carms.ca\/","name":"CaRMS","description":"","potentialAction":[{"@type":"SearchAction","target":{"@type":"EntryPoint","urlTemplate":"https:\/\/www.carms.ca\/?s={search_term_string}"},"query-input":{"@type":"PropertyValueSpecification","valueRequired":true,"valueName":"search_term_string"}}],"inLanguage":"fr-FR"}]}},"publishpress_future_workflow_manual_trigger":{"enabledWorkflows":[]},"_links":{"self":[{"href":"https:\/\/www.carms.ca\/fr\/wp-json\/wp\/v2\/pages\/2462","targetHints":{"allow":["GET"]}}],"collection":[{"href":"https:\/\/www.carms.ca\/fr\/wp-json\/wp\/v2\/pages"}],"about":[{"href":"https:\/\/www.carms.ca\/fr\/wp-json\/wp\/v2\/types\/page"}],"author":[{"embeddable":true,"href":"https:\/\/www.carms.ca\/fr\/wp-json\/wp\/v2\/users\/3"}],"replies":[{"embeddable":true,"href":"https:\/\/www.carms.ca\/fr\/wp-json\/wp\/v2\/comments?post=2462"}],"version-history":[{"count":10,"href":"https:\/\/www.carms.ca\/fr\/wp-json\/wp\/v2\/pages\/2462\/revisions"}],"predecessor-version":[{"id":52257,"href":"https:\/\/www.carms.ca\/fr\/wp-json\/wp\/v2\/pages\/2462\/revisions\/52257"}],"wp:attachment":[{"href":"https:\/\/www.carms.ca\/fr\/wp-json\/wp\/v2\/media?parent=2462"}],"curies":[{"name":"wp","href":"https:\/\/api.w.org\/{rel}","templated":true}]}}