{"id":26658,"date":"2021-03-09T09:14:40","date_gmt":"2021-03-09T14:14:40","guid":{"rendered":"https:\/\/www.carms.ca\/?page_id=26658"},"modified":"2024-06-18T17:16:10","modified_gmt":"2024-06-18T21:16:10","slug":"rapport-de-demande-de-donnees-2020","status":"publish","type":"page","link":"https:\/\/www.carms.ca\/fr\/rapport-de-demande-de-donnees\/demandes-de-donnees-archives\/rapport-de-demande-de-donnees-2020\/","title":{"rendered":"Demandes de donn\u00e9es externes (non-membre) de CaRMS \u2013 2020"},"content":{"rendered":"<div class=\"wpb-content-wrapper\">[vc_row][vc_column][vc_column_text css=\u00a0\u00bb.vc_custom_1582046745857{margin-bottom: 0px !important;}\u00a0\u00bb]Ce rapport r\u00e9sume les demandes de donn\u00e9es externes (de la part d\u2019organisations non membres) auxquelles CaRMS a r\u00e9pondu en 2020.<\/p>\n<p><em>Le rapport est pr\u00e9par\u00e9 en anglais seulement.<\/em>[\/vc_column_text][\/vc_column][\/vc_row][vc_row][vc_column][vc_tabs][vc_tab title=\u00a0\u00bbJanvier\u00a0\u00bb tab_id=\u00a0\u00bb1568211657-1-38&Prime;][vc_column_text css=\u00a0\u00bb.vc_custom_1582206129603{margin-bottom: 0px !important;}\u00a0\u00bb]\n<table width=\"1398\">\n<tbody>\n<tr>\n<td width=\"223\"><strong>Demande<\/strong><\/td>\n<td width=\"1175\"><strong>R\u00e9sum\u00e9 de la demande<br \/>\n<\/strong><\/td>\n<\/tr>\n<tr>\n<td width=\"223\">Match data<\/td>\n<td width=\"1175\">Match Statistics &#8211;\u00a0 students matched to top 3 choices.<\/td>\n<\/tr>\n<\/tbody>\n<\/table>\n[\/vc_column_text][\/vc_tab][vc_tab title=\u00a0\u00bbF\u00e9vrier\u00a0\u00bb tab_id=\u00a0\u00bb1583951959319-1-3&Prime;][vc_column_text css=\u00a0\u00bb.vc_custom_1583952068259{margin-bottom: 0px !important;}\u00a0\u00bb]\n<table width=\"1398\">\n<tbody>\n<tr>\n<td width=\"223\"><strong>Demande<\/strong><\/td>\n<td width=\"1175\"><strong>R<b>\u00e9sum\u00e9<\/b> de la demande<\/strong><\/td>\n<\/tr>\n<tr>\n<td width=\"223\">Match outcomes<\/td>\n<td width=\"1175\">Data on matching top 3 ranks<\/td>\n<\/tr>\n<tr>\n<td width=\"223\">Applications \/ quota<\/td>\n<td width=\"1175\">CMG applicants by discipline and quota by discipline<\/td>\n<\/tr>\n<tr>\n<td width=\"223\">Applications &#8211; MSM<\/td>\n<td width=\"1175\">MSM match &#8211; Number of applicants matched to Adult Clinical Immunology and Allergy by school of residency<\/td>\n<\/tr>\n<tr>\n<td width=\"223\">Match rates<\/td>\n<td width=\"1175\">Match rates of IMGs<\/td>\n<\/tr>\n<tr>\n<td width=\"223\">Quota<\/td>\n<td width=\"1175\">Quota Breakdown by Discipline and Program<\/td>\n<\/tr>\n<tr>\n<td width=\"223\">Match rates<\/td>\n<td width=\"1175\">Success rate of Canadian citizens and or Permanent residents in getting residency<\/td>\n<\/tr>\n<tr>\n<td width=\"223\">Match rates<\/td>\n<td width=\"1175\">2020 MSM Match &#8211; match rates of US applicants<\/td>\n<\/tr>\n<tr>\n<td width=\"223\">Quota<\/td>\n<td width=\"1175\">Unfilled positions after 2nd iteration.<\/td>\n<\/tr>\n<tr>\n<td width=\"223\">Match rates by discipline<\/td>\n<td width=\"1175\">Public Health and Preventive Medicine (PHPM) electives and matching success<\/td>\n<\/tr>\n<tr>\n<td width=\"223\">Match rates IMG<\/td>\n<td width=\"1175\">IMG match results in General Surgery and Plastic Surgery-Integrated programs<\/td>\n<\/tr>\n<tr>\n<td width=\"223\">Applications<\/td>\n<td width=\"1175\">IMG applicants to obstetric and gynecology programs<\/td>\n<\/tr>\n<tr>\n<td width=\"223\">Quota<\/td>\n<td width=\"1175\">the filled and unfilled residency quotas breakdown (into different Universities) in the PHPM and Medical Genetics Program<\/td>\n<\/tr>\n<tr>\n<td width=\"223\">Quota<\/td>\n<td width=\"1175\">Quota by discipline \/ school<\/td>\n<\/tr>\n<\/tbody>\n<\/table>\n[\/vc_column_text][\/vc_tab][vc_tab title=\u00a0\u00bbMars\u00a0\u00bb tab_id=\u00a0\u00bb1586891416615-2-7&Prime;][vc_column_text css=\u00a0\u00bb.vc_custom_1586891501599{margin-bottom: 0px !important;}\u00a0\u00bb]\n<table width=\"1398\">\n<tbody>\n<tr>\n<td width=\"223\"><strong>Demande<\/strong><\/td>\n<td width=\"1175\"><strong>R\u00e9sum\u00e9 de la demande<\/strong><\/td>\n<\/tr>\n<tr>\n<td width=\"223\">Match rates<\/td>\n<td width=\"1175\">Match rates for US Osteopathic graduates.<\/td>\n<\/tr>\n<tr>\n<td width=\"223\">Aggregate ranking statistics<\/td>\n<td width=\"1175\">Ranking statistics requested from CCME CaRMS Forum presentation.<\/td>\n<\/tr>\n<\/tbody>\n<\/table>\n[\/vc_column_text][\/vc_tab][vc_tab title=\u00a0\u00bbAvril\u00a0\u00bb tab_id=\u00a0\u00bb1589376362893-3-10&Prime;][vc_column_text css=\u00a0\u00bb.vc_custom_1589376391841{margin-bottom: 0px !important;}\u00a0\u00bb]\n<table width=\"1398\">\n<tbody>\n<tr>\n<td width=\"223\"><strong>Demande<\/strong><\/td>\n<td width=\"1175\"><strong>R\u00e9sum\u00e9 de la demande<\/strong><\/td>\n<\/tr>\n<tr>\n<td width=\"223\">Gender<\/td>\n<td width=\"1175\">Gender breakdown of matched applicants in surgical programs.<\/td>\n<\/tr>\n<tr>\n<td width=\"223\">Unmatched<\/td>\n<td width=\"1175\">Unmatched applicants comparison between 1st and 2nd iterations of the R-1.<\/td>\n<\/tr>\n<tr>\n<td width=\"223\">Unmatched<\/td>\n<td width=\"1175\">Of the 31 unmatched in 2020 R-1 2nd, what proportion had previous residency training.<\/td>\n<\/tr>\n<tr>\n<td width=\"223\">Applications<\/td>\n<td width=\"1175\">R-1 2020, how many applications by discipline category (surgical \/ non-surgical).<\/td>\n<\/tr>\n<tr>\n<td width=\"223\">Match rates<\/td>\n<td width=\"1175\">Match success rates of Osteopathic medical students.<\/td>\n<\/tr>\n<tr>\n<td width=\"223\">IMGs<\/td>\n<td width=\"1175\">Number of IMG applications by province.<\/td>\n<\/tr>\n<tr>\n<td width=\"223\">IMGs<\/td>\n<td width=\"1175\">IMG match rates in 2nd iteration.<\/td>\n<\/tr>\n<tr>\n<td width=\"223\">IMGs<\/td>\n<td width=\"1175\">IMG applications and match rates.<\/td>\n<\/tr>\n<tr>\n<td width=\"223\">USMGs<\/td>\n<td width=\"1175\">Number of applications from USMGs, breakdown by discipline, 1st choice.<\/td>\n<\/tr>\n<tr>\n<td width=\"223\">IMGs<\/td>\n<td width=\"1175\">Match rates to cardiothoracic surgery programs.<\/td>\n<\/tr>\n<\/tbody>\n<\/table>\n[\/vc_column_text][\/vc_tab][vc_tab title=\u00a0\u00bbMai\u00a0\u00bb tab_id=\u00a0\u00bb1591978460176-4-1&Prime;][vc_column_text css=\u00a0\u00bb.vc_custom_1591978486619{margin-bottom: 0px !important;}\u00a0\u00bb]\n<table width=\"1398\">\n<tbody>\n<tr>\n<td width=\"223\"><strong>Demande<\/strong><\/td>\n<td width=\"1175\"><strong>R\u00e9sum\u00e9 de la demande<\/strong><\/td>\n<\/tr>\n<tr>\n<td width=\"223\">IMGs<\/td>\n<td width=\"1175\">IMG application data, number of applications, number interviewed, number matched.<\/td>\n<\/tr>\n<tr>\n<td width=\"223\">Unmatched<\/td>\n<td width=\"1175\">Various qualifiers around unmatched applicants including specialties, success rate of unmatched in 2nd iteration, demographics.<\/td>\n<\/tr>\n<tr>\n<td width=\"223\">IMGs<\/td>\n<td width=\"1175\">Quota available to IMGs at various schools<\/td>\n<\/tr>\n<tr>\n<td width=\"223\">Match data<\/td>\n<td width=\"1175\">Match data for General Pathology, Anatomic Pathology and Hematology and quota for CMGs and IMGs.<\/td>\n<\/tr>\n<tr>\n<td width=\"223\">Match rates<\/td>\n<td width=\"1175\">Match rates for CMGs and IMGs<\/td>\n<\/tr>\n<tr>\n<td width=\"223\"><\/td>\n<td width=\"1175\"><\/td>\n<\/tr>\n<tr>\n<td width=\"223\">Internal Medicine<\/td>\n<td width=\"1175\">Quota in Internal Medicine<\/td>\n<\/tr>\n<tr>\n<td width=\"223\">Match data<\/td>\n<td width=\"1175\">Match statistics for CMGs with MD\/PhD degrees<\/td>\n<\/tr>\n<tr>\n<td width=\"223\">Match data<\/td>\n<td width=\"1175\">Percentage of CMGs matched to their home school or province by matched discipline.<\/td>\n<\/tr>\n<tr>\n<td width=\"223\">Gender<\/td>\n<td width=\"1175\">Matched to radiology by gender for 10 years.<\/td>\n<\/tr>\n<\/tbody>\n<\/table>\n[\/vc_column_text][\/vc_tab][vc_tab title=\u00a0\u00bbJuin\u00a0\u00bb tab_id=\u00a0\u00bb1594663703929-5-9&Prime;][vc_column_text css=\u00a0\u00bb.vc_custom_1594663727446{margin-bottom: 0px !important;}\u00a0\u00bb]\n<table width=\"1398\">\n<tbody>\n<tr>\n<td width=\"223\"><strong>Demande<\/strong><\/td>\n<td width=\"1175\"><strong>R\u00e9sum\u00e9 de la demande<\/strong><\/td>\n<\/tr>\n<tr>\n<td width=\"223\">Diagnostic Radiology<\/td>\n<td width=\"1175\">National data on radiology, includes quota, applications etc.<\/td>\n<\/tr>\n<tr>\n<td width=\"223\">USMG<\/td>\n<td width=\"1175\">Number of applications from US Osteopathic schools.<\/td>\n<\/tr>\n<tr>\n<td width=\"223\">Match Rates<\/td>\n<td width=\"1175\">Match rates comparing CMGs\/IMGs.<\/td>\n<\/tr>\n<tr>\n<td width=\"223\">Match Rates<\/td>\n<td width=\"1175\">Match rates from Irish medical schools.<\/td>\n<\/tr>\n<tr>\n<td width=\"223\">Quota<\/td>\n<td width=\"1175\">Quota filled \/ unfilled for hematology.<\/td>\n<\/tr>\n<tr>\n<td width=\"223\">Quota<\/td>\n<td width=\"1175\">IMG vs. CMG quota by school.<\/td>\n<\/tr>\n<tr>\n<td width=\"223\">Physcial medcine and rehabilitation<\/td>\n<td width=\"1175\">Quota\/application data for PM&amp;R discipline.<\/td>\n<\/tr>\n<tr>\n<td width=\"223\">Gender<\/td>\n<td width=\"1175\">Gender match data prior to 1998.<\/td>\n<\/tr>\n<tr>\n<td width=\"223\">Match results<\/td>\n<td width=\"1175\">Match results for IMGs to Quebec schools.<\/td>\n<\/tr>\n<\/tbody>\n<\/table>\n[\/vc_column_text][\/vc_tab][vc_tab title=\u00a0\u00bbJuillet\u00a0\u00bb tab_id=\u00a0\u00bb1597344734763-6-8&Prime;][vc_column_text css=\u00a0\u00bb.vc_custom_1597344762619{margin-bottom: 0px !important;}\u00a0\u00bb]\n<table width=\"1398\">\n<tbody>\n<tr>\n<td width=\"223\"><strong>Demande<\/strong><\/td>\n<td width=\"1175\"><strong>R\u00e9sum\u00e9 de la demande<\/strong><\/td>\n<\/tr>\n<tr>\n<td width=\"223\">Quota<\/td>\n<td width=\"1175\">Quota for family medicine programs.<\/td>\n<\/tr>\n<tr>\n<td width=\"223\">Gender<\/td>\n<td width=\"1175\">Breakdown of gender of matched applicants to diagnostic radiology.<\/td>\n<\/tr>\n<tr>\n<td width=\"223\">Match Rates<\/td>\n<td width=\"1175\">Match rates of IMGs by school.<\/td>\n<\/tr>\n<tr>\n<td width=\"223\">Match Rates<\/td>\n<td width=\"1175\">Match rates by first-choice discipline.<\/td>\n<\/tr>\n<tr>\n<td width=\"223\">Match Rates<\/td>\n<td width=\"1175\">Match rates of IMGs by country and school.<\/td>\n<\/tr>\n<tr>\n<td width=\"223\">Quota \/ Applicants<\/td>\n<td width=\"1175\">For the MSM match provide quota, number of applicants in geriatric specialty.<\/td>\n<\/tr>\n<tr>\n<td width=\"223\">USMG<\/td>\n<td width=\"1175\">USMG applicants, match rates.<\/td>\n<\/tr>\n<\/tbody>\n<\/table>\n[\/vc_column_text][\/vc_tab][vc_tab title=\u00a0\u00bbAo\u00fbt\u00a0\u00bb tab_id=\u00a0\u00bb1600087542874-7-0&Prime;][vc_column_text css=\u00a0\u00bb.vc_custom_1600087616485{margin-bottom: 0px !important;}\u00a0\u00bb]\n<table width=\"1398\">\n<tbody>\n<tr>\n<td width=\"223\"><strong>Demande<\/strong><\/td>\n<td width=\"1175\"><strong>R\u00e9sum\u00e9 de la demande<\/strong><\/td>\n<\/tr>\n<tr>\n<td width=\"223\">Quota<\/td>\n<td width=\"1175\">Quota by discipline<\/td>\n<\/tr>\n<tr>\n<td width=\"223\">Quota &amp; applications<\/td>\n<td width=\"1175\">Data on positions and applications for opthalmology<\/td>\n<\/tr>\n<tr>\n<td width=\"223\">Quota<\/td>\n<td width=\"1175\">IMG quota by discipline<\/td>\n<\/tr>\n<tr>\n<td width=\"223\">Match rates<\/td>\n<td width=\"1175\">Match rates in neurosurgery<\/td>\n<\/tr>\n<tr>\n<td width=\"223\">Applicants<\/td>\n<td width=\"1175\">Number of applicants to immunology<\/td>\n<\/tr>\n<\/tbody>\n<\/table>\n[\/vc_column_text][\/vc_tab][vc_tab title=\u00a0\u00bbSeptembre\u00a0\u00bb tab_id=\u00a0\u00bb1602592625177-8-9&Prime;][vc_column_text css=\u00a0\u00bb.vc_custom_1602592657728{margin-bottom: 0px !important;}\u00a0\u00bb]\n<table width=\"1398\">\n<tbody>\n<tr>\n<td width=\"223\"><strong>Demande<\/strong><\/td>\n<td width=\"1175\"><strong>R\u00e9sum\u00e9 de la demande<\/strong><\/td>\n<\/tr>\n<tr>\n<td width=\"223\">Match rates<\/td>\n<td width=\"1175\">Match rates of IMG schools<\/td>\n<\/tr>\n<tr>\n<td width=\"223\">Family Medicine<\/td>\n<td width=\"1175\">Applications counts to Family Medicine<\/td>\n<\/tr>\n<tr>\n<td width=\"223\">Quota<\/td>\n<td width=\"1175\">Quota detail by discipline and stream<\/td>\n<\/tr>\n<tr>\n<td width=\"223\">Quota<\/td>\n<td width=\"1175\">IMG quota by discipline<\/td>\n<\/tr>\n<tr>\n<td width=\"223\">Match rates<\/td>\n<td width=\"1175\">Match rates by applicant type and discipline<\/td>\n<\/tr>\n<tr>\n<td width=\"223\">Match rates<\/td>\n<td width=\"1175\">IMG match rates by province<\/td>\n<\/tr>\n<tr>\n<td width=\"223\">Quota<\/td>\n<td width=\"1175\">IMG quota for radiation oncology<\/td>\n<\/tr>\n<tr>\n<td width=\"223\">Quota<\/td>\n<td width=\"1175\">CMG and IMG Quota over time<\/td>\n<\/tr>\n<tr>\n<td width=\"223\">Quota<\/td>\n<td width=\"1175\">FMES quota and match rates<\/td>\n<\/tr>\n<tr>\n<td width=\"223\">Family Medicine<\/td>\n<td width=\"1175\">IMG applications to Family Medicine<\/td>\n<\/tr>\n<tr>\n<td width=\"223\">Match rates<\/td>\n<td width=\"1175\">USMG application match rates<\/td>\n<\/tr>\n<\/tbody>\n<\/table>\n[\/vc_column_text][\/vc_tab][vc_tab title=\u00a0\u00bbOctobre\u00a0\u00bb tab_id=\u00a0\u00bb1604612245294-9-1&Prime;][vc_column_text css=\u00a0\u00bb.vc_custom_1604612275794{margin-bottom: 0px !important;}\u00a0\u00bb]\n<table width=\"1398\">\n<tbody>\n<tr>\n<td width=\"223\"><strong>Demande<\/strong><\/td>\n<td width=\"1175\"><strong>R\u00e9sum\u00e9 de la demande<\/strong><\/td>\n<\/tr>\n<tr>\n<td width=\"223\">Match rates<\/td>\n<td width=\"1175\">Match rates to all surgical programs in Canada<\/td>\n<\/tr>\n<tr>\n<td width=\"223\">Applications<\/td>\n<td width=\"1175\">Avg. number of applications to first choice disciplines by applicants<\/td>\n<\/tr>\n<tr>\n<td width=\"223\">Gender<\/td>\n<td width=\"1175\">R1 applications broken down by gender<\/td>\n<\/tr>\n<tr>\n<td width=\"223\">Match rates<\/td>\n<td width=\"1175\">Match rates for pediatric residency programs<\/td>\n<\/tr>\n<tr>\n<td width=\"223\">Match rates<\/td>\n<td width=\"1175\">Match rates by applicant type and discipline<\/td>\n<\/tr>\n<tr>\n<td width=\"223\">Match rates<\/td>\n<td width=\"1175\">Match rates by international medical schools<\/td>\n<\/tr>\n<tr>\n<td width=\"223\">Gender<\/td>\n<td width=\"1175\">Gender breakdown by match discipline<\/td>\n<\/tr>\n<tr>\n<td width=\"223\">Quota<\/td>\n<td width=\"1175\">IMG quota for opthalmology over time<\/td>\n<\/tr>\n<tr>\n<td width=\"223\">Match rates<\/td>\n<td width=\"1175\">IMG match rates by program<\/td>\n<\/tr>\n<tr>\n<td width=\"223\">Match rates<\/td>\n<td width=\"1175\">Match rates for couples<\/td>\n<\/tr>\n<\/tbody>\n<\/table>\n[\/vc_column_text][\/vc_tab][vc_tab title=\u00a0\u00bbNovembre\u00a0\u00bb tab_id=\u00a0\u00bb273e0a63-63df-cl\u00a0\u00bb][vc_column_text css=\u00a0\u00bb.vc_custom_1608063341783{margin-bottom: 0px !important;}\u00a0\u00bb]\n<table width=\"1398\">\n<tbody>\n<tr>\n<td width=\"223\"><strong>Demande<\/strong><\/td>\n<td width=\"1175\"><strong>R\u00e9sum\u00e9 de la demande<\/strong><\/td>\n<\/tr>\n<tr>\n<td width=\"223\">Electives<\/td>\n<td width=\"1175\">Electives statistics taken in Ortho for matched CMGs.<\/td>\n<\/tr>\n<tr>\n<td width=\"223\">Gender<\/td>\n<td width=\"1175\">Match statistics by gender.<\/td>\n<\/tr>\n<tr>\n<td width=\"223\">Top choice matches<\/td>\n<td width=\"1175\">Aggregate statistics on the proportion of CMGs matching to their top 3 program choices.<\/td>\n<\/tr>\n<tr>\n<td width=\"223\">Match rates<\/td>\n<td width=\"1175\">Match rates over time for CMGs.<\/td>\n<\/tr>\n<tr>\n<td width=\"223\">Match rates<\/td>\n<td width=\"1175\">Match rates for geriatric medicine.<\/td>\n<\/tr>\n<tr>\n<td width=\"223\">Match rates<\/td>\n<td width=\"1175\">Match rates to English and French programs.<\/td>\n<\/tr>\n<\/tbody>\n<\/table>\n[\/vc_column_text][\/vc_tab][vc_tab title=\u00a0\u00bbD\u00e9cembre\u00a0\u00bb tab_id=\u00a0\u00bbe1c0950e-f16f-cl\u00a0\u00bb][vc_column_text css=\u00a0\u00bb.vc_custom_1610484273018{margin-bottom: 0px !important;}\u00a0\u00bb]\n<table width=\"1398\">\n<tbody>\n<tr>\n<td width=\"223\"><strong>Demande<\/strong><\/td>\n<td width=\"1175\"><strong>R\u00e9sum\u00e9 de la demande<\/strong><\/td>\n<\/tr>\n<tr>\n<td width=\"223\">Match rates<\/td>\n<td width=\"1175\">Match rates for IMGs for the last 5 years<\/td>\n<\/tr>\n<\/tbody>\n<\/table>\n[\/vc_column_text][\/vc_tab][\/vc_tabs][\/vc_column][\/vc_row]\n<\/div>","protected":false},"excerpt":{"rendered":"<p>[vc_row][vc_column][vc_column_text css=\u00a0\u00bb.vc_custom_1582046745857{margin-bottom: 0px !important;}\u00a0\u00bb]Ce rapport r\u00e9sume les demandes de donn\u00e9es externes (de la part d\u2019organisations non membres) auxquelles CaRMS a r\u00e9pondu en 2020. Le rapport est pr\u00e9par\u00e9 en anglais seulement.[\/vc_column_text][\/vc_column][\/vc_row][vc_row][vc_column][vc_tabs][vc_tab title=\u00a0\u00bbJanvier\u00a0\u00bb tab_id=\u00a0\u00bb1568211657-1-38&Prime;][vc_column_text css=\u00a0\u00bb.vc_custom_1582206129603{margin-bottom: 0px !important;}\u00a0\u00bb] Demande R\u00e9sum\u00e9 de la demande Match data Match Statistics &#8211;\u00a0 students matched to top 3 choices. [\/vc_column_text][\/vc_tab][vc_tab title=\u00a0\u00bbF\u00e9vrier\u00a0\u00bb tab_id=\u00a0\u00bb1583951959319-1-3&Prime;][vc_column_text css=\u00a0\u00bb.vc_custom_1583952068259{margin-bottom: [&hellip;]<\/p>\n","protected":false},"author":5,"featured_media":0,"parent":26652,"menu_order":0,"comment_status":"closed","ping_status":"closed","template":"","meta":{"_acf_changed":false,"footnotes":""},"class_list":["post-26658","page","type-page","status-publish","hentry"],"acf":{"subtitle":""},"yoast_head":"<!-- This site is optimized with the Yoast SEO plugin v27.3 - https:\/\/yoast.com\/product\/yoast-seo-wordpress\/ -->\n<title>Demandes de donn\u00e9es externes (non-membre) de CaRMS \u2013 2020 - CaRMS<\/title>\n<meta name=\"robots\" content=\"index, follow, max-snippet:-1, max-image-preview:large, max-video-preview:-1\" \/>\n<link rel=\"canonical\" href=\"https:\/\/www.carms.ca\/fr\/rapport-de-demande-de-donnees\/demandes-de-donnees-archives\/rapport-de-demande-de-donnees-2020\/\" \/>\n<meta property=\"og:locale\" content=\"fr_FR\" \/>\n<meta property=\"og:type\" content=\"article\" \/>\n<meta property=\"og:title\" content=\"Demandes de donn\u00e9es externes (non-membre) de CaRMS \u2013 2020 - CaRMS\" \/>\n<meta property=\"og:description\" content=\"[vc_row][vc_column][vc_column_text css=\u00a0\u00bb.vc_custom_1582046745857{margin-bottom: 0px !important;}\u00a0\u00bb]Ce rapport r\u00e9sume les demandes de donn\u00e9es externes (de la part d\u2019organisations non membres) auxquelles CaRMS a r\u00e9pondu en 2020. Le rapport est pr\u00e9par\u00e9 en anglais seulement.[\/vc_column_text][\/vc_column][\/vc_row][vc_row][vc_column][vc_tabs][vc_tab title=\u00a0\u00bbJanvier\u00a0\u00bb tab_id=\u00a0\u00bb1568211657-1-38&Prime;][vc_column_text css=\u00a0\u00bb.vc_custom_1582206129603{margin-bottom: 0px !important;}\u00a0\u00bb] Demande R\u00e9sum\u00e9 de la demande Match data Match Statistics &#8211;\u00a0 students matched to top 3 choices. [\/vc_column_text][\/vc_tab][vc_tab title=\u00a0\u00bbF\u00e9vrier\u00a0\u00bb tab_id=\u00a0\u00bb1583951959319-1-3&Prime;][vc_column_text css=\u00a0\u00bb.vc_custom_1583952068259{margin-bottom: [&hellip;]\" \/>\n<meta property=\"og:url\" content=\"https:\/\/www.carms.ca\/fr\/rapport-de-demande-de-donnees\/demandes-de-donnees-archives\/rapport-de-demande-de-donnees-2020\/\" \/>\n<meta property=\"og:site_name\" content=\"CaRMS\" \/>\n<meta property=\"article:modified_time\" content=\"2024-06-18T21:16:10+00:00\" \/>\n<meta name=\"twitter:card\" content=\"summary_large_image\" \/>\n<meta name=\"twitter:label1\" content=\"Dur\u00e9e de lecture estim\u00e9e\" \/>\n\t<meta name=\"twitter:data1\" content=\"4 minutes\" \/>\n<script type=\"application\/ld+json\" class=\"yoast-schema-graph\">{\"@context\":\"https:\\\/\\\/schema.org\",\"@graph\":[{\"@type\":\"WebPage\",\"@id\":\"https:\\\/\\\/www.carms.ca\\\/fr\\\/rapport-de-demande-de-donnees\\\/demandes-de-donnees-archives\\\/rapport-de-demande-de-donnees-2020\\\/\",\"url\":\"https:\\\/\\\/www.carms.ca\\\/fr\\\/rapport-de-demande-de-donnees\\\/demandes-de-donnees-archives\\\/rapport-de-demande-de-donnees-2020\\\/\",\"name\":\"Demandes de donn\u00e9es externes (non-membre) de CaRMS \u2013 2020 - CaRMS\",\"isPartOf\":{\"@id\":\"https:\\\/\\\/www.carms.ca\\\/#website\"},\"datePublished\":\"2021-03-09T14:14:40+00:00\",\"dateModified\":\"2024-06-18T21:16:10+00:00\",\"breadcrumb\":{\"@id\":\"https:\\\/\\\/www.carms.ca\\\/fr\\\/rapport-de-demande-de-donnees\\\/demandes-de-donnees-archives\\\/rapport-de-demande-de-donnees-2020\\\/#breadcrumb\"},\"inLanguage\":\"fr-FR\",\"potentialAction\":[{\"@type\":\"ReadAction\",\"target\":[\"https:\\\/\\\/www.carms.ca\\\/fr\\\/rapport-de-demande-de-donnees\\\/demandes-de-donnees-archives\\\/rapport-de-demande-de-donnees-2020\\\/\"]}]},{\"@type\":\"BreadcrumbList\",\"@id\":\"https:\\\/\\\/www.carms.ca\\\/fr\\\/rapport-de-demande-de-donnees\\\/demandes-de-donnees-archives\\\/rapport-de-demande-de-donnees-2020\\\/#breadcrumb\",\"itemListElement\":[{\"@type\":\"ListItem\",\"position\":1,\"name\":\"Accueil\",\"item\":\"https:\\\/\\\/www.carms.ca\\\/fr\\\/accueil-2\\\/\"},{\"@type\":\"ListItem\",\"position\":2,\"name\":\"Demandes de donn\u00e9es externes (non-membre) de CaRMS\",\"item\":\"https:\\\/\\\/www.carms.ca\\\/fr\\\/rapport-de-demande-de-donnees\\\/\"},{\"@type\":\"ListItem\",\"position\":3,\"name\":\"Demandes de donn\u00e9es externes (non-membre) de CaRMS &#8211; archives\",\"item\":\"https:\\\/\\\/www.carms.ca\\\/fr\\\/rapport-de-demande-de-donnees\\\/demandes-de-donnees-archives\\\/\"},{\"@type\":\"ListItem\",\"position\":4,\"name\":\"Demandes de donn\u00e9es externes (non-membre) de CaRMS \u2013 2020\"}]},{\"@type\":\"WebSite\",\"@id\":\"https:\\\/\\\/www.carms.ca\\\/#website\",\"url\":\"https:\\\/\\\/www.carms.ca\\\/\",\"name\":\"CaRMS\",\"description\":\"\",\"potentialAction\":[{\"@type\":\"SearchAction\",\"target\":{\"@type\":\"EntryPoint\",\"urlTemplate\":\"https:\\\/\\\/www.carms.ca\\\/?s={search_term_string}\"},\"query-input\":{\"@type\":\"PropertyValueSpecification\",\"valueRequired\":true,\"valueName\":\"search_term_string\"}}],\"inLanguage\":\"fr-FR\"}]}<\/script>\n<!-- \/ Yoast SEO plugin. -->","yoast_head_json":{"title":"Demandes de donn\u00e9es externes (non-membre) de CaRMS \u2013 2020 - CaRMS","robots":{"index":"index","follow":"follow","max-snippet":"max-snippet:-1","max-image-preview":"max-image-preview:large","max-video-preview":"max-video-preview:-1"},"canonical":"https:\/\/www.carms.ca\/fr\/rapport-de-demande-de-donnees\/demandes-de-donnees-archives\/rapport-de-demande-de-donnees-2020\/","og_locale":"fr_FR","og_type":"article","og_title":"Demandes de donn\u00e9es externes (non-membre) de CaRMS \u2013 2020 - CaRMS","og_description":"[vc_row][vc_column][vc_column_text css=\u00a0\u00bb.vc_custom_1582046745857{margin-bottom: 0px !important;}\u00a0\u00bb]Ce rapport r\u00e9sume les demandes de donn\u00e9es externes (de la part d\u2019organisations non membres) auxquelles CaRMS a r\u00e9pondu en 2020. Le rapport est pr\u00e9par\u00e9 en anglais seulement.[\/vc_column_text][\/vc_column][\/vc_row][vc_row][vc_column][vc_tabs][vc_tab title=\u00a0\u00bbJanvier\u00a0\u00bb tab_id=\u00a0\u00bb1568211657-1-38&Prime;][vc_column_text css=\u00a0\u00bb.vc_custom_1582206129603{margin-bottom: 0px !important;}\u00a0\u00bb] Demande R\u00e9sum\u00e9 de la demande Match data Match Statistics &#8211;\u00a0 students matched to top 3 choices. [\/vc_column_text][\/vc_tab][vc_tab title=\u00a0\u00bbF\u00e9vrier\u00a0\u00bb tab_id=\u00a0\u00bb1583951959319-1-3&Prime;][vc_column_text css=\u00a0\u00bb.vc_custom_1583952068259{margin-bottom: [&hellip;]","og_url":"https:\/\/www.carms.ca\/fr\/rapport-de-demande-de-donnees\/demandes-de-donnees-archives\/rapport-de-demande-de-donnees-2020\/","og_site_name":"CaRMS","article_modified_time":"2024-06-18T21:16:10+00:00","twitter_card":"summary_large_image","twitter_misc":{"Dur\u00e9e de lecture estim\u00e9e":"4 minutes"},"schema":{"@context":"https:\/\/schema.org","@graph":[{"@type":"WebPage","@id":"https:\/\/www.carms.ca\/fr\/rapport-de-demande-de-donnees\/demandes-de-donnees-archives\/rapport-de-demande-de-donnees-2020\/","url":"https:\/\/www.carms.ca\/fr\/rapport-de-demande-de-donnees\/demandes-de-donnees-archives\/rapport-de-demande-de-donnees-2020\/","name":"Demandes de donn\u00e9es externes (non-membre) de CaRMS \u2013 2020 - CaRMS","isPartOf":{"@id":"https:\/\/www.carms.ca\/#website"},"datePublished":"2021-03-09T14:14:40+00:00","dateModified":"2024-06-18T21:16:10+00:00","breadcrumb":{"@id":"https:\/\/www.carms.ca\/fr\/rapport-de-demande-de-donnees\/demandes-de-donnees-archives\/rapport-de-demande-de-donnees-2020\/#breadcrumb"},"inLanguage":"fr-FR","potentialAction":[{"@type":"ReadAction","target":["https:\/\/www.carms.ca\/fr\/rapport-de-demande-de-donnees\/demandes-de-donnees-archives\/rapport-de-demande-de-donnees-2020\/"]}]},{"@type":"BreadcrumbList","@id":"https:\/\/www.carms.ca\/fr\/rapport-de-demande-de-donnees\/demandes-de-donnees-archives\/rapport-de-demande-de-donnees-2020\/#breadcrumb","itemListElement":[{"@type":"ListItem","position":1,"name":"Accueil","item":"https:\/\/www.carms.ca\/fr\/accueil-2\/"},{"@type":"ListItem","position":2,"name":"Demandes de donn\u00e9es externes (non-membre) de CaRMS","item":"https:\/\/www.carms.ca\/fr\/rapport-de-demande-de-donnees\/"},{"@type":"ListItem","position":3,"name":"Demandes de donn\u00e9es externes (non-membre) de CaRMS &#8211; archives","item":"https:\/\/www.carms.ca\/fr\/rapport-de-demande-de-donnees\/demandes-de-donnees-archives\/"},{"@type":"ListItem","position":4,"name":"Demandes de donn\u00e9es externes (non-membre) de CaRMS \u2013 2020"}]},{"@type":"WebSite","@id":"https:\/\/www.carms.ca\/#website","url":"https:\/\/www.carms.ca\/","name":"CaRMS","description":"","potentialAction":[{"@type":"SearchAction","target":{"@type":"EntryPoint","urlTemplate":"https:\/\/www.carms.ca\/?s={search_term_string}"},"query-input":{"@type":"PropertyValueSpecification","valueRequired":true,"valueName":"search_term_string"}}],"inLanguage":"fr-FR"}]}},"publishpress_future_workflow_manual_trigger":{"enabledWorkflows":[]},"_links":{"self":[{"href":"https:\/\/www.carms.ca\/fr\/wp-json\/wp\/v2\/pages\/26658","targetHints":{"allow":["GET"]}}],"collection":[{"href":"https:\/\/www.carms.ca\/fr\/wp-json\/wp\/v2\/pages"}],"about":[{"href":"https:\/\/www.carms.ca\/fr\/wp-json\/wp\/v2\/types\/page"}],"author":[{"embeddable":true,"href":"https:\/\/www.carms.ca\/fr\/wp-json\/wp\/v2\/users\/5"}],"replies":[{"embeddable":true,"href":"https:\/\/www.carms.ca\/fr\/wp-json\/wp\/v2\/comments?post=26658"}],"version-history":[{"count":3,"href":"https:\/\/www.carms.ca\/fr\/wp-json\/wp\/v2\/pages\/26658\/revisions"}],"predecessor-version":[{"id":42519,"href":"https:\/\/www.carms.ca\/fr\/wp-json\/wp\/v2\/pages\/26658\/revisions\/42519"}],"up":[{"embeddable":true,"href":"https:\/\/www.carms.ca\/fr\/wp-json\/wp\/v2\/pages\/26652"}],"wp:attachment":[{"href":"https:\/\/www.carms.ca\/fr\/wp-json\/wp\/v2\/media?parent=26658"}],"curies":[{"name":"wp","href":"https:\/\/api.w.org\/{rel}","templated":true}]}}