{"id":28714,"date":"2021-07-07T12:02:37","date_gmt":"2021-07-07T16:02:37","guid":{"rendered":"https:\/\/www.carms.ca\/?page_id=28714"},"modified":"2025-06-11T17:15:11","modified_gmt":"2025-06-11T21:15:11","slug":"inscription","status":"publish","type":"page","link":"https:\/\/www.carms.ca\/fr\/inscription\/","title":{"rendered":"Inscription du candidat"},"content":{"rendered":"<div class=\"wpb-content-wrapper\">[vc_row][vc_column][vc_custom_heading text=\u00a0\u00bbD\u00e9sirez-vous vous inscrire \u00e0 un jumelage de CaRMS ?<br \/>\nS\u00e9lectionnez votre jumelage ci-dessous pour commencer\u00a0\u00bb font_container=\u00a0\u00bbtag:h2|text_align:center\u00a0\u00bb use_theme_fonts=\u00a0\u00bbyes\u00a0\u00bb css=\u00a0\u00bb.vc_custom_1625674139993{margin-top: 50px !important;margin-bottom: 50px !important;}\u00a0\u00bb][vc_raw_html css=\u00a0\u00bb\u00a0\u00bb el_class=\u00a0\u00bbmatch-buttons\u00a0\u00bb]JTNDZGl2JTIwY2xhc3MlM0QlMjJtYXRjaCUyMG1hdGNoLXIxJTIyJTNFJTNDYSUyMGhyZWYlM0QlMjIlMkZmciUyRmp1bWVsYWdlJTJGbGUtanVtZWxhZ2UtcHJpbmNpcGFsLXItMSUyRmNhbmRpZGF0cyUyRmluc2NyaXB0aW9uLXIxJTIyJTNFUi0xJTNDc3BhbiUyMGNsYXNzJTNEJTIybWF0Y2gtZGVzY3JpcHRpb24lMjIlM0VMZSUyMGp1bWVsYWdlJTIwcHJpbmNpcGFsJTIwUi0xJTNDJTJGc3BhbiUzRSUzQyUyRmElM0UlM0MlMkZkaXYlM0UlMEElM0NkaXYlMjBjbGFzcyUzRCUyMm1hdGNoJTIwbWF0Y2gtbXNtJTIyJTNFJTNDYSUyMGhyZWYlM0QlMjIlMkZmciUyRmp1bWVsYWdlJTJGanJzYSUyRmNhbmRpZGF0cyUyRmluc2NyaXB0aW9uLWpyc2ElMkYlMjIlM0VKUlNBJTNDc3BhbiUyMGNsYXNzJTNEJTIybWF0Y2gtZGVzY3JpcHRpb24lMjIlM0VKdW1lbGFnZSUyMGRlcyUyMHIlQzMlQTlzaWRlbnRzJTIwZW4lMjBzdXJzcCVDMyVBOWNpYWxpdCVDMyVBOXMlMjBkZSUyMGwlRTIlODAlOTlhdXRvbW5lJTNDJTJGc3BhbiUzRSUzQyUyRmElM0UlM0MlMkZkaXYlM0UlMEElM0NkaXYlMjBjbGFzcyUzRCUyMm1hdGNoJTIwbWF0Y2gtZm1lbSUyMiUzRSUzQ2ElMjBocmVmJTNEJTIyJTJGZnIlMkZqdW1lbGFnZSUyRm1lZGVjaW5lLWZhbWlsaWFsZS1jb21wZXRlbmNlcy1hdmFuY2VlcyUyRmNhbmRpZGF0cyUyRmluc2NyaXB0aW9uLW1mY2ElMkYlMjIlM0VNRiUyRkNBJTNDc3BhbiUyMGNsYXNzJTNEJTIybWF0Y2gtZGVzY3JpcHRpb24lMjIlM0VKdW1lbGFnZSUyMGRlJTIwbSVDMyVBOWRlY2luZSUyMGZhbWlsaWFsZSUyRmNvbXAlQzMlQTl0ZW5jZXMlMjBhdmFuYyVDMyVBOWVzJTNDJTJGc3BhbiUzRSUzQyUyRmElM0UlM0MlMkZkaXYlM0UlMEElM0NkaXYlMjBjbGFzcyUzRCUyMm1hdGNoJTIwbWF0Y2gtcHNtJTIyJTNFJTNDYSUyMGhyZWYlM0QlMjIlMkZmciUyRmp1bWVsYWdlJTJGanJzcCUyRmNhbmRpZGF0cyUyRmluc2NyaXB0aW9uLWpyc3AlMkYlMjIlM0VKUlNQJTNDc3BhbiUyMGNsYXNzJTNEJTIybWF0Y2gtZGVzY3JpcHRpb24lMjIlM0VKdW1lbGFnZSUyMGRlcyUyMHIlQzMlQTlzaWRlbnRzJTIwZW4lMjBzdXJzcCVDMyVBOWNpYWxpdCVDMyVBOXMlMjBkdSUyMHByaW50ZW1wcyUzQyUyRnNwYW4lM0UlM0MlMkZhJTNFJTNDJTJGZGl2JTNF[\/vc_raw_html][\/vc_column][\/vc_row][vc_row][vc_column][mk_padding_divider][vc_column_text css=\u00a0\u00bb.vc_custom_1625750967872{margin-bottom: 0px !important;}\u00a0\u00bb]\n<h4 style=\"text-align: center;\">\u00cates-vous un r\u00e9pondant ? <a href=\"https:\/\/phx.e-carms.ca\/phoenix-web\/referee\/register?locale=fr_CA\">Cliquez ici<\/a> pour vous inscrire.<\/h4>\n[\/vc_column_text][\/vc_column][\/vc_row]\n<\/div>","protected":false},"excerpt":{"rendered":"<p>[vc_row][vc_column][vc_custom_heading text=\u00a0\u00bbD\u00e9sirez-vous vous inscrire \u00e0 un jumelage de CaRMS ? S\u00e9lectionnez votre jumelage ci-dessous pour commencer\u00a0\u00bb font_container=\u00a0\u00bbtag:h2|text_align:center\u00a0\u00bb use_theme_fonts=\u00a0\u00bbyes\u00a0\u00bb css=\u00a0\u00bb.vc_custom_1625674139993{margin-top: 50px !important;margin-bottom: 50px !important;}\u00a0\u00bb][vc_raw_html css=\u00a0\u00bb\u00a0\u00bb el_class=\u00a0\u00bbmatch-buttons\u00a0\u00bb]JTNDZGl2JTIwY2xhc3MlM0QlMjJtYXRjaCUyMG1hdGNoLXIxJTIyJTNFJTNDYSUyMGhyZWYlM0QlMjIlMkZmciUyRmp1bWVsYWdlJTJGbGUtanVtZWxhZ2UtcHJpbmNpcGFsLXItMSUyRmNhbmRpZGF0cyUyRmluc2NyaXB0aW9uLXIxJTIyJTNFUi0xJTNDc3BhbiUyMGNsYXNzJTNEJTIybWF0Y2gtZGVzY3JpcHRpb24lMjIlM0VMZSUyMGp1bWVsYWdlJTIwcHJpbmNpcGFsJTIwUi0xJTNDJTJGc3BhbiUzRSUzQyUyRmElM0UlM0MlMkZkaXYlM0UlMEElM0NkaXYlMjBjbGFzcyUzRCUyMm1hdGNoJTIwbWF0Y2gtbXNtJTIyJTNFJTNDYSUyMGhyZWYlM0QlMjIlMkZmciUyRmp1bWVsYWdlJTJGanJzYSUyRmNhbmRpZGF0cyUyRmluc2NyaXB0aW9uLWpyc2ElMkYlMjIlM0VKUlNBJTNDc3BhbiUyMGNsYXNzJTNEJTIybWF0Y2gtZGVzY3JpcHRpb24lMjIlM0VKdW1lbGFnZSUyMGRlcyUyMHIlQzMlQTlzaWRlbnRzJTIwZW4lMjBzdXJzcCVDMyVBOWNpYWxpdCVDMyVBOXMlMjBkZSUyMGwlRTIlODAlOTlhdXRvbW5lJTNDJTJGc3BhbiUzRSUzQyUyRmElM0UlM0MlMkZkaXYlM0UlMEElM0NkaXYlMjBjbGFzcyUzRCUyMm1hdGNoJTIwbWF0Y2gtZm1lbSUyMiUzRSUzQ2ElMjBocmVmJTNEJTIyJTJGZnIlMkZqdW1lbGFnZSUyRm1lZGVjaW5lLWZhbWlsaWFsZS1jb21wZXRlbmNlcy1hdmFuY2VlcyUyRmNhbmRpZGF0cyUyRmluc2NyaXB0aW9uLW1mY2ElMkYlMjIlM0VNRiUyRkNBJTNDc3BhbiUyMGNsYXNzJTNEJTIybWF0Y2gtZGVzY3JpcHRpb24lMjIlM0VKdW1lbGFnZSUyMGRlJTIwbSVDMyVBOWRlY2luZSUyMGZhbWlsaWFsZSUyRmNvbXAlQzMlQTl0ZW5jZXMlMjBhdmFuYyVDMyVBOWVzJTNDJTJGc3BhbiUzRSUzQyUyRmElM0UlM0MlMkZkaXYlM0UlMEElM0NkaXYlMjBjbGFzcyUzRCUyMm1hdGNoJTIwbWF0Y2gtcHNtJTIyJTNFJTNDYSUyMGhyZWYlM0QlMjIlMkZmciUyRmp1bWVsYWdlJTJGanJzcCUyRmNhbmRpZGF0cyUyRmluc2NyaXB0aW9uLWpyc3AlMkYlMjIlM0VKUlNQJTNDc3BhbiUyMGNsYXNzJTNEJTIybWF0Y2gtZGVzY3JpcHRpb24lMjIlM0VKdW1lbGFnZSUyMGRlcyUyMHIlQzMlQTlzaWRlbnRzJTIwZW4lMjBzdXJzcCVDMyVBOWNpYWxpdCVDMyVBOXMlMjBkdSUyMHByaW50ZW1wcyUzQyUyRnNwYW4lM0UlM0MlMkZhJTNFJTNDJTJGZGl2JTNF[\/vc_raw_html][\/vc_column][\/vc_row][vc_row][vc_column][mk_padding_divider][vc_column_text css=\u00a0\u00bb.vc_custom_1625750967872{margin-bottom: 0px !important;}\u00a0\u00bb] \u00cates-vous un r\u00e9pondant ? Cliquez ici pour vous inscrire. [\/vc_column_text][\/vc_column][\/vc_row]<\/p>\n","protected":false},"author":5,"featured_media":0,"parent":0,"menu_order":0,"comment_status":"closed","ping_status":"closed","template":"","meta":{"_acf_changed":false,"footnotes":""},"class_list":["post-28714","page","type-page","status-publish","hentry"],"acf":{"subtitle":""},"yoast_head":"<!-- This site is optimized with the Yoast SEO plugin v27.3 - https:\/\/yoast.com\/product\/yoast-seo-wordpress\/ -->\n<title>Inscription du candidat - CaRMS<\/title>\n<meta name=\"robots\" content=\"index, follow, max-snippet:-1, max-image-preview:large, max-video-preview:-1\" \/>\n<link rel=\"canonical\" href=\"https:\/\/www.carms.ca\/fr\/inscription\/\" \/>\n<meta property=\"og:locale\" content=\"fr_FR\" \/>\n<meta property=\"og:type\" content=\"article\" \/>\n<meta property=\"og:title\" content=\"Inscription du candidat - CaRMS\" \/>\n<meta property=\"og:description\" content=\"[vc_row][vc_column][vc_custom_heading text=\u00a0\u00bbD\u00e9sirez-vous vous inscrire \u00e0 un jumelage de CaRMS ? S\u00e9lectionnez votre jumelage ci-dessous pour commencer\u00a0\u00bb font_container=\u00a0\u00bbtag:h2|text_align:center\u00a0\u00bb use_theme_fonts=\u00a0\u00bbyes\u00a0\u00bb css=\u00a0\u00bb.vc_custom_1625674139993{margin-top: 50px !important;margin-bottom: 50px !important;}\u00a0\u00bb][vc_raw_html css=\u00a0\u00bb\u00a0\u00bb el_class=\u00a0\u00bbmatch-buttons\u00a0\u00bb]JTNDZGl2JTIwY2xhc3MlM0QlMjJtYXRjaCUyMG1hdGNoLXIxJTIyJTNFJTNDYSUyMGhyZWYlM0QlMjIlMkZmciUyRmp1bWVsYWdlJTJGbGUtanVtZWxhZ2UtcHJpbmNpcGFsLXItMSUyRmNhbmRpZGF0cyUyRmluc2NyaXB0aW9uLXIxJTIyJTNFUi0xJTNDc3BhbiUyMGNsYXNzJTNEJTIybWF0Y2gtZGVzY3JpcHRpb24lMjIlM0VMZSUyMGp1bWVsYWdlJTIwcHJpbmNpcGFsJTIwUi0xJTNDJTJGc3BhbiUzRSUzQyUyRmElM0UlM0MlMkZkaXYlM0UlMEElM0NkaXYlMjBjbGFzcyUzRCUyMm1hdGNoJTIwbWF0Y2gtbXNtJTIyJTNFJTNDYSUyMGhyZWYlM0QlMjIlMkZmciUyRmp1bWVsYWdlJTJGanJzYSUyRmNhbmRpZGF0cyUyRmluc2NyaXB0aW9uLWpyc2ElMkYlMjIlM0VKUlNBJTNDc3BhbiUyMGNsYXNzJTNEJTIybWF0Y2gtZGVzY3JpcHRpb24lMjIlM0VKdW1lbGFnZSUyMGRlcyUyMHIlQzMlQTlzaWRlbnRzJTIwZW4lMjBzdXJzcCVDMyVBOWNpYWxpdCVDMyVBOXMlMjBkZSUyMGwlRTIlODAlOTlhdXRvbW5lJTNDJTJGc3BhbiUzRSUzQyUyRmElM0UlM0MlMkZkaXYlM0UlMEElM0NkaXYlMjBjbGFzcyUzRCUyMm1hdGNoJTIwbWF0Y2gtZm1lbSUyMiUzRSUzQ2ElMjBocmVmJTNEJTIyJTJGZnIlMkZqdW1lbGFnZSUyRm1lZGVjaW5lLWZhbWlsaWFsZS1jb21wZXRlbmNlcy1hdmFuY2VlcyUyRmNhbmRpZGF0cyUyRmluc2NyaXB0aW9uLW1mY2ElMkYlMjIlM0VNRiUyRkNBJTNDc3BhbiUyMGNsYXNzJTNEJTIybWF0Y2gtZGVzY3JpcHRpb24lMjIlM0VKdW1lbGFnZSUyMGRlJTIwbSVDMyVBOWRlY2luZSUyMGZhbWlsaWFsZSUyRmNvbXAlQzMlQTl0ZW5jZXMlMjBhdmFuYyVDMyVBOWVzJTNDJTJGc3BhbiUzRSUzQyUyRmElM0UlM0MlMkZkaXYlM0UlMEElM0NkaXYlMjBjbGFzcyUzRCUyMm1hdGNoJTIwbWF0Y2gtcHNtJTIyJTNFJTNDYSUyMGhyZWYlM0QlMjIlMkZmciUyRmp1bWVsYWdlJTJGanJzcCUyRmNhbmRpZGF0cyUyRmluc2NyaXB0aW9uLWpyc3AlMkYlMjIlM0VKUlNQJTNDc3BhbiUyMGNsYXNzJTNEJTIybWF0Y2gtZGVzY3JpcHRpb24lMjIlM0VKdW1lbGFnZSUyMGRlcyUyMHIlQzMlQTlzaWRlbnRzJTIwZW4lMjBzdXJzcCVDMyVBOWNpYWxpdCVDMyVBOXMlMjBkdSUyMHByaW50ZW1wcyUzQyUyRnNwYW4lM0UlM0MlMkZhJTNFJTNDJTJGZGl2JTNF[\/vc_raw_html][\/vc_column][\/vc_row][vc_row][vc_column][mk_padding_divider][vc_column_text css=\u00a0\u00bb.vc_custom_1625750967872{margin-bottom: 0px !important;}\u00a0\u00bb] \u00cates-vous un r\u00e9pondant ? Cliquez ici pour vous inscrire. [\/vc_column_text][\/vc_column][\/vc_row]\" \/>\n<meta property=\"og:url\" content=\"https:\/\/www.carms.ca\/fr\/inscription\/\" \/>\n<meta property=\"og:site_name\" content=\"CaRMS\" \/>\n<meta property=\"article:modified_time\" content=\"2025-06-11T21:15:11+00:00\" \/>\n<meta name=\"twitter:card\" content=\"summary_large_image\" \/>\n<meta name=\"twitter:label1\" content=\"Dur\u00e9e de lecture estim\u00e9e\" \/>\n\t<meta name=\"twitter:data1\" content=\"1 minute\" \/>\n<script type=\"application\/ld+json\" class=\"yoast-schema-graph\">{\"@context\":\"https:\\\/\\\/schema.org\",\"@graph\":[{\"@type\":\"WebPage\",\"@id\":\"https:\\\/\\\/www.carms.ca\\\/fr\\\/inscription\\\/\",\"url\":\"https:\\\/\\\/www.carms.ca\\\/fr\\\/inscription\\\/\",\"name\":\"Inscription du candidat - CaRMS\",\"isPartOf\":{\"@id\":\"https:\\\/\\\/www.carms.ca\\\/#website\"},\"datePublished\":\"2021-07-07T16:02:37+00:00\",\"dateModified\":\"2025-06-11T21:15:11+00:00\",\"breadcrumb\":{\"@id\":\"https:\\\/\\\/www.carms.ca\\\/fr\\\/inscription\\\/#breadcrumb\"},\"inLanguage\":\"fr-FR\",\"potentialAction\":[{\"@type\":\"ReadAction\",\"target\":[\"https:\\\/\\\/www.carms.ca\\\/fr\\\/inscription\\\/\"]}]},{\"@type\":\"BreadcrumbList\",\"@id\":\"https:\\\/\\\/www.carms.ca\\\/fr\\\/inscription\\\/#breadcrumb\",\"itemListElement\":[{\"@type\":\"ListItem\",\"position\":1,\"name\":\"Accueil\",\"item\":\"https:\\\/\\\/www.carms.ca\\\/fr\\\/\"},{\"@type\":\"ListItem\",\"position\":2,\"name\":\"Inscription du candidat\"}]},{\"@type\":\"WebSite\",\"@id\":\"https:\\\/\\\/www.carms.ca\\\/#website\",\"url\":\"https:\\\/\\\/www.carms.ca\\\/\",\"name\":\"CaRMS\",\"description\":\"\",\"potentialAction\":[{\"@type\":\"SearchAction\",\"target\":{\"@type\":\"EntryPoint\",\"urlTemplate\":\"https:\\\/\\\/www.carms.ca\\\/?s={search_term_string}\"},\"query-input\":{\"@type\":\"PropertyValueSpecification\",\"valueRequired\":true,\"valueName\":\"search_term_string\"}}],\"inLanguage\":\"fr-FR\"}]}<\/script>\n<!-- \/ Yoast SEO plugin. -->","yoast_head_json":{"title":"Inscription du candidat - CaRMS","robots":{"index":"index","follow":"follow","max-snippet":"max-snippet:-1","max-image-preview":"max-image-preview:large","max-video-preview":"max-video-preview:-1"},"canonical":"https:\/\/www.carms.ca\/fr\/inscription\/","og_locale":"fr_FR","og_type":"article","og_title":"Inscription du candidat - CaRMS","og_description":"[vc_row][vc_column][vc_custom_heading text=\u00a0\u00bbD\u00e9sirez-vous vous inscrire \u00e0 un jumelage de CaRMS ? S\u00e9lectionnez votre jumelage ci-dessous pour commencer\u00a0\u00bb font_container=\u00a0\u00bbtag:h2|text_align:center\u00a0\u00bb use_theme_fonts=\u00a0\u00bbyes\u00a0\u00bb css=\u00a0\u00bb.vc_custom_1625674139993{margin-top: 50px !important;margin-bottom: 50px !important;}\u00a0\u00bb][vc_raw_html css=\u00a0\u00bb\u00a0\u00bb el_class=\u00a0\u00bbmatch-buttons\u00a0\u00bb]JTNDZGl2JTIwY2xhc3MlM0QlMjJtYXRjaCUyMG1hdGNoLXIxJTIyJTNFJTNDYSUyMGhyZWYlM0QlMjIlMkZmciUyRmp1bWVsYWdlJTJGbGUtanVtZWxhZ2UtcHJpbmNpcGFsLXItMSUyRmNhbmRpZGF0cyUyRmluc2NyaXB0aW9uLXIxJTIyJTNFUi0xJTNDc3BhbiUyMGNsYXNzJTNEJTIybWF0Y2gtZGVzY3JpcHRpb24lMjIlM0VMZSUyMGp1bWVsYWdlJTIwcHJpbmNpcGFsJTIwUi0xJTNDJTJGc3BhbiUzRSUzQyUyRmElM0UlM0MlMkZkaXYlM0UlMEElM0NkaXYlMjBjbGFzcyUzRCUyMm1hdGNoJTIwbWF0Y2gtbXNtJTIyJTNFJTNDYSUyMGhyZWYlM0QlMjIlMkZmciUyRmp1bWVsYWdlJTJGanJzYSUyRmNhbmRpZGF0cyUyRmluc2NyaXB0aW9uLWpyc2ElMkYlMjIlM0VKUlNBJTNDc3BhbiUyMGNsYXNzJTNEJTIybWF0Y2gtZGVzY3JpcHRpb24lMjIlM0VKdW1lbGFnZSUyMGRlcyUyMHIlQzMlQTlzaWRlbnRzJTIwZW4lMjBzdXJzcCVDMyVBOWNpYWxpdCVDMyVBOXMlMjBkZSUyMGwlRTIlODAlOTlhdXRvbW5lJTNDJTJGc3BhbiUzRSUzQyUyRmElM0UlM0MlMkZkaXYlM0UlMEElM0NkaXYlMjBjbGFzcyUzRCUyMm1hdGNoJTIwbWF0Y2gtZm1lbSUyMiUzRSUzQ2ElMjBocmVmJTNEJTIyJTJGZnIlMkZqdW1lbGFnZSUyRm1lZGVjaW5lLWZhbWlsaWFsZS1jb21wZXRlbmNlcy1hdmFuY2VlcyUyRmNhbmRpZGF0cyUyRmluc2NyaXB0aW9uLW1mY2ElMkYlMjIlM0VNRiUyRkNBJTNDc3BhbiUyMGNsYXNzJTNEJTIybWF0Y2gtZGVzY3JpcHRpb24lMjIlM0VKdW1lbGFnZSUyMGRlJTIwbSVDMyVBOWRlY2luZSUyMGZhbWlsaWFsZSUyRmNvbXAlQzMlQTl0ZW5jZXMlMjBhdmFuYyVDMyVBOWVzJTNDJTJGc3BhbiUzRSUzQyUyRmElM0UlM0MlMkZkaXYlM0UlMEElM0NkaXYlMjBjbGFzcyUzRCUyMm1hdGNoJTIwbWF0Y2gtcHNtJTIyJTNFJTNDYSUyMGhyZWYlM0QlMjIlMkZmciUyRmp1bWVsYWdlJTJGanJzcCUyRmNhbmRpZGF0cyUyRmluc2NyaXB0aW9uLWpyc3AlMkYlMjIlM0VKUlNQJTNDc3BhbiUyMGNsYXNzJTNEJTIybWF0Y2gtZGVzY3JpcHRpb24lMjIlM0VKdW1lbGFnZSUyMGRlcyUyMHIlQzMlQTlzaWRlbnRzJTIwZW4lMjBzdXJzcCVDMyVBOWNpYWxpdCVDMyVBOXMlMjBkdSUyMHByaW50ZW1wcyUzQyUyRnNwYW4lM0UlM0MlMkZhJTNFJTNDJTJGZGl2JTNF[\/vc_raw_html][\/vc_column][\/vc_row][vc_row][vc_column][mk_padding_divider][vc_column_text css=\u00a0\u00bb.vc_custom_1625750967872{margin-bottom: 0px !important;}\u00a0\u00bb] \u00cates-vous un r\u00e9pondant ? Cliquez ici pour vous inscrire. [\/vc_column_text][\/vc_column][\/vc_row]","og_url":"https:\/\/www.carms.ca\/fr\/inscription\/","og_site_name":"CaRMS","article_modified_time":"2025-06-11T21:15:11+00:00","twitter_card":"summary_large_image","twitter_misc":{"Dur\u00e9e de lecture estim\u00e9e":"1 minute"},"schema":{"@context":"https:\/\/schema.org","@graph":[{"@type":"WebPage","@id":"https:\/\/www.carms.ca\/fr\/inscription\/","url":"https:\/\/www.carms.ca\/fr\/inscription\/","name":"Inscription du candidat - CaRMS","isPartOf":{"@id":"https:\/\/www.carms.ca\/#website"},"datePublished":"2021-07-07T16:02:37+00:00","dateModified":"2025-06-11T21:15:11+00:00","breadcrumb":{"@id":"https:\/\/www.carms.ca\/fr\/inscription\/#breadcrumb"},"inLanguage":"fr-FR","potentialAction":[{"@type":"ReadAction","target":["https:\/\/www.carms.ca\/fr\/inscription\/"]}]},{"@type":"BreadcrumbList","@id":"https:\/\/www.carms.ca\/fr\/inscription\/#breadcrumb","itemListElement":[{"@type":"ListItem","position":1,"name":"Accueil","item":"https:\/\/www.carms.ca\/fr\/"},{"@type":"ListItem","position":2,"name":"Inscription du candidat"}]},{"@type":"WebSite","@id":"https:\/\/www.carms.ca\/#website","url":"https:\/\/www.carms.ca\/","name":"CaRMS","description":"","potentialAction":[{"@type":"SearchAction","target":{"@type":"EntryPoint","urlTemplate":"https:\/\/www.carms.ca\/?s={search_term_string}"},"query-input":{"@type":"PropertyValueSpecification","valueRequired":true,"valueName":"search_term_string"}}],"inLanguage":"fr-FR"}]}},"publishpress_future_workflow_manual_trigger":{"enabledWorkflows":[]},"_links":{"self":[{"href":"https:\/\/www.carms.ca\/fr\/wp-json\/wp\/v2\/pages\/28714","targetHints":{"allow":["GET"]}}],"collection":[{"href":"https:\/\/www.carms.ca\/fr\/wp-json\/wp\/v2\/pages"}],"about":[{"href":"https:\/\/www.carms.ca\/fr\/wp-json\/wp\/v2\/types\/page"}],"author":[{"embeddable":true,"href":"https:\/\/www.carms.ca\/fr\/wp-json\/wp\/v2\/users\/5"}],"replies":[{"embeddable":true,"href":"https:\/\/www.carms.ca\/fr\/wp-json\/wp\/v2\/comments?post=28714"}],"version-history":[{"count":13,"href":"https:\/\/www.carms.ca\/fr\/wp-json\/wp\/v2\/pages\/28714\/revisions"}],"predecessor-version":[{"id":47414,"href":"https:\/\/www.carms.ca\/fr\/wp-json\/wp\/v2\/pages\/28714\/revisions\/47414"}],"wp:attachment":[{"href":"https:\/\/www.carms.ca\/fr\/wp-json\/wp\/v2\/media?parent=28714"}],"curies":[{"name":"wp","href":"https:\/\/api.w.org\/{rel}","templated":true}]}}