{"id":2901,"date":"2018-05-17T10:00:28","date_gmt":"2018-05-17T14:00:28","guid":{"rendered":"http:\/\/carms2017.wpengine.com\/?page_id=2901"},"modified":"2025-05-13T10:45:02","modified_gmt":"2025-05-13T14:45:02","slug":"donnees-et-rapports","status":"publish","type":"page","link":"https:\/\/www.carms.ca\/fr\/donnees-et-rapports\/","title":{"rendered":"Donn\u00e9es et rapports"},"content":{"rendered":"<div class=\"wpb-content-wrapper\">[mk_page_section layout_structure=\u00a0\u00bbhalf_left\u00a0\u00bb bg_image=\u00a0\u00bbhttps:\/\/carms.ca\/wp-content\/uploads\/2018\/06\/dsc1418_flip_lowres.jpg\u00a0\u00bb bg_color=\u00a0\u00bb#f2f6f9&Prime; padding_top=\u00a0\u00bb50&Prime; padding_bottom=\u00a0\u00bb50&Prime; el_class=\u00a0\u00bblayout-half-image\u00a0\u00bb][vc_column][vc_column_text css=\u00a0\u00bb.vc_custom_1612958408467{margin-bottom: 0px !important;}\u00a0\u00bb]Notre t\u00e2che \u00e0 CaRMS consiste en partie \u00e0 identifier des tendances, partager des donn\u00e9es et fournir \u00e0 la collectivit\u00e9 de l\u2019enseignement m\u00e9dical l\u2019information n\u00e9cessaire pour prendre des d\u00e9cisions inform\u00e9es au sujet de la formation en m\u00e9decine\u00a0 postdoctorale au Canada.<\/p>\n<p>Nous publions des rapports annuels d\u00e9taill\u00e9s sur chacun de ses jumelages et conservons des statistiques nationales regroup\u00e9es sur l\u2019\u00e9ducation m\u00e9dicale au Canada depuis 1971.<\/p>\n<p>Nous appuyons \u00e9galement le syst\u00e8me d\u2019\u00e9ducation m\u00e9dicale canadien gr\u00e2ce \u00e0 des efforts de recherche r\u00e9guliers en collaboration avec des universit\u00e9s et d\u2019autres organisations m\u00e9dicales et gouvernementales.[\/vc_column_text][vc_column_text css=\u00a0\u00bb.vc_custom_1738073207357{margin-bottom: 0px !important;}\u00a0\u00bb]<img loading=\"lazy\" decoding=\"async\" class=\"alignleft wp-image-1957 \" src=\"https:\/\/www.carms.ca\/wp-content\/uploads\/2018\/04\/carms-data-inquiry-icon.png\" alt=\"\" width=\"70\" height=\"76\" \/><strong>Avez-vous une demande de donn\u00e9es?<\/strong> Si vous avez une question concernant les donn\u00e9es du jumelage, communiquez avec nous en utilisant notre <a href=\"\/fr\/donnees-et-rapports\/formulaire-de-demande-de-donnees\/\">formulaire de demande de donn\u00e9es<\/a>.[\/vc_column_text][\/vc_column][\/mk_page_section][vc_row][vc_column][mk_padding_divider size=\u00a0\u00bb50&Prime; visibility=\u00a0\u00bbhidden-sm\u00a0\u00bb][vc_custom_heading text=\u00a0\u00bbS\u00e9lectionnez un jumelage pour acc\u00e9der aux donn\u00e9es personnalis\u00e9es\u00a0\u00bb font_container=\u00a0\u00bbtag:h2|text_align:center\u00a0\u00bb use_theme_fonts=\u00a0\u00bbyes\u00a0\u00bb][mk_padding_divider size=\u00a0\u00bb50&Prime; visibility=\u00a0\u00bbhidden-sm\u00a0\u00bb][vc_raw_html css=\u00a0\u00bb\u00a0\u00bb el_class=\u00a0\u00bbmatch-buttons\u00a0\u00bb]JTNDZGl2JTIwY2xhc3MlM0QlMjJtYXRjaCUyMG1hdGNoLXIxJTIyJTNFJTNDYSUyMGhyZWYlM0QlMjIlMkZmciUyRmRvbm5lZXMtZXQtcmFwcG9ydHMlMkZkb25uZWVzLWV0LXJhcHBvcnRzLWR1LWp1bWVsYWdlLXItMSUyRiUyMiUzRVItMSUzQ3NwYW4lMjBjbGFzcyUzRCUyMm1hdGNoLWRlc2NyaXB0aW9uJTIyJTNFTGUlMjBqdW1lbGFnZSUyMHByaW5jaXBhbCUyMFItMSUzQyUyRnNwYW4lM0UlM0MlMkZhJTNFJTNDJTJGZGl2JTNFJTBBJTNDZGl2JTIwY2xhc3MlM0QlMjJtYXRjaCUyMG1hdGNoLW1zbSUyMiUzRSUzQ2ElMjBocmVmJTNEJTIyJTJGZnIlMkZkb25uZWVzLWV0LXJhcHBvcnRzJTJGZG9ubmVlcy1ldC1yYXBwb3J0cy1kdS1qcnNhJTJGJTIyJTNFSlJTQSUzQ3NwYW4lMjBjbGFzcyUzRCUyMm1hdGNoLWRlc2NyaXB0aW9uJTIyJTNFSnVtZWxhZ2UlMjBkZXMlMjByJUMzJUE5c2lkZW50cyUyMGVuJTIwc3Vyc3AlQzMlQTljaWFsaXQlQzMlQTlzJTIwZGUlMjBsJTI3YXV0b21uZSUzQyUyRnNwYW4lM0UlM0MlMkZhJTNFJTNDJTJGZGl2JTNFJTBBJTNDZGl2JTIwY2xhc3MlM0QlMjJtYXRjaCUyMG1hdGNoLWZtZW0lMjIlM0UlM0NhJTIwaHJlZiUzRCUyMiUyRmZyJTJGZG9ubmVlcy1ldC1yYXBwb3J0cyUyRmRvbm5lZXMtZXQtcmFwcG9ydHMtZHUtanVtZWxhZ2UtbWYtY2ElMkYlMjIlM0VNRiUyRkNBJTNDc3BhbiUyMGNsYXNzJTNEJTIybWF0Y2gtZGVzY3JpcHRpb24lMjIlM0VKdW1lbGFnZSUyMGRlJTIwbSVDMyVBOWRlY2luZSUyMGZhbWlsaWFsZSUyRmNvbXAlQzMlQTl0ZW5jZXMlMjBhdmFuYyVDMyVBOWVzJTNDJTJGc3BhbiUzRSUzQyUyRmElM0UlM0MlMkZkaXYlM0UlMEElM0NkaXYlMjBjbGFzcyUzRCUyMm1hdGNoJTIwbWF0Y2gtcHNtJTIyJTNFJTNDYSUyMGhyZWYlM0QlMjIlMkZmciUyRmRvbm5lZXMtZXQtcmFwcG9ydHMlMkZkb25uZWVzLWV0LXJhcHBvcnRzLWR1LWpyc3AlMkYlMjIlM0VKUlNQJTNDc3BhbiUyMGNsYXNzJTNEJTIybWF0Y2gtZGVzY3JpcHRpb24lMjIlM0VKdW1lbGFnZSUyMGRlcyUyMHIlQzMlQTlzaWRlbnRzJTIwZW4lMjBzdXJzcCVDMyVBOWNpYWxpdCVDMyVBOXMlMjBkdSUyMHByaW50ZW1wcyUzQyUyRnNwYW4lM0UlM0MlMkZhJTNFJTNDJTJGZGl2JTNF[\/vc_raw_html][\/vc_column][\/vc_row][vc_row][vc_column][mk_padding_divider size=\u00a0\u00bb80&Prime;][\/vc_column][\/vc_row][mk_page_section bg_image=\u00a0\u00bbhttps:\/\/carms.ca\/wp-content\/uploads\/2017\/06\/home-bottom-bg.jpg\u00a0\u00bb bg_stretch=\u00a0\u00bbtrue\u00a0\u00bb full_width=\u00a0\u00bbtrue\u00a0\u00bb sidebar=\u00a0\u00bbsidebar-1&Prime;][vc_column][mk_padding_divider size=\u00a0\u00bb75&Prime;][vc_column_text css=\u00a0\u00bb.vc_custom_1606490913067{margin-bottom: 0px !important;}\u00a0\u00bb]\n<h1 style=\"text-align: center;\">Rapports de recherche<\/h1>\n<p style=\"color: white; text-align: center;\">Lisez nos rapports de recherche\u00a0pour des\u00a0analyses approfondies des donn\u00e9es concernant des aspects\u00a0pr\u00e9cis\u00a0du processus de candidature, de s\u00e9lection et de jumelage.<\/p>\n[\/vc_column_text][mk_padding_divider size=\u00a0\u00bb20&Prime;][mk_button dimension=\u00a0\u00bbflat\u00a0\u00bb corner_style=\u00a0\u00bbfull_rounded\u00a0\u00bb size=\u00a0\u00bblarge\u00a0\u00bb url=\u00a0\u00bbhttps:\/\/carms.ca\/fr\/donnees-et-rapports\/rapports-de-recherche\/\u00a0\u00bb align=\u00a0\u00bbcenter\u00a0\u00bb]VISIONNEZ LES RAPPORTS[\/mk_button][mk_padding_divider size=\u00a0\u00bb50&Prime;][\/vc_column][\/mk_page_section][mk_page_section bg_image=\u00a0\u00bbhttp:\/\/carms.thedev.ca\/wp-content\/uploads\/2018\/04\/carms-data-reports-background.png\u00a0\u00bb bg_position=\u00a0\u00bbcenter top\u00a0\u00bb bg_repeat=\u00a0\u00bbno-repeat\u00a0\u00bb bg_stretch=\u00a0\u00bbtrue\u00a0\u00bb min_height=\u00a0\u00bb1100&Prime; full_width=\u00a0\u00bbtrue\u00a0\u00bb sidebar=\u00a0\u00bbsidebar-1&Prime;][vc_column][mk_padding_divider][\/vc_column][\/mk_page_section]\n<\/div>","protected":false},"excerpt":{"rendered":"<p>[mk_page_section layout_structure=\u00a0\u00bbhalf_left\u00a0\u00bb bg_image=\u00a0\u00bbhttps:\/\/carms.ca\/wp-content\/uploads\/2018\/06\/dsc1418_flip_lowres.jpg\u00a0\u00bb bg_color=\u00a0\u00bb#f2f6f9&Prime; padding_top=\u00a0\u00bb50&Prime; padding_bottom=\u00a0\u00bb50&Prime; el_class=\u00a0\u00bblayout-half-image\u00a0\u00bb][vc_column][vc_column_text css=\u00a0\u00bb.vc_custom_1612958408467{margin-bottom: 0px !important;}\u00a0\u00bb]Notre t\u00e2che \u00e0 CaRMS consiste en partie \u00e0 identifier des tendances, partager des donn\u00e9es et fournir \u00e0 la collectivit\u00e9 de l\u2019enseignement m\u00e9dical l\u2019information n\u00e9cessaire pour prendre des d\u00e9cisions inform\u00e9es au sujet de la formation en m\u00e9decine\u00a0 postdoctorale au Canada. Nous publions des rapports annuels d\u00e9taill\u00e9s sur [&hellip;]<\/p>\n","protected":false},"author":5,"featured_media":0,"parent":0,"menu_order":0,"comment_status":"closed","ping_status":"closed","template":"","meta":{"_acf_changed":false,"footnotes":""},"class_list":["post-2901","page","type-page","status-publish","hentry"],"acf":{"subtitle":""},"yoast_head":"<!-- This site is optimized with the Yoast SEO plugin v27.3 - https:\/\/yoast.com\/product\/yoast-seo-wordpress\/ -->\n<title>Donn\u00e9es et rapports - CaRMS<\/title>\n<meta name=\"robots\" content=\"index, follow, max-snippet:-1, max-image-preview:large, max-video-preview:-1\" \/>\n<link rel=\"canonical\" href=\"https:\/\/www.carms.ca\/fr\/donnees-et-rapports\/\" \/>\n<meta property=\"og:locale\" content=\"fr_FR\" \/>\n<meta property=\"og:type\" content=\"article\" \/>\n<meta property=\"og:title\" content=\"Donn\u00e9es et rapports - CaRMS\" \/>\n<meta property=\"og:description\" content=\"[mk_page_section layout_structure=\u00a0\u00bbhalf_left\u00a0\u00bb bg_image=\u00a0\u00bbhttps:\/\/carms.ca\/wp-content\/uploads\/2018\/06\/dsc1418_flip_lowres.jpg\u00a0\u00bb bg_color=\u00a0\u00bb#f2f6f9&Prime; padding_top=\u00a0\u00bb50&Prime; padding_bottom=\u00a0\u00bb50&Prime; el_class=\u00a0\u00bblayout-half-image\u00a0\u00bb][vc_column][vc_column_text css=\u00a0\u00bb.vc_custom_1612958408467{margin-bottom: 0px !important;}\u00a0\u00bb]Notre t\u00e2che \u00e0 CaRMS consiste en partie \u00e0 identifier des tendances, partager des donn\u00e9es et fournir \u00e0 la collectivit\u00e9 de l\u2019enseignement m\u00e9dical l\u2019information n\u00e9cessaire pour prendre des d\u00e9cisions inform\u00e9es au sujet de la formation en m\u00e9decine\u00a0 postdoctorale au Canada. Nous publions des rapports annuels d\u00e9taill\u00e9s sur [&hellip;]\" \/>\n<meta property=\"og:url\" content=\"https:\/\/www.carms.ca\/fr\/donnees-et-rapports\/\" \/>\n<meta property=\"og:site_name\" content=\"CaRMS\" \/>\n<meta property=\"article:modified_time\" content=\"2025-05-13T14:45:02+00:00\" \/>\n<meta property=\"og:image\" content=\"https:\/\/www.carms.ca\/wp-content\/uploads\/2018\/04\/carms-data-inquiry-icon.png\" \/>\n\t<meta property=\"og:image:width\" content=\"111\" \/>\n\t<meta property=\"og:image:height\" content=\"120\" \/>\n\t<meta property=\"og:image:type\" content=\"image\/png\" \/>\n<meta name=\"twitter:card\" content=\"summary_large_image\" \/>\n<meta name=\"twitter:label1\" content=\"Dur\u00e9e de lecture estim\u00e9e\" \/>\n\t<meta name=\"twitter:data1\" content=\"2 minutes\" \/>\n<script type=\"application\/ld+json\" class=\"yoast-schema-graph\">{\"@context\":\"https:\\\/\\\/schema.org\",\"@graph\":[{\"@type\":\"WebPage\",\"@id\":\"https:\\\/\\\/www.carms.ca\\\/fr\\\/donnees-et-rapports\\\/\",\"url\":\"https:\\\/\\\/www.carms.ca\\\/fr\\\/donnees-et-rapports\\\/\",\"name\":\"Donn\u00e9es et rapports - CaRMS\",\"isPartOf\":{\"@id\":\"https:\\\/\\\/www.carms.ca\\\/#website\"},\"primaryImageOfPage\":{\"@id\":\"https:\\\/\\\/www.carms.ca\\\/fr\\\/donnees-et-rapports\\\/#primaryimage\"},\"image\":{\"@id\":\"https:\\\/\\\/www.carms.ca\\\/fr\\\/donnees-et-rapports\\\/#primaryimage\"},\"thumbnailUrl\":\"https:\\\/\\\/www.carms.ca\\\/wp-content\\\/uploads\\\/2018\\\/04\\\/carms-data-inquiry-icon.png\",\"datePublished\":\"2018-05-17T14:00:28+00:00\",\"dateModified\":\"2025-05-13T14:45:02+00:00\",\"breadcrumb\":{\"@id\":\"https:\\\/\\\/www.carms.ca\\\/fr\\\/donnees-et-rapports\\\/#breadcrumb\"},\"inLanguage\":\"fr-FR\",\"potentialAction\":[{\"@type\":\"ReadAction\",\"target\":[\"https:\\\/\\\/www.carms.ca\\\/fr\\\/donnees-et-rapports\\\/\"]}]},{\"@type\":\"ImageObject\",\"inLanguage\":\"fr-FR\",\"@id\":\"https:\\\/\\\/www.carms.ca\\\/fr\\\/donnees-et-rapports\\\/#primaryimage\",\"url\":\"https:\\\/\\\/www.carms.ca\\\/wp-content\\\/uploads\\\/2018\\\/04\\\/carms-data-inquiry-icon.png\",\"contentUrl\":\"https:\\\/\\\/www.carms.ca\\\/wp-content\\\/uploads\\\/2018\\\/04\\\/carms-data-inquiry-icon.png\"},{\"@type\":\"BreadcrumbList\",\"@id\":\"https:\\\/\\\/www.carms.ca\\\/fr\\\/donnees-et-rapports\\\/#breadcrumb\",\"itemListElement\":[{\"@type\":\"ListItem\",\"position\":1,\"name\":\"Accueil\",\"item\":\"https:\\\/\\\/www.carms.ca\\\/fr\\\/\"},{\"@type\":\"ListItem\",\"position\":2,\"name\":\"Donn\u00e9es et rapports\"}]},{\"@type\":\"WebSite\",\"@id\":\"https:\\\/\\\/www.carms.ca\\\/#website\",\"url\":\"https:\\\/\\\/www.carms.ca\\\/\",\"name\":\"CaRMS\",\"description\":\"\",\"potentialAction\":[{\"@type\":\"SearchAction\",\"target\":{\"@type\":\"EntryPoint\",\"urlTemplate\":\"https:\\\/\\\/www.carms.ca\\\/?s={search_term_string}\"},\"query-input\":{\"@type\":\"PropertyValueSpecification\",\"valueRequired\":true,\"valueName\":\"search_term_string\"}}],\"inLanguage\":\"fr-FR\"}]}<\/script>\n<!-- \/ Yoast SEO plugin. -->","yoast_head_json":{"title":"Donn\u00e9es et rapports - CaRMS","robots":{"index":"index","follow":"follow","max-snippet":"max-snippet:-1","max-image-preview":"max-image-preview:large","max-video-preview":"max-video-preview:-1"},"canonical":"https:\/\/www.carms.ca\/fr\/donnees-et-rapports\/","og_locale":"fr_FR","og_type":"article","og_title":"Donn\u00e9es et rapports - CaRMS","og_description":"[mk_page_section layout_structure=\u00a0\u00bbhalf_left\u00a0\u00bb bg_image=\u00a0\u00bbhttps:\/\/carms.ca\/wp-content\/uploads\/2018\/06\/dsc1418_flip_lowres.jpg\u00a0\u00bb bg_color=\u00a0\u00bb#f2f6f9&Prime; padding_top=\u00a0\u00bb50&Prime; padding_bottom=\u00a0\u00bb50&Prime; el_class=\u00a0\u00bblayout-half-image\u00a0\u00bb][vc_column][vc_column_text css=\u00a0\u00bb.vc_custom_1612958408467{margin-bottom: 0px !important;}\u00a0\u00bb]Notre t\u00e2che \u00e0 CaRMS consiste en partie \u00e0 identifier des tendances, partager des donn\u00e9es et fournir \u00e0 la collectivit\u00e9 de l\u2019enseignement m\u00e9dical l\u2019information n\u00e9cessaire pour prendre des d\u00e9cisions inform\u00e9es au sujet de la formation en m\u00e9decine\u00a0 postdoctorale au Canada. Nous publions des rapports annuels d\u00e9taill\u00e9s sur [&hellip;]","og_url":"https:\/\/www.carms.ca\/fr\/donnees-et-rapports\/","og_site_name":"CaRMS","article_modified_time":"2025-05-13T14:45:02+00:00","og_image":[{"width":111,"height":120,"url":"https:\/\/www.carms.ca\/wp-content\/uploads\/2018\/04\/carms-data-inquiry-icon.png","type":"image\/png"}],"twitter_card":"summary_large_image","twitter_misc":{"Dur\u00e9e de lecture estim\u00e9e":"2 minutes"},"schema":{"@context":"https:\/\/schema.org","@graph":[{"@type":"WebPage","@id":"https:\/\/www.carms.ca\/fr\/donnees-et-rapports\/","url":"https:\/\/www.carms.ca\/fr\/donnees-et-rapports\/","name":"Donn\u00e9es et rapports - CaRMS","isPartOf":{"@id":"https:\/\/www.carms.ca\/#website"},"primaryImageOfPage":{"@id":"https:\/\/www.carms.ca\/fr\/donnees-et-rapports\/#primaryimage"},"image":{"@id":"https:\/\/www.carms.ca\/fr\/donnees-et-rapports\/#primaryimage"},"thumbnailUrl":"https:\/\/www.carms.ca\/wp-content\/uploads\/2018\/04\/carms-data-inquiry-icon.png","datePublished":"2018-05-17T14:00:28+00:00","dateModified":"2025-05-13T14:45:02+00:00","breadcrumb":{"@id":"https:\/\/www.carms.ca\/fr\/donnees-et-rapports\/#breadcrumb"},"inLanguage":"fr-FR","potentialAction":[{"@type":"ReadAction","target":["https:\/\/www.carms.ca\/fr\/donnees-et-rapports\/"]}]},{"@type":"ImageObject","inLanguage":"fr-FR","@id":"https:\/\/www.carms.ca\/fr\/donnees-et-rapports\/#primaryimage","url":"https:\/\/www.carms.ca\/wp-content\/uploads\/2018\/04\/carms-data-inquiry-icon.png","contentUrl":"https:\/\/www.carms.ca\/wp-content\/uploads\/2018\/04\/carms-data-inquiry-icon.png"},{"@type":"BreadcrumbList","@id":"https:\/\/www.carms.ca\/fr\/donnees-et-rapports\/#breadcrumb","itemListElement":[{"@type":"ListItem","position":1,"name":"Accueil","item":"https:\/\/www.carms.ca\/fr\/"},{"@type":"ListItem","position":2,"name":"Donn\u00e9es et rapports"}]},{"@type":"WebSite","@id":"https:\/\/www.carms.ca\/#website","url":"https:\/\/www.carms.ca\/","name":"CaRMS","description":"","potentialAction":[{"@type":"SearchAction","target":{"@type":"EntryPoint","urlTemplate":"https:\/\/www.carms.ca\/?s={search_term_string}"},"query-input":{"@type":"PropertyValueSpecification","valueRequired":true,"valueName":"search_term_string"}}],"inLanguage":"fr-FR"}]}},"publishpress_future_workflow_manual_trigger":{"enabledWorkflows":[]},"_links":{"self":[{"href":"https:\/\/www.carms.ca\/fr\/wp-json\/wp\/v2\/pages\/2901","targetHints":{"allow":["GET"]}}],"collection":[{"href":"https:\/\/www.carms.ca\/fr\/wp-json\/wp\/v2\/pages"}],"about":[{"href":"https:\/\/www.carms.ca\/fr\/wp-json\/wp\/v2\/types\/page"}],"author":[{"embeddable":true,"href":"https:\/\/www.carms.ca\/fr\/wp-json\/wp\/v2\/users\/5"}],"replies":[{"embeddable":true,"href":"https:\/\/www.carms.ca\/fr\/wp-json\/wp\/v2\/comments?post=2901"}],"version-history":[{"count":17,"href":"https:\/\/www.carms.ca\/fr\/wp-json\/wp\/v2\/pages\/2901\/revisions"}],"predecessor-version":[{"id":46483,"href":"https:\/\/www.carms.ca\/fr\/wp-json\/wp\/v2\/pages\/2901\/revisions\/46483"}],"wp:attachment":[{"href":"https:\/\/www.carms.ca\/fr\/wp-json\/wp\/v2\/media?parent=2901"}],"curies":[{"name":"wp","href":"https:\/\/api.w.org\/{rel}","templated":true}]}}