{"id":2902,"date":"2018-05-17T10:05:30","date_gmt":"2018-05-17T14:05:30","guid":{"rendered":"http:\/\/carms2017.wpengine.com\/?page_id=2902"},"modified":"2025-05-14T14:24:54","modified_gmt":"2025-05-14T18:24:54","slug":"donnees-et-rapports-du-jrsa","status":"publish","type":"page","link":"https:\/\/www.carms.ca\/fr\/donnees-et-rapports\/donnees-et-rapports-du-jrsa\/","title":{"rendered":"Donn\u00e9es et rapports du JRSA"},"content":{"rendered":"<div class=\"wpb-content-wrapper\">[mk_page_section layout_structure=\u00a0\u00bbhalf_left\u00a0\u00bb bg_image=\u00a0\u00bbhttp:\/\/carms.thedev.ca\/wp-content\/uploads\/2018\/05\/data-banner-1.jpg\u00a0\u00bb bg_color=\u00a0\u00bb#f2f6f9&Prime; padding_top=\u00a0\u00bb50&Prime; padding_bottom=\u00a0\u00bb50&Prime; el_class=\u00a0\u00bblayout-half-image\u00a0\u00bb][vc_column][vc_column_text css=\u00a0\u00bb.vc_custom_1747160423732{margin-bottom: 0px !important;}\u00a0\u00bb]Nos rapports du JRSA offrent de l&rsquo;information d\u00e9taill\u00e9e et un aper\u00e7u des r\u00e9sultats et des tendances du jumelage remontant \u00e0 2010.[\/vc_column_text][mk_padding_divider size=\u00a0\u00bb20&Prime;][vc_column_text css=\u00a0\u00bb.vc_custom_1739290639995{margin-bottom: 0px !important;}\u00a0\u00bb]<img loading=\"lazy\" decoding=\"async\" class=\"alignleft wp-image-1957\" src=\"https:\/\/www.carms.ca\/wp-content\/uploads\/2018\/04\/carms-data-inquiry-icon.png\" alt=\"\" width=\"71\" height=\"77\" \/><strong>Avez-vous une demande de donn\u00e9es?<\/strong> Si vous avez une question concernant les donn\u00e9es du jumelage, communiquez avec nous en utilisant notre <a href=\"\/fr\/donnees-et-rapports\/formulaire-de-demande-de-donnees\/\">formulaire de demande de donn\u00e9es<\/a>.[\/vc_column_text][mk_padding_divider size=\u00a0\u00bb20&Prime;][vc_message icon_fontawesome=\u00a0\u00bbfa fa-book\u00a0\u00bb]\n<div>Cherchez-vous de l\u2019aide pour interpr\u00e9ter les donn\u00e9es\u00a0? Nos <a href=\"https:\/\/carms.ca\/pdfs\/CaRMS-Definitions-des-donnees.pdf\" target=\"_blank\" rel=\"noopener noreferrer\">d\u00e9finitions des donn\u00e9es<\/a> peuvent vous aider.<\/div>\n[\/vc_message][vc_row_inner disable_element=\u00a0\u00bbyes\u00a0\u00bb][vc_column_inner width=\u00a0\u00bb1\/2&Prime;][mk_image src=\u00a0\u00bbhttps:\/\/carms.ca\/wp-content\/uploads\/2020\/09\/msm-interview-offer-data.jpg\u00a0\u00bb image_size=\u00a0\u00bbfull\u00a0\u00bb link=\u00a0\u00bbhttps:\/\/carms.ca\/fr\/donnees-et-rapports\/donnees-et-rapports-du-jsm\/invitations-en-entrevue\/\u00a0\u00bb][\/vc_column_inner][vc_column_inner width=\u00a0\u00bb1\/2&Prime;][vc_column_text css=\u00a0\u00bb.vc_custom_1601410787282{margin-bottom: 0px !important;}\u00a0\u00bb]\n<h2 style=\"text-align: left;\"><a href=\"https:\/\/carms.ca\/fr\/donnees-et-rapports\/donnees-et-rapports-du-jsm\/invitations-en-entrevue\/\">Donn\u00e9es concernant les invitations en entrevue<\/a><\/h2>\n<p style=\"text-align: left;\">Consultez des donn\u00e9es concernant des invitations en entrevue du jumelage JSM de 2020.<\/p>\n[\/vc_column_text][\/vc_column_inner][\/vc_row_inner][\/vc_column][\/mk_page_section][mk_page_section bg_image=\u00a0\u00bbhttps:\/\/carms.ca\/wp-content\/uploads\/2017\/06\/home-bottom-bg.jpg\u00a0\u00bb bg_stretch=\u00a0\u00bbtrue\u00a0\u00bb min_height=\u00a0\u00bb0&Prime; padding_top=\u00a0\u00bb0&Prime; padding_bottom=\u00a0\u00bb0&Prime; section_id=\u00a0\u00bbcarms-info\u00a0\u00bb el_class=\u00a0\u00bboverflow-visible\u00a0\u00bb sidebar=\u00a0\u00bbsidebar-1&Prime;][vc_column][mk_padding_divider][vc_column_text align=\u00a0\u00bbcenter\u00a0\u00bb css=\u00a0\u00bb.vc_custom_1747160496984{margin-bottom: 0px !important;}\u00a0\u00bb]S\u00e9lectionnez une ann\u00e9e ci-dessous pour acc\u00e9der aux rapport de jumelage du JRSA en format Excel et PDF[\/vc_column_text][vc_raw_html el_class=\u00a0\u00bbyear-select\u00a0\u00bb]JTNDZGl2JTNFJTBBJTNDcCUzRVMlQzMlQTlsZWN0aW9ubmV6JTIwdW5lJTIwYW5uJUMzJUE5ZSUzQyUyRnAlM0UlMEElM0NwJTIwY2xhc3MlM0QlMjJ5ZWFyLXNlbGVjdC1idG4lMjIlM0VTJUMzJUE5bGVjdGlvbm5leiUzQyUyRnAlM0UlMEElM0MlMkZkaXYlM0UlMEElM0NkaXYlMjBpZCUzRCUyMnJlcG9ydC15ZWFyLXNlbGVjdG9yLXdyYXBwZXIlMjIlM0UlMEElM0NkaXYlMjBpZCUzRCUyMnJlcG9ydC15ZWFyLXNlbGVjdG9yJTIyJTIwY2xhc3MlM0QlMjJNU00lMjIlM0UlMEElM0MlMkZkaXYlM0UlMEElM0MlMkZkaXYlM0U=[\/vc_raw_html][vc_column_text css=\u00a0\u00bb.vc_custom_1747247096486{margin-bottom: 0px !important;}\u00a0\u00bb]<em>Le jumelage des sp\u00e9cialit\u00e9s m\u00e9dicales (JSM) a \u00e9t\u00e9 renomm\u00e9 le jumelage des r\u00e9sidents en sursp\u00e9cialit\u00e9s de l&rsquo;automne (JRSA) en 2026. Les rapports produits avant cela refl\u00e8tent l\u2019ancien nom.<\/em>[\/vc_column_text][\/vc_column][\/mk_page_section][mk_page_section bg_image=\u00a0\u00bbhttp:\/\/carms.thedev.ca\/wp-content\/uploads\/2018\/04\/istock-859500980.jpg\u00a0\u00bb bg_position=\u00a0\u00bbcenter top\u00a0\u00bb bg_repeat=\u00a0\u00bbno-repeat\u00a0\u00bb bg_stretch=\u00a0\u00bbtrue\u00a0\u00bb min_height=\u00a0\u00bb1100&Prime; el_class=\u00a0\u00bbzindex-1&Prime; sidebar=\u00a0\u00bbsidebar-1&Prime;][vc_column][vc_raw_html css=\u00a0\u00bb.vc_custom_1527604380978{background-color: rgba(237,244,246,0.85) !important;*background-color: rgb(237,244,246) !important;}\u00a0\u00bb el_id=\u00a0\u00bbdata-list-wrapper\u00a0\u00bb]JTNDaDIlMjBjbGFzcyUzRCUyMmluaXRpYWwtdGV4dCUyMiUzRSUzQyUyRmgyJTNF[\/vc_raw_html][\/vc_column][\/mk_page_section]\n<\/div>","protected":false},"excerpt":{"rendered":"<p>[mk_page_section layout_structure=\u00a0\u00bbhalf_left\u00a0\u00bb bg_image=\u00a0\u00bbhttp:\/\/carms.thedev.ca\/wp-content\/uploads\/2018\/05\/data-banner-1.jpg\u00a0\u00bb bg_color=\u00a0\u00bb#f2f6f9&Prime; padding_top=\u00a0\u00bb50&Prime; padding_bottom=\u00a0\u00bb50&Prime; el_class=\u00a0\u00bblayout-half-image\u00a0\u00bb][vc_column][vc_column_text css=\u00a0\u00bb.vc_custom_1747160423732{margin-bottom: 0px !important;}\u00a0\u00bb]Nos rapports du JRSA offrent de l&rsquo;information d\u00e9taill\u00e9e et un aper\u00e7u des r\u00e9sultats et des tendances du jumelage remontant \u00e0 2010.[\/vc_column_text][mk_padding_divider size=\u00a0\u00bb20&Prime;][vc_column_text css=\u00a0\u00bb.vc_custom_1739290639995{margin-bottom: 0px !important;}\u00a0\u00bb]Avez-vous une demande de donn\u00e9es? Si vous avez une question concernant les donn\u00e9es du jumelage, communiquez avec nous en utilisant notre formulaire [&hellip;]<\/p>\n","protected":false},"author":5,"featured_media":0,"parent":2901,"menu_order":0,"comment_status":"closed","ping_status":"closed","template":"","meta":{"_acf_changed":false,"footnotes":""},"class_list":["post-2902","page","type-page","status-publish","hentry"],"acf":{"subtitle":""},"yoast_head":"<!-- This site is optimized with the Yoast SEO plugin v27.3 - https:\/\/yoast.com\/product\/yoast-seo-wordpress\/ -->\n<title>Donn\u00e9es et rapports du JRSA - CaRMS<\/title>\n<meta name=\"robots\" content=\"index, follow, max-snippet:-1, max-image-preview:large, max-video-preview:-1\" \/>\n<link rel=\"canonical\" href=\"https:\/\/www.carms.ca\/fr\/donnees-et-rapports\/donnees-et-rapports-du-jrsa\/\" \/>\n<meta property=\"og:locale\" content=\"fr_FR\" \/>\n<meta property=\"og:type\" content=\"article\" \/>\n<meta property=\"og:title\" content=\"Donn\u00e9es et rapports du JRSA - CaRMS\" \/>\n<meta property=\"og:description\" content=\"[mk_page_section layout_structure=\u00a0\u00bbhalf_left\u00a0\u00bb bg_image=\u00a0\u00bbhttp:\/\/carms.thedev.ca\/wp-content\/uploads\/2018\/05\/data-banner-1.jpg\u00a0\u00bb bg_color=\u00a0\u00bb#f2f6f9&Prime; padding_top=\u00a0\u00bb50&Prime; padding_bottom=\u00a0\u00bb50&Prime; el_class=\u00a0\u00bblayout-half-image\u00a0\u00bb][vc_column][vc_column_text css=\u00a0\u00bb.vc_custom_1747160423732{margin-bottom: 0px !important;}\u00a0\u00bb]Nos rapports du JRSA offrent de l&rsquo;information d\u00e9taill\u00e9e et un aper\u00e7u des r\u00e9sultats et des tendances du jumelage remontant \u00e0 2010.[\/vc_column_text][mk_padding_divider size=\u00a0\u00bb20&Prime;][vc_column_text css=\u00a0\u00bb.vc_custom_1739290639995{margin-bottom: 0px !important;}\u00a0\u00bb]Avez-vous une demande de donn\u00e9es? Si vous avez une question concernant les donn\u00e9es du jumelage, communiquez avec nous en utilisant notre formulaire [&hellip;]\" \/>\n<meta property=\"og:url\" content=\"https:\/\/www.carms.ca\/fr\/donnees-et-rapports\/donnees-et-rapports-du-jrsa\/\" \/>\n<meta property=\"og:site_name\" content=\"CaRMS\" \/>\n<meta property=\"article:modified_time\" content=\"2025-05-14T18:24:54+00:00\" \/>\n<meta property=\"og:image\" content=\"https:\/\/www.carms.ca\/wp-content\/uploads\/2018\/04\/carms-data-inquiry-icon.png\" \/>\n\t<meta property=\"og:image:width\" content=\"111\" \/>\n\t<meta property=\"og:image:height\" content=\"120\" \/>\n\t<meta property=\"og:image:type\" content=\"image\/png\" \/>\n<meta name=\"twitter:card\" content=\"summary_large_image\" \/>\n<meta name=\"twitter:label1\" content=\"Dur\u00e9e de lecture estim\u00e9e\" \/>\n\t<meta name=\"twitter:data1\" content=\"2 minutes\" \/>\n<script type=\"application\/ld+json\" class=\"yoast-schema-graph\">{\"@context\":\"https:\\\/\\\/schema.org\",\"@graph\":[{\"@type\":\"WebPage\",\"@id\":\"https:\\\/\\\/www.carms.ca\\\/fr\\\/donnees-et-rapports\\\/donnees-et-rapports-du-jrsa\\\/\",\"url\":\"https:\\\/\\\/www.carms.ca\\\/fr\\\/donnees-et-rapports\\\/donnees-et-rapports-du-jrsa\\\/\",\"name\":\"Donn\u00e9es et rapports du JRSA - CaRMS\",\"isPartOf\":{\"@id\":\"https:\\\/\\\/www.carms.ca\\\/#website\"},\"primaryImageOfPage\":{\"@id\":\"https:\\\/\\\/www.carms.ca\\\/fr\\\/donnees-et-rapports\\\/donnees-et-rapports-du-jrsa\\\/#primaryimage\"},\"image\":{\"@id\":\"https:\\\/\\\/www.carms.ca\\\/fr\\\/donnees-et-rapports\\\/donnees-et-rapports-du-jrsa\\\/#primaryimage\"},\"thumbnailUrl\":\"https:\\\/\\\/www.carms.ca\\\/wp-content\\\/uploads\\\/2018\\\/04\\\/carms-data-inquiry-icon.png\",\"datePublished\":\"2018-05-17T14:05:30+00:00\",\"dateModified\":\"2025-05-14T18:24:54+00:00\",\"breadcrumb\":{\"@id\":\"https:\\\/\\\/www.carms.ca\\\/fr\\\/donnees-et-rapports\\\/donnees-et-rapports-du-jrsa\\\/#breadcrumb\"},\"inLanguage\":\"fr-FR\",\"potentialAction\":[{\"@type\":\"ReadAction\",\"target\":[\"https:\\\/\\\/www.carms.ca\\\/fr\\\/donnees-et-rapports\\\/donnees-et-rapports-du-jrsa\\\/\"]}]},{\"@type\":\"ImageObject\",\"inLanguage\":\"fr-FR\",\"@id\":\"https:\\\/\\\/www.carms.ca\\\/fr\\\/donnees-et-rapports\\\/donnees-et-rapports-du-jrsa\\\/#primaryimage\",\"url\":\"https:\\\/\\\/www.carms.ca\\\/wp-content\\\/uploads\\\/2018\\\/04\\\/carms-data-inquiry-icon.png\",\"contentUrl\":\"https:\\\/\\\/www.carms.ca\\\/wp-content\\\/uploads\\\/2018\\\/04\\\/carms-data-inquiry-icon.png\"},{\"@type\":\"BreadcrumbList\",\"@id\":\"https:\\\/\\\/www.carms.ca\\\/fr\\\/donnees-et-rapports\\\/donnees-et-rapports-du-jrsa\\\/#breadcrumb\",\"itemListElement\":[{\"@type\":\"ListItem\",\"position\":1,\"name\":\"Accueil\",\"item\":\"https:\\\/\\\/www.carms.ca\\\/fr\\\/\"},{\"@type\":\"ListItem\",\"position\":2,\"name\":\"Donn\u00e9es et rapports\",\"item\":\"https:\\\/\\\/www.carms.ca\\\/fr\\\/donnees-et-rapports\\\/\"},{\"@type\":\"ListItem\",\"position\":3,\"name\":\"Donn\u00e9es et rapports du JRSA\"}]},{\"@type\":\"WebSite\",\"@id\":\"https:\\\/\\\/www.carms.ca\\\/#website\",\"url\":\"https:\\\/\\\/www.carms.ca\\\/\",\"name\":\"CaRMS\",\"description\":\"\",\"potentialAction\":[{\"@type\":\"SearchAction\",\"target\":{\"@type\":\"EntryPoint\",\"urlTemplate\":\"https:\\\/\\\/www.carms.ca\\\/?s={search_term_string}\"},\"query-input\":{\"@type\":\"PropertyValueSpecification\",\"valueRequired\":true,\"valueName\":\"search_term_string\"}}],\"inLanguage\":\"fr-FR\"}]}<\/script>\n<!-- \/ Yoast SEO plugin. -->","yoast_head_json":{"title":"Donn\u00e9es et rapports du JRSA - CaRMS","robots":{"index":"index","follow":"follow","max-snippet":"max-snippet:-1","max-image-preview":"max-image-preview:large","max-video-preview":"max-video-preview:-1"},"canonical":"https:\/\/www.carms.ca\/fr\/donnees-et-rapports\/donnees-et-rapports-du-jrsa\/","og_locale":"fr_FR","og_type":"article","og_title":"Donn\u00e9es et rapports du JRSA - CaRMS","og_description":"[mk_page_section layout_structure=\u00a0\u00bbhalf_left\u00a0\u00bb bg_image=\u00a0\u00bbhttp:\/\/carms.thedev.ca\/wp-content\/uploads\/2018\/05\/data-banner-1.jpg\u00a0\u00bb bg_color=\u00a0\u00bb#f2f6f9&Prime; padding_top=\u00a0\u00bb50&Prime; padding_bottom=\u00a0\u00bb50&Prime; el_class=\u00a0\u00bblayout-half-image\u00a0\u00bb][vc_column][vc_column_text css=\u00a0\u00bb.vc_custom_1747160423732{margin-bottom: 0px !important;}\u00a0\u00bb]Nos rapports du JRSA offrent de l&rsquo;information d\u00e9taill\u00e9e et un aper\u00e7u des r\u00e9sultats et des tendances du jumelage remontant \u00e0 2010.[\/vc_column_text][mk_padding_divider size=\u00a0\u00bb20&Prime;][vc_column_text css=\u00a0\u00bb.vc_custom_1739290639995{margin-bottom: 0px !important;}\u00a0\u00bb]Avez-vous une demande de donn\u00e9es? Si vous avez une question concernant les donn\u00e9es du jumelage, communiquez avec nous en utilisant notre formulaire [&hellip;]","og_url":"https:\/\/www.carms.ca\/fr\/donnees-et-rapports\/donnees-et-rapports-du-jrsa\/","og_site_name":"CaRMS","article_modified_time":"2025-05-14T18:24:54+00:00","og_image":[{"width":111,"height":120,"url":"https:\/\/www.carms.ca\/wp-content\/uploads\/2018\/04\/carms-data-inquiry-icon.png","type":"image\/png"}],"twitter_card":"summary_large_image","twitter_misc":{"Dur\u00e9e de lecture estim\u00e9e":"2 minutes"},"schema":{"@context":"https:\/\/schema.org","@graph":[{"@type":"WebPage","@id":"https:\/\/www.carms.ca\/fr\/donnees-et-rapports\/donnees-et-rapports-du-jrsa\/","url":"https:\/\/www.carms.ca\/fr\/donnees-et-rapports\/donnees-et-rapports-du-jrsa\/","name":"Donn\u00e9es et rapports du JRSA - CaRMS","isPartOf":{"@id":"https:\/\/www.carms.ca\/#website"},"primaryImageOfPage":{"@id":"https:\/\/www.carms.ca\/fr\/donnees-et-rapports\/donnees-et-rapports-du-jrsa\/#primaryimage"},"image":{"@id":"https:\/\/www.carms.ca\/fr\/donnees-et-rapports\/donnees-et-rapports-du-jrsa\/#primaryimage"},"thumbnailUrl":"https:\/\/www.carms.ca\/wp-content\/uploads\/2018\/04\/carms-data-inquiry-icon.png","datePublished":"2018-05-17T14:05:30+00:00","dateModified":"2025-05-14T18:24:54+00:00","breadcrumb":{"@id":"https:\/\/www.carms.ca\/fr\/donnees-et-rapports\/donnees-et-rapports-du-jrsa\/#breadcrumb"},"inLanguage":"fr-FR","potentialAction":[{"@type":"ReadAction","target":["https:\/\/www.carms.ca\/fr\/donnees-et-rapports\/donnees-et-rapports-du-jrsa\/"]}]},{"@type":"ImageObject","inLanguage":"fr-FR","@id":"https:\/\/www.carms.ca\/fr\/donnees-et-rapports\/donnees-et-rapports-du-jrsa\/#primaryimage","url":"https:\/\/www.carms.ca\/wp-content\/uploads\/2018\/04\/carms-data-inquiry-icon.png","contentUrl":"https:\/\/www.carms.ca\/wp-content\/uploads\/2018\/04\/carms-data-inquiry-icon.png"},{"@type":"BreadcrumbList","@id":"https:\/\/www.carms.ca\/fr\/donnees-et-rapports\/donnees-et-rapports-du-jrsa\/#breadcrumb","itemListElement":[{"@type":"ListItem","position":1,"name":"Accueil","item":"https:\/\/www.carms.ca\/fr\/"},{"@type":"ListItem","position":2,"name":"Donn\u00e9es et rapports","item":"https:\/\/www.carms.ca\/fr\/donnees-et-rapports\/"},{"@type":"ListItem","position":3,"name":"Donn\u00e9es et rapports du JRSA"}]},{"@type":"WebSite","@id":"https:\/\/www.carms.ca\/#website","url":"https:\/\/www.carms.ca\/","name":"CaRMS","description":"","potentialAction":[{"@type":"SearchAction","target":{"@type":"EntryPoint","urlTemplate":"https:\/\/www.carms.ca\/?s={search_term_string}"},"query-input":{"@type":"PropertyValueSpecification","valueRequired":true,"valueName":"search_term_string"}}],"inLanguage":"fr-FR"}]}},"publishpress_future_workflow_manual_trigger":{"enabledWorkflows":[]},"_links":{"self":[{"href":"https:\/\/www.carms.ca\/fr\/wp-json\/wp\/v2\/pages\/2902","targetHints":{"allow":["GET"]}}],"collection":[{"href":"https:\/\/www.carms.ca\/fr\/wp-json\/wp\/v2\/pages"}],"about":[{"href":"https:\/\/www.carms.ca\/fr\/wp-json\/wp\/v2\/types\/page"}],"author":[{"embeddable":true,"href":"https:\/\/www.carms.ca\/fr\/wp-json\/wp\/v2\/users\/5"}],"replies":[{"embeddable":true,"href":"https:\/\/www.carms.ca\/fr\/wp-json\/wp\/v2\/comments?post=2902"}],"version-history":[{"count":12,"href":"https:\/\/www.carms.ca\/fr\/wp-json\/wp\/v2\/pages\/2902\/revisions"}],"predecessor-version":[{"id":46835,"href":"https:\/\/www.carms.ca\/fr\/wp-json\/wp\/v2\/pages\/2902\/revisions\/46835"}],"up":[{"embeddable":true,"href":"https:\/\/www.carms.ca\/fr\/wp-json\/wp\/v2\/pages\/2901"}],"wp:attachment":[{"href":"https:\/\/www.carms.ca\/fr\/wp-json\/wp\/v2\/media?parent=2902"}],"curies":[{"name":"wp","href":"https:\/\/api.w.org\/{rel}","templated":true}]}}