{"id":2935,"date":"2018-05-17T14:51:34","date_gmt":"2018-05-17T18:51:34","guid":{"rendered":"http:\/\/carms2017.wpengine.com\/?page_id=2935"},"modified":"2022-05-11T15:44:39","modified_gmt":"2022-05-11T19:44:39","slug":"rencontrez-notre-equipe","status":"publish","type":"page","link":"https:\/\/www.carms.ca\/fr\/rencontrez-notre-equipe\/","title":{"rendered":"Rencontrez notre \u00e9quipe"},"content":{"rendered":"<div class=\"wpb-content-wrapper\">[vc_row css=\u00a0\u00bb.vc_custom_1523048418150{padding-top: 50px !important;padding-bottom: 50px !important;}\u00a0\u00bb][vc_column][mk_employees style=\u00a0\u00bbclassic\u00a0\u00bb column=\u00a0\u00bb4&Prime; count=\u00a0\u00bb-1&Prime; description=\u00a0\u00bbfalse\u00a0\u00bb order=\u00a0\u00bbASC\u00a0\u00bb orderby=\u00a0\u00bbmenu_order\u00a0\u00bb name_color=\u00a0\u00bb#1a9ed5&Prime;][\/vc_column][\/vc_row]\n<\/div>","protected":false},"excerpt":{"rendered":"<p>[vc_row css=\u00a0\u00bb.vc_custom_1523048418150{padding-top: 50px !important;padding-bottom: 50px !important;}\u00a0\u00bb][vc_column][mk_employees style=\u00a0\u00bbclassic\u00a0\u00bb column=\u00a0\u00bb4&Prime; count=\u00a0\u00bb-1&Prime; description=\u00a0\u00bbfalse\u00a0\u00bb order=\u00a0\u00bbASC\u00a0\u00bb orderby=\u00a0\u00bbmenu_order\u00a0\u00bb name_color=\u00a0\u00bb#1a9ed5&Prime;][\/vc_column][\/vc_row]<\/p>\n","protected":false},"author":7,"featured_media":0,"parent":0,"menu_order":0,"comment_status":"closed","ping_status":"closed","template":"","meta":{"_acf_changed":false,"footnotes":""},"class_list":["post-2935","page","type-page","status-publish","hentry"],"acf":{"subtitle":"<p>Ensemble, nous sommes engag\u00e9s \u00e0 offrir un processus ordonn\u00e9 et fiable afin de jumeler les \u00e9tudiants en m\u00e9decine et les r\u00e9sidents \u00e0 des postes de r\u00e9sidence m\u00e9dicale partout au Canada. Cliquez sur les photos pour en apprendre davantage.<\/p>\n"},"yoast_head":"<!-- This site is optimized with the Yoast SEO plugin v27.3 - https:\/\/yoast.com\/product\/yoast-seo-wordpress\/ -->\n<title>Rencontrez notre \u00e9quipe - CaRMS<\/title>\n<meta name=\"robots\" content=\"index, follow, max-snippet:-1, max-image-preview:large, max-video-preview:-1\" \/>\n<link rel=\"canonical\" href=\"https:\/\/www.carms.ca\/fr\/rencontrez-notre-equipe\/\" \/>\n<meta property=\"og:locale\" content=\"fr_FR\" \/>\n<meta property=\"og:type\" content=\"article\" \/>\n<meta property=\"og:title\" content=\"Rencontrez notre \u00e9quipe - CaRMS\" \/>\n<meta property=\"og:description\" content=\"[vc_row css=\u00a0\u00bb.vc_custom_1523048418150{padding-top: 50px !important;padding-bottom: 50px !important;}\u00a0\u00bb][vc_column][mk_employees style=\u00a0\u00bbclassic\u00a0\u00bb column=\u00a0\u00bb4&Prime; count=\u00a0\u00bb-1&Prime; description=\u00a0\u00bbfalse\u00a0\u00bb order=\u00a0\u00bbASC\u00a0\u00bb orderby=\u00a0\u00bbmenu_order\u00a0\u00bb name_color=\u00a0\u00bb#1a9ed5&Prime;][\/vc_column][\/vc_row]\" \/>\n<meta property=\"og:url\" content=\"https:\/\/www.carms.ca\/fr\/rencontrez-notre-equipe\/\" \/>\n<meta property=\"og:site_name\" content=\"CaRMS\" \/>\n<meta property=\"article:modified_time\" content=\"2022-05-11T19:44:39+00:00\" \/>\n<meta name=\"twitter:card\" content=\"summary_large_image\" \/>\n<script type=\"application\/ld+json\" class=\"yoast-schema-graph\">{\"@context\":\"https:\\\/\\\/schema.org\",\"@graph\":[{\"@type\":\"WebPage\",\"@id\":\"https:\\\/\\\/www.carms.ca\\\/fr\\\/rencontrez-notre-equipe\\\/\",\"url\":\"https:\\\/\\\/www.carms.ca\\\/fr\\\/rencontrez-notre-equipe\\\/\",\"name\":\"Rencontrez notre \u00e9quipe - CaRMS\",\"isPartOf\":{\"@id\":\"https:\\\/\\\/www.carms.ca\\\/#website\"},\"datePublished\":\"2018-05-17T18:51:34+00:00\",\"dateModified\":\"2022-05-11T19:44:39+00:00\",\"breadcrumb\":{\"@id\":\"https:\\\/\\\/www.carms.ca\\\/fr\\\/rencontrez-notre-equipe\\\/#breadcrumb\"},\"inLanguage\":\"fr-FR\",\"potentialAction\":[{\"@type\":\"ReadAction\",\"target\":[\"https:\\\/\\\/www.carms.ca\\\/fr\\\/rencontrez-notre-equipe\\\/\"]}]},{\"@type\":\"BreadcrumbList\",\"@id\":\"https:\\\/\\\/www.carms.ca\\\/fr\\\/rencontrez-notre-equipe\\\/#breadcrumb\",\"itemListElement\":[{\"@type\":\"ListItem\",\"position\":1,\"name\":\"Accueil\",\"item\":\"https:\\\/\\\/www.carms.ca\\\/fr\\\/\"},{\"@type\":\"ListItem\",\"position\":2,\"name\":\"Rencontrez notre \u00e9quipe\"}]},{\"@type\":\"WebSite\",\"@id\":\"https:\\\/\\\/www.carms.ca\\\/#website\",\"url\":\"https:\\\/\\\/www.carms.ca\\\/\",\"name\":\"CaRMS\",\"description\":\"\",\"potentialAction\":[{\"@type\":\"SearchAction\",\"target\":{\"@type\":\"EntryPoint\",\"urlTemplate\":\"https:\\\/\\\/www.carms.ca\\\/?s={search_term_string}\"},\"query-input\":{\"@type\":\"PropertyValueSpecification\",\"valueRequired\":true,\"valueName\":\"search_term_string\"}}],\"inLanguage\":\"fr-FR\"}]}<\/script>\n<!-- \/ Yoast SEO plugin. -->","yoast_head_json":{"title":"Rencontrez notre \u00e9quipe - CaRMS","robots":{"index":"index","follow":"follow","max-snippet":"max-snippet:-1","max-image-preview":"max-image-preview:large","max-video-preview":"max-video-preview:-1"},"canonical":"https:\/\/www.carms.ca\/fr\/rencontrez-notre-equipe\/","og_locale":"fr_FR","og_type":"article","og_title":"Rencontrez notre \u00e9quipe - CaRMS","og_description":"[vc_row css=\u00a0\u00bb.vc_custom_1523048418150{padding-top: 50px !important;padding-bottom: 50px !important;}\u00a0\u00bb][vc_column][mk_employees style=\u00a0\u00bbclassic\u00a0\u00bb column=\u00a0\u00bb4&Prime; count=\u00a0\u00bb-1&Prime; description=\u00a0\u00bbfalse\u00a0\u00bb order=\u00a0\u00bbASC\u00a0\u00bb orderby=\u00a0\u00bbmenu_order\u00a0\u00bb name_color=\u00a0\u00bb#1a9ed5&Prime;][\/vc_column][\/vc_row]","og_url":"https:\/\/www.carms.ca\/fr\/rencontrez-notre-equipe\/","og_site_name":"CaRMS","article_modified_time":"2022-05-11T19:44:39+00:00","twitter_card":"summary_large_image","schema":{"@context":"https:\/\/schema.org","@graph":[{"@type":"WebPage","@id":"https:\/\/www.carms.ca\/fr\/rencontrez-notre-equipe\/","url":"https:\/\/www.carms.ca\/fr\/rencontrez-notre-equipe\/","name":"Rencontrez notre \u00e9quipe - CaRMS","isPartOf":{"@id":"https:\/\/www.carms.ca\/#website"},"datePublished":"2018-05-17T18:51:34+00:00","dateModified":"2022-05-11T19:44:39+00:00","breadcrumb":{"@id":"https:\/\/www.carms.ca\/fr\/rencontrez-notre-equipe\/#breadcrumb"},"inLanguage":"fr-FR","potentialAction":[{"@type":"ReadAction","target":["https:\/\/www.carms.ca\/fr\/rencontrez-notre-equipe\/"]}]},{"@type":"BreadcrumbList","@id":"https:\/\/www.carms.ca\/fr\/rencontrez-notre-equipe\/#breadcrumb","itemListElement":[{"@type":"ListItem","position":1,"name":"Accueil","item":"https:\/\/www.carms.ca\/fr\/"},{"@type":"ListItem","position":2,"name":"Rencontrez notre \u00e9quipe"}]},{"@type":"WebSite","@id":"https:\/\/www.carms.ca\/#website","url":"https:\/\/www.carms.ca\/","name":"CaRMS","description":"","potentialAction":[{"@type":"SearchAction","target":{"@type":"EntryPoint","urlTemplate":"https:\/\/www.carms.ca\/?s={search_term_string}"},"query-input":{"@type":"PropertyValueSpecification","valueRequired":true,"valueName":"search_term_string"}}],"inLanguage":"fr-FR"}]}},"publishpress_future_workflow_manual_trigger":{"enabledWorkflows":[]},"_links":{"self":[{"href":"https:\/\/www.carms.ca\/fr\/wp-json\/wp\/v2\/pages\/2935","targetHints":{"allow":["GET"]}}],"collection":[{"href":"https:\/\/www.carms.ca\/fr\/wp-json\/wp\/v2\/pages"}],"about":[{"href":"https:\/\/www.carms.ca\/fr\/wp-json\/wp\/v2\/types\/page"}],"author":[{"embeddable":true,"href":"https:\/\/www.carms.ca\/fr\/wp-json\/wp\/v2\/users\/7"}],"replies":[{"embeddable":true,"href":"https:\/\/www.carms.ca\/fr\/wp-json\/wp\/v2\/comments?post=2935"}],"version-history":[{"count":7,"href":"https:\/\/www.carms.ca\/fr\/wp-json\/wp\/v2\/pages\/2935\/revisions"}],"predecessor-version":[{"id":32295,"href":"https:\/\/www.carms.ca\/fr\/wp-json\/wp\/v2\/pages\/2935\/revisions\/32295"}],"wp:attachment":[{"href":"https:\/\/www.carms.ca\/fr\/wp-json\/wp\/v2\/media?parent=2935"}],"curies":[{"name":"wp","href":"https:\/\/api.w.org\/{rel}","templated":true}]}}