{"id":298,"date":"2017-12-20T11:47:01","date_gmt":"2017-12-20T16:47:01","guid":{"rendered":"http:\/\/carms2017.wpengine.com\/?page_id=298"},"modified":"2025-05-13T10:37:43","modified_gmt":"2025-05-13T14:37:43","slug":"le-jumelage","status":"publish","type":"page","link":"https:\/\/www.carms.ca\/fr\/le-jumelage\/","title":{"rendered":"Le jumelage"},"content":{"rendered":"<div class=\"wpb-content-wrapper\">[mk_page_section layout_structure=\u00a0\u00bbhalf_left\u00a0\u00bb bg_image=\u00a0\u00bbhttps:\/\/carms.ca\/wp-content\/uploads\/2017\/12\/20170924_carms_stock-0165-edit-950.jpg\u00a0\u00bb bg_color=\u00a0\u00bb#f2f6f9&Prime; padding_top=\u00a0\u00bb50&Prime; padding_bottom=\u00a0\u00bb50&Prime; el_class=\u00a0\u00bblayout-half-image\u00a0\u00bb][vc_column][vc_column_text css=\u00a0\u00bb.vc_custom_1566241452181{margin-bottom: 0px !important;}\u00a0\u00bb]<strong>Votre jumelage aide \u00e0 construire l\u2019avenir du syst\u00e8me de soins de sant\u00e9 au Canada.<\/strong><\/p>\n<p>Nous aidons \u00e0 offrir des conditions \u00e9quitables pour approximativement 6\u00a0000 \u00e9tudiants en m\u00e9decine et r\u00e9sidents qui chaque ann\u00e9e sont \u00e0 la recherche de postes de formation n\u00e9cessaires pour leur permettre d\u2019exercer la m\u00e9decine au Canada.<\/p>\n<p>Le syst\u00e8me de candidature, de s\u00e9lection et de jumelage \u00e0 des postes de formation postdoctorale en m\u00e9decine au Canada est fond\u00e9 sur le principe de la s\u00e9lection selon les qualit\u00e9s. CaRMS a \u00e9t\u00e9 cr\u00e9\u00e9 en 1970 par des \u00e9tudiants et des facult\u00e9s de m\u00e9decine comme un organisme ind\u00e9pendant et impartial.<\/p>\n<p>Nous mettons \u00e0 profit nos vastes connaissances et comp\u00e9tences pour jumeler les candidats et les programmes de formation dans le cadre d\u2019un processus \u00e9quitable et comp\u00e9titif, o\u00f9 les r\u00e9sultats sont d\u00e9termin\u00e9s par leurs choix.[\/vc_column_text][mk_button dimension=\u00a0\u00bbflat\u00a0\u00bb corner_style=\u00a0\u00bbfull_rounded\u00a0\u00bb size=\u00a0\u00bbmedium\u00a0\u00bb letter_spacing=\u00a0\u00bb1&Prime; url=\u00a0\u00bb\/fr\/le-jumelage\/deroulement-du-jumelage\/\u00a0\u00bb el_class=\u00a0\u00bbbtn btn-blue btn-uppercase\u00a0\u00bb bg_color=\u00a0\u00bb#1a9ed5&Prime; btn_hover_bg=\u00a0\u00bb#ffffff\u00a0\u00bb btn_hover_txt_color=\u00a0\u00bb#1a9ed5&Prime;]Comment \u00e7a fonctionne :<br \/>\nl\u2019algorithme de jumelage[\/mk_button][\/vc_column][\/mk_page_section][vc_row][vc_column][vc_custom_heading text=\u00a0\u00bbS\u00e9lectionnez votre jumelage\u00a0\u00bb font_container=\u00a0\u00bbtag:h2|text_align:center\u00a0\u00bb use_theme_fonts=\u00a0\u00bbyes\u00a0\u00bb css=\u00a0\u00bb.vc_custom_1513788188016{margin-top: 50px !important;margin-bottom: 50px !important;}\u00a0\u00bb][vc_raw_html css=\u00a0\u00bb\u00a0\u00bb el_class=\u00a0\u00bbmatch-buttons\u00a0\u00bb]JTNDZGl2JTIwY2xhc3MlM0QlMjJtYXRjaCUyMG1hdGNoLXIxJTIyJTNFJTNDYSUyMGhyZWYlM0QlMjIlMkZmciUyRmp1bWVsYWdlJTJGbGUtanVtZWxhZ2UtcHJpbmNpcGFsLXItMSUyRiUyMiUzRVItMSUzQ3NwYW4lMjBjbGFzcyUzRCUyMm1hdGNoLWRlc2NyaXB0aW9uJTIyJTNFTGUlMjBqdW1lbGFnZSUyMHByaW5jaXBhbCUyMFItMSUzQyUyRnNwYW4lM0UlM0MlMkZhJTNFJTNDJTJGZGl2JTNFJTBBJTNDZGl2JTIwY2xhc3MlM0QlMjJtYXRjaCUyMG1hdGNoLW1zbSUyMiUzRSUzQ2ElMjBocmVmJTNEJTIyJTJGZnIlMkZqdW1lbGFnZSUyRmpyc2ElMkYlMjIlM0VKUlNBJTNDc3BhbiUyMGNsYXNzJTNEJTIybWF0Y2gtZGVzY3JpcHRpb24lMjIlM0VKdW1lbGFnZSUyMGRlcyUyMHIlQzMlQTlzaWRlbnRzJTIwZW4lMjBzdXJzcCVDMyVBOWNpYWxpdCVDMyVBOXMlMjBkZSUyMGwlMjdhdXRvbW5lJTNDJTJGc3BhbiUzRSUzQyUyRmElM0UlM0MlMkZkaXYlM0UlMEElM0NkaXYlMjBjbGFzcyUzRCUyMm1hdGNoJTIwbWF0Y2gtZm1lbSUyMiUzRSUzQ2ElMjBocmVmJTNEJTIyJTJGZnIlMkZqdW1lbGFnZSUyRm1lZGVjaW5lLWZhbWlsaWFsZS1jb21wZXRlbmNlcy1hdmFuY2VlcyUyRiUyMiUzRU1GJTJGQ0ElM0NzcGFuJTIwY2xhc3MlM0QlMjJtYXRjaC1kZXNjcmlwdGlvbiUyMiUzRUp1bWVsYWdlJTIwZGUlMjBtJUMzJUE5ZGVjaW5lJTIwZmFtaWxpYWxlJTJGY29tcCVDMyVBOXRlbmNlcyUyMGF2YW5jJUMzJUE5ZXMlM0MlMkZzcGFuJTNFJTNDJTJGYSUzRSUzQyUyRmRpdiUzRSUwQSUzQ2RpdiUyMGNsYXNzJTNEJTIybWF0Y2glMjBtYXRjaC1wc20lMjIlM0UlM0NhJTIwaHJlZiUzRCUyMiUyRmZyJTJGanVtZWxhZ2UlMkZqcnNwJTJGJTIyJTNFSlJTUCUzQ3NwYW4lMjBjbGFzcyUzRCUyMm1hdGNoLWRlc2NyaXB0aW9uJTIyJTNFSnVtZWxhZ2UlMjBkZXMlMjByJUMzJUE5c2lkZW50cyUyMGVuJTIwc3Vyc3AlQzMlQTljaWFsaXQlQzMlQTlzJTIwZHUlMjBwcmludGVtcHMlM0MlMkZzcGFuJTNFJTNDJTJGYSUzRSUzQyUyRmRpdiUzRQ==[\/vc_raw_html][\/vc_column][\/vc_row][vc_row][vc_column][mk_padding_divider][vc_column_text css=\u00a0\u00bb.vc_custom_1518016146028{margin-bottom: 0px !important;}\u00a0\u00bb]\n<p style=\"text-align: center;\"><a href=\"\/fr\/le-jumelage\/postuler-aux-etats-unis-eras\/\">Candidature aux \u00c9tats-Unis (ERAS)<\/a><\/p>\n[\/vc_column_text][mk_padding_divider][mk_image src=\u00a0\u00bbhttps:\/\/www.carms.ca\/wp-content\/uploads\/2022\/05\/running-the-match-infographic-final-22-web-fr-scaled.jpg\u00a0\u00bb image_size=\u00a0\u00bbfull\u00a0\u00bb link=\u00a0\u00bbhttps:\/\/www.carms.ca\/wp-content\/uploads\/2022\/05\/running-the-match-infographic-final-22-web-fr-scaled.jpg\u00a0\u00bb align=\u00a0\u00bbcenter\u00a0\u00bb][mk_padding_divider][\/vc_column][\/vc_row]\n<\/div>","protected":false},"excerpt":{"rendered":"<p>[mk_page_section layout_structure=\u00a0\u00bbhalf_left\u00a0\u00bb bg_image=\u00a0\u00bbhttps:\/\/carms.ca\/wp-content\/uploads\/2017\/12\/20170924_carms_stock-0165-edit-950.jpg\u00a0\u00bb bg_color=\u00a0\u00bb#f2f6f9&Prime; padding_top=\u00a0\u00bb50&Prime; padding_bottom=\u00a0\u00bb50&Prime; el_class=\u00a0\u00bblayout-half-image\u00a0\u00bb][vc_column][vc_column_text css=\u00a0\u00bb.vc_custom_1566241452181{margin-bottom: 0px !important;}\u00a0\u00bb]Votre jumelage aide \u00e0 construire l\u2019avenir du syst\u00e8me de soins de sant\u00e9 au Canada. Nous aidons \u00e0 offrir des conditions \u00e9quitables pour approximativement 6\u00a0000 \u00e9tudiants en m\u00e9decine et r\u00e9sidents qui chaque ann\u00e9e sont \u00e0 la recherche de postes de formation n\u00e9cessaires pour leur permettre d\u2019exercer la [&hellip;]<\/p>\n","protected":false},"author":5,"featured_media":0,"parent":0,"menu_order":0,"comment_status":"closed","ping_status":"closed","template":"","meta":{"_acf_changed":false,"footnotes":""},"class_list":["post-298","page","type-page","status-publish","hentry"],"acf":{"subtitle":"","parent":""},"yoast_head":"<!-- This site is optimized with the Yoast SEO plugin v27.3 - https:\/\/yoast.com\/product\/yoast-seo-wordpress\/ -->\n<title>Le jumelage - CaRMS<\/title>\n<meta name=\"robots\" content=\"index, follow, max-snippet:-1, max-image-preview:large, max-video-preview:-1\" \/>\n<link rel=\"canonical\" href=\"https:\/\/www.carms.ca\/fr\/le-jumelage\/\" \/>\n<meta property=\"og:locale\" content=\"fr_FR\" \/>\n<meta property=\"og:type\" content=\"article\" \/>\n<meta property=\"og:title\" content=\"Le jumelage - CaRMS\" \/>\n<meta property=\"og:description\" content=\"[mk_page_section layout_structure=\u00a0\u00bbhalf_left\u00a0\u00bb bg_image=\u00a0\u00bbhttps:\/\/carms.ca\/wp-content\/uploads\/2017\/12\/20170924_carms_stock-0165-edit-950.jpg\u00a0\u00bb bg_color=\u00a0\u00bb#f2f6f9&Prime; padding_top=\u00a0\u00bb50&Prime; padding_bottom=\u00a0\u00bb50&Prime; el_class=\u00a0\u00bblayout-half-image\u00a0\u00bb][vc_column][vc_column_text css=\u00a0\u00bb.vc_custom_1566241452181{margin-bottom: 0px !important;}\u00a0\u00bb]Votre jumelage aide \u00e0 construire l\u2019avenir du syst\u00e8me de soins de sant\u00e9 au Canada. Nous aidons \u00e0 offrir des conditions \u00e9quitables pour approximativement 6\u00a0000 \u00e9tudiants en m\u00e9decine et r\u00e9sidents qui chaque ann\u00e9e sont \u00e0 la recherche de postes de formation n\u00e9cessaires pour leur permettre d\u2019exercer la [&hellip;]\" \/>\n<meta property=\"og:url\" content=\"https:\/\/www.carms.ca\/fr\/le-jumelage\/\" \/>\n<meta property=\"og:site_name\" content=\"CaRMS\" \/>\n<meta property=\"article:modified_time\" content=\"2025-05-13T14:37:43+00:00\" \/>\n<meta name=\"twitter:card\" content=\"summary_large_image\" \/>\n<meta name=\"twitter:label1\" content=\"Dur\u00e9e de lecture estim\u00e9e\" \/>\n\t<meta name=\"twitter:data1\" content=\"1 minute\" \/>\n<script type=\"application\/ld+json\" class=\"yoast-schema-graph\">{\"@context\":\"https:\\\/\\\/schema.org\",\"@graph\":[{\"@type\":\"WebPage\",\"@id\":\"https:\\\/\\\/www.carms.ca\\\/fr\\\/le-jumelage\\\/\",\"url\":\"https:\\\/\\\/www.carms.ca\\\/fr\\\/le-jumelage\\\/\",\"name\":\"Le jumelage - CaRMS\",\"isPartOf\":{\"@id\":\"https:\\\/\\\/www.carms.ca\\\/#website\"},\"datePublished\":\"2017-12-20T16:47:01+00:00\",\"dateModified\":\"2025-05-13T14:37:43+00:00\",\"breadcrumb\":{\"@id\":\"https:\\\/\\\/www.carms.ca\\\/fr\\\/le-jumelage\\\/#breadcrumb\"},\"inLanguage\":\"fr-FR\",\"potentialAction\":[{\"@type\":\"ReadAction\",\"target\":[\"https:\\\/\\\/www.carms.ca\\\/fr\\\/le-jumelage\\\/\"]}]},{\"@type\":\"BreadcrumbList\",\"@id\":\"https:\\\/\\\/www.carms.ca\\\/fr\\\/le-jumelage\\\/#breadcrumb\",\"itemListElement\":[{\"@type\":\"ListItem\",\"position\":1,\"name\":\"Accueil\",\"item\":\"https:\\\/\\\/www.carms.ca\\\/fr\\\/\"},{\"@type\":\"ListItem\",\"position\":2,\"name\":\"Le jumelage\"}]},{\"@type\":\"WebSite\",\"@id\":\"https:\\\/\\\/www.carms.ca\\\/#website\",\"url\":\"https:\\\/\\\/www.carms.ca\\\/\",\"name\":\"CaRMS\",\"description\":\"\",\"potentialAction\":[{\"@type\":\"SearchAction\",\"target\":{\"@type\":\"EntryPoint\",\"urlTemplate\":\"https:\\\/\\\/www.carms.ca\\\/?s={search_term_string}\"},\"query-input\":{\"@type\":\"PropertyValueSpecification\",\"valueRequired\":true,\"valueName\":\"search_term_string\"}}],\"inLanguage\":\"fr-FR\"}]}<\/script>\n<!-- \/ Yoast SEO plugin. -->","yoast_head_json":{"title":"Le jumelage - CaRMS","robots":{"index":"index","follow":"follow","max-snippet":"max-snippet:-1","max-image-preview":"max-image-preview:large","max-video-preview":"max-video-preview:-1"},"canonical":"https:\/\/www.carms.ca\/fr\/le-jumelage\/","og_locale":"fr_FR","og_type":"article","og_title":"Le jumelage - CaRMS","og_description":"[mk_page_section layout_structure=\u00a0\u00bbhalf_left\u00a0\u00bb bg_image=\u00a0\u00bbhttps:\/\/carms.ca\/wp-content\/uploads\/2017\/12\/20170924_carms_stock-0165-edit-950.jpg\u00a0\u00bb bg_color=\u00a0\u00bb#f2f6f9&Prime; padding_top=\u00a0\u00bb50&Prime; padding_bottom=\u00a0\u00bb50&Prime; el_class=\u00a0\u00bblayout-half-image\u00a0\u00bb][vc_column][vc_column_text css=\u00a0\u00bb.vc_custom_1566241452181{margin-bottom: 0px !important;}\u00a0\u00bb]Votre jumelage aide \u00e0 construire l\u2019avenir du syst\u00e8me de soins de sant\u00e9 au Canada. Nous aidons \u00e0 offrir des conditions \u00e9quitables pour approximativement 6\u00a0000 \u00e9tudiants en m\u00e9decine et r\u00e9sidents qui chaque ann\u00e9e sont \u00e0 la recherche de postes de formation n\u00e9cessaires pour leur permettre d\u2019exercer la [&hellip;]","og_url":"https:\/\/www.carms.ca\/fr\/le-jumelage\/","og_site_name":"CaRMS","article_modified_time":"2025-05-13T14:37:43+00:00","twitter_card":"summary_large_image","twitter_misc":{"Dur\u00e9e de lecture estim\u00e9e":"1 minute"},"schema":{"@context":"https:\/\/schema.org","@graph":[{"@type":"WebPage","@id":"https:\/\/www.carms.ca\/fr\/le-jumelage\/","url":"https:\/\/www.carms.ca\/fr\/le-jumelage\/","name":"Le jumelage - CaRMS","isPartOf":{"@id":"https:\/\/www.carms.ca\/#website"},"datePublished":"2017-12-20T16:47:01+00:00","dateModified":"2025-05-13T14:37:43+00:00","breadcrumb":{"@id":"https:\/\/www.carms.ca\/fr\/le-jumelage\/#breadcrumb"},"inLanguage":"fr-FR","potentialAction":[{"@type":"ReadAction","target":["https:\/\/www.carms.ca\/fr\/le-jumelage\/"]}]},{"@type":"BreadcrumbList","@id":"https:\/\/www.carms.ca\/fr\/le-jumelage\/#breadcrumb","itemListElement":[{"@type":"ListItem","position":1,"name":"Accueil","item":"https:\/\/www.carms.ca\/fr\/"},{"@type":"ListItem","position":2,"name":"Le jumelage"}]},{"@type":"WebSite","@id":"https:\/\/www.carms.ca\/#website","url":"https:\/\/www.carms.ca\/","name":"CaRMS","description":"","potentialAction":[{"@type":"SearchAction","target":{"@type":"EntryPoint","urlTemplate":"https:\/\/www.carms.ca\/?s={search_term_string}"},"query-input":{"@type":"PropertyValueSpecification","valueRequired":true,"valueName":"search_term_string"}}],"inLanguage":"fr-FR"}]}},"publishpress_future_workflow_manual_trigger":{"enabledWorkflows":[]},"_links":{"self":[{"href":"https:\/\/www.carms.ca\/fr\/wp-json\/wp\/v2\/pages\/298","targetHints":{"allow":["GET"]}}],"collection":[{"href":"https:\/\/www.carms.ca\/fr\/wp-json\/wp\/v2\/pages"}],"about":[{"href":"https:\/\/www.carms.ca\/fr\/wp-json\/wp\/v2\/types\/page"}],"author":[{"embeddable":true,"href":"https:\/\/www.carms.ca\/fr\/wp-json\/wp\/v2\/users\/5"}],"replies":[{"embeddable":true,"href":"https:\/\/www.carms.ca\/fr\/wp-json\/wp\/v2\/comments?post=298"}],"version-history":[{"count":12,"href":"https:\/\/www.carms.ca\/fr\/wp-json\/wp\/v2\/pages\/298\/revisions"}],"predecessor-version":[{"id":46473,"href":"https:\/\/www.carms.ca\/fr\/wp-json\/wp\/v2\/pages\/298\/revisions\/46473"}],"wp:attachment":[{"href":"https:\/\/www.carms.ca\/fr\/wp-json\/wp\/v2\/media?parent=298"}],"curies":[{"name":"wp","href":"https:\/\/api.w.org\/{rel}","templated":true}]}}