{"id":30801,"date":"2022-01-27T09:18:07","date_gmt":"2022-01-27T14:18:07","guid":{"rendered":"https:\/\/www.carms.ca\/?page_id=30801"},"modified":"2024-06-18T17:17:50","modified_gmt":"2024-06-18T21:17:50","slug":"rapport-de-demande-de-donnees-2021","status":"publish","type":"page","link":"https:\/\/www.carms.ca\/fr\/rapport-de-demande-de-donnees\/demandes-de-donnees-archives\/rapport-de-demande-de-donnees-2021\/","title":{"rendered":"Demandes de donn\u00e9es externes (non-membre) de CaRMS \u2013 2021"},"content":{"rendered":"<div class=\"wpb-content-wrapper\">[vc_row][vc_column][vc_column_text css=\u00a0\u00bb.vc_custom_1615299930990{margin-bottom: 0px !important;}\u00a0\u00bb]Ce rapport r\u00e9sume les demandes de donn\u00e9es externes (de la part d\u2019organisations non membres) auxquelles CaRMS a r\u00e9pondu en 2021.<\/p>\n<p><em>Le rapport est pr\u00e9par\u00e9 en anglais seulement.<\/em>[\/vc_column_text][\/vc_column][\/vc_row][vc_row][vc_column][vc_tabs][vc_tab title=\u00a0\u00bbJanvier\u00a0\u00bb tab_id=\u00a0\u00bb1568211657-1-38&Prime;][vc_column_text css=\u00a0\u00bb.vc_custom_1615816378923{margin-bottom: 0px !important;}\u00a0\u00bb]\n<table width=\"1398\">\n<tbody>\n<tr>\n<td width=\"223\"><strong>Demande<\/strong><\/td>\n<td width=\"1175\"><strong>R\u00e9sum\u00e9 de la demande<br \/>\n<\/strong><\/td>\n<\/tr>\n<tr>\n<td width=\"223\">IMG<\/td>\n<td width=\"1175\">Aggregate application information for IMGs around school of graduation.<\/td>\n<\/tr>\n<tr>\n<td width=\"223\">FM\/ES<\/td>\n<td width=\"1175\">Quota and number of application counts by discipline.<\/td>\n<\/tr>\n<tr>\n<td width=\"223\">IMG Match Rates<\/td>\n<td width=\"1175\">IMG match rates by province, discipline.<\/td>\n<\/tr>\n<tr>\n<td width=\"223\">Subspecialty match rates<\/td>\n<td width=\"1175\">Match rates for subspecialty matches for 10 yearsa<\/td>\n<\/tr>\n<tr>\n<td width=\"223\">IMG<\/td>\n<td width=\"1175\">5 year IMG match rates<\/td>\n<\/tr>\n<tr>\n<td width=\"223\">IMG<\/td>\n<td width=\"1175\">IMG applications by discipline.<\/td>\n<\/tr>\n<\/tbody>\n<\/table>\n[\/vc_column_text][\/vc_tab][vc_tab title=\u00a0\u00bbF\u00e9vrier\u00a0\u00bb tab_id=\u00a0\u00bb1583951959319-1-3&Prime;][vc_column_text css=\u00a0\u00bb.vc_custom_1615816397699{margin-bottom: 0px !important;}\u00a0\u00bb]\n<table width=\"1398\">\n<tbody>\n<tr>\n<td width=\"223\"><strong>Demande<\/strong><\/td>\n<td width=\"1175\"><strong>R\u00e9sum\u00e9 de la demande<br \/>\n<\/strong><\/td>\n<\/tr>\n<tr>\n<td width=\"223\">IMG<\/td>\n<td width=\"1175\">IMG applications by discipline, IMG match rates, unfilled quota by discipline.<\/td>\n<\/tr>\n<tr>\n<td width=\"223\">IMG Match Rates<\/td>\n<td width=\"1175\">IMG match rates by school of graduation.<\/td>\n<\/tr>\n<tr>\n<td width=\"223\">IMG Match Rates<\/td>\n<td width=\"1175\">IMG match rates by school of graduation.<\/td>\n<\/tr>\n<tr>\n<td width=\"223\">FM\/ES<\/td>\n<td width=\"1175\">Number of applications to Adolescent Medicine over time.<\/td>\n<\/tr>\n<tr>\n<td width=\"223\">IMG Match Rates<\/td>\n<td width=\"1175\">Match rates by year of graduation.<\/td>\n<\/tr>\n<\/tbody>\n<\/table>\n[\/vc_column_text][\/vc_tab][vc_tab title=\u00a0\u00bbMars\u00a0\u00bb tab_id=\u00a0\u00bb19acafe3-4197-cl\u00a0\u00bb][vc_column_text css=\u00a0\u00bb.vc_custom_1618407291403{margin-bottom: 0px !important;}\u00a0\u00bb]\n<table width=\"1398\">\n<tbody>\n<tr>\n<td width=\"223\"><strong>Demande<\/strong><\/td>\n<td width=\"1175\"><strong>R\u00e9sum\u00e9 de la demande<br \/>\n<\/strong><\/td>\n<\/tr>\n<tr>\n<td width=\"223\">Match Rates<\/td>\n<td width=\"1175\">IMG applications to family medicine \/ match rates<\/td>\n<\/tr>\n<tr>\n<td width=\"223\">Application Volume<\/td>\n<td width=\"1175\">Subspecialty palliative care application volume.<\/td>\n<\/tr>\n<tr>\n<td width=\"223\">Match Rates<\/td>\n<td width=\"1175\">Gastroenterology positions, match rates over time.<\/td>\n<\/tr>\n<tr>\n<td width=\"223\">Application Volume<\/td>\n<td width=\"1175\">Application volume to family medicine.<\/td>\n<\/tr>\n<tr>\n<td width=\"223\">Match Rates<\/td>\n<td width=\"1175\">IMG match rates for UK medical graduates.<\/td>\n<\/tr>\n<tr>\n<td width=\"223\">Match Rates<\/td>\n<td width=\"1175\">IMG match rates by medical school of grad.<\/td>\n<\/tr>\n<tr>\n<td width=\"223\">Quota<\/td>\n<td width=\"1175\">Orthopedic surgery quota over time.<\/td>\n<\/tr>\n<\/tbody>\n<\/table>\n[\/vc_column_text][\/vc_tab][vc_tab title=\u00a0\u00bbAvril\u00a0\u00bb tab_id=\u00a0\u00bb819b7376-1ca5-cl\u00a0\u00bb][vc_column_text css=\u00a0\u00bb.vc_custom_1624380650475{margin-bottom: 0px !important;}\u00a0\u00bb]\n<table width=\"1398\">\n<tbody>\n<tr>\n<td width=\"223\"><strong>Demande<\/strong><\/td>\n<td width=\"1175\"><strong>R\u00e9sum\u00e9 de la demande<br \/>\n<\/strong><\/td>\n<\/tr>\n<tr>\n<td width=\"223\">First Choice Discipline<\/td>\n<td width=\"1175\">Number of graduates selected Family Medicine as first choice discipline.<\/td>\n<\/tr>\n<tr>\n<td width=\"223\">IMG Data<\/td>\n<td width=\"1175\">IMG application rates<\/td>\n<\/tr>\n<tr>\n<td width=\"223\">Match Rates<\/td>\n<td width=\"1175\">IMG match rates<\/td>\n<\/tr>\n<tr>\n<td width=\"223\">Match Rates<\/td>\n<td width=\"1175\">CMG \/ IMG match rates by school of graduation<\/td>\n<\/tr>\n<tr>\n<td width=\"223\">Match Rates<\/td>\n<td width=\"1175\">Match rates by first, second, third choice rankings for CMGs<\/td>\n<\/tr>\n<tr>\n<td width=\"223\">Match Rates<\/td>\n<td width=\"1175\">Diagnostic radiology<\/td>\n<\/tr>\n<tr>\n<td width=\"223\">Gender<\/td>\n<td width=\"1175\">Application rates by gender<\/td>\n<\/tr>\n<tr>\n<td width=\"223\">Match Rates<\/td>\n<td width=\"1175\">Match rates for IMGs by province<\/td>\n<\/tr>\n<tr>\n<td width=\"223\">Quota<\/td>\n<td width=\"1175\">Quota by school<\/td>\n<\/tr>\n<\/tbody>\n<\/table>\n[\/vc_column_text][\/vc_tab][vc_tab title=\u00a0\u00bbMai\u00a0\u00bb tab_id=\u00a0\u00bbb44719be-2436-cl\u00a0\u00bb][vc_column_text css=\u00a0\u00bb.vc_custom_1624381007039{margin-bottom: 0px !important;}\u00a0\u00bb]\n<table width=\"1398\">\n<tbody>\n<tr>\n<td width=\"223\"><strong>Demande<\/strong><\/td>\n<td width=\"1175\"><strong>R\u00e9sum\u00e9 de la demande<br \/>\n<\/strong><\/td>\n<\/tr>\n<tr>\n<td width=\"223\">Match Rates<\/td>\n<td width=\"1175\">Match rates by international school<\/td>\n<\/tr>\n<tr>\n<td width=\"223\">Match Rates<\/td>\n<td width=\"1175\">IMG match rates<\/td>\n<\/tr>\n<tr>\n<td width=\"223\">Match Rates<\/td>\n<td width=\"1175\">Match rates by international school<\/td>\n<\/tr>\n<tr>\n<td width=\"223\">Match Rates<\/td>\n<td width=\"1175\">Match rates to surgery, internal and family medicine.<\/td>\n<\/tr>\n<tr>\n<td width=\"223\">Application Rates<\/td>\n<td width=\"1175\">IMG and CMG applications<\/td>\n<\/tr>\n<tr>\n<td width=\"223\">Match Rates<\/td>\n<td width=\"1175\">Match rates to surgery, internal and family medicine.<\/td>\n<\/tr>\n<tr>\n<td width=\"223\">Application Rates<\/td>\n<td width=\"1175\">Application rates to Orthopaedic surgery<\/td>\n<\/tr>\n<tr>\n<td width=\"223\">Match Rates<\/td>\n<td width=\"1175\">Match rates by school of graduation<\/td>\n<\/tr>\n<tr>\n<td width=\"223\">Match Rates<\/td>\n<td width=\"1175\">IMG match rates by discipline<\/td>\n<\/tr>\n<\/tbody>\n<\/table>\n[\/vc_column_text][\/vc_tab][vc_tab title=\u00a0\u00bbJuin\u00a0\u00bb tab_id=\u00a0\u00bb5d4f1086-71d4-cl\u00a0\u00bb][vc_column_text css=\u00a0\u00bb.vc_custom_1626814206453{margin-bottom: 0px !important;}\u00a0\u00bb]\n<table width=\"1398\">\n<tbody>\n<tr>\n<td width=\"223\"><strong>Demande<\/strong><\/td>\n<td width=\"1175\"><strong>R\u00e9sum\u00e9 de la demande<br \/>\n<\/strong><\/td>\n<\/tr>\n<tr>\n<td width=\"223\">Application volumes<\/td>\n<td width=\"1175\">Application volume to Hematopathology<\/td>\n<\/tr>\n<tr>\n<td width=\"223\">Application volumes<\/td>\n<td width=\"1175\">Application volume to Orthopaedic Surgery<\/td>\n<\/tr>\n<tr>\n<td width=\"223\">Couples<\/td>\n<td width=\"1175\">Couple success rates and match disciplines<\/td>\n<\/tr>\n<tr>\n<td width=\"223\">USMG<\/td>\n<td width=\"1175\">USMG application rates<\/td>\n<\/tr>\n<tr>\n<td width=\"223\">Match rates<\/td>\n<td width=\"1175\">Match rates by age of applicants<\/td>\n<\/tr>\n<tr>\n<td width=\"223\">IMG<\/td>\n<td width=\"1175\">IMG match rates<\/td>\n<\/tr>\n<tr>\n<td width=\"223\">Discipline<\/td>\n<td width=\"1175\">Application rates, match rates for Adult Palliative Care<\/td>\n<\/tr>\n<tr>\n<td width=\"223\">IMG<\/td>\n<td width=\"1175\">IMG match rates<\/td>\n<\/tr>\n<\/tbody>\n<\/table>\n[\/vc_column_text][\/vc_tab][vc_tab title=\u00a0\u00bbJuillet\u00a0\u00bb tab_id=\u00a0\u00bb99e8d914-b212-cl\u00a0\u00bb][vc_column_text css=\u00a0\u00bb.vc_custom_1630094988170{margin-bottom: 0px !important;}\u00a0\u00bb]\n<table width=\"1398\">\n<tbody>\n<tr>\n<td width=\"223\"><strong>Demande<\/strong><\/td>\n<td width=\"1175\"><strong>R\u00e9sum\u00e9 de la demande<br \/>\n<\/strong><\/td>\n<\/tr>\n<tr>\n<td width=\"223\">Gender<\/td>\n<td width=\"1175\">Match results by gender<\/td>\n<\/tr>\n<tr>\n<td width=\"223\">Gender<\/td>\n<td width=\"1175\">No. of applications by gender by subject<\/td>\n<\/tr>\n<tr>\n<td width=\"223\">Match results<\/td>\n<td width=\"1175\">Proportion matched by international medical school.<\/td>\n<\/tr>\n<tr>\n<td width=\"223\">IMGs<\/td>\n<td width=\"1175\">No. of IMG applicants by province.<\/td>\n<\/tr>\n<\/tbody>\n<\/table>\n[\/vc_column_text][\/vc_tab][vc_tab title=\u00a0\u00bbAo\u00fbt\u00a0\u00bb tab_id=\u00a0\u00bb3ca9fdc9-fad5-cl\u00a0\u00bb][vc_column_text css=\u00a0\u00bb.vc_custom_1638914111766{margin-bottom: 0px !important;}\u00a0\u00bb]\n<table width=\"1398\">\n<tbody>\n<tr>\n<td width=\"223\"><strong>Demande<\/strong><\/td>\n<td width=\"1175\"><strong>R\u00e9sum\u00e9 de la demande<br \/>\n<\/strong><\/td>\n<\/tr>\n<tr>\n<td width=\"223\">IMGs<\/td>\n<td width=\"1175\">Number of IMG applications to Family Medicine, number of IMGs matched to Family Medicine.<\/td>\n<\/tr>\n<tr>\n<td width=\"223\">Surgery<\/td>\n<td width=\"1175\">Number of Orthopedic positions over time.<\/td>\n<\/tr>\n<tr>\n<td width=\"223\">Applications<\/td>\n<td width=\"1175\">No. of applications in FM\/ES match over time.<\/td>\n<\/tr>\n<\/tbody>\n<\/table>\n[\/vc_column_text][\/vc_tab][vc_tab title=\u00a0\u00bbSeptembre\u00a0\u00bb tab_id=\u00a0\u00bb433b6cb0-ba14-cl\u00a0\u00bb][vc_column_text css=\u00a0\u00bb.vc_custom_1638914139473{margin-bottom: 0px !important;}\u00a0\u00bb]\n<table width=\"1398\">\n<tbody>\n<tr>\n<td width=\"223\"><strong>Demande<\/strong><\/td>\n<td width=\"1175\"><strong>R\u00e9sum\u00e9 de la demande<br \/>\n<\/strong><\/td>\n<\/tr>\n<tr>\n<td width=\"223\">Applications<\/td>\n<td width=\"1175\">No. of applications to R-1 match by school.<\/td>\n<\/tr>\n<tr>\n<td width=\"223\">IMGs<\/td>\n<td width=\"1175\">No. of IMGs applying to Family Medicine<\/td>\n<\/tr>\n<tr>\n<td width=\"223\">Applications<\/td>\n<td width=\"1175\">No. of applications to subspeciality matches over time.<\/td>\n<\/tr>\n<tr>\n<td width=\"223\">IMGs<\/td>\n<td width=\"1175\">IMGs matched to disciplines<\/td>\n<\/tr>\n<\/tbody>\n<\/table>\n[\/vc_column_text][\/vc_tab][vc_tab title=\u00a0\u00bbOctobre\u00a0\u00bb tab_id=\u00a0\u00bb652c6d4e-bfc1-cl\u00a0\u00bb][vc_column_text css=\u00a0\u00bb.vc_custom_1638914168157{margin-bottom: 0px !important;}\u00a0\u00bb]\n<table width=\"1398\">\n<tbody>\n<tr>\n<td width=\"223\"><strong>Demande<\/strong><\/td>\n<td width=\"1175\"><strong>R\u00e9sum\u00e9 de la demande<br \/>\n<\/strong><\/td>\n<\/tr>\n<tr>\n<td width=\"223\">CMGs<\/td>\n<td width=\"1175\">% matched by school of grad<\/td>\n<\/tr>\n<tr>\n<td width=\"223\">Applicants<\/td>\n<td width=\"1175\"># of applicants matched to family medicine programs<\/td>\n<\/tr>\n<tr>\n<td width=\"223\">Applications<\/td>\n<td width=\"1175\">No. of applications by province.<\/td>\n<\/tr>\n<tr>\n<td width=\"223\">Applications<\/td>\n<td width=\"1175\">Proportion of applications to positions available.<\/td>\n<\/tr>\n<tr>\n<td width=\"223\">Match rates<\/td>\n<td width=\"1175\">Match rates for Family Medicine by school<\/td>\n<\/tr>\n<tr>\n<td width=\"223\">Applications<\/td>\n<td width=\"1175\">No. of applications to FM\/ES<\/td>\n<\/tr>\n<tr>\n<td width=\"223\">Gender<\/td>\n<td width=\"1175\">Matches by gender to general surgery over time.<\/td>\n<\/tr>\n<tr>\n<td width=\"223\">Match rates<\/td>\n<td width=\"1175\">Matches to different disciplines<\/td>\n<\/tr>\n<tr>\n<td width=\"223\">Match rates<\/td>\n<td width=\"1175\">Match rates for Family Medicine by school<\/td>\n<\/tr>\n<tr>\n<td width=\"223\">IMGs<\/td>\n<td width=\"1175\">IMG match rates by school of grad<\/td>\n<\/tr>\n<tr>\n<td width=\"223\">Match rates<\/td>\n<td width=\"1175\">Match rates by school<\/td>\n<\/tr>\n<tr>\n<td width=\"223\">IMGs<\/td>\n<td width=\"1175\">IMG match rates by discipline<\/td>\n<\/tr>\n<tr>\n<td width=\"223\">Couples<\/td>\n<td width=\"1175\">Match rates for couples<\/td>\n<\/tr>\n<\/tbody>\n<\/table>\n[\/vc_column_text][\/vc_tab][vc_tab title=\u00a0\u00bbNovembre\u00a0\u00bb tab_id=\u00a0\u00bb7c6ea5de-16cf-cl\u00a0\u00bb][vc_column_text css=\u00a0\u00bb.vc_custom_1643229741203{margin-bottom: 0px !important;}\u00a0\u00bb]\n<table width=\"1398\">\n<tbody>\n<tr>\n<td width=\"223\"><strong>Demande<\/strong><\/td>\n<td width=\"1175\"><strong>R\u00e9sum\u00e9 de la demande<br \/>\n<\/strong><\/td>\n<\/tr>\n<tr>\n<td width=\"223\">Unmatched applicants<\/td>\n<td width=\"1175\">Number of unmatched applicants over time.<\/td>\n<\/tr>\n<tr>\n<td width=\"223\">Applications<\/td>\n<td width=\"1175\">Application volumes to the FM\/ES match over time<\/td>\n<\/tr>\n<tr>\n<td width=\"223\">Match statistics<\/td>\n<td width=\"1175\">Number of applicants matching to top three program choices<\/td>\n<\/tr>\n<tr>\n<td width=\"223\">Gender<\/td>\n<td width=\"1175\">Application volume by gender by discipline<\/td>\n<\/tr>\n<tr>\n<td width=\"223\">Quota<\/td>\n<td width=\"1175\">CMG quota by discipline<\/td>\n<\/tr>\n<tr>\n<td width=\"223\">Match rate<\/td>\n<td width=\"1175\">Match rate by country of graduation<\/td>\n<\/tr>\n<tr>\n<td width=\"223\">Applications<\/td>\n<td width=\"1175\">Application volume by discipline<\/td>\n<\/tr>\n<tr>\n<td width=\"223\">Match rate<\/td>\n<td width=\"1175\">Match rates by discipline<\/td>\n<\/tr>\n<\/tbody>\n<\/table>\n[\/vc_column_text][\/vc_tab][vc_tab title=\u00a0\u00bbD\u00e9cembre\u00a0\u00bb tab_id=\u00a0\u00bbc47385d3-288c-cl\u00a0\u00bb][vc_column_text css=\u00a0\u00bb.vc_custom_1643230000938{margin-bottom: 0px !important;}\u00a0\u00bb]\n<table width=\"1398\">\n<tbody>\n<tr>\n<td width=\"223\"><strong>Demande<\/strong><\/td>\n<td width=\"1175\"><strong>R\u00e9sum\u00e9 de la demande<br \/>\n<\/strong><\/td>\n<\/tr>\n<tr>\n<td width=\"223\">Match rates<\/td>\n<td width=\"1175\">Match rates by discipline<\/td>\n<\/tr>\n<tr>\n<td width=\"223\">Match rates<\/td>\n<td width=\"1175\">Match rates by discipline for MSM match<\/td>\n<\/tr>\n<tr>\n<td width=\"223\">Unmatched<\/td>\n<td width=\"1175\">Unmatched rates for MSM match<\/td>\n<\/tr>\n<tr>\n<td width=\"223\">Application volume<\/td>\n<td width=\"1175\">Application volume for FM\/ES match<\/td>\n<\/tr>\n<\/tbody>\n<\/table>\n[\/vc_column_text][\/vc_tab][\/vc_tabs][\/vc_column][\/vc_row]\n<\/div>","protected":false},"excerpt":{"rendered":"<p>[vc_row][vc_column][vc_column_text css=\u00a0\u00bb.vc_custom_1615299930990{margin-bottom: 0px !important;}\u00a0\u00bb]Ce rapport r\u00e9sume les demandes de donn\u00e9es externes (de la part d\u2019organisations non membres) auxquelles CaRMS a r\u00e9pondu en 2021. Le rapport est pr\u00e9par\u00e9 en anglais seulement.[\/vc_column_text][\/vc_column][\/vc_row][vc_row][vc_column][vc_tabs][vc_tab title=\u00a0\u00bbJanvier\u00a0\u00bb tab_id=\u00a0\u00bb1568211657-1-38&Prime;][vc_column_text css=\u00a0\u00bb.vc_custom_1615816378923{margin-bottom: 0px !important;}\u00a0\u00bb] Demande R\u00e9sum\u00e9 de la demande IMG Aggregate application information for IMGs around school of graduation. FM\/ES Quota and number of [&hellip;]<\/p>\n","protected":false},"author":5,"featured_media":0,"parent":26652,"menu_order":0,"comment_status":"closed","ping_status":"closed","template":"","meta":{"_acf_changed":false,"footnotes":""},"class_list":["post-30801","page","type-page","status-publish","hentry"],"acf":{"subtitle":""},"yoast_head":"<!-- This site is optimized with the Yoast SEO plugin v27.3 - https:\/\/yoast.com\/product\/yoast-seo-wordpress\/ -->\n<title>Demandes de donn\u00e9es externes (non-membre) de CaRMS \u2013 2021 - CaRMS<\/title>\n<meta name=\"robots\" content=\"index, follow, max-snippet:-1, max-image-preview:large, max-video-preview:-1\" \/>\n<link rel=\"canonical\" href=\"https:\/\/www.carms.ca\/fr\/rapport-de-demande-de-donnees\/demandes-de-donnees-archives\/rapport-de-demande-de-donnees-2021\/\" \/>\n<meta property=\"og:locale\" content=\"fr_FR\" \/>\n<meta property=\"og:type\" content=\"article\" \/>\n<meta property=\"og:title\" content=\"Demandes de donn\u00e9es externes (non-membre) de CaRMS \u2013 2021 - CaRMS\" \/>\n<meta property=\"og:description\" content=\"[vc_row][vc_column][vc_column_text css=\u00a0\u00bb.vc_custom_1615299930990{margin-bottom: 0px !important;}\u00a0\u00bb]Ce rapport r\u00e9sume les demandes de donn\u00e9es externes (de la part d\u2019organisations non membres) auxquelles CaRMS a r\u00e9pondu en 2021. Le rapport est pr\u00e9par\u00e9 en anglais seulement.[\/vc_column_text][\/vc_column][\/vc_row][vc_row][vc_column][vc_tabs][vc_tab title=\u00a0\u00bbJanvier\u00a0\u00bb tab_id=\u00a0\u00bb1568211657-1-38&Prime;][vc_column_text css=\u00a0\u00bb.vc_custom_1615816378923{margin-bottom: 0px !important;}\u00a0\u00bb] Demande R\u00e9sum\u00e9 de la demande IMG Aggregate application information for IMGs around school of graduation. FM\/ES Quota and number of [&hellip;]\" \/>\n<meta property=\"og:url\" content=\"https:\/\/www.carms.ca\/fr\/rapport-de-demande-de-donnees\/demandes-de-donnees-archives\/rapport-de-demande-de-donnees-2021\/\" \/>\n<meta property=\"og:site_name\" content=\"CaRMS\" \/>\n<meta property=\"article:modified_time\" content=\"2024-06-18T21:17:50+00:00\" \/>\n<meta name=\"twitter:card\" content=\"summary_large_image\" \/>\n<meta name=\"twitter:label1\" content=\"Dur\u00e9e de lecture estim\u00e9e\" \/>\n\t<meta name=\"twitter:data1\" content=\"4 minutes\" \/>\n<script type=\"application\/ld+json\" class=\"yoast-schema-graph\">{\"@context\":\"https:\\\/\\\/schema.org\",\"@graph\":[{\"@type\":\"WebPage\",\"@id\":\"https:\\\/\\\/www.carms.ca\\\/fr\\\/rapport-de-demande-de-donnees\\\/demandes-de-donnees-archives\\\/rapport-de-demande-de-donnees-2021\\\/\",\"url\":\"https:\\\/\\\/www.carms.ca\\\/fr\\\/rapport-de-demande-de-donnees\\\/demandes-de-donnees-archives\\\/rapport-de-demande-de-donnees-2021\\\/\",\"name\":\"Demandes de donn\u00e9es externes (non-membre) de CaRMS \u2013 2021 - CaRMS\",\"isPartOf\":{\"@id\":\"https:\\\/\\\/www.carms.ca\\\/#website\"},\"datePublished\":\"2022-01-27T14:18:07+00:00\",\"dateModified\":\"2024-06-18T21:17:50+00:00\",\"breadcrumb\":{\"@id\":\"https:\\\/\\\/www.carms.ca\\\/fr\\\/rapport-de-demande-de-donnees\\\/demandes-de-donnees-archives\\\/rapport-de-demande-de-donnees-2021\\\/#breadcrumb\"},\"inLanguage\":\"fr-FR\",\"potentialAction\":[{\"@type\":\"ReadAction\",\"target\":[\"https:\\\/\\\/www.carms.ca\\\/fr\\\/rapport-de-demande-de-donnees\\\/demandes-de-donnees-archives\\\/rapport-de-demande-de-donnees-2021\\\/\"]}]},{\"@type\":\"BreadcrumbList\",\"@id\":\"https:\\\/\\\/www.carms.ca\\\/fr\\\/rapport-de-demande-de-donnees\\\/demandes-de-donnees-archives\\\/rapport-de-demande-de-donnees-2021\\\/#breadcrumb\",\"itemListElement\":[{\"@type\":\"ListItem\",\"position\":1,\"name\":\"Accueil\",\"item\":\"https:\\\/\\\/www.carms.ca\\\/fr\\\/accueil-2\\\/\"},{\"@type\":\"ListItem\",\"position\":2,\"name\":\"Demandes de donn\u00e9es externes (non-membre) de CaRMS\",\"item\":\"https:\\\/\\\/www.carms.ca\\\/fr\\\/rapport-de-demande-de-donnees\\\/\"},{\"@type\":\"ListItem\",\"position\":3,\"name\":\"Demandes de donn\u00e9es externes (non-membre) de CaRMS &#8211; archives\",\"item\":\"https:\\\/\\\/www.carms.ca\\\/fr\\\/rapport-de-demande-de-donnees\\\/demandes-de-donnees-archives\\\/\"},{\"@type\":\"ListItem\",\"position\":4,\"name\":\"Demandes de donn\u00e9es externes (non-membre) de CaRMS \u2013 2021\"}]},{\"@type\":\"WebSite\",\"@id\":\"https:\\\/\\\/www.carms.ca\\\/#website\",\"url\":\"https:\\\/\\\/www.carms.ca\\\/\",\"name\":\"CaRMS\",\"description\":\"\",\"potentialAction\":[{\"@type\":\"SearchAction\",\"target\":{\"@type\":\"EntryPoint\",\"urlTemplate\":\"https:\\\/\\\/www.carms.ca\\\/?s={search_term_string}\"},\"query-input\":{\"@type\":\"PropertyValueSpecification\",\"valueRequired\":true,\"valueName\":\"search_term_string\"}}],\"inLanguage\":\"fr-FR\"}]}<\/script>\n<!-- \/ Yoast SEO plugin. -->","yoast_head_json":{"title":"Demandes de donn\u00e9es externes (non-membre) de CaRMS \u2013 2021 - CaRMS","robots":{"index":"index","follow":"follow","max-snippet":"max-snippet:-1","max-image-preview":"max-image-preview:large","max-video-preview":"max-video-preview:-1"},"canonical":"https:\/\/www.carms.ca\/fr\/rapport-de-demande-de-donnees\/demandes-de-donnees-archives\/rapport-de-demande-de-donnees-2021\/","og_locale":"fr_FR","og_type":"article","og_title":"Demandes de donn\u00e9es externes (non-membre) de CaRMS \u2013 2021 - CaRMS","og_description":"[vc_row][vc_column][vc_column_text css=\u00a0\u00bb.vc_custom_1615299930990{margin-bottom: 0px !important;}\u00a0\u00bb]Ce rapport r\u00e9sume les demandes de donn\u00e9es externes (de la part d\u2019organisations non membres) auxquelles CaRMS a r\u00e9pondu en 2021. Le rapport est pr\u00e9par\u00e9 en anglais seulement.[\/vc_column_text][\/vc_column][\/vc_row][vc_row][vc_column][vc_tabs][vc_tab title=\u00a0\u00bbJanvier\u00a0\u00bb tab_id=\u00a0\u00bb1568211657-1-38&Prime;][vc_column_text css=\u00a0\u00bb.vc_custom_1615816378923{margin-bottom: 0px !important;}\u00a0\u00bb] Demande R\u00e9sum\u00e9 de la demande IMG Aggregate application information for IMGs around school of graduation. FM\/ES Quota and number of [&hellip;]","og_url":"https:\/\/www.carms.ca\/fr\/rapport-de-demande-de-donnees\/demandes-de-donnees-archives\/rapport-de-demande-de-donnees-2021\/","og_site_name":"CaRMS","article_modified_time":"2024-06-18T21:17:50+00:00","twitter_card":"summary_large_image","twitter_misc":{"Dur\u00e9e de lecture estim\u00e9e":"4 minutes"},"schema":{"@context":"https:\/\/schema.org","@graph":[{"@type":"WebPage","@id":"https:\/\/www.carms.ca\/fr\/rapport-de-demande-de-donnees\/demandes-de-donnees-archives\/rapport-de-demande-de-donnees-2021\/","url":"https:\/\/www.carms.ca\/fr\/rapport-de-demande-de-donnees\/demandes-de-donnees-archives\/rapport-de-demande-de-donnees-2021\/","name":"Demandes de donn\u00e9es externes (non-membre) de CaRMS \u2013 2021 - CaRMS","isPartOf":{"@id":"https:\/\/www.carms.ca\/#website"},"datePublished":"2022-01-27T14:18:07+00:00","dateModified":"2024-06-18T21:17:50+00:00","breadcrumb":{"@id":"https:\/\/www.carms.ca\/fr\/rapport-de-demande-de-donnees\/demandes-de-donnees-archives\/rapport-de-demande-de-donnees-2021\/#breadcrumb"},"inLanguage":"fr-FR","potentialAction":[{"@type":"ReadAction","target":["https:\/\/www.carms.ca\/fr\/rapport-de-demande-de-donnees\/demandes-de-donnees-archives\/rapport-de-demande-de-donnees-2021\/"]}]},{"@type":"BreadcrumbList","@id":"https:\/\/www.carms.ca\/fr\/rapport-de-demande-de-donnees\/demandes-de-donnees-archives\/rapport-de-demande-de-donnees-2021\/#breadcrumb","itemListElement":[{"@type":"ListItem","position":1,"name":"Accueil","item":"https:\/\/www.carms.ca\/fr\/accueil-2\/"},{"@type":"ListItem","position":2,"name":"Demandes de donn\u00e9es externes (non-membre) de CaRMS","item":"https:\/\/www.carms.ca\/fr\/rapport-de-demande-de-donnees\/"},{"@type":"ListItem","position":3,"name":"Demandes de donn\u00e9es externes (non-membre) de CaRMS &#8211; archives","item":"https:\/\/www.carms.ca\/fr\/rapport-de-demande-de-donnees\/demandes-de-donnees-archives\/"},{"@type":"ListItem","position":4,"name":"Demandes de donn\u00e9es externes (non-membre) de CaRMS \u2013 2021"}]},{"@type":"WebSite","@id":"https:\/\/www.carms.ca\/#website","url":"https:\/\/www.carms.ca\/","name":"CaRMS","description":"","potentialAction":[{"@type":"SearchAction","target":{"@type":"EntryPoint","urlTemplate":"https:\/\/www.carms.ca\/?s={search_term_string}"},"query-input":{"@type":"PropertyValueSpecification","valueRequired":true,"valueName":"search_term_string"}}],"inLanguage":"fr-FR"}]}},"publishpress_future_workflow_manual_trigger":{"enabledWorkflows":[]},"_links":{"self":[{"href":"https:\/\/www.carms.ca\/fr\/wp-json\/wp\/v2\/pages\/30801","targetHints":{"allow":["GET"]}}],"collection":[{"href":"https:\/\/www.carms.ca\/fr\/wp-json\/wp\/v2\/pages"}],"about":[{"href":"https:\/\/www.carms.ca\/fr\/wp-json\/wp\/v2\/types\/page"}],"author":[{"embeddable":true,"href":"https:\/\/www.carms.ca\/fr\/wp-json\/wp\/v2\/users\/5"}],"replies":[{"embeddable":true,"href":"https:\/\/www.carms.ca\/fr\/wp-json\/wp\/v2\/comments?post=30801"}],"version-history":[{"count":3,"href":"https:\/\/www.carms.ca\/fr\/wp-json\/wp\/v2\/pages\/30801\/revisions"}],"predecessor-version":[{"id":30808,"href":"https:\/\/www.carms.ca\/fr\/wp-json\/wp\/v2\/pages\/30801\/revisions\/30808"}],"up":[{"embeddable":true,"href":"https:\/\/www.carms.ca\/fr\/wp-json\/wp\/v2\/pages\/26652"}],"wp:attachment":[{"href":"https:\/\/www.carms.ca\/fr\/wp-json\/wp\/v2\/media?parent=30801"}],"curies":[{"name":"wp","href":"https:\/\/api.w.org\/{rel}","templated":true}]}}