{"id":3231,"date":"2018-05-23T10:39:31","date_gmt":"2018-05-23T14:39:31","guid":{"rendered":"http:\/\/carms2017.wpengine.com\/?page_id=3231"},"modified":"2026-03-27T14:35:18","modified_gmt":"2026-03-27T18:35:18","slug":"joignez-vous-a-notre-equipe","status":"publish","type":"page","link":"https:\/\/www.carms.ca\/fr\/a-propos-de\/possibilites-de-carrieres\/joignez-vous-a-notre-equipe\/","title":{"rendered":"Joignez-vous \u00e0 notre \u00e9quipe"},"content":{"rendered":"<div class=\"wpb-content-wrapper\">[vc_row][vc_column][vc_column_text css=\u00a0\u00bb.vc_custom_1574884557356{margin-bottom: 0px !important;}\u00a0\u00bb]\n<h4>Postes vacants<\/h4>\n[\/vc_column_text][vc_separator][\/vc_column][\/vc_row][vc_row column_padding=\u00a0\u00bb0&Prime;][vc_column][vc_column_text css=\u00a0\u00bb.vc_custom_1579272289713{margin-bottom: 0px !important;}\u00a0\u00bb]Nous n\u2019avons actuellement aucune offre d\u2019emploi.<br \/>\nVeuillez v\u00e9rifier r\u00e9guli\u00e8rement, car nous serons certainement \u00e0 la recherche d\u2019individus talentueux pour joindre notre \u00e9quipe dans le futur.[\/vc_column_text][vc_separator][\/vc_column][\/vc_row][vc_row column_padding=\u00a0\u00bb0&Prime; disable_element=\u00a0\u00bbyes\u00a0\u00bb][vc_column width=\u00a0\u00bb1\/2&Prime;][vc_column_text css=\u00a0\u00bb.vc_custom_1770665213618{margin-bottom: 0px !important;}\u00a0\u00bb]\n<p style=\"text-align: left; color: #808080;\">L\u2019analyse des donn\u00e9es<\/p>\n[\/vc_column_text][vc_column_text css=\u00a0\u00bb.vc_custom_1770664066765{margin-bottom: 0px !important;}\u00a0\u00bb]\n<h3><a href=\"https:\/\/www.carms.ca\/fr\/a-propos-de\/possibilites-de-carrieres\/expert-adjoint-en-science-des-donnees\/\">Expert adjoint en science des donn\u00e9es<\/a><\/h3>\n<p>&nbsp;<\/p>\n<h3><\/h3>\n[\/vc_column_text][vc_separator][\/vc_column][vc_column width=\u00a0\u00bb1\/2&Prime;][mk_padding_divider][vc_column_text css=\u00a0\u00bb.vc_custom_1770664100547{margin-bottom: 0px !important;}\u00a0\u00bb]\n<p style=\"text-align: right; color: #808080;\">Ottawa, Ontario<\/p>\n[\/vc_column_text][\/vc_column][\/vc_row][vc_row disable_element=\u00a0\u00bbyes\u00a0\u00bb][vc_column width=\u00a0\u00bb1\/2&Prime;][vc_column_text css=\u00a0\u00bb.vc_custom_1754402624459{margin-bottom: 0px !important;}\u00a0\u00bb]\n<p style=\"text-align: left; color: #808080;\"><span data-teams=\"true\">Haute direction<\/span><\/p>\n[\/vc_column_text][vc_column_text css=\u00a0\u00bb.vc_custom_1753796478001{margin-bottom: 0px !important;}\u00a0\u00bb]\n<h3><a href=\"https:\/\/www.carms.ca\/fr\/a-propos-de\/possibilites-de-carrieres\/chef-du-personnel\/\"><strong>Chef du personnel<\/strong><\/a><\/h3>\n[\/vc_column_text][vc_separator][\/vc_column][vc_column width=\u00a0\u00bb1\/2&Prime;][mk_padding_divider][vc_column_text css=\u00a0\u00bb.vc_custom_1574885170810{margin-bottom: 0px !important;}\u00a0\u00bb]\n<p style=\"text-align: right; color: #808080;\">Ottawa, Ontario<\/p>\n[\/vc_column_text][\/vc_column][\/vc_row][vc_row disable_element=\u00a0\u00bbyes\u00a0\u00bb][vc_column width=\u00a0\u00bb1\/2&Prime;][vc_column_text css=\u00a0\u00bb.vc_custom_1737060339306{margin-bottom: 0px !important;}\u00a0\u00bb]\n<p style=\"text-align: left; color: #808080;\">Politique, de la protection et de la conformit\u00e9<\/p>\n[\/vc_column_text][vc_column_text css=\u00a0\u00bb.vc_custom_1737060220171{margin-bottom: 0px !important;}\u00a0\u00bb]\n<h3><a href=\"https:\/\/www.carms.ca\/fr\/a-propos-de\/possibilites-de-carrieres\/agent-principal-de-la-politique-de-la-conformite-et-de-la-protection-des-renseignements-personnels\/\">Agent principal de la politique, de la conformit\u00e9 et de la protection des renseignements personnels<\/a><\/h3>\n[\/vc_column_text][vc_separator][\/vc_column][vc_column width=\u00a0\u00bb1\/2&Prime;][mk_padding_divider][vc_column_text css=\u00a0\u00bb.vc_custom_1574885170810{margin-bottom: 0px !important;}\u00a0\u00bb]\n<p style=\"text-align: right; color: #808080;\">Ottawa, Ontario<\/p>\n[\/vc_column_text][\/vc_column][\/vc_row][vc_row disable_element=\u00a0\u00bbyes\u00a0\u00bb][vc_column width=\u00a0\u00bb1\/2&Prime;][vc_column_text css=\u00a0\u00bb.vc_custom_1715958000410{margin-bottom: 0px !important;}\u00a0\u00bb]\n<p style=\"text-align: left; color: #808080;\"><span class=\"ui-provider gr b c d e f g h i j k l m n o p q r s t u v w x y z ab ac ae af ag ah ai aj ak\" dir=\"ltr\">Technologie de l\u2019information<\/span><\/p>\n[\/vc_column_text][vc_column_text css=\u00a0\u00bb.vc_custom_1715957985737{margin-bottom: 0px !important;}\u00a0\u00bb]\n<h3><a href=\"https:\/\/www.carms.ca\/fr\/a-propos-de\/possibilites-de-carrieres\/joignez-vous-a-notre-equipe\/specialiste-du-soutien-informatique\/\" rel=\"noopener\">Sp\u00e9cialiste du soutien informatique<\/a><\/h3>\n[\/vc_column_text][vc_separator][\/vc_column][vc_column width=\u00a0\u00bb1\/2&Prime;][mk_padding_divider][vc_column_text css=\u00a0\u00bb.vc_custom_1574885170810{margin-bottom: 0px !important;}\u00a0\u00bb]\n<p style=\"text-align: right; color: #808080;\">Ottawa, Ontario<\/p>\n[\/vc_column_text][\/vc_column][\/vc_row][vc_row disable_element=\u00a0\u00bbyes\u00a0\u00bb][vc_column width=\u00a0\u00bb1\/2&Prime;][vc_column_text css=\u00a0\u00bb.vc_custom_1652297388396{margin-bottom: 0px !important;}\u00a0\u00bb]\n<p style=\"text-align: left; color: #808080;\">Service \u00e0 la client\u00e8le<\/p>\n[\/vc_column_text][vc_column_text css=\u00a0\u00bb.vc_custom_1687529707501{margin-bottom: 0px !important;}\u00a0\u00bb]\n<h3><a href=\"https:\/\/www.carms.ca\/fr\/?page_id=37936\">Repr\u00e9sentant du service \u00e0 la client\u00e8le bilingue (poste hybride)<\/a><\/h3>\n[\/vc_column_text][vc_separator][\/vc_column][vc_column width=\u00a0\u00bb1\/2&Prime;][mk_padding_divider][vc_column_text css=\u00a0\u00bb.vc_custom_1574885170810{margin-bottom: 0px !important;}\u00a0\u00bb]\n<p style=\"text-align: right; color: #808080;\">Ottawa, Ontario<\/p>\n[\/vc_column_text][\/vc_column][\/vc_row][vc_row disable_element=\u00a0\u00bbyes\u00a0\u00bb][vc_column width=\u00a0\u00bb1\/2&Prime;][vc_column_text css=\u00a0\u00bb.vc_custom_1669746982659{margin-bottom: 0px !important;}\u00a0\u00bb]\n<p style=\"text-align: left; color: #808080;\">Ressources humaines<\/p>\n[\/vc_column_text][vc_column_text css=\u00a0\u00bb.vc_custom_1669747447961{margin-bottom: 0px !important;}\u00a0\u00bb]\n<h3><a href=\"https:\/\/www.carms.ca\/fr\/?page_id=34845\"><strong>G\u00e9n\u00e9raliste en ressources humaines<\/strong><\/a><\/h3>\n<h3><\/h3>\n<h3><\/h3>\n<p>&nbsp;<\/p>\n<h3><\/h3>\n<h3><\/h3>\n[\/vc_column_text][vc_separator][\/vc_column][vc_column width=\u00a0\u00bb1\/2&Prime;][mk_padding_divider][vc_column_text css=\u00a0\u00bb.vc_custom_1574885170810{margin-bottom: 0px !important;}\u00a0\u00bb]\n<p style=\"text-align: right; color: #808080;\">Ottawa, Ontario<\/p>\n[\/vc_column_text][\/vc_column][\/vc_row][vc_row disable_element=\u00a0\u00bbyes\u00a0\u00bb][vc_column width=\u00a0\u00bb1\/2&Prime;][vc_column_text css=\u00a0\u00bb.vc_custom_1683054125583{margin-bottom: 0px !important;}\u00a0\u00bb]\n<p style=\"text-align: left; color: #808080;\"><span class=\"ui-provider gr b c d e f g h i j k l m n o p q r s t u v w x y z ab ac ae af ag ah ai aj ak\" dir=\"ltr\">Technologie de l\u2019information <\/span><\/p>\n[\/vc_column_text][vc_column_text css=\u00a0\u00bb.vc_custom_1683054112420{margin-bottom: 0px !important;}\u00a0\u00bb]\n<h3 class=\"page-title \"><a href=\"https:\/\/www.carms.ca\/fr\/a-propos-de\/possibilites-de-carrieres\/joignez-vous-a-notre-equipe\/chef-dequipe-architecte-des-solutions\/\">Chef d\u2019\u00e9quipe, architecte des solutions<\/a><\/h3>\n<p>&nbsp;<\/p>\n<h3><\/h3>\n<h3><\/h3>\n[\/vc_column_text][vc_separator][\/vc_column][vc_column width=\u00a0\u00bb1\/2&Prime;][mk_padding_divider][vc_column_text css=\u00a0\u00bb.vc_custom_1574885170810{margin-bottom: 0px !important;}\u00a0\u00bb]\n<p style=\"text-align: right; color: #808080;\">Ottawa, Ontario<\/p>\n[\/vc_column_text][\/vc_column][\/vc_row][vc_row disable_element=\u00a0\u00bbyes\u00a0\u00bb][vc_column width=\u00a0\u00bb1\/2&Prime;][vc_column_text css=\u00a0\u00bb.vc_custom_1683044405679{margin-bottom: 0px !important;}\u00a0\u00bb]\n<p style=\"text-align: left; color: #808080;\">Gestion des produits<\/p>\n[\/vc_column_text][vc_column_text css=\u00a0\u00bb.vc_custom_1687529719306{margin-bottom: 0px !important;}\u00a0\u00bb]\n<h3><a href=\"https:\/\/www.carms.ca\/fr\/?page_id=37931\">Responsable du produit (poste hybride)<\/a><\/h3>\n[\/vc_column_text][vc_separator][\/vc_column][vc_column width=\u00a0\u00bb1\/2&Prime;][mk_padding_divider][vc_column_text css=\u00a0\u00bb.vc_custom_1574885170810{margin-bottom: 0px !important;}\u00a0\u00bb]\n<p style=\"text-align: right; color: #808080;\">Ottawa, Ontario<\/p>\n[\/vc_column_text][\/vc_column][\/vc_row][vc_row disable_element=\u00a0\u00bbyes\u00a0\u00bb][vc_column width=\u00a0\u00bb1\/2&Prime;][vc_column_text css=\u00a0\u00bb.vc_custom_1699458288850{margin-bottom: 0px !important;}\u00a0\u00bb]\n<p style=\"text-align: left; color: #808080;\">L\u2019analyse des donn\u00e9es<\/p>\n[\/vc_column_text][vc_column_text css=\u00a0\u00bb.vc_custom_1699546895581{margin-bottom: 0px !important;}\u00a0\u00bb]\n<h3><a href=\"https:\/\/www.carms.ca\/fr\/a-propos-de\/possibilites-de-carrieres\/joignez-vous-a-notre-equipe\/concepteur-de-linformatique-decisionnelle-de-lextraction-la-transformation-et-le-chargement\/\">Concepteur de l\u2019informatique d\u00e9cisionnelle\/de l\u2019extraction, la transformation et le chargement<\/a><\/h3>\n<p>&nbsp;<\/p>\n<h3><\/h3>\n[\/vc_column_text][vc_separator][\/vc_column][vc_column width=\u00a0\u00bb1\/2&Prime;][mk_padding_divider][vc_column_text css=\u00a0\u00bb.vc_custom_1574885170810{margin-bottom: 0px !important;}\u00a0\u00bb]\n<p style=\"text-align: right; color: #808080;\">Ottawa, Ontario<\/p>\n[\/vc_column_text][\/vc_column][\/vc_row][vc_row disable_element=\u00a0\u00bbyes\u00a0\u00bb][vc_column width=\u00a0\u00bb1\/2&Prime;][vc_column_text css=\u00a0\u00bb.vc_custom_1660154201793{margin-bottom: 0px !important;}\u00a0\u00bb]\n<p style=\"text-align: left; color: #808080;\">L\u2019analyse des donn\u00e9es et op\u00e9rations<\/p>\n[\/vc_column_text][vc_column_text css=\u00a0\u00bb.vc_custom_1660154454661{margin-bottom: 0px !important;}\u00a0\u00bb]\n<h3><a href=\"https:\/\/www.carms.ca\/fr\/?page_id=34003\">Agent principal de la politique, de la conformit\u00e9 et de la protection des renseignements personnels<\/a><\/h3>\n<h3><\/h3>\n<h3><\/h3>\n<p>&nbsp;<\/p>\n<h3><\/h3>\n<h3><\/h3>\n[\/vc_column_text][vc_separator][\/vc_column][vc_column width=\u00a0\u00bb1\/2&Prime;][mk_padding_divider][vc_column_text css=\u00a0\u00bb.vc_custom_1574885170810{margin-bottom: 0px !important;}\u00a0\u00bb]\n<p style=\"text-align: right; color: #808080;\">Ottawa, Ontario<\/p>\n[\/vc_column_text][\/vc_column][\/vc_row][vc_row disable_element=\u00a0\u00bbyes\u00a0\u00bb][vc_column width=\u00a0\u00bb1\/2&Prime;][vc_column_text css=\u00a0\u00bb.vc_custom_1650900926300{margin-bottom: 0px !important;}\u00a0\u00bb]\n<p style=\"text-align: left; color: #808080;\">Gestion des produits<\/p>\n[\/vc_column_text][vc_column_text css=\u00a0\u00bb.vc_custom_1653593521322{margin-bottom: 0px !important;}\u00a0\u00bb]\n<h3><a href=\"https:\/\/www.carms.ca\/fr\/?page_id=32448\">Concepteur de produits<\/a><\/h3>\n<h3><\/h3>\n[\/vc_column_text][vc_column_text css=\u00a0\u00bb.vc_custom_1650900687121{margin-bottom: 0px !important;}\u00a0\u00bb]\n<h3><a href=\"https:\/\/www.carms.ca\/fr\/?page_id=29139\">Ing\u00e9nieur de l\u2019assurance de la qualit\u00e9 des logiciels<\/a><\/h3>\n<h3><\/h3>\n[\/vc_column_text][vc_separator][\/vc_column][vc_column width=\u00a0\u00bb1\/2&Prime;][mk_padding_divider][vc_column_text css=\u00a0\u00bb.vc_custom_1574885170810{margin-bottom: 0px !important;}\u00a0\u00bb]\n<p style=\"text-align: right; color: #808080;\">Ottawa, Ontario<\/p>\n[\/vc_column_text][vc_column_text css=\u00a0\u00bb.vc_custom_1574885170810{margin-bottom: 0px !important;}\u00a0\u00bb]\n<p style=\"text-align: right; color: #808080;\">Ottawa, Ontario<\/p>\n[\/vc_column_text][\/vc_column][\/vc_row]\n<\/div>","protected":false},"excerpt":{"rendered":"<p>[vc_row][vc_column][vc_column_text css=\u00a0\u00bb.vc_custom_1574884557356{margin-bottom: 0px !important;}\u00a0\u00bb] Postes vacants [\/vc_column_text][vc_separator][\/vc_column][\/vc_row][vc_row column_padding=\u00a0\u00bb0&Prime;][vc_column][vc_column_text css=\u00a0\u00bb.vc_custom_1579272289713{margin-bottom: 0px !important;}\u00a0\u00bb]Nous n\u2019avons actuellement aucune offre d\u2019emploi. Veuillez v\u00e9rifier r\u00e9guli\u00e8rement, car nous serons certainement \u00e0 la recherche d\u2019individus talentueux pour joindre notre \u00e9quipe dans le futur.[\/vc_column_text][vc_separator][\/vc_column][\/vc_row][vc_row column_padding=\u00a0\u00bb0&Prime; disable_element=\u00a0\u00bbyes\u00a0\u00bb][vc_column width=\u00a0\u00bb1\/2&Prime;][vc_column_text css=\u00a0\u00bb.vc_custom_1770665213618{margin-bottom: 0px !important;}\u00a0\u00bb] L\u2019analyse des donn\u00e9es [\/vc_column_text][vc_column_text css=\u00a0\u00bb.vc_custom_1770664066765{margin-bottom: 0px !important;}\u00a0\u00bb] Expert adjoint en science des donn\u00e9es &nbsp; [&hellip;]<\/p>\n","protected":false},"author":5,"featured_media":0,"parent":2907,"menu_order":0,"comment_status":"closed","ping_status":"closed","template":"","meta":{"_acf_changed":false,"footnotes":""},"class_list":["post-3231","page","type-page","status-publish","hentry"],"acf":{"subtitle":"<p>Si vous souhaitez vous joindre \u00e0 une \u00e9quipe exceptionnelle de professionnels d\u00e9vou\u00e9s et exp\u00e9riment\u00e9s qui ont l\u2019excellence \u00e0 c\u0153ur, nous vous invitons \u00e0 consulter notre liste des postes vacants ci-dessous.<\/p>\n"},"yoast_head":"<!-- This site is optimized with the Yoast SEO plugin v27.3 - https:\/\/yoast.com\/product\/yoast-seo-wordpress\/ -->\n<title>Joignez-vous \u00e0 notre \u00e9quipe - CaRMS<\/title>\n<meta name=\"robots\" content=\"index, follow, max-snippet:-1, max-image-preview:large, max-video-preview:-1\" \/>\n<link rel=\"canonical\" href=\"https:\/\/www.carms.ca\/fr\/a-propos-de\/possibilites-de-carrieres\/joignez-vous-a-notre-equipe\/\" \/>\n<meta property=\"og:locale\" content=\"fr_FR\" \/>\n<meta property=\"og:type\" content=\"article\" \/>\n<meta property=\"og:title\" content=\"Joignez-vous \u00e0 notre \u00e9quipe - CaRMS\" \/>\n<meta property=\"og:description\" content=\"[vc_row][vc_column][vc_column_text css=\u00a0\u00bb.vc_custom_1574884557356{margin-bottom: 0px !important;}\u00a0\u00bb] Postes vacants [\/vc_column_text][vc_separator][\/vc_column][\/vc_row][vc_row column_padding=\u00a0\u00bb0&Prime;][vc_column][vc_column_text css=\u00a0\u00bb.vc_custom_1579272289713{margin-bottom: 0px !important;}\u00a0\u00bb]Nous n\u2019avons actuellement aucune offre d\u2019emploi. Veuillez v\u00e9rifier r\u00e9guli\u00e8rement, car nous serons certainement \u00e0 la recherche d\u2019individus talentueux pour joindre notre \u00e9quipe dans le futur.[\/vc_column_text][vc_separator][\/vc_column][\/vc_row][vc_row column_padding=\u00a0\u00bb0&Prime; disable_element=\u00a0\u00bbyes\u00a0\u00bb][vc_column width=\u00a0\u00bb1\/2&Prime;][vc_column_text css=\u00a0\u00bb.vc_custom_1770665213618{margin-bottom: 0px !important;}\u00a0\u00bb] L\u2019analyse des donn\u00e9es [\/vc_column_text][vc_column_text css=\u00a0\u00bb.vc_custom_1770664066765{margin-bottom: 0px !important;}\u00a0\u00bb] Expert adjoint en science des donn\u00e9es &nbsp; [&hellip;]\" \/>\n<meta property=\"og:url\" content=\"https:\/\/www.carms.ca\/fr\/a-propos-de\/possibilites-de-carrieres\/joignez-vous-a-notre-equipe\/\" \/>\n<meta property=\"og:site_name\" content=\"CaRMS\" \/>\n<meta property=\"article:modified_time\" content=\"2026-03-27T18:35:18+00:00\" \/>\n<meta name=\"twitter:card\" content=\"summary_large_image\" \/>\n<meta name=\"twitter:label1\" content=\"Dur\u00e9e de lecture estim\u00e9e\" \/>\n\t<meta name=\"twitter:data1\" content=\"2 minutes\" \/>\n<script type=\"application\/ld+json\" class=\"yoast-schema-graph\">{\"@context\":\"https:\\\/\\\/schema.org\",\"@graph\":[{\"@type\":\"WebPage\",\"@id\":\"https:\\\/\\\/www.carms.ca\\\/fr\\\/a-propos-de\\\/possibilites-de-carrieres\\\/joignez-vous-a-notre-equipe\\\/\",\"url\":\"https:\\\/\\\/www.carms.ca\\\/fr\\\/a-propos-de\\\/possibilites-de-carrieres\\\/joignez-vous-a-notre-equipe\\\/\",\"name\":\"Joignez-vous \u00e0 notre \u00e9quipe - CaRMS\",\"isPartOf\":{\"@id\":\"https:\\\/\\\/www.carms.ca\\\/#website\"},\"datePublished\":\"2018-05-23T14:39:31+00:00\",\"dateModified\":\"2026-03-27T18:35:18+00:00\",\"breadcrumb\":{\"@id\":\"https:\\\/\\\/www.carms.ca\\\/fr\\\/a-propos-de\\\/possibilites-de-carrieres\\\/joignez-vous-a-notre-equipe\\\/#breadcrumb\"},\"inLanguage\":\"fr-FR\",\"potentialAction\":[{\"@type\":\"ReadAction\",\"target\":[\"https:\\\/\\\/www.carms.ca\\\/fr\\\/a-propos-de\\\/possibilites-de-carrieres\\\/joignez-vous-a-notre-equipe\\\/\"]}]},{\"@type\":\"BreadcrumbList\",\"@id\":\"https:\\\/\\\/www.carms.ca\\\/fr\\\/a-propos-de\\\/possibilites-de-carrieres\\\/joignez-vous-a-notre-equipe\\\/#breadcrumb\",\"itemListElement\":[{\"@type\":\"ListItem\",\"position\":1,\"name\":\"Accueil\",\"item\":\"https:\\\/\\\/www.carms.ca\\\/fr\\\/\"},{\"@type\":\"ListItem\",\"position\":2,\"name\":\"\u00c0 propos de\",\"item\":\"https:\\\/\\\/www.carms.ca\\\/fr\\\/a-propos-de\\\/\"},{\"@type\":\"ListItem\",\"position\":3,\"name\":\"Possibilit\u00e9s de carri\u00e8res\",\"item\":\"https:\\\/\\\/www.carms.ca\\\/fr\\\/a-propos-de\\\/possibilites-de-carrieres\\\/\"},{\"@type\":\"ListItem\",\"position\":4,\"name\":\"Joignez-vous \u00e0 notre \u00e9quipe\"}]},{\"@type\":\"WebSite\",\"@id\":\"https:\\\/\\\/www.carms.ca\\\/#website\",\"url\":\"https:\\\/\\\/www.carms.ca\\\/\",\"name\":\"CaRMS\",\"description\":\"\",\"potentialAction\":[{\"@type\":\"SearchAction\",\"target\":{\"@type\":\"EntryPoint\",\"urlTemplate\":\"https:\\\/\\\/www.carms.ca\\\/?s={search_term_string}\"},\"query-input\":{\"@type\":\"PropertyValueSpecification\",\"valueRequired\":true,\"valueName\":\"search_term_string\"}}],\"inLanguage\":\"fr-FR\"}]}<\/script>\n<!-- \/ Yoast SEO plugin. -->","yoast_head_json":{"title":"Joignez-vous \u00e0 notre \u00e9quipe - CaRMS","robots":{"index":"index","follow":"follow","max-snippet":"max-snippet:-1","max-image-preview":"max-image-preview:large","max-video-preview":"max-video-preview:-1"},"canonical":"https:\/\/www.carms.ca\/fr\/a-propos-de\/possibilites-de-carrieres\/joignez-vous-a-notre-equipe\/","og_locale":"fr_FR","og_type":"article","og_title":"Joignez-vous \u00e0 notre \u00e9quipe - CaRMS","og_description":"[vc_row][vc_column][vc_column_text css=\u00a0\u00bb.vc_custom_1574884557356{margin-bottom: 0px !important;}\u00a0\u00bb] Postes vacants [\/vc_column_text][vc_separator][\/vc_column][\/vc_row][vc_row column_padding=\u00a0\u00bb0&Prime;][vc_column][vc_column_text css=\u00a0\u00bb.vc_custom_1579272289713{margin-bottom: 0px !important;}\u00a0\u00bb]Nous n\u2019avons actuellement aucune offre d\u2019emploi. Veuillez v\u00e9rifier r\u00e9guli\u00e8rement, car nous serons certainement \u00e0 la recherche d\u2019individus talentueux pour joindre notre \u00e9quipe dans le futur.[\/vc_column_text][vc_separator][\/vc_column][\/vc_row][vc_row column_padding=\u00a0\u00bb0&Prime; disable_element=\u00a0\u00bbyes\u00a0\u00bb][vc_column width=\u00a0\u00bb1\/2&Prime;][vc_column_text css=\u00a0\u00bb.vc_custom_1770665213618{margin-bottom: 0px !important;}\u00a0\u00bb] L\u2019analyse des donn\u00e9es [\/vc_column_text][vc_column_text css=\u00a0\u00bb.vc_custom_1770664066765{margin-bottom: 0px !important;}\u00a0\u00bb] Expert adjoint en science des donn\u00e9es &nbsp; [&hellip;]","og_url":"https:\/\/www.carms.ca\/fr\/a-propos-de\/possibilites-de-carrieres\/joignez-vous-a-notre-equipe\/","og_site_name":"CaRMS","article_modified_time":"2026-03-27T18:35:18+00:00","twitter_card":"summary_large_image","twitter_misc":{"Dur\u00e9e de lecture estim\u00e9e":"2 minutes"},"schema":{"@context":"https:\/\/schema.org","@graph":[{"@type":"WebPage","@id":"https:\/\/www.carms.ca\/fr\/a-propos-de\/possibilites-de-carrieres\/joignez-vous-a-notre-equipe\/","url":"https:\/\/www.carms.ca\/fr\/a-propos-de\/possibilites-de-carrieres\/joignez-vous-a-notre-equipe\/","name":"Joignez-vous \u00e0 notre \u00e9quipe - CaRMS","isPartOf":{"@id":"https:\/\/www.carms.ca\/#website"},"datePublished":"2018-05-23T14:39:31+00:00","dateModified":"2026-03-27T18:35:18+00:00","breadcrumb":{"@id":"https:\/\/www.carms.ca\/fr\/a-propos-de\/possibilites-de-carrieres\/joignez-vous-a-notre-equipe\/#breadcrumb"},"inLanguage":"fr-FR","potentialAction":[{"@type":"ReadAction","target":["https:\/\/www.carms.ca\/fr\/a-propos-de\/possibilites-de-carrieres\/joignez-vous-a-notre-equipe\/"]}]},{"@type":"BreadcrumbList","@id":"https:\/\/www.carms.ca\/fr\/a-propos-de\/possibilites-de-carrieres\/joignez-vous-a-notre-equipe\/#breadcrumb","itemListElement":[{"@type":"ListItem","position":1,"name":"Accueil","item":"https:\/\/www.carms.ca\/fr\/"},{"@type":"ListItem","position":2,"name":"\u00c0 propos de","item":"https:\/\/www.carms.ca\/fr\/a-propos-de\/"},{"@type":"ListItem","position":3,"name":"Possibilit\u00e9s de carri\u00e8res","item":"https:\/\/www.carms.ca\/fr\/a-propos-de\/possibilites-de-carrieres\/"},{"@type":"ListItem","position":4,"name":"Joignez-vous \u00e0 notre \u00e9quipe"}]},{"@type":"WebSite","@id":"https:\/\/www.carms.ca\/#website","url":"https:\/\/www.carms.ca\/","name":"CaRMS","description":"","potentialAction":[{"@type":"SearchAction","target":{"@type":"EntryPoint","urlTemplate":"https:\/\/www.carms.ca\/?s={search_term_string}"},"query-input":{"@type":"PropertyValueSpecification","valueRequired":true,"valueName":"search_term_string"}}],"inLanguage":"fr-FR"}]}},"publishpress_future_workflow_manual_trigger":{"enabledWorkflows":[]},"_links":{"self":[{"href":"https:\/\/www.carms.ca\/fr\/wp-json\/wp\/v2\/pages\/3231","targetHints":{"allow":["GET"]}}],"collection":[{"href":"https:\/\/www.carms.ca\/fr\/wp-json\/wp\/v2\/pages"}],"about":[{"href":"https:\/\/www.carms.ca\/fr\/wp-json\/wp\/v2\/types\/page"}],"author":[{"embeddable":true,"href":"https:\/\/www.carms.ca\/fr\/wp-json\/wp\/v2\/users\/5"}],"replies":[{"embeddable":true,"href":"https:\/\/www.carms.ca\/fr\/wp-json\/wp\/v2\/comments?post=3231"}],"version-history":[{"count":90,"href":"https:\/\/www.carms.ca\/fr\/wp-json\/wp\/v2\/pages\/3231\/revisions"}],"predecessor-version":[{"id":52013,"href":"https:\/\/www.carms.ca\/fr\/wp-json\/wp\/v2\/pages\/3231\/revisions\/52013"}],"up":[{"embeddable":true,"href":"https:\/\/www.carms.ca\/fr\/wp-json\/wp\/v2\/pages\/2907"}],"wp:attachment":[{"href":"https:\/\/www.carms.ca\/fr\/wp-json\/wp\/v2\/media?parent=3231"}],"curies":[{"name":"wp","href":"https:\/\/api.w.org\/{rel}","templated":true}]}}