{"id":33992,"date":"2022-08-08T15:37:39","date_gmt":"2022-08-08T19:37:39","guid":{"rendered":"https:\/\/www.carms.ca\/?page_id=33992"},"modified":"2023-09-13T09:01:58","modified_gmt":"2023-09-13T13:01:58","slug":"candidatures-selon-la-faculte-et-la-discipline","status":"publish","type":"page","link":"https:\/\/www.carms.ca\/fr\/donnees-et-rapports\/donnees-et-rapports-du-jumelage-r-1\/candidatures-selon-la-faculte-et-la-discipline\/","title":{"rendered":"Candidatures selon la facult\u00e9 et la discipline"},"content":{"rendered":"<div class=\"wpb-content-wrapper\">[vc_row][vc_column][vc_column_text css=\u00a0\u00bb.vc_custom_1659982216524{margin-bottom: 0px !important;}\u00a0\u00bb]Chaque barre repr\u00e9sente une facult\u00e9 de m\u00e9decine canadienne. Les donn\u00e9es concernent le premier tour du jumelage principal\u00a0R-1 et incluent tous les types de candidats (DCM, DHCEU et DAM) et toutes les ann\u00e9es d\u2019obtention du dipl\u00f4me.[\/vc_column_text][\/vc_column][\/vc_row][vc_row][vc_column][vc_column_text css=\u00a0\u00bb.vc_custom_1694610115126{margin-bottom: 0px !important;}\u00a0\u00bb]\n<div id=\"viz1694558100203\" class=\"tableauPlaceholder\" style=\"position: relative;\"><noscript><a href='#'><img alt='Dashboard 2 ' src='https:&#47;&#47;public.tableau.com&#47;static&#47;images&#47;Ap&#47;Applications_Submitted_Faculty_Discipline_French_16945580764830&#47;Dashboard2&#47;1_rss.png' style='border: none' \/><\/a><\/noscript><object class=\"tableauViz\" style=\"display: none;\" width=\"300\" height=\"150\"><param name=\"host_url\" value=\"https%3A%2F%2Fpublic.tableau.com%2F\" \/><param name=\"embed_code_version\" value=\"3\" \/><param name=\"site_root\" value=\"\" \/><param name=\"name\" value=\"Applications_Submitted_Faculty_Discipline_French_16945580764830\/Dashboard2\" \/><param name=\"tabs\" value=\"no\" \/><param name=\"toolbar\" value=\"yes\" \/><param name=\"static_image\" value=\"https:\/\/public.tableau.com\/static\/images\/Ap\/Applications_Submitted_Faculty_Discipline_French_16945580764830\/Dashboard2\/1.png\" \/><param name=\"animate_transition\" value=\"yes\" \/><param name=\"display_static_image\" value=\"yes\" \/><param name=\"display_spinner\" value=\"yes\" \/><param name=\"display_overlay\" value=\"yes\" \/><param name=\"display_count\" value=\"yes\" \/><param name=\"language\" value=\"en-US\" \/><param name=\"filter\" value=\"publish=yes\" \/><\/object><\/div>\n<p><script type='text\/javascript'>                    var divElement = document.getElementById('viz1694558100203');                    var vizElement = divElement.getElementsByTagName('object')[0];                    if ( divElement.offsetWidth > 800 ) { vizElement.style.width='1000px';vizElement.style.height='827px';} else if ( divElement.offsetWidth > 500 ) { vizElement.style.width='1000px';vizElement.style.height='827px';} else { vizElement.style.width='100%';vizElement.style.height='727px';}                     var scriptElement = document.createElement('script');                    scriptElement.src = 'https:\/\/public.tableau.com\/javascripts\/api\/viz_v1.js';                    vizElement.parentNode.insertBefore(scriptElement, vizElement);                <\/script>[\/vc_column_text][\/vc_column][\/vc_row][vc_row disable_element=\u00a0\u00bbyes\u00a0\u00bb][vc_column][vc_column_text css=\u00a0\u00bb.vc_custom_1659966383737{margin-bottom: 0px !important;}\u00a0\u00bb]Chaque barre repr\u00e9sente une facult\u00e9 de m\u00e9decine. Les valeurs repr\u00e9sentent le nombre de candidatures soumises par les candidats \u00e0 chaque facult\u00e9 pour la discipline et l\u2019ann\u00e9e s\u00e9lectionn\u00e9es. Les donn\u00e9es concernent le premier tour du jumelage principal R-1 et incluent tous les types de candidats (DCM, DHCEU et DAM) et toutes les ann\u00e9es d\u2019obtention du dipl\u00f4me.[\/vc_column_text][\/vc_column][\/vc_row]\n<\/div>","protected":false},"excerpt":{"rendered":"<p>[vc_row][vc_column][vc_column_text css=\u00a0\u00bb.vc_custom_1659982216524{margin-bottom: 0px !important;}\u00a0\u00bb]Chaque barre repr\u00e9sente une facult\u00e9 de m\u00e9decine canadienne. Les donn\u00e9es concernent le premier tour du jumelage principal\u00a0R-1 et incluent tous les types de candidats (DCM, DHCEU et DAM) et toutes les ann\u00e9es d\u2019obtention du dipl\u00f4me.[\/vc_column_text][\/vc_column][\/vc_row][vc_row][vc_column][vc_column_text css=\u00a0\u00bb.vc_custom_1694610115126{margin-bottom: 0px !important;}\u00a0\u00bb] [\/vc_column_text][\/vc_column][\/vc_row][vc_row disable_element=\u00a0\u00bbyes\u00a0\u00bb][vc_column][vc_column_text css=\u00a0\u00bb.vc_custom_1659966383737{margin-bottom: 0px !important;}\u00a0\u00bb]Chaque barre repr\u00e9sente une facult\u00e9 de m\u00e9decine. Les valeurs repr\u00e9sentent [&hellip;]<\/p>\n","protected":false},"author":5,"featured_media":0,"parent":2903,"menu_order":0,"comment_status":"closed","ping_status":"closed","template":"","meta":{"_acf_changed":false,"footnotes":""},"class_list":["post-33992","page","type-page","status-publish","hentry"],"acf":{"subtitle":"<p>Ce tableau interactif vous permet de voir le nombre de candidatures soumises aux facult\u00e9s de m\u00e9decine canadiennes lors de l\u2019ann\u00e9e du jumelage R-1 s\u00e9lectionn\u00e9e pour la discipline s\u00e9lectionn\u00e9e.<\/p>\n"},"yoast_head":"<!-- This site is optimized with the Yoast SEO plugin v27.3 - https:\/\/yoast.com\/product\/yoast-seo-wordpress\/ -->\n<title>Candidatures selon la facult\u00e9 et la discipline - CaRMS<\/title>\n<meta name=\"robots\" content=\"index, follow, max-snippet:-1, max-image-preview:large, max-video-preview:-1\" \/>\n<link rel=\"canonical\" href=\"https:\/\/www.carms.ca\/fr\/donnees-et-rapports\/donnees-et-rapports-du-jumelage-r-1\/candidatures-selon-la-faculte-et-la-discipline\/\" \/>\n<meta property=\"og:locale\" content=\"fr_FR\" \/>\n<meta property=\"og:type\" content=\"article\" \/>\n<meta property=\"og:title\" content=\"Candidatures selon la facult\u00e9 et la discipline - CaRMS\" \/>\n<meta property=\"og:description\" content=\"[vc_row][vc_column][vc_column_text css=\u00a0\u00bb.vc_custom_1659982216524{margin-bottom: 0px !important;}\u00a0\u00bb]Chaque barre repr\u00e9sente une facult\u00e9 de m\u00e9decine canadienne. Les donn\u00e9es concernent le premier tour du jumelage principal\u00a0R-1 et incluent tous les types de candidats (DCM, DHCEU et DAM) et toutes les ann\u00e9es d\u2019obtention du dipl\u00f4me.[\/vc_column_text][\/vc_column][\/vc_row][vc_row][vc_column][vc_column_text css=\u00a0\u00bb.vc_custom_1694610115126{margin-bottom: 0px !important;}\u00a0\u00bb] [\/vc_column_text][\/vc_column][\/vc_row][vc_row disable_element=\u00a0\u00bbyes\u00a0\u00bb][vc_column][vc_column_text css=\u00a0\u00bb.vc_custom_1659966383737{margin-bottom: 0px !important;}\u00a0\u00bb]Chaque barre repr\u00e9sente une facult\u00e9 de m\u00e9decine. Les valeurs repr\u00e9sentent [&hellip;]\" \/>\n<meta property=\"og:url\" content=\"https:\/\/www.carms.ca\/fr\/donnees-et-rapports\/donnees-et-rapports-du-jumelage-r-1\/candidatures-selon-la-faculte-et-la-discipline\/\" \/>\n<meta property=\"og:site_name\" content=\"CaRMS\" \/>\n<meta property=\"article:modified_time\" content=\"2023-09-13T13:01:58+00:00\" \/>\n<meta name=\"twitter:card\" content=\"summary_large_image\" \/>\n<meta name=\"twitter:label1\" content=\"Dur\u00e9e de lecture estim\u00e9e\" \/>\n\t<meta name=\"twitter:data1\" content=\"1 minute\" \/>\n<script type=\"application\/ld+json\" class=\"yoast-schema-graph\">{\"@context\":\"https:\\\/\\\/schema.org\",\"@graph\":[{\"@type\":\"WebPage\",\"@id\":\"https:\\\/\\\/www.carms.ca\\\/fr\\\/donnees-et-rapports\\\/donnees-et-rapports-du-jumelage-r-1\\\/candidatures-selon-la-faculte-et-la-discipline\\\/\",\"url\":\"https:\\\/\\\/www.carms.ca\\\/fr\\\/donnees-et-rapports\\\/donnees-et-rapports-du-jumelage-r-1\\\/candidatures-selon-la-faculte-et-la-discipline\\\/\",\"name\":\"Candidatures selon la facult\u00e9 et la discipline - CaRMS\",\"isPartOf\":{\"@id\":\"https:\\\/\\\/www.carms.ca\\\/#website\"},\"datePublished\":\"2022-08-08T19:37:39+00:00\",\"dateModified\":\"2023-09-13T13:01:58+00:00\",\"breadcrumb\":{\"@id\":\"https:\\\/\\\/www.carms.ca\\\/fr\\\/donnees-et-rapports\\\/donnees-et-rapports-du-jumelage-r-1\\\/candidatures-selon-la-faculte-et-la-discipline\\\/#breadcrumb\"},\"inLanguage\":\"fr-FR\",\"potentialAction\":[{\"@type\":\"ReadAction\",\"target\":[\"https:\\\/\\\/www.carms.ca\\\/fr\\\/donnees-et-rapports\\\/donnees-et-rapports-du-jumelage-r-1\\\/candidatures-selon-la-faculte-et-la-discipline\\\/\"]}]},{\"@type\":\"BreadcrumbList\",\"@id\":\"https:\\\/\\\/www.carms.ca\\\/fr\\\/donnees-et-rapports\\\/donnees-et-rapports-du-jumelage-r-1\\\/candidatures-selon-la-faculte-et-la-discipline\\\/#breadcrumb\",\"itemListElement\":[{\"@type\":\"ListItem\",\"position\":1,\"name\":\"Accueil\",\"item\":\"https:\\\/\\\/www.carms.ca\\\/fr\\\/\"},{\"@type\":\"ListItem\",\"position\":2,\"name\":\"Donn\u00e9es et rapports\",\"item\":\"https:\\\/\\\/www.carms.ca\\\/fr\\\/donnees-et-rapports\\\/\"},{\"@type\":\"ListItem\",\"position\":3,\"name\":\"Donn\u00e9es et rapports du jumelage R-1\",\"item\":\"https:\\\/\\\/www.carms.ca\\\/fr\\\/donnees-et-rapports\\\/donnees-et-rapports-du-jumelage-r-1\\\/\"},{\"@type\":\"ListItem\",\"position\":4,\"name\":\"Candidatures selon la facult\u00e9 et la discipline\"}]},{\"@type\":\"WebSite\",\"@id\":\"https:\\\/\\\/www.carms.ca\\\/#website\",\"url\":\"https:\\\/\\\/www.carms.ca\\\/\",\"name\":\"CaRMS\",\"description\":\"\",\"potentialAction\":[{\"@type\":\"SearchAction\",\"target\":{\"@type\":\"EntryPoint\",\"urlTemplate\":\"https:\\\/\\\/www.carms.ca\\\/?s={search_term_string}\"},\"query-input\":{\"@type\":\"PropertyValueSpecification\",\"valueRequired\":true,\"valueName\":\"search_term_string\"}}],\"inLanguage\":\"fr-FR\"}]}<\/script>\n<!-- \/ Yoast SEO plugin. -->","yoast_head_json":{"title":"Candidatures selon la facult\u00e9 et la discipline - CaRMS","robots":{"index":"index","follow":"follow","max-snippet":"max-snippet:-1","max-image-preview":"max-image-preview:large","max-video-preview":"max-video-preview:-1"},"canonical":"https:\/\/www.carms.ca\/fr\/donnees-et-rapports\/donnees-et-rapports-du-jumelage-r-1\/candidatures-selon-la-faculte-et-la-discipline\/","og_locale":"fr_FR","og_type":"article","og_title":"Candidatures selon la facult\u00e9 et la discipline - CaRMS","og_description":"[vc_row][vc_column][vc_column_text css=\u00a0\u00bb.vc_custom_1659982216524{margin-bottom: 0px !important;}\u00a0\u00bb]Chaque barre repr\u00e9sente une facult\u00e9 de m\u00e9decine canadienne. Les donn\u00e9es concernent le premier tour du jumelage principal\u00a0R-1 et incluent tous les types de candidats (DCM, DHCEU et DAM) et toutes les ann\u00e9es d\u2019obtention du dipl\u00f4me.[\/vc_column_text][\/vc_column][\/vc_row][vc_row][vc_column][vc_column_text css=\u00a0\u00bb.vc_custom_1694610115126{margin-bottom: 0px !important;}\u00a0\u00bb] [\/vc_column_text][\/vc_column][\/vc_row][vc_row disable_element=\u00a0\u00bbyes\u00a0\u00bb][vc_column][vc_column_text css=\u00a0\u00bb.vc_custom_1659966383737{margin-bottom: 0px !important;}\u00a0\u00bb]Chaque barre repr\u00e9sente une facult\u00e9 de m\u00e9decine. Les valeurs repr\u00e9sentent [&hellip;]","og_url":"https:\/\/www.carms.ca\/fr\/donnees-et-rapports\/donnees-et-rapports-du-jumelage-r-1\/candidatures-selon-la-faculte-et-la-discipline\/","og_site_name":"CaRMS","article_modified_time":"2023-09-13T13:01:58+00:00","twitter_card":"summary_large_image","twitter_misc":{"Dur\u00e9e de lecture estim\u00e9e":"1 minute"},"schema":{"@context":"https:\/\/schema.org","@graph":[{"@type":"WebPage","@id":"https:\/\/www.carms.ca\/fr\/donnees-et-rapports\/donnees-et-rapports-du-jumelage-r-1\/candidatures-selon-la-faculte-et-la-discipline\/","url":"https:\/\/www.carms.ca\/fr\/donnees-et-rapports\/donnees-et-rapports-du-jumelage-r-1\/candidatures-selon-la-faculte-et-la-discipline\/","name":"Candidatures selon la facult\u00e9 et la discipline - CaRMS","isPartOf":{"@id":"https:\/\/www.carms.ca\/#website"},"datePublished":"2022-08-08T19:37:39+00:00","dateModified":"2023-09-13T13:01:58+00:00","breadcrumb":{"@id":"https:\/\/www.carms.ca\/fr\/donnees-et-rapports\/donnees-et-rapports-du-jumelage-r-1\/candidatures-selon-la-faculte-et-la-discipline\/#breadcrumb"},"inLanguage":"fr-FR","potentialAction":[{"@type":"ReadAction","target":["https:\/\/www.carms.ca\/fr\/donnees-et-rapports\/donnees-et-rapports-du-jumelage-r-1\/candidatures-selon-la-faculte-et-la-discipline\/"]}]},{"@type":"BreadcrumbList","@id":"https:\/\/www.carms.ca\/fr\/donnees-et-rapports\/donnees-et-rapports-du-jumelage-r-1\/candidatures-selon-la-faculte-et-la-discipline\/#breadcrumb","itemListElement":[{"@type":"ListItem","position":1,"name":"Accueil","item":"https:\/\/www.carms.ca\/fr\/"},{"@type":"ListItem","position":2,"name":"Donn\u00e9es et rapports","item":"https:\/\/www.carms.ca\/fr\/donnees-et-rapports\/"},{"@type":"ListItem","position":3,"name":"Donn\u00e9es et rapports du jumelage R-1","item":"https:\/\/www.carms.ca\/fr\/donnees-et-rapports\/donnees-et-rapports-du-jumelage-r-1\/"},{"@type":"ListItem","position":4,"name":"Candidatures selon la facult\u00e9 et la discipline"}]},{"@type":"WebSite","@id":"https:\/\/www.carms.ca\/#website","url":"https:\/\/www.carms.ca\/","name":"CaRMS","description":"","potentialAction":[{"@type":"SearchAction","target":{"@type":"EntryPoint","urlTemplate":"https:\/\/www.carms.ca\/?s={search_term_string}"},"query-input":{"@type":"PropertyValueSpecification","valueRequired":true,"valueName":"search_term_string"}}],"inLanguage":"fr-FR"}]}},"publishpress_future_workflow_manual_trigger":{"enabledWorkflows":[]},"_links":{"self":[{"href":"https:\/\/www.carms.ca\/fr\/wp-json\/wp\/v2\/pages\/33992","targetHints":{"allow":["GET"]}}],"collection":[{"href":"https:\/\/www.carms.ca\/fr\/wp-json\/wp\/v2\/pages"}],"about":[{"href":"https:\/\/www.carms.ca\/fr\/wp-json\/wp\/v2\/types\/page"}],"author":[{"embeddable":true,"href":"https:\/\/www.carms.ca\/fr\/wp-json\/wp\/v2\/users\/5"}],"replies":[{"embeddable":true,"href":"https:\/\/www.carms.ca\/fr\/wp-json\/wp\/v2\/comments?post=33992"}],"version-history":[{"count":6,"href":"https:\/\/www.carms.ca\/fr\/wp-json\/wp\/v2\/pages\/33992\/revisions"}],"predecessor-version":[{"id":39570,"href":"https:\/\/www.carms.ca\/fr\/wp-json\/wp\/v2\/pages\/33992\/revisions\/39570"}],"up":[{"embeddable":true,"href":"https:\/\/www.carms.ca\/fr\/wp-json\/wp\/v2\/pages\/2903"}],"wp:attachment":[{"href":"https:\/\/www.carms.ca\/fr\/wp-json\/wp\/v2\/media?parent=33992"}],"curies":[{"name":"wp","href":"https:\/\/api.w.org\/{rel}","templated":true}]}}