{"id":359,"date":"2018-01-02T16:06:10","date_gmt":"2018-01-02T21:06:10","guid":{"rendered":"http:\/\/carms2017.wpengine.com\/?page_id=359"},"modified":"2024-06-10T18:41:39","modified_gmt":"2024-06-10T22:41:39","slug":"deroulement-du-jumelage","status":"publish","type":"page","link":"https:\/\/www.carms.ca\/fr\/le-jumelage\/deroulement-du-jumelage\/","title":{"rendered":"Comment \u00e7a fonctionne : l\u2019algorithme de jumelage"},"content":{"rendered":"<div class=\"wpb-content-wrapper\">[vc_row disable_element=\u00a0\u00bbyes\u00a0\u00bb][vc_column][vc_tabs orientation=\u00a0\u00bbvertical\u00a0\u00bb][vc_tab title=\u00a0\u00bbL\u2019algorithme de jumelage\u00a0\u00bb tab_id=\u00a0\u00bb1511381444-1-40&Prime;][vc_column_text css=\u00a0\u00bb.vc_custom_1543863339635{margin-bottom: 0px !important;}\u00a0\u00bb]\n<h2>L\u2019algorithme de jumelage<\/h2>\n<p>Un algorithme est un guide \u00e9tape par \u00e9tape bas\u00e9 sur les donn\u00e9es utilis\u00e9es pour r\u00e9soudre un probl\u00e8me o\u00f9 un r\u00e9sultat favorable est d\u00e9fini.<\/p>\n<p>CaRMS utilise un algorithme reconnu mondialement pour jumeler des \u00e9tudiants \u00e0 des programmes de formation postdoctorale en m\u00e9decine partout au Canadabas\u00e9 sur les d\u00e9cisions prises par les candidats et les programmes.[\/vc_column_text][\/vc_tab][vc_tab title=\u00a0\u00bbQuelle information l\u2019algorithme de jumelage utilise-t-il?\u00a0\u00bb tab_id=\u00a0\u00bb1511381444-2-91&Prime;][vc_column_text css=\u00a0\u00bb.vc_custom_1527184698270{margin-bottom: 0px !important;}\u00a0\u00bb]\n<h2>Quelle information l\u2019algorithme de jumelage utilise-t-il?<\/h2>\n<p>L\u2019algorithme de jumelage utilise deux sortes de donn\u00e9es\u00a0:<\/p>\n<ol>\n<li>Le nombre de postes disponibles, ou quota, pour chaque programme et<\/li>\n<li>Les listes de classement des candidats et des programmes.<\/li>\n<\/ol>\n<p>Pour toutes les disciplines et sous-disciplines du jumelage, les bureaux des \u00e9tudes m\u00e9dicales postdoctorales attribuent un nombre de postes disponibles (quota) \u00e0 chaque programme participant.<\/p>\n<p>Les listes de classement sont soumises par les candidats et les programmes via la plateforme CaRMS en ligne. Les listes de classement des candidats indiquent, en ordre de pr\u00e9f\u00e9rence, les programmes\u00a0o\u00f9 chaque candidat aimerait \u00eatre form\u00e9. Les listes de classement des programmes indiquent, en ordre de pr\u00e9f\u00e9rence, les candidats que chaque programme aimerait former. Ces listes sont les facteurs d\u00e9cisionnels du jumelage.[\/vc_column_text][\/vc_tab][vc_tab title=\u00a0\u00bbComment fonctionne l\u2019algorithme de jumelage?\u00a0\u00bb tab_id=\u00a0\u00bb1511893176693-3-3&Prime;][vc_column_text css=\u00a0\u00bb.vc_custom_1514927333841{margin-bottom: 0px !important;}\u00a0\u00bb]\n<h2>Comment fonctionne l\u2019algorithme de jumelage?<\/h2>\n<p>L\u2019algorithme du jumelage de CaRMS compare les listes de classement soumises par les candidats et les programmes selon les pr\u00e9f\u00e9rences indiqu\u00e9es par les deux parties\u00a0:[\/vc_column_text][mk_custom_list style=\u00a0\u00bbmk-icon-check-circle-o\u00a0\u00bb]\n<ul>\n<li>Les listes de classement soumises par les candidats indiquent, par ordre de pr\u00e9f\u00e9rence, les programmes auxquels le candidat aimerait \u00eatre form\u00e9.<\/li>\n<li>Les listes de classement soumises par les programmes indiquent, par ordre de pr\u00e9f\u00e9rence, les candidats que le programme d\u00e9sire former.<\/li>\n<li>Les pr\u00e9f\u00e9rences finales des candidats et des programmes, comme indiqu\u00e9es par leurs listes de classement, d\u00e9terminent le r\u00e9sultat du jumelage.<\/li>\n<\/ul>\n[\/mk_custom_list][vc_row_inner attached=\u00a0\u00bbtrue\u00a0\u00bb css=\u00a0\u00bb.vc_custom_1511996135885{padding-right: 150px !important;padding-left: 150px !important;}\u00a0\u00bb el_class=\u00a0\u00bbno-mobile-padding\u00a0\u00bb][vc_column_inner width=\u00a0\u00bb1\/3&Prime;][mk_icon_box2 icon_size=\u00a0\u00bb64&Prime; icon=\u00a0\u00bbmk-moon-numbered-list\u00a0\u00bb icon_color=\u00a0\u00bb#70b943&Prime; title=\u00a0\u00bbListe de classement du candidat\u00a0\u00bb el_class=\u00a0\u00bbgreen-icon\u00a0\u00bb][\/mk_icon_box2][\/vc_column_inner][vc_column_inner width=\u00a0\u00bb1\/3&Prime; css=\u00a0\u00bb.vc_custom_1511995796718{margin-top: 35px !important;}\u00a0\u00bb][mk_font_icons icon=\u00a0\u00bbmk-icon-plus\u00a0\u00bb size=\u00a0\u00bbmedium\u00a0\u00bb align=\u00a0\u00bbcenter\u00a0\u00bb][\/vc_column_inner][vc_column_inner width=\u00a0\u00bb1\/3&Prime;][mk_icon_box2 icon_size=\u00a0\u00bb64&Prime; icon=\u00a0\u00bbmk-moon-numbered-list\u00a0\u00bb icon_color=\u00a0\u00bb#81d742&Prime; title=\u00a0\u00bbListe de classement du programme\u00a0\u00bb el_class=\u00a0\u00bbgreen-icon\u00a0\u00bb][\/mk_icon_box2][\/vc_column_inner][\/vc_row_inner][vc_separator][mk_icon_box2 icon_size=\u00a0\u00bb64&Prime; icon=\u00a0\u00bbmk-moon-trophy-2&Prime; title=\u00a0\u00bbR\u00e9sultats du jumelage\u00a0\u00bb el_class=\u00a0\u00bbyellow-icon\u00a0\u00bb][\/mk_icon_box2][vc_column_text css=\u00a0\u00bb.vc_custom_1526577000349{margin-bottom: 0px !important;}\u00a0\u00bb]L\u2019algorithme propose aux candidats d\u2019abord\u00a0: il tente de placer le candidat dans le programme qu\u2019il ou elle pr\u00e9f\u00e8re. Ainsi, l\u2019algorithme fournit au candidat le meilleur r\u00e9sultat possible selon la liste de classement soumise. \u00c0 la fin du processus de jumelage, soit que chaque candidat ait \u00e9t\u00e9 jumel\u00e9 au meilleur choix pr\u00e9f\u00e9r\u00e9 possible selon la liste de classement ou bien tous les choix soumis ont \u00e9t\u00e9 \u00e9puis\u00e9s et le candidat n\u2019a pas \u00e9t\u00e9 jumel\u00e9.<\/p>\n<h2>L\u2019algorithme en action : sc\u00e9nario de jumelage d\u00e9taill\u00e9<\/h2>\n<p><strong>Les listes de classement des candidats<\/strong><\/p>\n<p>Huit personnes postulent \u00e0 quatre programmes. Apr\u00e8s avoir examin\u00e9 l\u2019int\u00e9r\u00eat relatif de chaque programme, les candidats soumettent \u00e0 CaRMS les listes de classement suivantes :<\/p>\n<div style=\"overflow-x: auto;\">\n<table>\n<tbody>\n<tr>\n<th>Anderson<\/th>\n<th>Beaudry<\/th>\n<th>Chen<\/th>\n<th>Davis<\/th>\n<th>Eastman<\/th>\n<th>Feldman<\/th>\n<th>Garcia<\/th>\n<th>Hassan<\/th>\n<\/tr>\n<tr>\n<td>1. City<\/td>\n<td>1. City<\/td>\n<td>1. City<\/td>\n<td>1. Mercy<\/td>\n<td>1. City<\/td>\n<td>1. City<\/td>\n<td>1. City<\/td>\n<td>1. State<\/td>\n<\/tr>\n<tr>\n<td><\/td>\n<td>2. Mercy<\/td>\n<td>2. Mercy<\/td>\n<td>2. City<\/td>\n<td>2. Mercy<\/td>\n<td>2. General<\/td>\n<td>2. Mercy<\/td>\n<td>2. City<\/td>\n<\/tr>\n<tr>\n<td><\/td>\n<td><\/td>\n<td><\/td>\n<td>3. General<\/td>\n<td>3. State<\/td>\n<td>3. Mercy<\/td>\n<td>3. State<\/td>\n<td>3. Mercy<\/td>\n<\/tr>\n<tr>\n<td><\/td>\n<td><\/td>\n<td><\/td>\n<td>4. State<\/td>\n<td>4. General<\/td>\n<td>4. State<\/td>\n<td>4. General<\/td>\n<td>4. General<\/td>\n<\/tr>\n<\/tbody>\n<\/table>\n<\/div>\n<ul>\n<li><strong>Le candidat Anderson<\/strong> ne fait qu\u2019un seul choix (City) parce qu\u2019il a l\u2019impression qu\u2019il serait class\u00e9 tr\u00e8s haut selon des remarques faites par le directeur du programme et parce qu\u2019il avait \u00e0 son tour assur\u00e9 le directeur qu\u2019il classerait City au premier rang. Il est acceptable pour des programmes d\u2019exprimer un niveau d\u2019int\u00e9r\u00eat \u00e9lev\u00e9 envers un candidat afin de les recruter dans leur programme et pour les candidats de dire qu\u2019ils pr\u00e9f\u00e8rent un programme plut\u00f4t qu\u2019un autre. Cependant, ces expressions ne devraient pas \u00eatre consid\u00e9r\u00e9es comme des engagements.<\/li>\n<li><strong>Le candidat Beaudry<\/strong> ne classe que les deux programmes convoit\u00e9s par tous les autres candidats : Mercy et City. En tant que laur\u00e9at d\u2019un prix sp\u00e9cial pendant sa troisi\u00e8me ann\u00e9e d\u2019\u00e9tude, il croit qu\u2019il est le candidat le plus recherch\u00e9. Cependant, il n\u2019a pas \u00e9t\u00e9 assur\u00e9 d\u2019un jumelage dans l\u2019un ou l\u2019autre des programmes. Les candidats devraient consid\u00e9rer le classement de tous les programmes qu\u2019ils seraient dispos\u00e9s \u00e0 suivre afin de r\u00e9duire le risque de ne pas \u00eatre jumel\u00e9s.<\/li>\n<li><strong>La candidate Chen<\/strong> classe City, qu\u2019elle pr\u00e9f\u00e8re, et Mercy. En t\u00eate de classe en troisi\u00e8me ann\u00e9e, elle sait qu\u2019elle est une candidate souhait\u00e9e et le directeur du programme \u00e0 Mercy l\u2019a assur\u00e9e qu\u2019elle sera class\u00e9e au premier rang. Bien qu\u2019elle ait \u00e9t\u00e9 assur\u00e9e d\u2019un haut classement chez Mercy, elle pr\u00e9f\u00e8re City et sait qu\u2019elle ne compromet pas son offre chez Mercy m\u00eame si elle la classe plus bas que City.<\/li>\n<li><strong>La candidate Feldman<\/strong> aimerait \u00eatre choisi par State, o\u00f9 elle a eu un bon stage clinique, et croit qu\u2019elle sera bien class\u00e9e sur leur liste. M\u00eame si elle ne croit pas avoir une bonne chance, elle pr\u00e9f\u00e8re City, General ou Mercy : elle les classe donc plus haut que State. Elle utilise le jumelage au meilleur de son avantage.<\/li>\n<li><strong>Le candidat Hassan<\/strong> croit \u00e9galement qu\u2019il pourra obtenir un poste \u00e0 State, mais pr\u00e9f\u00e8re les autres programmes. Il classe State au premier rang, car il a peur que State choisisse d\u2019autres candidats pour pourvoir les postes s\u2019il ne la place pas en t\u00eate de liste. Les candidats devraient classer les programmes en ordre de pr\u00e9f\u00e9rence. Leurs choix ne devraient pas \u00eatre influenc\u00e9s par des suppositions qu\u2019un programme les classe en bonne ou mauvaise position ou ne les classe pas du tout. Le rang d\u2019un programme sur la liste d\u2019un candidat n\u2019aura aucune incidence sur la position du candidat sur la liste de classement du programme par rapport aux autres candidats qui ont postul\u00e9 \u00e0 ce m\u00eame programme. Pendant le processus de jumelage, un candidat est plac\u00e9 dans le programme privil\u00e9gi\u00e9 qui classe le candidat et qui ne pourvoit pas tous ses postes avec des candidats pr\u00e9f\u00e9r\u00e9s. La premi\u00e8re position sur la liste de classement devrait donc \u00eatre le choix privil\u00e9gi\u00e9 du candidat.<\/li>\n<li><strong>Les candidats Davis, Eastman et Garcia<\/strong> ont eu des entrevues pour les m\u00eames programmes. Comme les autres candidats, ils esp\u00e8rent obtenir un poste \u00e0 City ou Mercy et classent ces programmes en premi\u00e8re ou deuxi\u00e8me place selon leur pr\u00e9f\u00e9rence. Toutefois, puisqu\u2019ils ne sont pas assur\u00e9s d\u2019\u00eatre jumel\u00e9s avec un de ces postes, ils s\u00e9lectionnent \u00e9galement State et General mais en position inf\u00e9rieure sur leur liste de classement. Ils exploitent bien le jumelage.<\/li>\n<\/ul>\n<p><strong>Sommaire des lignes directrices pour la pr\u00e9paration des listes de classement des candidats<\/strong><\/p>\n<ol>\n<li>Les candidats devraient classer, par ordre de priorit\u00e9, les programmes qui repr\u00e9sentent leurs pr\u00e9f\u00e9rences.<\/li>\n<li>La comp\u00e9titivit\u00e9 de la sp\u00e9cialit\u00e9, la concurrence pour les programmes sp\u00e9cifiques class\u00e9s et les qualifications du candidat sont des facteurs \u00e0 prendre en consid\u00e9ration pour d\u00e9terminer le nombre de programmes \u00e0 classer.<\/li>\n<li>Les candidats devraient classer tous les programmes qui les int\u00e9ressent, c\u2019est-\u00e0-dire les programmes o\u00f9 ils aimeraient faire leur formation en r\u00e9sidence. R\u00e9ciproquement, si un candidat consid\u00e8re certains programmes inacceptables et ne d\u00e9sire pas recevoir d\u2019offres de ces programmes, ceux-ci ne devraient pas \u00eatre class\u00e9s.<\/li>\n<\/ol>\n<p><strong>Les listes de classement des programmes<\/strong><\/p>\n<p>Il y a deux postes de r\u00e9sidence offerts dans chaque programme. Les quatre programmes, ayant d\u00e9termin\u00e9 leur pr\u00e9f\u00e9rence pour les huit candidats, soumettent \u00e9galement des listes de classement \u00e0 CaRMS.<\/p>\n<div style=\"overflow-x: auto;\">\n<table>\n<tbody>\n<tr>\n<th>Mercy<\/th>\n<th>City<\/th>\n<th>General<\/th>\n<th>State<\/th>\n<\/tr>\n<tr>\n<td>1. Chen<\/td>\n<td>1. Garcia<\/td>\n<td>1. Beaudry<\/td>\n<td>1. Beaudry<\/td>\n<\/tr>\n<tr>\n<td>2. Garcia<\/td>\n<td>2. Hassan<\/td>\n<td>2. Eastman<\/td>\n<td>2. Eastman<\/td>\n<\/tr>\n<tr>\n<td><\/td>\n<td>3. Eastman<\/td>\n<td>3. Hassan<\/td>\n<td>3. Anderson<\/td>\n<\/tr>\n<tr>\n<td><\/td>\n<td>4. Anderson<\/td>\n<td>4. Anderson<\/td>\n<td>4. Chen<\/td>\n<\/tr>\n<tr>\n<td><\/td>\n<td>5. Beaudry<\/td>\n<td>5. Chen<\/td>\n<td>5. Hassan<\/td>\n<\/tr>\n<tr>\n<td><\/td>\n<td>6. Chen<\/td>\n<td>6. Davis<\/td>\n<td>6. Feldman<\/td>\n<\/tr>\n<tr>\n<td><\/td>\n<td>7. Davis<\/td>\n<td>7. Garcia<\/td>\n<td>7. Davis<\/td>\n<\/tr>\n<tr>\n<td><\/td>\n<td>8. Feldman<\/td>\n<td><\/td>\n<td>8. Garcia<\/td>\n<\/tr>\n<\/tbody>\n<\/table>\n<\/div>\n<p>Le directeur de programme \u00e0 l\u2019h\u00f4pital Mercy ne classe que deux candidats, Chen et Garcia, pour ses deux postes disponibles, malgr\u00e9 le fait que plusieurs autres candidats sont acceptables. En ne classant que deux candidats, il risque de se retrouver avec des postes vacants. Les programmes devraient classer tous les candidats qu\u2019ils sont dispos\u00e9s \u00e0 former.<\/p>\n<p>Le directeur de programme \u00e0 State croit que son programme n\u2019est pas le plus souhaitable pour la plupart des candidats mais qu\u2019il a une bonne chance de jumeler Feldman et Hassan. Plut\u00f4t que de classer ces deux candidats en t\u00eate de liste, il place les meilleurs candidats en position sup\u00e9rieure. Il classe \u00e9galement tous les candidats admissibles \u00e0 son programme. Il exploite bien le jumelage.<\/p>\n<p>Les directeurs de programmes \u00e0 City et General ont d\u00e9j\u00e0 particip\u00e9 au processus de jumelage. Ils incluent tous les candidats admissibles sur leur liste de classement en ordre de pr\u00e9f\u00e9rence. Ces directeurs ne sont pas pr\u00e9occup\u00e9s de pourvoir leurs postes vacants avec les candidats des deux premi\u00e8res places. Ils pr\u00e9f\u00e8rent tenter de recruter les candidats les plus forts, les plus souhaitables. Ils exploitent le jumelage au meilleur de leur avantage.<\/p>\n<p>La liste de classement de chaque candidat est parcourue \u00ab de haut en bas \u00bb, du programme le plus pr\u00e9f\u00e9r\u00e9 au moins pr\u00e9f\u00e9r\u00e9, jusqu\u2019\u00e0 ce qu\u2019on atteigne le premier programme avec lequel le candidat peut \u00eatre provisoirement jumel\u00e9 ou jusqu\u2019\u00e0 ce que la liste de choix soit \u00e9puis\u00e9e. Chaque programme accepte les candidats \u00ab de bas en haut \u00bb selon leur liste de classement, en \u00e9liminant continuellement les jumelages les moins d\u00e9sir\u00e9s en faveur des candidats pr\u00e9f\u00e9r\u00e9s, jusqu\u2019\u00e0 ce que le programme soit jumel\u00e9 avec le candidat pr\u00e9f\u00e9r\u00e9 qui d\u00e9sire \u00eatre jumel\u00e9 avec le programme.<\/p>\n<div style=\"overflow-x: auto;\">\n<table>\n<tbody>\n<tr>\n<th>Anderson<\/th>\n<th>Beaudry<\/th>\n<th>Chen<\/th>\n<th>Davis<\/th>\n<th>Eastman<\/th>\n<th>Feldman<\/th>\n<th>Garcia<\/th>\n<th>Hassan<\/th>\n<\/tr>\n<tr>\n<td>Non jumel\u00e9<\/td>\n<td>Non jumel\u00e9<\/td>\n<td>Jumel\u00e9 \u00e0 Mercy<\/td>\n<td>Jumel\u00e9 \u00e0 General<\/td>\n<td>Jumel\u00e9 \u00e0 City<\/td>\n<td>Jumel\u00e9 \u00e0 State<\/td>\n<td>Jumel\u00e9 \u00e0 City<\/td>\n<td>Jumel\u00e9 \u00e0 State<\/td>\n<\/tr>\n<\/tbody>\n<\/table>\n<\/div>\n<p>\u00c0 la fin du processus de jumelage, soit que chaque candidat ait \u00e9t\u00e9 jumel\u00e9 avec le meilleur choix pr\u00e9f\u00e9r\u00e9 possible ou bien tous les choix soumis par le candidat ont \u00e9t\u00e9 \u00e9puis\u00e9s.<\/p>\n<p>Les r\u00e9sultats de jumelage des candidats d\u00e9montrent qu\u2019Anderson et Beaudry n\u2019ont pas \u00e9t\u00e9 jumel\u00e9s puisqu\u2019ils ont soumis peu de choix. Le candidat Hassan aurait pu \u00eatre jumel\u00e9 avec City s\u2019il avait class\u00e9 ses choix par ordre de pr\u00e9f\u00e9rence.<\/p>\n<p>Les r\u00e9sultats du jumelage des programmes d\u00e9montrent que Mercy, qui n\u2019avait class\u00e9 que deux candidats, et General, qui avait class\u00e9 sept des huit candidats, ont des postes vacants. General aurait pu \u00eatre jumel\u00e9 avec Feldman, qui avait class\u00e9 General en deuxi\u00e8me place, s\u2019ils avaient eux-m\u00eames class\u00e9 Feldman.[\/vc_column_text][\/vc_tab][\/vc_tabs][\/vc_column][\/vc_row][vc_row disable_element=\u00a0\u00bbyes\u00a0\u00bb][vc_column][vc_video link=\u00a0\u00bbhttps:\/\/youtu.be\/j9SjgAPcrXs\u00a0\u00bb custom_thumbnail=\u00a0\u00bbtrue\u00a0\u00bb play_icon=\u00a0\u00bbmk-icon-youtube-play\u00a0\u00bb play_icon_size=\u00a0\u00bb128&Prime; play_icon_color=\u00a0\u00bb#333333&Prime; play_target=\u00a0\u00bbsame\u00a0\u00bb thumbnail_image=\u00a0\u00bb11949&Prime;][\/vc_column][\/vc_row][vc_row][vc_column][vc_column_text css=\u00a0\u00bb.vc_custom_1600276739627{margin-bottom: 0px !important;}\u00a0\u00bb]<iframe loading=\"lazy\" src=\"https:\/\/www.youtube.com\/embed\/j9SjgAPcrXs?rel=0\" width=\"560\" height=\"315\" frameborder=\"0\" allowfullscreen=\"allowfullscreen\"><\/iframe>[\/vc_column_text][\/vc_column][\/vc_row][vc_row][vc_column][mk_padding_divider][\/vc_column][\/vc_row][vc_row][vc_column][mk_padding_divider][vc_column_text css=\u00a0\u00bb.vc_custom_1546619993605{margin-bottom: 0px !important;}\u00a0\u00bb]\n<h2 style=\"text-align: center;\">Avez-vous des questions concernant l&rsquo;algorithme? Nous avons les r\u00e9ponses.<\/h2>\n[\/vc_column_text][mk_padding_divider][\/vc_column][\/vc_row][vc_row][vc_column][mk_gallery images=\u00a0\u00bb11742,11744,11852,11987&Prime; custom_links=\u00a0\u00bbhttps:\/\/carms.ca\/fr\/le-jumelage\/deroulement-du-jumelage\/comment-fonctionne\/,https:\/\/carms.ca\/fr\/le-jumelage\/deroulement-du-jumelage\/strategies,https:\/\/carms.ca\/fr\/le-jumelage\/deroulement-du-jumelage\/jumelage-de-couples\/,https:\/\/carms.ca\/fr\/le-jumelage\/deroulement-du-jumelage\/que-se-passe-t-il-si\/\u00a0\u00bb column=\u00a0\u00bb4&Prime; image_size=\u00a0\u00bbfull\u00a0\u00bb disable_title=\u00a0\u00bbtrue\u00a0\u00bb][\/vc_column][\/vc_row]\n<\/div>","protected":false},"excerpt":{"rendered":"<p>[vc_row disable_element=\u00a0\u00bbyes\u00a0\u00bb][vc_column][vc_tabs orientation=\u00a0\u00bbvertical\u00a0\u00bb][vc_tab title=\u00a0\u00bbL\u2019algorithme de jumelage\u00a0\u00bb tab_id=\u00a0\u00bb1511381444-1-40&Prime;][vc_column_text css=\u00a0\u00bb.vc_custom_1543863339635{margin-bottom: 0px !important;}\u00a0\u00bb] L\u2019algorithme de jumelage Un algorithme est un guide \u00e9tape par \u00e9tape bas\u00e9 sur les donn\u00e9es utilis\u00e9es pour r\u00e9soudre un probl\u00e8me o\u00f9 un r\u00e9sultat favorable est d\u00e9fini. CaRMS utilise un algorithme reconnu mondialement pour jumeler des \u00e9tudiants \u00e0 des programmes de formation postdoctorale en m\u00e9decine partout [&hellip;]<\/p>\n","protected":false},"author":5,"featured_media":0,"parent":298,"menu_order":0,"comment_status":"closed","ping_status":"closed","template":"","meta":{"_acf_changed":false,"footnotes":""},"class_list":["post-359","page","type-page","status-publish","hentry"],"acf":{"subtitle":"<p>CaRMS utilise ses syst\u00e8mes, ses connaissances, son expertise et l\u2019algorithme du jumelage pour jumeler des \u00e9tudiants \u00e0 des programmes de formation postdoctorale en m\u00e9decine \u00e0 travers le Canada.<\/p>\n","parent":""},"yoast_head":"<!-- This site is optimized with the Yoast SEO plugin v27.3 - https:\/\/yoast.com\/product\/yoast-seo-wordpress\/ -->\n<title>Comment \u00e7a fonctionne : l\u2019algorithme de jumelage - CaRMS<\/title>\n<meta name=\"robots\" content=\"index, follow, max-snippet:-1, max-image-preview:large, max-video-preview:-1\" \/>\n<link rel=\"canonical\" href=\"https:\/\/www.carms.ca\/fr\/le-jumelage\/deroulement-du-jumelage\/\" \/>\n<meta property=\"og:locale\" content=\"fr_FR\" \/>\n<meta property=\"og:type\" content=\"article\" \/>\n<meta property=\"og:title\" content=\"Comment \u00e7a fonctionne : l\u2019algorithme de jumelage - CaRMS\" \/>\n<meta property=\"og:description\" content=\"[vc_row disable_element=\u00a0\u00bbyes\u00a0\u00bb][vc_column][vc_tabs orientation=\u00a0\u00bbvertical\u00a0\u00bb][vc_tab title=\u00a0\u00bbL\u2019algorithme de jumelage\u00a0\u00bb tab_id=\u00a0\u00bb1511381444-1-40&Prime;][vc_column_text css=\u00a0\u00bb.vc_custom_1543863339635{margin-bottom: 0px !important;}\u00a0\u00bb] L\u2019algorithme de jumelage Un algorithme est un guide \u00e9tape par \u00e9tape bas\u00e9 sur les donn\u00e9es utilis\u00e9es pour r\u00e9soudre un probl\u00e8me o\u00f9 un r\u00e9sultat favorable est d\u00e9fini. CaRMS utilise un algorithme reconnu mondialement pour jumeler des \u00e9tudiants \u00e0 des programmes de formation postdoctorale en m\u00e9decine partout [&hellip;]\" \/>\n<meta property=\"og:url\" content=\"https:\/\/www.carms.ca\/fr\/le-jumelage\/deroulement-du-jumelage\/\" \/>\n<meta property=\"og:site_name\" content=\"CaRMS\" \/>\n<meta property=\"article:modified_time\" content=\"2024-06-10T22:41:39+00:00\" \/>\n<meta name=\"twitter:card\" content=\"summary_large_image\" \/>\n<meta name=\"twitter:label1\" content=\"Dur\u00e9e de lecture estim\u00e9e\" \/>\n\t<meta name=\"twitter:data1\" content=\"9 minutes\" \/>\n<script type=\"application\/ld+json\" class=\"yoast-schema-graph\">{\"@context\":\"https:\\\/\\\/schema.org\",\"@graph\":[{\"@type\":\"WebPage\",\"@id\":\"https:\\\/\\\/www.carms.ca\\\/fr\\\/le-jumelage\\\/deroulement-du-jumelage\\\/\",\"url\":\"https:\\\/\\\/www.carms.ca\\\/fr\\\/le-jumelage\\\/deroulement-du-jumelage\\\/\",\"name\":\"Comment \u00e7a fonctionne : l\u2019algorithme de jumelage - CaRMS\",\"isPartOf\":{\"@id\":\"https:\\\/\\\/www.carms.ca\\\/#website\"},\"datePublished\":\"2018-01-02T21:06:10+00:00\",\"dateModified\":\"2024-06-10T22:41:39+00:00\",\"breadcrumb\":{\"@id\":\"https:\\\/\\\/www.carms.ca\\\/fr\\\/le-jumelage\\\/deroulement-du-jumelage\\\/#breadcrumb\"},\"inLanguage\":\"fr-FR\",\"potentialAction\":[{\"@type\":\"ReadAction\",\"target\":[\"https:\\\/\\\/www.carms.ca\\\/fr\\\/le-jumelage\\\/deroulement-du-jumelage\\\/\"]}]},{\"@type\":\"BreadcrumbList\",\"@id\":\"https:\\\/\\\/www.carms.ca\\\/fr\\\/le-jumelage\\\/deroulement-du-jumelage\\\/#breadcrumb\",\"itemListElement\":[{\"@type\":\"ListItem\",\"position\":1,\"name\":\"Accueil\",\"item\":\"https:\\\/\\\/www.carms.ca\\\/fr\\\/\"},{\"@type\":\"ListItem\",\"position\":2,\"name\":\"Le jumelage\",\"item\":\"https:\\\/\\\/www.carms.ca\\\/fr\\\/le-jumelage\\\/\"},{\"@type\":\"ListItem\",\"position\":3,\"name\":\"Comment \u00e7a fonctionne : l\u2019algorithme de jumelage\"}]},{\"@type\":\"WebSite\",\"@id\":\"https:\\\/\\\/www.carms.ca\\\/#website\",\"url\":\"https:\\\/\\\/www.carms.ca\\\/\",\"name\":\"CaRMS\",\"description\":\"\",\"potentialAction\":[{\"@type\":\"SearchAction\",\"target\":{\"@type\":\"EntryPoint\",\"urlTemplate\":\"https:\\\/\\\/www.carms.ca\\\/?s={search_term_string}\"},\"query-input\":{\"@type\":\"PropertyValueSpecification\",\"valueRequired\":true,\"valueName\":\"search_term_string\"}}],\"inLanguage\":\"fr-FR\"}]}<\/script>\n<!-- \/ Yoast SEO plugin. -->","yoast_head_json":{"title":"Comment \u00e7a fonctionne : l\u2019algorithme de jumelage - CaRMS","robots":{"index":"index","follow":"follow","max-snippet":"max-snippet:-1","max-image-preview":"max-image-preview:large","max-video-preview":"max-video-preview:-1"},"canonical":"https:\/\/www.carms.ca\/fr\/le-jumelage\/deroulement-du-jumelage\/","og_locale":"fr_FR","og_type":"article","og_title":"Comment \u00e7a fonctionne : l\u2019algorithme de jumelage - CaRMS","og_description":"[vc_row disable_element=\u00a0\u00bbyes\u00a0\u00bb][vc_column][vc_tabs orientation=\u00a0\u00bbvertical\u00a0\u00bb][vc_tab title=\u00a0\u00bbL\u2019algorithme de jumelage\u00a0\u00bb tab_id=\u00a0\u00bb1511381444-1-40&Prime;][vc_column_text css=\u00a0\u00bb.vc_custom_1543863339635{margin-bottom: 0px !important;}\u00a0\u00bb] L\u2019algorithme de jumelage Un algorithme est un guide \u00e9tape par \u00e9tape bas\u00e9 sur les donn\u00e9es utilis\u00e9es pour r\u00e9soudre un probl\u00e8me o\u00f9 un r\u00e9sultat favorable est d\u00e9fini. CaRMS utilise un algorithme reconnu mondialement pour jumeler des \u00e9tudiants \u00e0 des programmes de formation postdoctorale en m\u00e9decine partout [&hellip;]","og_url":"https:\/\/www.carms.ca\/fr\/le-jumelage\/deroulement-du-jumelage\/","og_site_name":"CaRMS","article_modified_time":"2024-06-10T22:41:39+00:00","twitter_card":"summary_large_image","twitter_misc":{"Dur\u00e9e de lecture estim\u00e9e":"9 minutes"},"schema":{"@context":"https:\/\/schema.org","@graph":[{"@type":"WebPage","@id":"https:\/\/www.carms.ca\/fr\/le-jumelage\/deroulement-du-jumelage\/","url":"https:\/\/www.carms.ca\/fr\/le-jumelage\/deroulement-du-jumelage\/","name":"Comment \u00e7a fonctionne : l\u2019algorithme de jumelage - CaRMS","isPartOf":{"@id":"https:\/\/www.carms.ca\/#website"},"datePublished":"2018-01-02T21:06:10+00:00","dateModified":"2024-06-10T22:41:39+00:00","breadcrumb":{"@id":"https:\/\/www.carms.ca\/fr\/le-jumelage\/deroulement-du-jumelage\/#breadcrumb"},"inLanguage":"fr-FR","potentialAction":[{"@type":"ReadAction","target":["https:\/\/www.carms.ca\/fr\/le-jumelage\/deroulement-du-jumelage\/"]}]},{"@type":"BreadcrumbList","@id":"https:\/\/www.carms.ca\/fr\/le-jumelage\/deroulement-du-jumelage\/#breadcrumb","itemListElement":[{"@type":"ListItem","position":1,"name":"Accueil","item":"https:\/\/www.carms.ca\/fr\/"},{"@type":"ListItem","position":2,"name":"Le jumelage","item":"https:\/\/www.carms.ca\/fr\/le-jumelage\/"},{"@type":"ListItem","position":3,"name":"Comment \u00e7a fonctionne : l\u2019algorithme de jumelage"}]},{"@type":"WebSite","@id":"https:\/\/www.carms.ca\/#website","url":"https:\/\/www.carms.ca\/","name":"CaRMS","description":"","potentialAction":[{"@type":"SearchAction","target":{"@type":"EntryPoint","urlTemplate":"https:\/\/www.carms.ca\/?s={search_term_string}"},"query-input":{"@type":"PropertyValueSpecification","valueRequired":true,"valueName":"search_term_string"}}],"inLanguage":"fr-FR"}]}},"publishpress_future_workflow_manual_trigger":{"enabledWorkflows":[]},"_links":{"self":[{"href":"https:\/\/www.carms.ca\/fr\/wp-json\/wp\/v2\/pages\/359","targetHints":{"allow":["GET"]}}],"collection":[{"href":"https:\/\/www.carms.ca\/fr\/wp-json\/wp\/v2\/pages"}],"about":[{"href":"https:\/\/www.carms.ca\/fr\/wp-json\/wp\/v2\/types\/page"}],"author":[{"embeddable":true,"href":"https:\/\/www.carms.ca\/fr\/wp-json\/wp\/v2\/users\/5"}],"replies":[{"embeddable":true,"href":"https:\/\/www.carms.ca\/fr\/wp-json\/wp\/v2\/comments?post=359"}],"version-history":[{"count":14,"href":"https:\/\/www.carms.ca\/fr\/wp-json\/wp\/v2\/pages\/359\/revisions"}],"predecessor-version":[{"id":42433,"href":"https:\/\/www.carms.ca\/fr\/wp-json\/wp\/v2\/pages\/359\/revisions\/42433"}],"up":[{"embeddable":true,"href":"https:\/\/www.carms.ca\/fr\/wp-json\/wp\/v2\/pages\/298"}],"wp:attachment":[{"href":"https:\/\/www.carms.ca\/fr\/wp-json\/wp\/v2\/media?parent=359"}],"curies":[{"name":"wp","href":"https:\/\/api.w.org\/{rel}","templated":true}]}}