{"id":36559,"date":"2023-03-30T08:08:08","date_gmt":"2023-03-30T12:08:08","guid":{"rendered":"https:\/\/www.carms.ca\/?page_id=36559"},"modified":"2023-09-12T11:55:30","modified_gmt":"2023-09-12T15:55:30","slug":"donnees-sur-la-diversite","status":"publish","type":"page","link":"https:\/\/www.carms.ca\/fr\/donnees-et-rapports\/donnees-et-rapports-du-jumelage-r-1\/donnees-sur-la-diversite\/","title":{"rendered":"Donn\u00e9es sur la diversit\u00e9"},"content":{"rendered":"<div class=\"wpb-content-wrapper\">[vc_row disable_element=\u00a0\u00bbyes\u00a0\u00bb][vc_column][vc_column_text css=\u00a0\u00bb.vc_custom_1679671448978{margin-bottom: 0px !important;}\u00a0\u00bb]Le questionnaire de d\u00e9claration volontaire de CaRMS (QDVC), introduit lors du jumelage principal R-1 de 2022, invite les candidats \u00e0 partager de l\u2019information sur la fa\u00e7on dont ils s\u2019identifient dans plusieurs domaines, dans le but de recueillir des donn\u00e9es \u00e0 propos de la composition du bassin de candidats.<\/p>\n<p>Lors du d\u00e9veloppement du contenu de la version b\u00eata du QDVC, CaRMS a eu des consultations avec nos clients et les experts du Centre canadien pour la diversit\u00e9 et l\u2019inclusion, ainsi que le groupe de travail des intervenants incluant des repr\u00e9sentants de la F\u00e9d\u00e9ration des \u00e9tudiants et des \u00e9tudiantes en m\u00e9decine du Canada (FEMC), la F\u00e9d\u00e9ration m\u00e9dicale \u00e9tudiante du Qu\u00e9bec (FMEQ), M\u00e9decins r\u00e9sidents du Canada (MRC), la F\u00e9d\u00e9ration des m\u00e9decins r\u00e9sidents du Qu\u00e9bec (FMRQ), les doyens des \u00e9tudes m\u00e9dicales postdoctorales et les leaders du premier cycle et des affaires \u00e9tudiantes et des repr\u00e9sentants de l\u2019Association canadienne des \u00e9tudiants noirs en m\u00e9decine (BMSAC), l\u2019Association des \u00e9tudiants en m\u00e9decine autochtones du Canada (IMSAC) et l\u2019Association canadienne des m\u00e9decins handicap\u00e9s (CAPD). Nous continuons de solliciter et d\u2019accueillir des contributions de la part de la collectivit\u00e9 alors que nous mettons l\u2019accent sur l\u2019\u00e9volution du QDVC afin de r\u00e9pondre aux besoins de la collectivit\u00e9 et tenir compte des pratiques exemplaires \u00e9mergentes.<\/p>\n<p>Le taux de r\u00e9ponse lors de cette premi\u00e8re ronde de collecte des donn\u00e9es du QDVC n\u2019\u00e9tait pas suffisant pour tirer des inf\u00e9rences ou des conclusions concernant le bassin de candidats dans son ensemble. Cet ensemble restreint de donn\u00e9es initial est partag\u00e9 par souci de transparence et d\u2019am\u00e9lioration continue, pour alimenter les conversations en cours \u00e0 propos de plusieurs aspects de la diversit\u00e9 et pour saisir et partager de l\u2019information exacte, fiable et significative de la meilleure mani\u00e8re possible. Cette publication des donn\u00e9es initiales repr\u00e9sente un premier progr\u00e8s sur le parcours vers la compr\u00e9hension des processus et r\u00e9sultats du jumelage actuels par rapport \u00e0 l\u2019\u00e9quit\u00e9, la diversit\u00e9 et l\u2019inclusion, et en fin de compte, aider la collectivit\u00e9 \u00e0 fixer des objectifs et mesurer le progr\u00e8s dans ce domaine vital.<\/p>\n<p><strong>Les donn\u00e9es du QDVC du jumelage\u00a0R-1 de 2023 seront partag\u00e9es lors du Forum de CaRMS au printemps\u00a02023. <\/strong>[\/vc_column_text][\/vc_column][\/vc_row][vc_row][vc_column][vc_column_text css=\u00a0\u00bb.vc_custom_1690204446961{margin-bottom: 0px !important;}\u00a0\u00bb]Le questionnaire de d\u00e9claration volontaire de CaRMS (QDVC), introduit lors du jumelage principal R-1 de 2022, invite les candidats \u00e0 partager de l\u2019information sur la fa\u00e7on dont ils s\u2019identifient dans plusieurs domaines, dans le but de recueillir des donn\u00e9es \u00e0 propos de la composition du bassin de candidats.<\/p>\n<p>Lors du d\u00e9veloppement du contenu du QDVC, CaRMS a eu des consultations avec nos clients et les experts du Centre canadien pour la diversit\u00e9 et l\u2019inclusion, ainsi que le groupe de travail des intervenants incluant des repr\u00e9sentants de la F\u00e9d\u00e9ration des \u00e9tudiants et des \u00e9tudiantes en m\u00e9decine du Canada (FEMC), la F\u00e9d\u00e9ration m\u00e9dicale \u00e9tudiante du Qu\u00e9bec (FMEQ), M\u00e9decins r\u00e9sidents du Canada (MRC), la F\u00e9d\u00e9ration des m\u00e9decins r\u00e9sidents du Qu\u00e9bec (FMRQ), les doyens des \u00e9tudes m\u00e9dicales postdoctorales et les leaders du premier cycle et des affaires \u00e9tudiantes et des repr\u00e9sentants de l\u2019Association canadienne des \u00e9tudiants noirs en m\u00e9decine (BMSAC), l\u2019Association des \u00e9tudiants en m\u00e9decine autochtones du Canada (IMSAC) et l\u2019Association canadienne des m\u00e9decins handicap\u00e9s (CAPD). Nous continuons de solliciter et d\u2019accueillir des contributions de la part de la collectivit\u00e9 alors que nous mettons l\u2019accent sur l\u2019\u00e9volution du QDVC afin de r\u00e9pondre aux besoins de la collectivit\u00e9 et tenir compte des pratiques exemplaires \u00e9mergentes.<\/p>\n<p>Bien que le taux de r\u00e9ponse ne soit pas encore suffisant pour tirer des inf\u00e9rences et des conclusions concernant le bassin des candidats dans son ensemble, nous partageons ces donn\u00e9es par souci de transparence et d\u2019am\u00e9lioration continue, pour alimenter les conversations en cours \u00e0 propos de plusieurs aspects importants en mati\u00e8re de diversit\u00e9 et pour bien recueillir et partager de l\u2019information exacte, fiable et significative. Ces donn\u00e9es repr\u00e9sentent un premier progr\u00e8s sur le parcours vers la compr\u00e9hension des processus et r\u00e9sultats du jumelage actuels par rapport \u00e0 l\u2019\u00e9quit\u00e9, la diversit\u00e9 et l\u2019inclusion et, en fin de compte, aider la collectivit\u00e9 \u00e0 fixer des objectifs et mesurer le progr\u00e8s dans ce domaine vital.[\/vc_column_text][\/vc_column][\/vc_row][vc_row disable_element=\u00a0\u00bbyes\u00a0\u00bb][vc_column][vc_message]Les donn\u00e9es ci-dessous ont \u00e9t\u00e9 recueillies lors de l\u2019utilisation b\u00eata initiale du QDVC pendant le jumelage principal\u00a0R-1 de 2022. En tout, 929\u00a0candidats ont rempli le questionnaire, repr\u00e9sentant 18,7\u00a0pour cent des 4\u2009975\u00a0participants au jumelage. Toutes les donn\u00e9es sont autod\u00e9clar\u00e9es et CaRMS ne v\u00e9rifie pas l\u2019exactitude de l\u2019information recueillie.[\/vc_message][\/vc_column][\/vc_row][vc_row][vc_column][vc_message]Les donn\u00e9es ci-dessous ont \u00e9t\u00e9 recueillies dans le QDVC pendant le jumelage principal R-1 de 2023. Le questionnaire a \u00e9t\u00e9 rempli par 59,6 pour cent des d\u00e9clarants du jumelage. Toutes les donn\u00e9es sont autod\u00e9clar\u00e9es et CaRMS ne v\u00e9rifie pas l\u2019exactitude de l\u2019information recueillie.[\/vc_message][\/vc_column][\/vc_row][vc_row disable_element=\u00a0\u00bbyes\u00a0\u00bb][vc_column][vc_column_text css=\u00a0\u00bb.vc_custom_1680178136432{margin-bottom: 0px !important;}\u00a0\u00bb]\n<h2 style=\"text-align: center;\"><strong>Jumelage R-1 de 2022<\/strong><\/h2>\n[\/vc_column_text][\/vc_column][\/vc_row][vc_row][vc_column][vc_column_text css=\u00a0\u00bb.vc_custom_1689089970215{margin-bottom: 0px !important;}\u00a0\u00bb]\n<h2 style=\"text-align: center;\"><strong>Jumelage R-1 de 2023<\/strong><\/h2>\n[\/vc_column_text][\/vc_column][\/vc_row][vc_row disable_element=\u00a0\u00bbyes\u00a0\u00bb][vc_column width=\u00a0\u00bb1\/2&Prime;][mk_padding_divider][vc_column_text css=\u00a0\u00bb.vc_custom_1679672621015{margin-bottom: 0px !important;}\u00a0\u00bb]\n<h3 style=\"text-align: center;\"><span class=\"ui-provider gz b c d e f g h i j k l m n o p q r s t u v w x y z ab ac ae af ag ah ai aj ak\" dir=\"ltr\">R\u00e9pondants du QDVC<\/span><\/h3>\n[\/vc_column_text][vc_single_image image=\u00a0\u00bb36563&Prime; img_size=\u00a0\u00bbfull\u00a0\u00bb][mk_padding_divider][\/vc_column][vc_column width=\u00a0\u00bb1\/2&Prime;][mk_padding_divider][vc_column_text css=\u00a0\u00bb.vc_custom_1679672820672{margin-bottom: 0px !important;}\u00a0\u00bb]\n<h3 style=\"text-align: center;\">R\u00e9pondants du QDVC selon le type de candidat<\/h3>\n[\/vc_column_text][vc_single_image image=\u00a0\u00bb36566&Prime; img_size=\u00a0\u00bbfull\u00a0\u00bb][mk_padding_divider][\/vc_column][\/vc_row][vc_row][vc_column width=\u00a0\u00bb1\/2&Prime;][mk_padding_divider][vc_column_text css=\u00a0\u00bb.vc_custom_1689090036466{margin-bottom: 0px !important;}\u00a0\u00bb]\n<h3 style=\"text-align: center;\"><b>Taux de r\u00e9ponse au QDVC selon la cohorte de candidats<\/b><\/h3>\n<p style=\"text-align: center;\"><i>Proportion des personnes inscrites au jumelage dans chaque cohorte qui ont rempli le QDVC<\/i><\/p>\n[\/vc_column_text][vc_single_image image=\u00a0\u00bb38043&Prime; img_size=\u00a0\u00bbfull\u00a0\u00bb][mk_padding_divider][\/vc_column][vc_column width=\u00a0\u00bb1\/2&Prime;][mk_padding_divider][vc_column_text css=\u00a0\u00bb.vc_custom_1689090163470{margin-bottom: 0px !important;}\u00a0\u00bb]\n<h3 style=\"text-align: center;\"><b>R\u00e9pondants au QDVC selon la cohorte de candidats<\/b><\/h3>\n<p style=\"text-align: center;\"><i>Proportion de tous les r\u00e9pondants au QDVC qui appartiennent \u00e0 chaque cohorte de candidats<\/i><\/p>\n[\/vc_column_text][vc_single_image image=\u00a0\u00bb38045&Prime; img_size=\u00a0\u00bbfull\u00a0\u00bb alignment=\u00a0\u00bbcenter\u00a0\u00bb][mk_padding_divider][\/vc_column][\/vc_row][vc_row][vc_column][vc_separator][\/vc_column][\/vc_row][vc_row disable_element=\u00a0\u00bbyes\u00a0\u00bb][vc_column width=\u00a0\u00bb1\/2&Prime;][vc_column_text css=\u00a0\u00bb.vc_custom_1679678238715{margin-bottom: 0px !important;}\u00a0\u00bb]\n<h3 style=\"text-align: center;\">Vous consid\u00e9rez-vous comme une personne autochtone\u2009?<\/h3>\n[\/vc_column_text][vc_single_image image=\u00a0\u00bb36569&Prime; img_size=\u00a0\u00bbfull\u00a0\u00bb][vc_column_text css=\u00a0\u00bb.vc_custom_1679671503084{margin-bottom: 0px !important;}\u00a0\u00bb]\n<h6>CaRMS est sensible aux inqui\u00e9tudes concernant la question d\u2019identification volontaire en tant qu\u2019autochtone au sein de la collectivit\u00e9 de l\u2019enseignement m\u00e9dical et au Canada. Alors que nous travaillons avec les intervenants pour \u00e9voluer le QDVC pour r\u00e9pondre aux besoins de la collectivit\u00e9, CaRMS est engag\u00e9 \u00e0 tenir des consultations continues avec les intervenants autochtones afin d\u2019assurer la mise en place de pratiques exemplaires concernant l\u2019identification en tant qu\u2019autochtone.<\/h6>\n[\/vc_column_text][mk_padding_divider][\/vc_column][vc_column width=\u00a0\u00bb1\/2&Prime;][vc_column_text css=\u00a0\u00bb.vc_custom_1679678254946{margin-bottom: 0px !important;}\u00a0\u00bb]\n<h3 style=\"text-align: center;\">Vous consid\u00e9rez-vous comme une personne racis\u00e9e\u2009?<\/h3>\n[\/vc_column_text][vc_single_image image=\u00a0\u00bb36571&Prime; img_size=\u00a0\u00bbfull\u00a0\u00bb][mk_padding_divider][\/vc_column][\/vc_row][vc_row][vc_column width=\u00a0\u00bb1\/2&Prime;][vc_column_text css=\u00a0\u00bb.vc_custom_1679678238715{margin-bottom: 0px !important;}\u00a0\u00bb]\n<h3 style=\"text-align: center;\">Vous consid\u00e9rez-vous comme une personne autochtone\u2009?<\/h3>\n[\/vc_column_text][vc_single_image image=\u00a0\u00bb38047&Prime; img_size=\u00a0\u00bbfull\u00a0\u00bb][vc_column_text css=\u00a0\u00bb.vc_custom_1679671503084{margin-bottom: 0px !important;}\u00a0\u00bb]\n<h6>CaRMS est sensible aux inqui\u00e9tudes concernant la question d\u2019identification volontaire en tant qu\u2019autochtone au sein de la collectivit\u00e9 de l\u2019enseignement m\u00e9dical et au Canada. Alors que nous travaillons avec les intervenants pour \u00e9voluer le QDVC pour r\u00e9pondre aux besoins de la collectivit\u00e9, CaRMS est engag\u00e9 \u00e0 tenir des consultations continues avec les intervenants autochtones afin d\u2019assurer la mise en place de pratiques exemplaires concernant l\u2019identification en tant qu\u2019autochtone.<\/h6>\n[\/vc_column_text][mk_padding_divider][\/vc_column][vc_column width=\u00a0\u00bb1\/2&Prime;][vc_column_text css=\u00a0\u00bb.vc_custom_1679678254946{margin-bottom: 0px !important;}\u00a0\u00bb]\n<h3 style=\"text-align: center;\">Vous consid\u00e9rez-vous comme une personne racis\u00e9e\u2009?<\/h3>\n[\/vc_column_text][vc_single_image image=\u00a0\u00bb38047&Prime; img_size=\u00a0\u00bbfull\u00a0\u00bb][mk_padding_divider][\/vc_column][\/vc_row][vc_row][vc_column][vc_separator][\/vc_column][\/vc_row][vc_row disable_element=\u00a0\u00bbyes\u00a0\u00bb][vc_column width=\u00a0\u00bb1\/2&Prime;][vc_column_text css=\u00a0\u00bb.vc_custom_1679678269795{margin-bottom: 0px !important;}\u00a0\u00bb]\n<h3 style=\"text-align: center;\">Est-ce que vous ou les personnes qui vous ont \u00e9lev\u00e9 \u00eates n\u00e9s \u00e0 l\u2019ext\u00e9rieur du Canada\u2009?<\/h3>\n[\/vc_column_text][vc_single_image image=\u00a0\u00bb36573&Prime; img_size=\u00a0\u00bbfull\u00a0\u00bb][mk_padding_divider][\/vc_column][vc_column width=\u00a0\u00bb1\/2&Prime;][vc_column_text css=\u00a0\u00bb.vc_custom_1679678299830{margin-bottom: 0px !important;}\u00a0\u00bb]\n<h3>Vous consid\u00e9rez-vous comme une personne ayant une orientation sexuelle ou une identit\u00e9 sexuelle minoritaire\u2009?<\/h3>\n[\/vc_column_text][vc_single_image image=\u00a0\u00bb38061&Prime; img_size=\u00a0\u00bbfull\u00a0\u00bb][mk_padding_divider][\/vc_column][\/vc_row][vc_row][vc_column width=\u00a0\u00bb1\/2&Prime;][vc_column_text css=\u00a0\u00bb.vc_custom_1679678269795{margin-bottom: 0px !important;}\u00a0\u00bb]\n<h3 style=\"text-align: center;\">Est-ce que vous ou les personnes qui vous ont \u00e9lev\u00e9 \u00eates n\u00e9s \u00e0 l\u2019ext\u00e9rieur du Canada\u2009?<\/h3>\n[\/vc_column_text][vc_single_image image=\u00a0\u00bb38051&Prime; img_size=\u00a0\u00bbfull\u00a0\u00bb][mk_padding_divider][\/vc_column][vc_column width=\u00a0\u00bb1\/2&Prime;][vc_column_text css=\u00a0\u00bb.vc_custom_1679678299830{margin-bottom: 0px !important;}\u00a0\u00bb]\n<h3>Vous consid\u00e9rez-vous comme une personne ayant une orientation sexuelle ou une identit\u00e9 sexuelle minoritaire\u2009?<\/h3>\n[\/vc_column_text][vc_single_image image=\u00a0\u00bb38063&Prime; img_size=\u00a0\u00bbfull\u00a0\u00bb][mk_padding_divider][\/vc_column][\/vc_row][vc_row][vc_column][vc_separator][\/vc_column][\/vc_row][vc_row disable_element=\u00a0\u00bbyes\u00a0\u00bb][vc_column width=\u00a0\u00bb1\/2&Prime;][vc_column_text css=\u00a0\u00bb.vc_custom_1679678327488{margin-bottom: 0px !important;}\u00a0\u00bb]\n<h3 style=\"text-align: center;\">Indiquer votre revenu familial approximatif lorsque vous \u00e9tiez adolescent.<\/h3>\n[\/vc_column_text][vc_single_image image=\u00a0\u00bb36577&Prime; img_size=\u00a0\u00bbfull\u00a0\u00bb][mk_padding_divider][\/vc_column][vc_column width=\u00a0\u00bb1\/2&Prime;][vc_column_text css=\u00a0\u00bb.vc_custom_1679678339988{margin-bottom: 0px !important;}\u00a0\u00bb]\n<h3 style=\"text-align: center;\">Vous consid\u00e9rez-vous comme une personne avec un handicap visible ou invisible\u2009?<\/h3>\n[\/vc_column_text][vc_single_image image=\u00a0\u00bb36579&Prime; img_size=\u00a0\u00bbfull\u00a0\u00bb][mk_padding_divider][\/vc_column][\/vc_row][vc_row][vc_column width=\u00a0\u00bb1\/2&Prime;][vc_column_text css=\u00a0\u00bb.vc_custom_1679678327488{margin-bottom: 0px !important;}\u00a0\u00bb]\n<h3 style=\"text-align: center;\">Indiquer votre revenu familial approximatif lorsque vous \u00e9tiez adolescent.<\/h3>\n[\/vc_column_text][vc_single_image image=\u00a0\u00bb38055&Prime; img_size=\u00a0\u00bbfull\u00a0\u00bb][mk_padding_divider][\/vc_column][vc_column width=\u00a0\u00bb1\/2&Prime;][vc_column_text css=\u00a0\u00bb.vc_custom_1679678339988{margin-bottom: 0px !important;}\u00a0\u00bb]\n<h3 style=\"text-align: center;\">Vous consid\u00e9rez-vous comme une personne avec un handicap visible ou invisible\u2009?<\/h3>\n[\/vc_column_text][vc_single_image image=\u00a0\u00bb38057&Prime; img_size=\u00a0\u00bbfull\u00a0\u00bb][mk_padding_divider][\/vc_column][\/vc_row]\n<\/div>","protected":false},"excerpt":{"rendered":"<p>[vc_row disable_element=\u00a0\u00bbyes\u00a0\u00bb][vc_column][vc_column_text css=\u00a0\u00bb.vc_custom_1679671448978{margin-bottom: 0px !important;}\u00a0\u00bb]Le questionnaire de d\u00e9claration volontaire de CaRMS (QDVC), introduit lors du jumelage principal R-1 de 2022, invite les candidats \u00e0 partager de l\u2019information sur la fa\u00e7on dont ils s\u2019identifient dans plusieurs domaines, dans le but de recueillir des donn\u00e9es \u00e0 propos de la composition du bassin de candidats. Lors du d\u00e9veloppement [&hellip;]<\/p>\n","protected":false},"author":5,"featured_media":0,"parent":2903,"menu_order":0,"comment_status":"closed","ping_status":"closed","template":"","meta":{"_acf_changed":false,"footnotes":""},"class_list":["post-36559","page","type-page","status-publish","hentry"],"acf":{"subtitle":"<p>Le QDVC est un r\u00e9sultat direct du d\u00e9sir de la collectivit\u00e9 de l\u2019enseignement m\u00e9dical d\u2019obtenir des donn\u00e9es nationales fiables et compr\u00e9hensives sur la diversit\u00e9 afin de guider la prise de d\u00e9cisions.<\/p>\n"},"yoast_head":"<!-- This site is optimized with the Yoast SEO plugin v27.3 - https:\/\/yoast.com\/product\/yoast-seo-wordpress\/ -->\n<title>Donn\u00e9es sur la diversit\u00e9 - CaRMS<\/title>\n<meta name=\"robots\" content=\"index, follow, max-snippet:-1, max-image-preview:large, max-video-preview:-1\" \/>\n<link rel=\"canonical\" href=\"https:\/\/www.carms.ca\/fr\/donnees-et-rapports\/donnees-et-rapports-du-jumelage-r-1\/donnees-sur-la-diversite\/\" \/>\n<meta property=\"og:locale\" content=\"fr_FR\" \/>\n<meta property=\"og:type\" content=\"article\" \/>\n<meta property=\"og:title\" content=\"Donn\u00e9es sur la diversit\u00e9 - CaRMS\" \/>\n<meta property=\"og:description\" content=\"[vc_row disable_element=\u00a0\u00bbyes\u00a0\u00bb][vc_column][vc_column_text css=\u00a0\u00bb.vc_custom_1679671448978{margin-bottom: 0px !important;}\u00a0\u00bb]Le questionnaire de d\u00e9claration volontaire de CaRMS (QDVC), introduit lors du jumelage principal R-1 de 2022, invite les candidats \u00e0 partager de l\u2019information sur la fa\u00e7on dont ils s\u2019identifient dans plusieurs domaines, dans le but de recueillir des donn\u00e9es \u00e0 propos de la composition du bassin de candidats. Lors du d\u00e9veloppement [&hellip;]\" \/>\n<meta property=\"og:url\" content=\"https:\/\/www.carms.ca\/fr\/donnees-et-rapports\/donnees-et-rapports-du-jumelage-r-1\/donnees-sur-la-diversite\/\" \/>\n<meta property=\"og:site_name\" content=\"CaRMS\" \/>\n<meta property=\"article:modified_time\" content=\"2023-09-12T15:55:30+00:00\" \/>\n<meta name=\"twitter:card\" content=\"summary_large_image\" \/>\n<meta name=\"twitter:label1\" content=\"Dur\u00e9e de lecture estim\u00e9e\" \/>\n\t<meta name=\"twitter:data1\" content=\"3 minutes\" \/>\n<script type=\"application\/ld+json\" class=\"yoast-schema-graph\">{\"@context\":\"https:\\\/\\\/schema.org\",\"@graph\":[{\"@type\":\"WebPage\",\"@id\":\"https:\\\/\\\/www.carms.ca\\\/fr\\\/donnees-et-rapports\\\/donnees-et-rapports-du-jumelage-r-1\\\/donnees-sur-la-diversite\\\/\",\"url\":\"https:\\\/\\\/www.carms.ca\\\/fr\\\/donnees-et-rapports\\\/donnees-et-rapports-du-jumelage-r-1\\\/donnees-sur-la-diversite\\\/\",\"name\":\"Donn\u00e9es sur la diversit\u00e9 - CaRMS\",\"isPartOf\":{\"@id\":\"https:\\\/\\\/www.carms.ca\\\/#website\"},\"datePublished\":\"2023-03-30T12:08:08+00:00\",\"dateModified\":\"2023-09-12T15:55:30+00:00\",\"breadcrumb\":{\"@id\":\"https:\\\/\\\/www.carms.ca\\\/fr\\\/donnees-et-rapports\\\/donnees-et-rapports-du-jumelage-r-1\\\/donnees-sur-la-diversite\\\/#breadcrumb\"},\"inLanguage\":\"fr-FR\",\"potentialAction\":[{\"@type\":\"ReadAction\",\"target\":[\"https:\\\/\\\/www.carms.ca\\\/fr\\\/donnees-et-rapports\\\/donnees-et-rapports-du-jumelage-r-1\\\/donnees-sur-la-diversite\\\/\"]}]},{\"@type\":\"BreadcrumbList\",\"@id\":\"https:\\\/\\\/www.carms.ca\\\/fr\\\/donnees-et-rapports\\\/donnees-et-rapports-du-jumelage-r-1\\\/donnees-sur-la-diversite\\\/#breadcrumb\",\"itemListElement\":[{\"@type\":\"ListItem\",\"position\":1,\"name\":\"Accueil\",\"item\":\"https:\\\/\\\/www.carms.ca\\\/fr\\\/\"},{\"@type\":\"ListItem\",\"position\":2,\"name\":\"Donn\u00e9es et rapports\",\"item\":\"https:\\\/\\\/www.carms.ca\\\/fr\\\/donnees-et-rapports\\\/\"},{\"@type\":\"ListItem\",\"position\":3,\"name\":\"Donn\u00e9es et rapports du jumelage R-1\",\"item\":\"https:\\\/\\\/www.carms.ca\\\/fr\\\/donnees-et-rapports\\\/donnees-et-rapports-du-jumelage-r-1\\\/\"},{\"@type\":\"ListItem\",\"position\":4,\"name\":\"Donn\u00e9es sur la diversit\u00e9\"}]},{\"@type\":\"WebSite\",\"@id\":\"https:\\\/\\\/www.carms.ca\\\/#website\",\"url\":\"https:\\\/\\\/www.carms.ca\\\/\",\"name\":\"CaRMS\",\"description\":\"\",\"potentialAction\":[{\"@type\":\"SearchAction\",\"target\":{\"@type\":\"EntryPoint\",\"urlTemplate\":\"https:\\\/\\\/www.carms.ca\\\/?s={search_term_string}\"},\"query-input\":{\"@type\":\"PropertyValueSpecification\",\"valueRequired\":true,\"valueName\":\"search_term_string\"}}],\"inLanguage\":\"fr-FR\"}]}<\/script>\n<!-- \/ Yoast SEO plugin. -->","yoast_head_json":{"title":"Donn\u00e9es sur la diversit\u00e9 - CaRMS","robots":{"index":"index","follow":"follow","max-snippet":"max-snippet:-1","max-image-preview":"max-image-preview:large","max-video-preview":"max-video-preview:-1"},"canonical":"https:\/\/www.carms.ca\/fr\/donnees-et-rapports\/donnees-et-rapports-du-jumelage-r-1\/donnees-sur-la-diversite\/","og_locale":"fr_FR","og_type":"article","og_title":"Donn\u00e9es sur la diversit\u00e9 - CaRMS","og_description":"[vc_row disable_element=\u00a0\u00bbyes\u00a0\u00bb][vc_column][vc_column_text css=\u00a0\u00bb.vc_custom_1679671448978{margin-bottom: 0px !important;}\u00a0\u00bb]Le questionnaire de d\u00e9claration volontaire de CaRMS (QDVC), introduit lors du jumelage principal R-1 de 2022, invite les candidats \u00e0 partager de l\u2019information sur la fa\u00e7on dont ils s\u2019identifient dans plusieurs domaines, dans le but de recueillir des donn\u00e9es \u00e0 propos de la composition du bassin de candidats. Lors du d\u00e9veloppement [&hellip;]","og_url":"https:\/\/www.carms.ca\/fr\/donnees-et-rapports\/donnees-et-rapports-du-jumelage-r-1\/donnees-sur-la-diversite\/","og_site_name":"CaRMS","article_modified_time":"2023-09-12T15:55:30+00:00","twitter_card":"summary_large_image","twitter_misc":{"Dur\u00e9e de lecture estim\u00e9e":"3 minutes"},"schema":{"@context":"https:\/\/schema.org","@graph":[{"@type":"WebPage","@id":"https:\/\/www.carms.ca\/fr\/donnees-et-rapports\/donnees-et-rapports-du-jumelage-r-1\/donnees-sur-la-diversite\/","url":"https:\/\/www.carms.ca\/fr\/donnees-et-rapports\/donnees-et-rapports-du-jumelage-r-1\/donnees-sur-la-diversite\/","name":"Donn\u00e9es sur la diversit\u00e9 - CaRMS","isPartOf":{"@id":"https:\/\/www.carms.ca\/#website"},"datePublished":"2023-03-30T12:08:08+00:00","dateModified":"2023-09-12T15:55:30+00:00","breadcrumb":{"@id":"https:\/\/www.carms.ca\/fr\/donnees-et-rapports\/donnees-et-rapports-du-jumelage-r-1\/donnees-sur-la-diversite\/#breadcrumb"},"inLanguage":"fr-FR","potentialAction":[{"@type":"ReadAction","target":["https:\/\/www.carms.ca\/fr\/donnees-et-rapports\/donnees-et-rapports-du-jumelage-r-1\/donnees-sur-la-diversite\/"]}]},{"@type":"BreadcrumbList","@id":"https:\/\/www.carms.ca\/fr\/donnees-et-rapports\/donnees-et-rapports-du-jumelage-r-1\/donnees-sur-la-diversite\/#breadcrumb","itemListElement":[{"@type":"ListItem","position":1,"name":"Accueil","item":"https:\/\/www.carms.ca\/fr\/"},{"@type":"ListItem","position":2,"name":"Donn\u00e9es et rapports","item":"https:\/\/www.carms.ca\/fr\/donnees-et-rapports\/"},{"@type":"ListItem","position":3,"name":"Donn\u00e9es et rapports du jumelage R-1","item":"https:\/\/www.carms.ca\/fr\/donnees-et-rapports\/donnees-et-rapports-du-jumelage-r-1\/"},{"@type":"ListItem","position":4,"name":"Donn\u00e9es sur la diversit\u00e9"}]},{"@type":"WebSite","@id":"https:\/\/www.carms.ca\/#website","url":"https:\/\/www.carms.ca\/","name":"CaRMS","description":"","potentialAction":[{"@type":"SearchAction","target":{"@type":"EntryPoint","urlTemplate":"https:\/\/www.carms.ca\/?s={search_term_string}"},"query-input":{"@type":"PropertyValueSpecification","valueRequired":true,"valueName":"search_term_string"}}],"inLanguage":"fr-FR"}]}},"publishpress_future_workflow_manual_trigger":{"enabledWorkflows":[]},"_links":{"self":[{"href":"https:\/\/www.carms.ca\/fr\/wp-json\/wp\/v2\/pages\/36559","targetHints":{"allow":["GET"]}}],"collection":[{"href":"https:\/\/www.carms.ca\/fr\/wp-json\/wp\/v2\/pages"}],"about":[{"href":"https:\/\/www.carms.ca\/fr\/wp-json\/wp\/v2\/types\/page"}],"author":[{"embeddable":true,"href":"https:\/\/www.carms.ca\/fr\/wp-json\/wp\/v2\/users\/5"}],"replies":[{"embeddable":true,"href":"https:\/\/www.carms.ca\/fr\/wp-json\/wp\/v2\/comments?post=36559"}],"version-history":[{"count":15,"href":"https:\/\/www.carms.ca\/fr\/wp-json\/wp\/v2\/pages\/36559\/revisions"}],"predecessor-version":[{"id":39547,"href":"https:\/\/www.carms.ca\/fr\/wp-json\/wp\/v2\/pages\/36559\/revisions\/39547"}],"up":[{"embeddable":true,"href":"https:\/\/www.carms.ca\/fr\/wp-json\/wp\/v2\/pages\/2903"}],"wp:attachment":[{"href":"https:\/\/www.carms.ca\/fr\/wp-json\/wp\/v2\/media?parent=36559"}],"curies":[{"name":"wp","href":"https:\/\/api.w.org\/{rel}","templated":true}]}}