{"id":36995,"date":"2023-05-02T14:59:51","date_gmt":"2023-05-02T18:59:51","guid":{"rendered":"https:\/\/www.carms.ca\/?page_id=36995"},"modified":"2023-05-02T14:59:51","modified_gmt":"2023-05-02T18:59:51","slug":"chef-dequipe-architecte-des-solutions","status":"publish","type":"page","link":"https:\/\/www.carms.ca\/fr\/a-propos-de\/possibilites-de-carrieres\/joignez-vous-a-notre-equipe\/chef-dequipe-architecte-des-solutions\/","title":{"rendered":"Chef d\u2019\u00e9quipe, architecte des solutions"},"content":{"rendered":"<div class=\"wpb-content-wrapper\">[vc_row][vc_column][vc_column_text css=\u00a0\u00bb.vc_custom_1683053980734{margin-bottom: 0px !important;}\u00a0\u00bb]<strong><em>Veuillez noter\u00a0: <\/em><\/strong><em>l\u2019emploi du masculin dans le pr\u00e9sent texte d\u00e9signe, lorsque le contexte s\u2019y pr\u00eate, aussi bien les femmes et les personnes de type non binaire que les hommes.<\/em><\/p>\n<p><strong>L\u2019occasion\u00a0:\u00a0 <\/strong><\/p>\n<p>Le Service canadien de jumelage des r\u00e9sidents (CaRMS), situ\u00e9 au centre-ville d\u2019Ottawa, est \u00e0 la recherche d\u2019un chef d\u2019\u00e9quipe, architecte des solutions talentueux et innovateur pour diriger une \u00e9quipe de d\u00e9veloppement agile, pour construire et travailler sur la plateforme CaRMS en ligne.<\/p>\n<p>Relevant de la gestionnaire, d\u00e9veloppement num\u00e9rique, le chef d\u2019\u00e9quipe, architecte des solutions, d\u00e9finit la solution globale et guide la mise en \u0153uvre et la gouvernance. L\u2019architecte des solutions doit assurer la technologie de pointe et les pratiques exemplaires de l\u2019industrie sont utilis\u00e9es et que l\u2019application et l\u2019architecture \u00e9voluent continuellement pour r\u00e9pondre aux besoins et \u00e0 l\u2019adaptabilit\u00e9 du produit. Le chef d\u2019\u00e9quipe fournira du leadership technique par l\u2019entremise d\u2019encadrement et de mentorat de l\u2019\u00e9quipe de d\u00e9veloppement.<\/p>\n<p><strong>Le r\u00f4le et les responsabilit\u00e9s\u00a0:\u00a0 \u00a0 <\/strong><\/p>\n<ul>\n<li>Maintenir et am\u00e9liorer continuellement l\u2019architecture des produits actuels et soutenir le d\u00e9veloppement de nouveaux produits tr\u00e8s t\u00f4t afin d\u2019assurer la stabilit\u00e9, la s\u00e9curit\u00e9 et l\u2019adaptabilit\u00e9.<\/li>\n<li>Soutenir et g\u00e9rer la feuille de route globale du d\u00e9veloppement et de l\u2019architecture.<\/li>\n<li>G\u00e9rer la conception et le d\u00e9veloppement de l\u2019application pour assurer la conformit\u00e9 avec l\u2019architecture globale.<\/li>\n<li>R\u00e9viser, \u00e9valuer et faire des recommandations concernant l\u2019adoption d\u2019outils et de technologies pr\u00e9cises.<\/li>\n<li>Produire et maintenir toute la documentation architecturale pertinente, tenant compte des artefacts actuels et en \u00e9volution.<\/li>\n<li>Assurer la liaison avec le personnel interne afin de comprendre les besoins commerciaux et assurer que ces besoins s\u2019alignent avec la conception des solutions.<\/li>\n<li>Identifier et r\u00e9duire les risques commerciaux associ\u00e9s avec l\u2019architecture des solutions.<\/li>\n<li>Fournir du mentorat, de l\u2019orientation et du soutien \u00e0 l\u2019\u00e9quipe, tout en surveillant la productivit\u00e9 et la compr\u00e9hension.<\/li>\n<li>Assurer du codage de grande qualit\u00e9 et la conformit\u00e9 au sein de l\u2019\u00e9quipe gr\u00e2ce \u00e0 des r\u00e9visions de codes.<\/li>\n<li>Assurer l\u2019interface avec des partis tiers, au besoin, afin de discuter des m\u00e9thodes d\u2019architecture et de livraison pour les occasions d\u2019int\u00e9gration.<\/li>\n<\/ul>\n<p><strong>Comp\u00e9tences\u00a0:\u00a0 <\/strong><\/p>\n<ul>\n<li>Dipl\u00f4me universitaire en informatique ou une combinaison \u00e9quivalente d\u2019exp\u00e9rience de travail.<\/li>\n<li>Un minimum de dix ann\u00e9es d\u2019exp\u00e9rience dans le domaine des TI dans diff\u00e9rents syst\u00e8mes et projets.<\/li>\n<li>Un minimum de dix ann\u00e9es d\u2019exp\u00e9rience dans le domaine des projets d\u2019entreprise.<\/li>\n<li>Un minimum de dix ann\u00e9es d\u2019exp\u00e9rience dans le domaine des projets d\u2019entreprise Java.<\/li>\n<li>Langages de programmation\u00a0: Java, .NET, Shell, XML (XSL, XSD, DTD), Git, SQL.<\/li>\n<li>Exp\u00e9rience avec les cadres d\u2019application Web\u00a0: ReactJS, AngularJS.<\/li>\n<li>Exp\u00e9rience dans le d\u00e9veloppement de services Web\u00a0: REST et SOAP.<\/li>\n<li>Exp\u00e9rience de travail avec des bases de donn\u00e9es relationnelles incluant Oracle, PostgreSQL et NoSQL.<\/li>\n<li>Exp\u00e9rience de travail ant\u00e9rieure avec les cadres d\u2019application comme Apache Tomcat, JBoss, fonctions Lambda, HTTPD, Spring Boot et Elastic Beanstack est consid\u00e9r\u00e9e comme un atout.<\/li>\n<li>Connaissance et exp\u00e9rience avec les syst\u00e8mes op\u00e9rationnels\u00a0: Linux, Unix, Windows.<\/li>\n<li>Connaissances pratiques des grappes de haute disponibilit\u00e9 et d\u2019\u00e9quilibrage des charges.<\/li>\n<li>Expertise dans les concepts, principes et technologies g\u00e9n\u00e9raux de r\u00e9seautage.<\/li>\n<li>Fortes connaissances et exp\u00e9rience avec les pratiques d\u2019int\u00e9gration et de livraison continues, des conduits DevOps et d\u2019agile.<\/li>\n<li>Exp\u00e9rience ant\u00e9rieure avec les technologies et les plateformes bas\u00e9es sur le nuage comme AWS ou Microsoft Azure est un atout.<\/li>\n<li>Exp\u00e9rience avec des m\u00e9thodologies agiles (Scrum).<\/li>\n<\/ul>\n<p><strong>Le candidat retenu\u00a0:\u00a0 <\/strong><\/p>\n<p>Le candidat retenu sera un professionnel hautement collaboratif, technique, ax\u00e9 sur les r\u00e9sultats qui poss\u00e8de des comp\u00e9tences sup\u00e9rieures en communication et interpersonnelles, avec la capacit\u00e9 de consulter et de structurer nos produits pour r\u00e9pondre aux besoins de nos clients.<\/p>\n<p>Vous poss\u00e9dez de fortes comp\u00e9tences analytiques et vous \u00eates capables de r\u00e9soudre des probl\u00e8mes complexes. Vous \u00eates extr\u00eamement organis\u00e9 et ax\u00e9 sur les d\u00e9tails avec une bonne \u00e9thique du travail et la capacit\u00e9 de maintenir une bonne productivit\u00e9 parmi des priorit\u00e9s concurrentielles et des d\u00e9lais op\u00e9rationnels serr\u00e9s. Vous \u00eates un excellent leader qui peut soutenir une \u00e9quipe de d\u00e9veloppeurs avec une vaste combinaison d\u2019exp\u00e9rience et de comp\u00e9tences et qui peut initier, d\u00e9velopper et maintenir de fa\u00e7on proactive des relations de travail efficaces avec les membres de l\u2019\u00e9quipe.<\/p>\n<p><strong>\u00c0 propos de CaRMS\u00a0:<\/strong><\/p>\n<p>Le Service canadien de jumelage des r\u00e9sidents (CaRMS) est une organisation nationale ind\u00e9pendante sans but lucratif qui offre des solutions num\u00e9riques et de l\u2019expertise pour jumeler des \u00e9tudiants en m\u00e9decine \u00e0 des occasions de formation au Canada.<\/p>\n<p>La mission de CaRMS est d\u2019agir comme intendants, b\u00e2tisseurs et innovateurs de services de candidature et de jumelage bas\u00e9s sur les donn\u00e9es. Notre vision est de fournir aux candidats et aux facult\u00e9s les meilleurs r\u00e9sultats possibles gr\u00e2ce \u00e0 des syst\u00e8mes de candidature et de jumelage s\u00e9curitaires, justes et \u00e9quitables.<\/p>\n<p>Cr\u00e9\u00e9 en 1970 pour offrir un processus \u00e9quitable, objectif et transparent, CaRMS travaille avec la communaut\u00e9 de l\u2019enseignement m\u00e9dical, les facult\u00e9s de m\u00e9decine et les r\u00e9sidents\/\u00e9tudiants pour fournir la plateforme num\u00e9rique, l\u2019algorithme math\u00e9matique et les connaissances qui jum\u00e8lent les \u00e9tudiants \u00e0 des occasions de formation de r\u00e9sidence en m\u00e9decine.<\/p>\n<p>CaRMS est une organisation ax\u00e9e sur le service \u00e0 la client\u00e8le, qui compte sur une \u00e9quipe attentionn\u00e9e et d\u00e9vou\u00e9e pour assurer notre succ\u00e8s.<\/p>\n<p><strong>Ce que nous offrons\u00a0:<\/strong><\/p>\n<p>CaRMS appr\u00e9cie l\u2019importance d\u2019une main-d\u2019\u0153uvre \u00e9quitable, diverse et inclusive. Nous offrons un environnement de travail hybride collaboratif et agr\u00e9able qui met l\u2019accent sur l\u2019am\u00e9lioration continue de la qualit\u00e9 (ACQ), les occasions de croissance professionnelles, un ensemble complet d\u2019avantages sociaux et un r\u00e9gime de retraite \u00e0 cotisations d\u00e9termin\u00e9es avant-gardiste.<\/p>\n<p><strong>Comment poser sa candidature\u00a0:<\/strong><\/p>\n<p>Les candidats qualifi\u00e9s devraient soumettre leur curriculum vitae et une lettre d\u2019accompagnement \u00e0 l\u2019adresse hr@carms.ca.<\/p>\n<p><em>Si CaRMS communique avec vous pour une occasion d\u2019emploi et que vous avez besoin de certaines mesures d\u2019accommodement ou d\u2019assistance, veuillez communiquer directement avec nous \u00e0 l\u2019adresse hr@carms.ca.<\/em><\/p>\n<p><em>L\u2019\u00e9quipe de CaRMS c\u00e9l\u00e8bre la diversit\u00e9 et s\u2019engage \u00e0 cr\u00e9er un environnement inclusif pour tous les employ\u00e9s. Nous accueillons toutes les personnes qui contribueraient \u00e0 la diversification approfondie de notre organisation, incluant sans s\u2019y limiter\u00a0: les femmes, les minorit\u00e9s visibles, les peuples des Premiers Nations, m\u00e9tis et Inuit, les personnes handicap\u00e9es et les personnes de n\u2019importe quelle orientation sexuelle, l\u2019identit\u00e9 ou expression sexuelle.<\/em>[\/vc_column_text][\/vc_column][\/vc_row]\n<\/div>","protected":false},"excerpt":{"rendered":"<p>[vc_row][vc_column][vc_column_text css=\u00a0\u00bb.vc_custom_1683053980734{margin-bottom: 0px !important;}\u00a0\u00bb]Veuillez noter\u00a0: l\u2019emploi du masculin dans le pr\u00e9sent texte d\u00e9signe, lorsque le contexte s\u2019y pr\u00eate, aussi bien les femmes et les personnes de type non binaire que les hommes. L\u2019occasion\u00a0:\u00a0 Le Service canadien de jumelage des r\u00e9sidents (CaRMS), situ\u00e9 au centre-ville d\u2019Ottawa, est \u00e0 la recherche d\u2019un chef d\u2019\u00e9quipe, architecte des solutions [&hellip;]<\/p>\n","protected":false},"author":5,"featured_media":0,"parent":3231,"menu_order":0,"comment_status":"closed","ping_status":"closed","template":"","meta":{"_acf_changed":false,"footnotes":""},"class_list":["post-36995","page","type-page","status-publish","hentry"],"acf":{"subtitle":""},"yoast_head":"<!-- This site is optimized with the Yoast SEO plugin v27.3 - https:\/\/yoast.com\/product\/yoast-seo-wordpress\/ -->\n<title>Chef d\u2019\u00e9quipe, architecte des solutions - CaRMS<\/title>\n<meta name=\"robots\" content=\"index, follow, max-snippet:-1, max-image-preview:large, max-video-preview:-1\" \/>\n<link rel=\"canonical\" href=\"https:\/\/www.carms.ca\/fr\/a-propos-de\/possibilites-de-carrieres\/joignez-vous-a-notre-equipe\/chef-dequipe-architecte-des-solutions\/\" \/>\n<meta property=\"og:locale\" content=\"fr_FR\" \/>\n<meta property=\"og:type\" content=\"article\" \/>\n<meta property=\"og:title\" content=\"Chef d\u2019\u00e9quipe, architecte des solutions - CaRMS\" \/>\n<meta property=\"og:description\" content=\"[vc_row][vc_column][vc_column_text css=\u00a0\u00bb.vc_custom_1683053980734{margin-bottom: 0px !important;}\u00a0\u00bb]Veuillez noter\u00a0: l\u2019emploi du masculin dans le pr\u00e9sent texte d\u00e9signe, lorsque le contexte s\u2019y pr\u00eate, aussi bien les femmes et les personnes de type non binaire que les hommes. L\u2019occasion\u00a0:\u00a0 Le Service canadien de jumelage des r\u00e9sidents (CaRMS), situ\u00e9 au centre-ville d\u2019Ottawa, est \u00e0 la recherche d\u2019un chef d\u2019\u00e9quipe, architecte des solutions [&hellip;]\" \/>\n<meta property=\"og:url\" content=\"https:\/\/www.carms.ca\/fr\/a-propos-de\/possibilites-de-carrieres\/joignez-vous-a-notre-equipe\/chef-dequipe-architecte-des-solutions\/\" \/>\n<meta property=\"og:site_name\" content=\"CaRMS\" \/>\n<meta name=\"twitter:card\" content=\"summary_large_image\" \/>\n<meta name=\"twitter:label1\" content=\"Dur\u00e9e de lecture estim\u00e9e\" \/>\n\t<meta name=\"twitter:data1\" content=\"5 minutes\" \/>\n<script type=\"application\/ld+json\" class=\"yoast-schema-graph\">{\"@context\":\"https:\\\/\\\/schema.org\",\"@graph\":[{\"@type\":\"WebPage\",\"@id\":\"https:\\\/\\\/www.carms.ca\\\/fr\\\/a-propos-de\\\/possibilites-de-carrieres\\\/joignez-vous-a-notre-equipe\\\/chef-dequipe-architecte-des-solutions\\\/\",\"url\":\"https:\\\/\\\/www.carms.ca\\\/fr\\\/a-propos-de\\\/possibilites-de-carrieres\\\/joignez-vous-a-notre-equipe\\\/chef-dequipe-architecte-des-solutions\\\/\",\"name\":\"Chef d\u2019\u00e9quipe, architecte des solutions - CaRMS\",\"isPartOf\":{\"@id\":\"https:\\\/\\\/www.carms.ca\\\/#website\"},\"datePublished\":\"2023-05-02T18:59:51+00:00\",\"breadcrumb\":{\"@id\":\"https:\\\/\\\/www.carms.ca\\\/fr\\\/a-propos-de\\\/possibilites-de-carrieres\\\/joignez-vous-a-notre-equipe\\\/chef-dequipe-architecte-des-solutions\\\/#breadcrumb\"},\"inLanguage\":\"fr-FR\",\"potentialAction\":[{\"@type\":\"ReadAction\",\"target\":[\"https:\\\/\\\/www.carms.ca\\\/fr\\\/a-propos-de\\\/possibilites-de-carrieres\\\/joignez-vous-a-notre-equipe\\\/chef-dequipe-architecte-des-solutions\\\/\"]}]},{\"@type\":\"BreadcrumbList\",\"@id\":\"https:\\\/\\\/www.carms.ca\\\/fr\\\/a-propos-de\\\/possibilites-de-carrieres\\\/joignez-vous-a-notre-equipe\\\/chef-dequipe-architecte-des-solutions\\\/#breadcrumb\",\"itemListElement\":[{\"@type\":\"ListItem\",\"position\":1,\"name\":\"Accueil\",\"item\":\"https:\\\/\\\/www.carms.ca\\\/fr\\\/\"},{\"@type\":\"ListItem\",\"position\":2,\"name\":\"\u00c0 propos de\",\"item\":\"https:\\\/\\\/www.carms.ca\\\/fr\\\/a-propos-de\\\/\"},{\"@type\":\"ListItem\",\"position\":3,\"name\":\"Possibilit\u00e9s de carri\u00e8res\",\"item\":\"https:\\\/\\\/www.carms.ca\\\/fr\\\/a-propos-de\\\/possibilites-de-carrieres\\\/\"},{\"@type\":\"ListItem\",\"position\":4,\"name\":\"Joignez-vous \u00e0 notre \u00e9quipe\",\"item\":\"https:\\\/\\\/www.carms.ca\\\/fr\\\/a-propos-de\\\/possibilites-de-carrieres\\\/joignez-vous-a-notre-equipe\\\/\"},{\"@type\":\"ListItem\",\"position\":5,\"name\":\"Chef d\u2019\u00e9quipe, architecte des solutions\"}]},{\"@type\":\"WebSite\",\"@id\":\"https:\\\/\\\/www.carms.ca\\\/#website\",\"url\":\"https:\\\/\\\/www.carms.ca\\\/\",\"name\":\"CaRMS\",\"description\":\"\",\"potentialAction\":[{\"@type\":\"SearchAction\",\"target\":{\"@type\":\"EntryPoint\",\"urlTemplate\":\"https:\\\/\\\/www.carms.ca\\\/?s={search_term_string}\"},\"query-input\":{\"@type\":\"PropertyValueSpecification\",\"valueRequired\":true,\"valueName\":\"search_term_string\"}}],\"inLanguage\":\"fr-FR\"}]}<\/script>\n<!-- \/ Yoast SEO plugin. -->","yoast_head_json":{"title":"Chef d\u2019\u00e9quipe, architecte des solutions - CaRMS","robots":{"index":"index","follow":"follow","max-snippet":"max-snippet:-1","max-image-preview":"max-image-preview:large","max-video-preview":"max-video-preview:-1"},"canonical":"https:\/\/www.carms.ca\/fr\/a-propos-de\/possibilites-de-carrieres\/joignez-vous-a-notre-equipe\/chef-dequipe-architecte-des-solutions\/","og_locale":"fr_FR","og_type":"article","og_title":"Chef d\u2019\u00e9quipe, architecte des solutions - CaRMS","og_description":"[vc_row][vc_column][vc_column_text css=\u00a0\u00bb.vc_custom_1683053980734{margin-bottom: 0px !important;}\u00a0\u00bb]Veuillez noter\u00a0: l\u2019emploi du masculin dans le pr\u00e9sent texte d\u00e9signe, lorsque le contexte s\u2019y pr\u00eate, aussi bien les femmes et les personnes de type non binaire que les hommes. L\u2019occasion\u00a0:\u00a0 Le Service canadien de jumelage des r\u00e9sidents (CaRMS), situ\u00e9 au centre-ville d\u2019Ottawa, est \u00e0 la recherche d\u2019un chef d\u2019\u00e9quipe, architecte des solutions [&hellip;]","og_url":"https:\/\/www.carms.ca\/fr\/a-propos-de\/possibilites-de-carrieres\/joignez-vous-a-notre-equipe\/chef-dequipe-architecte-des-solutions\/","og_site_name":"CaRMS","twitter_card":"summary_large_image","twitter_misc":{"Dur\u00e9e de lecture estim\u00e9e":"5 minutes"},"schema":{"@context":"https:\/\/schema.org","@graph":[{"@type":"WebPage","@id":"https:\/\/www.carms.ca\/fr\/a-propos-de\/possibilites-de-carrieres\/joignez-vous-a-notre-equipe\/chef-dequipe-architecte-des-solutions\/","url":"https:\/\/www.carms.ca\/fr\/a-propos-de\/possibilites-de-carrieres\/joignez-vous-a-notre-equipe\/chef-dequipe-architecte-des-solutions\/","name":"Chef d\u2019\u00e9quipe, architecte des solutions - CaRMS","isPartOf":{"@id":"https:\/\/www.carms.ca\/#website"},"datePublished":"2023-05-02T18:59:51+00:00","breadcrumb":{"@id":"https:\/\/www.carms.ca\/fr\/a-propos-de\/possibilites-de-carrieres\/joignez-vous-a-notre-equipe\/chef-dequipe-architecte-des-solutions\/#breadcrumb"},"inLanguage":"fr-FR","potentialAction":[{"@type":"ReadAction","target":["https:\/\/www.carms.ca\/fr\/a-propos-de\/possibilites-de-carrieres\/joignez-vous-a-notre-equipe\/chef-dequipe-architecte-des-solutions\/"]}]},{"@type":"BreadcrumbList","@id":"https:\/\/www.carms.ca\/fr\/a-propos-de\/possibilites-de-carrieres\/joignez-vous-a-notre-equipe\/chef-dequipe-architecte-des-solutions\/#breadcrumb","itemListElement":[{"@type":"ListItem","position":1,"name":"Accueil","item":"https:\/\/www.carms.ca\/fr\/"},{"@type":"ListItem","position":2,"name":"\u00c0 propos de","item":"https:\/\/www.carms.ca\/fr\/a-propos-de\/"},{"@type":"ListItem","position":3,"name":"Possibilit\u00e9s de carri\u00e8res","item":"https:\/\/www.carms.ca\/fr\/a-propos-de\/possibilites-de-carrieres\/"},{"@type":"ListItem","position":4,"name":"Joignez-vous \u00e0 notre \u00e9quipe","item":"https:\/\/www.carms.ca\/fr\/a-propos-de\/possibilites-de-carrieres\/joignez-vous-a-notre-equipe\/"},{"@type":"ListItem","position":5,"name":"Chef d\u2019\u00e9quipe, architecte des solutions"}]},{"@type":"WebSite","@id":"https:\/\/www.carms.ca\/#website","url":"https:\/\/www.carms.ca\/","name":"CaRMS","description":"","potentialAction":[{"@type":"SearchAction","target":{"@type":"EntryPoint","urlTemplate":"https:\/\/www.carms.ca\/?s={search_term_string}"},"query-input":{"@type":"PropertyValueSpecification","valueRequired":true,"valueName":"search_term_string"}}],"inLanguage":"fr-FR"}]}},"publishpress_future_workflow_manual_trigger":{"enabledWorkflows":[]},"_links":{"self":[{"href":"https:\/\/www.carms.ca\/fr\/wp-json\/wp\/v2\/pages\/36995","targetHints":{"allow":["GET"]}}],"collection":[{"href":"https:\/\/www.carms.ca\/fr\/wp-json\/wp\/v2\/pages"}],"about":[{"href":"https:\/\/www.carms.ca\/fr\/wp-json\/wp\/v2\/types\/page"}],"author":[{"embeddable":true,"href":"https:\/\/www.carms.ca\/fr\/wp-json\/wp\/v2\/users\/5"}],"replies":[{"embeddable":true,"href":"https:\/\/www.carms.ca\/fr\/wp-json\/wp\/v2\/comments?post=36995"}],"version-history":[{"count":1,"href":"https:\/\/www.carms.ca\/fr\/wp-json\/wp\/v2\/pages\/36995\/revisions"}],"predecessor-version":[{"id":36996,"href":"https:\/\/www.carms.ca\/fr\/wp-json\/wp\/v2\/pages\/36995\/revisions\/36996"}],"up":[{"embeddable":true,"href":"https:\/\/www.carms.ca\/fr\/wp-json\/wp\/v2\/pages\/3231"}],"wp:attachment":[{"href":"https:\/\/www.carms.ca\/fr\/wp-json\/wp\/v2\/media?parent=36995"}],"curies":[{"name":"wp","href":"https:\/\/api.w.org\/{rel}","templated":true}]}}