{"id":37689,"date":"2023-05-31T10:24:11","date_gmt":"2023-05-31T14:24:11","guid":{"rendered":"https:\/\/www.carms.ca\/?page_id=37689"},"modified":"2023-05-31T10:24:11","modified_gmt":"2023-05-31T14:24:11","slug":"docteur-douglas-a-gus-grant","status":"publish","type":"page","link":"https:\/\/www.carms.ca\/fr\/a-propos-de\/gouvernance-et-comites\/gouvernance\/docteur-douglas-a-gus-grant\/","title":{"rendered":"Docteur Douglas A. (Gus) Grant"},"content":{"rendered":"<p>Le docteur Douglas (Gus) Grant est le registraire et le chef de la direction du Coll\u00e8ge des m\u00e9decins et des chirurgiens de la Nouvelle-\u00c9cosse. Le docteur Grant a obtenu des dipl\u00f4mes en litt\u00e9rature de l\u2019Universit\u00e9 Harvard, en droit de l\u2019Universit\u00e9 McGill et en m\u00e9decine de la <em>Dalhousie University<\/em>. Il a exerc\u00e9 le droit et la m\u00e9decine aux \u00c9tats-Unis et au Canada.<\/p>\n<p>Le docteur Grant a occup\u00e9 des postes de leadership au sein de plusieurs organisations nationales et provinciales. Il est un ancien pr\u00e9sident de la F\u00e9d\u00e9ration des ordres des m\u00e9decins du Canada et a \u00e9t\u00e9 membre du conseil d\u2019administration du Conseil m\u00e9dical du Canada. Il est le pr\u00e9sident fondateur du groupe de travail contre le racisme anti-autochtone de la FOMC. Il a occup\u00e9 le poste de pr\u00e9sident du programme de surveillance des ordonnances de la Nouvelle-\u00c9cosse et du r\u00e9seau des professions de sant\u00e9 r\u00e8glement\u00e9es de la Nouvelle-\u00c9cosse, et il continue de si\u00e9ger au sein de ces conseils.<\/p>\n<p>Le docteur Grant est un co-auteur des Recommandations canadiennes sur l\u2019utilisation des opio\u00efdes pour le traitement de la douleur chronique non canc\u00e9reuse. Le docteur Grant est membre du conseil consultatif de PrescripTIon une initiative nationale pour la mise en \u0153uvre et l\u2019am\u00e9lioration des ordonnances \u00e9lectroniques s\u00e9curitaires. Il est un membre du groupe de travail de Sant\u00e9 Canada pour l\u2019aide m\u00e9dicale \u00e0 mourir (AMM) et il a t\u00e9moign\u00e9 devant le S\u00e9nat et les comit\u00e9s mixtes du S\u00e9nat et de la Chambre des communes sur l\u2019AMM.<\/p>\n","protected":false},"excerpt":{"rendered":"<p>Le docteur Douglas (Gus) Grant est le registraire et le chef de la direction du Coll\u00e8ge des m\u00e9decins et des chirurgiens de la Nouvelle-\u00c9cosse. Le docteur Grant a obtenu des dipl\u00f4mes en litt\u00e9rature de l\u2019Universit\u00e9 Harvard, en droit de l\u2019Universit\u00e9 McGill et en m\u00e9decine de la Dalhousie University. Il a exerc\u00e9 le droit et la [&hellip;]<\/p>\n","protected":false},"author":40,"featured_media":0,"parent":1053,"menu_order":0,"comment_status":"closed","ping_status":"closed","template":"","meta":{"_acf_changed":false,"footnotes":""},"class_list":["post-37689","page","type-page","status-publish","hentry"],"acf":{"subtitle":"<p><em>Directeur<br \/>\n<\/em>Registraire et directeur g\u00e9n\u00e9ral,<br \/>\nColl\u00e8ge des m\u00e9decins et chirurgiens de la Nouvelle-\u00c9cosse<\/p>\n"},"yoast_head":"<!-- This site is optimized with the Yoast SEO plugin v27.3 - https:\/\/yoast.com\/product\/yoast-seo-wordpress\/ -->\n<title>Docteur Douglas A. (Gus) Grant - CaRMS<\/title>\n<meta name=\"robots\" content=\"index, follow, max-snippet:-1, max-image-preview:large, max-video-preview:-1\" \/>\n<link rel=\"canonical\" href=\"https:\/\/www.carms.ca\/fr\/a-propos-de\/gouvernance-et-comites\/gouvernance\/docteur-douglas-a-gus-grant\/\" \/>\n<meta property=\"og:locale\" content=\"fr_FR\" \/>\n<meta property=\"og:type\" content=\"article\" \/>\n<meta property=\"og:title\" content=\"Docteur Douglas A. (Gus) Grant - CaRMS\" \/>\n<meta property=\"og:description\" content=\"Le docteur Douglas (Gus) Grant est le registraire et le chef de la direction du Coll\u00e8ge des m\u00e9decins et des chirurgiens de la Nouvelle-\u00c9cosse. Le docteur Grant a obtenu des dipl\u00f4mes en litt\u00e9rature de l\u2019Universit\u00e9 Harvard, en droit de l\u2019Universit\u00e9 McGill et en m\u00e9decine de la Dalhousie University. Il a exerc\u00e9 le droit et la [&hellip;]\" \/>\n<meta property=\"og:url\" content=\"https:\/\/www.carms.ca\/fr\/a-propos-de\/gouvernance-et-comites\/gouvernance\/docteur-douglas-a-gus-grant\/\" \/>\n<meta property=\"og:site_name\" content=\"CaRMS\" \/>\n<meta name=\"twitter:card\" content=\"summary_large_image\" \/>\n<meta name=\"twitter:label1\" content=\"Dur\u00e9e de lecture estim\u00e9e\" \/>\n\t<meta name=\"twitter:data1\" content=\"2 minutes\" \/>\n<script type=\"application\/ld+json\" class=\"yoast-schema-graph\">{\"@context\":\"https:\\\/\\\/schema.org\",\"@graph\":[{\"@type\":\"WebPage\",\"@id\":\"https:\\\/\\\/www.carms.ca\\\/fr\\\/a-propos-de\\\/gouvernance-et-comites\\\/gouvernance\\\/docteur-douglas-a-gus-grant\\\/\",\"url\":\"https:\\\/\\\/www.carms.ca\\\/fr\\\/a-propos-de\\\/gouvernance-et-comites\\\/gouvernance\\\/docteur-douglas-a-gus-grant\\\/\",\"name\":\"Docteur Douglas A. (Gus) Grant - CaRMS\",\"isPartOf\":{\"@id\":\"https:\\\/\\\/www.carms.ca\\\/#website\"},\"datePublished\":\"2023-05-31T14:24:11+00:00\",\"breadcrumb\":{\"@id\":\"https:\\\/\\\/www.carms.ca\\\/fr\\\/a-propos-de\\\/gouvernance-et-comites\\\/gouvernance\\\/docteur-douglas-a-gus-grant\\\/#breadcrumb\"},\"inLanguage\":\"fr-FR\",\"potentialAction\":[{\"@type\":\"ReadAction\",\"target\":[\"https:\\\/\\\/www.carms.ca\\\/fr\\\/a-propos-de\\\/gouvernance-et-comites\\\/gouvernance\\\/docteur-douglas-a-gus-grant\\\/\"]}]},{\"@type\":\"BreadcrumbList\",\"@id\":\"https:\\\/\\\/www.carms.ca\\\/fr\\\/a-propos-de\\\/gouvernance-et-comites\\\/gouvernance\\\/docteur-douglas-a-gus-grant\\\/#breadcrumb\",\"itemListElement\":[{\"@type\":\"ListItem\",\"position\":1,\"name\":\"Accueil\",\"item\":\"https:\\\/\\\/www.carms.ca\\\/fr\\\/accueil-2\\\/\"},{\"@type\":\"ListItem\",\"position\":2,\"name\":\"\u00c0 propos de\",\"item\":\"https:\\\/\\\/www.carms.ca\\\/fr\\\/a-propos-de\\\/\"},{\"@type\":\"ListItem\",\"position\":3,\"name\":\"Gouvernance et comit\u00e9s\",\"item\":\"https:\\\/\\\/www.carms.ca\\\/fr\\\/a-propos-de\\\/gouvernance-et-comites\\\/\"},{\"@type\":\"ListItem\",\"position\":4,\"name\":\"Gouvernance\",\"item\":\"https:\\\/\\\/www.carms.ca\\\/fr\\\/a-propos-de\\\/gouvernance-et-comites\\\/gouvernance\\\/\"},{\"@type\":\"ListItem\",\"position\":5,\"name\":\"Docteur Douglas A. (Gus) Grant\"}]},{\"@type\":\"WebSite\",\"@id\":\"https:\\\/\\\/www.carms.ca\\\/#website\",\"url\":\"https:\\\/\\\/www.carms.ca\\\/\",\"name\":\"CaRMS\",\"description\":\"\",\"potentialAction\":[{\"@type\":\"SearchAction\",\"target\":{\"@type\":\"EntryPoint\",\"urlTemplate\":\"https:\\\/\\\/www.carms.ca\\\/?s={search_term_string}\"},\"query-input\":{\"@type\":\"PropertyValueSpecification\",\"valueRequired\":true,\"valueName\":\"search_term_string\"}}],\"inLanguage\":\"fr-FR\"}]}<\/script>\n<!-- \/ Yoast SEO plugin. -->","yoast_head_json":{"title":"Docteur Douglas A. (Gus) Grant - CaRMS","robots":{"index":"index","follow":"follow","max-snippet":"max-snippet:-1","max-image-preview":"max-image-preview:large","max-video-preview":"max-video-preview:-1"},"canonical":"https:\/\/www.carms.ca\/fr\/a-propos-de\/gouvernance-et-comites\/gouvernance\/docteur-douglas-a-gus-grant\/","og_locale":"fr_FR","og_type":"article","og_title":"Docteur Douglas A. (Gus) Grant - CaRMS","og_description":"Le docteur Douglas (Gus) Grant est le registraire et le chef de la direction du Coll\u00e8ge des m\u00e9decins et des chirurgiens de la Nouvelle-\u00c9cosse. Le docteur Grant a obtenu des dipl\u00f4mes en litt\u00e9rature de l\u2019Universit\u00e9 Harvard, en droit de l\u2019Universit\u00e9 McGill et en m\u00e9decine de la Dalhousie University. Il a exerc\u00e9 le droit et la [&hellip;]","og_url":"https:\/\/www.carms.ca\/fr\/a-propos-de\/gouvernance-et-comites\/gouvernance\/docteur-douglas-a-gus-grant\/","og_site_name":"CaRMS","twitter_card":"summary_large_image","twitter_misc":{"Dur\u00e9e de lecture estim\u00e9e":"2 minutes"},"schema":{"@context":"https:\/\/schema.org","@graph":[{"@type":"WebPage","@id":"https:\/\/www.carms.ca\/fr\/a-propos-de\/gouvernance-et-comites\/gouvernance\/docteur-douglas-a-gus-grant\/","url":"https:\/\/www.carms.ca\/fr\/a-propos-de\/gouvernance-et-comites\/gouvernance\/docteur-douglas-a-gus-grant\/","name":"Docteur Douglas A. (Gus) Grant - CaRMS","isPartOf":{"@id":"https:\/\/www.carms.ca\/#website"},"datePublished":"2023-05-31T14:24:11+00:00","breadcrumb":{"@id":"https:\/\/www.carms.ca\/fr\/a-propos-de\/gouvernance-et-comites\/gouvernance\/docteur-douglas-a-gus-grant\/#breadcrumb"},"inLanguage":"fr-FR","potentialAction":[{"@type":"ReadAction","target":["https:\/\/www.carms.ca\/fr\/a-propos-de\/gouvernance-et-comites\/gouvernance\/docteur-douglas-a-gus-grant\/"]}]},{"@type":"BreadcrumbList","@id":"https:\/\/www.carms.ca\/fr\/a-propos-de\/gouvernance-et-comites\/gouvernance\/docteur-douglas-a-gus-grant\/#breadcrumb","itemListElement":[{"@type":"ListItem","position":1,"name":"Accueil","item":"https:\/\/www.carms.ca\/fr\/accueil-2\/"},{"@type":"ListItem","position":2,"name":"\u00c0 propos de","item":"https:\/\/www.carms.ca\/fr\/a-propos-de\/"},{"@type":"ListItem","position":3,"name":"Gouvernance et comit\u00e9s","item":"https:\/\/www.carms.ca\/fr\/a-propos-de\/gouvernance-et-comites\/"},{"@type":"ListItem","position":4,"name":"Gouvernance","item":"https:\/\/www.carms.ca\/fr\/a-propos-de\/gouvernance-et-comites\/gouvernance\/"},{"@type":"ListItem","position":5,"name":"Docteur Douglas A. (Gus) Grant"}]},{"@type":"WebSite","@id":"https:\/\/www.carms.ca\/#website","url":"https:\/\/www.carms.ca\/","name":"CaRMS","description":"","potentialAction":[{"@type":"SearchAction","target":{"@type":"EntryPoint","urlTemplate":"https:\/\/www.carms.ca\/?s={search_term_string}"},"query-input":{"@type":"PropertyValueSpecification","valueRequired":true,"valueName":"search_term_string"}}],"inLanguage":"fr-FR"}]}},"publishpress_future_workflow_manual_trigger":{"enabledWorkflows":[]},"_links":{"self":[{"href":"https:\/\/www.carms.ca\/fr\/wp-json\/wp\/v2\/pages\/37689","targetHints":{"allow":["GET"]}}],"collection":[{"href":"https:\/\/www.carms.ca\/fr\/wp-json\/wp\/v2\/pages"}],"about":[{"href":"https:\/\/www.carms.ca\/fr\/wp-json\/wp\/v2\/types\/page"}],"author":[{"embeddable":true,"href":"https:\/\/www.carms.ca\/fr\/wp-json\/wp\/v2\/users\/40"}],"replies":[{"embeddable":true,"href":"https:\/\/www.carms.ca\/fr\/wp-json\/wp\/v2\/comments?post=37689"}],"version-history":[{"count":1,"href":"https:\/\/www.carms.ca\/fr\/wp-json\/wp\/v2\/pages\/37689\/revisions"}],"predecessor-version":[{"id":37690,"href":"https:\/\/www.carms.ca\/fr\/wp-json\/wp\/v2\/pages\/37689\/revisions\/37690"}],"up":[{"embeddable":true,"href":"https:\/\/www.carms.ca\/fr\/wp-json\/wp\/v2\/pages\/1053"}],"wp:attachment":[{"href":"https:\/\/www.carms.ca\/fr\/wp-json\/wp\/v2\/media?parent=37689"}],"curies":[{"name":"wp","href":"https:\/\/api.w.org\/{rel}","templated":true}]}}