{"id":37848,"date":"2023-06-20T11:34:34","date_gmt":"2023-06-20T15:34:34","guid":{"rendered":"https:\/\/www.carms.ca\/?page_id=37848"},"modified":"2024-06-18T17:18:38","modified_gmt":"2024-06-18T21:18:38","slug":"rapport-de-demande-de-donnees-2022","status":"publish","type":"page","link":"https:\/\/www.carms.ca\/fr\/rapport-de-demande-de-donnees\/demandes-de-donnees-archives\/rapport-de-demande-de-donnees-2022\/","title":{"rendered":"Demandes de donn\u00e9es externes (non-membre) de CaRMS \u2013 2022"},"content":{"rendered":"<div class=\"wpb-content-wrapper\">[vc_row][vc_column][vc_column_text css=\u00a0\u00bb.vc_custom_1687274919068{margin-bottom: 0px !important;}\u00a0\u00bb]Ce rapport r\u00e9sume les demandes de donn\u00e9es externes (de la part d\u2019organisations non membres) auxquelles CaRMS a r\u00e9pondu en 2022.<\/p>\n<p><em>Le rapport est pr\u00e9par\u00e9 en anglais seulement.<\/em><\/p>\n[\/vc_column_text][\/vc_column][\/vc_row][vc_row][vc_column][vc_tabs][vc_tab title=\u00a0\u00bbJanvier\u00a0\u00bb tab_id=\u00a0\u00bb1568211657-1-38&Prime;][vc_column_text css=\u00a0\u00bb.vc_custom_1687274418613{margin-bottom: 0px !important;}\u00a0\u00bb]\n<table width=\"1398\">\n<tbody>\n<tr>\n<td width=\"223\"><strong>Demande<\/strong><\/td>\n<td width=\"1175\"><strong>R\u00e9sum\u00e9 de la demande<\/strong><\/td>\n<\/tr>\n<tr>\n<td width=\"223\">Disciplines<\/td>\n<td width=\"1175\">No. of applicants to Family Medicine<\/td>\n<\/tr>\n<tr>\n<td width=\"223\">Match Rates<\/td>\n<td width=\"1175\">Match rates for IMGs<\/td>\n<\/tr>\n<tr>\n<td width=\"223\">Unmatched<\/td>\n<td width=\"1175\">Unmatched by school of grad<\/td>\n<\/tr>\n<tr>\n<td width=\"223\">Quota<\/td>\n<td width=\"1175\">Historical Quota by discipline<\/td>\n<\/tr>\n<tr>\n<td width=\"223\">Applications<\/td>\n<td width=\"1175\">Application volume to subspecialty matches<\/td>\n<\/tr>\n<tr>\n<td width=\"223\">Match Rates<\/td>\n<td width=\"1175\">Match rates to competitive disciplines<\/td>\n<\/tr>\n<\/tbody>\n<\/table>\n[\/vc_column_text][\/vc_tab][vc_tab title=\u00a0\u00bbF\u00e9vrier\u00a0\u00bb tab_id=\u00a0\u00bb1583951153266-1-8&Prime;][vc_column_text css=\u00a0\u00bb.vc_custom_1687274772230{margin-bottom: 0px !important;}\u00a0\u00bb]\n<table width=\"1398\">\n<tbody>\n<tr>\n<td width=\"223\"><strong>Demande<\/strong><\/td>\n<td width=\"1175\"><strong>R\u00e9sum\u00e9 de la demande<\/strong><\/td>\n<\/tr>\n<tr>\n<td width=\"223\">Quota<\/td>\n<td width=\"1175\">Quota by Stream<\/td>\n<\/tr>\n<tr>\n<td width=\"223\">Match Rates<\/td>\n<td width=\"1175\">Match rates to disciplines<\/td>\n<\/tr>\n<tr>\n<td width=\"223\">Interviews<\/td>\n<td width=\"1175\">Interview offer volume<\/td>\n<\/tr>\n<tr>\n<td width=\"223\">IMG<\/td>\n<td width=\"1175\">IMG application volume<\/td>\n<\/tr>\n<\/tbody>\n<\/table>\n[\/vc_column_text][\/vc_tab][vc_tab title=\u00a0\u00bbMars\u00a0\u00bb tab_id=\u00a0\u00bbdc841040-8534-cl\u00a0\u00bb][vc_column_text css=\u00a0\u00bb.vc_custom_1687274494243{margin-bottom: 0px !important;}\u00a0\u00bb]\n<table width=\"1398\">\n<tbody>\n<tr>\n<td width=\"223\"><strong>Demande<\/strong><\/td>\n<td width=\"1175\"><strong>R\u00e9sum\u00e9 de la demande<\/strong><\/td>\n<\/tr>\n<tr>\n<td width=\"223\">USMG<\/td>\n<td width=\"1175\">Looking for historical trends for USMG match trends.<\/td>\n<\/tr>\n<tr>\n<td width=\"223\">IMG<\/td>\n<td width=\"1175\">Historical match rates to select international medical school.<\/td>\n<\/tr>\n<tr>\n<td width=\"223\">Quota<\/td>\n<td width=\"1175\">Historical quota for select disciplines at faculties across Canada.<\/td>\n<\/tr>\n<tr>\n<td width=\"223\">Quota<\/td>\n<td width=\"1175\">National quota for neurosurgery residency programs Canada.<\/td>\n<\/tr>\n<tr>\n<td width=\"223\">Gender<\/td>\n<td width=\"1175\">Match rates by Gender.<\/td>\n<\/tr>\n<tr>\n<td width=\"223\">Applications<\/td>\n<td width=\"1175\">Application trends to select disciplines historically.<\/td>\n<\/tr>\n<\/tbody>\n<\/table>\n[\/vc_column_text][\/vc_tab][vc_tab title=\u00a0\u00bbAvril\u00a0\u00bb tab_id=\u00a0\u00bb03e54de4-3c52-cl\u00a0\u00bb][vc_column_text css=\u00a0\u00bb.vc_custom_1687274790086{margin-bottom: 0px !important;}\u00a0\u00bb]\n<table width=\"1398\">\n<tbody>\n<tr>\n<td width=\"223\"><strong>Demande<\/strong><\/td>\n<td width=\"1175\"><strong>R\u00e9sum\u00e9 de la demande<\/strong><\/td>\n<\/tr>\n<tr>\n<td width=\"223\">Demographics<\/td>\n<td width=\"1175\">Applicant demographics trends to general surgery.<\/td>\n<\/tr>\n<tr>\n<td width=\"223\">Match rates<\/td>\n<td width=\"1175\">Match rates from international medical schools.<\/td>\n<\/tr>\n<tr>\n<td width=\"223\">Match rates<\/td>\n<td width=\"1175\">Match rates to Family Medicine for CMG graduates.<\/td>\n<\/tr>\n<tr>\n<td width=\"223\">IMGs<\/td>\n<td width=\"1175\">Match rates by IMGs to internal medicine<\/td>\n<\/tr>\n<\/tbody>\n<\/table>\n[\/vc_column_text][\/vc_tab][vc_tab title=\u00a0\u00bbMai\u00a0\u00bb tab_id=\u00a0\u00bb06f1cd58-8218-cl\u00a0\u00bb][vc_column_text css=\u00a0\u00bb.vc_custom_1687274809890{margin-bottom: 0px !important;}\u00a0\u00bb]\n<table width=\"1398\">\n<tbody>\n<tr>\n<td width=\"223\"><strong>Demande<\/strong><\/td>\n<td width=\"1175\"><strong>R\u00e9sum\u00e9 de la demande<\/strong><\/td>\n<\/tr>\n<tr>\n<td width=\"223\">USMG<\/td>\n<td width=\"1175\">Match rates by USMGs.<\/td>\n<\/tr>\n<tr>\n<td width=\"223\">FM\/ES<\/td>\n<td width=\"1175\">Historical match rates to FM\/ES match.<\/td>\n<\/tr>\n<\/tbody>\n<\/table>\n[\/vc_column_text][\/vc_tab][vc_tab title=\u00a0\u00bbJuin\u00a0\u00bb tab_id=\u00a0\u00bbd6e82d97-5240-cl\u00a0\u00bb][vc_column_text css=\u00a0\u00bb.vc_custom_1687274550306{margin-bottom: 0px !important;}\u00a0\u00bb]\n<table width=\"1398\">\n<tbody>\n<tr>\n<td width=\"223\"><strong>Demande<\/strong><\/td>\n<td width=\"1175\"><strong>R\u00e9sum\u00e9 de la demande<\/strong><\/td>\n<\/tr>\n<tr>\n<td width=\"223\">Gender<\/td>\n<td width=\"1175\">Match rates by Gender<\/td>\n<\/tr>\n<tr>\n<td width=\"223\">Demographics<\/td>\n<td width=\"1175\">Demographics of applicants by specialization.<\/td>\n<\/tr>\n<tr>\n<td width=\"223\">1st Choice<\/td>\n<td width=\"1175\">Historical 1st choice discipline for IMGs.<\/td>\n<\/tr>\n<tr>\n<td width=\"223\">Match rates<\/td>\n<td width=\"1175\">Match rates for IMGs<\/td>\n<\/tr>\n<tr>\n<td width=\"223\">Discipline<\/td>\n<td width=\"1175\">Interest in pathology as a discipline.<\/td>\n<\/tr>\n<tr>\n<td width=\"223\">Demographics<\/td>\n<td width=\"1175\">Applicants to surgical programs<\/td>\n<\/tr>\n<\/tbody>\n<\/table>\n[\/vc_column_text][\/vc_tab][vc_tab title=\u00a0\u00bbJuillet\u00a0\u00bb tab_id=\u00a0\u00bbc60c9d59-e70a-cl\u00a0\u00bb][vc_column_text css=\u00a0\u00bb.vc_custom_1687274835669{margin-bottom: 0px !important;}\u00a0\u00bb]\n<table width=\"1398\">\n<tbody>\n<tr>\n<td width=\"223\"><strong>Demande<\/strong><\/td>\n<td width=\"1175\"><strong>R\u00e9sum\u00e9 de la demande<\/strong><\/td>\n<\/tr>\n<tr>\n<td width=\"223\">Applications<\/td>\n<td width=\"1175\">Application volume to adult cardiology<\/td>\n<\/tr>\n<tr>\n<td width=\"223\">Applications<\/td>\n<td width=\"1175\">Application volume to radiology by various demographic features.<\/td>\n<\/tr>\n<tr>\n<td width=\"223\">Match Rates<\/td>\n<td width=\"1175\">Various disciplines<\/td>\n<\/tr>\n<tr>\n<td width=\"223\">IMG<\/td>\n<td width=\"1175\">Match rates<\/td>\n<\/tr>\n<tr>\n<td width=\"223\">Applications<\/td>\n<td width=\"1175\">Application volumes for hematology<\/td>\n<\/tr>\n<tr>\n<td width=\"223\">Applications<\/td>\n<td width=\"1175\">Application volume to respirology<\/td>\n<\/tr>\n<\/tbody>\n<\/table>\n[\/vc_column_text][\/vc_tab][vc_tab title=\u00a0\u00bbAo\u00fbt\u00a0\u00bb tab_id=\u00a0\u00bbae870022-cf37-cl\u00a0\u00bb][vc_column_text css=\u00a0\u00bb.vc_custom_1687274631352{margin-bottom: 0px !important;}\u00a0\u00bb]\n<table width=\"1398\">\n<tbody>\n<tr>\n<td width=\"223\"><strong>Demande<\/strong><\/td>\n<td width=\"1175\"><strong>R\u00e9sum\u00e9 de la demande<\/strong><\/td>\n<\/tr>\n<tr>\n<td width=\"223\">1st Choice Discipline<\/td>\n<td width=\"1175\">1st choice discipline by discipline<\/td>\n<\/tr>\n<tr>\n<td width=\"223\">Quota<\/td>\n<td width=\"1175\">Quota by discipline by province<\/td>\n<\/tr>\n<tr>\n<td width=\"223\">Applicants<\/td>\n<td width=\"1175\">Number of distinct applicants by year.<\/td>\n<\/tr>\n<\/tbody>\n<\/table>\n[\/vc_column_text][\/vc_tab][vc_tab title=\u00a0\u00bbSeptembre\u00a0\u00bb tab_id=\u00a0\u00bb617dde40-1b18-cl\u00a0\u00bb][vc_column_text css=\u00a0\u00bb.vc_custom_1687274652925{margin-bottom: 0px !important;}\u00a0\u00bb]\n<table width=\"1398\">\n<tbody>\n<tr>\n<td width=\"223\"><strong>Demande<\/strong><\/td>\n<td width=\"1175\"><strong>R\u00e9sum\u00e9 de la demande<\/strong><\/td>\n<\/tr>\n<tr>\n<td width=\"223\">Applications<\/td>\n<td width=\"1175\">Volume by medical school of graduation.<\/td>\n<\/tr>\n<tr>\n<td width=\"223\">IMGs<\/td>\n<td width=\"1175\">No. of IMG applicants to pediatrics.<\/td>\n<\/tr>\n<tr>\n<td width=\"223\">Match rates<\/td>\n<td width=\"1175\">Match rates by 1st choice discipline.<\/td>\n<\/tr>\n<tr>\n<td width=\"223\">Match rates<\/td>\n<td width=\"1175\">Match rates to QC schools for Pediatrics.<\/td>\n<\/tr>\n<tr>\n<td width=\"223\">Match rates<\/td>\n<td width=\"1175\">Match rates for hematology.<\/td>\n<\/tr>\n<tr>\n<td width=\"223\">Match rates<\/td>\n<td width=\"1175\">Match rates to family medicine.<\/td>\n<\/tr>\n<\/tbody>\n<\/table>\n[\/vc_column_text][\/vc_tab][vc_tab title=\u00a0\u00bbOctobre\u00a0\u00bb tab_id=\u00a0\u00bbaa5ec7d8-1b31-cl\u00a0\u00bb][vc_column_text css=\u00a0\u00bb.vc_custom_1687274852954{margin-bottom: 0px !important;}\u00a0\u00bb]\n<table width=\"1398\">\n<tbody>\n<tr>\n<td width=\"223\"><strong>Demande<\/strong><\/td>\n<td width=\"1175\"><strong>R\u00e9sum\u00e9 de la demande<\/strong><\/td>\n<\/tr>\n<tr>\n<td width=\"223\">Match rates<\/td>\n<td width=\"1175\">Match rates for IMGs by medical school.<\/td>\n<\/tr>\n<tr>\n<td width=\"223\">Interviews<\/td>\n<td width=\"1175\">Interviews offered volumes.<\/td>\n<\/tr>\n<tr>\n<td width=\"223\">Match rates<\/td>\n<td width=\"1175\">Match rates by school of graduation.<\/td>\n<\/tr>\n<tr>\n<td width=\"223\">Unfilled quota<\/td>\n<td width=\"1175\">Unfilled quota by school of program.<\/td>\n<\/tr>\n<tr>\n<td width=\"223\">Match rates<\/td>\n<td width=\"1175\">Match rates to emergency medicine.<\/td>\n<\/tr>\n<\/tbody>\n<\/table>\n[\/vc_column_text][\/vc_tab][vc_tab title=\u00a0\u00bbNovembre\u00a0\u00bb tab_id=\u00a0\u00bb7f0e7339-f929-cl\u00a0\u00bb][vc_column_text css=\u00a0\u00bb.vc_custom_1687274866422{margin-bottom: 0px !important;}\u00a0\u00bb]\n<table width=\"1398\">\n<tbody>\n<tr>\n<td width=\"223\"><strong>Demande<\/strong><\/td>\n<td width=\"1175\"><strong>R\u00e9sum\u00e9 de la demande<\/strong><\/td>\n<\/tr>\n<tr>\n<td width=\"223\">Gender<\/td>\n<td width=\"1175\">Match rates by gender to Otolaryngology.<\/td>\n<\/tr>\n<tr>\n<td width=\"223\">Applications<\/td>\n<td width=\"1175\">Application volume to geriatric medicine.<\/td>\n<\/tr>\n<tr>\n<td width=\"223\">Quota<\/td>\n<td width=\"1175\">Quota in ophthalmology.<\/td>\n<\/tr>\n<tr>\n<td width=\"223\">Quota<\/td>\n<td width=\"1175\">Quota available to IMGs.<\/td>\n<\/tr>\n<tr>\n<td width=\"223\">Demographics<\/td>\n<td width=\"1175\">Demographic data on those matching to orthopedic surgery.<\/td>\n<\/tr>\n<\/tbody>\n<\/table>\n[\/vc_column_text][\/vc_tab][vc_tab title=\u00a0\u00bbD\u00e9cembre\u00a0\u00bb tab_id=\u00a0\u00bb08eefef0-60ba-cl\u00a0\u00bb][vc_column_text css=\u00a0\u00bb.vc_custom_1687274720936{margin-bottom: 0px !important;}\u00a0\u00bb]\n<table width=\"1398\">\n<tbody>\n<tr>\n<td width=\"223\"><strong>Demande<\/strong><\/td>\n<td width=\"1175\"><strong>R\u00e9sum\u00e9 de la demande<\/strong><\/td>\n<\/tr>\n<tr>\n<td width=\"223\"><\/td>\n<td width=\"1175\"><\/td>\n<\/tr>\n<tr>\n<td width=\"223\"><\/td>\n<td width=\"1175\"><\/td>\n<\/tr>\n<tr>\n<td width=\"223\"><\/td>\n<td width=\"1175\"><\/td>\n<\/tr>\n<tr>\n<td width=\"223\"><\/td>\n<td width=\"1175\"><\/td>\n<\/tr>\n<tr>\n<td width=\"223\"><\/td>\n<td width=\"1175\"><\/td>\n<\/tr>\n<tr>\n<td width=\"223\"><\/td>\n<td width=\"1175\"><\/td>\n<\/tr>\n<\/tbody>\n<\/table>\n[\/vc_column_text][\/vc_tab][\/vc_tabs][\/vc_column][\/vc_row]\n<\/div>","protected":false},"excerpt":{"rendered":"<p>[vc_row][vc_column][vc_column_text css=\u00a0\u00bb.vc_custom_1687274919068{margin-bottom: 0px !important;}\u00a0\u00bb]Ce rapport r\u00e9sume les demandes de donn\u00e9es externes (de la part d\u2019organisations non membres) auxquelles CaRMS a r\u00e9pondu en 2022. Le rapport est pr\u00e9par\u00e9 en anglais seulement. [\/vc_column_text][\/vc_column][\/vc_row][vc_row][vc_column][vc_tabs][vc_tab title=\u00a0\u00bbJanvier\u00a0\u00bb tab_id=\u00a0\u00bb1568211657-1-38&Prime;][vc_column_text css=\u00a0\u00bb.vc_custom_1687274418613{margin-bottom: 0px !important;}\u00a0\u00bb] Demande R\u00e9sum\u00e9 de la demande Disciplines No. of applicants to Family Medicine Match Rates Match rates for IMGs Unmatched [&hellip;]<\/p>\n","protected":false},"author":5,"featured_media":0,"parent":26652,"menu_order":0,"comment_status":"closed","ping_status":"closed","template":"","meta":{"_acf_changed":false,"footnotes":""},"class_list":["post-37848","page","type-page","status-publish","hentry"],"acf":{"subtitle":""},"yoast_head":"<!-- This site is optimized with the Yoast SEO plugin v27.3 - https:\/\/yoast.com\/product\/yoast-seo-wordpress\/ -->\n<title>Demandes de donn\u00e9es externes (non-membre) de CaRMS \u2013 2022 - CaRMS<\/title>\n<meta name=\"robots\" content=\"index, follow, max-snippet:-1, max-image-preview:large, max-video-preview:-1\" \/>\n<link rel=\"canonical\" href=\"https:\/\/www.carms.ca\/fr\/rapport-de-demande-de-donnees\/demandes-de-donnees-archives\/rapport-de-demande-de-donnees-2022\/\" \/>\n<meta property=\"og:locale\" content=\"fr_FR\" \/>\n<meta property=\"og:type\" content=\"article\" \/>\n<meta property=\"og:title\" content=\"Demandes de donn\u00e9es externes (non-membre) de CaRMS \u2013 2022 - CaRMS\" \/>\n<meta property=\"og:description\" content=\"[vc_row][vc_column][vc_column_text css=\u00a0\u00bb.vc_custom_1687274919068{margin-bottom: 0px !important;}\u00a0\u00bb]Ce rapport r\u00e9sume les demandes de donn\u00e9es externes (de la part d\u2019organisations non membres) auxquelles CaRMS a r\u00e9pondu en 2022. Le rapport est pr\u00e9par\u00e9 en anglais seulement. [\/vc_column_text][\/vc_column][\/vc_row][vc_row][vc_column][vc_tabs][vc_tab title=\u00a0\u00bbJanvier\u00a0\u00bb tab_id=\u00a0\u00bb1568211657-1-38&Prime;][vc_column_text css=\u00a0\u00bb.vc_custom_1687274418613{margin-bottom: 0px !important;}\u00a0\u00bb] Demande R\u00e9sum\u00e9 de la demande Disciplines No. of applicants to Family Medicine Match Rates Match rates for IMGs Unmatched [&hellip;]\" \/>\n<meta property=\"og:url\" content=\"https:\/\/www.carms.ca\/fr\/rapport-de-demande-de-donnees\/demandes-de-donnees-archives\/rapport-de-demande-de-donnees-2022\/\" \/>\n<meta property=\"og:site_name\" content=\"CaRMS\" \/>\n<meta property=\"article:modified_time\" content=\"2024-06-18T21:18:38+00:00\" \/>\n<meta name=\"twitter:card\" content=\"summary_large_image\" \/>\n<meta name=\"twitter:label1\" content=\"Dur\u00e9e de lecture estim\u00e9e\" \/>\n\t<meta name=\"twitter:data1\" content=\"3 minutes\" \/>\n<script type=\"application\/ld+json\" class=\"yoast-schema-graph\">{\"@context\":\"https:\\\/\\\/schema.org\",\"@graph\":[{\"@type\":\"WebPage\",\"@id\":\"https:\\\/\\\/www.carms.ca\\\/fr\\\/rapport-de-demande-de-donnees\\\/demandes-de-donnees-archives\\\/rapport-de-demande-de-donnees-2022\\\/\",\"url\":\"https:\\\/\\\/www.carms.ca\\\/fr\\\/rapport-de-demande-de-donnees\\\/demandes-de-donnees-archives\\\/rapport-de-demande-de-donnees-2022\\\/\",\"name\":\"Demandes de donn\u00e9es externes (non-membre) de CaRMS \u2013 2022 - CaRMS\",\"isPartOf\":{\"@id\":\"https:\\\/\\\/www.carms.ca\\\/#website\"},\"datePublished\":\"2023-06-20T15:34:34+00:00\",\"dateModified\":\"2024-06-18T21:18:38+00:00\",\"breadcrumb\":{\"@id\":\"https:\\\/\\\/www.carms.ca\\\/fr\\\/rapport-de-demande-de-donnees\\\/demandes-de-donnees-archives\\\/rapport-de-demande-de-donnees-2022\\\/#breadcrumb\"},\"inLanguage\":\"fr-FR\",\"potentialAction\":[{\"@type\":\"ReadAction\",\"target\":[\"https:\\\/\\\/www.carms.ca\\\/fr\\\/rapport-de-demande-de-donnees\\\/demandes-de-donnees-archives\\\/rapport-de-demande-de-donnees-2022\\\/\"]}]},{\"@type\":\"BreadcrumbList\",\"@id\":\"https:\\\/\\\/www.carms.ca\\\/fr\\\/rapport-de-demande-de-donnees\\\/demandes-de-donnees-archives\\\/rapport-de-demande-de-donnees-2022\\\/#breadcrumb\",\"itemListElement\":[{\"@type\":\"ListItem\",\"position\":1,\"name\":\"Accueil\",\"item\":\"https:\\\/\\\/www.carms.ca\\\/fr\\\/accueil-2\\\/\"},{\"@type\":\"ListItem\",\"position\":2,\"name\":\"Demandes de donn\u00e9es externes (non-membre) de CaRMS\",\"item\":\"https:\\\/\\\/www.carms.ca\\\/fr\\\/rapport-de-demande-de-donnees\\\/\"},{\"@type\":\"ListItem\",\"position\":3,\"name\":\"Demandes de donn\u00e9es externes (non-membre) de CaRMS &#8211; archives\",\"item\":\"https:\\\/\\\/www.carms.ca\\\/fr\\\/rapport-de-demande-de-donnees\\\/demandes-de-donnees-archives\\\/\"},{\"@type\":\"ListItem\",\"position\":4,\"name\":\"Demandes de donn\u00e9es externes (non-membre) de CaRMS \u2013 2022\"}]},{\"@type\":\"WebSite\",\"@id\":\"https:\\\/\\\/www.carms.ca\\\/#website\",\"url\":\"https:\\\/\\\/www.carms.ca\\\/\",\"name\":\"CaRMS\",\"description\":\"\",\"potentialAction\":[{\"@type\":\"SearchAction\",\"target\":{\"@type\":\"EntryPoint\",\"urlTemplate\":\"https:\\\/\\\/www.carms.ca\\\/?s={search_term_string}\"},\"query-input\":{\"@type\":\"PropertyValueSpecification\",\"valueRequired\":true,\"valueName\":\"search_term_string\"}}],\"inLanguage\":\"fr-FR\"}]}<\/script>\n<!-- \/ Yoast SEO plugin. -->","yoast_head_json":{"title":"Demandes de donn\u00e9es externes (non-membre) de CaRMS \u2013 2022 - CaRMS","robots":{"index":"index","follow":"follow","max-snippet":"max-snippet:-1","max-image-preview":"max-image-preview:large","max-video-preview":"max-video-preview:-1"},"canonical":"https:\/\/www.carms.ca\/fr\/rapport-de-demande-de-donnees\/demandes-de-donnees-archives\/rapport-de-demande-de-donnees-2022\/","og_locale":"fr_FR","og_type":"article","og_title":"Demandes de donn\u00e9es externes (non-membre) de CaRMS \u2013 2022 - CaRMS","og_description":"[vc_row][vc_column][vc_column_text css=\u00a0\u00bb.vc_custom_1687274919068{margin-bottom: 0px !important;}\u00a0\u00bb]Ce rapport r\u00e9sume les demandes de donn\u00e9es externes (de la part d\u2019organisations non membres) auxquelles CaRMS a r\u00e9pondu en 2022. Le rapport est pr\u00e9par\u00e9 en anglais seulement. [\/vc_column_text][\/vc_column][\/vc_row][vc_row][vc_column][vc_tabs][vc_tab title=\u00a0\u00bbJanvier\u00a0\u00bb tab_id=\u00a0\u00bb1568211657-1-38&Prime;][vc_column_text css=\u00a0\u00bb.vc_custom_1687274418613{margin-bottom: 0px !important;}\u00a0\u00bb] Demande R\u00e9sum\u00e9 de la demande Disciplines No. of applicants to Family Medicine Match Rates Match rates for IMGs Unmatched [&hellip;]","og_url":"https:\/\/www.carms.ca\/fr\/rapport-de-demande-de-donnees\/demandes-de-donnees-archives\/rapport-de-demande-de-donnees-2022\/","og_site_name":"CaRMS","article_modified_time":"2024-06-18T21:18:38+00:00","twitter_card":"summary_large_image","twitter_misc":{"Dur\u00e9e de lecture estim\u00e9e":"3 minutes"},"schema":{"@context":"https:\/\/schema.org","@graph":[{"@type":"WebPage","@id":"https:\/\/www.carms.ca\/fr\/rapport-de-demande-de-donnees\/demandes-de-donnees-archives\/rapport-de-demande-de-donnees-2022\/","url":"https:\/\/www.carms.ca\/fr\/rapport-de-demande-de-donnees\/demandes-de-donnees-archives\/rapport-de-demande-de-donnees-2022\/","name":"Demandes de donn\u00e9es externes (non-membre) de CaRMS \u2013 2022 - CaRMS","isPartOf":{"@id":"https:\/\/www.carms.ca\/#website"},"datePublished":"2023-06-20T15:34:34+00:00","dateModified":"2024-06-18T21:18:38+00:00","breadcrumb":{"@id":"https:\/\/www.carms.ca\/fr\/rapport-de-demande-de-donnees\/demandes-de-donnees-archives\/rapport-de-demande-de-donnees-2022\/#breadcrumb"},"inLanguage":"fr-FR","potentialAction":[{"@type":"ReadAction","target":["https:\/\/www.carms.ca\/fr\/rapport-de-demande-de-donnees\/demandes-de-donnees-archives\/rapport-de-demande-de-donnees-2022\/"]}]},{"@type":"BreadcrumbList","@id":"https:\/\/www.carms.ca\/fr\/rapport-de-demande-de-donnees\/demandes-de-donnees-archives\/rapport-de-demande-de-donnees-2022\/#breadcrumb","itemListElement":[{"@type":"ListItem","position":1,"name":"Accueil","item":"https:\/\/www.carms.ca\/fr\/accueil-2\/"},{"@type":"ListItem","position":2,"name":"Demandes de donn\u00e9es externes (non-membre) de CaRMS","item":"https:\/\/www.carms.ca\/fr\/rapport-de-demande-de-donnees\/"},{"@type":"ListItem","position":3,"name":"Demandes de donn\u00e9es externes (non-membre) de CaRMS &#8211; archives","item":"https:\/\/www.carms.ca\/fr\/rapport-de-demande-de-donnees\/demandes-de-donnees-archives\/"},{"@type":"ListItem","position":4,"name":"Demandes de donn\u00e9es externes (non-membre) de CaRMS \u2013 2022"}]},{"@type":"WebSite","@id":"https:\/\/www.carms.ca\/#website","url":"https:\/\/www.carms.ca\/","name":"CaRMS","description":"","potentialAction":[{"@type":"SearchAction","target":{"@type":"EntryPoint","urlTemplate":"https:\/\/www.carms.ca\/?s={search_term_string}"},"query-input":{"@type":"PropertyValueSpecification","valueRequired":true,"valueName":"search_term_string"}}],"inLanguage":"fr-FR"}]}},"publishpress_future_workflow_manual_trigger":{"enabledWorkflows":[]},"_links":{"self":[{"href":"https:\/\/www.carms.ca\/fr\/wp-json\/wp\/v2\/pages\/37848","targetHints":{"allow":["GET"]}}],"collection":[{"href":"https:\/\/www.carms.ca\/fr\/wp-json\/wp\/v2\/pages"}],"about":[{"href":"https:\/\/www.carms.ca\/fr\/wp-json\/wp\/v2\/types\/page"}],"author":[{"embeddable":true,"href":"https:\/\/www.carms.ca\/fr\/wp-json\/wp\/v2\/users\/5"}],"replies":[{"embeddable":true,"href":"https:\/\/www.carms.ca\/fr\/wp-json\/wp\/v2\/comments?post=37848"}],"version-history":[{"count":1,"href":"https:\/\/www.carms.ca\/fr\/wp-json\/wp\/v2\/pages\/37848\/revisions"}],"predecessor-version":[{"id":37853,"href":"https:\/\/www.carms.ca\/fr\/wp-json\/wp\/v2\/pages\/37848\/revisions\/37853"}],"up":[{"embeddable":true,"href":"https:\/\/www.carms.ca\/fr\/wp-json\/wp\/v2\/pages\/26652"}],"wp:attachment":[{"href":"https:\/\/www.carms.ca\/fr\/wp-json\/wp\/v2\/media?parent=37848"}],"curies":[{"name":"wp","href":"https:\/\/api.w.org\/{rel}","templated":true}]}}