{"id":40161,"date":"2023-11-09T11:18:49","date_gmt":"2023-11-09T16:18:49","guid":{"rendered":"https:\/\/www.carms.ca\/?page_id=40161"},"modified":"2023-11-09T11:18:49","modified_gmt":"2023-11-09T16:18:49","slug":"concepteur-de-linformatique-decisionnelle-de-lextraction-la-transformation-et-le-chargement","status":"publish","type":"page","link":"https:\/\/www.carms.ca\/fr\/a-propos-de\/possibilites-de-carrieres\/joignez-vous-a-notre-equipe\/concepteur-de-linformatique-decisionnelle-de-lextraction-la-transformation-et-le-chargement\/","title":{"rendered":"Concepteur de l\u2019informatique d\u00e9cisionnelle\/de l\u2019extraction, la transformation et le chargement"},"content":{"rendered":"<div class=\"wpb-content-wrapper\">[vc_row][vc_column][vc_column_text css=\u00a0\u00bb.vc_custom_1699546726914{margin-bottom: 0px !important;}\u00a0\u00bb]<strong><em>Veuillez noter\u00a0:<\/em><\/strong><em>\u00a0l\u2019emploi du masculin dans le pr\u00e9sent texte d\u00e9signe, lorsque le contexte s\u2019y pr\u00eate, aussi bien les femmes et les personnes de type non binaire que les hommes.<\/em><\/p>\n<p><strong>L\u2019occasion\u00a0:<\/strong><strong>\u00a0 <\/strong><\/p>\n<p>Le Service canadien de jumelage des r\u00e9sidents (CaRMS), situ\u00e9 au centre-ville d\u2019Ottawa, est \u00e0 la recherche d\u2019un concepteur de l\u2019informatique d\u00e9cisionnelle\/de l\u2019extraction, la transformation et le chargement talentueux, technique, ax\u00e9 sur le client et avec une passion pour la transformation de donn\u00e9es pour soutenir la prise de d\u00e9cision. Sous la direction du scientifique principal des donn\u00e9es, ce poste soutient la strat\u00e9gie de donn\u00e9es de CaRMS par l\u2019entremise de la maintenance et l\u2019expansion de l\u2019ensemble de donn\u00e9es qui soulignent le reportage analytique et la recherche et le d\u00e9veloppement de notre groupe. Il s\u2019agit d\u2019un poste permanent \u00e0 temps plein et exige que l\u2019individu soit \u00e0 l\u2019aise \u00e0 travailler au bureau au moins un jour par semaine.<\/p>\n<p>Le r\u00f4le du concepteur de l\u2019informatique d\u00e9cisionnelle\/de l\u2019extraction, la transformation et le chargement est de transformer des donn\u00e9es brutes provenant des syst\u00e8mes d\u2019application source en un format qui facilite leur utilisation par l\u2019\u00e9quipe des donn\u00e9es pour aider les intervenants internes et externes de CaRMS \u00e0 prendre des d\u00e9cisions fond\u00e9es sur les donn\u00e9es. Vous serez responsable du maintien et de l\u2019expansion des processus d\u2019extraction, de transformation et de chargement (ETC) qui alimentent l\u2019entrep\u00f4t des donn\u00e9es de l\u2019organisation. L\u2019entrep\u00f4t des donn\u00e9es est au c\u0153ur du reportage op\u00e9rationnel et de la recherche et le d\u00e9veloppement chez CaRMS.<\/p>\n<p><strong>Le r\u00f4le et les responsabilit\u00e9s\u00a0:<\/strong><strong>\u00a0 \u00a0 <\/strong><\/p>\n<ul>\n<li>Maintenir et d\u00e9velopper les processus actuels d\u2019ETC (<em>Informatica PowerCenter\/Python<\/em>) et l\u2019entrep\u00f4t des donn\u00e9es (<em>PostgreSQL<\/em>) qui soutiennent l\u2019analyse et le reportage actuels, incluant les tableaux de bord (<em>Power BI, Tableau<\/em>).<\/li>\n<li>Soutenir l\u2019ETC dans les op\u00e9rations critiques sous-jacentes du jumelage (<em>Informatica\/Python<\/em>).<\/li>\n<li>Exercer des fonctions de gestion des bases de donn\u00e9es <em>PostgreSQL<\/em>, incluant la conception, l\u2019optimisation des performances et la s\u00e9curit\u00e9.<\/li>\n<li>R\u00e9soudre des probl\u00e8mes d\u2019int\u00e9gration des donn\u00e9es et de qualit\u00e9 des donn\u00e9es, diagnostiquer les pannes, mettre en \u0153uvre des solutions et r\u00e9viser les proc\u00e9dures et la documentation.<\/li>\n<li>Collaborer avec le scientifique principal des donn\u00e9es ou l\u2019analyste des donn\u00e9es sur des projets d\u2019analyse.<\/li>\n<li>\u00c9valuer les besoins et les objectifs commerciaux.<\/li>\n<li>D\u00e9terminer des occasions d\u2019acquisition de donn\u00e9es.<\/li>\n<li>B\u00e2tir et \u00e9largir les syst\u00e8mes de donn\u00e9es et les pipelines de donn\u00e9es<\/li>\n<li>B\u00e2tir des outils pour rendre des donn\u00e9es cl\u00e9s plus accessibles aux intervenants (c.-\u00e0-d. le libre-service interne et externe).<\/li>\n<li>Explorer des moyens d\u2019augmenter la qualit\u00e9 et la fiabilit\u00e9 des donn\u00e9es.<\/li>\n<li>Concevoir de nouvelles architectures de donn\u00e9es avec \u00e0 l\u2019esprit la flexibilit\u00e9, la maintenabilit\u00e9 et la testabilit\u00e9.<\/li>\n<li>D\u00e9velopper des solutions compr\u00e9hensives pour l\u2019enregistrement, la signalisation d\u2019erreurs et les avertissements.<\/li>\n<li>Participer \u00e0 des exercices de preuve du concept et du prototypage.<\/li>\n<li>Maintenir de la documentation concise, mais efficace.<\/li>\n<\/ul>\n<p><strong>Comp\u00e9tences\u00a0:<\/strong><strong>\u00a0 <\/strong><\/p>\n<ul>\n<li>Dipl\u00f4me de quatre ans en informatique, en g\u00e9nie, en math\u00e9matiques appliqu\u00e9es, en statistiques ou un domaine des TI connexe ou une exp\u00e9rience de travail \u00e9quivalente.<\/li>\n<li>Des certifications dans le domaine de la gestion des donn\u00e9es ou l\u2019informatique d\u00e9cisionnelle (professionnel certifi\u00e9 de la gestion des donn\u00e9es [CDMP]\/professionnel certifi\u00e9 des donn\u00e9es [CDP], etc.) seraient des atouts.<\/li>\n<li>De cinq \u00e0 huit ann\u00e9es d\u2019exp\u00e9rience dans le domaine de l\u2019entreposage des donn\u00e9es et des outils associ\u00e9s.<\/li>\n<li>Exp\u00e9rience et aptitude <strong>appr\u00e9ciable <\/strong>d\u00e9montr\u00e9e avec <strong><em>Informatica PowerCenter<\/em><\/strong>.<\/li>\n<li>Exp\u00e9rience d\u00e9montr\u00e9e avec des bases de donn\u00e9es relationnelles (p. ex., Oracle, PostgreSQL, etc.)<\/li>\n<li>Connaissance approfondie des concepts de gestion des donn\u00e9es associ\u00e9es avec la conception, la cr\u00e9ation, l\u2019entretien et l\u2019expansion d\u2019un entrep\u00f4t de donn\u00e9es Entreprise.<\/li>\n<li>Connaissance consid\u00e9rable des concepts de gestion de bases de donn\u00e9es (concept de syst\u00e8me de gestion de base de donn\u00e9es relationnelle\/non relationnelle).<\/li>\n<li>Comp\u00e9tences <strong>avanc\u00e9es en SQL<\/strong>.<\/li>\n<li>Les \u00e9l\u00e9ments suivants sont des atouts\u00a0:\n<ul>\n<li>Connaissance des langages de programmation Python ou R.<\/li>\n<li>Exp\u00e9rience en appui aux tableaux de bord (p. ex., <em>Tableau, MS Power BI<\/em>, etc.)<\/li>\n<li>Exp\u00e9rience avec, ou un grand int\u00e9r\u00eat envers l\u2019apprentissage, des outils d\u2019orchestration de logiciel libre et ETC pour organiser et automatiser des flux de travail de donn\u00e9es (<em>Apache Airflow, Dagster, Perfect, Airbyte, dbt<\/em>, etc.).<\/li>\n<li>Exp\u00e9rience au sein d\u2019une \u00e9quipe de livraison Agile.<\/li>\n<li>Exp\u00e9rience avec les outils de collaboration Jira et Confluence.<\/li>\n<li>Comp\u00e9tences en informatique en nuage avec un ou plusieurs fournisseurs de service en nuage (p. ex., <em>Amazon Web Services, Microsoft Azure, Google Cloud Platform, <\/em>).<\/li>\n<\/ul>\n<\/li>\n<\/ul>\n<p><strong>Le candidat retenu\u00a0:<\/strong><strong>\u00a0 <\/strong><\/p>\n<p>Vous poss\u00e9dez des connaissances et une compr\u00e9hension approfondie dans le domaine de <em>Informatica PowerCenter <\/em>et SQL. Vous avez une connaissance, ou un int\u00e9r\u00eat envers l\u2019apprentissage, du langage Python.<\/p>\n<p>Vous \u00eates un individu tr\u00e8s organis\u00e9, analytique et ax\u00e9 sur les d\u00e9tails qui est autonome et qui poss\u00e8de un haut niveau d\u2019initiative. Vous \u00eates int\u00e9rieurement motiv\u00e9 \u00e0 affiner constamment vos comp\u00e9tences en ing\u00e9nierie des donn\u00e9es. Vous pouvez produire d\u2019excellents r\u00e9sultats dans des d\u00e9lais serr\u00e9s. Vous poss\u00e9dez d\u2019excellentes comp\u00e9tences en communication et vous pouvez clairement transmettre des informations importantes aux intervenants internes avec le niveau de d\u00e9tail appropri\u00e9. Votre bon esprit d\u2019\u00e9quipe vous permet de travailler avec plusieurs d\u00e9partements afin de r\u00e9pondre \u00e0 leurs besoins en mati\u00e8re de donn\u00e9es. Vous poss\u00e9dez d\u2019excellentes comp\u00e9tences de r\u00e9solution de probl\u00e8me requises pour livrer des solutions efficaces en mati\u00e8re de donn\u00e9es pour nos clients.<\/p>\n<p><strong>\u00c0 propos de CaRMS\u00a0:<\/strong><\/p>\n<p>Le Service canadien de jumelage des r\u00e9sidents (CaRMS) est une organisation nationale ind\u00e9pendante sans but lucratif qui offre des solutions num\u00e9riques et de l\u2019expertise pour jumeler des \u00e9tudiants en m\u00e9decine \u00e0 des occasions de formation au Canada.<\/p>\n<p>La mission de CaRMS est d\u2019agir comme intendants de confiance, de b\u00e2tisseurs et d\u2019innovateurs des services de candidature et de jumelage \u00e9clair\u00e9s par les donn\u00e9es. Notre vision est de fournir aux candidats et aux facult\u00e9s les meilleurs r\u00e9sultats possibles gr\u00e2ce \u00e0 des syst\u00e8mes de candidature et de jumelage s\u00e9curitaires, justes et \u00e9quitables.<\/p>\n<p>Cr\u00e9\u00e9 en 1970 pour offrir un processus \u00e9quitable, objectif et transparent, CaRMS travaille avec la communaut\u00e9 de l\u2019enseignement m\u00e9dical, les facult\u00e9s de m\u00e9decine et les r\u00e9sidents\/\u00e9tudiants pour fournir la plateforme num\u00e9rique, l\u2019algorithme math\u00e9matique et les connaissances qui jum\u00e8lent les \u00e9tudiants \u00e0 des occasions de formation de r\u00e9sidence en m\u00e9decine.<\/p>\n<p>CaRMS est une organisation ax\u00e9e sur le service \u00e0 la client\u00e8le, qui compte sur une \u00e9quipe attentionn\u00e9e et d\u00e9vou\u00e9e pour assurer notre succ\u00e8s.<\/p>\n<p><strong>Ce que nous offrons\u00a0:<\/strong><\/p>\n<p>CaRMS appr\u00e9cie l\u2019importance d\u2019une main-d\u2019\u0153uvre \u00e9quitable, diverse et inclusive. Nous offrons un environnement de travail <strong>hybride<\/strong> collaboratif et agr\u00e9able qui met l\u2019accent sur l\u2019am\u00e9lioration continue de la qualit\u00e9 (ACQ), les occasions de croissance professionnelles, un ensemble complet d\u2019avantages sociaux et un r\u00e9gime de retraite \u00e0 cotisations d\u00e9termin\u00e9es avant-gardiste.<\/p>\n<p><strong>Comment poser sa candidature\u00a0:<\/strong><\/p>\n<p>Les candidats qualifi\u00e9s devraient soumettre leur curriculum vitae et une lettre d\u2019accompagnement \u00e0 l\u2019adresse <a href=\"mailto:hr@carms.ca\">hr@carms.ca<\/a>.<\/p>\n<p><em>Si CaRMS communique avec vous pour une occasion d\u2019emploi et que vous avez besoin de certaines mesures d\u2019accommodement ou d\u2019assistance, veuillez communiquer directement avec nous \u00e0 l\u2019adresse <\/em><a href=\"mailto:hr@carms.ca\">hr@carms.ca<\/a><em>. <\/em><\/p>\n<p><em>L\u2019\u00e9quipe de CaRMS c\u00e9l\u00e8bre la diversit\u00e9 et s\u2019engage \u00e0 cr\u00e9er un environnement inclusif pour tous les employ\u00e9s.<\/em><em> Nous accueillons toutes les personnes qui contribueraient \u00e0 la diversification approfondie de notre organisation, incluant sans s\u2019y limiter\u00a0: les femmes, les minorit\u00e9s visibles, les peuples des Premiers Nations, m\u00e9tis et Inuit, les personnes handicap\u00e9es et les personnes de n\u2019importe quelle orientation sexuelle, l\u2019identit\u00e9 ou expression sexuelle.<\/em><\/p>\n<p><em>\u00a0<\/em>[\/vc_column_text][\/vc_column][\/vc_row]\n<\/div>","protected":false},"excerpt":{"rendered":"<p>[vc_row][vc_column][vc_column_text css=\u00a0\u00bb.vc_custom_1699546726914{margin-bottom: 0px !important;}\u00a0\u00bb]Veuillez noter\u00a0:\u00a0l\u2019emploi du masculin dans le pr\u00e9sent texte d\u00e9signe, lorsque le contexte s\u2019y pr\u00eate, aussi bien les femmes et les personnes de type non binaire que les hommes. L\u2019occasion\u00a0:\u00a0 Le Service canadien de jumelage des r\u00e9sidents (CaRMS), situ\u00e9 au centre-ville d\u2019Ottawa, est \u00e0 la recherche d\u2019un concepteur de l\u2019informatique d\u00e9cisionnelle\/de l\u2019extraction, la [&hellip;]<\/p>\n","protected":false},"author":5,"featured_media":0,"parent":3231,"menu_order":0,"comment_status":"closed","ping_status":"closed","template":"","meta":{"_acf_changed":false,"footnotes":""},"class_list":["post-40161","page","type-page","status-publish","hentry"],"acf":{"subtitle":""},"yoast_head":"<!-- This site is optimized with the Yoast SEO plugin v27.3 - https:\/\/yoast.com\/product\/yoast-seo-wordpress\/ -->\n<title>Concepteur de l\u2019informatique d\u00e9cisionnelle\/de l\u2019extraction, la transformation et le chargement - CaRMS<\/title>\n<meta name=\"robots\" content=\"index, follow, max-snippet:-1, max-image-preview:large, max-video-preview:-1\" \/>\n<link rel=\"canonical\" href=\"https:\/\/www.carms.ca\/fr\/a-propos-de\/possibilites-de-carrieres\/joignez-vous-a-notre-equipe\/concepteur-de-linformatique-decisionnelle-de-lextraction-la-transformation-et-le-chargement\/\" \/>\n<meta property=\"og:locale\" content=\"fr_FR\" \/>\n<meta property=\"og:type\" content=\"article\" \/>\n<meta property=\"og:title\" content=\"Concepteur de l\u2019informatique d\u00e9cisionnelle\/de l\u2019extraction, la transformation et le chargement - CaRMS\" \/>\n<meta property=\"og:description\" content=\"[vc_row][vc_column][vc_column_text css=\u00a0\u00bb.vc_custom_1699546726914{margin-bottom: 0px !important;}\u00a0\u00bb]Veuillez noter\u00a0:\u00a0l\u2019emploi du masculin dans le pr\u00e9sent texte d\u00e9signe, lorsque le contexte s\u2019y pr\u00eate, aussi bien les femmes et les personnes de type non binaire que les hommes. L\u2019occasion\u00a0:\u00a0 Le Service canadien de jumelage des r\u00e9sidents (CaRMS), situ\u00e9 au centre-ville d\u2019Ottawa, est \u00e0 la recherche d\u2019un concepteur de l\u2019informatique d\u00e9cisionnelle\/de l\u2019extraction, la [&hellip;]\" \/>\n<meta property=\"og:url\" content=\"https:\/\/www.carms.ca\/fr\/a-propos-de\/possibilites-de-carrieres\/joignez-vous-a-notre-equipe\/concepteur-de-linformatique-decisionnelle-de-lextraction-la-transformation-et-le-chargement\/\" \/>\n<meta property=\"og:site_name\" content=\"CaRMS\" \/>\n<meta name=\"twitter:card\" content=\"summary_large_image\" \/>\n<meta name=\"twitter:label1\" content=\"Dur\u00e9e de lecture estim\u00e9e\" \/>\n\t<meta name=\"twitter:data1\" content=\"7 minutes\" \/>\n<script type=\"application\/ld+json\" class=\"yoast-schema-graph\">{\"@context\":\"https:\\\/\\\/schema.org\",\"@graph\":[{\"@type\":\"WebPage\",\"@id\":\"https:\\\/\\\/www.carms.ca\\\/fr\\\/a-propos-de\\\/possibilites-de-carrieres\\\/joignez-vous-a-notre-equipe\\\/concepteur-de-linformatique-decisionnelle-de-lextraction-la-transformation-et-le-chargement\\\/\",\"url\":\"https:\\\/\\\/www.carms.ca\\\/fr\\\/a-propos-de\\\/possibilites-de-carrieres\\\/joignez-vous-a-notre-equipe\\\/concepteur-de-linformatique-decisionnelle-de-lextraction-la-transformation-et-le-chargement\\\/\",\"name\":\"Concepteur de l\u2019informatique d\u00e9cisionnelle\\\/de l\u2019extraction, la transformation et le chargement - CaRMS\",\"isPartOf\":{\"@id\":\"https:\\\/\\\/www.carms.ca\\\/#website\"},\"datePublished\":\"2023-11-09T16:18:49+00:00\",\"breadcrumb\":{\"@id\":\"https:\\\/\\\/www.carms.ca\\\/fr\\\/a-propos-de\\\/possibilites-de-carrieres\\\/joignez-vous-a-notre-equipe\\\/concepteur-de-linformatique-decisionnelle-de-lextraction-la-transformation-et-le-chargement\\\/#breadcrumb\"},\"inLanguage\":\"fr-FR\",\"potentialAction\":[{\"@type\":\"ReadAction\",\"target\":[\"https:\\\/\\\/www.carms.ca\\\/fr\\\/a-propos-de\\\/possibilites-de-carrieres\\\/joignez-vous-a-notre-equipe\\\/concepteur-de-linformatique-decisionnelle-de-lextraction-la-transformation-et-le-chargement\\\/\"]}]},{\"@type\":\"BreadcrumbList\",\"@id\":\"https:\\\/\\\/www.carms.ca\\\/fr\\\/a-propos-de\\\/possibilites-de-carrieres\\\/joignez-vous-a-notre-equipe\\\/concepteur-de-linformatique-decisionnelle-de-lextraction-la-transformation-et-le-chargement\\\/#breadcrumb\",\"itemListElement\":[{\"@type\":\"ListItem\",\"position\":1,\"name\":\"Accueil\",\"item\":\"https:\\\/\\\/www.carms.ca\\\/fr\\\/\"},{\"@type\":\"ListItem\",\"position\":2,\"name\":\"\u00c0 propos de\",\"item\":\"https:\\\/\\\/www.carms.ca\\\/fr\\\/a-propos-de\\\/\"},{\"@type\":\"ListItem\",\"position\":3,\"name\":\"Possibilit\u00e9s de carri\u00e8res\",\"item\":\"https:\\\/\\\/www.carms.ca\\\/fr\\\/a-propos-de\\\/possibilites-de-carrieres\\\/\"},{\"@type\":\"ListItem\",\"position\":4,\"name\":\"Joignez-vous \u00e0 notre \u00e9quipe\",\"item\":\"https:\\\/\\\/www.carms.ca\\\/fr\\\/a-propos-de\\\/possibilites-de-carrieres\\\/joignez-vous-a-notre-equipe\\\/\"},{\"@type\":\"ListItem\",\"position\":5,\"name\":\"Concepteur de l\u2019informatique d\u00e9cisionnelle\\\/de l\u2019extraction, la transformation et le chargement\"}]},{\"@type\":\"WebSite\",\"@id\":\"https:\\\/\\\/www.carms.ca\\\/#website\",\"url\":\"https:\\\/\\\/www.carms.ca\\\/\",\"name\":\"CaRMS\",\"description\":\"\",\"potentialAction\":[{\"@type\":\"SearchAction\",\"target\":{\"@type\":\"EntryPoint\",\"urlTemplate\":\"https:\\\/\\\/www.carms.ca\\\/?s={search_term_string}\"},\"query-input\":{\"@type\":\"PropertyValueSpecification\",\"valueRequired\":true,\"valueName\":\"search_term_string\"}}],\"inLanguage\":\"fr-FR\"}]}<\/script>\n<!-- \/ Yoast SEO plugin. -->","yoast_head_json":{"title":"Concepteur de l\u2019informatique d\u00e9cisionnelle\/de l\u2019extraction, la transformation et le chargement - CaRMS","robots":{"index":"index","follow":"follow","max-snippet":"max-snippet:-1","max-image-preview":"max-image-preview:large","max-video-preview":"max-video-preview:-1"},"canonical":"https:\/\/www.carms.ca\/fr\/a-propos-de\/possibilites-de-carrieres\/joignez-vous-a-notre-equipe\/concepteur-de-linformatique-decisionnelle-de-lextraction-la-transformation-et-le-chargement\/","og_locale":"fr_FR","og_type":"article","og_title":"Concepteur de l\u2019informatique d\u00e9cisionnelle\/de l\u2019extraction, la transformation et le chargement - CaRMS","og_description":"[vc_row][vc_column][vc_column_text css=\u00a0\u00bb.vc_custom_1699546726914{margin-bottom: 0px !important;}\u00a0\u00bb]Veuillez noter\u00a0:\u00a0l\u2019emploi du masculin dans le pr\u00e9sent texte d\u00e9signe, lorsque le contexte s\u2019y pr\u00eate, aussi bien les femmes et les personnes de type non binaire que les hommes. L\u2019occasion\u00a0:\u00a0 Le Service canadien de jumelage des r\u00e9sidents (CaRMS), situ\u00e9 au centre-ville d\u2019Ottawa, est \u00e0 la recherche d\u2019un concepteur de l\u2019informatique d\u00e9cisionnelle\/de l\u2019extraction, la [&hellip;]","og_url":"https:\/\/www.carms.ca\/fr\/a-propos-de\/possibilites-de-carrieres\/joignez-vous-a-notre-equipe\/concepteur-de-linformatique-decisionnelle-de-lextraction-la-transformation-et-le-chargement\/","og_site_name":"CaRMS","twitter_card":"summary_large_image","twitter_misc":{"Dur\u00e9e de lecture estim\u00e9e":"7 minutes"},"schema":{"@context":"https:\/\/schema.org","@graph":[{"@type":"WebPage","@id":"https:\/\/www.carms.ca\/fr\/a-propos-de\/possibilites-de-carrieres\/joignez-vous-a-notre-equipe\/concepteur-de-linformatique-decisionnelle-de-lextraction-la-transformation-et-le-chargement\/","url":"https:\/\/www.carms.ca\/fr\/a-propos-de\/possibilites-de-carrieres\/joignez-vous-a-notre-equipe\/concepteur-de-linformatique-decisionnelle-de-lextraction-la-transformation-et-le-chargement\/","name":"Concepteur de l\u2019informatique d\u00e9cisionnelle\/de l\u2019extraction, la transformation et le chargement - CaRMS","isPartOf":{"@id":"https:\/\/www.carms.ca\/#website"},"datePublished":"2023-11-09T16:18:49+00:00","breadcrumb":{"@id":"https:\/\/www.carms.ca\/fr\/a-propos-de\/possibilites-de-carrieres\/joignez-vous-a-notre-equipe\/concepteur-de-linformatique-decisionnelle-de-lextraction-la-transformation-et-le-chargement\/#breadcrumb"},"inLanguage":"fr-FR","potentialAction":[{"@type":"ReadAction","target":["https:\/\/www.carms.ca\/fr\/a-propos-de\/possibilites-de-carrieres\/joignez-vous-a-notre-equipe\/concepteur-de-linformatique-decisionnelle-de-lextraction-la-transformation-et-le-chargement\/"]}]},{"@type":"BreadcrumbList","@id":"https:\/\/www.carms.ca\/fr\/a-propos-de\/possibilites-de-carrieres\/joignez-vous-a-notre-equipe\/concepteur-de-linformatique-decisionnelle-de-lextraction-la-transformation-et-le-chargement\/#breadcrumb","itemListElement":[{"@type":"ListItem","position":1,"name":"Accueil","item":"https:\/\/www.carms.ca\/fr\/"},{"@type":"ListItem","position":2,"name":"\u00c0 propos de","item":"https:\/\/www.carms.ca\/fr\/a-propos-de\/"},{"@type":"ListItem","position":3,"name":"Possibilit\u00e9s de carri\u00e8res","item":"https:\/\/www.carms.ca\/fr\/a-propos-de\/possibilites-de-carrieres\/"},{"@type":"ListItem","position":4,"name":"Joignez-vous \u00e0 notre \u00e9quipe","item":"https:\/\/www.carms.ca\/fr\/a-propos-de\/possibilites-de-carrieres\/joignez-vous-a-notre-equipe\/"},{"@type":"ListItem","position":5,"name":"Concepteur de l\u2019informatique d\u00e9cisionnelle\/de l\u2019extraction, la transformation et le chargement"}]},{"@type":"WebSite","@id":"https:\/\/www.carms.ca\/#website","url":"https:\/\/www.carms.ca\/","name":"CaRMS","description":"","potentialAction":[{"@type":"SearchAction","target":{"@type":"EntryPoint","urlTemplate":"https:\/\/www.carms.ca\/?s={search_term_string}"},"query-input":{"@type":"PropertyValueSpecification","valueRequired":true,"valueName":"search_term_string"}}],"inLanguage":"fr-FR"}]}},"publishpress_future_workflow_manual_trigger":{"enabledWorkflows":[]},"_links":{"self":[{"href":"https:\/\/www.carms.ca\/fr\/wp-json\/wp\/v2\/pages\/40161","targetHints":{"allow":["GET"]}}],"collection":[{"href":"https:\/\/www.carms.ca\/fr\/wp-json\/wp\/v2\/pages"}],"about":[{"href":"https:\/\/www.carms.ca\/fr\/wp-json\/wp\/v2\/types\/page"}],"author":[{"embeddable":true,"href":"https:\/\/www.carms.ca\/fr\/wp-json\/wp\/v2\/users\/5"}],"replies":[{"embeddable":true,"href":"https:\/\/www.carms.ca\/fr\/wp-json\/wp\/v2\/comments?post=40161"}],"version-history":[{"count":3,"href":"https:\/\/www.carms.ca\/fr\/wp-json\/wp\/v2\/pages\/40161\/revisions"}],"predecessor-version":[{"id":40166,"href":"https:\/\/www.carms.ca\/fr\/wp-json\/wp\/v2\/pages\/40161\/revisions\/40166"}],"up":[{"embeddable":true,"href":"https:\/\/www.carms.ca\/fr\/wp-json\/wp\/v2\/pages\/3231"}],"wp:attachment":[{"href":"https:\/\/www.carms.ca\/fr\/wp-json\/wp\/v2\/media?parent=40161"}],"curies":[{"name":"wp","href":"https:\/\/api.w.org\/{rel}","templated":true}]}}