{"id":40928,"date":"2024-01-17T12:17:38","date_gmt":"2024-01-17T17:17:38","guid":{"rendered":"https:\/\/www.carms.ca\/?page_id=40928"},"modified":"2025-07-25T12:28:42","modified_gmt":"2025-07-25T16:28:42","slug":"docteur-mostafa-bondok","status":"publish","type":"page","link":"https:\/\/www.carms.ca\/fr\/a-propos-de\/gouvernance-et-comites\/gouvernance\/docteur-mostafa-bondok\/","title":{"rendered":"Docteur Mostafa Bondok"},"content":{"rendered":"<p>Le docteur Bondok est un r\u00e9sident en ophtalmologie \u00e0 la <em>University of Calgary<\/em>. Il a termin\u00e9 ses \u00e9tudes de premier cycle en g\u00e9n\u00e9tique et physiologie et a obtenu son dipl\u00f4me en m\u00e9decine \u00e0 la <em>University of British Columbia<\/em>. Il a occup\u00e9 des r\u00f4les de leadership au sein de plusieurs conseils et comit\u00e9s au niveau national et des institutions.<\/p>\n<p>Le travail de Mostafa est ax\u00e9 sur l\u2019\u00e9ducation m\u00e9dicale et la recherche sur l\u2019\u00e9quit\u00e9 en mati\u00e8re de sant\u00e9, particuli\u00e8rement sur l\u2019am\u00e9lioration de la fa\u00e7on dont la recherche concernant les populations vuln\u00e9rables est r\u00e9alis\u00e9e et signal\u00e9e. Il a men\u00e9 plusieurs projets et initiatives communautaires desservant les individus qui vivent avec le VIH, les jeunes r\u00e9fugi\u00e9s et nouveaux arrivants et d\u2019autres populations d\u00e9favoris\u00e9es. Il a \u00e9galement dirig\u00e9 le plus grand programme de mentorat pour les \u00e9tudiants en m\u00e9decine et les r\u00e9sidents au Canada et a lanc\u00e9 des programmes de mentorat pour soutenir les \u00e9tudiants traditionnellement sous-repr\u00e9sent\u00e9s dans les domaines de la m\u00e9decine et des sciences, technologies, ing\u00e9nieries et math\u00e9matiques (STIM).<\/p>\n<p>En tant que directeur au sein du conseil d\u2019administration de CaRMS, Mostafa est vou\u00e9 \u00e0 promouvoir un processus de jumelage \u00e9quitable, transparent et fond\u00e9 sur les preuves qui sert mieux les dipl\u00f4m\u00e9s canadiens et internationaux en m\u00e9decine.<\/p>\n","protected":false},"excerpt":{"rendered":"<p>Le docteur Bondok est un r\u00e9sident en ophtalmologie \u00e0 la University of Calgary. Il a termin\u00e9 ses \u00e9tudes de premier cycle en g\u00e9n\u00e9tique et physiologie et a obtenu son dipl\u00f4me en m\u00e9decine \u00e0 la University of British Columbia. Il a occup\u00e9 des r\u00f4les de leadership au sein de plusieurs conseils et comit\u00e9s au niveau national [&hellip;]<\/p>\n","protected":false},"author":40,"featured_media":0,"parent":1053,"menu_order":0,"comment_status":"closed","ping_status":"closed","template":"","meta":{"_acf_changed":false,"footnotes":""},"class_list":["post-40928","page","type-page","status-publish","hentry"],"acf":{"subtitle":"<p><em>Directeur<\/em><br \/>\nR\u00e9sident en m\u00e9decine, <em>University of Calgary<\/em><\/p>\n"},"yoast_head":"<!-- This site is optimized with the Yoast SEO plugin v27.3 - https:\/\/yoast.com\/product\/yoast-seo-wordpress\/ -->\n<title>Docteur Mostafa Bondok - CaRMS<\/title>\n<meta name=\"robots\" content=\"index, follow, max-snippet:-1, max-image-preview:large, max-video-preview:-1\" \/>\n<link rel=\"canonical\" href=\"https:\/\/www.carms.ca\/fr\/a-propos-de\/gouvernance-et-comites\/gouvernance\/docteur-mostafa-bondok\/\" \/>\n<meta property=\"og:locale\" content=\"fr_FR\" \/>\n<meta property=\"og:type\" content=\"article\" \/>\n<meta property=\"og:title\" content=\"Docteur Mostafa Bondok - CaRMS\" \/>\n<meta property=\"og:description\" content=\"Le docteur Bondok est un r\u00e9sident en ophtalmologie \u00e0 la University of Calgary. Il a termin\u00e9 ses \u00e9tudes de premier cycle en g\u00e9n\u00e9tique et physiologie et a obtenu son dipl\u00f4me en m\u00e9decine \u00e0 la University of British Columbia. Il a occup\u00e9 des r\u00f4les de leadership au sein de plusieurs conseils et comit\u00e9s au niveau national [&hellip;]\" \/>\n<meta property=\"og:url\" content=\"https:\/\/www.carms.ca\/fr\/a-propos-de\/gouvernance-et-comites\/gouvernance\/docteur-mostafa-bondok\/\" \/>\n<meta property=\"og:site_name\" content=\"CaRMS\" \/>\n<meta property=\"article:modified_time\" content=\"2025-07-25T16:28:42+00:00\" \/>\n<meta name=\"twitter:card\" content=\"summary_large_image\" \/>\n<meta name=\"twitter:label1\" content=\"Dur\u00e9e de lecture estim\u00e9e\" \/>\n\t<meta name=\"twitter:data1\" content=\"1 minute\" \/>\n<script type=\"application\/ld+json\" class=\"yoast-schema-graph\">{\"@context\":\"https:\\\/\\\/schema.org\",\"@graph\":[{\"@type\":\"WebPage\",\"@id\":\"https:\\\/\\\/www.carms.ca\\\/fr\\\/a-propos-de\\\/gouvernance-et-comites\\\/gouvernance\\\/docteur-mostafa-bondok\\\/\",\"url\":\"https:\\\/\\\/www.carms.ca\\\/fr\\\/a-propos-de\\\/gouvernance-et-comites\\\/gouvernance\\\/docteur-mostafa-bondok\\\/\",\"name\":\"Docteur Mostafa Bondok - CaRMS\",\"isPartOf\":{\"@id\":\"https:\\\/\\\/www.carms.ca\\\/#website\"},\"datePublished\":\"2024-01-17T17:17:38+00:00\",\"dateModified\":\"2025-07-25T16:28:42+00:00\",\"breadcrumb\":{\"@id\":\"https:\\\/\\\/www.carms.ca\\\/fr\\\/a-propos-de\\\/gouvernance-et-comites\\\/gouvernance\\\/docteur-mostafa-bondok\\\/#breadcrumb\"},\"inLanguage\":\"fr-FR\",\"potentialAction\":[{\"@type\":\"ReadAction\",\"target\":[\"https:\\\/\\\/www.carms.ca\\\/fr\\\/a-propos-de\\\/gouvernance-et-comites\\\/gouvernance\\\/docteur-mostafa-bondok\\\/\"]}]},{\"@type\":\"BreadcrumbList\",\"@id\":\"https:\\\/\\\/www.carms.ca\\\/fr\\\/a-propos-de\\\/gouvernance-et-comites\\\/gouvernance\\\/docteur-mostafa-bondok\\\/#breadcrumb\",\"itemListElement\":[{\"@type\":\"ListItem\",\"position\":1,\"name\":\"Accueil\",\"item\":\"https:\\\/\\\/www.carms.ca\\\/fr\\\/accueil-2\\\/\"},{\"@type\":\"ListItem\",\"position\":2,\"name\":\"\u00c0 propos de\",\"item\":\"https:\\\/\\\/www.carms.ca\\\/fr\\\/a-propos-de\\\/\"},{\"@type\":\"ListItem\",\"position\":3,\"name\":\"Gouvernance et comit\u00e9s\",\"item\":\"https:\\\/\\\/www.carms.ca\\\/fr\\\/a-propos-de\\\/gouvernance-et-comites\\\/\"},{\"@type\":\"ListItem\",\"position\":4,\"name\":\"Gouvernance\",\"item\":\"https:\\\/\\\/www.carms.ca\\\/fr\\\/a-propos-de\\\/gouvernance-et-comites\\\/gouvernance\\\/\"},{\"@type\":\"ListItem\",\"position\":5,\"name\":\"Docteur Mostafa Bondok\"}]},{\"@type\":\"WebSite\",\"@id\":\"https:\\\/\\\/www.carms.ca\\\/#website\",\"url\":\"https:\\\/\\\/www.carms.ca\\\/\",\"name\":\"CaRMS\",\"description\":\"\",\"potentialAction\":[{\"@type\":\"SearchAction\",\"target\":{\"@type\":\"EntryPoint\",\"urlTemplate\":\"https:\\\/\\\/www.carms.ca\\\/?s={search_term_string}\"},\"query-input\":{\"@type\":\"PropertyValueSpecification\",\"valueRequired\":true,\"valueName\":\"search_term_string\"}}],\"inLanguage\":\"fr-FR\"}]}<\/script>\n<!-- \/ Yoast SEO plugin. -->","yoast_head_json":{"title":"Docteur Mostafa Bondok - CaRMS","robots":{"index":"index","follow":"follow","max-snippet":"max-snippet:-1","max-image-preview":"max-image-preview:large","max-video-preview":"max-video-preview:-1"},"canonical":"https:\/\/www.carms.ca\/fr\/a-propos-de\/gouvernance-et-comites\/gouvernance\/docteur-mostafa-bondok\/","og_locale":"fr_FR","og_type":"article","og_title":"Docteur Mostafa Bondok - CaRMS","og_description":"Le docteur Bondok est un r\u00e9sident en ophtalmologie \u00e0 la University of Calgary. Il a termin\u00e9 ses \u00e9tudes de premier cycle en g\u00e9n\u00e9tique et physiologie et a obtenu son dipl\u00f4me en m\u00e9decine \u00e0 la University of British Columbia. Il a occup\u00e9 des r\u00f4les de leadership au sein de plusieurs conseils et comit\u00e9s au niveau national [&hellip;]","og_url":"https:\/\/www.carms.ca\/fr\/a-propos-de\/gouvernance-et-comites\/gouvernance\/docteur-mostafa-bondok\/","og_site_name":"CaRMS","article_modified_time":"2025-07-25T16:28:42+00:00","twitter_card":"summary_large_image","twitter_misc":{"Dur\u00e9e de lecture estim\u00e9e":"1 minute"},"schema":{"@context":"https:\/\/schema.org","@graph":[{"@type":"WebPage","@id":"https:\/\/www.carms.ca\/fr\/a-propos-de\/gouvernance-et-comites\/gouvernance\/docteur-mostafa-bondok\/","url":"https:\/\/www.carms.ca\/fr\/a-propos-de\/gouvernance-et-comites\/gouvernance\/docteur-mostafa-bondok\/","name":"Docteur Mostafa Bondok - CaRMS","isPartOf":{"@id":"https:\/\/www.carms.ca\/#website"},"datePublished":"2024-01-17T17:17:38+00:00","dateModified":"2025-07-25T16:28:42+00:00","breadcrumb":{"@id":"https:\/\/www.carms.ca\/fr\/a-propos-de\/gouvernance-et-comites\/gouvernance\/docteur-mostafa-bondok\/#breadcrumb"},"inLanguage":"fr-FR","potentialAction":[{"@type":"ReadAction","target":["https:\/\/www.carms.ca\/fr\/a-propos-de\/gouvernance-et-comites\/gouvernance\/docteur-mostafa-bondok\/"]}]},{"@type":"BreadcrumbList","@id":"https:\/\/www.carms.ca\/fr\/a-propos-de\/gouvernance-et-comites\/gouvernance\/docteur-mostafa-bondok\/#breadcrumb","itemListElement":[{"@type":"ListItem","position":1,"name":"Accueil","item":"https:\/\/www.carms.ca\/fr\/accueil-2\/"},{"@type":"ListItem","position":2,"name":"\u00c0 propos de","item":"https:\/\/www.carms.ca\/fr\/a-propos-de\/"},{"@type":"ListItem","position":3,"name":"Gouvernance et comit\u00e9s","item":"https:\/\/www.carms.ca\/fr\/a-propos-de\/gouvernance-et-comites\/"},{"@type":"ListItem","position":4,"name":"Gouvernance","item":"https:\/\/www.carms.ca\/fr\/a-propos-de\/gouvernance-et-comites\/gouvernance\/"},{"@type":"ListItem","position":5,"name":"Docteur Mostafa Bondok"}]},{"@type":"WebSite","@id":"https:\/\/www.carms.ca\/#website","url":"https:\/\/www.carms.ca\/","name":"CaRMS","description":"","potentialAction":[{"@type":"SearchAction","target":{"@type":"EntryPoint","urlTemplate":"https:\/\/www.carms.ca\/?s={search_term_string}"},"query-input":{"@type":"PropertyValueSpecification","valueRequired":true,"valueName":"search_term_string"}}],"inLanguage":"fr-FR"}]}},"publishpress_future_workflow_manual_trigger":{"enabledWorkflows":[]},"_links":{"self":[{"href":"https:\/\/www.carms.ca\/fr\/wp-json\/wp\/v2\/pages\/40928","targetHints":{"allow":["GET"]}}],"collection":[{"href":"https:\/\/www.carms.ca\/fr\/wp-json\/wp\/v2\/pages"}],"about":[{"href":"https:\/\/www.carms.ca\/fr\/wp-json\/wp\/v2\/types\/page"}],"author":[{"embeddable":true,"href":"https:\/\/www.carms.ca\/fr\/wp-json\/wp\/v2\/users\/40"}],"replies":[{"embeddable":true,"href":"https:\/\/www.carms.ca\/fr\/wp-json\/wp\/v2\/comments?post=40928"}],"version-history":[{"count":4,"href":"https:\/\/www.carms.ca\/fr\/wp-json\/wp\/v2\/pages\/40928\/revisions"}],"predecessor-version":[{"id":48595,"href":"https:\/\/www.carms.ca\/fr\/wp-json\/wp\/v2\/pages\/40928\/revisions\/48595"}],"up":[{"embeddable":true,"href":"https:\/\/www.carms.ca\/fr\/wp-json\/wp\/v2\/pages\/1053"}],"wp:attachment":[{"href":"https:\/\/www.carms.ca\/fr\/wp-json\/wp\/v2\/media?parent=40928"}],"curies":[{"name":"wp","href":"https:\/\/api.w.org\/{rel}","templated":true}]}}