{"id":42501,"date":"2024-06-18T16:54:51","date_gmt":"2024-06-18T20:54:51","guid":{"rendered":"https:\/\/www.carms.ca\/?page_id=42501"},"modified":"2026-04-15T12:48:08","modified_gmt":"2026-04-15T16:48:08","slug":"rapport-de-demande-de-donnees","status":"publish","type":"page","link":"https:\/\/www.carms.ca\/fr\/rapport-de-demande-de-donnees\/","title":{"rendered":"Demandes de donn\u00e9es externes (non-membre) de CaRMS"},"content":{"rendered":"<div class=\"wpb-content-wrapper\">[vc_row][vc_column][vc_column_text css=\u00a0\u00bb.vc_custom_1773419674718{margin-bottom: 0px !important;}\u00a0\u00bb]Ce rapport r\u00e9sume les demandes de donn\u00e9es externes (de la part d\u2019organisations non membres) auxquelles CaRMS a r\u00e9pondu en 2026.<\/p>\n<p><em>Le rapport est pr\u00e9par\u00e9 en anglais seulement.<\/em>[\/vc_column_text][\/vc_column][\/vc_row][vc_row][vc_column][vc_tabs][vc_tab title=\u00a0\u00bbJanvier\u00a0\u00bb tab_id=\u00a0\u00bb1568211657-1-38&Prime;][mk_table]\n<table width=\"100%\">\n<thead>\n<tr>\n<td width=\"223\"><strong>Request<\/strong><\/td>\n<td width=\"1175\"><strong>Requirement Summary<\/strong><\/td>\n<\/tr>\n<\/thead>\n<tbody>\n<tr>\n<td>IMGs<\/td>\n<td>Match rate of IMGs from medical schools in Ireland and Australia.<\/td>\n<\/tr>\n<tr>\n<td>Couples Matching<\/td>\n<td>Couples matching data in R1 match.<\/td>\n<\/tr>\n<\/tbody>\n<\/table>\n[\/mk_table][\/vc_tab][vc_tab title=\u00a0\u00bbF\u00e9vrier\u00a0\u00bb tab_id=\u00a0\u00bb1583951959319-1-3&Prime;][mk_table]\n<table width=\"100%\">\n<thead>\n<tr>\n<td width=\"223\"><strong>Request<\/strong><\/td>\n<td width=\"1175\"><strong>Requirement Summary<\/strong><\/td>\n<\/tr>\n<\/thead>\n<tbody>\n<tr>\n<td>Returning applicants<\/td>\n<td>Match rate of applicants after going unmatched.<\/td>\n<\/tr>\n<tr>\n<td>Diversity data<\/td>\n<td>Demographics and diversity data on applicants in the match.<\/td>\n<\/tr>\n<tr>\n<td>Historical trends<\/td>\n<td>Match results from R1 and subspecialty matches for the last ten years.<\/td>\n<\/tr>\n<tr>\n<td>Gender<\/td>\n<td>Gender of matched applicants.<\/td>\n<\/tr>\n<tr>\n<td>CMG trends<\/td>\n<td>Application, interview, and match result trends for CMGs in the R1 match.<\/td>\n<\/tr>\n<\/tbody>\n<\/table>\n[\/mk_table][\/vc_tab][vc_tab title=\u00a0\u00bbMars\u00a0\u00bb tab_id=\u00a0\u00bb19acafe3-4197-cl\u00a0\u00bb][mk_table]\n<table width=\"100%\">\n<thead>\n<tr>\n<th>Request<\/th>\n<th>Requirement Summary<\/th>\n<\/tr>\n<\/thead>\n<tbody>\n<tr>\n<td>Family medicine<\/td>\n<td>Positions offered in family medicine and match rates<\/td>\n<\/tr>\n<tr>\n<td>IMGs in Surgery<\/td>\n<td>Match rate of IMGs to R1 surgical positions<\/td>\n<\/tr>\n<tr>\n<td>FSRM match<\/td>\n<td>Positions offered by specialty in FSRM match<\/td>\n<\/tr>\n<tr>\n<td>IMGs and gender<\/td>\n<td>Match rates of female IMGs in the R1 match<\/td>\n<\/tr>\n<tr>\n<td>Rural positions<\/td>\n<td>Match rates of rural positions in the R1 match<\/td>\n<\/tr>\n<tr>\n<td>R1 2nd iteration data<\/td>\n<td>Data in 2nd iteration R1 match &#8211; applicants, application, interview offers, matched<\/td>\n<\/tr>\n<tr>\n<td>Adult cardiology<\/td>\n<td>Applicants applying and matched to adult cardiology by school of R1 residency<\/td>\n<\/tr>\n<tr>\n<td>IMG match rates<\/td>\n<td>IMG match rates of applicants from medical schools in the UK<\/td>\n<\/tr>\n<\/tbody>\n<\/table>\n[\/mk_table][\/vc_tab][vc_tab title=\u00a0\u00bbAvril\u00a0\u00bb tab_id=\u00a0\u00bb819b7376-1ca5-cl\u00a0\u00bb][\/vc_tab][vc_tab title=\u00a0\u00bbMai\u00a0\u00bb tab_id=\u00a0\u00bbb44719be-2436-cl\u00a0\u00bb][\/vc_tab][vc_tab title=\u00a0\u00bbJuin\u00a0\u00bb tab_id=\u00a0\u00bb5d4f1086-71d4-cl\u00a0\u00bb][\/vc_tab][vc_tab title=\u00a0\u00bbJuillet\u00a0\u00bb tab_id=\u00a0\u00bb99e8d914-b212-cl\u00a0\u00bb][\/vc_tab][vc_tab title=\u00a0\u00bbAo\u00fbt\u00a0\u00bb tab_id=\u00a0\u00bb3ca9fdc9-fad5-cl\u00a0\u00bb][\/vc_tab][vc_tab title=\u00a0\u00bbSeptembre\u00a0\u00bb tab_id=\u00a0\u00bb433b6cb0-ba14-cl\u00a0\u00bb][\/vc_tab][vc_tab title=\u00a0\u00bbOctobre\u00a0\u00bb tab_id=\u00a0\u00bb652c6d4e-bfc1-cl\u00a0\u00bb][\/vc_tab][vc_tab title=\u00a0\u00bbNovembre\u00a0\u00bb tab_id=\u00a0\u00bb7c6ea5de-16cf-cl\u00a0\u00bb][\/vc_tab][vc_tab title=\u00a0\u00bbD\u00e9cembre\u00a0\u00bb tab_id=\u00a0\u00bbc47385d3-288c-cl\u00a0\u00bb][\/vc_tab][\/vc_tabs][\/vc_column][\/vc_row][vc_row][vc_column][vc_column_text css=\u00a0\u00bb.vc_custom_1615300527847{margin-bottom: 0px !important;}\u00a0\u00bb]Les demandes de donn\u00e9es des ann\u00e9es pass\u00e9es sont accessibles dans\u00a0<a href=\"https:\/\/www.carms.ca\/fr\/demandes-de-donnees-archives\/\">les archives des demandes de donn\u00e9es<\/a>.[\/vc_column_text][\/vc_column][\/vc_row]\n<\/div>","protected":false},"excerpt":{"rendered":"<p>[vc_row][vc_column][vc_column_text css=\u00a0\u00bb.vc_custom_1773419674718{margin-bottom: 0px !important;}\u00a0\u00bb]Ce rapport r\u00e9sume les demandes de donn\u00e9es externes (de la part d\u2019organisations non membres) auxquelles CaRMS a r\u00e9pondu en 2026. Le rapport est pr\u00e9par\u00e9 en anglais seulement.[\/vc_column_text][\/vc_column][\/vc_row][vc_row][vc_column][vc_tabs][vc_tab title=\u00a0\u00bbJanvier\u00a0\u00bb tab_id=\u00a0\u00bb1568211657-1-38&Prime;][mk_table] Request Requirement Summary IMGs Match rate of IMGs from medical schools in Ireland and Australia. Couples Matching Couples matching data in R1 match. [&hellip;]<\/p>\n","protected":false},"author":72,"featured_media":0,"parent":0,"menu_order":0,"comment_status":"closed","ping_status":"closed","template":"","meta":{"_acf_changed":false,"footnotes":""},"class_list":["post-42501","page","type-page","status-publish","hentry"],"acf":{"subtitle":""},"yoast_head":"<!-- This site is optimized with the Yoast SEO plugin v27.3 - https:\/\/yoast.com\/product\/yoast-seo-wordpress\/ -->\n<title>Demandes de donn\u00e9es externes (non-membre) de CaRMS - CaRMS<\/title>\n<meta name=\"robots\" content=\"noindex, nofollow\" \/>\n<meta property=\"og:locale\" content=\"fr_FR\" \/>\n<meta property=\"og:type\" content=\"article\" \/>\n<meta property=\"og:title\" content=\"Demandes de donn\u00e9es externes (non-membre) de CaRMS - CaRMS\" \/>\n<meta property=\"og:description\" content=\"[vc_row][vc_column][vc_column_text css=\u00a0\u00bb.vc_custom_1773419674718{margin-bottom: 0px !important;}\u00a0\u00bb]Ce rapport r\u00e9sume les demandes de donn\u00e9es externes (de la part d\u2019organisations non membres) auxquelles CaRMS a r\u00e9pondu en 2026. Le rapport est pr\u00e9par\u00e9 en anglais seulement.[\/vc_column_text][\/vc_column][\/vc_row][vc_row][vc_column][vc_tabs][vc_tab title=\u00a0\u00bbJanvier\u00a0\u00bb tab_id=\u00a0\u00bb1568211657-1-38&Prime;][mk_table] Request Requirement Summary IMGs Match rate of IMGs from medical schools in Ireland and Australia. Couples Matching Couples matching data in R1 match. [&hellip;]\" \/>\n<meta property=\"og:url\" content=\"https:\/\/www.carms.ca\/fr\/rapport-de-demande-de-donnees\/\" \/>\n<meta property=\"og:site_name\" content=\"CaRMS\" \/>\n<meta property=\"article:modified_time\" content=\"2026-04-15T16:48:08+00:00\" \/>\n<meta name=\"twitter:card\" content=\"summary_large_image\" \/>\n<meta name=\"twitter:label1\" content=\"Dur\u00e9e de lecture estim\u00e9e\" \/>\n\t<meta name=\"twitter:data1\" content=\"2 minutes\" \/>\n<script type=\"application\/ld+json\" class=\"yoast-schema-graph\">{\"@context\":\"https:\\\/\\\/schema.org\",\"@graph\":[{\"@type\":\"WebPage\",\"@id\":\"https:\\\/\\\/www.carms.ca\\\/fr\\\/rapport-de-demande-de-donnees\\\/\",\"url\":\"https:\\\/\\\/www.carms.ca\\\/fr\\\/rapport-de-demande-de-donnees\\\/\",\"name\":\"Demandes de donn\u00e9es externes (non-membre) de CaRMS - CaRMS\",\"isPartOf\":{\"@id\":\"https:\\\/\\\/www.carms.ca\\\/#website\"},\"datePublished\":\"2024-06-18T20:54:51+00:00\",\"dateModified\":\"2026-04-15T16:48:08+00:00\",\"breadcrumb\":{\"@id\":\"https:\\\/\\\/www.carms.ca\\\/fr\\\/rapport-de-demande-de-donnees\\\/#breadcrumb\"},\"inLanguage\":\"fr-FR\",\"potentialAction\":[{\"@type\":\"ReadAction\",\"target\":[\"https:\\\/\\\/www.carms.ca\\\/fr\\\/rapport-de-demande-de-donnees\\\/\"]}]},{\"@type\":\"BreadcrumbList\",\"@id\":\"https:\\\/\\\/www.carms.ca\\\/fr\\\/rapport-de-demande-de-donnees\\\/#breadcrumb\",\"itemListElement\":[{\"@type\":\"ListItem\",\"position\":1,\"name\":\"Accueil\",\"item\":\"https:\\\/\\\/www.carms.ca\\\/fr\\\/accueil-2\\\/\"},{\"@type\":\"ListItem\",\"position\":2,\"name\":\"Demandes de donn\u00e9es externes (non-membre) de CaRMS\"}]},{\"@type\":\"WebSite\",\"@id\":\"https:\\\/\\\/www.carms.ca\\\/#website\",\"url\":\"https:\\\/\\\/www.carms.ca\\\/\",\"name\":\"CaRMS\",\"description\":\"\",\"potentialAction\":[{\"@type\":\"SearchAction\",\"target\":{\"@type\":\"EntryPoint\",\"urlTemplate\":\"https:\\\/\\\/www.carms.ca\\\/?s={search_term_string}\"},\"query-input\":{\"@type\":\"PropertyValueSpecification\",\"valueRequired\":true,\"valueName\":\"search_term_string\"}}],\"inLanguage\":\"fr-FR\"}]}<\/script>\n<!-- \/ Yoast SEO plugin. -->","yoast_head_json":{"title":"Demandes de donn\u00e9es externes (non-membre) de CaRMS - CaRMS","robots":{"index":"noindex","follow":"nofollow"},"og_locale":"fr_FR","og_type":"article","og_title":"Demandes de donn\u00e9es externes (non-membre) de CaRMS - CaRMS","og_description":"[vc_row][vc_column][vc_column_text css=\u00a0\u00bb.vc_custom_1773419674718{margin-bottom: 0px !important;}\u00a0\u00bb]Ce rapport r\u00e9sume les demandes de donn\u00e9es externes (de la part d\u2019organisations non membres) auxquelles CaRMS a r\u00e9pondu en 2026. Le rapport est pr\u00e9par\u00e9 en anglais seulement.[\/vc_column_text][\/vc_column][\/vc_row][vc_row][vc_column][vc_tabs][vc_tab title=\u00a0\u00bbJanvier\u00a0\u00bb tab_id=\u00a0\u00bb1568211657-1-38&Prime;][mk_table] Request Requirement Summary IMGs Match rate of IMGs from medical schools in Ireland and Australia. Couples Matching Couples matching data in R1 match. [&hellip;]","og_url":"https:\/\/www.carms.ca\/fr\/rapport-de-demande-de-donnees\/","og_site_name":"CaRMS","article_modified_time":"2026-04-15T16:48:08+00:00","twitter_card":"summary_large_image","twitter_misc":{"Dur\u00e9e de lecture estim\u00e9e":"2 minutes"},"schema":{"@context":"https:\/\/schema.org","@graph":[{"@type":"WebPage","@id":"https:\/\/www.carms.ca\/fr\/rapport-de-demande-de-donnees\/","url":"https:\/\/www.carms.ca\/fr\/rapport-de-demande-de-donnees\/","name":"Demandes de donn\u00e9es externes (non-membre) de CaRMS - CaRMS","isPartOf":{"@id":"https:\/\/www.carms.ca\/#website"},"datePublished":"2024-06-18T20:54:51+00:00","dateModified":"2026-04-15T16:48:08+00:00","breadcrumb":{"@id":"https:\/\/www.carms.ca\/fr\/rapport-de-demande-de-donnees\/#breadcrumb"},"inLanguage":"fr-FR","potentialAction":[{"@type":"ReadAction","target":["https:\/\/www.carms.ca\/fr\/rapport-de-demande-de-donnees\/"]}]},{"@type":"BreadcrumbList","@id":"https:\/\/www.carms.ca\/fr\/rapport-de-demande-de-donnees\/#breadcrumb","itemListElement":[{"@type":"ListItem","position":1,"name":"Accueil","item":"https:\/\/www.carms.ca\/fr\/accueil-2\/"},{"@type":"ListItem","position":2,"name":"Demandes de donn\u00e9es externes (non-membre) de CaRMS"}]},{"@type":"WebSite","@id":"https:\/\/www.carms.ca\/#website","url":"https:\/\/www.carms.ca\/","name":"CaRMS","description":"","potentialAction":[{"@type":"SearchAction","target":{"@type":"EntryPoint","urlTemplate":"https:\/\/www.carms.ca\/?s={search_term_string}"},"query-input":{"@type":"PropertyValueSpecification","valueRequired":true,"valueName":"search_term_string"}}],"inLanguage":"fr-FR"}]}},"publishpress_future_workflow_manual_trigger":{"enabledWorkflows":[]},"_links":{"self":[{"href":"https:\/\/www.carms.ca\/fr\/wp-json\/wp\/v2\/pages\/42501","targetHints":{"allow":["GET"]}}],"collection":[{"href":"https:\/\/www.carms.ca\/fr\/wp-json\/wp\/v2\/pages"}],"about":[{"href":"https:\/\/www.carms.ca\/fr\/wp-json\/wp\/v2\/types\/page"}],"author":[{"embeddable":true,"href":"https:\/\/www.carms.ca\/fr\/wp-json\/wp\/v2\/users\/72"}],"replies":[{"embeddable":true,"href":"https:\/\/www.carms.ca\/fr\/wp-json\/wp\/v2\/comments?post=42501"}],"version-history":[{"count":28,"href":"https:\/\/www.carms.ca\/fr\/wp-json\/wp\/v2\/pages\/42501\/revisions"}],"predecessor-version":[{"id":52249,"href":"https:\/\/www.carms.ca\/fr\/wp-json\/wp\/v2\/pages\/42501\/revisions\/52249"}],"wp:attachment":[{"href":"https:\/\/www.carms.ca\/fr\/wp-json\/wp\/v2\/media?parent=42501"}],"curies":[{"name":"wp","href":"https:\/\/api.w.org\/{rel}","templated":true}]}}