{"id":42508,"date":"2024-06-18T16:50:26","date_gmt":"2024-06-18T20:50:26","guid":{"rendered":"https:\/\/www.carms.ca\/?page_id=42508"},"modified":"2024-06-18T17:19:41","modified_gmt":"2024-06-18T21:19:41","slug":"demandes-de-donnees-externes-non-membre-de-carms-2023","status":"publish","type":"page","link":"https:\/\/www.carms.ca\/fr\/rapport-de-demande-de-donnees\/demandes-de-donnees-archives\/demandes-de-donnees-externes-non-membre-de-carms-2023\/","title":{"rendered":"Demandes de donn\u00e9es externes (non-membre) de CaRMS \u2013 2023"},"content":{"rendered":"<div class=\"wpb-content-wrapper\">[vc_row][vc_column][vc_column_text css=\u00a0\u00bb.vc_custom_1718743307237{margin-bottom: 0px !important;}\u00a0\u00bb]Ce rapport r\u00e9sume les demandes de donn\u00e9es externes (de la part d\u2019organisations non membres) auxquelles CaRMS a r\u00e9pondu en 2023.<\/p>\n<p><em>Le rapport est pr\u00e9par\u00e9 en anglais seulement.<\/em>[\/vc_column_text][\/vc_column][\/vc_row][vc_row][vc_column][vc_tabs][vc_tab title=\u00a0\u00bbJanvier\u00a0\u00bb tab_id=\u00a0\u00bb1568211657-1-38&Prime;][vc_column_text css=\u00a0\u00bb.vc_custom_1718743588458{margin-bottom: 0px !important;}\u00a0\u00bb]\n<table width=\"1398\">\n<tbody>\n<tr>\n<td width=\"223\"><strong>Demande<\/strong><\/td>\n<td width=\"1175\"><strong>R\u00e9sum\u00e9 de la demande<\/strong><\/td>\n<\/tr>\n<tr>\n<td width=\"223\">IMGs<\/td>\n<td width=\"1175\">Match rates of IMGs in Quebec<\/td>\n<\/tr>\n<tr>\n<td width=\"223\">Applicants<\/td>\n<td width=\"1175\">Match rates of applicants with prior training\/internships in Canada or US<\/td>\n<\/tr>\n<tr>\n<td width=\"223\">Match data<\/td>\n<td width=\"1175\">Number of applicants, positions, match rates by discipline<\/td>\n<\/tr>\n<tr>\n<td width=\"223\">Applications<\/td>\n<td width=\"1175\">Number of applications submitted<\/td>\n<\/tr>\n<tr>\n<td width=\"223\">IMGs<\/td>\n<td width=\"1175\">Number of IMGs in the match by medical school region<\/td>\n<\/tr>\n<tr>\n<td width=\"223\">IMGs<\/td>\n<td width=\"1175\">Matched and unmatched IMGs in 2nd iteration<\/td>\n<\/tr>\n<tr>\n<td width=\"223\">Match data<\/td>\n<td width=\"1175\">Application volume, first choices, match rates, gender data, home school versus away school, discipline data<\/td>\n<\/tr>\n<tr>\n<td width=\"223\">Match data<\/td>\n<td width=\"1175\">Match rates and movement of CMGs from medical school to residency school by discipline<\/td>\n<\/tr>\n<\/tbody>\n<\/table>\n[\/vc_column_text][\/vc_tab][vc_tab title=\u00a0\u00bbF\u00e9vrier\u00a0\u00bb tab_id=\u00a0\u00bb1583951153266-1-8&Prime;][vc_column_text css=\u00a0\u00bb.vc_custom_1718743614203{margin-bottom: 0px !important;}\u00a0\u00bb]\n<table width=\"1398\">\n<tbody>\n<tr>\n<td width=\"223\"><strong>Demande<\/strong><\/td>\n<td width=\"1175\"><strong>R\u00e9sum\u00e9 de la demande<\/strong><\/td>\n<\/tr>\n<tr>\n<td width=\"223\">IMGs<\/td>\n<td width=\"1175\">Interview offers in Family Medicine<\/td>\n<\/tr>\n<tr>\n<td width=\"223\">Gender<\/td>\n<td width=\"1175\">Gender of applicants by discipline<\/td>\n<\/tr>\n<tr>\n<td width=\"223\">Match rate<\/td>\n<td width=\"1175\">Match rates of previous year graduates<\/td>\n<\/tr>\n<tr>\n<td width=\"223\">Program choices<\/td>\n<td width=\"1175\">CMGs matching to their top 3 programs<\/td>\n<\/tr>\n<tr>\n<td width=\"223\">Discipline choices<\/td>\n<td width=\"1175\">Applicants matching to their 1st choice and top 3 choices<\/td>\n<\/tr>\n<tr>\n<td width=\"223\">IMGs<\/td>\n<td width=\"1175\">IMG match rates to surgical disciplines<\/td>\n<\/tr>\n<\/tbody>\n<\/table>\n[\/vc_column_text][\/vc_tab][vc_tab title=\u00a0\u00bbMars\u00a0\u00bb tab_id=\u00a0\u00bbdc841040-8534-cl\u00a0\u00bb][vc_column_text css=\u00a0\u00bb.vc_custom_1718743641303{margin-bottom: 0px !important;}\u00a0\u00bb]\n<table width=\"1398\">\n<tbody>\n<tr>\n<td width=\"223\">\u00a0<strong>Demande<\/strong><\/td>\n<td width=\"1175\"><strong>R\u00e9sum\u00e9 de la demande<\/strong><\/td>\n<\/tr>\n<tr>\n<td width=\"223\">Applicants<\/td>\n<td width=\"1175\">Region of residency school of applicants matched to cardiology<\/td>\n<\/tr>\n<tr>\n<td width=\"223\">IMGs<\/td>\n<td width=\"1175\">IMG match rates by medical school<\/td>\n<\/tr>\n<tr>\n<td width=\"223\">Match rate<\/td>\n<td width=\"1175\">Match rate of FM-ES match by specialty<\/td>\n<\/tr>\n<tr>\n<td width=\"223\">USMGs<\/td>\n<td width=\"1175\">USMG match rates by medical school<\/td>\n<\/tr>\n<tr>\n<td width=\"223\">Rank choices<\/td>\n<td width=\"1175\">Applicants matched to their top 3 choices in the MSM match<\/td>\n<\/tr>\n<tr>\n<td width=\"223\">Gender<\/td>\n<td width=\"1175\">Gender of matched IMGs<\/td>\n<\/tr>\n<tr>\n<td width=\"223\">Applicants<\/td>\n<td width=\"1175\">Applicants by home school or away school by region of medical school<\/td>\n<\/tr>\n<tr>\n<td width=\"223\">Applicants<\/td>\n<td width=\"1175\">Region of residency school for applicants matched in MSM match<\/td>\n<\/tr>\n<tr>\n<td width=\"223\">Match data<\/td>\n<td width=\"1175\">Match data for urology programs across Canada<\/td>\n<\/tr>\n<tr>\n<td width=\"223\">Match data<\/td>\n<td width=\"1175\">Applicants and quota by discipline in the MSM match<\/td>\n<\/tr>\n<tr>\n<td width=\"223\">Match data<\/td>\n<td width=\"1175\">Applicants and quota by discipline in the FM-ES match<\/td>\n<\/tr>\n<\/tbody>\n<\/table>\n[\/vc_column_text][\/vc_tab][vc_tab title=\u00a0\u00bbAvril\u00a0\u00bb tab_id=\u00a0\u00bb03e54de4-3c52-cl\u00a0\u00bb][vc_column_text css=\u00a0\u00bb.vc_custom_1718743660315{margin-bottom: 0px !important;}\u00a0\u00bb]\n<table width=\"1398\">\n<tbody>\n<tr>\n<td width=\"223\"><strong>Demande<\/strong><\/td>\n<td width=\"1175\"><strong>R\u00e9sum\u00e9 de la demande<\/strong><\/td>\n<\/tr>\n<tr>\n<td width=\"223\">IMGs<\/td>\n<td width=\"1175\">Match rate of IMGs by medical school<\/td>\n<\/tr>\n<tr>\n<td width=\"223\">Match data<\/td>\n<td width=\"1175\">Plastic surgery data &#8211; quota, applicants, volume of applications, match rate, electives<\/td>\n<\/tr>\n<\/tbody>\n<\/table>\n[\/vc_column_text][\/vc_tab][vc_tab title=\u00a0\u00bbMai\u00a0\u00bb tab_id=\u00a0\u00bb06f1cd58-8218-cl\u00a0\u00bb][vc_column_text css=\u00a0\u00bb.vc_custom_1718743676863{margin-bottom: 0px !important;}\u00a0\u00bb]\n<table width=\"1398\">\n<tbody>\n<tr>\n<td width=\"223\"><strong>Demande<\/strong><\/td>\n<td width=\"1175\"><strong>R\u00e9sum\u00e9 de la demande<\/strong><\/td>\n<\/tr>\n<tr>\n<td width=\"223\">Match data<\/td>\n<td width=\"1175\">Quota, distinct applicants, application volume by discipline for Quebec programs<\/td>\n<\/tr>\n<tr>\n<td width=\"223\">Supply\/demand ratio<\/td>\n<td width=\"1175\">Supply-demand ratios for 2023 match<\/td>\n<\/tr>\n<tr>\n<td width=\"223\">Match rates<\/td>\n<td width=\"1175\">Match rates by discipline<\/td>\n<\/tr>\n<tr>\n<td width=\"223\">Applicants<\/td>\n<td width=\"1175\">Match rate, distinct applicants, application volume, age, research experience, year of graduation of UK medical school applicants<\/td>\n<\/tr>\n<tr>\n<td width=\"223\">Applicants<\/td>\n<td width=\"1175\">Medical school\/medical school region of applicants matched to UBC family medicine<\/td>\n<\/tr>\n<\/tbody>\n<\/table>\n[\/vc_column_text][\/vc_tab][vc_tab title=\u00a0\u00bbJuin\u00a0\u00bb tab_id=\u00a0\u00bbd6e82d97-5240-cl\u00a0\u00bb][vc_column_text css=\u00a0\u00bb.vc_custom_1718743702840{margin-bottom: 0px !important;}\u00a0\u00bb]\n<table width=\"1398\">\n<tbody>\n<tr>\n<td width=\"223\"><strong>Demande<\/strong><\/td>\n<td width=\"1175\"><strong>R\u00e9sum\u00e9 de la demande<\/strong><\/td>\n<\/tr>\n<tr>\n<td width=\"223\">Applicants<\/td>\n<td width=\"1175\">Residency training region of applicants matched to clinical immunology.<\/td>\n<\/tr>\n<tr>\n<td width=\"223\">Unfilled quota<\/td>\n<td width=\"1175\">Unfilled quota in 2023 FM-ES match<\/td>\n<\/tr>\n<tr>\n<td width=\"223\">Applications<\/td>\n<td width=\"1175\">Application volume in pediatrics<\/td>\n<\/tr>\n<tr>\n<td width=\"223\">IMGs<\/td>\n<td width=\"1175\">Match rate of IMGs in surgical disciplines<\/td>\n<\/tr>\n<tr>\n<td width=\"223\">IMGs<\/td>\n<td width=\"1175\">IMGs matched to psychiatry programs by regions across Canada<\/td>\n<\/tr>\n<\/tbody>\n<\/table>\n[\/vc_column_text][\/vc_tab][vc_tab title=\u00a0\u00bbJuillet\u00a0\u00bb tab_id=\u00a0\u00bbc60c9d59-e70a-cl\u00a0\u00bb][vc_column_text css=\u00a0\u00bb.vc_custom_1718743721703{margin-bottom: 0px !important;}\u00a0\u00bb]\n<table width=\"1398\">\n<tbody>\n<tr>\n<td width=\"223\"><strong>Demande<\/strong><\/td>\n<td width=\"1175\"><strong>R\u00e9sum\u00e9 de la demande<\/strong><\/td>\n<\/tr>\n<tr>\n<td width=\"223\">Unfilled quota<\/td>\n<td width=\"1175\">Programs with unfilled quota after 1st and 2nd iteration.<\/td>\n<\/tr>\n<tr>\n<td width=\"223\">IMGs<\/td>\n<td width=\"1175\">Dedicated IMG positions by program and discipline in R-1 match (2021- 2023 match years).<\/td>\n<\/tr>\n<tr>\n<td width=\"223\">IMGs in family medicine<\/td>\n<td width=\"1175\">IMGs matched to family medicine by program.<\/td>\n<\/tr>\n<tr>\n<td width=\"223\">MSM Match data<\/td>\n<td width=\"1175\">Data for MSM match &#8211; number of applicants by discipline, 1st choices by discipline, quota offered and filled.<\/td>\n<\/tr>\n<tr>\n<td width=\"223\">Quota in Ontario<\/td>\n<td width=\"1175\">Quota offered by discipline, program, and campus location in Ontario.<\/td>\n<\/tr>\n<tr>\n<td width=\"223\">FM\/ES Quota<\/td>\n<td width=\"1175\">Quota offered and filled in FM\/ES match by discipline and program.<\/td>\n<\/tr>\n<tr>\n<td width=\"223\">Exam scores<\/td>\n<td width=\"1175\">Average exam scores of applicants by discipline.<\/td>\n<\/tr>\n<tr>\n<td width=\"223\">IMGs<\/td>\n<td width=\"1175\">Proportion of residency positions filled by IMGs in each region.<\/td>\n<\/tr>\n<\/tbody>\n<\/table>\n[\/vc_column_text][\/vc_tab][vc_tab title=\u00a0\u00bbAo\u00fbt\u00a0\u00bb tab_id=\u00a0\u00bbae870022-cf37-cl\u00a0\u00bb][vc_column_text css=\u00a0\u00bb.vc_custom_1718743740825{margin-bottom: 0px !important;}\u00a0\u00bb]\n<table width=\"1398\">\n<tbody>\n<tr>\n<td width=\"223\"><strong>Demande<\/strong><\/td>\n<td width=\"1175\"><strong>R\u00e9sum\u00e9 de la demande<\/strong><\/td>\n<\/tr>\n<tr>\n<td width=\"223\">Unfilled quota<\/td>\n<td width=\"1175\">Unfilled general internal medicine positions unfilled after the match (MSM match).<\/td>\n<\/tr>\n<tr>\n<td width=\"223\">Unfilled quota<\/td>\n<td width=\"1175\">Unfilled quota in family medicine after 2nd iteration is complete in the 2023 R-1 match.<\/td>\n<\/tr>\n<tr>\n<td width=\"223\">IMGs<\/td>\n<td width=\"1175\">IMGs from Australia matched to a residency position in the R-1 match.<\/td>\n<\/tr>\n<tr>\n<td width=\"223\">Positions offered<\/td>\n<td width=\"1175\">Positions offered for IMGs.<\/td>\n<\/tr>\n<\/tbody>\n<\/table>\n[\/vc_column_text][\/vc_tab][vc_tab title=\u00a0\u00bbSeptembre\u00a0\u00bb tab_id=\u00a0\u00bb617dde40-1b18-cl\u00a0\u00bb][vc_column_text css=\u00a0\u00bb.vc_custom_1718743760203{margin-bottom: 0px !important;}\u00a0\u00bb]\n<table width=\"1398\">\n<tbody>\n<tr>\n<td width=\"223\"><strong>Demande<\/strong><\/td>\n<td width=\"1175\"><strong>R\u00e9sum\u00e9 de la demande<\/strong><\/td>\n<\/tr>\n<tr>\n<td width=\"223\">Internal medicine data<\/td>\n<td width=\"1175\">Data on internal medicine residency positions &#8211; quota, interviews, applicants, and matched to internal medicine.<\/td>\n<\/tr>\n<tr>\n<td width=\"223\">Internal medicine<\/td>\n<td width=\"1175\">Number of applicants applying and matched to internal medicine at University of Toronto versus national rates.<\/td>\n<\/tr>\n<\/tbody>\n<\/table>\n[\/vc_column_text][\/vc_tab][vc_tab title=\u00a0\u00bbOctobre\u00a0\u00bb tab_id=\u00a0\u00bbaa5ec7d8-1b31-cl\u00a0\u00bb][vc_column_text css=\u00a0\u00bb.vc_custom_1718743773560{margin-bottom: 0px !important;}\u00a0\u00bb]\n<table width=\"1398\">\n<tbody>\n<tr>\n<td width=\"223\"><strong>Demande<\/strong><\/td>\n<td width=\"1175\"><strong>R\u00e9sum\u00e9 de la demande<\/strong><\/td>\n<\/tr>\n<tr>\n<td width=\"223\">Emergency medicine data<\/td>\n<td width=\"1175\">Number of emergency medicine positions offered and number of applications received.<\/td>\n<\/tr>\n<tr>\n<td width=\"223\">Alberta medical students<\/td>\n<td width=\"1175\">Data on medical students from Alberta: 1st choice discipline, province matched to, number of applicants choosing Alberta as their 1st choice location.<\/td>\n<\/tr>\n<\/tbody>\n<\/table>\n[\/vc_column_text][\/vc_tab][vc_tab title=\u00a0\u00bbNovembre\u00a0\u00bb tab_id=\u00a0\u00bb7f0e7339-f929-cl\u00a0\u00bb][vc_column_text css=\u00a0\u00bb.vc_custom_1718743785228{margin-bottom: 0px !important;}\u00a0\u00bb]\n<table width=\"1398\">\n<tbody>\n<tr>\n<td width=\"223\"><strong>Demande<\/strong><\/td>\n<td width=\"1175\"><strong>R\u00e9sum\u00e9 de la demande<\/strong><\/td>\n<\/tr>\n<tr>\n<td width=\"223\">IMGs<\/td>\n<td width=\"1175\">Average MCCQE1 scores of IMGs and match rates of IMGs<\/td>\n<\/tr>\n<tr>\n<td width=\"223\">IMGs<\/td>\n<td width=\"1175\">Match rate of IMGs<\/td>\n<\/tr>\n<tr>\n<td width=\"223\">IMGs<\/td>\n<td width=\"1175\">IMG medical school country, match rates.<\/td>\n<\/tr>\n<\/tbody>\n<\/table>\n[\/vc_column_text][\/vc_tab][vc_tab title=\u00a0\u00bbD\u00e9cembre\u00a0\u00bb tab_id=\u00a0\u00bb08eefef0-60ba-cl\u00a0\u00bb][vc_column_text css=\u00a0\u00bb.vc_custom_1718743802471{margin-bottom: 0px !important;}\u00a0\u00bb]\n<table width=\"1398\">\n<tbody>\n<tr>\n<td width=\"223\"><strong>Demande<\/strong><\/td>\n<td width=\"1175\"><strong>R\u00e9sum\u00e9 de la demande<\/strong><\/td>\n<\/tr>\n<tr>\n<td width=\"223\">IMGs<\/td>\n<td width=\"1175\">Match rates for IMGs from UK schools by discipline.<\/td>\n<\/tr>\n<tr>\n<td width=\"223\">IMGs<\/td>\n<td width=\"1175\">IMG match rates by medical school region and discipline.<\/td>\n<\/tr>\n<tr>\n<td width=\"223\">IMGs<\/td>\n<td width=\"1175\">For IMGs from Cameroon, match rates to family medicine by region of residency school.<\/td>\n<\/tr>\n<tr>\n<td width=\"223\">FM\/ES<\/td>\n<td width=\"1175\">Number of applicants to obstetrics surgical skills.<\/td>\n<\/tr>\n<\/tbody>\n<\/table>\n[\/vc_column_text][\/vc_tab][\/vc_tabs][\/vc_column][\/vc_row]\n<\/div>","protected":false},"excerpt":{"rendered":"<p>[vc_row][vc_column][vc_column_text css=\u00a0\u00bb.vc_custom_1718743307237{margin-bottom: 0px !important;}\u00a0\u00bb]Ce rapport r\u00e9sume les demandes de donn\u00e9es externes (de la part d\u2019organisations non membres) auxquelles CaRMS a r\u00e9pondu en 2023. Le rapport est pr\u00e9par\u00e9 en anglais seulement.[\/vc_column_text][\/vc_column][\/vc_row][vc_row][vc_column][vc_tabs][vc_tab title=\u00a0\u00bbJanvier\u00a0\u00bb tab_id=\u00a0\u00bb1568211657-1-38&Prime;][vc_column_text css=\u00a0\u00bb.vc_custom_1718743588458{margin-bottom: 0px !important;}\u00a0\u00bb] Demande R\u00e9sum\u00e9 de la demande IMGs Match rates of IMGs in Quebec Applicants Match rates of applicants with prior training\/internships [&hellip;]<\/p>\n","protected":false},"author":5,"featured_media":0,"parent":26652,"menu_order":0,"comment_status":"closed","ping_status":"closed","template":"","meta":{"_acf_changed":false,"footnotes":""},"class_list":["post-42508","page","type-page","status-publish","hentry"],"acf":{"subtitle":""},"yoast_head":"<!-- This site is optimized with the Yoast SEO plugin v27.3 - https:\/\/yoast.com\/product\/yoast-seo-wordpress\/ -->\n<title>Demandes de donn\u00e9es externes (non-membre) de CaRMS \u2013 2023 - CaRMS<\/title>\n<meta name=\"robots\" content=\"index, follow, max-snippet:-1, max-image-preview:large, max-video-preview:-1\" \/>\n<link rel=\"canonical\" href=\"https:\/\/www.carms.ca\/fr\/rapport-de-demande-de-donnees\/demandes-de-donnees-archives\/demandes-de-donnees-externes-non-membre-de-carms-2023\/\" \/>\n<meta property=\"og:locale\" content=\"fr_FR\" \/>\n<meta property=\"og:type\" content=\"article\" \/>\n<meta property=\"og:title\" content=\"Demandes de donn\u00e9es externes (non-membre) de CaRMS \u2013 2023 - CaRMS\" \/>\n<meta property=\"og:description\" content=\"[vc_row][vc_column][vc_column_text css=\u00a0\u00bb.vc_custom_1718743307237{margin-bottom: 0px !important;}\u00a0\u00bb]Ce rapport r\u00e9sume les demandes de donn\u00e9es externes (de la part d\u2019organisations non membres) auxquelles CaRMS a r\u00e9pondu en 2023. Le rapport est pr\u00e9par\u00e9 en anglais seulement.[\/vc_column_text][\/vc_column][\/vc_row][vc_row][vc_column][vc_tabs][vc_tab title=\u00a0\u00bbJanvier\u00a0\u00bb tab_id=\u00a0\u00bb1568211657-1-38&Prime;][vc_column_text css=\u00a0\u00bb.vc_custom_1718743588458{margin-bottom: 0px !important;}\u00a0\u00bb] Demande R\u00e9sum\u00e9 de la demande IMGs Match rates of IMGs in Quebec Applicants Match rates of applicants with prior training\/internships [&hellip;]\" \/>\n<meta property=\"og:url\" content=\"https:\/\/www.carms.ca\/fr\/rapport-de-demande-de-donnees\/demandes-de-donnees-archives\/demandes-de-donnees-externes-non-membre-de-carms-2023\/\" \/>\n<meta property=\"og:site_name\" content=\"CaRMS\" \/>\n<meta property=\"article:modified_time\" content=\"2024-06-18T21:19:41+00:00\" \/>\n<meta name=\"twitter:card\" content=\"summary_large_image\" \/>\n<meta name=\"twitter:label1\" content=\"Dur\u00e9e de lecture estim\u00e9e\" \/>\n\t<meta name=\"twitter:data1\" content=\"4 minutes\" \/>\n<script type=\"application\/ld+json\" class=\"yoast-schema-graph\">{\"@context\":\"https:\\\/\\\/schema.org\",\"@graph\":[{\"@type\":\"WebPage\",\"@id\":\"https:\\\/\\\/www.carms.ca\\\/fr\\\/rapport-de-demande-de-donnees\\\/demandes-de-donnees-archives\\\/demandes-de-donnees-externes-non-membre-de-carms-2023\\\/\",\"url\":\"https:\\\/\\\/www.carms.ca\\\/fr\\\/rapport-de-demande-de-donnees\\\/demandes-de-donnees-archives\\\/demandes-de-donnees-externes-non-membre-de-carms-2023\\\/\",\"name\":\"Demandes de donn\u00e9es externes (non-membre) de CaRMS \u2013 2023 - CaRMS\",\"isPartOf\":{\"@id\":\"https:\\\/\\\/www.carms.ca\\\/#website\"},\"datePublished\":\"2024-06-18T20:50:26+00:00\",\"dateModified\":\"2024-06-18T21:19:41+00:00\",\"breadcrumb\":{\"@id\":\"https:\\\/\\\/www.carms.ca\\\/fr\\\/rapport-de-demande-de-donnees\\\/demandes-de-donnees-archives\\\/demandes-de-donnees-externes-non-membre-de-carms-2023\\\/#breadcrumb\"},\"inLanguage\":\"fr-FR\",\"potentialAction\":[{\"@type\":\"ReadAction\",\"target\":[\"https:\\\/\\\/www.carms.ca\\\/fr\\\/rapport-de-demande-de-donnees\\\/demandes-de-donnees-archives\\\/demandes-de-donnees-externes-non-membre-de-carms-2023\\\/\"]}]},{\"@type\":\"BreadcrumbList\",\"@id\":\"https:\\\/\\\/www.carms.ca\\\/fr\\\/rapport-de-demande-de-donnees\\\/demandes-de-donnees-archives\\\/demandes-de-donnees-externes-non-membre-de-carms-2023\\\/#breadcrumb\",\"itemListElement\":[{\"@type\":\"ListItem\",\"position\":1,\"name\":\"Accueil\",\"item\":\"https:\\\/\\\/www.carms.ca\\\/fr\\\/accueil-2\\\/\"},{\"@type\":\"ListItem\",\"position\":2,\"name\":\"Demandes de donn\u00e9es externes (non-membre) de CaRMS\",\"item\":\"https:\\\/\\\/www.carms.ca\\\/fr\\\/rapport-de-demande-de-donnees\\\/\"},{\"@type\":\"ListItem\",\"position\":3,\"name\":\"Demandes de donn\u00e9es externes (non-membre) de CaRMS &#8211; archives\",\"item\":\"https:\\\/\\\/www.carms.ca\\\/fr\\\/rapport-de-demande-de-donnees\\\/demandes-de-donnees-archives\\\/\"},{\"@type\":\"ListItem\",\"position\":4,\"name\":\"Demandes de donn\u00e9es externes (non-membre) de CaRMS \u2013 2023\"}]},{\"@type\":\"WebSite\",\"@id\":\"https:\\\/\\\/www.carms.ca\\\/#website\",\"url\":\"https:\\\/\\\/www.carms.ca\\\/\",\"name\":\"CaRMS\",\"description\":\"\",\"potentialAction\":[{\"@type\":\"SearchAction\",\"target\":{\"@type\":\"EntryPoint\",\"urlTemplate\":\"https:\\\/\\\/www.carms.ca\\\/?s={search_term_string}\"},\"query-input\":{\"@type\":\"PropertyValueSpecification\",\"valueRequired\":true,\"valueName\":\"search_term_string\"}}],\"inLanguage\":\"fr-FR\"}]}<\/script>\n<!-- \/ Yoast SEO plugin. -->","yoast_head_json":{"title":"Demandes de donn\u00e9es externes (non-membre) de CaRMS \u2013 2023 - CaRMS","robots":{"index":"index","follow":"follow","max-snippet":"max-snippet:-1","max-image-preview":"max-image-preview:large","max-video-preview":"max-video-preview:-1"},"canonical":"https:\/\/www.carms.ca\/fr\/rapport-de-demande-de-donnees\/demandes-de-donnees-archives\/demandes-de-donnees-externes-non-membre-de-carms-2023\/","og_locale":"fr_FR","og_type":"article","og_title":"Demandes de donn\u00e9es externes (non-membre) de CaRMS \u2013 2023 - CaRMS","og_description":"[vc_row][vc_column][vc_column_text css=\u00a0\u00bb.vc_custom_1718743307237{margin-bottom: 0px !important;}\u00a0\u00bb]Ce rapport r\u00e9sume les demandes de donn\u00e9es externes (de la part d\u2019organisations non membres) auxquelles CaRMS a r\u00e9pondu en 2023. Le rapport est pr\u00e9par\u00e9 en anglais seulement.[\/vc_column_text][\/vc_column][\/vc_row][vc_row][vc_column][vc_tabs][vc_tab title=\u00a0\u00bbJanvier\u00a0\u00bb tab_id=\u00a0\u00bb1568211657-1-38&Prime;][vc_column_text css=\u00a0\u00bb.vc_custom_1718743588458{margin-bottom: 0px !important;}\u00a0\u00bb] Demande R\u00e9sum\u00e9 de la demande IMGs Match rates of IMGs in Quebec Applicants Match rates of applicants with prior training\/internships [&hellip;]","og_url":"https:\/\/www.carms.ca\/fr\/rapport-de-demande-de-donnees\/demandes-de-donnees-archives\/demandes-de-donnees-externes-non-membre-de-carms-2023\/","og_site_name":"CaRMS","article_modified_time":"2024-06-18T21:19:41+00:00","twitter_card":"summary_large_image","twitter_misc":{"Dur\u00e9e de lecture estim\u00e9e":"4 minutes"},"schema":{"@context":"https:\/\/schema.org","@graph":[{"@type":"WebPage","@id":"https:\/\/www.carms.ca\/fr\/rapport-de-demande-de-donnees\/demandes-de-donnees-archives\/demandes-de-donnees-externes-non-membre-de-carms-2023\/","url":"https:\/\/www.carms.ca\/fr\/rapport-de-demande-de-donnees\/demandes-de-donnees-archives\/demandes-de-donnees-externes-non-membre-de-carms-2023\/","name":"Demandes de donn\u00e9es externes (non-membre) de CaRMS \u2013 2023 - CaRMS","isPartOf":{"@id":"https:\/\/www.carms.ca\/#website"},"datePublished":"2024-06-18T20:50:26+00:00","dateModified":"2024-06-18T21:19:41+00:00","breadcrumb":{"@id":"https:\/\/www.carms.ca\/fr\/rapport-de-demande-de-donnees\/demandes-de-donnees-archives\/demandes-de-donnees-externes-non-membre-de-carms-2023\/#breadcrumb"},"inLanguage":"fr-FR","potentialAction":[{"@type":"ReadAction","target":["https:\/\/www.carms.ca\/fr\/rapport-de-demande-de-donnees\/demandes-de-donnees-archives\/demandes-de-donnees-externes-non-membre-de-carms-2023\/"]}]},{"@type":"BreadcrumbList","@id":"https:\/\/www.carms.ca\/fr\/rapport-de-demande-de-donnees\/demandes-de-donnees-archives\/demandes-de-donnees-externes-non-membre-de-carms-2023\/#breadcrumb","itemListElement":[{"@type":"ListItem","position":1,"name":"Accueil","item":"https:\/\/www.carms.ca\/fr\/accueil-2\/"},{"@type":"ListItem","position":2,"name":"Demandes de donn\u00e9es externes (non-membre) de CaRMS","item":"https:\/\/www.carms.ca\/fr\/rapport-de-demande-de-donnees\/"},{"@type":"ListItem","position":3,"name":"Demandes de donn\u00e9es externes (non-membre) de CaRMS &#8211; archives","item":"https:\/\/www.carms.ca\/fr\/rapport-de-demande-de-donnees\/demandes-de-donnees-archives\/"},{"@type":"ListItem","position":4,"name":"Demandes de donn\u00e9es externes (non-membre) de CaRMS \u2013 2023"}]},{"@type":"WebSite","@id":"https:\/\/www.carms.ca\/#website","url":"https:\/\/www.carms.ca\/","name":"CaRMS","description":"","potentialAction":[{"@type":"SearchAction","target":{"@type":"EntryPoint","urlTemplate":"https:\/\/www.carms.ca\/?s={search_term_string}"},"query-input":{"@type":"PropertyValueSpecification","valueRequired":true,"valueName":"search_term_string"}}],"inLanguage":"fr-FR"}]}},"publishpress_future_workflow_manual_trigger":{"enabledWorkflows":[]},"_links":{"self":[{"href":"https:\/\/www.carms.ca\/fr\/wp-json\/wp\/v2\/pages\/42508","targetHints":{"allow":["GET"]}}],"collection":[{"href":"https:\/\/www.carms.ca\/fr\/wp-json\/wp\/v2\/pages"}],"about":[{"href":"https:\/\/www.carms.ca\/fr\/wp-json\/wp\/v2\/types\/page"}],"author":[{"embeddable":true,"href":"https:\/\/www.carms.ca\/fr\/wp-json\/wp\/v2\/users\/5"}],"replies":[{"embeddable":true,"href":"https:\/\/www.carms.ca\/fr\/wp-json\/wp\/v2\/comments?post=42508"}],"version-history":[{"count":2,"href":"https:\/\/www.carms.ca\/fr\/wp-json\/wp\/v2\/pages\/42508\/revisions"}],"predecessor-version":[{"id":42510,"href":"https:\/\/www.carms.ca\/fr\/wp-json\/wp\/v2\/pages\/42508\/revisions\/42510"}],"up":[{"embeddable":true,"href":"https:\/\/www.carms.ca\/fr\/wp-json\/wp\/v2\/pages\/26652"}],"wp:attachment":[{"href":"https:\/\/www.carms.ca\/fr\/wp-json\/wp\/v2\/media?parent=42508"}],"curies":[{"name":"wp","href":"https:\/\/api.w.org\/{rel}","templated":true}]}}