{"id":44676,"date":"2024-11-12T09:48:53","date_gmt":"2024-11-12T14:48:53","guid":{"rendered":"https:\/\/www.carms.ca\/why-you-should-submit-your-application-early\/"},"modified":"2025-11-12T09:42:03","modified_gmt":"2025-11-12T14:42:03","slug":"pourquoi-devriez-vous-soumettre-vos-candidatures-a-lavance","status":"publish","type":"page","link":"https:\/\/www.carms.ca\/fr\/ressources-pour-la-periode-des-candidatures-du-jumelage-r-1\/pourquoi-devriez-vous-soumettre-vos-candidatures-a-lavance\/","title":{"rendered":"Pourquoi devriez-vous soumettre vos candidatures \u00e0 l\u2019avance"},"content":{"rendered":"<div class=\"wpb-content-wrapper\">[vc_row][vc_column][mk_image src=\u00a0\u00bbhttps:\/\/www.carms.ca\/wp-content\/uploads\/2024\/11\/website-nudge-campaign-blog-2-slider.jpg\u00a0\u00bb image_size=\u00a0\u00bbfull\u00a0\u00bb align=\u00a0\u00bbcenter\u00a0\u00bb][\/vc_column][\/vc_row][vc_row][vc_column][mk_padding_divider size=\u00a0\u00bb20&Prime;][vc_column_text css=\u00a0\u00bb.vc_custom_1761680443493{margin-bottom: 0px !important;}\u00a0\u00bb]\n<h2 style=\"text-align: center;\">Pourquoi devriez-vous soumettre vos candidatures \u00e0 l\u2019avance<\/h2>\n[\/vc_column_text][\/vc_column][\/vc_row][vc_row][vc_column][mk_padding_divider size=\u00a0\u00bb20&Prime;][vc_column_text css=\u00a0\u00bb.vc_custom_1761680522661{margin-bottom: 0px !important;}\u00a0\u00bb]<strong>La date limite de soumission des candidatures pour le jumelage principal R-1 de 2026 est le 27 novembre 2025.<\/strong> Chaque ann\u00e9e, notre \u00e9quipe re\u00e7oit des centaines d\u2019appels dans les derniers jours avant la date limite de soumission des candidatures de la part de candidats stress\u00e9s essayant d\u00e9sesp\u00e9r\u00e9ment de soumettre leurs candidatures dans les d\u00e9lais pr\u00e9vus. En fait, <strong>plus de 75 pour cent du travail li\u00e9 \u00e0 l\u2019assignation des candidatures et des documents<\/strong> est habituellement compl\u00e9t\u00e9 dans les trois derniers jours de la p\u00e9riode de candidature.<\/p>\n<p>Soumettre vos candidatures \u00e0 l\u2019avance, lorsque cela est possible, peut vous aider \u00e0 \u00e9viter la pression d\u2019un effort final de derni\u00e8re minute. Cr\u00e9er un plan afin d\u2019assurer que vous compl\u00e9tiez, assigniez et soumettiez \u00e0 l\u2019avance vos candidatures et vos documents vous aidera \u00e0 rester sur la bonne voie et \u00e0 maintenir un niveau de stress plus bas. Trouvez d\u2019autres conseils pour g\u00e9rer efficacement votre temps pendant la p\u00e9riode de candidature <a href=\"\/fr\/ressources-pour-la-periode-des-candidatures-du-jumelage-r-1\/conseils-pour-reduire-le-stress-lie-a-la-soumission-de-votre-candidature\/\" target=\"_blank\" rel=\"noopener\">ici<\/a>.<\/p>\n<p>Une autre raison pour planifier de soumettre vos candidatures \u00e0 l\u2019avance est plut\u00f4t universelle \u2014 la vie se d\u00e9roule. Nous ne pouvons pas pr\u00e9voir des \u00e9v\u00e8nements impr\u00e9vus et il arrive parfois des choses qui d\u00e9raillent notre planification soign\u00e9e. Permettre beaucoup de temps pour soumettre vos candidatures \u00e0 l&rsquo;avance vous donne la flexibilit\u00e9 de changer vos plans en cas d\u2019urgence. La date limite de soumission des candidatures n\u2019est pas flexible, donc avoir un plan qui est flexible, avec une grande p\u00e9riode tampon, est un excellent moyen de vous prot\u00e9ger face \u00e0 l\u2019impr\u00e9vu.<\/p>\n<h4>Pour des ressources concernant la soumission anticip\u00e9e de la candidature, visitez notre <a href=\"\/fr\/ressources-pour-la-periode-des-candidatures-du-jumelage-r-1\/\">page des ressources pour la p\u00e9riode des candidatures du jumelage R-1<\/a>.<\/h4>\n[\/vc_column_text][mk_padding_divider][\/vc_column][\/vc_row][vc_row][vc_column][vc_cta h2=\u00a0\u00bbConseils pour garder votre candidatures sur la bonne voie\u00a0\u00bb h2_font_container=\u00a0\u00bbtag:h2|text_align:left|color:%23215165&Prime; h2_google_fonts=\u00a0\u00bbfont_family:Ubuntu%3A300%2C300italic%2Cregular%2Citalic%2C500%2C500italic%2C700%2C700italic|font_style:500%20bold%20regular%3A500%3Anormal\u00a0\u00bb color=\u00a0\u00bbpeacoc\u00a0\u00bb css=\u00a0\u00bb\u00a0\u00bb use_custom_fonts_h2=\u00a0\u00bbtrue\u00a0\u00bb]\n<ul>\n<li><a href=\"\/fr\/ressources-pour-la-periode-des-candidatures-du-jumelage-r-1\/conseils-pour-reduire-le-stress-lie-a-la-soumission-de-vos-candidatures\/\" target=\"_blank\" rel=\"noopener\">Conseils pour r\u00e9duire le stress li\u00e9 \u00e0 la soumission de votre candidature<\/a><\/li>\n<li><a href=\"\/fr\/ressources-pour-la-periode-des-candidatures-du-jumelage-r-1\/moyens-pour-reduire-la-procrastination-pendant-la-periode-de-candidature\/\" target=\"_blank\" rel=\"noopener\">Moyens pour r\u00e9duire la procrastination pendant la p\u00e9riode de candidature<\/a><\/li>\n<li><a href=\"\/fr\/ressources-pour-la-periode-des-candidatures-du-jumelage-r-1\/conseils-pour-la-gestion-du-temps-pendant-la-periode-de-candidature\/\" target=\"_blank\" rel=\"noopener\">Conseils pour la gestion du temps pendant la p\u00e9riode de candidature<\/a><\/li>\n<li><a href=\"\/fr\/ressources-pour-la-periode-des-candidatures-du-jumelage-r-1\/rester-motive-lors-de-la-preparation-de-vos-candidatures\/\" target=\"_blank\" rel=\"noopener\">Rester motiv\u00e9 lors de la pr\u00e9paration de vos candidatures<\/a><\/li>\n<li><a href=\"\/fr\/ressources-pour-la-periode-des-candidatures-du-jumelage-r-1\/creer-un-systeme-dentraide-pendant-la-periode-de-candidature\/\" target=\"_blank\" rel=\"noopener\">Cr\u00e9er un syst\u00e8me d\u2019entraide pendant la p\u00e9riode de candidature<\/a><\/li>\n<\/ul>\n[\/vc_cta][\/vc_column][\/vc_row]\n<\/div>","protected":false},"excerpt":{"rendered":"<p>[vc_row][vc_column][mk_image src=\u00a0\u00bbhttps:\/\/www.carms.ca\/wp-content\/uploads\/2024\/11\/website-nudge-campaign-blog-2-slider.jpg\u00a0\u00bb image_size=\u00a0\u00bbfull\u00a0\u00bb align=\u00a0\u00bbcenter\u00a0\u00bb][\/vc_column][\/vc_row][vc_row][vc_column][mk_padding_divider size=\u00a0\u00bb20&Prime;][vc_column_text css=\u00a0\u00bb.vc_custom_1761680443493{margin-bottom: 0px !important;}\u00a0\u00bb] Pourquoi devriez-vous soumettre vos candidatures \u00e0 l\u2019avance [\/vc_column_text][\/vc_column][\/vc_row][vc_row][vc_column][mk_padding_divider size=\u00a0\u00bb20&Prime;][vc_column_text css=\u00a0\u00bb.vc_custom_1761680522661{margin-bottom: 0px !important;}\u00a0\u00bb]La date limite de soumission des candidatures pour le jumelage principal R-1 de 2026 est le 27 novembre 2025. Chaque ann\u00e9e, notre \u00e9quipe re\u00e7oit des centaines d\u2019appels dans les derniers jours avant la date limite de [&hellip;]<\/p>\n","protected":false},"author":40,"featured_media":44653,"parent":44656,"menu_order":0,"comment_status":"closed","ping_status":"closed","template":"","meta":{"_acf_changed":false,"footnotes":""},"class_list":["post-44676","page","type-page","status-publish","has-post-thumbnail","hentry"],"acf":{"subtitle":""},"yoast_head":"<!-- This site is optimized with the Yoast SEO plugin v27.3 - https:\/\/yoast.com\/product\/yoast-seo-wordpress\/ -->\n<title>Pourquoi devriez-vous soumettre vos candidatures \u00e0 l\u2019avance - CaRMS<\/title>\n<meta name=\"robots\" content=\"index, follow, max-snippet:-1, max-image-preview:large, max-video-preview:-1\" \/>\n<link rel=\"canonical\" href=\"https:\/\/www.carms.ca\/fr\/ressources-pour-la-periode-des-candidatures-du-jumelage-r-1\/pourquoi-devriez-vous-soumettre-vos-candidatures-a-lavance\/\" \/>\n<meta property=\"og:locale\" content=\"fr_FR\" \/>\n<meta property=\"og:type\" content=\"article\" \/>\n<meta property=\"og:title\" content=\"Pourquoi devriez-vous soumettre vos candidatures \u00e0 l\u2019avance - CaRMS\" \/>\n<meta property=\"og:description\" content=\"[vc_row][vc_column][mk_image src=\u00a0\u00bbhttps:\/\/www.carms.ca\/wp-content\/uploads\/2024\/11\/website-nudge-campaign-blog-2-slider.jpg\u00a0\u00bb image_size=\u00a0\u00bbfull\u00a0\u00bb align=\u00a0\u00bbcenter\u00a0\u00bb][\/vc_column][\/vc_row][vc_row][vc_column][mk_padding_divider size=\u00a0\u00bb20&Prime;][vc_column_text css=\u00a0\u00bb.vc_custom_1761680443493{margin-bottom: 0px !important;}\u00a0\u00bb] Pourquoi devriez-vous soumettre vos candidatures \u00e0 l\u2019avance [\/vc_column_text][\/vc_column][\/vc_row][vc_row][vc_column][mk_padding_divider size=\u00a0\u00bb20&Prime;][vc_column_text css=\u00a0\u00bb.vc_custom_1761680522661{margin-bottom: 0px !important;}\u00a0\u00bb]La date limite de soumission des candidatures pour le jumelage principal R-1 de 2026 est le 27 novembre 2025. Chaque ann\u00e9e, notre \u00e9quipe re\u00e7oit des centaines d\u2019appels dans les derniers jours avant la date limite de [&hellip;]\" \/>\n<meta property=\"og:url\" content=\"https:\/\/www.carms.ca\/fr\/ressources-pour-la-periode-des-candidatures-du-jumelage-r-1\/pourquoi-devriez-vous-soumettre-vos-candidatures-a-lavance\/\" \/>\n<meta property=\"og:site_name\" content=\"CaRMS\" \/>\n<meta property=\"article:modified_time\" content=\"2025-11-12T14:42:03+00:00\" \/>\n<meta property=\"og:image\" content=\"https:\/\/www.carms.ca\/wp-content\/uploads\/2024\/11\/website-nudge-campaign-blog-2-thumbnail.jpg\" \/>\n\t<meta property=\"og:image:width\" content=\"1024\" \/>\n\t<meta property=\"og:image:height\" content=\"1024\" \/>\n\t<meta property=\"og:image:type\" content=\"image\/jpeg\" \/>\n<meta name=\"twitter:card\" content=\"summary_large_image\" \/>\n<meta name=\"twitter:label1\" content=\"Dur\u00e9e de lecture estim\u00e9e\" \/>\n\t<meta name=\"twitter:data1\" content=\"2 minutes\" \/>\n<script type=\"application\/ld+json\" class=\"yoast-schema-graph\">{\"@context\":\"https:\\\/\\\/schema.org\",\"@graph\":[{\"@type\":\"WebPage\",\"@id\":\"https:\\\/\\\/www.carms.ca\\\/fr\\\/ressources-pour-la-periode-des-candidatures-du-jumelage-r-1\\\/pourquoi-devriez-vous-soumettre-vos-candidatures-a-lavance\\\/\",\"url\":\"https:\\\/\\\/www.carms.ca\\\/fr\\\/ressources-pour-la-periode-des-candidatures-du-jumelage-r-1\\\/pourquoi-devriez-vous-soumettre-vos-candidatures-a-lavance\\\/\",\"name\":\"Pourquoi devriez-vous soumettre vos candidatures \u00e0 l\u2019avance - CaRMS\",\"isPartOf\":{\"@id\":\"https:\\\/\\\/www.carms.ca\\\/#website\"},\"primaryImageOfPage\":{\"@id\":\"https:\\\/\\\/www.carms.ca\\\/fr\\\/ressources-pour-la-periode-des-candidatures-du-jumelage-r-1\\\/pourquoi-devriez-vous-soumettre-vos-candidatures-a-lavance\\\/#primaryimage\"},\"image\":{\"@id\":\"https:\\\/\\\/www.carms.ca\\\/fr\\\/ressources-pour-la-periode-des-candidatures-du-jumelage-r-1\\\/pourquoi-devriez-vous-soumettre-vos-candidatures-a-lavance\\\/#primaryimage\"},\"thumbnailUrl\":\"https:\\\/\\\/www.carms.ca\\\/wp-content\\\/uploads\\\/2024\\\/11\\\/website-nudge-campaign-blog-2-thumbnail.jpg\",\"datePublished\":\"2024-11-12T14:48:53+00:00\",\"dateModified\":\"2025-11-12T14:42:03+00:00\",\"breadcrumb\":{\"@id\":\"https:\\\/\\\/www.carms.ca\\\/fr\\\/ressources-pour-la-periode-des-candidatures-du-jumelage-r-1\\\/pourquoi-devriez-vous-soumettre-vos-candidatures-a-lavance\\\/#breadcrumb\"},\"inLanguage\":\"fr-FR\",\"potentialAction\":[{\"@type\":\"ReadAction\",\"target\":[\"https:\\\/\\\/www.carms.ca\\\/fr\\\/ressources-pour-la-periode-des-candidatures-du-jumelage-r-1\\\/pourquoi-devriez-vous-soumettre-vos-candidatures-a-lavance\\\/\"]}]},{\"@type\":\"ImageObject\",\"inLanguage\":\"fr-FR\",\"@id\":\"https:\\\/\\\/www.carms.ca\\\/fr\\\/ressources-pour-la-periode-des-candidatures-du-jumelage-r-1\\\/pourquoi-devriez-vous-soumettre-vos-candidatures-a-lavance\\\/#primaryimage\",\"url\":\"https:\\\/\\\/www.carms.ca\\\/wp-content\\\/uploads\\\/2024\\\/11\\\/website-nudge-campaign-blog-2-thumbnail.jpg\",\"contentUrl\":\"https:\\\/\\\/www.carms.ca\\\/wp-content\\\/uploads\\\/2024\\\/11\\\/website-nudge-campaign-blog-2-thumbnail.jpg\",\"width\":1024,\"height\":1024},{\"@type\":\"BreadcrumbList\",\"@id\":\"https:\\\/\\\/www.carms.ca\\\/fr\\\/ressources-pour-la-periode-des-candidatures-du-jumelage-r-1\\\/pourquoi-devriez-vous-soumettre-vos-candidatures-a-lavance\\\/#breadcrumb\",\"itemListElement\":[{\"@type\":\"ListItem\",\"position\":1,\"name\":\"Accueil\",\"item\":\"https:\\\/\\\/www.carms.ca\\\/fr\\\/\"},{\"@type\":\"ListItem\",\"position\":2,\"name\":\"Ressources pour la p\u00e9riode des candidatures du jumelage R-1\",\"item\":\"https:\\\/\\\/www.carms.ca\\\/fr\\\/ressources-pour-la-periode-des-candidatures-du-jumelage-r-1\\\/\"},{\"@type\":\"ListItem\",\"position\":3,\"name\":\"Pourquoi devriez-vous soumettre vos candidatures \u00e0 l\u2019avance\"}]},{\"@type\":\"WebSite\",\"@id\":\"https:\\\/\\\/www.carms.ca\\\/#website\",\"url\":\"https:\\\/\\\/www.carms.ca\\\/\",\"name\":\"CaRMS\",\"description\":\"\",\"potentialAction\":[{\"@type\":\"SearchAction\",\"target\":{\"@type\":\"EntryPoint\",\"urlTemplate\":\"https:\\\/\\\/www.carms.ca\\\/?s={search_term_string}\"},\"query-input\":{\"@type\":\"PropertyValueSpecification\",\"valueRequired\":true,\"valueName\":\"search_term_string\"}}],\"inLanguage\":\"fr-FR\"}]}<\/script>\n<!-- \/ Yoast SEO plugin. -->","yoast_head_json":{"title":"Pourquoi devriez-vous soumettre vos candidatures \u00e0 l\u2019avance - CaRMS","robots":{"index":"index","follow":"follow","max-snippet":"max-snippet:-1","max-image-preview":"max-image-preview:large","max-video-preview":"max-video-preview:-1"},"canonical":"https:\/\/www.carms.ca\/fr\/ressources-pour-la-periode-des-candidatures-du-jumelage-r-1\/pourquoi-devriez-vous-soumettre-vos-candidatures-a-lavance\/","og_locale":"fr_FR","og_type":"article","og_title":"Pourquoi devriez-vous soumettre vos candidatures \u00e0 l\u2019avance - CaRMS","og_description":"[vc_row][vc_column][mk_image src=\u00a0\u00bbhttps:\/\/www.carms.ca\/wp-content\/uploads\/2024\/11\/website-nudge-campaign-blog-2-slider.jpg\u00a0\u00bb image_size=\u00a0\u00bbfull\u00a0\u00bb align=\u00a0\u00bbcenter\u00a0\u00bb][\/vc_column][\/vc_row][vc_row][vc_column][mk_padding_divider size=\u00a0\u00bb20&Prime;][vc_column_text css=\u00a0\u00bb.vc_custom_1761680443493{margin-bottom: 0px !important;}\u00a0\u00bb] Pourquoi devriez-vous soumettre vos candidatures \u00e0 l\u2019avance [\/vc_column_text][\/vc_column][\/vc_row][vc_row][vc_column][mk_padding_divider size=\u00a0\u00bb20&Prime;][vc_column_text css=\u00a0\u00bb.vc_custom_1761680522661{margin-bottom: 0px !important;}\u00a0\u00bb]La date limite de soumission des candidatures pour le jumelage principal R-1 de 2026 est le 27 novembre 2025. Chaque ann\u00e9e, notre \u00e9quipe re\u00e7oit des centaines d\u2019appels dans les derniers jours avant la date limite de [&hellip;]","og_url":"https:\/\/www.carms.ca\/fr\/ressources-pour-la-periode-des-candidatures-du-jumelage-r-1\/pourquoi-devriez-vous-soumettre-vos-candidatures-a-lavance\/","og_site_name":"CaRMS","article_modified_time":"2025-11-12T14:42:03+00:00","og_image":[{"width":1024,"height":1024,"url":"https:\/\/www.carms.ca\/wp-content\/uploads\/2024\/11\/website-nudge-campaign-blog-2-thumbnail.jpg","type":"image\/jpeg"}],"twitter_card":"summary_large_image","twitter_misc":{"Dur\u00e9e de lecture estim\u00e9e":"2 minutes"},"schema":{"@context":"https:\/\/schema.org","@graph":[{"@type":"WebPage","@id":"https:\/\/www.carms.ca\/fr\/ressources-pour-la-periode-des-candidatures-du-jumelage-r-1\/pourquoi-devriez-vous-soumettre-vos-candidatures-a-lavance\/","url":"https:\/\/www.carms.ca\/fr\/ressources-pour-la-periode-des-candidatures-du-jumelage-r-1\/pourquoi-devriez-vous-soumettre-vos-candidatures-a-lavance\/","name":"Pourquoi devriez-vous soumettre vos candidatures \u00e0 l\u2019avance - CaRMS","isPartOf":{"@id":"https:\/\/www.carms.ca\/#website"},"primaryImageOfPage":{"@id":"https:\/\/www.carms.ca\/fr\/ressources-pour-la-periode-des-candidatures-du-jumelage-r-1\/pourquoi-devriez-vous-soumettre-vos-candidatures-a-lavance\/#primaryimage"},"image":{"@id":"https:\/\/www.carms.ca\/fr\/ressources-pour-la-periode-des-candidatures-du-jumelage-r-1\/pourquoi-devriez-vous-soumettre-vos-candidatures-a-lavance\/#primaryimage"},"thumbnailUrl":"https:\/\/www.carms.ca\/wp-content\/uploads\/2024\/11\/website-nudge-campaign-blog-2-thumbnail.jpg","datePublished":"2024-11-12T14:48:53+00:00","dateModified":"2025-11-12T14:42:03+00:00","breadcrumb":{"@id":"https:\/\/www.carms.ca\/fr\/ressources-pour-la-periode-des-candidatures-du-jumelage-r-1\/pourquoi-devriez-vous-soumettre-vos-candidatures-a-lavance\/#breadcrumb"},"inLanguage":"fr-FR","potentialAction":[{"@type":"ReadAction","target":["https:\/\/www.carms.ca\/fr\/ressources-pour-la-periode-des-candidatures-du-jumelage-r-1\/pourquoi-devriez-vous-soumettre-vos-candidatures-a-lavance\/"]}]},{"@type":"ImageObject","inLanguage":"fr-FR","@id":"https:\/\/www.carms.ca\/fr\/ressources-pour-la-periode-des-candidatures-du-jumelage-r-1\/pourquoi-devriez-vous-soumettre-vos-candidatures-a-lavance\/#primaryimage","url":"https:\/\/www.carms.ca\/wp-content\/uploads\/2024\/11\/website-nudge-campaign-blog-2-thumbnail.jpg","contentUrl":"https:\/\/www.carms.ca\/wp-content\/uploads\/2024\/11\/website-nudge-campaign-blog-2-thumbnail.jpg","width":1024,"height":1024},{"@type":"BreadcrumbList","@id":"https:\/\/www.carms.ca\/fr\/ressources-pour-la-periode-des-candidatures-du-jumelage-r-1\/pourquoi-devriez-vous-soumettre-vos-candidatures-a-lavance\/#breadcrumb","itemListElement":[{"@type":"ListItem","position":1,"name":"Accueil","item":"https:\/\/www.carms.ca\/fr\/"},{"@type":"ListItem","position":2,"name":"Ressources pour la p\u00e9riode des candidatures du jumelage R-1","item":"https:\/\/www.carms.ca\/fr\/ressources-pour-la-periode-des-candidatures-du-jumelage-r-1\/"},{"@type":"ListItem","position":3,"name":"Pourquoi devriez-vous soumettre vos candidatures \u00e0 l\u2019avance"}]},{"@type":"WebSite","@id":"https:\/\/www.carms.ca\/#website","url":"https:\/\/www.carms.ca\/","name":"CaRMS","description":"","potentialAction":[{"@type":"SearchAction","target":{"@type":"EntryPoint","urlTemplate":"https:\/\/www.carms.ca\/?s={search_term_string}"},"query-input":{"@type":"PropertyValueSpecification","valueRequired":true,"valueName":"search_term_string"}}],"inLanguage":"fr-FR"}]}},"publishpress_future_workflow_manual_trigger":{"enabledWorkflows":[]},"_links":{"self":[{"href":"https:\/\/www.carms.ca\/fr\/wp-json\/wp\/v2\/pages\/44676","targetHints":{"allow":["GET"]}}],"collection":[{"href":"https:\/\/www.carms.ca\/fr\/wp-json\/wp\/v2\/pages"}],"about":[{"href":"https:\/\/www.carms.ca\/fr\/wp-json\/wp\/v2\/types\/page"}],"author":[{"embeddable":true,"href":"https:\/\/www.carms.ca\/fr\/wp-json\/wp\/v2\/users\/40"}],"replies":[{"embeddable":true,"href":"https:\/\/www.carms.ca\/fr\/wp-json\/wp\/v2\/comments?post=44676"}],"version-history":[{"count":25,"href":"https:\/\/www.carms.ca\/fr\/wp-json\/wp\/v2\/pages\/44676\/revisions"}],"predecessor-version":[{"id":50630,"href":"https:\/\/www.carms.ca\/fr\/wp-json\/wp\/v2\/pages\/44676\/revisions\/50630"}],"up":[{"embeddable":true,"href":"https:\/\/www.carms.ca\/fr\/wp-json\/wp\/v2\/pages\/44656"}],"wp:featuredmedia":[{"embeddable":true,"href":"https:\/\/www.carms.ca\/fr\/wp-json\/wp\/v2\/media\/44653"}],"wp:attachment":[{"href":"https:\/\/www.carms.ca\/fr\/wp-json\/wp\/v2\/media?parent=44676"}],"curies":[{"name":"wp","href":"https:\/\/api.w.org\/{rel}","templated":true}]}}