{"id":44677,"date":"2024-11-12T10:38:41","date_gmt":"2024-11-12T15:38:41","guid":{"rendered":"https:\/\/www.carms.ca\/ways-to-reduce-procrastination-during-the-application-period\/"},"modified":"2025-11-12T09:42:07","modified_gmt":"2025-11-12T14:42:07","slug":"moyens-pour-reduire-la-procrastination-pendant-la-periode-de-candidature","status":"publish","type":"page","link":"https:\/\/www.carms.ca\/fr\/ressources-pour-la-periode-des-candidatures-du-jumelage-r-1\/moyens-pour-reduire-la-procrastination-pendant-la-periode-de-candidature\/","title":{"rendered":"Moyens pour r\u00e9duire la procrastination pendant la p\u00e9riode de candidature"},"content":{"rendered":"<div class=\"wpb-content-wrapper\">[vc_row][vc_column][mk_image src=\u00a0\u00bbhttps:\/\/www.carms.ca\/wp-content\/uploads\/2024\/11\/website-nudge-campaign-blog-3-slider.jpg\u00a0\u00bb image_size=\u00a0\u00bbfull\u00a0\u00bb align=\u00a0\u00bbcenter\u00a0\u00bb][\/vc_column][\/vc_row][vc_row][vc_column][mk_padding_divider size=\u00a0\u00bb20&Prime;][vc_column_text css=\u00a0\u00bb.vc_custom_1731441683754{margin-bottom: 0px !important;}\u00a0\u00bb]\n<h2 style=\"text-align: center;\"><strong>Moyens pour r\u00e9duire la procrastination pendant la p\u00e9riode de candidature<\/strong><\/h2>\n[\/vc_column_text][\/vc_column][\/vc_row][vc_row][vc_column][mk_padding_divider size=\u00a0\u00bb20&Prime;][vc_column_text css=\u00a0\u00bb.vc_custom_1761680971882{margin-bottom: 0px !important;}\u00a0\u00bb]Nous avons tous v\u00e9cu \u00e7a\u00a0: vous avez une t\u00e2che importante, une date limite, un devoir ou un projet qui approche et vous ne pouvez pas trouver la motivation pour commencer parce que vous devez faire le m\u00e9nage ou parce que visionner des \u00e9missions sur <em>Netflix <\/em>est beaucoup plus agr\u00e9able ou parce qu\u2019il y a <em>autre chose <\/em>que vous devez faire. Et soudainement, la date limite approche rapidement et vous devez vous pr\u00e9cipiter pour terminer dans les d\u00e9lais pr\u00e9vus. Vous ressentez maintenant beaucoup plus de pression que si vous n\u2019aviez pas tard\u00e9 \u00e0 agir.<\/p>\n<p>Selon <em><a href=\"https:\/\/www.psychologytoday.com\/us\/basics\/procrastination\" target=\"_blank\" rel=\"noopener\">Psychology Today<\/a><\/em>, la procrastination peut mener \u00e0 un travail de qualit\u00e9 inf\u00e9rieure et une r\u00e9duction g\u00e9n\u00e9rale du bien-\u00eatre. Voici cinq fa\u00e7ons pour vous permettre d\u2019\u00e9viter la procrastination et de soumettre votre candidature \u00e0 l\u2019avance, bien avant la date limite du <strong>27\u202fnovembre 2025 \u00e0 midi (HE)<\/strong>.<\/p>\n<h3><strong>\u00c9liminez les distractions<\/strong><\/h3>\n<p>Nous vivons dans un monde o\u00f9 il est facile de se laisser distraire. Que ce soit les personnes qui nous entourent, les m\u00e9dias sociaux, la t\u00e9l\u00e9vision et la diffusion en continu ou nos t\u00e9l\u00e9phones, les distractions sont partout. Lorsque vous travaillez sur vos candidatures, essayez d\u2019\u00e9viter les distractions en trouvant un endroit silencieux et isol\u00e9 et en limitant l\u2019acc\u00e8s \u00e0 des objets qui pourraient attirer votre attention. Mettez votre t\u00e9l\u00e9phone en mode silencieux ou \u00e9teignez-le et d\u00e9connectez-vous de vos profils sur les m\u00e9dias sociaux. \u00c9couter de la musique ou des bruits ambiants peut \u00e9galement aider \u00e0 \u00e9liminer les distractions et am\u00e9liorer la concentration.<\/p>\n<h3><strong>Fixez des objectifs atteignables<\/strong><\/h3>\n<p>Fixer des objectifs atteignables peut rendre votre t\u00e2che moins intimidante. Cr\u00e9er un aper\u00e7u de toutes les choses que vous devez accomplir pour soumettre vos candidatures et ensuite les s\u00e9parer en petits groupes peut vous aider \u00e0 \u00eatre plus productif et avoir un meilleur contr\u00f4le sur votre travail.<\/p>\n<h3><strong>Trouvez un compagnon de reddition de comptes<\/strong><\/h3>\n<p>Avoir un partenaire qui assure que vous \u00eates responsable peut vous donner une autre raison de compl\u00e9ter votre candidature dans les d\u00e9lais pr\u00e9vus. Vous pouvez travailler avec un autre \u00e9tudiant afin de se tenir mutuellement responsable ou vous pouvez demander \u00e0 un \u00eatre cher de vous aider. Partagez avec eux votre liste de t\u00e2ches \u00e0 accomplir et ils peuvent vous aider \u00e0 garder la bonne voie. Si vous n\u2019avez pas de personne pour vous aider \u00e0 rester responsable, trouver un syst\u00e8me qui vous aidera est \u00e9galement tr\u00e8s utile. Il peut simplement s\u2019agir de rayer des articles sur une liste de t\u00e2ches quotidiennes.<\/p>\n<h3><strong>Prenez des pauses<\/strong><\/h3>\n<p>Il peut sembler que vous n\u2019avez pas assez de temps pour prendre une pause (ou cela peut sembler \u00eatre de la procrastination), mais une pause volontaire bien planifi\u00e9e peut en effet vous aider \u00e0 \u00eatre plus productif. Utilisez ces pauses pour pr\u00e9parer une collation ou pour faire une marche. Vous vous sentirez ensuite recharg\u00e9 et pr\u00eat \u00e0 reprendre le travail.<\/p>\n<h3><strong>Donnez-vous une r\u00e9compense<\/strong><\/h3>\n<p>Se donner une r\u00e9compense apr\u00e8s avoir accompli une t\u00e2che ou votre liste quotidienne peut contribuer \u00e0 cr\u00e9er de bonnes habitudes en mati\u00e8re de productivit\u00e9. R\u00e9compensez votre r\u00e9alisation d\u2019une t\u00e2che avec une friandise ou une sieste ou 30\u00a0minutes de votre \u00e9mission pr\u00e9f\u00e9r\u00e9e. Savoir qu\u2019il y a une r\u00e9compense \u00e0 la fin de votre t\u00e2che actuelle peut vous donner la motivation de l\u2019achever.<\/p>\n<h4>Pour des ressources concernant la soumission anticip\u00e9e de la candidature, visitez notre <a href=\"\/fr\/ressources-pour-la-periode-des-candidatures-du-jumelage-r-1\/\">page des ressources pour la p\u00e9riode des candidatures du jumelage R-1<\/a>.<\/h4>\n[\/vc_column_text][mk_padding_divider][\/vc_column][\/vc_row][vc_row][vc_column][vc_cta h2=\u00a0\u00bbConseils pour garder votre candidatures sur la bonne voie\u00a0\u00bb h2_font_container=\u00a0\u00bbtag:h2|text_align:left|color:%23215165&Prime; h2_google_fonts=\u00a0\u00bbfont_family:Ubuntu%3A300%2C300italic%2Cregular%2Citalic%2C500%2C500italic%2C700%2C700italic|font_style:500%20bold%20regular%3A500%3Anormal\u00a0\u00bb color=\u00a0\u00bbpeacoc\u00a0\u00bb css=\u00a0\u00bb\u00a0\u00bb use_custom_fonts_h2=\u00a0\u00bbtrue\u00a0\u00bb]\n<ul>\n<li><a href=\"\/fr\/ressources-pour-la-periode-des-candidatures-du-jumelage-r-1\/conseils-pour-reduire-le-stress-lie-a-la-soumission-de-votre-candidature\/\" target=\"_blank\" rel=\"noopener\">Conseils pour r\u00e9duire le stress li\u00e9 \u00e0 la soumission de votre candidature<\/a><\/li>\n<li><a href=\"\/fr\/ressources-pour-la-periode-des-candidatures-du-jumelage-r-1\/pourquoi-devriez-vous-soumettre-vos-candidatures-a-lavance\/\" target=\"_blank\" rel=\"noopener\">Pourquoi devriez-vous soumettre votre candidature \u00e0 l\u2019avance<\/a><\/li>\n<li><a href=\"\/fr\/ressources-pour-la-periode-des-candidatures-du-jumelage-r-1\/conseils-pour-la-gestion-du-temps-pendant-la-periode-de-candidature\/\" target=\"_blank\" rel=\"noopener\">Conseils pour la gestion du temps pendant la p\u00e9riode de candidature<\/a><\/li>\n<li><a href=\"\/fr\/ressources-pour-la-periode-des-candidatures-du-jumelage-r-1\/rester-motive-lors-de-la-preparation-de-vos-candidatures\/\" target=\"_blank\" rel=\"noopener\">Rester motiv\u00e9 lors de la pr\u00e9paration de vos candidatures<\/a><\/li>\n<li><a href=\"\/fr\/ressources-pour-la-periode-des-candidatures-du-jumelage-r-1\/creer-un-systeme-dentraide-pendant-la-periode-de-candidature\/\" target=\"_blank\" rel=\"noopener\">Cr\u00e9er un syst\u00e8me d\u2019entraide pendant la p\u00e9riode de candidature<\/a><\/li>\n<\/ul>\n[\/vc_cta][\/vc_column][\/vc_row]\n<\/div>","protected":false},"excerpt":{"rendered":"<p>[vc_row][vc_column][mk_image src=\u00a0\u00bbhttps:\/\/www.carms.ca\/wp-content\/uploads\/2024\/11\/website-nudge-campaign-blog-3-slider.jpg\u00a0\u00bb image_size=\u00a0\u00bbfull\u00a0\u00bb align=\u00a0\u00bbcenter\u00a0\u00bb][\/vc_column][\/vc_row][vc_row][vc_column][mk_padding_divider size=\u00a0\u00bb20&Prime;][vc_column_text css=\u00a0\u00bb.vc_custom_1731441683754{margin-bottom: 0px !important;}\u00a0\u00bb] Moyens pour r\u00e9duire la procrastination pendant la p\u00e9riode de candidature [\/vc_column_text][\/vc_column][\/vc_row][vc_row][vc_column][mk_padding_divider size=\u00a0\u00bb20&Prime;][vc_column_text css=\u00a0\u00bb.vc_custom_1761680971882{margin-bottom: 0px !important;}\u00a0\u00bb]Nous avons tous v\u00e9cu \u00e7a\u00a0: vous avez une t\u00e2che importante, une date limite, un devoir ou un projet qui approche et vous ne pouvez pas trouver la motivation pour commencer parce que vous [&hellip;]<\/p>\n","protected":false},"author":40,"featured_media":44655,"parent":44656,"menu_order":0,"comment_status":"closed","ping_status":"closed","template":"","meta":{"_acf_changed":false,"footnotes":""},"class_list":["post-44677","page","type-page","status-publish","has-post-thumbnail","hentry"],"acf":{"subtitle":""},"yoast_head":"<!-- This site is optimized with the Yoast SEO plugin v27.3 - https:\/\/yoast.com\/product\/yoast-seo-wordpress\/ -->\n<title>Moyens pour r\u00e9duire la procrastination pendant la p\u00e9riode de candidature - CaRMS<\/title>\n<meta name=\"robots\" content=\"index, follow, max-snippet:-1, max-image-preview:large, max-video-preview:-1\" \/>\n<link rel=\"canonical\" href=\"https:\/\/www.carms.ca\/fr\/ressources-pour-la-periode-des-candidatures-du-jumelage-r-1\/moyens-pour-reduire-la-procrastination-pendant-la-periode-de-candidature\/\" \/>\n<meta property=\"og:locale\" content=\"fr_FR\" \/>\n<meta property=\"og:type\" content=\"article\" \/>\n<meta property=\"og:title\" content=\"Moyens pour r\u00e9duire la procrastination pendant la p\u00e9riode de candidature - CaRMS\" \/>\n<meta property=\"og:description\" content=\"[vc_row][vc_column][mk_image src=\u00a0\u00bbhttps:\/\/www.carms.ca\/wp-content\/uploads\/2024\/11\/website-nudge-campaign-blog-3-slider.jpg\u00a0\u00bb image_size=\u00a0\u00bbfull\u00a0\u00bb align=\u00a0\u00bbcenter\u00a0\u00bb][\/vc_column][\/vc_row][vc_row][vc_column][mk_padding_divider size=\u00a0\u00bb20&Prime;][vc_column_text css=\u00a0\u00bb.vc_custom_1731441683754{margin-bottom: 0px !important;}\u00a0\u00bb] Moyens pour r\u00e9duire la procrastination pendant la p\u00e9riode de candidature [\/vc_column_text][\/vc_column][\/vc_row][vc_row][vc_column][mk_padding_divider size=\u00a0\u00bb20&Prime;][vc_column_text css=\u00a0\u00bb.vc_custom_1761680971882{margin-bottom: 0px !important;}\u00a0\u00bb]Nous avons tous v\u00e9cu \u00e7a\u00a0: vous avez une t\u00e2che importante, une date limite, un devoir ou un projet qui approche et vous ne pouvez pas trouver la motivation pour commencer parce que vous [&hellip;]\" \/>\n<meta property=\"og:url\" content=\"https:\/\/www.carms.ca\/fr\/ressources-pour-la-periode-des-candidatures-du-jumelage-r-1\/moyens-pour-reduire-la-procrastination-pendant-la-periode-de-candidature\/\" \/>\n<meta property=\"og:site_name\" content=\"CaRMS\" \/>\n<meta property=\"article:modified_time\" content=\"2025-11-12T14:42:07+00:00\" \/>\n<meta property=\"og:image\" content=\"https:\/\/www.carms.ca\/wp-content\/uploads\/2024\/11\/website-nudge-campaign-blog-3-thumbnail.jpg\" \/>\n\t<meta property=\"og:image:width\" content=\"1024\" \/>\n\t<meta property=\"og:image:height\" content=\"1024\" \/>\n\t<meta property=\"og:image:type\" content=\"image\/jpeg\" \/>\n<meta name=\"twitter:card\" content=\"summary_large_image\" \/>\n<meta name=\"twitter:label1\" content=\"Dur\u00e9e de lecture estim\u00e9e\" \/>\n\t<meta name=\"twitter:data1\" content=\"4 minutes\" \/>\n<script type=\"application\/ld+json\" class=\"yoast-schema-graph\">{\"@context\":\"https:\\\/\\\/schema.org\",\"@graph\":[{\"@type\":\"WebPage\",\"@id\":\"https:\\\/\\\/www.carms.ca\\\/fr\\\/ressources-pour-la-periode-des-candidatures-du-jumelage-r-1\\\/moyens-pour-reduire-la-procrastination-pendant-la-periode-de-candidature\\\/\",\"url\":\"https:\\\/\\\/www.carms.ca\\\/fr\\\/ressources-pour-la-periode-des-candidatures-du-jumelage-r-1\\\/moyens-pour-reduire-la-procrastination-pendant-la-periode-de-candidature\\\/\",\"name\":\"Moyens pour r\u00e9duire la procrastination pendant la p\u00e9riode de candidature - CaRMS\",\"isPartOf\":{\"@id\":\"https:\\\/\\\/www.carms.ca\\\/#website\"},\"primaryImageOfPage\":{\"@id\":\"https:\\\/\\\/www.carms.ca\\\/fr\\\/ressources-pour-la-periode-des-candidatures-du-jumelage-r-1\\\/moyens-pour-reduire-la-procrastination-pendant-la-periode-de-candidature\\\/#primaryimage\"},\"image\":{\"@id\":\"https:\\\/\\\/www.carms.ca\\\/fr\\\/ressources-pour-la-periode-des-candidatures-du-jumelage-r-1\\\/moyens-pour-reduire-la-procrastination-pendant-la-periode-de-candidature\\\/#primaryimage\"},\"thumbnailUrl\":\"https:\\\/\\\/www.carms.ca\\\/wp-content\\\/uploads\\\/2024\\\/11\\\/website-nudge-campaign-blog-3-thumbnail.jpg\",\"datePublished\":\"2024-11-12T15:38:41+00:00\",\"dateModified\":\"2025-11-12T14:42:07+00:00\",\"breadcrumb\":{\"@id\":\"https:\\\/\\\/www.carms.ca\\\/fr\\\/ressources-pour-la-periode-des-candidatures-du-jumelage-r-1\\\/moyens-pour-reduire-la-procrastination-pendant-la-periode-de-candidature\\\/#breadcrumb\"},\"inLanguage\":\"fr-FR\",\"potentialAction\":[{\"@type\":\"ReadAction\",\"target\":[\"https:\\\/\\\/www.carms.ca\\\/fr\\\/ressources-pour-la-periode-des-candidatures-du-jumelage-r-1\\\/moyens-pour-reduire-la-procrastination-pendant-la-periode-de-candidature\\\/\"]}]},{\"@type\":\"ImageObject\",\"inLanguage\":\"fr-FR\",\"@id\":\"https:\\\/\\\/www.carms.ca\\\/fr\\\/ressources-pour-la-periode-des-candidatures-du-jumelage-r-1\\\/moyens-pour-reduire-la-procrastination-pendant-la-periode-de-candidature\\\/#primaryimage\",\"url\":\"https:\\\/\\\/www.carms.ca\\\/wp-content\\\/uploads\\\/2024\\\/11\\\/website-nudge-campaign-blog-3-thumbnail.jpg\",\"contentUrl\":\"https:\\\/\\\/www.carms.ca\\\/wp-content\\\/uploads\\\/2024\\\/11\\\/website-nudge-campaign-blog-3-thumbnail.jpg\",\"width\":1024,\"height\":1024},{\"@type\":\"BreadcrumbList\",\"@id\":\"https:\\\/\\\/www.carms.ca\\\/fr\\\/ressources-pour-la-periode-des-candidatures-du-jumelage-r-1\\\/moyens-pour-reduire-la-procrastination-pendant-la-periode-de-candidature\\\/#breadcrumb\",\"itemListElement\":[{\"@type\":\"ListItem\",\"position\":1,\"name\":\"Accueil\",\"item\":\"https:\\\/\\\/www.carms.ca\\\/fr\\\/\"},{\"@type\":\"ListItem\",\"position\":2,\"name\":\"Ressources pour la p\u00e9riode des candidatures du jumelage R-1\",\"item\":\"https:\\\/\\\/www.carms.ca\\\/fr\\\/ressources-pour-la-periode-des-candidatures-du-jumelage-r-1\\\/\"},{\"@type\":\"ListItem\",\"position\":3,\"name\":\"Moyens pour r\u00e9duire la procrastination pendant la p\u00e9riode de candidature\"}]},{\"@type\":\"WebSite\",\"@id\":\"https:\\\/\\\/www.carms.ca\\\/#website\",\"url\":\"https:\\\/\\\/www.carms.ca\\\/\",\"name\":\"CaRMS\",\"description\":\"\",\"potentialAction\":[{\"@type\":\"SearchAction\",\"target\":{\"@type\":\"EntryPoint\",\"urlTemplate\":\"https:\\\/\\\/www.carms.ca\\\/?s={search_term_string}\"},\"query-input\":{\"@type\":\"PropertyValueSpecification\",\"valueRequired\":true,\"valueName\":\"search_term_string\"}}],\"inLanguage\":\"fr-FR\"}]}<\/script>\n<!-- \/ Yoast SEO plugin. -->","yoast_head_json":{"title":"Moyens pour r\u00e9duire la procrastination pendant la p\u00e9riode de candidature - CaRMS","robots":{"index":"index","follow":"follow","max-snippet":"max-snippet:-1","max-image-preview":"max-image-preview:large","max-video-preview":"max-video-preview:-1"},"canonical":"https:\/\/www.carms.ca\/fr\/ressources-pour-la-periode-des-candidatures-du-jumelage-r-1\/moyens-pour-reduire-la-procrastination-pendant-la-periode-de-candidature\/","og_locale":"fr_FR","og_type":"article","og_title":"Moyens pour r\u00e9duire la procrastination pendant la p\u00e9riode de candidature - CaRMS","og_description":"[vc_row][vc_column][mk_image src=\u00a0\u00bbhttps:\/\/www.carms.ca\/wp-content\/uploads\/2024\/11\/website-nudge-campaign-blog-3-slider.jpg\u00a0\u00bb image_size=\u00a0\u00bbfull\u00a0\u00bb align=\u00a0\u00bbcenter\u00a0\u00bb][\/vc_column][\/vc_row][vc_row][vc_column][mk_padding_divider size=\u00a0\u00bb20&Prime;][vc_column_text css=\u00a0\u00bb.vc_custom_1731441683754{margin-bottom: 0px !important;}\u00a0\u00bb] Moyens pour r\u00e9duire la procrastination pendant la p\u00e9riode de candidature [\/vc_column_text][\/vc_column][\/vc_row][vc_row][vc_column][mk_padding_divider size=\u00a0\u00bb20&Prime;][vc_column_text css=\u00a0\u00bb.vc_custom_1761680971882{margin-bottom: 0px !important;}\u00a0\u00bb]Nous avons tous v\u00e9cu \u00e7a\u00a0: vous avez une t\u00e2che importante, une date limite, un devoir ou un projet qui approche et vous ne pouvez pas trouver la motivation pour commencer parce que vous [&hellip;]","og_url":"https:\/\/www.carms.ca\/fr\/ressources-pour-la-periode-des-candidatures-du-jumelage-r-1\/moyens-pour-reduire-la-procrastination-pendant-la-periode-de-candidature\/","og_site_name":"CaRMS","article_modified_time":"2025-11-12T14:42:07+00:00","og_image":[{"width":1024,"height":1024,"url":"https:\/\/www.carms.ca\/wp-content\/uploads\/2024\/11\/website-nudge-campaign-blog-3-thumbnail.jpg","type":"image\/jpeg"}],"twitter_card":"summary_large_image","twitter_misc":{"Dur\u00e9e de lecture estim\u00e9e":"4 minutes"},"schema":{"@context":"https:\/\/schema.org","@graph":[{"@type":"WebPage","@id":"https:\/\/www.carms.ca\/fr\/ressources-pour-la-periode-des-candidatures-du-jumelage-r-1\/moyens-pour-reduire-la-procrastination-pendant-la-periode-de-candidature\/","url":"https:\/\/www.carms.ca\/fr\/ressources-pour-la-periode-des-candidatures-du-jumelage-r-1\/moyens-pour-reduire-la-procrastination-pendant-la-periode-de-candidature\/","name":"Moyens pour r\u00e9duire la procrastination pendant la p\u00e9riode de candidature - CaRMS","isPartOf":{"@id":"https:\/\/www.carms.ca\/#website"},"primaryImageOfPage":{"@id":"https:\/\/www.carms.ca\/fr\/ressources-pour-la-periode-des-candidatures-du-jumelage-r-1\/moyens-pour-reduire-la-procrastination-pendant-la-periode-de-candidature\/#primaryimage"},"image":{"@id":"https:\/\/www.carms.ca\/fr\/ressources-pour-la-periode-des-candidatures-du-jumelage-r-1\/moyens-pour-reduire-la-procrastination-pendant-la-periode-de-candidature\/#primaryimage"},"thumbnailUrl":"https:\/\/www.carms.ca\/wp-content\/uploads\/2024\/11\/website-nudge-campaign-blog-3-thumbnail.jpg","datePublished":"2024-11-12T15:38:41+00:00","dateModified":"2025-11-12T14:42:07+00:00","breadcrumb":{"@id":"https:\/\/www.carms.ca\/fr\/ressources-pour-la-periode-des-candidatures-du-jumelage-r-1\/moyens-pour-reduire-la-procrastination-pendant-la-periode-de-candidature\/#breadcrumb"},"inLanguage":"fr-FR","potentialAction":[{"@type":"ReadAction","target":["https:\/\/www.carms.ca\/fr\/ressources-pour-la-periode-des-candidatures-du-jumelage-r-1\/moyens-pour-reduire-la-procrastination-pendant-la-periode-de-candidature\/"]}]},{"@type":"ImageObject","inLanguage":"fr-FR","@id":"https:\/\/www.carms.ca\/fr\/ressources-pour-la-periode-des-candidatures-du-jumelage-r-1\/moyens-pour-reduire-la-procrastination-pendant-la-periode-de-candidature\/#primaryimage","url":"https:\/\/www.carms.ca\/wp-content\/uploads\/2024\/11\/website-nudge-campaign-blog-3-thumbnail.jpg","contentUrl":"https:\/\/www.carms.ca\/wp-content\/uploads\/2024\/11\/website-nudge-campaign-blog-3-thumbnail.jpg","width":1024,"height":1024},{"@type":"BreadcrumbList","@id":"https:\/\/www.carms.ca\/fr\/ressources-pour-la-periode-des-candidatures-du-jumelage-r-1\/moyens-pour-reduire-la-procrastination-pendant-la-periode-de-candidature\/#breadcrumb","itemListElement":[{"@type":"ListItem","position":1,"name":"Accueil","item":"https:\/\/www.carms.ca\/fr\/"},{"@type":"ListItem","position":2,"name":"Ressources pour la p\u00e9riode des candidatures du jumelage R-1","item":"https:\/\/www.carms.ca\/fr\/ressources-pour-la-periode-des-candidatures-du-jumelage-r-1\/"},{"@type":"ListItem","position":3,"name":"Moyens pour r\u00e9duire la procrastination pendant la p\u00e9riode de candidature"}]},{"@type":"WebSite","@id":"https:\/\/www.carms.ca\/#website","url":"https:\/\/www.carms.ca\/","name":"CaRMS","description":"","potentialAction":[{"@type":"SearchAction","target":{"@type":"EntryPoint","urlTemplate":"https:\/\/www.carms.ca\/?s={search_term_string}"},"query-input":{"@type":"PropertyValueSpecification","valueRequired":true,"valueName":"search_term_string"}}],"inLanguage":"fr-FR"}]}},"publishpress_future_workflow_manual_trigger":{"enabledWorkflows":[]},"_links":{"self":[{"href":"https:\/\/www.carms.ca\/fr\/wp-json\/wp\/v2\/pages\/44677","targetHints":{"allow":["GET"]}}],"collection":[{"href":"https:\/\/www.carms.ca\/fr\/wp-json\/wp\/v2\/pages"}],"about":[{"href":"https:\/\/www.carms.ca\/fr\/wp-json\/wp\/v2\/types\/page"}],"author":[{"embeddable":true,"href":"https:\/\/www.carms.ca\/fr\/wp-json\/wp\/v2\/users\/40"}],"replies":[{"embeddable":true,"href":"https:\/\/www.carms.ca\/fr\/wp-json\/wp\/v2\/comments?post=44677"}],"version-history":[{"count":24,"href":"https:\/\/www.carms.ca\/fr\/wp-json\/wp\/v2\/pages\/44677\/revisions"}],"predecessor-version":[{"id":50631,"href":"https:\/\/www.carms.ca\/fr\/wp-json\/wp\/v2\/pages\/44677\/revisions\/50631"}],"up":[{"embeddable":true,"href":"https:\/\/www.carms.ca\/fr\/wp-json\/wp\/v2\/pages\/44656"}],"wp:featuredmedia":[{"embeddable":true,"href":"https:\/\/www.carms.ca\/fr\/wp-json\/wp\/v2\/media\/44655"}],"wp:attachment":[{"href":"https:\/\/www.carms.ca\/fr\/wp-json\/wp\/v2\/media?parent=44677"}],"curies":[{"name":"wp","href":"https:\/\/api.w.org\/{rel}","templated":true}]}}