{"id":44930,"date":"2024-11-25T14:54:38","date_gmt":"2024-11-25T19:54:38","guid":{"rendered":"https:\/\/www.carms.ca\/?page_id=44930"},"modified":"2024-11-25T16:20:50","modified_gmt":"2024-11-25T21:20:50","slug":"docteur-carl-white-ulysse","status":"publish","type":"page","link":"https:\/\/www.carms.ca\/fr\/a-propos-de\/gouvernance-et-comites\/gouvernance\/docteur-carl-white-ulysse\/","title":{"rendered":"Docteur Carl White Ulysse"},"content":{"rendered":"<div class=\"wpb-content-wrapper\">[vc_row][vc_column][vc_column_text css=\u00a0\u00bb.vc_custom_1732569649185{margin-bottom: 0px !important;}\u00a0\u00bb]Le docteur Carl White Ulysse est un anesth\u00e9siologiste \u00e0 l\u2019H\u00f4pital <em>Sick Kids<\/em>, o\u00f9 il a compl\u00e9t\u00e9 sa bourse de recherche en anesth\u00e9sie p\u00e9diatrique. Il est dipl\u00f4m\u00e9 du programme de m\u00e9decine \u00e0 l\u2019Universit\u00e9 McGill et du programme de r\u00e9sidence en anesth\u00e9sie de la <em>University of Toronto<\/em>. Pendant cette p\u00e9riode, il a occup\u00e9 plusieurs postes de leadership incluant le poste de vice-pr\u00e9sident directeur de la F\u00e9d\u00e9ration des \u00e9tudiants et des \u00e9tudiantes en m\u00e9decine du Canada (FEMC), le poste de pr\u00e9sident de l\u2019Association professionnelle des r\u00e9sidents de l\u2019Ontario (PARO) et, plus r\u00e9cemment le poste de pr\u00e9sident de M\u00e9decins r\u00e9sidents du Canada (MRC) o\u00f9 il fut le premier pr\u00e9sident noir dans l\u2019histoire de l\u2019organisation.<\/p>\n<p>En plus de sa formation en m\u00e9decine, Carl a obtenu une ma\u00eetrise en administration des affaires \u00e0 la <em>Stanford Graduate School of Business<\/em>, o\u00f9 il a \u00e9galement obtenu un certificat en gestion publique et innovation sociale.<\/p>\n<p>En tant qu\u2019homme de couleur queer, Carl a une passion pour l\u2019\u00e9quit\u00e9, la diversit\u00e9 et l\u2019inclusion (\u00c9DI). Apr\u00e8s avoir particip\u00e9 \u00e0 des ateliers en \u00c9DI pour les \u00e9tudiants en affaires \u00e0 Stanford, il a supervis\u00e9 la mise en \u0153uvre du cadre \u00c9DI chez PARO. Il est actuellement membre du conseil d\u2019administration d\u2019Interligne, une organisation \u00e0 but non lucratif \u00e9tablie, bas\u00e9e \u00e0 Montr\u00e9al, qui g\u00e8re un centre de premi\u00e8re ligne offrant de l\u2019aide et de l\u2019information aux personnes affect\u00e9es par la diversit\u00e9 sexuelle et de genre.[\/vc_column_text][\/vc_column][\/vc_row]\n<\/div>","protected":false},"excerpt":{"rendered":"<p>[vc_row][vc_column][vc_column_text css=\u00a0\u00bb.vc_custom_1732569649185{margin-bottom: 0px !important;}\u00a0\u00bb]Le docteur Carl White Ulysse est un anesth\u00e9siologiste \u00e0 l\u2019H\u00f4pital Sick Kids, o\u00f9 il a compl\u00e9t\u00e9 sa bourse de recherche en anesth\u00e9sie p\u00e9diatrique. Il est dipl\u00f4m\u00e9 du programme de m\u00e9decine \u00e0 l\u2019Universit\u00e9 McGill et du programme de r\u00e9sidence en anesth\u00e9sie de la University of Toronto. Pendant cette p\u00e9riode, il a occup\u00e9 plusieurs [&hellip;]<\/p>\n","protected":false},"author":40,"featured_media":0,"parent":1053,"menu_order":0,"comment_status":"closed","ping_status":"closed","template":"","meta":{"_acf_changed":false,"footnotes":""},"class_list":["post-44930","page","type-page","status-publish","hentry"],"acf":{"subtitle":"<p><em>Directeur<br \/>\n<\/em>Anesth\u00e9siologiste<br \/>\nH\u00f4pital <em>Sick Kids <\/em>de Toronto<\/p>\n"},"yoast_head":"<!-- This site is optimized with the Yoast SEO plugin v27.3 - https:\/\/yoast.com\/product\/yoast-seo-wordpress\/ -->\n<title>Docteur Carl White Ulysse - CaRMS<\/title>\n<meta name=\"robots\" content=\"index, follow, max-snippet:-1, max-image-preview:large, max-video-preview:-1\" \/>\n<link rel=\"canonical\" href=\"https:\/\/www.carms.ca\/fr\/a-propos-de\/gouvernance-et-comites\/gouvernance\/docteur-carl-white-ulysse\/\" \/>\n<meta property=\"og:locale\" content=\"fr_FR\" \/>\n<meta property=\"og:type\" content=\"article\" \/>\n<meta property=\"og:title\" content=\"Docteur Carl White Ulysse - CaRMS\" \/>\n<meta property=\"og:description\" content=\"[vc_row][vc_column][vc_column_text css=\u00a0\u00bb.vc_custom_1732569649185{margin-bottom: 0px !important;}\u00a0\u00bb]Le docteur Carl White Ulysse est un anesth\u00e9siologiste \u00e0 l\u2019H\u00f4pital Sick Kids, o\u00f9 il a compl\u00e9t\u00e9 sa bourse de recherche en anesth\u00e9sie p\u00e9diatrique. Il est dipl\u00f4m\u00e9 du programme de m\u00e9decine \u00e0 l\u2019Universit\u00e9 McGill et du programme de r\u00e9sidence en anesth\u00e9sie de la University of Toronto. Pendant cette p\u00e9riode, il a occup\u00e9 plusieurs [&hellip;]\" \/>\n<meta property=\"og:url\" content=\"https:\/\/www.carms.ca\/fr\/a-propos-de\/gouvernance-et-comites\/gouvernance\/docteur-carl-white-ulysse\/\" \/>\n<meta property=\"og:site_name\" content=\"CaRMS\" \/>\n<meta property=\"article:modified_time\" content=\"2024-11-25T21:20:50+00:00\" \/>\n<meta name=\"twitter:card\" content=\"summary_large_image\" \/>\n<meta name=\"twitter:label1\" content=\"Dur\u00e9e de lecture estim\u00e9e\" \/>\n\t<meta name=\"twitter:data1\" content=\"1 minute\" \/>\n<script type=\"application\/ld+json\" class=\"yoast-schema-graph\">{\"@context\":\"https:\\\/\\\/schema.org\",\"@graph\":[{\"@type\":\"WebPage\",\"@id\":\"https:\\\/\\\/www.carms.ca\\\/fr\\\/a-propos-de\\\/gouvernance-et-comites\\\/gouvernance\\\/docteur-carl-white-ulysse\\\/\",\"url\":\"https:\\\/\\\/www.carms.ca\\\/fr\\\/a-propos-de\\\/gouvernance-et-comites\\\/gouvernance\\\/docteur-carl-white-ulysse\\\/\",\"name\":\"Docteur Carl White Ulysse - CaRMS\",\"isPartOf\":{\"@id\":\"https:\\\/\\\/www.carms.ca\\\/#website\"},\"datePublished\":\"2024-11-25T19:54:38+00:00\",\"dateModified\":\"2024-11-25T21:20:50+00:00\",\"breadcrumb\":{\"@id\":\"https:\\\/\\\/www.carms.ca\\\/fr\\\/a-propos-de\\\/gouvernance-et-comites\\\/gouvernance\\\/docteur-carl-white-ulysse\\\/#breadcrumb\"},\"inLanguage\":\"fr-FR\",\"potentialAction\":[{\"@type\":\"ReadAction\",\"target\":[\"https:\\\/\\\/www.carms.ca\\\/fr\\\/a-propos-de\\\/gouvernance-et-comites\\\/gouvernance\\\/docteur-carl-white-ulysse\\\/\"]}]},{\"@type\":\"BreadcrumbList\",\"@id\":\"https:\\\/\\\/www.carms.ca\\\/fr\\\/a-propos-de\\\/gouvernance-et-comites\\\/gouvernance\\\/docteur-carl-white-ulysse\\\/#breadcrumb\",\"itemListElement\":[{\"@type\":\"ListItem\",\"position\":1,\"name\":\"Accueil\",\"item\":\"https:\\\/\\\/www.carms.ca\\\/fr\\\/accueil-2\\\/\"},{\"@type\":\"ListItem\",\"position\":2,\"name\":\"\u00c0 propos de\",\"item\":\"https:\\\/\\\/www.carms.ca\\\/fr\\\/a-propos-de\\\/\"},{\"@type\":\"ListItem\",\"position\":3,\"name\":\"Gouvernance et comit\u00e9s\",\"item\":\"https:\\\/\\\/www.carms.ca\\\/fr\\\/a-propos-de\\\/gouvernance-et-comites\\\/\"},{\"@type\":\"ListItem\",\"position\":4,\"name\":\"Gouvernance\",\"item\":\"https:\\\/\\\/www.carms.ca\\\/fr\\\/a-propos-de\\\/gouvernance-et-comites\\\/gouvernance\\\/\"},{\"@type\":\"ListItem\",\"position\":5,\"name\":\"Docteur Carl White Ulysse\"}]},{\"@type\":\"WebSite\",\"@id\":\"https:\\\/\\\/www.carms.ca\\\/#website\",\"url\":\"https:\\\/\\\/www.carms.ca\\\/\",\"name\":\"CaRMS\",\"description\":\"\",\"potentialAction\":[{\"@type\":\"SearchAction\",\"target\":{\"@type\":\"EntryPoint\",\"urlTemplate\":\"https:\\\/\\\/www.carms.ca\\\/?s={search_term_string}\"},\"query-input\":{\"@type\":\"PropertyValueSpecification\",\"valueRequired\":true,\"valueName\":\"search_term_string\"}}],\"inLanguage\":\"fr-FR\"}]}<\/script>\n<!-- \/ Yoast SEO plugin. -->","yoast_head_json":{"title":"Docteur Carl White Ulysse - CaRMS","robots":{"index":"index","follow":"follow","max-snippet":"max-snippet:-1","max-image-preview":"max-image-preview:large","max-video-preview":"max-video-preview:-1"},"canonical":"https:\/\/www.carms.ca\/fr\/a-propos-de\/gouvernance-et-comites\/gouvernance\/docteur-carl-white-ulysse\/","og_locale":"fr_FR","og_type":"article","og_title":"Docteur Carl White Ulysse - CaRMS","og_description":"[vc_row][vc_column][vc_column_text css=\u00a0\u00bb.vc_custom_1732569649185{margin-bottom: 0px !important;}\u00a0\u00bb]Le docteur Carl White Ulysse est un anesth\u00e9siologiste \u00e0 l\u2019H\u00f4pital Sick Kids, o\u00f9 il a compl\u00e9t\u00e9 sa bourse de recherche en anesth\u00e9sie p\u00e9diatrique. Il est dipl\u00f4m\u00e9 du programme de m\u00e9decine \u00e0 l\u2019Universit\u00e9 McGill et du programme de r\u00e9sidence en anesth\u00e9sie de la University of Toronto. Pendant cette p\u00e9riode, il a occup\u00e9 plusieurs [&hellip;]","og_url":"https:\/\/www.carms.ca\/fr\/a-propos-de\/gouvernance-et-comites\/gouvernance\/docteur-carl-white-ulysse\/","og_site_name":"CaRMS","article_modified_time":"2024-11-25T21:20:50+00:00","twitter_card":"summary_large_image","twitter_misc":{"Dur\u00e9e de lecture estim\u00e9e":"1 minute"},"schema":{"@context":"https:\/\/schema.org","@graph":[{"@type":"WebPage","@id":"https:\/\/www.carms.ca\/fr\/a-propos-de\/gouvernance-et-comites\/gouvernance\/docteur-carl-white-ulysse\/","url":"https:\/\/www.carms.ca\/fr\/a-propos-de\/gouvernance-et-comites\/gouvernance\/docteur-carl-white-ulysse\/","name":"Docteur Carl White Ulysse - CaRMS","isPartOf":{"@id":"https:\/\/www.carms.ca\/#website"},"datePublished":"2024-11-25T19:54:38+00:00","dateModified":"2024-11-25T21:20:50+00:00","breadcrumb":{"@id":"https:\/\/www.carms.ca\/fr\/a-propos-de\/gouvernance-et-comites\/gouvernance\/docteur-carl-white-ulysse\/#breadcrumb"},"inLanguage":"fr-FR","potentialAction":[{"@type":"ReadAction","target":["https:\/\/www.carms.ca\/fr\/a-propos-de\/gouvernance-et-comites\/gouvernance\/docteur-carl-white-ulysse\/"]}]},{"@type":"BreadcrumbList","@id":"https:\/\/www.carms.ca\/fr\/a-propos-de\/gouvernance-et-comites\/gouvernance\/docteur-carl-white-ulysse\/#breadcrumb","itemListElement":[{"@type":"ListItem","position":1,"name":"Accueil","item":"https:\/\/www.carms.ca\/fr\/accueil-2\/"},{"@type":"ListItem","position":2,"name":"\u00c0 propos de","item":"https:\/\/www.carms.ca\/fr\/a-propos-de\/"},{"@type":"ListItem","position":3,"name":"Gouvernance et comit\u00e9s","item":"https:\/\/www.carms.ca\/fr\/a-propos-de\/gouvernance-et-comites\/"},{"@type":"ListItem","position":4,"name":"Gouvernance","item":"https:\/\/www.carms.ca\/fr\/a-propos-de\/gouvernance-et-comites\/gouvernance\/"},{"@type":"ListItem","position":5,"name":"Docteur Carl White Ulysse"}]},{"@type":"WebSite","@id":"https:\/\/www.carms.ca\/#website","url":"https:\/\/www.carms.ca\/","name":"CaRMS","description":"","potentialAction":[{"@type":"SearchAction","target":{"@type":"EntryPoint","urlTemplate":"https:\/\/www.carms.ca\/?s={search_term_string}"},"query-input":{"@type":"PropertyValueSpecification","valueRequired":true,"valueName":"search_term_string"}}],"inLanguage":"fr-FR"}]}},"publishpress_future_workflow_manual_trigger":{"enabledWorkflows":[]},"_links":{"self":[{"href":"https:\/\/www.carms.ca\/fr\/wp-json\/wp\/v2\/pages\/44930","targetHints":{"allow":["GET"]}}],"collection":[{"href":"https:\/\/www.carms.ca\/fr\/wp-json\/wp\/v2\/pages"}],"about":[{"href":"https:\/\/www.carms.ca\/fr\/wp-json\/wp\/v2\/types\/page"}],"author":[{"embeddable":true,"href":"https:\/\/www.carms.ca\/fr\/wp-json\/wp\/v2\/users\/40"}],"replies":[{"embeddable":true,"href":"https:\/\/www.carms.ca\/fr\/wp-json\/wp\/v2\/comments?post=44930"}],"version-history":[{"count":3,"href":"https:\/\/www.carms.ca\/fr\/wp-json\/wp\/v2\/pages\/44930\/revisions"}],"predecessor-version":[{"id":44935,"href":"https:\/\/www.carms.ca\/fr\/wp-json\/wp\/v2\/pages\/44930\/revisions\/44935"}],"up":[{"embeddable":true,"href":"https:\/\/www.carms.ca\/fr\/wp-json\/wp\/v2\/pages\/1053"}],"wp:attachment":[{"href":"https:\/\/www.carms.ca\/fr\/wp-json\/wp\/v2\/media?parent=44930"}],"curies":[{"name":"wp","href":"https:\/\/api.w.org\/{rel}","templated":true}]}}