{"id":50362,"date":"2025-10-27T14:50:55","date_gmt":"2025-10-27T18:50:55","guid":{"rendered":"https:\/\/www.carms.ca\/?page_id=50362"},"modified":"2025-11-10T11:41:49","modified_gmt":"2025-11-10T16:41:49","slug":"creer-un-systeme-dentraide-pendant-la-periode-de-candidature","status":"publish","type":"page","link":"https:\/\/www.carms.ca\/fr\/ressources-pour-la-periode-des-candidatures-du-jumelage-r-1\/creer-un-systeme-dentraide-pendant-la-periode-de-candidature\/","title":{"rendered":"Cr\u00e9er un syst\u00e8me d\u2019entraide pendant la p\u00e9riode de candidature"},"content":{"rendered":"<div class=\"wpb-content-wrapper\">[vc_row][vc_column][mk_image src=\u00a0\u00bbhttps:\/\/www.carms.ca\/wp-content\/uploads\/2025\/10\/website-nudge-campaign-blog-6-slider.jpg\u00a0\u00bb image_size=\u00a0\u00bbfull\u00a0\u00bb align=\u00a0\u00bbcenter\u00a0\u00bb][\/vc_column][\/vc_row][vc_row][vc_column][mk_padding_divider size=\u00a0\u00bb20&Prime;][vc_column_text css=\u00a0\u00bb.vc_custom_1731441563498{margin-bottom: 0px !important;}\u00a0\u00bb]\n<h2 style=\"text-align: center;\">Cr\u00e9er un syst\u00e8me d\u2019entraide pendant la p\u00e9riode de candidature<\/h2>\n[\/vc_column_text][\/vc_column][\/vc_row][vc_row][vc_column][mk_padding_divider size=\u00a0\u00bb20&Prime;][vc_column_text css=\u00a0\u00bb.vc_custom_1761590853901{margin-bottom: 0px !important;}\u00a0\u00bb]<strong>La date limite de soumission des candidatures pour le jumelage principal\u00a0R-1 de 2026 est le 27\u00a0novembre 2025 \u00e0 midi (HE). <\/strong>Nous savons que travailler sur vos candidatures peut parfois cr\u00e9er un sentiment d\u2019isolement, mais vous n\u2019\u00eates pas oblig\u00e9 de passer \u00e0 travers ce processus tout seul. En effet, avoir un syst\u00e8me d\u2019entraide solide \u2014 de vos camarades de classe et vos mentors aux membres de votre famille et vos amis \u2014 peut faire une \u00e9norme diff\u00e9rence dans la r\u00e9duction du stress et le maintien de l\u2019\u00e9quilibre. Nous sous-estimons parfois l\u2019importance de l\u2019appui des autres pendant des p\u00e9riodes occup\u00e9es. Dans cet article, nous explorerons les raisons pour lesquelles cr\u00e9er un syst\u00e8me d\u2019entraide pendant la p\u00e9riode de candidature est important et des moyens pour vous aider \u00e0 en cr\u00e9er un qui fonctionne bien pour vous.[\/vc_column_text][vc_column_text css=\u00a0\u00bb.vc_custom_1761681085628{margin-bottom: 0px !important;}\u00a0\u00bb]\n<h3><strong>Identifiez votre \u00e9quipe de soutien<\/strong><\/h3>\n<p>Votre syst\u00e8me d\u2019entraide devrait inclure un m\u00e9lange de personnes qui peuvent vous aider de nombreuses mani\u00e8res. Les mentors et les conseillers peuvent offrir des conseils en ce qui concerne les parties techniques de votre candidature pour des postes de r\u00e9sidence. Vos camarades de classe et vos coll\u00e8gues, qui travaillent \u00e9galement sur leurs dossiers de candidature, peuvent \u00eatre d\u2019excellentes sources de soutien \u00e9motionnel et de responsabilit\u00e9. Il est possible que les membres de votre famille et vos amis ne comprennent pas enti\u00e8rement les d\u00e9tails du processus de candidature pour des postes de r\u00e9sidence, mais ils peuvent vous aider \u00e0 prendre une pause, \u00e0 vous amuser et \u00e0 garder une perspective lorsque les choses deviennent stressantes. Imaginez votre syst\u00e8me d\u2019entraide comme \u00e9tant un cercle \u2014 chaque personne joue un r\u00f4le diff\u00e9rent, mais tout aussi important que les autres.<\/p>\n<h3><strong>Soyez honn\u00eate avec votre cercle en ce qui concerne vos besoins<\/strong><\/h3>\n<p>Il est facile de tomber dans le cercle vicieux et de croire que \u00ab\u2009je peux y arriver seul\u2009\u00bb, mais votre cercle de soutien veut vous aider et vous soutenir. Indiquez clairement vos besoins peuvent aider les gens \u00e0 vous offrir un vrai soutien.<\/p>\n<p>Cela peut ressembler \u00e0\u00a0:<\/p>\n<ul>\n<li>Demander \u00e0 quelqu\u2019un de lire des parties de votre candidature.<\/li>\n<li>Demander \u00e0 un ami de communiquer avec vous p\u00e9riodiquement pour s\u2019assurer que vous n\u2019\u00eates pas accabl\u00e9.<\/li>\n<li>Se fixer des limites est \u00e9galement un moyen d\u2019indiquer vos besoins. Peut-\u00eatre avez-vous besoin d\u2019une soir\u00e9e de plaisir et de ne pas penser \u00e0 votre candidature.<\/li>\n<\/ul>\n<p>Votre syst\u00e8me d\u2019entraide veut vous aider. Il doit simplement savoir comment.<\/p>\n<h3><strong>Restez connect\u00e9 m\u00eame lorsque vous \u00eates occup\u00e9<\/strong><\/h3>\n<p>Parfois, nous sommes d\u00e9connect\u00e9s de nos relations lorsque nous sommes occup\u00e9s. Rester connect\u00e9 ne doit pas n\u00e9cessairement prendre beaucoup de temps pendant la journ\u00e9e. Un appel de dix minutes avec un ami ou un mentor, une petite pause-caf\u00e9 avec un camarade de classe ou un petit texto \u00e0 un membre de votre famille \u2014 ces petits moments peuvent vous aider \u00e0 rester \u00e9quilibr\u00e9 et ancr\u00e9, ainsi que garder votre syst\u00e8me d\u2019entraide actif.<\/p>\n<p>Alors que vous continuez \u00e0 travailler sur votre candidature, n\u2019oubliez pas que compter sur l\u2019appui des autres n\u2019est pas un signe de faiblesse \u2014 il s\u2019agit d\u2019une strat\u00e9gie intelligente. Vous pouvez le faire et vous n\u2019\u00eates pas oblig\u00e9 de le faire tout seul.<\/p>\n<h4>Pour des ressources concernant la soumission anticip\u00e9e de la candidature, visitez notre <a href=\"\/fr\/ressources-pour-la-periode-des-candidatures-du-jumelage-r-1\/\">page des ressources pour la p\u00e9riode des candidatures du jumelage R-1<\/a>.<\/h4>\n[\/vc_column_text][mk_padding_divider][\/vc_column][\/vc_row][vc_row disable_element=\u00a0\u00bbyes\u00a0\u00bb][vc_column][vc_cta h2=\u00a0\u00bbConseils pour garder vos candidatures sur la bonne voie\u00a0\u00bb h2_font_container=\u00a0\u00bbtag:h2|text_align:left|color:%23215165&Prime; h2_google_fonts=\u00a0\u00bbfont_family:Ubuntu%3A300%2C300italic%2Cregular%2Citalic%2C500%2C500italic%2C700%2C700italic|font_style:500%20bold%20regular%3A500%3Anormal\u00a0\u00bb color=\u00a0\u00bbpeacoc\u00a0\u00bb css=\u00a0\u00bb\u00a0\u00bb use_custom_fonts_h2=\u00a0\u00bbtrue\u00a0\u00bb]\n<ul>\n<li><a href=\"\/fr\/ressources-pour-la-periode-des-candidatures-du-jumelage-r-1\/conseils-pour-reduire-le-stress-lie-a-la-soumission-de-vos-candidatures\/\" target=\"_blank\" rel=\"noopener\">Conseils pour r\u00e9duire le stress li\u00e9 \u00e0 la soumission de vos candidatures<\/a><\/li>\n<li><a href=\"\/fr\/ressources-pour-la-periode-des-candidatures-du-jumelage-r-1\/pourquoi-devriez-vous-soumettre-vos-candidatures-a-lavance\/\" target=\"_blank\" rel=\"noopener\">Pourquoi devriez-vous soumettre vos candidatures \u00e0 l\u2019avance<\/a><\/li>\n<li><a href=\"\/fr\/ressources-pour-la-periode-des-candidatures-du-jumelage-r-1\/moyens-pour-reduire-la-procrastination-pendant-la-periode-de-candidature\/\" target=\"_blank\" rel=\"noopener\">Moyens pour r\u00e9duire la procrastination pendant la p\u00e9riode de candidature<\/a><\/li>\n<li><a href=\"\/fr\/ressources-pour-la-periode-des-candidatures-du-jumelage-r-1\/conseils-pour-la-gestion-du-temps-pendant-la-periode-de-candidature\/\" target=\"_blank\" rel=\"noopener\">Conseils pour la gestion du temps pendant la p\u00e9riode de candidature<\/a><\/li>\n<\/ul>\n[\/vc_cta][\/vc_column][\/vc_row][vc_row][vc_column][vc_cta h2=\u00a0\u00bbConseils pour garder votre candidatures sur la bonne voie\u00a0\u00bb h2_font_container=\u00a0\u00bbtag:h2|text_align:left|color:%23215165&Prime; h2_google_fonts=\u00a0\u00bbfont_family:Ubuntu%3A300%2C300italic%2Cregular%2Citalic%2C500%2C500italic%2C700%2C700italic|font_style:500%20bold%20regular%3A500%3Anormal\u00a0\u00bb color=\u00a0\u00bbpeacoc\u00a0\u00bb css=\u00a0\u00bb\u00a0\u00bb use_custom_fonts_h2=\u00a0\u00bbtrue\u00a0\u00bb]\n<ul>\n<li><a href=\"\/fr\/ressources-pour-la-periode-des-candidatures-du-jumelage-r-1\/conseils-pour-reduire-le-stress-lie-a-la-soumission-de-votre-candidature\/\" target=\"_blank\" rel=\"noopener\">Conseils pour r\u00e9duire le stress li\u00e9 \u00e0 la soumission de votre candidature<\/a><\/li>\n<li><a href=\"\/fr\/ressources-pour-la-periode-des-candidatures-du-jumelage-r-1\/pourquoi-devriez-vous-soumettre-vos-candidatures-a-lavance\/\" target=\"_blank\" rel=\"noopener\">Pourquoi devriez-vous soumettre votre candidature \u00e0 l\u2019avance<\/a><\/li>\n<li><a href=\"\/fr\/ressources-pour-la-periode-des-candidatures-du-jumelage-r-1\/moyens-pour-reduire-la-procrastination-pendant-la-periode-de-candidature\/\" target=\"_blank\" rel=\"noopener\">Moyens pour r\u00e9duire la procrastination pendant la p\u00e9riode de candidature<\/a><\/li>\n<li><a href=\"\/fr\/ressources-pour-la-periode-des-candidatures-du-jumelage-r-1\/conseils-pour-la-gestion-du-temps-pendant-la-periode-de-candidature\/\" target=\"_blank\" rel=\"noopener\">Conseils pour la gestion du temps pendant la p\u00e9riode de candidature<\/a><\/li>\n<li><a href=\"\/fr\/ressources-pour-la-periode-des-candidatures-du-jumelage-r-1\/rester-motive-lors-de-la-preparation-de-vos-candidatures\/\" target=\"_blank\" rel=\"noopener\">Rester motiv\u00e9 lors de la pr\u00e9paration de vos candidatures<\/a><\/li>\n<\/ul>\n[\/vc_cta][\/vc_column][\/vc_row]\n<\/div>","protected":false},"excerpt":{"rendered":"<p>[vc_row][vc_column][mk_image src=\u00a0\u00bbhttps:\/\/www.carms.ca\/wp-content\/uploads\/2025\/10\/website-nudge-campaign-blog-6-slider.jpg\u00a0\u00bb image_size=\u00a0\u00bbfull\u00a0\u00bb align=\u00a0\u00bbcenter\u00a0\u00bb][\/vc_column][\/vc_row][vc_row][vc_column][mk_padding_divider size=\u00a0\u00bb20&Prime;][vc_column_text css=\u00a0\u00bb.vc_custom_1731441563498{margin-bottom: 0px !important;}\u00a0\u00bb] Cr\u00e9er un syst\u00e8me d\u2019entraide pendant la p\u00e9riode de candidature [\/vc_column_text][\/vc_column][\/vc_row][vc_row][vc_column][mk_padding_divider size=\u00a0\u00bb20&Prime;][vc_column_text css=\u00a0\u00bb.vc_custom_1761590853901{margin-bottom: 0px !important;}\u00a0\u00bb]La date limite de soumission des candidatures pour le jumelage principal\u00a0R-1 de 2026 est le 27\u00a0novembre 2025 \u00e0 midi (HE). Nous savons que travailler sur vos candidatures peut parfois cr\u00e9er un sentiment d\u2019isolement, mais [&hellip;]<\/p>\n","protected":false},"author":40,"featured_media":50400,"parent":44656,"menu_order":0,"comment_status":"closed","ping_status":"closed","template":"","meta":{"_acf_changed":false,"footnotes":""},"class_list":["post-50362","page","type-page","status-publish","has-post-thumbnail","hentry"],"acf":{"subtitle":""},"yoast_head":"<!-- This site is optimized with the Yoast SEO plugin v27.3 - https:\/\/yoast.com\/product\/yoast-seo-wordpress\/ -->\n<title>Cr\u00e9er un syst\u00e8me d\u2019entraide pendant la p\u00e9riode de candidature - CaRMS<\/title>\n<meta name=\"robots\" content=\"index, follow, max-snippet:-1, max-image-preview:large, max-video-preview:-1\" \/>\n<link rel=\"canonical\" href=\"https:\/\/www.carms.ca\/fr\/ressources-pour-la-periode-des-candidatures-du-jumelage-r-1\/creer-un-systeme-dentraide-pendant-la-periode-de-candidature\/\" \/>\n<meta property=\"og:locale\" content=\"fr_FR\" \/>\n<meta property=\"og:type\" content=\"article\" \/>\n<meta property=\"og:title\" content=\"Cr\u00e9er un syst\u00e8me d\u2019entraide pendant la p\u00e9riode de candidature - CaRMS\" \/>\n<meta property=\"og:description\" content=\"[vc_row][vc_column][mk_image src=\u00a0\u00bbhttps:\/\/www.carms.ca\/wp-content\/uploads\/2025\/10\/website-nudge-campaign-blog-6-slider.jpg\u00a0\u00bb image_size=\u00a0\u00bbfull\u00a0\u00bb align=\u00a0\u00bbcenter\u00a0\u00bb][\/vc_column][\/vc_row][vc_row][vc_column][mk_padding_divider size=\u00a0\u00bb20&Prime;][vc_column_text css=\u00a0\u00bb.vc_custom_1731441563498{margin-bottom: 0px !important;}\u00a0\u00bb] Cr\u00e9er un syst\u00e8me d\u2019entraide pendant la p\u00e9riode de candidature [\/vc_column_text][\/vc_column][\/vc_row][vc_row][vc_column][mk_padding_divider size=\u00a0\u00bb20&Prime;][vc_column_text css=\u00a0\u00bb.vc_custom_1761590853901{margin-bottom: 0px !important;}\u00a0\u00bb]La date limite de soumission des candidatures pour le jumelage principal\u00a0R-1 de 2026 est le 27\u00a0novembre 2025 \u00e0 midi (HE). Nous savons que travailler sur vos candidatures peut parfois cr\u00e9er un sentiment d\u2019isolement, mais [&hellip;]\" \/>\n<meta property=\"og:url\" content=\"https:\/\/www.carms.ca\/fr\/ressources-pour-la-periode-des-candidatures-du-jumelage-r-1\/creer-un-systeme-dentraide-pendant-la-periode-de-candidature\/\" \/>\n<meta property=\"og:site_name\" content=\"CaRMS\" \/>\n<meta property=\"article:modified_time\" content=\"2025-11-10T16:41:49+00:00\" \/>\n<meta property=\"og:image\" content=\"https:\/\/www.carms.ca\/wp-content\/uploads\/2025\/10\/website-nudge-campaign-blog-6-thumbnail.jpg\" \/>\n\t<meta property=\"og:image:width\" content=\"1024\" \/>\n\t<meta property=\"og:image:height\" content=\"1024\" \/>\n\t<meta property=\"og:image:type\" content=\"image\/jpeg\" \/>\n<meta name=\"twitter:card\" content=\"summary_large_image\" \/>\n<meta name=\"twitter:label1\" content=\"Dur\u00e9e de lecture estim\u00e9e\" \/>\n\t<meta name=\"twitter:data1\" content=\"4 minutes\" \/>\n<script type=\"application\/ld+json\" class=\"yoast-schema-graph\">{\"@context\":\"https:\\\/\\\/schema.org\",\"@graph\":[{\"@type\":\"WebPage\",\"@id\":\"https:\\\/\\\/www.carms.ca\\\/fr\\\/ressources-pour-la-periode-des-candidatures-du-jumelage-r-1\\\/creer-un-systeme-dentraide-pendant-la-periode-de-candidature\\\/\",\"url\":\"https:\\\/\\\/www.carms.ca\\\/fr\\\/ressources-pour-la-periode-des-candidatures-du-jumelage-r-1\\\/creer-un-systeme-dentraide-pendant-la-periode-de-candidature\\\/\",\"name\":\"Cr\u00e9er un syst\u00e8me d\u2019entraide pendant la p\u00e9riode de candidature - CaRMS\",\"isPartOf\":{\"@id\":\"https:\\\/\\\/www.carms.ca\\\/#website\"},\"primaryImageOfPage\":{\"@id\":\"https:\\\/\\\/www.carms.ca\\\/fr\\\/ressources-pour-la-periode-des-candidatures-du-jumelage-r-1\\\/creer-un-systeme-dentraide-pendant-la-periode-de-candidature\\\/#primaryimage\"},\"image\":{\"@id\":\"https:\\\/\\\/www.carms.ca\\\/fr\\\/ressources-pour-la-periode-des-candidatures-du-jumelage-r-1\\\/creer-un-systeme-dentraide-pendant-la-periode-de-candidature\\\/#primaryimage\"},\"thumbnailUrl\":\"https:\\\/\\\/www.carms.ca\\\/wp-content\\\/uploads\\\/2025\\\/10\\\/website-nudge-campaign-blog-6-thumbnail.jpg\",\"datePublished\":\"2025-10-27T18:50:55+00:00\",\"dateModified\":\"2025-11-10T16:41:49+00:00\",\"breadcrumb\":{\"@id\":\"https:\\\/\\\/www.carms.ca\\\/fr\\\/ressources-pour-la-periode-des-candidatures-du-jumelage-r-1\\\/creer-un-systeme-dentraide-pendant-la-periode-de-candidature\\\/#breadcrumb\"},\"inLanguage\":\"fr-FR\",\"potentialAction\":[{\"@type\":\"ReadAction\",\"target\":[\"https:\\\/\\\/www.carms.ca\\\/fr\\\/ressources-pour-la-periode-des-candidatures-du-jumelage-r-1\\\/creer-un-systeme-dentraide-pendant-la-periode-de-candidature\\\/\"]}]},{\"@type\":\"ImageObject\",\"inLanguage\":\"fr-FR\",\"@id\":\"https:\\\/\\\/www.carms.ca\\\/fr\\\/ressources-pour-la-periode-des-candidatures-du-jumelage-r-1\\\/creer-un-systeme-dentraide-pendant-la-periode-de-candidature\\\/#primaryimage\",\"url\":\"https:\\\/\\\/www.carms.ca\\\/wp-content\\\/uploads\\\/2025\\\/10\\\/website-nudge-campaign-blog-6-thumbnail.jpg\",\"contentUrl\":\"https:\\\/\\\/www.carms.ca\\\/wp-content\\\/uploads\\\/2025\\\/10\\\/website-nudge-campaign-blog-6-thumbnail.jpg\",\"width\":1024,\"height\":1024},{\"@type\":\"BreadcrumbList\",\"@id\":\"https:\\\/\\\/www.carms.ca\\\/fr\\\/ressources-pour-la-periode-des-candidatures-du-jumelage-r-1\\\/creer-un-systeme-dentraide-pendant-la-periode-de-candidature\\\/#breadcrumb\",\"itemListElement\":[{\"@type\":\"ListItem\",\"position\":1,\"name\":\"Accueil\",\"item\":\"https:\\\/\\\/www.carms.ca\\\/fr\\\/accueil-2\\\/\"},{\"@type\":\"ListItem\",\"position\":2,\"name\":\"Ressources pour la p\u00e9riode des candidatures du jumelage R-1\",\"item\":\"https:\\\/\\\/www.carms.ca\\\/fr\\\/ressources-pour-la-periode-des-candidatures-du-jumelage-r-1\\\/\"},{\"@type\":\"ListItem\",\"position\":3,\"name\":\"Cr\u00e9er un syst\u00e8me d\u2019entraide pendant la p\u00e9riode de candidature\"}]},{\"@type\":\"WebSite\",\"@id\":\"https:\\\/\\\/www.carms.ca\\\/#website\",\"url\":\"https:\\\/\\\/www.carms.ca\\\/\",\"name\":\"CaRMS\",\"description\":\"\",\"potentialAction\":[{\"@type\":\"SearchAction\",\"target\":{\"@type\":\"EntryPoint\",\"urlTemplate\":\"https:\\\/\\\/www.carms.ca\\\/?s={search_term_string}\"},\"query-input\":{\"@type\":\"PropertyValueSpecification\",\"valueRequired\":true,\"valueName\":\"search_term_string\"}}],\"inLanguage\":\"fr-FR\"}]}<\/script>\n<!-- \/ Yoast SEO plugin. -->","yoast_head_json":{"title":"Cr\u00e9er un syst\u00e8me d\u2019entraide pendant la p\u00e9riode de candidature - CaRMS","robots":{"index":"index","follow":"follow","max-snippet":"max-snippet:-1","max-image-preview":"max-image-preview:large","max-video-preview":"max-video-preview:-1"},"canonical":"https:\/\/www.carms.ca\/fr\/ressources-pour-la-periode-des-candidatures-du-jumelage-r-1\/creer-un-systeme-dentraide-pendant-la-periode-de-candidature\/","og_locale":"fr_FR","og_type":"article","og_title":"Cr\u00e9er un syst\u00e8me d\u2019entraide pendant la p\u00e9riode de candidature - CaRMS","og_description":"[vc_row][vc_column][mk_image src=\u00a0\u00bbhttps:\/\/www.carms.ca\/wp-content\/uploads\/2025\/10\/website-nudge-campaign-blog-6-slider.jpg\u00a0\u00bb image_size=\u00a0\u00bbfull\u00a0\u00bb align=\u00a0\u00bbcenter\u00a0\u00bb][\/vc_column][\/vc_row][vc_row][vc_column][mk_padding_divider size=\u00a0\u00bb20&Prime;][vc_column_text css=\u00a0\u00bb.vc_custom_1731441563498{margin-bottom: 0px !important;}\u00a0\u00bb] Cr\u00e9er un syst\u00e8me d\u2019entraide pendant la p\u00e9riode de candidature [\/vc_column_text][\/vc_column][\/vc_row][vc_row][vc_column][mk_padding_divider size=\u00a0\u00bb20&Prime;][vc_column_text css=\u00a0\u00bb.vc_custom_1761590853901{margin-bottom: 0px !important;}\u00a0\u00bb]La date limite de soumission des candidatures pour le jumelage principal\u00a0R-1 de 2026 est le 27\u00a0novembre 2025 \u00e0 midi (HE). Nous savons que travailler sur vos candidatures peut parfois cr\u00e9er un sentiment d\u2019isolement, mais [&hellip;]","og_url":"https:\/\/www.carms.ca\/fr\/ressources-pour-la-periode-des-candidatures-du-jumelage-r-1\/creer-un-systeme-dentraide-pendant-la-periode-de-candidature\/","og_site_name":"CaRMS","article_modified_time":"2025-11-10T16:41:49+00:00","og_image":[{"width":1024,"height":1024,"url":"https:\/\/www.carms.ca\/wp-content\/uploads\/2025\/10\/website-nudge-campaign-blog-6-thumbnail.jpg","type":"image\/jpeg"}],"twitter_card":"summary_large_image","twitter_misc":{"Dur\u00e9e de lecture estim\u00e9e":"4 minutes"},"schema":{"@context":"https:\/\/schema.org","@graph":[{"@type":"WebPage","@id":"https:\/\/www.carms.ca\/fr\/ressources-pour-la-periode-des-candidatures-du-jumelage-r-1\/creer-un-systeme-dentraide-pendant-la-periode-de-candidature\/","url":"https:\/\/www.carms.ca\/fr\/ressources-pour-la-periode-des-candidatures-du-jumelage-r-1\/creer-un-systeme-dentraide-pendant-la-periode-de-candidature\/","name":"Cr\u00e9er un syst\u00e8me d\u2019entraide pendant la p\u00e9riode de candidature - CaRMS","isPartOf":{"@id":"https:\/\/www.carms.ca\/#website"},"primaryImageOfPage":{"@id":"https:\/\/www.carms.ca\/fr\/ressources-pour-la-periode-des-candidatures-du-jumelage-r-1\/creer-un-systeme-dentraide-pendant-la-periode-de-candidature\/#primaryimage"},"image":{"@id":"https:\/\/www.carms.ca\/fr\/ressources-pour-la-periode-des-candidatures-du-jumelage-r-1\/creer-un-systeme-dentraide-pendant-la-periode-de-candidature\/#primaryimage"},"thumbnailUrl":"https:\/\/www.carms.ca\/wp-content\/uploads\/2025\/10\/website-nudge-campaign-blog-6-thumbnail.jpg","datePublished":"2025-10-27T18:50:55+00:00","dateModified":"2025-11-10T16:41:49+00:00","breadcrumb":{"@id":"https:\/\/www.carms.ca\/fr\/ressources-pour-la-periode-des-candidatures-du-jumelage-r-1\/creer-un-systeme-dentraide-pendant-la-periode-de-candidature\/#breadcrumb"},"inLanguage":"fr-FR","potentialAction":[{"@type":"ReadAction","target":["https:\/\/www.carms.ca\/fr\/ressources-pour-la-periode-des-candidatures-du-jumelage-r-1\/creer-un-systeme-dentraide-pendant-la-periode-de-candidature\/"]}]},{"@type":"ImageObject","inLanguage":"fr-FR","@id":"https:\/\/www.carms.ca\/fr\/ressources-pour-la-periode-des-candidatures-du-jumelage-r-1\/creer-un-systeme-dentraide-pendant-la-periode-de-candidature\/#primaryimage","url":"https:\/\/www.carms.ca\/wp-content\/uploads\/2025\/10\/website-nudge-campaign-blog-6-thumbnail.jpg","contentUrl":"https:\/\/www.carms.ca\/wp-content\/uploads\/2025\/10\/website-nudge-campaign-blog-6-thumbnail.jpg","width":1024,"height":1024},{"@type":"BreadcrumbList","@id":"https:\/\/www.carms.ca\/fr\/ressources-pour-la-periode-des-candidatures-du-jumelage-r-1\/creer-un-systeme-dentraide-pendant-la-periode-de-candidature\/#breadcrumb","itemListElement":[{"@type":"ListItem","position":1,"name":"Accueil","item":"https:\/\/www.carms.ca\/fr\/accueil-2\/"},{"@type":"ListItem","position":2,"name":"Ressources pour la p\u00e9riode des candidatures du jumelage R-1","item":"https:\/\/www.carms.ca\/fr\/ressources-pour-la-periode-des-candidatures-du-jumelage-r-1\/"},{"@type":"ListItem","position":3,"name":"Cr\u00e9er un syst\u00e8me d\u2019entraide pendant la p\u00e9riode de candidature"}]},{"@type":"WebSite","@id":"https:\/\/www.carms.ca\/#website","url":"https:\/\/www.carms.ca\/","name":"CaRMS","description":"","potentialAction":[{"@type":"SearchAction","target":{"@type":"EntryPoint","urlTemplate":"https:\/\/www.carms.ca\/?s={search_term_string}"},"query-input":{"@type":"PropertyValueSpecification","valueRequired":true,"valueName":"search_term_string"}}],"inLanguage":"fr-FR"}]}},"publishpress_future_workflow_manual_trigger":{"enabledWorkflows":[]},"_links":{"self":[{"href":"https:\/\/www.carms.ca\/fr\/wp-json\/wp\/v2\/pages\/50362","targetHints":{"allow":["GET"]}}],"collection":[{"href":"https:\/\/www.carms.ca\/fr\/wp-json\/wp\/v2\/pages"}],"about":[{"href":"https:\/\/www.carms.ca\/fr\/wp-json\/wp\/v2\/types\/page"}],"author":[{"embeddable":true,"href":"https:\/\/www.carms.ca\/fr\/wp-json\/wp\/v2\/users\/40"}],"replies":[{"embeddable":true,"href":"https:\/\/www.carms.ca\/fr\/wp-json\/wp\/v2\/comments?post=50362"}],"version-history":[{"count":12,"href":"https:\/\/www.carms.ca\/fr\/wp-json\/wp\/v2\/pages\/50362\/revisions"}],"predecessor-version":[{"id":50614,"href":"https:\/\/www.carms.ca\/fr\/wp-json\/wp\/v2\/pages\/50362\/revisions\/50614"}],"up":[{"embeddable":true,"href":"https:\/\/www.carms.ca\/fr\/wp-json\/wp\/v2\/pages\/44656"}],"wp:featuredmedia":[{"embeddable":true,"href":"https:\/\/www.carms.ca\/fr\/wp-json\/wp\/v2\/media\/50400"}],"wp:attachment":[{"href":"https:\/\/www.carms.ca\/fr\/wp-json\/wp\/v2\/media?parent=50362"}],"curies":[{"name":"wp","href":"https:\/\/api.w.org\/{rel}","templated":true}]}}