{"id":51529,"date":"2026-01-29T15:59:44","date_gmt":"2026-01-29T20:59:44","guid":{"rendered":"https:\/\/www.carms.ca\/?page_id=51529"},"modified":"2026-01-29T15:59:44","modified_gmt":"2026-01-29T20:59:44","slug":"madame-marjorie-coulombe","status":"publish","type":"page","link":"https:\/\/www.carms.ca\/fr\/a-propos-de\/gouvernance-et-comites\/gouvernance\/madame-marjorie-coulombe\/","title":{"rendered":"Madame Marjorie Coulombe"},"content":{"rendered":"<div class=\"wpb-content-wrapper\">[vc_row][vc_column][vc_column_text margin_bottom=\u00a0\u00bb0&Prime;]<strong>Madame Marjorie Coulombe<\/strong> a \u00e9t\u00e9 choisie par la F\u00e9d\u00e9ration m\u00e9dicale \u00e9tudiante du Qu\u00e9bec (FMEQ) pour remplacer la docteure Mariya Andreeva en tant que directrice nomm\u00e9e par la FMEQ au sein du conseil d\u2019administration de CaRMS.<\/p>\n<p>Marjorie termine actuellement sa quatri\u00e8me ann\u00e9e d\u2019\u00e9tudes \u00e0 la facult\u00e9 de m\u00e9decine de l\u2019Universit\u00e9 Laval. Elle a obtenu un dipl\u00f4me d\u2019\u00e9tudes coll\u00e9giales (DEC) en sciences de la nature et en langue dans le cadre du syst\u00e8me du C\u00c9GEP du Qu\u00e9bec et a termin\u00e9 un certificat en g\u00e9rontologie \u00e0 l\u2019Universit\u00e9 Laval avant d\u2019entreprendre ses \u00e9tudes en m\u00e9decine.<\/p>\n<p>Pendant ses \u00e9tudes pr\u00e9cliniques, Marjorie a d\u00e9montr\u00e9 un leadership exemplaire et a eu une influence positive dans sa communaut\u00e9. Notamment, elle a apport\u00e9 une contribution importante en cr\u00e9ant une branche de la R\u00c9MUL \u2014 l\u2019association des \u00e9tudiants et \u00e9tudiantes en m\u00e9decine de l\u2019Universit\u00e9 Laval, sur le nouveau campus \u00e0 L\u00e9vis. En tant que pr\u00e9sidente de la R\u00c9MUL-L\u00e9vis pendant deux mandats et avec plus de 700 heures d\u2019engagement de service, Marjorie a efficacement repr\u00e9sent\u00e9 ses pairs et a d\u00e9fendu leurs int\u00e9r\u00eats aupr\u00e8s des autorit\u00e9s locales et provinciales. En avril 2025, elle a \u00e9t\u00e9 \u00e9lue comme repr\u00e9sentante des affaires acad\u00e9miques pour la F\u00e9d\u00e9ration m\u00e9dicale \u00e9tudiante du Qu\u00e9bec (FMEQ) et elle occupe ce poste depuis cette date.<\/p>\n<p>Motiv\u00e9e par sa propre exp\u00e9rience et apr\u00e8s avoir observ\u00e9 l\u2019engagement de sa m\u00e8re comme soignante, elle a investi du temps dans de la recherche ax\u00e9e sur l\u2019optimisation des transitions dans le domaine des soins pour les personnes \u00e2g\u00e9es vivant avec des maladies neurod\u00e9g\u00e9n\u00e9ratives. Au Laboratoire vivant CONSTELLATIONS, elle a cr\u00e9\u00e9, en collaboration avec un soignant et une \u00e9quipe multidisciplinaire, une ressource sous forme de journal de bord nomm\u00e9 \u00ab\u2009Mon journal de bord\u2009\u00bb, con\u00e7u pour aider les personnes qui ont r\u00e9cemment re\u00e7u un diagnostic de la perte de la m\u00e9moire et leurs \u00eatres chers \u00e0 organiser et enregistrer l\u2019information importante et \u00e0 naviguer dans le syst\u00e8me des soins de sant\u00e9 plus facilement.[\/vc_column_text][\/vc_column][\/vc_row]\n<\/div>","protected":false},"excerpt":{"rendered":"<p>[vc_row][vc_column][vc_column_text margin_bottom=\u00a0\u00bb0&Prime;]Madame Marjorie Coulombe a \u00e9t\u00e9 choisie par la F\u00e9d\u00e9ration m\u00e9dicale \u00e9tudiante du Qu\u00e9bec (FMEQ) pour remplacer la docteure Mariya Andreeva en tant que directrice nomm\u00e9e par la FMEQ au sein du conseil d\u2019administration de CaRMS. Marjorie termine actuellement sa quatri\u00e8me ann\u00e9e d\u2019\u00e9tudes \u00e0 la facult\u00e9 de m\u00e9decine de l\u2019Universit\u00e9 Laval. Elle a obtenu un [&hellip;]<\/p>\n","protected":false},"author":40,"featured_media":0,"parent":1053,"menu_order":0,"comment_status":"closed","ping_status":"closed","template":"","meta":{"_acf_changed":false,"footnotes":""},"class_list":["post-51529","page","type-page","status-publish","hentry"],"acf":{"subtitle":"<p>Directrice<br \/>\n\u00c9tudiante en m\u00e9decine<br \/>\nUniversit\u00e9 Laval<\/p>\n"},"yoast_head":"<!-- This site is optimized with the Yoast SEO plugin v27.3 - https:\/\/yoast.com\/product\/yoast-seo-wordpress\/ -->\n<title>Madame Marjorie Coulombe - CaRMS<\/title>\n<meta name=\"robots\" content=\"index, follow, max-snippet:-1, max-image-preview:large, max-video-preview:-1\" \/>\n<link rel=\"canonical\" href=\"https:\/\/www.carms.ca\/fr\/a-propos-de\/gouvernance-et-comites\/gouvernance\/madame-marjorie-coulombe\/\" \/>\n<meta property=\"og:locale\" content=\"fr_FR\" \/>\n<meta property=\"og:type\" content=\"article\" \/>\n<meta property=\"og:title\" content=\"Madame Marjorie Coulombe - CaRMS\" \/>\n<meta property=\"og:description\" content=\"[vc_row][vc_column][vc_column_text margin_bottom=\u00a0\u00bb0&Prime;]Madame Marjorie Coulombe a \u00e9t\u00e9 choisie par la F\u00e9d\u00e9ration m\u00e9dicale \u00e9tudiante du Qu\u00e9bec (FMEQ) pour remplacer la docteure Mariya Andreeva en tant que directrice nomm\u00e9e par la FMEQ au sein du conseil d\u2019administration de CaRMS. Marjorie termine actuellement sa quatri\u00e8me ann\u00e9e d\u2019\u00e9tudes \u00e0 la facult\u00e9 de m\u00e9decine de l\u2019Universit\u00e9 Laval. Elle a obtenu un [&hellip;]\" \/>\n<meta property=\"og:url\" content=\"https:\/\/www.carms.ca\/fr\/a-propos-de\/gouvernance-et-comites\/gouvernance\/madame-marjorie-coulombe\/\" \/>\n<meta property=\"og:site_name\" content=\"CaRMS\" \/>\n<meta name=\"twitter:card\" content=\"summary_large_image\" \/>\n<meta name=\"twitter:label1\" content=\"Dur\u00e9e de lecture estim\u00e9e\" \/>\n\t<meta name=\"twitter:data1\" content=\"2 minutes\" \/>\n<script type=\"application\/ld+json\" class=\"yoast-schema-graph\">{\"@context\":\"https:\\\/\\\/schema.org\",\"@graph\":[{\"@type\":\"WebPage\",\"@id\":\"https:\\\/\\\/www.carms.ca\\\/fr\\\/a-propos-de\\\/gouvernance-et-comites\\\/gouvernance\\\/madame-marjorie-coulombe\\\/\",\"url\":\"https:\\\/\\\/www.carms.ca\\\/fr\\\/a-propos-de\\\/gouvernance-et-comites\\\/gouvernance\\\/madame-marjorie-coulombe\\\/\",\"name\":\"Madame Marjorie Coulombe - CaRMS\",\"isPartOf\":{\"@id\":\"https:\\\/\\\/www.carms.ca\\\/#website\"},\"datePublished\":\"2026-01-29T20:59:44+00:00\",\"breadcrumb\":{\"@id\":\"https:\\\/\\\/www.carms.ca\\\/fr\\\/a-propos-de\\\/gouvernance-et-comites\\\/gouvernance\\\/madame-marjorie-coulombe\\\/#breadcrumb\"},\"inLanguage\":\"fr-FR\",\"potentialAction\":[{\"@type\":\"ReadAction\",\"target\":[\"https:\\\/\\\/www.carms.ca\\\/fr\\\/a-propos-de\\\/gouvernance-et-comites\\\/gouvernance\\\/madame-marjorie-coulombe\\\/\"]}]},{\"@type\":\"BreadcrumbList\",\"@id\":\"https:\\\/\\\/www.carms.ca\\\/fr\\\/a-propos-de\\\/gouvernance-et-comites\\\/gouvernance\\\/madame-marjorie-coulombe\\\/#breadcrumb\",\"itemListElement\":[{\"@type\":\"ListItem\",\"position\":1,\"name\":\"Accueil\",\"item\":\"https:\\\/\\\/www.carms.ca\\\/fr\\\/accueil-2\\\/\"},{\"@type\":\"ListItem\",\"position\":2,\"name\":\"\u00c0 propos de\",\"item\":\"https:\\\/\\\/www.carms.ca\\\/fr\\\/a-propos-de\\\/\"},{\"@type\":\"ListItem\",\"position\":3,\"name\":\"Gouvernance et comit\u00e9s\",\"item\":\"https:\\\/\\\/www.carms.ca\\\/fr\\\/a-propos-de\\\/gouvernance-et-comites\\\/\"},{\"@type\":\"ListItem\",\"position\":4,\"name\":\"Gouvernance\",\"item\":\"https:\\\/\\\/www.carms.ca\\\/fr\\\/a-propos-de\\\/gouvernance-et-comites\\\/gouvernance\\\/\"},{\"@type\":\"ListItem\",\"position\":5,\"name\":\"Madame Marjorie Coulombe\"}]},{\"@type\":\"WebSite\",\"@id\":\"https:\\\/\\\/www.carms.ca\\\/#website\",\"url\":\"https:\\\/\\\/www.carms.ca\\\/\",\"name\":\"CaRMS\",\"description\":\"\",\"potentialAction\":[{\"@type\":\"SearchAction\",\"target\":{\"@type\":\"EntryPoint\",\"urlTemplate\":\"https:\\\/\\\/www.carms.ca\\\/?s={search_term_string}\"},\"query-input\":{\"@type\":\"PropertyValueSpecification\",\"valueRequired\":true,\"valueName\":\"search_term_string\"}}],\"inLanguage\":\"fr-FR\"}]}<\/script>\n<!-- \/ Yoast SEO plugin. -->","yoast_head_json":{"title":"Madame Marjorie Coulombe - CaRMS","robots":{"index":"index","follow":"follow","max-snippet":"max-snippet:-1","max-image-preview":"max-image-preview:large","max-video-preview":"max-video-preview:-1"},"canonical":"https:\/\/www.carms.ca\/fr\/a-propos-de\/gouvernance-et-comites\/gouvernance\/madame-marjorie-coulombe\/","og_locale":"fr_FR","og_type":"article","og_title":"Madame Marjorie Coulombe - CaRMS","og_description":"[vc_row][vc_column][vc_column_text margin_bottom=\u00a0\u00bb0&Prime;]Madame Marjorie Coulombe a \u00e9t\u00e9 choisie par la F\u00e9d\u00e9ration m\u00e9dicale \u00e9tudiante du Qu\u00e9bec (FMEQ) pour remplacer la docteure Mariya Andreeva en tant que directrice nomm\u00e9e par la FMEQ au sein du conseil d\u2019administration de CaRMS. Marjorie termine actuellement sa quatri\u00e8me ann\u00e9e d\u2019\u00e9tudes \u00e0 la facult\u00e9 de m\u00e9decine de l\u2019Universit\u00e9 Laval. Elle a obtenu un [&hellip;]","og_url":"https:\/\/www.carms.ca\/fr\/a-propos-de\/gouvernance-et-comites\/gouvernance\/madame-marjorie-coulombe\/","og_site_name":"CaRMS","twitter_card":"summary_large_image","twitter_misc":{"Dur\u00e9e de lecture estim\u00e9e":"2 minutes"},"schema":{"@context":"https:\/\/schema.org","@graph":[{"@type":"WebPage","@id":"https:\/\/www.carms.ca\/fr\/a-propos-de\/gouvernance-et-comites\/gouvernance\/madame-marjorie-coulombe\/","url":"https:\/\/www.carms.ca\/fr\/a-propos-de\/gouvernance-et-comites\/gouvernance\/madame-marjorie-coulombe\/","name":"Madame Marjorie Coulombe - CaRMS","isPartOf":{"@id":"https:\/\/www.carms.ca\/#website"},"datePublished":"2026-01-29T20:59:44+00:00","breadcrumb":{"@id":"https:\/\/www.carms.ca\/fr\/a-propos-de\/gouvernance-et-comites\/gouvernance\/madame-marjorie-coulombe\/#breadcrumb"},"inLanguage":"fr-FR","potentialAction":[{"@type":"ReadAction","target":["https:\/\/www.carms.ca\/fr\/a-propos-de\/gouvernance-et-comites\/gouvernance\/madame-marjorie-coulombe\/"]}]},{"@type":"BreadcrumbList","@id":"https:\/\/www.carms.ca\/fr\/a-propos-de\/gouvernance-et-comites\/gouvernance\/madame-marjorie-coulombe\/#breadcrumb","itemListElement":[{"@type":"ListItem","position":1,"name":"Accueil","item":"https:\/\/www.carms.ca\/fr\/accueil-2\/"},{"@type":"ListItem","position":2,"name":"\u00c0 propos de","item":"https:\/\/www.carms.ca\/fr\/a-propos-de\/"},{"@type":"ListItem","position":3,"name":"Gouvernance et comit\u00e9s","item":"https:\/\/www.carms.ca\/fr\/a-propos-de\/gouvernance-et-comites\/"},{"@type":"ListItem","position":4,"name":"Gouvernance","item":"https:\/\/www.carms.ca\/fr\/a-propos-de\/gouvernance-et-comites\/gouvernance\/"},{"@type":"ListItem","position":5,"name":"Madame Marjorie Coulombe"}]},{"@type":"WebSite","@id":"https:\/\/www.carms.ca\/#website","url":"https:\/\/www.carms.ca\/","name":"CaRMS","description":"","potentialAction":[{"@type":"SearchAction","target":{"@type":"EntryPoint","urlTemplate":"https:\/\/www.carms.ca\/?s={search_term_string}"},"query-input":{"@type":"PropertyValueSpecification","valueRequired":true,"valueName":"search_term_string"}}],"inLanguage":"fr-FR"}]}},"publishpress_future_workflow_manual_trigger":{"enabledWorkflows":[]},"_links":{"self":[{"href":"https:\/\/www.carms.ca\/fr\/wp-json\/wp\/v2\/pages\/51529","targetHints":{"allow":["GET"]}}],"collection":[{"href":"https:\/\/www.carms.ca\/fr\/wp-json\/wp\/v2\/pages"}],"about":[{"href":"https:\/\/www.carms.ca\/fr\/wp-json\/wp\/v2\/types\/page"}],"author":[{"embeddable":true,"href":"https:\/\/www.carms.ca\/fr\/wp-json\/wp\/v2\/users\/40"}],"replies":[{"embeddable":true,"href":"https:\/\/www.carms.ca\/fr\/wp-json\/wp\/v2\/comments?post=51529"}],"version-history":[{"count":1,"href":"https:\/\/www.carms.ca\/fr\/wp-json\/wp\/v2\/pages\/51529\/revisions"}],"predecessor-version":[{"id":51532,"href":"https:\/\/www.carms.ca\/fr\/wp-json\/wp\/v2\/pages\/51529\/revisions\/51532"}],"up":[{"embeddable":true,"href":"https:\/\/www.carms.ca\/fr\/wp-json\/wp\/v2\/pages\/1053"}],"wp:attachment":[{"href":"https:\/\/www.carms.ca\/fr\/wp-json\/wp\/v2\/media?parent=51529"}],"curies":[{"name":"wp","href":"https:\/\/api.w.org\/{rel}","templated":true}]}}