{"id":51624,"date":"2026-02-09T13:30:42","date_gmt":"2026-02-09T18:30:42","guid":{"rendered":"https:\/\/www.carms.ca\/?page_id=51624"},"modified":"2026-02-09T13:30:42","modified_gmt":"2026-02-09T18:30:42","slug":"expert-adjoint-en-science-des-donnees","status":"publish","type":"page","link":"https:\/\/www.carms.ca\/fr\/a-propos-de\/possibilites-de-carrieres\/expert-adjoint-en-science-des-donnees\/","title":{"rendered":"Expert adjoint en science des donn\u00e9es"},"content":{"rendered":"<div class=\"wpb-content-wrapper\">[vc_row][vc_column][vc_column_text margin_bottom=\u00a0\u00bb0&Prime; css=\u00a0\u00bb.vc_custom_1770661815735{margin-bottom: 0px !important;}\u00a0\u00bb]<strong><em>Remarque\u00a0: <\/em><\/strong><em>L\u2019emploi du masculin dans le pr\u00e9sent texte d\u00e9signe, lorsque le contexte s\u2019y pr\u00eate, aussi bien les femmes et les personnes de type non binaire que les hommes.<\/em><\/p>\n<h3><strong>L\u2019occasion\u00a0:<\/strong><\/h3>\n<p>Le Service canadien de jumelage des r\u00e9sidents (CaRMS) est \u00e0 la recherche d\u2019un expert adjoint en science des donn\u00e9es motiv\u00e9, engag\u00e9 et curieux avec une passion pour construire une infrastructure de donn\u00e9es critiques et mettre en \u0153uvre la science des donn\u00e9es pour soutenir la prise de d\u00e9cisions. Faisant rapport au scientifique en chef des donn\u00e9es, ce r\u00f4le soutiendra la strat\u00e9gie de CaRMS en mati\u00e8re de donn\u00e9es par l\u2019entremise de la conception, de la mise en \u0153uvre, de la maintenance et de la croissance d\u2019une nouvelle plateforme des donn\u00e9es qui utilisera une pile de donn\u00e9es employant <em>PostgreSQL <\/em>et <em>Python <\/em>(<em>SQLAlcemy\/SQLModel, Dagster <\/em>et<em> FastAPI<\/em>).<\/p>\n<p>Il s\u2019agit d\u2019un <strong>poste permanent \u00e0 temps plein<\/strong> qui est <strong>enti\u00e8rement \u00e0 distance<\/strong>. Le candidat retenu doit \u00eatre bas\u00e9 au Canada et poss\u00e9der la capacit\u00e9 ainsi que la volont\u00e9 de voyager, au besoin. Les exigences linguistiques pour ce r\u00f4le sont soit <strong>l\u2019anglais (essentiel) ou bilingue (anglais et fran\u00e7ais)<\/strong>. Des heures suppl\u00e9mentaires occasionnelles pourraient \u00eatre n\u00e9cessaires afin de respecter des d\u00e9lais critiques.<\/p>\n<h3><strong>Votre impact\u00a0:<\/strong><\/h3>\n<p>CaRMS utilise des donn\u00e9es pour r\u00e9pondre \u00e0 des questions importantes de la part des intervenants internes et externes en ce qui concerne les politiques, les pr\u00e9f\u00e9rences des personnes qui participent au jumelage et les r\u00e9sultats de jumelage g\u00e9n\u00e9r\u00e9s par l\u2019algorithme de jumelage. Alors que votre expertise dans le domaine du jumelage se d\u00e9veloppe, vous fournirez de plus en plus de <strong>connaissances bas\u00e9es sur les donn\u00e9es<\/strong> \u00e0 vos coll\u00e8gues et aux clients de l\u2019organisation.<\/p>\n<p>En tant que membre d\u2019une petite \u00e9quipe collaborative, vous serez tr\u00e8s impliqu\u00e9 dans <strong>l\u2019ing\u00e9nierie des donn\u00e9es et le travail technique pratique<\/strong>. Vous contribuerez \u00e0 la conception, \u00e0 la mise en \u0153uvre et \u00e0 l\u2019op\u00e9ration de l\u2019infrastructure de donn\u00e9es de base, incluant des syst\u00e8mes qui\u00a0:<\/p>\n<ul>\n<li>Mettent \u00e0 jour <strong>l\u2019entrep\u00f4t des donn\u00e9es<\/strong> de l\u2019organisation<\/li>\n<li>Partagent des donn\u00e9es avec le <strong>logiciel de jumelage<\/strong><\/li>\n<li>G\u00e9n\u00e8rent de la <strong>production et des services de donn\u00e9es<\/strong><\/li>\n<\/ul>\n<p>Initialement, votre objectif principal sera la <strong>modernisation de la plateforme interne que nous utilisons pour ex\u00e9cuter l\u2019algorithme de jumelage<\/strong>. En travaillant \u00e9troitement avec le scientifique en chef des donn\u00e9es, vous aiderez \u00e0 reconstruire et \u00e0 am\u00e9liorer les <strong>processus d\u2019ETC<\/strong> qui pr\u00e9parent les donn\u00e9es pour l\u2019algorithme de jumelage et qui traitent les r\u00e9sultats.<\/p>\n<h2><strong>Le r\u00f4le et les responsabilit\u00e9s :<\/strong><\/h2>\n<h3><strong>Ing\u00e9nierie des donn\u00e9es<\/strong><\/h3>\n<ul>\n<li>La conception, la mise en \u0153uvre et l\u2019op\u00e9ration de l\u2019infrastructure des donn\u00e9es essentielle, incluant l\u2019entrep\u00f4t des donn\u00e9es de l\u2019organisation, l\u2019\u00e9change d\u2019information avec le logiciel de jumelage et la cr\u00e9ation de produits informatiques (reportage op\u00e9rationnel, contrat de donn\u00e9es, statistiques du jumelage, etc.).<\/li>\n<li>La migration des processus d\u2019ETC associ\u00e9s au passage de l\u2019information vers et depuis le logiciel de jumelage du <em>Informatica PowerCenter <\/em>\u00e0 la nouvelle plateforme de donn\u00e9es bas\u00e9e sur PostgreSQL\/Python (<em>PostgreSQL<\/em>, <em>SQLAlcemy \/ SQLModel<\/em>, <em>Dagster<\/em>, et <em>MkDocs<\/em>).<\/li>\n<li>Le d\u00e9veloppement d\u2019une plateforme API de jumelage interne (en utilisant <em>FastAPI<\/em>) afin d\u2019ex\u00e9cuter les ETC associ\u00e9s avec le logiciel de jumelage et aider les d\u00e9veloppeurs d\u2019application \u00e0 utiliser la plateforme.<\/li>\n<li>La consolidation des vues SQL superpos\u00e9es entre les produits de donn\u00e9es pour assurer l\u2019uniformit\u00e9.<\/li>\n<li>Le d\u00e9veloppement de cadre de rapport modulaire dans le langage Python pour produire des contrats de donn\u00e9es, du reportage op\u00e9rationnel et des demandes de donn\u00e9es personnalis\u00e9es.<\/li>\n<\/ul>\n<h3><strong>Science des donn\u00e9es<\/strong><\/h3>\n<ul>\n<li>Maintenir et prolonger le logiciel de simulation du jumelage et r\u00e9aliser des analyses de sc\u00e9narios hypoth\u00e9tiques pour les intervenants en collaboration avec le scientifique en chef des donn\u00e9es.<\/li>\n<li>Contribuer \u00e0 des \u00e9tudes approfondies bas\u00e9es sur <em>R Markdown\/Quarto <\/em>pour les intervenants internes et externes.<\/li>\n<li>Aider nos intervenants \u00e0 comprendre les pr\u00e9f\u00e9rences des candidats et des employeurs (mod\u00e9lisation des pr\u00e9f\u00e9rences).<\/li>\n<li>D\u00e9velopper de meilleures fa\u00e7ons pour aider nos clients \u00e0 trouver les candidats\/postes de r\u00e9sidence id\u00e9als (aux fins d\u2019utilisation dans notre application Web g\u00e9n\u00e9rale).<\/li>\n<\/ul>\n<h3><strong>Comp\u00e9tences\u00a0:\u00a0 <\/strong><\/h3>\n<ul>\n<li>Un dipl\u00f4me de quatre ans en science des donn\u00e9es, en science \u00e9conomique, en science informatique, en g\u00e9nie, en math\u00e9matiques appliqu\u00e9es, en statistique ou de l\u2019exp\u00e9rience de travail \u00e9quivalente.<\/li>\n<li>Une ma\u00eetrise tr\u00e8s solide du langage Python et des comp\u00e9tences avanc\u00e9es en SQL sont requises.<\/li>\n<li>De trois \u00e0 cinq ann\u00e9es d\u2019exp\u00e9rience avec des progiciels de science de donn\u00e9es\/ing\u00e9nierie de donn\u00e9es bas\u00e9s dans le langage Python (particuli\u00e8rement <em>SQLAlchemy\/SQLModel<\/em>, <em>pandas<\/em>, <em>Dagster<\/em>, <em>FastAPI<\/em>, and <em>LangChain<\/em>).<\/li>\n<li>De l\u2019exp\u00e9rience dans l\u2019utilisation du stockage des donn\u00e9es dans le nuage (<em>AWS S3<\/em>), des services de base de donn\u00e9es compatibles avec <em>PostgreSQL<\/em> (c.-\u00e0-d. enti\u00e8rement g\u00e9r\u00e9s par l\u2019entremise de <em>RDS\/Aurora<\/em> ou autog\u00e9r\u00e9s sur <em>Amazon\u00a0EC2<\/em>) et du calcul (<em>EC2, ECS, Fargate<\/em>) est tr\u00e8s hautement appr\u00e9ci\u00e9e.<\/li>\n<li>De l\u2019exp\u00e9rience consid\u00e9rable avec des syst\u00e8mes de base de donn\u00e9es relationnels (p. ex., <em>Oracle, PostgreSQL, <\/em>).<\/li>\n<li>Des connaissances profondes des concepts de gestion des donn\u00e9es associ\u00e9s avec la conception, la construction, le maintien et le prolongement d\u2019un entrep\u00f4t des donn\u00e9es <em>Enterprise<\/em>.<\/li>\n<li>L\u2019utilisation des pratiques de d\u00e9veloppement bas\u00e9es sur les tests et de gestion de versions (Git) devrait \u00eatre profond\u00e9ment enracin\u00e9e dans votre capacit\u00e9 de travail.<\/li>\n<li>De l\u2019exp\u00e9rience pratique avec n\u2019importe quel des \u00e9l\u00e9ments suivants est appr\u00e9ci\u00e9e\u00a0:\n<ul>\n<li>La mise en \u0153uvre de la <strong>recherche s\u00e9mantique et l\u2019assurance de la qualit\u00e9<\/strong> dans les documents.<\/li>\n<li>Les statistiques computationnelles, en particulier les <strong>techniques de r\u00e9\u00e9chantillonnage<\/strong><\/li>\n<li>Les <strong>algorithmes de jumelage<\/strong><\/li>\n<li>Le <strong><em>Informatica PowerCenter<\/em><\/strong><\/li>\n<li>L\u2019utilisation de <strong><em>Quarto\/R markdown<\/em><\/strong> pour cr\u00e9er des rapports reproductibles<\/li>\n<li>Le d\u00e9veloppement et le soutien de tableaux de bord (p. ex., <strong>Tableau<\/strong>, <strong>MS Power BI<\/strong>, etc.)<\/li>\n<li>Les outils de collaboration <strong>Jira<\/strong> et <strong>Confluence<\/strong><\/li>\n<\/ul>\n<\/li>\n<\/ul>\n<h3><strong>Le candidat retenu\u00a0:\u00a0 <\/strong><\/h3>\n<p>Notre candidat id\u00e9al poss\u00e8de de tr\u00e8s fortes comp\u00e9tences en ing\u00e9nierie des donn\u00e9es bas\u00e9es dans le langage Python. Vous \u00eates une personne extr\u00eamement analytique, tr\u00e8s organis\u00e9e et attentive aux d\u00e9tails, proactive et pleine d\u2019initiative. Vous poss\u00e9dez une d\u00e9termination profonde qui vous pousse \u00e0 vous perfectionner continuellement dans le domaine de l\u2019ing\u00e9nierie des donn\u00e9es et de la science des donn\u00e9es. Vous \u00eates capable de livrer des r\u00e9sultats remarquables en respectant des \u00e9ch\u00e9ances strictes. Vous poss\u00e9dez de bonnes comp\u00e9tences en communication (en anglais) et vous pouvez transmettre clairement de l\u2019information importante aux intervenants internes \u00e0 un niveau de d\u00e9tail appropri\u00e9. Votre capacit\u00e9 \u00e0 travailler en \u00e9quipe vous permet de travailler avec plusieurs d\u00e9partements pour r\u00e9pondre \u00e0 leurs besoins en mati\u00e8re de donn\u00e9es. Vous avez \u00e9galement d\u2019excellentes comp\u00e9tences en r\u00e9solution de probl\u00e8mes, indispensables pour offrir des solutions de donn\u00e9es efficaces \u00e0 nos clients. Vous pouvez \u00eatre un ing\u00e9nieur des donn\u00e9es qui commence sa carri\u00e8re et qui s\u2019int\u00e9resse au domaine de la science des donn\u00e9es.<\/p>\n<h3><strong>Comment vous pouvez vous distinguer\u00a0:<\/strong><\/h3>\n<p>Pour vous distinguer, vous devez montrer votre travail. Nous sommes en train de moderniser notre infrastructure en utilisant <em>PostgreSQL<\/em>, <em>SQLAlchemy<\/em>\/<em>SQLModel<\/em>, <em>Dagster<\/em>, et <em>FastAPI. <\/em>Nous avons mis \u00e0 la disposition du public des donn\u00e9es de CaRMS provenant de notre site Web, dans un format facilement exploitable sur le compte GitHub personnel de Derek Nokes, notre scientifique en chef des donn\u00e9es (<a href=\"https:\/\/github.com\/dnokes\/Junior-Data-Scientist\">dnokes\/Junior-Data-Scientist: Public-facing CaRMS data scraped from the CaRMS website.<\/a>). Utilisez ces donn\u00e9es pour d\u00e9montrer vos talents en ing\u00e9nierie des donn\u00e9es, en science des donn\u00e9es et en visualisation. Utilisez notre ensemble de donn\u00e9es et montrez-nous ce dont vous \u00eates capable. Concevez un projet, incluez le lien GitHub de votre projet dans le cadre de votre candidature, obtenez une entrevue et pr\u00e9sentez-nous le r\u00e9sultat de votre travail.<\/p>\n<h3><strong>\u00c0 propos de CaRMS\u00a0:<\/strong><\/h3>\n<p>Le Service canadien de jumelage des r\u00e9sidents (CaRMS) est une organisation nationale ind\u00e9pendante sans but lucratif qui offre des solutions num\u00e9riques et de l\u2019expertise qui jum\u00e8le des \u00e9tudiants en m\u00e9decine avec des occasions de formation au Canada.<\/p>\n<p>La mission de CaRMS est d\u2019agir comme intendants de confiance, de b\u00e2tisseurs et d\u2019innovateurs des services de candidature et de jumelage \u00e9clair\u00e9s par les donn\u00e9es. Notre vision est de fournir les meilleurs r\u00e9sultats possibles pour les candidats et les facult\u00e9s par l\u2019entremise de syst\u00e8mes de candidature et de jumelage s\u00e9curitaires, justes et \u00e9quitables.<\/p>\n<p>Cr\u00e9\u00e9 en 1970 pour fournir un processus juste, objectif et transparent, CaRMS travaille avec la collectivit\u00e9 de l\u2019enseignement m\u00e9dical, les facult\u00e9s de m\u00e9decine et les r\u00e9sidents\/\u00e9tudiants pour fournir la plateforme num\u00e9rique, l\u2019algorithme math\u00e9matique et les connaissances qui jum\u00e8lent les \u00e9tudiants avec des occasions de formation en r\u00e9sidence m\u00e9dicale.<\/p>\n<p>CaRMS est une organisation ax\u00e9e sur le service \u00e0 la client\u00e8le se fiant \u00e0 une \u00e9quipe attentive et engag\u00e9e pour assurer notre succ\u00e8s.<\/p>\n<h3><strong>Ce que nous offrons\u00a0:<\/strong><\/h3>\n<p>CaRMS appr\u00e9cie une main-d\u2019\u0153uvre \u00e9quitable, diverse et inclusive. Nous offrons un environnement de travail <strong>hybride<\/strong> collaboratif et agr\u00e9able qui met l\u2019accent sur l\u2019am\u00e9lioration continue de la qualit\u00e9 (ACQ), les occasions de croissance professionnelles, un ensemble complet d\u2019avantages sociaux et un r\u00e9gime de retraite \u00e0 cotisations d\u00e9termin\u00e9es avant-gardiste.<\/p>\n<h3><strong>Comment poser sa candidature\u00a0:<\/strong><\/h3>\n<p>Les candidats qualifi\u00e9s devraient soumettre leur curriculum vitae et leur lettre de pr\u00e9sentation \u00e0 l\u2019adresse <a href=\"mailto:hr@carms.ca\">hr@carms.ca<\/a>.<\/p>\n<p><em>Si CaRMS communique avec vous pour une occasion d\u2019emploi et que vous avez besoin de certains am\u00e9nagements ou d\u2019assistance, veuillez communiquer directement avec nous \u00e0 l\u2019adresse <\/em><a href=\"mailto:hr@carms.ca\">hr@carms.ca<\/a><em>. <\/em><\/p>\n<p><em>L\u2019\u00e9quipe de CaRMS c\u00e9l\u00e8bre la diversit\u00e9 et s\u2019engage \u00e0 cr\u00e9er un environnement inclusif pour tous les employ\u00e9s. Nous accueillons toutes les personnes qui contribueraient \u00e0 la diversification approfondie de notre organisation, incluant sans s\u2019y limiter\u00a0: les femmes, les minorit\u00e9s visibles, les peuples des Premiers Nations, m\u00e9tis et Inuit, les personnes handicap\u00e9es et les personnes de n\u2019importe quelle orientation sexuelle, identit\u00e9 ou expression sexuelle.<\/em>[\/vc_column_text][\/vc_column][\/vc_row]\n<\/div>","protected":false},"excerpt":{"rendered":"<p>[vc_row][vc_column][vc_column_text margin_bottom=\u00a0\u00bb0&Prime; css=\u00a0\u00bb.vc_custom_1770661815735{margin-bottom: 0px !important;}\u00a0\u00bb]Remarque\u00a0: L\u2019emploi du masculin dans le pr\u00e9sent texte d\u00e9signe, lorsque le contexte s\u2019y pr\u00eate, aussi bien les femmes et les personnes de type non binaire que les hommes. L\u2019occasion\u00a0: Le Service canadien de jumelage des r\u00e9sidents (CaRMS) est \u00e0 la recherche d\u2019un expert adjoint en science des donn\u00e9es motiv\u00e9, engag\u00e9 et [&hellip;]<\/p>\n","protected":false},"author":40,"featured_media":0,"parent":2907,"menu_order":0,"comment_status":"closed","ping_status":"closed","template":"","meta":{"_acf_changed":false,"footnotes":""},"class_list":["post-51624","page","type-page","status-publish","hentry"],"acf":{"subtitle":""},"yoast_head":"<!-- This site is optimized with the Yoast SEO plugin v27.3 - https:\/\/yoast.com\/product\/yoast-seo-wordpress\/ -->\n<title>Expert adjoint en science des donn\u00e9es - CaRMS<\/title>\n<meta name=\"robots\" content=\"index, follow, max-snippet:-1, max-image-preview:large, max-video-preview:-1\" \/>\n<link rel=\"canonical\" href=\"https:\/\/www.carms.ca\/fr\/a-propos-de\/possibilites-de-carrieres\/expert-adjoint-en-science-des-donnees\/\" \/>\n<meta property=\"og:locale\" content=\"fr_FR\" \/>\n<meta property=\"og:type\" content=\"article\" \/>\n<meta property=\"og:title\" content=\"Expert adjoint en science des donn\u00e9es - CaRMS\" \/>\n<meta property=\"og:description\" content=\"[vc_row][vc_column][vc_column_text margin_bottom=\u00a0\u00bb0&Prime; css=\u00a0\u00bb.vc_custom_1770661815735{margin-bottom: 0px !important;}\u00a0\u00bb]Remarque\u00a0: L\u2019emploi du masculin dans le pr\u00e9sent texte d\u00e9signe, lorsque le contexte s\u2019y pr\u00eate, aussi bien les femmes et les personnes de type non binaire que les hommes. L\u2019occasion\u00a0: Le Service canadien de jumelage des r\u00e9sidents (CaRMS) est \u00e0 la recherche d\u2019un expert adjoint en science des donn\u00e9es motiv\u00e9, engag\u00e9 et [&hellip;]\" \/>\n<meta property=\"og:url\" content=\"https:\/\/www.carms.ca\/fr\/a-propos-de\/possibilites-de-carrieres\/expert-adjoint-en-science-des-donnees\/\" \/>\n<meta property=\"og:site_name\" content=\"CaRMS\" \/>\n<meta name=\"twitter:card\" content=\"summary_large_image\" \/>\n<meta name=\"twitter:label1\" content=\"Dur\u00e9e de lecture estim\u00e9e\" \/>\n\t<meta name=\"twitter:data1\" content=\"7 minutes\" \/>\n<script type=\"application\/ld+json\" class=\"yoast-schema-graph\">{\"@context\":\"https:\\\/\\\/schema.org\",\"@graph\":[{\"@type\":\"WebPage\",\"@id\":\"https:\\\/\\\/www.carms.ca\\\/fr\\\/a-propos-de\\\/possibilites-de-carrieres\\\/expert-adjoint-en-science-des-donnees\\\/\",\"url\":\"https:\\\/\\\/www.carms.ca\\\/fr\\\/a-propos-de\\\/possibilites-de-carrieres\\\/expert-adjoint-en-science-des-donnees\\\/\",\"name\":\"Expert adjoint en science des donn\u00e9es - CaRMS\",\"isPartOf\":{\"@id\":\"https:\\\/\\\/www.carms.ca\\\/#website\"},\"datePublished\":\"2026-02-09T18:30:42+00:00\",\"breadcrumb\":{\"@id\":\"https:\\\/\\\/www.carms.ca\\\/fr\\\/a-propos-de\\\/possibilites-de-carrieres\\\/expert-adjoint-en-science-des-donnees\\\/#breadcrumb\"},\"inLanguage\":\"fr-FR\",\"potentialAction\":[{\"@type\":\"ReadAction\",\"target\":[\"https:\\\/\\\/www.carms.ca\\\/fr\\\/a-propos-de\\\/possibilites-de-carrieres\\\/expert-adjoint-en-science-des-donnees\\\/\"]}]},{\"@type\":\"BreadcrumbList\",\"@id\":\"https:\\\/\\\/www.carms.ca\\\/fr\\\/a-propos-de\\\/possibilites-de-carrieres\\\/expert-adjoint-en-science-des-donnees\\\/#breadcrumb\",\"itemListElement\":[{\"@type\":\"ListItem\",\"position\":1,\"name\":\"Accueil\",\"item\":\"https:\\\/\\\/www.carms.ca\\\/fr\\\/\"},{\"@type\":\"ListItem\",\"position\":2,\"name\":\"\u00c0 propos de\",\"item\":\"https:\\\/\\\/www.carms.ca\\\/fr\\\/a-propos-de\\\/\"},{\"@type\":\"ListItem\",\"position\":3,\"name\":\"Possibilit\u00e9s de carri\u00e8res\",\"item\":\"https:\\\/\\\/www.carms.ca\\\/fr\\\/a-propos-de\\\/possibilites-de-carrieres\\\/\"},{\"@type\":\"ListItem\",\"position\":4,\"name\":\"Expert adjoint en science des donn\u00e9es\"}]},{\"@type\":\"WebSite\",\"@id\":\"https:\\\/\\\/www.carms.ca\\\/#website\",\"url\":\"https:\\\/\\\/www.carms.ca\\\/\",\"name\":\"CaRMS\",\"description\":\"\",\"potentialAction\":[{\"@type\":\"SearchAction\",\"target\":{\"@type\":\"EntryPoint\",\"urlTemplate\":\"https:\\\/\\\/www.carms.ca\\\/?s={search_term_string}\"},\"query-input\":{\"@type\":\"PropertyValueSpecification\",\"valueRequired\":true,\"valueName\":\"search_term_string\"}}],\"inLanguage\":\"fr-FR\"}]}<\/script>\n<!-- \/ Yoast SEO plugin. -->","yoast_head_json":{"title":"Expert adjoint en science des donn\u00e9es - CaRMS","robots":{"index":"index","follow":"follow","max-snippet":"max-snippet:-1","max-image-preview":"max-image-preview:large","max-video-preview":"max-video-preview:-1"},"canonical":"https:\/\/www.carms.ca\/fr\/a-propos-de\/possibilites-de-carrieres\/expert-adjoint-en-science-des-donnees\/","og_locale":"fr_FR","og_type":"article","og_title":"Expert adjoint en science des donn\u00e9es - CaRMS","og_description":"[vc_row][vc_column][vc_column_text margin_bottom=\u00a0\u00bb0&Prime; css=\u00a0\u00bb.vc_custom_1770661815735{margin-bottom: 0px !important;}\u00a0\u00bb]Remarque\u00a0: L\u2019emploi du masculin dans le pr\u00e9sent texte d\u00e9signe, lorsque le contexte s\u2019y pr\u00eate, aussi bien les femmes et les personnes de type non binaire que les hommes. L\u2019occasion\u00a0: Le Service canadien de jumelage des r\u00e9sidents (CaRMS) est \u00e0 la recherche d\u2019un expert adjoint en science des donn\u00e9es motiv\u00e9, engag\u00e9 et [&hellip;]","og_url":"https:\/\/www.carms.ca\/fr\/a-propos-de\/possibilites-de-carrieres\/expert-adjoint-en-science-des-donnees\/","og_site_name":"CaRMS","twitter_card":"summary_large_image","twitter_misc":{"Dur\u00e9e de lecture estim\u00e9e":"7 minutes"},"schema":{"@context":"https:\/\/schema.org","@graph":[{"@type":"WebPage","@id":"https:\/\/www.carms.ca\/fr\/a-propos-de\/possibilites-de-carrieres\/expert-adjoint-en-science-des-donnees\/","url":"https:\/\/www.carms.ca\/fr\/a-propos-de\/possibilites-de-carrieres\/expert-adjoint-en-science-des-donnees\/","name":"Expert adjoint en science des donn\u00e9es - CaRMS","isPartOf":{"@id":"https:\/\/www.carms.ca\/#website"},"datePublished":"2026-02-09T18:30:42+00:00","breadcrumb":{"@id":"https:\/\/www.carms.ca\/fr\/a-propos-de\/possibilites-de-carrieres\/expert-adjoint-en-science-des-donnees\/#breadcrumb"},"inLanguage":"fr-FR","potentialAction":[{"@type":"ReadAction","target":["https:\/\/www.carms.ca\/fr\/a-propos-de\/possibilites-de-carrieres\/expert-adjoint-en-science-des-donnees\/"]}]},{"@type":"BreadcrumbList","@id":"https:\/\/www.carms.ca\/fr\/a-propos-de\/possibilites-de-carrieres\/expert-adjoint-en-science-des-donnees\/#breadcrumb","itemListElement":[{"@type":"ListItem","position":1,"name":"Accueil","item":"https:\/\/www.carms.ca\/fr\/"},{"@type":"ListItem","position":2,"name":"\u00c0 propos de","item":"https:\/\/www.carms.ca\/fr\/a-propos-de\/"},{"@type":"ListItem","position":3,"name":"Possibilit\u00e9s de carri\u00e8res","item":"https:\/\/www.carms.ca\/fr\/a-propos-de\/possibilites-de-carrieres\/"},{"@type":"ListItem","position":4,"name":"Expert adjoint en science des donn\u00e9es"}]},{"@type":"WebSite","@id":"https:\/\/www.carms.ca\/#website","url":"https:\/\/www.carms.ca\/","name":"CaRMS","description":"","potentialAction":[{"@type":"SearchAction","target":{"@type":"EntryPoint","urlTemplate":"https:\/\/www.carms.ca\/?s={search_term_string}"},"query-input":{"@type":"PropertyValueSpecification","valueRequired":true,"valueName":"search_term_string"}}],"inLanguage":"fr-FR"}]}},"publishpress_future_workflow_manual_trigger":{"enabledWorkflows":[]},"_links":{"self":[{"href":"https:\/\/www.carms.ca\/fr\/wp-json\/wp\/v2\/pages\/51624","targetHints":{"allow":["GET"]}}],"collection":[{"href":"https:\/\/www.carms.ca\/fr\/wp-json\/wp\/v2\/pages"}],"about":[{"href":"https:\/\/www.carms.ca\/fr\/wp-json\/wp\/v2\/types\/page"}],"author":[{"embeddable":true,"href":"https:\/\/www.carms.ca\/fr\/wp-json\/wp\/v2\/users\/40"}],"replies":[{"embeddable":true,"href":"https:\/\/www.carms.ca\/fr\/wp-json\/wp\/v2\/comments?post=51624"}],"version-history":[{"count":1,"href":"https:\/\/www.carms.ca\/fr\/wp-json\/wp\/v2\/pages\/51624\/revisions"}],"predecessor-version":[{"id":51625,"href":"https:\/\/www.carms.ca\/fr\/wp-json\/wp\/v2\/pages\/51624\/revisions\/51625"}],"up":[{"embeddable":true,"href":"https:\/\/www.carms.ca\/fr\/wp-json\/wp\/v2\/pages\/2907"}],"wp:attachment":[{"href":"https:\/\/www.carms.ca\/fr\/wp-json\/wp\/v2\/media?parent=51624"}],"curies":[{"name":"wp","href":"https:\/\/api.w.org\/{rel}","templated":true}]}}