{"id":52101,"date":"2026-04-01T14:01:46","date_gmt":"2026-04-01T18:01:46","guid":{"rendered":"https:\/\/www.carms.ca\/?page_id=52101"},"modified":"2026-04-01T14:01:46","modified_gmt":"2026-04-01T18:01:46","slug":"conferences","status":"publish","type":"page","link":"https:\/\/www.carms.ca\/fr\/evenements-et-conferences\/conferences\/","title":{"rendered":"Conf\u00e9rences"},"content":{"rendered":"<div class=\"wpb-content-wrapper\">[vc_row][vc_column][mk_gallery images=\u00a0\u00bb52105,52092,52094&Prime; custom_links=\u00a0\u00bbhttps:\/\/icam-cimu.ca\/fr\/,https:\/\/icre.royalcollege.ca\/fr,https:\/\/fmf.cfpc.ca\/fr\/\u00a0\u00bb column=\u00a0\u00bb3&Prime; image_size=\u00a0\u00bbfull\u00a0\u00bb item_spacing=\u00a0\u00bb8&Prime; margin_bottom=\u00a0\u00bb20&Prime; orderby=\u00a0\u00bbpost__in\u00a0\u00bb][\/vc_column][\/vc_row]\n<\/div>","protected":false},"excerpt":{"rendered":"<p>[vc_row][vc_column][mk_gallery images=\u00a0\u00bb52105,52092,52094&Prime; custom_links=\u00a0\u00bbhttps:\/\/icam-cimu.ca\/fr\/,https:\/\/icre.royalcollege.ca\/fr,https:\/\/fmf.cfpc.ca\/fr\/\u00a0\u00bb column=\u00a0\u00bb3&Prime; image_size=\u00a0\u00bbfull\u00a0\u00bb item_spacing=\u00a0\u00bb8&Prime; margin_bottom=\u00a0\u00bb20&Prime; orderby=\u00a0\u00bbpost__in\u00a0\u00bb][\/vc_column][\/vc_row]<\/p>\n","protected":false},"author":40,"featured_media":0,"parent":2462,"menu_order":0,"comment_status":"closed","ping_status":"closed","template":"","meta":{"_acf_changed":false,"footnotes":""},"class_list":["post-52101","page","type-page","status-publish","hentry"],"acf":{"subtitle":"<p><span data-teams=\"true\">Chaque ann\u00e9e, CaRMS participe \u00e0 des \u00e9v\u00e8nements et des conf\u00e9rences en enseignement m\u00e9dical \u00e0 travers le Canada. Nous sommes fiers de participer \u00e0 des discussions importantes \u00e0 propos des priorit\u00e9s communes de notre communaut\u00e9 et de travailler avec nos partenaires pour construire le futur de l\u2019enseignement m\u00e9dical au Canada. Cliquez sur les images ci-dessous pour obtenir plus d\u2019information au sujet des conf\u00e9rences en enseignement m\u00e9dical qui auront lieu cette ann\u00e9e.<\/span><\/p>\n"},"yoast_head":"<!-- This site is optimized with the Yoast SEO plugin v27.3 - https:\/\/yoast.com\/product\/yoast-seo-wordpress\/ -->\n<title>Conf\u00e9rences - CaRMS<\/title>\n<meta name=\"robots\" content=\"index, follow, max-snippet:-1, max-image-preview:large, max-video-preview:-1\" \/>\n<link rel=\"canonical\" href=\"https:\/\/www.carms.ca\/fr\/evenements-et-conferences\/conferences\/\" \/>\n<meta property=\"og:locale\" content=\"fr_FR\" \/>\n<meta property=\"og:type\" content=\"article\" \/>\n<meta property=\"og:title\" content=\"Conf\u00e9rences - CaRMS\" \/>\n<meta property=\"og:description\" content=\"[vc_row][vc_column][mk_gallery images=\u00a0\u00bb52105,52092,52094&Prime; custom_links=\u00a0\u00bbhttps:\/\/icam-cimu.ca\/fr\/,https:\/\/icre.royalcollege.ca\/fr,https:\/\/fmf.cfpc.ca\/fr\/\u00a0\u00bb column=\u00a0\u00bb3&Prime; image_size=\u00a0\u00bbfull\u00a0\u00bb item_spacing=\u00a0\u00bb8&Prime; margin_bottom=\u00a0\u00bb20&Prime; orderby=\u00a0\u00bbpost__in\u00a0\u00bb][\/vc_column][\/vc_row]\" \/>\n<meta property=\"og:url\" content=\"https:\/\/www.carms.ca\/fr\/evenements-et-conferences\/conferences\/\" \/>\n<meta property=\"og:site_name\" content=\"CaRMS\" \/>\n<meta name=\"twitter:card\" content=\"summary_large_image\" \/>\n<meta name=\"twitter:label1\" content=\"Dur\u00e9e de lecture estim\u00e9e\" \/>\n\t<meta name=\"twitter:data1\" content=\"1 minute\" \/>\n<script type=\"application\/ld+json\" class=\"yoast-schema-graph\">{\"@context\":\"https:\\\/\\\/schema.org\",\"@graph\":[{\"@type\":\"WebPage\",\"@id\":\"https:\\\/\\\/www.carms.ca\\\/fr\\\/evenements-et-conferences\\\/conferences\\\/\",\"url\":\"https:\\\/\\\/www.carms.ca\\\/fr\\\/evenements-et-conferences\\\/conferences\\\/\",\"name\":\"Conf\u00e9rences - CaRMS\",\"isPartOf\":{\"@id\":\"https:\\\/\\\/www.carms.ca\\\/#website\"},\"datePublished\":\"2026-04-01T18:01:46+00:00\",\"breadcrumb\":{\"@id\":\"https:\\\/\\\/www.carms.ca\\\/fr\\\/evenements-et-conferences\\\/conferences\\\/#breadcrumb\"},\"inLanguage\":\"fr-FR\",\"potentialAction\":[{\"@type\":\"ReadAction\",\"target\":[\"https:\\\/\\\/www.carms.ca\\\/fr\\\/evenements-et-conferences\\\/conferences\\\/\"]}]},{\"@type\":\"BreadcrumbList\",\"@id\":\"https:\\\/\\\/www.carms.ca\\\/fr\\\/evenements-et-conferences\\\/conferences\\\/#breadcrumb\",\"itemListElement\":[{\"@type\":\"ListItem\",\"position\":1,\"name\":\"Accueil\",\"item\":\"https:\\\/\\\/www.carms.ca\\\/fr\\\/\"},{\"@type\":\"ListItem\",\"position\":2,\"name\":\"\u00c9v\u00e8nements et conf\u00e9rences\",\"item\":\"https:\\\/\\\/www.carms.ca\\\/fr\\\/evenements-et-conferences\\\/\"},{\"@type\":\"ListItem\",\"position\":3,\"name\":\"Conf\u00e9rences\"}]},{\"@type\":\"WebSite\",\"@id\":\"https:\\\/\\\/www.carms.ca\\\/#website\",\"url\":\"https:\\\/\\\/www.carms.ca\\\/\",\"name\":\"CaRMS\",\"description\":\"\",\"potentialAction\":[{\"@type\":\"SearchAction\",\"target\":{\"@type\":\"EntryPoint\",\"urlTemplate\":\"https:\\\/\\\/www.carms.ca\\\/?s={search_term_string}\"},\"query-input\":{\"@type\":\"PropertyValueSpecification\",\"valueRequired\":true,\"valueName\":\"search_term_string\"}}],\"inLanguage\":\"fr-FR\"}]}<\/script>\n<!-- \/ Yoast SEO plugin. -->","yoast_head_json":{"title":"Conf\u00e9rences - CaRMS","robots":{"index":"index","follow":"follow","max-snippet":"max-snippet:-1","max-image-preview":"max-image-preview:large","max-video-preview":"max-video-preview:-1"},"canonical":"https:\/\/www.carms.ca\/fr\/evenements-et-conferences\/conferences\/","og_locale":"fr_FR","og_type":"article","og_title":"Conf\u00e9rences - CaRMS","og_description":"[vc_row][vc_column][mk_gallery images=\u00a0\u00bb52105,52092,52094&Prime; custom_links=\u00a0\u00bbhttps:\/\/icam-cimu.ca\/fr\/,https:\/\/icre.royalcollege.ca\/fr,https:\/\/fmf.cfpc.ca\/fr\/\u00a0\u00bb column=\u00a0\u00bb3&Prime; image_size=\u00a0\u00bbfull\u00a0\u00bb item_spacing=\u00a0\u00bb8&Prime; margin_bottom=\u00a0\u00bb20&Prime; orderby=\u00a0\u00bbpost__in\u00a0\u00bb][\/vc_column][\/vc_row]","og_url":"https:\/\/www.carms.ca\/fr\/evenements-et-conferences\/conferences\/","og_site_name":"CaRMS","twitter_card":"summary_large_image","twitter_misc":{"Dur\u00e9e de lecture estim\u00e9e":"1 minute"},"schema":{"@context":"https:\/\/schema.org","@graph":[{"@type":"WebPage","@id":"https:\/\/www.carms.ca\/fr\/evenements-et-conferences\/conferences\/","url":"https:\/\/www.carms.ca\/fr\/evenements-et-conferences\/conferences\/","name":"Conf\u00e9rences - CaRMS","isPartOf":{"@id":"https:\/\/www.carms.ca\/#website"},"datePublished":"2026-04-01T18:01:46+00:00","breadcrumb":{"@id":"https:\/\/www.carms.ca\/fr\/evenements-et-conferences\/conferences\/#breadcrumb"},"inLanguage":"fr-FR","potentialAction":[{"@type":"ReadAction","target":["https:\/\/www.carms.ca\/fr\/evenements-et-conferences\/conferences\/"]}]},{"@type":"BreadcrumbList","@id":"https:\/\/www.carms.ca\/fr\/evenements-et-conferences\/conferences\/#breadcrumb","itemListElement":[{"@type":"ListItem","position":1,"name":"Accueil","item":"https:\/\/www.carms.ca\/fr\/"},{"@type":"ListItem","position":2,"name":"\u00c9v\u00e8nements et conf\u00e9rences","item":"https:\/\/www.carms.ca\/fr\/evenements-et-conferences\/"},{"@type":"ListItem","position":3,"name":"Conf\u00e9rences"}]},{"@type":"WebSite","@id":"https:\/\/www.carms.ca\/#website","url":"https:\/\/www.carms.ca\/","name":"CaRMS","description":"","potentialAction":[{"@type":"SearchAction","target":{"@type":"EntryPoint","urlTemplate":"https:\/\/www.carms.ca\/?s={search_term_string}"},"query-input":{"@type":"PropertyValueSpecification","valueRequired":true,"valueName":"search_term_string"}}],"inLanguage":"fr-FR"}]}},"publishpress_future_workflow_manual_trigger":{"enabledWorkflows":[]},"_links":{"self":[{"href":"https:\/\/www.carms.ca\/fr\/wp-json\/wp\/v2\/pages\/52101","targetHints":{"allow":["GET"]}}],"collection":[{"href":"https:\/\/www.carms.ca\/fr\/wp-json\/wp\/v2\/pages"}],"about":[{"href":"https:\/\/www.carms.ca\/fr\/wp-json\/wp\/v2\/types\/page"}],"author":[{"embeddable":true,"href":"https:\/\/www.carms.ca\/fr\/wp-json\/wp\/v2\/users\/40"}],"replies":[{"embeddable":true,"href":"https:\/\/www.carms.ca\/fr\/wp-json\/wp\/v2\/comments?post=52101"}],"version-history":[{"count":3,"href":"https:\/\/www.carms.ca\/fr\/wp-json\/wp\/v2\/pages\/52101\/revisions"}],"predecessor-version":[{"id":52108,"href":"https:\/\/www.carms.ca\/fr\/wp-json\/wp\/v2\/pages\/52101\/revisions\/52108"}],"up":[{"embeddable":true,"href":"https:\/\/www.carms.ca\/fr\/wp-json\/wp\/v2\/pages\/2462"}],"wp:attachment":[{"href":"https:\/\/www.carms.ca\/fr\/wp-json\/wp\/v2\/media?parent=52101"}],"curies":[{"name":"wp","href":"https:\/\/api.w.org\/{rel}","templated":true}]}}