{"id":52122,"date":"2026-04-07T15:01:56","date_gmt":"2026-04-07T19:01:56","guid":{"rendered":"https:\/\/www.carms.ca\/?page_id=52122"},"modified":"2026-04-07T15:45:30","modified_gmt":"2026-04-07T19:45:30","slug":"carms-forum-reservez-la-date","status":"publish","type":"page","link":"https:\/\/www.carms.ca\/fr\/evenements-et-conferences\/carms-forum-reservez-la-date\/","title":{"rendered":"Forum de CaRMS de 2026"},"content":{"rendered":"<div class=\"wpb-content-wrapper\">[mk_page_section padding_top=\u00a0\u00bb0&Prime; padding_bottom=\u00a0\u00bb0&Prime; sidebar=\u00a0\u00bbsidebar-1&Prime;][vc_column][mk_revslider id=\u00a0\u00bbslider-3-1&Prime;][\/vc_column][\/mk_page_section][vc_row][vc_column][mk_padding_divider][vc_column_text disable_pattern=\u00a0\u00bb\u00a0\u00bb]\n<p data-pm-slice=\"1 1 []\">Nous esp\u00e9rons que vous vous joindrez \u00e0 CaRMS et \u00e0 nos partenaires <strong>le mercredi 27 mai 2026<\/strong> pour obtenir des donn\u00e9es et des perspectives et pour participer \u00e0 une discussion \u00e0 propos du jumelage principal R-1 de 2026.<\/p>\n<p>Inscrivez-vous ci-dessous pour recevoir des notifications \u00e0 propos de l\u2019inscription et des d\u00e9tails suppl\u00e9mentaires au sujet du <strong>Forum de CaRMS de 2026<\/strong> au fur et \u00e0 mesure qu\u2019ils sont accessibles.[\/vc_column_text][mk_padding_divider][\/vc_column][\/vc_row][vc_row][vc_column width=\u00a0\u00bb1\/4&Prime;][\/vc_column][vc_column width=\u00a0\u00bb1\/2&Prime;][vc_raw_html css=\u00a0\u00bb\u00a0\u00bb]JTNDZGl2JTIwaWQlM0QlMjJtY19lbWJlZF9zaGVsbCUyMiUzRSUwQSUyMCUyMCUzQ2RpdiUyMGlkJTNEJTIybWNfZW1iZWRfc2lnbnVwJTIyJTNFJTBBJTIwJTIwJTIwJTIwJTNDZGl2JTIwaWQlM0QlMjJtY19lbWJlZF9zaWdudXBfc2Nyb2xsJTIyJTNFJTBBJTIwJTIwJTIwJTIwJTIwJTIwJTNDZGl2JTIwY2xhc3MlM0QlMjJtYy1maWVsZC1ncm91cCUyMiUzRSUwQSUyMCUyMCUyMCUyMCUyMCUyMCUyMCUyMCUzQ2xhYmVsJTIwZm9yJTNEJTIybWNlLUVNQUlMJTIyJTNFQWRyZXNzZSUyMCVDMyVBOWxlY3Ryb25pcXVlJTNDJTJGbGFiZWwlM0UlMEElMjAlMjAlMjAlMjAlMjAlMjAlMjAlMjAlM0NpbnB1dCUyMHR5cGUlM0QlMjJlbWFpbCUyMiUyMG5hbWUlM0QlMjJFTUFJTCUyMiUyMGNsYXNzJTNEJTIycmVxdWlyZWQlMjBlbWFpbCUyMiUyMGlkJTNEJTIybWNlLUVNQUlMJTIyJTIwcmVxdWlyZWQlMjB2YWx1ZSUzRCUyMiUyMiUzRSUwQSUyMCUyMCUyMCUyMCUyMCUyMCUzQyUyRmRpdiUzRSUwQSUyMCUyMCUyMCUyMCUyMCUyMCUzQ2RpdiUyMGlkJTNEJTIyY3VzdG9tLXJlc3BvbnNlJTIyJTIwc3R5bGUlM0QlMjJkaXNwbGF5JTNBbm9uZSUzQiUyMG1hcmdpbi10b3AlM0ExMHB4JTNCJTIyJTNFJTNDJTJGZGl2JTNFJTBBJTIwJTIwJTIwJTIwJTIwJTIwJTNDZGl2JTIwY2xhc3MlM0QlMjJjbGVhciUyMiUzRSUwQSUyMCUyMCUyMCUyMCUyMCUyMCUyMCUyMCUzQ2lucHV0JTIwdHlwZSUzRCUyMmJ1dHRvbiUyMiUyMGlkJTNEJTIybWMtZW1iZWRkZWQtc3Vic2NyaWJlJTIyJTIwY2xhc3MlM0QlMjJidXR0b24lMjIlMjB2YWx1ZSUzRCUyMkluc2NyaXZlei12b3VzJTIyJTIwb25jbGljayUzRCUyMnN1Ym1pdE1haWxjaGltcCUyOCUyOSUyMiUzRSUwQSUyMCUyMCUyMCUyMCUyMCUyMCUzQyUyRmRpdiUzRSUwQSUyMCUyMCUyMCUyMCUzQyUyRmRpdiUzRSUwQSUyMCUyMCUzQyUyRmRpdiUzRSUwQSUwQSUyMCUyMCUzQ3NjcmlwdCUzRSUwQSUyMCUyMCUyMCUyMGZ1bmN0aW9uJTIwc3VibWl0TWFpbGNoaW1wJTI4JTI5JTIwJTdCJTBBJTIwJTIwJTIwJTIwJTIwJTIwdmFyJTIwZW1haWwlMjAlM0QlMjBkb2N1bWVudC5nZXRFbGVtZW50QnlJZCUyOCUyN21jZS1FTUFJTCUyNyUyOS52YWx1ZSUzQiUwQSUyMCUyMCUyMCUyMCUyMCUyMCUwQSUyMCUyMCUyMCUyMCUyMCUyMGlmJTIwJTI4JTIxZW1haWwlMjklMjAlN0IlMEElMjAlMjAlMjAlMjAlMjAlMjAlMjAlMjBzaG93UmVzcG9uc2UlMjglMjdWZXVpbGxleiUyMGVudHJlciUyMHZvdHJlJTIwYWRyZXNzZSUyMGNvdXJyaWVsLiUyNyUyQyUyMCUyN2Vycm9yJTI3JTI5JTNCJTBBJTIwJTIwJTIwJTIwJTIwJTIwJTIwJTIwcmV0dXJuJTNCJTBBJTIwJTIwJTIwJTIwJTIwJTIwJTdEJTBBJTBBJTIwJTIwJTIwJTIwJTIwJTIwdmFyJTIwcmVzcG9uc2VEaXYlMjAlM0QlMjBkb2N1bWVudC5nZXRFbGVtZW50QnlJZCUyOCUyN2N1c3RvbS1yZXNwb25zZSUyNyUyOSUzQiUwQSUyMCUyMCUyMCUyMCUyMCUyMHNob3dSZXNwb25zZSUyOCUyN0NoYXJnZW1lbnQuLi4lMjclMkMlMjAlMjdwZW5kaW5nJTI3JTI5JTNCJTBBJTBBJTIwJTIwJTIwJTIwJTIwJTIwdmFyJTIwdXJsJTIwJTNEJTIwJTI3aHR0cHMlM0ElMkYlMkZjYXJtcy51czgubGlzdC1tYW5hZ2UuY29tJTJGc3Vic2NyaWJlJTJGcG9zdC1qc29uJTNGdSUzRGY0NTcwM2U3MDU1YTAzN2Y1ZjcxM2NkNjYlMjZpZCUzRGI3MGQ4ODJiNjglMjZmX2lkJTNEMDAyZDY2ZTFmMCUyNkVNQUlMJTNEJTI3JTIwJTJCJTIwZW5jb2RlVVJJQ29tcG9uZW50JTI4ZW1haWwlMjklMjAlMkIlMjAlMjclMjZ0YWdzJTNEMzMyOTUzMiUyNmMlM0RoYW5kbGVNYWlsY2hpbXBSZXNwb25zZSUyNyUzQiUwQSUwQSUyMCUyMCUyMCUyMCUyMCUyMHZhciUyMHNjcmlwdCUyMCUzRCUyMGRvY3VtZW50LmNyZWF0ZUVsZW1lbnQlMjglMjdzY3JpcHQlMjclMjklM0IlMEElMjAlMjAlMjAlMjAlMjAlMjBzY3JpcHQuc3JjJTIwJTNEJTIwdXJsJTNCJTBBJTIwJTIwJTIwJTIwJTIwJTIwZG9jdW1lbnQuYm9keS5hcHBlbmRDaGlsZCUyOHNjcmlwdCUyOSUzQiUwQSUyMCUyMCUyMCUyMCU3RCUwQSUwQSUyMCUyMCUyMCUyMGZ1bmN0aW9uJTIwaGFuZGxlTWFpbGNoaW1wUmVzcG9uc2UlMjhkYXRhJTI5JTIwJTdCJTBBJTIwJTIwJTIwJTIwJTIwJTIwaWYlMjAlMjhkYXRhLnJlc3VsdCUyMCUzRCUzRCUzRCUyMCUyN3N1Y2Nlc3MlMjclMjklMjAlN0IlMEElMjAlMjAlMjAlMjAlMjAlMjAlMjAlMjBzaG93UmVzcG9uc2UlMjglMjdNZXJjaSUyMGRlJTIwdm91cyUyMCVDMyVBQXRyZSUyMGluc2NyaXQlMjBwb3VyJTIwcmVjZXZvaXIlMjBkZXMlMjBub3V2ZWxsZXMlMjBjb25jZXJuYW50JTIwbGUlMjBGb3J1bSUyMGRlJTIwQ2FSTVMuJTI3JTJDJTIwJTI3c3VjY2VzcyUyNyUyOSUzQiUwQSUyMCUyMCUyMCUyMCUyMCUyMCUyMCUyMGRvY3VtZW50LmdldEVsZW1lbnRCeUlkJTI4JTI3bWNlLUVNQUlMJTI3JTI5LnZhbHVlJTIwJTNEJTIwJTI3JTI3JTNCJTBBJTIwJTIwJTIwJTIwJTIwJTIwJTdEJTIwZWxzZSUyMCU3QiUwQSUyMCUyMCUyMCUyMCUyMCUyMCUyMCUyMGlmJTIwJTI4ZGF0YS5tc2clMjAlMjYlMjYlMjBkYXRhLm1zZy5pbmRleE9mJTI4JTI3YWxyZWFkeSUyMHN1YnNjcmliZWQlMjclMjklMjAlMjElM0QlM0QlMjAtMSUyOSUyMCU3QiUwQSUyMCUyMCUyMCUyMCUyMCUyMCUyMCUyMCUyMCUyMHNob3dSZXNwb25zZSUyOCUyN1ZvdXMlMjB2b3VzJTIwJUMzJUFBdGVzJTIwZCVDMyVBOWolQzMlQTAlMjBpbnNjcml0LiUyMFZvdHJlJTIwcHJvZmlsJTIwYSUyMCVDMyVBOXQlQzMlQTklMjBhY3R1YWxpcyVDMyVBOS4lMjBNZXJjaS4lMjclMkMlMjAlMjdlcnJvciUyNyUyOSUzQiUwQSUyMCUyMCUyMCUyMCUyMCUyMCUyMCUyMCU3RCUyMGVsc2UlMjAlN0IlMEElMjAlMjAlMjAlMjAlMjAlMjAlMjAlMjAlMjAlMjBzaG93UmVzcG9uc2UlMjglMjdVbmUlMjBlcnJldXIlMjBlc3QlMjBzdXJ2ZW51ZS4lMjBWZXVpbGxleiUyMGVzc2F5ZXIlMjBkZSUyMG5vdXZlYXUuJTI3JTJDJTIwJTI3ZXJyb3IlMjclMjklM0IlMEElMjAlMjAlMjAlMjAlMjAlMjAlMjAlMjAlN0QlMEElMjAlMjAlMjAlMjAlMjAlMjAlN0QlMEElMjAlMjAlMjAlMjAlN0QlMEElMEElMjAlMjAlMjAlMjBmdW5jdGlvbiUyMHNob3dSZXNwb25zZSUyOG1lc3NhZ2UlMkMlMjB0eXBlJTI5JTIwJTdCJTBBJTIwJTIwJTIwJTIwJTIwJTIwdmFyJTIwZGl2JTIwJTNEJTIwZG9jdW1lbnQuZ2V0RWxlbWVudEJ5SWQlMjglMjdjdXN0b20tcmVzcG9uc2UlMjclMjklM0IlMEElMjAlMjAlMjAlMjAlMjAlMjBkaXYuc3R5bGUuZGlzcGxheSUyMCUzRCUyMCUyN2Jsb2NrJTI3JTNCJTBBJTIwJTIwJTIwJTIwJTIwJTIwZGl2LnN0eWxlLnBhZGRpbmclMjAlM0QlMjAlMjcxMHB4JTI3JTNCJTBBJTIwJTIwJTIwJTIwJTIwJTIwZGl2LnN0eWxlLm1hcmdpblRvcCUyMCUzRCUyMCUyNzEwcHglMjclM0IlMEElMjAlMjAlMjAlMjAlMjAlMjBkaXYuc3R5bGUuYm9yZGVyUmFkaXVzJTIwJTNEJTIwJTI3NHB4JTI3JTNCJTBBJTIwJTIwJTIwJTIwJTIwJTIwaWYlMjAlMjh0eXBlJTIwJTNEJTNEJTNEJTIwJTI3c3VjY2VzcyUyNyUyOSUyMCU3QiUwQSUyMCUyMCUyMCUyMCUyMCUyMCUyMCUyMGRpdi5zdHlsZS5iYWNrZ3JvdW5kQ29sb3IlMjAlM0QlMjAlMjclMjNlNmY0ZWElMjclM0IlMEElMjAlMjAlMjAlMjAlMjAlMjAlMjAlMjBkaXYuc3R5bGUuY29sb3IlMjAlM0QlMjAlMjclMjMyZDZhMmQlMjclM0IlMEElMjAlMjAlMjAlMjAlMjAlMjAlMjAlMjBkaXYuc3R5bGUuYm9yZGVyJTIwJTNEJTIwJTI3MXB4JTIwc29saWQlMjAlMjMyZDZhMmQlMjclM0IlMEElMjAlMjAlMjAlMjAlMjAlMjAlN0QlMjBlbHNlJTIwaWYlMjAlMjh0eXBlJTIwJTNEJTNEJTNEJTIwJTI3ZXJyb3IlMjclMjklMjAlN0IlMEElMjAlMjAlMjAlMjAlMjAlMjAlMjAlMjBkaXYuc3R5bGUuYmFja2dyb3VuZENvbG9yJTIwJTNEJTIwJTI3JTIzZmRlOGU4JTI3JTNCJTBBJTIwJTIwJTIwJTIwJTIwJTIwJTIwJTIwZGl2LnN0eWxlLmNvbG9yJTIwJTNEJTIwJTI3JTIzYTMwMDAwJTI3JTNCJTBBJTIwJTIwJTIwJTIwJTIwJTIwJTIwJTIwZGl2LnN0eWxlLmJvcmRlciUyMCUzRCUyMCUyNzFweCUyMHNvbGlkJTIwJTIzYTMwMDAwJTI3JTNCJTBBJTIwJTIwJTIwJTIwJTIwJTIwJTdEJTIwZWxzZSUyMCU3QiUwQSUyMCUyMCUyMCUyMCUyMCUyMCUyMCUyMGRpdi5zdHlsZS5iYWNrZ3JvdW5kQ29sb3IlMjAlM0QlMjAlMjclMjNmMGYwZjAlMjclM0IlMEElMjAlMjAlMjAlMjAlMjAlMjAlMjAlMjBkaXYuc3R5bGUuY29sb3IlMjAlM0QlMjAlMjclMjMzMzMlMjclM0IlMEElMjAlMjAlMjAlMjAlMjAlMjAlMjAlMjBkaXYuc3R5bGUuYm9yZGVyJTIwJTNEJTIwJTI3MXB4JTIwc29saWQlMjAlMjNjY2MlMjclM0IlMEElMjAlMjAlMjAlMjAlMjAlMjAlN0QlMEElMjAlMjAlMjAlMjAlMjAlMjBkaXYuaW5uZXJIVE1MJTIwJTNEJTIwbWVzc2FnZSUzQiUwQSUyMCUyMCUyMCUyMCU3RCUwQSUyMCUyMCUzQyUyRnNjcmlwdCUzRSUwQSUzQyUyRmRpdiUzRQ==[\/vc_raw_html][mk_padding_divider][\/vc_column][vc_column width=\u00a0\u00bb1\/4&Prime;][\/vc_column][\/vc_row]\n<\/div>","protected":false},"excerpt":{"rendered":"<p>[mk_page_section padding_top=\u00a0\u00bb0&Prime; padding_bottom=\u00a0\u00bb0&Prime; sidebar=\u00a0\u00bbsidebar-1&Prime;][vc_column][mk_revslider id=\u00a0\u00bbslider-3-1&Prime;][\/vc_column][\/mk_page_section][vc_row][vc_column][mk_padding_divider][vc_column_text disable_pattern=\u00a0\u00bb\u00a0\u00bb] Nous esp\u00e9rons que vous vous joindrez \u00e0 CaRMS et \u00e0 nos partenaires le mercredi 27 mai 2026 pour obtenir des donn\u00e9es et des perspectives et pour participer \u00e0 une discussion \u00e0 propos du jumelage principal R-1 de 2026. Inscrivez-vous ci-dessous pour recevoir des notifications \u00e0 propos de l\u2019inscription et [&hellip;]<\/p>\n","protected":false},"author":40,"featured_media":51997,"parent":2462,"menu_order":0,"comment_status":"closed","ping_status":"closed","template":"","meta":{"_acf_changed":false,"footnotes":""},"class_list":["post-52122","page","type-page","status-publish","has-post-thumbnail","hentry"],"acf":{"subtitle":""},"yoast_head":"<!-- This site is optimized with the Yoast SEO plugin v27.3 - https:\/\/yoast.com\/product\/yoast-seo-wordpress\/ -->\n<title>Forum de CaRMS de 2026 - CaRMS<\/title>\n<meta name=\"robots\" content=\"index, follow, max-snippet:-1, max-image-preview:large, max-video-preview:-1\" \/>\n<link rel=\"canonical\" href=\"https:\/\/www.carms.ca\/fr\/evenements-et-conferences\/carms-forum-reservez-la-date\/\" \/>\n<meta property=\"og:locale\" content=\"fr_FR\" \/>\n<meta property=\"og:type\" content=\"article\" \/>\n<meta property=\"og:title\" content=\"Forum de CaRMS de 2026 - CaRMS\" \/>\n<meta property=\"og:description\" content=\"[mk_page_section padding_top=\u00a0\u00bb0&Prime; padding_bottom=\u00a0\u00bb0&Prime; sidebar=\u00a0\u00bbsidebar-1&Prime;][vc_column][mk_revslider id=\u00a0\u00bbslider-3-1&Prime;][\/vc_column][\/mk_page_section][vc_row][vc_column][mk_padding_divider][vc_column_text disable_pattern=\u00a0\u00bb\u00a0\u00bb] Nous esp\u00e9rons que vous vous joindrez \u00e0 CaRMS et \u00e0 nos partenaires le mercredi 27 mai 2026 pour obtenir des donn\u00e9es et des perspectives et pour participer \u00e0 une discussion \u00e0 propos du jumelage principal R-1 de 2026. Inscrivez-vous ci-dessous pour recevoir des notifications \u00e0 propos de l\u2019inscription et [&hellip;]\" \/>\n<meta property=\"og:url\" content=\"https:\/\/www.carms.ca\/fr\/evenements-et-conferences\/carms-forum-reservez-la-date\/\" \/>\n<meta property=\"og:site_name\" content=\"CaRMS\" \/>\n<meta property=\"article:modified_time\" content=\"2026-04-07T19:45:30+00:00\" \/>\n<meta property=\"og:image\" content=\"https:\/\/www.carms.ca\/wp-content\/uploads\/2026\/03\/events-awards-slider-2-scaled.jpg\" \/>\n\t<meta property=\"og:image:width\" content=\"2560\" \/>\n\t<meta property=\"og:image:height\" content=\"1707\" \/>\n\t<meta property=\"og:image:type\" content=\"image\/jpeg\" \/>\n<meta name=\"twitter:card\" content=\"summary_large_image\" \/>\n<meta name=\"twitter:label1\" content=\"Dur\u00e9e de lecture estim\u00e9e\" \/>\n\t<meta name=\"twitter:data1\" content=\"1 minute\" \/>\n<script type=\"application\/ld+json\" class=\"yoast-schema-graph\">{\"@context\":\"https:\\\/\\\/schema.org\",\"@graph\":[{\"@type\":\"WebPage\",\"@id\":\"https:\\\/\\\/www.carms.ca\\\/fr\\\/evenements-et-conferences\\\/carms-forum-reservez-la-date\\\/\",\"url\":\"https:\\\/\\\/www.carms.ca\\\/fr\\\/evenements-et-conferences\\\/carms-forum-reservez-la-date\\\/\",\"name\":\"Forum de CaRMS de 2026 - CaRMS\",\"isPartOf\":{\"@id\":\"https:\\\/\\\/www.carms.ca\\\/#website\"},\"primaryImageOfPage\":{\"@id\":\"https:\\\/\\\/www.carms.ca\\\/fr\\\/evenements-et-conferences\\\/carms-forum-reservez-la-date\\\/#primaryimage\"},\"image\":{\"@id\":\"https:\\\/\\\/www.carms.ca\\\/fr\\\/evenements-et-conferences\\\/carms-forum-reservez-la-date\\\/#primaryimage\"},\"thumbnailUrl\":\"https:\\\/\\\/www.carms.ca\\\/wp-content\\\/uploads\\\/2026\\\/03\\\/events-awards-slider-2-scaled.jpg\",\"datePublished\":\"2026-04-07T19:01:56+00:00\",\"dateModified\":\"2026-04-07T19:45:30+00:00\",\"breadcrumb\":{\"@id\":\"https:\\\/\\\/www.carms.ca\\\/fr\\\/evenements-et-conferences\\\/carms-forum-reservez-la-date\\\/#breadcrumb\"},\"inLanguage\":\"fr-FR\",\"potentialAction\":[{\"@type\":\"ReadAction\",\"target\":[\"https:\\\/\\\/www.carms.ca\\\/fr\\\/evenements-et-conferences\\\/carms-forum-reservez-la-date\\\/\"]}]},{\"@type\":\"ImageObject\",\"inLanguage\":\"fr-FR\",\"@id\":\"https:\\\/\\\/www.carms.ca\\\/fr\\\/evenements-et-conferences\\\/carms-forum-reservez-la-date\\\/#primaryimage\",\"url\":\"https:\\\/\\\/www.carms.ca\\\/wp-content\\\/uploads\\\/2026\\\/03\\\/events-awards-slider-2-scaled.jpg\",\"contentUrl\":\"https:\\\/\\\/www.carms.ca\\\/wp-content\\\/uploads\\\/2026\\\/03\\\/events-awards-slider-2-scaled.jpg\",\"width\":2560,\"height\":1707},{\"@type\":\"BreadcrumbList\",\"@id\":\"https:\\\/\\\/www.carms.ca\\\/fr\\\/evenements-et-conferences\\\/carms-forum-reservez-la-date\\\/#breadcrumb\",\"itemListElement\":[{\"@type\":\"ListItem\",\"position\":1,\"name\":\"Accueil\",\"item\":\"https:\\\/\\\/www.carms.ca\\\/fr\\\/\"},{\"@type\":\"ListItem\",\"position\":2,\"name\":\"\u00c9v\u00e8nements et conf\u00e9rences\",\"item\":\"https:\\\/\\\/www.carms.ca\\\/fr\\\/evenements-et-conferences\\\/\"},{\"@type\":\"ListItem\",\"position\":3,\"name\":\"Forum de CaRMS de 2026\"}]},{\"@type\":\"WebSite\",\"@id\":\"https:\\\/\\\/www.carms.ca\\\/#website\",\"url\":\"https:\\\/\\\/www.carms.ca\\\/\",\"name\":\"CaRMS\",\"description\":\"\",\"potentialAction\":[{\"@type\":\"SearchAction\",\"target\":{\"@type\":\"EntryPoint\",\"urlTemplate\":\"https:\\\/\\\/www.carms.ca\\\/?s={search_term_string}\"},\"query-input\":{\"@type\":\"PropertyValueSpecification\",\"valueRequired\":true,\"valueName\":\"search_term_string\"}}],\"inLanguage\":\"fr-FR\"}]}<\/script>\n<!-- \/ Yoast SEO plugin. -->","yoast_head_json":{"title":"Forum de CaRMS de 2026 - CaRMS","robots":{"index":"index","follow":"follow","max-snippet":"max-snippet:-1","max-image-preview":"max-image-preview:large","max-video-preview":"max-video-preview:-1"},"canonical":"https:\/\/www.carms.ca\/fr\/evenements-et-conferences\/carms-forum-reservez-la-date\/","og_locale":"fr_FR","og_type":"article","og_title":"Forum de CaRMS de 2026 - CaRMS","og_description":"[mk_page_section padding_top=\u00a0\u00bb0&Prime; padding_bottom=\u00a0\u00bb0&Prime; sidebar=\u00a0\u00bbsidebar-1&Prime;][vc_column][mk_revslider id=\u00a0\u00bbslider-3-1&Prime;][\/vc_column][\/mk_page_section][vc_row][vc_column][mk_padding_divider][vc_column_text disable_pattern=\u00a0\u00bb\u00a0\u00bb] Nous esp\u00e9rons que vous vous joindrez \u00e0 CaRMS et \u00e0 nos partenaires le mercredi 27 mai 2026 pour obtenir des donn\u00e9es et des perspectives et pour participer \u00e0 une discussion \u00e0 propos du jumelage principal R-1 de 2026. Inscrivez-vous ci-dessous pour recevoir des notifications \u00e0 propos de l\u2019inscription et [&hellip;]","og_url":"https:\/\/www.carms.ca\/fr\/evenements-et-conferences\/carms-forum-reservez-la-date\/","og_site_name":"CaRMS","article_modified_time":"2026-04-07T19:45:30+00:00","og_image":[{"width":2560,"height":1707,"url":"https:\/\/www.carms.ca\/wp-content\/uploads\/2026\/03\/events-awards-slider-2-scaled.jpg","type":"image\/jpeg"}],"twitter_card":"summary_large_image","twitter_misc":{"Dur\u00e9e de lecture estim\u00e9e":"1 minute"},"schema":{"@context":"https:\/\/schema.org","@graph":[{"@type":"WebPage","@id":"https:\/\/www.carms.ca\/fr\/evenements-et-conferences\/carms-forum-reservez-la-date\/","url":"https:\/\/www.carms.ca\/fr\/evenements-et-conferences\/carms-forum-reservez-la-date\/","name":"Forum de CaRMS de 2026 - CaRMS","isPartOf":{"@id":"https:\/\/www.carms.ca\/#website"},"primaryImageOfPage":{"@id":"https:\/\/www.carms.ca\/fr\/evenements-et-conferences\/carms-forum-reservez-la-date\/#primaryimage"},"image":{"@id":"https:\/\/www.carms.ca\/fr\/evenements-et-conferences\/carms-forum-reservez-la-date\/#primaryimage"},"thumbnailUrl":"https:\/\/www.carms.ca\/wp-content\/uploads\/2026\/03\/events-awards-slider-2-scaled.jpg","datePublished":"2026-04-07T19:01:56+00:00","dateModified":"2026-04-07T19:45:30+00:00","breadcrumb":{"@id":"https:\/\/www.carms.ca\/fr\/evenements-et-conferences\/carms-forum-reservez-la-date\/#breadcrumb"},"inLanguage":"fr-FR","potentialAction":[{"@type":"ReadAction","target":["https:\/\/www.carms.ca\/fr\/evenements-et-conferences\/carms-forum-reservez-la-date\/"]}]},{"@type":"ImageObject","inLanguage":"fr-FR","@id":"https:\/\/www.carms.ca\/fr\/evenements-et-conferences\/carms-forum-reservez-la-date\/#primaryimage","url":"https:\/\/www.carms.ca\/wp-content\/uploads\/2026\/03\/events-awards-slider-2-scaled.jpg","contentUrl":"https:\/\/www.carms.ca\/wp-content\/uploads\/2026\/03\/events-awards-slider-2-scaled.jpg","width":2560,"height":1707},{"@type":"BreadcrumbList","@id":"https:\/\/www.carms.ca\/fr\/evenements-et-conferences\/carms-forum-reservez-la-date\/#breadcrumb","itemListElement":[{"@type":"ListItem","position":1,"name":"Accueil","item":"https:\/\/www.carms.ca\/fr\/"},{"@type":"ListItem","position":2,"name":"\u00c9v\u00e8nements et conf\u00e9rences","item":"https:\/\/www.carms.ca\/fr\/evenements-et-conferences\/"},{"@type":"ListItem","position":3,"name":"Forum de CaRMS de 2026"}]},{"@type":"WebSite","@id":"https:\/\/www.carms.ca\/#website","url":"https:\/\/www.carms.ca\/","name":"CaRMS","description":"","potentialAction":[{"@type":"SearchAction","target":{"@type":"EntryPoint","urlTemplate":"https:\/\/www.carms.ca\/?s={search_term_string}"},"query-input":{"@type":"PropertyValueSpecification","valueRequired":true,"valueName":"search_term_string"}}],"inLanguage":"fr-FR"}]}},"publishpress_future_workflow_manual_trigger":{"enabledWorkflows":[]},"_links":{"self":[{"href":"https:\/\/www.carms.ca\/fr\/wp-json\/wp\/v2\/pages\/52122","targetHints":{"allow":["GET"]}}],"collection":[{"href":"https:\/\/www.carms.ca\/fr\/wp-json\/wp\/v2\/pages"}],"about":[{"href":"https:\/\/www.carms.ca\/fr\/wp-json\/wp\/v2\/types\/page"}],"author":[{"embeddable":true,"href":"https:\/\/www.carms.ca\/fr\/wp-json\/wp\/v2\/users\/40"}],"replies":[{"embeddable":true,"href":"https:\/\/www.carms.ca\/fr\/wp-json\/wp\/v2\/comments?post=52122"}],"version-history":[{"count":8,"href":"https:\/\/www.carms.ca\/fr\/wp-json\/wp\/v2\/pages\/52122\/revisions"}],"predecessor-version":[{"id":52132,"href":"https:\/\/www.carms.ca\/fr\/wp-json\/wp\/v2\/pages\/52122\/revisions\/52132"}],"up":[{"embeddable":true,"href":"https:\/\/www.carms.ca\/fr\/wp-json\/wp\/v2\/pages\/2462"}],"wp:featuredmedia":[{"embeddable":true,"href":"https:\/\/www.carms.ca\/fr\/wp-json\/wp\/v2\/media\/51997"}],"wp:attachment":[{"href":"https:\/\/www.carms.ca\/fr\/wp-json\/wp\/v2\/media?parent=52122"}],"curies":[{"name":"wp","href":"https:\/\/api.w.org\/{rel}","templated":true}]}}