{"id":52429,"date":"2026-04-29T15:46:23","date_gmt":"2026-04-29T19:46:23","guid":{"rendered":"https:\/\/www.carms.ca\/?page_id=52429"},"modified":"2026-04-29T15:46:23","modified_gmt":"2026-04-29T19:46:23","slug":"specialiste-en-conception-graphique-et-marketing","status":"publish","type":"page","link":"https:\/\/www.carms.ca\/fr\/a-propos-de\/possibilites-de-carrieres\/specialiste-en-conception-graphique-et-marketing\/","title":{"rendered":"Sp\u00e9cialiste en conception graphique et marketing"},"content":{"rendered":"<div class=\"wpb-content-wrapper\">[vc_row][vc_column][vc_column_text margin_bottom=\u00a0\u00bb0&Prime; css=\u00a0\u00bb.vc_custom_1777491979565{margin-bottom: 0px !important;}\u00a0\u00bb]<strong><em>Remarque\u00a0: <\/em><\/strong><em>L\u2019emploi du masculin dans le pr\u00e9sent texte d\u00e9signe, lorsque le contexte s\u2019y pr\u00eate, aussi bien les femmes et les personnes de type non binaire que les hommes.<\/em><\/p>\n<h3><strong>R\u00e9sum\u00e9 du poste\u00a0:<\/strong><\/h3>\n<p>Le sp\u00e9cialiste en conception graphique et marketing soutient CaRMS en cr\u00e9ant du mat\u00e9riel de marketing et de communication captivant, conforme \u00e0 la marque et ax\u00e9 sur le public. Ce r\u00f4le combine la conception graphique, les op\u00e9rations et l\u2019ex\u00e9cution li\u00e9es au marketing, incluant l\u2019automation et l\u2019optimalisation du flux de travail. Le candidat retenu poss\u00e8de un sens aigu pour la conception graphique, des instincts solides de marketing et la capacit\u00e9 de transformer des id\u00e9es et des objectifs commerciaux en contenu et graphiques clairs et attrayants sur plusieurs plateformes.<\/p>\n<h3><strong>Principales responsabilit\u00e9s<\/strong><\/h3>\n<p><strong>R\u00e9alisation de la conception graphique et de la marque<\/strong><\/p>\n<ul>\n<li>Concevoir et produire du mat\u00e9riel promotionnel de haute qualit\u00e9 pour le marketing et la communication, incluant des pr\u00e9sentations, des images pour les m\u00e9dias sociaux, des bulletins, des rapports, des ressources pour les courriels, des infographies et des documents relatifs aux \u00e9v\u00e8nements.<\/li>\n<li>Cr\u00e9er du contenu visuellement int\u00e9ressant pour le public interne et externe en assurant l\u2019alignement avec les normes de la marque.<\/li>\n<li>Assurer le maintien et l\u2019\u00e9volution des gabarits, des ressources de la marque et des syst\u00e8mes de conception afin d\u2019assurer la coh\u00e9rence et l\u2019efficacit\u00e9 visuelles.<\/li>\n<li>R\u00e9viser et modifier le mat\u00e9riel pour assurer l\u2019exactitude, la coh\u00e9rence, l\u2019accessibilit\u00e9 et la qualit\u00e9 visuelle globale.<\/li>\n<\/ul>\n<p><strong>Soutien lors de la campagne de marketing<\/strong><\/p>\n<ul>\n<li>Fournir de l\u2019aide lors de la planification et de mise en \u0153uvre d\u2019initiatives de marketing et de communication sur plusieurs plateformes.<\/li>\n<li>Observer, analyser et rendre compte des performances des campagnes pour fournir des perspectives et des recommandations en ce qui concerne l\u2019am\u00e9lioration.<\/li>\n<li>Fournir de l\u2019aide aux initiatives de marketing li\u00e9es \u00e0 des \u00e9v\u00e8nements, incluant des affiches, du mat\u00e9riel informationnel et promotionnel et des ressources num\u00e9riques.<\/li>\n<\/ul>\n<p><strong>Contenu et plateformes num\u00e9riques<\/strong><\/p>\n<ul>\n<li>Fournir du soutien aux membres de l\u2019\u00e9quipe gr\u00e2ce \u00e0 des ressources num\u00e9riques de marketing pour les courriels, le Web et les plateformes sociales.<\/li>\n<li>Collaborer avec l\u2019\u00e9quipe interne afin de comprendre les objectifs de communication et livrer des solutions cr\u00e9atives et efficaces.<\/li>\n<\/ul>\n<p><strong>Automation du marketing et optimalisation du flux de travail<\/strong><\/p>\n<ul>\n<li>Cr\u00e9er, maintenir et optimaliser les flux de travail de marketing automatiques afin d\u2019am\u00e9liorer l\u2019efficacit\u00e9 et la coh\u00e9rence.<\/li>\n<li>Maintenir des donn\u00e9es exactes, pr\u00e9cises et bien structur\u00e9es en ce qui concerne le marketing et la gestion des relations avec les clients pour soutenir le reportage et l\u2019automation.<\/li>\n<li>Soutenir la mise en \u0153uvre et l\u2019adoption d\u2019outils et de logiciels de marketing.<\/li>\n<\/ul>\n<p><strong>Gestion des projets et des fournisseurs<\/strong><\/p>\n<ul>\n<li>G\u00e9rer plusieurs projets en m\u00eame temps, livrant du travail de haute qualit\u00e9 en respectant les d\u00e9lais \u00e9tablis.<\/li>\n<li>Coordonner et g\u00e9rer des fournisseurs externes lors de projets sp\u00e9cialis\u00e9s ou de grande envergure, selon le besoin.<\/li>\n<\/ul>\n<h3><strong>Comp\u00e9tences\u00a0:<\/strong><\/h3>\n<p><strong>Requises<\/strong><\/p>\n<ul>\n<li>Baccalaur\u00e9at en affaires, en conception graphique, en marketing, en communication ou dans un domaine connexe.<\/li>\n<li>Plus de deux ann\u00e9es d\u2019exp\u00e9rience dans le domaine de la conception, du marketing ou des communications cr\u00e9atives.<\/li>\n<li>Fortes comp\u00e9tences dans l\u2019utilisation de <em>Adobe Creative Suite <\/em>(p. ex.\u00a0: <em>Adobe InDesign, Illustrator, Photoshop, After Effects <\/em>et<em> Premiere<\/em>, etc.)<\/li>\n<li>Exp\u00e9rience dans l\u2019utilisation d\u2019outils comme <em>Asana, Microsoft\u00a0365, WordPress, MailChimp.<\/em><\/li>\n<li>Exp\u00e9rience confirm\u00e9e, par l\u2019entremise d\u2019un portefeuille, dans la cr\u00e9ation de contenu pour des plateformes num\u00e9riques.<\/li>\n<li>Exp\u00e9rience de travail pour une organisation \u00e0 but non lucratif.<\/li>\n<li>Forte compr\u00e9hension dans le domaine des marques, de la disposition, de la typographie, et de la narration visuelle.<\/li>\n<li>Excellentes comp\u00e9tences en communication \u00e9crite et verbale.<\/li>\n<li>Capacit\u00e9 de g\u00e9rer des priorit\u00e9s concurrentes, de travailler ind\u00e9pendamment et de collaborer efficacement dans un environnement collaboratif.<\/li>\n<\/ul>\n<p><strong>Pr\u00e9f\u00e9rentielles<\/strong><\/p>\n<ul>\n<li>Preuves de comp\u00e9tences dans l\u2019utilisation d\u2019<em>Adobe<\/em>, <em>WordPress<\/em> et <em>HubSpot<\/em>.<\/li>\n<li>Compr\u00e9hension des principes concernant l\u2019accessibilit\u00e9 et la conception inclusive.<\/li>\n<li>Exp\u00e9rience dans un environnement de travail \u00e0 distance.<\/li>\n<li>Connaissance de la plateforme HubSpot ou une grande volont\u00e9 d\u2019apprendre, de s\u2019approprier et de g\u00e9rer une plateforme d\u2019automation de marketing.<\/li>\n<li>D\u00e9sir de collaborer avec l\u2019\u00e9quipe concernant l\u2019\u00e9volution de la marque de CaRMS.<\/li>\n<\/ul>\n<h3><strong>Comp\u00e9tences cl\u00e9s\u00a0:<\/strong><\/h3>\n<ul>\n<li>Cr\u00e9ativit\u00e9 et souci du d\u00e9tail<\/li>\n<li>Solides comp\u00e9tences en communication visuelle et \u00e9crite<\/li>\n<li>Coordination de projet et gestion du temps<\/li>\n<li>Collaboration et engagement avec les partenaires<\/li>\n<li>Flexibilit\u00e9 et r\u00e9solution de probl\u00e8mes<\/li>\n<\/ul>\n<h3><strong>Exemples de produits livrables\u00a0:<\/strong><\/h3>\n<ul>\n<li>Mat\u00e9riel informationnel concernant le recrutement et le marketing de programme<\/li>\n<li>Visuels pour la communication avec le personnel interne<\/li>\n<li>Rapports externes, comme des rapports de reddition de comptes<\/li>\n<li>Mat\u00e9riel promotionnel pour des \u00e9v\u00e8nements et des webinaires<\/li>\n<li>Mat\u00e9riel de marque et de culture organisationnelle<\/li>\n<li>Rapports et pr\u00e9sentations aupr\u00e8s des cadres sup\u00e9rieurs<\/li>\n<\/ul>\n<h3><strong>\u00c0 propos de CaRMS\u00a0:<\/strong><\/h3>\n<p>Le Service canadien de jumelage des r\u00e9sidents (CaRMS) est une organisation nationale ind\u00e9pendante sans but lucratif qui offre des solutions num\u00e9riques et de l\u2019expertise qui jum\u00e8le des \u00e9tudiants en m\u00e9decine avec des occasions de formation au Canada.<\/p>\n<p>La mission de CaRMS est d\u2019agir comme intendants de confiance, de b\u00e2tisseurs et d\u2019innovateurs des services de candidature et de jumelage \u00e9clair\u00e9s par les donn\u00e9es. Notre vision est de fournir les meilleurs r\u00e9sultats possibles pour les candidats et les facult\u00e9s par l\u2019entremise de syst\u00e8mes de candidature et de jumelage s\u00e9curitaires, justes et \u00e9quitables.<\/p>\n<p>Cr\u00e9\u00e9 en 1970 pour fournir un processus juste, objectif et transparent, CaRMS travaille avec la collectivit\u00e9 de l\u2019enseignement m\u00e9dical, les facult\u00e9s de m\u00e9decine et les r\u00e9sidents\/\u00e9tudiants pour fournir la plateforme num\u00e9rique, l\u2019algorithme math\u00e9matique et les connaissances qui jum\u00e8lent les \u00e9tudiants avec des occasions de formation en r\u00e9sidence m\u00e9dicale.<\/p>\n<p>CaRMS est une organisation ax\u00e9e sur le service \u00e0 la client\u00e8le se fiant \u00e0 une \u00e9quipe attentive et engag\u00e9e pour assurer notre succ\u00e8s.<\/p>\n<h3><strong>Ce que nous offrons\u00a0:<\/strong><\/h3>\n<p>CaRMS appr\u00e9cie une main-d\u2019\u0153uvre \u00e9quitable, diverse et inclusive. Nous offrons un environnement de travail <strong>hybride<\/strong> collaboratif et agr\u00e9able qui met l\u2019accent sur l\u2019am\u00e9lioration continue de la qualit\u00e9 (ACQ), les occasions de croissance professionnelles, un ensemble complet d\u2019avantages sociaux et un r\u00e9gime de retraite \u00e0 cotisations d\u00e9termin\u00e9es avant-gardiste.<\/p>\n<h3><strong>Comment poser sa candidature\u00a0:<\/strong><\/h3>\n<p>Les candidats qualifi\u00e9s devraient soumettre leur curriculum vitae et leur lettre de pr\u00e9sentation \u00e0 l\u2019adresse <a href=\"mailto:hr@carms.ca\">hr@carms.ca<\/a>.<\/p>\n<p>&nbsp;<\/p>\n<p><em>Si CaRMS communique avec vous pour une occasion d\u2019emploi et que vous avez besoin de certains am\u00e9nagements ou d\u2019assistance, veuillez communiquer directement avec nous \u00e0 l\u2019adresse <\/em><a href=\"mailto:hr@carms.ca\">hr@carms.ca<\/a><em>. <\/em><\/p>\n<p><em>L\u2019\u00e9quipe de CaRMS c\u00e9l\u00e8bre la diversit\u00e9 et s\u2019engage \u00e0 cr\u00e9er un environnement inclusif pour tous les employ\u00e9s. Nous accueillons toutes les personnes qui contribueraient \u00e0 la diversification approfondie de notre organisation, incluant sans s\u2019y limiter\u00a0: les femmes, les minorit\u00e9s visibles, les peuples des Premiers Nations, m\u00e9tis et Inuit, les personnes handicap\u00e9es et les personnes de n\u2019importe quelle orientation sexuelle, identit\u00e9 ou expression sexuelle.<\/em>[\/vc_column_text][\/vc_column][\/vc_row]\n<\/div>","protected":false},"excerpt":{"rendered":"<p>[vc_row][vc_column][vc_column_text margin_bottom=\u00a0\u00bb0&Prime; css=\u00a0\u00bb.vc_custom_1777491979565{margin-bottom: 0px !important;}\u00a0\u00bb]Remarque\u00a0: L\u2019emploi du masculin dans le pr\u00e9sent texte d\u00e9signe, lorsque le contexte s\u2019y pr\u00eate, aussi bien les femmes et les personnes de type non binaire que les hommes. R\u00e9sum\u00e9 du poste\u00a0: Le sp\u00e9cialiste en conception graphique et marketing soutient CaRMS en cr\u00e9ant du mat\u00e9riel de marketing et de communication captivant, conforme [&hellip;]<\/p>\n","protected":false},"author":40,"featured_media":0,"parent":2907,"menu_order":0,"comment_status":"closed","ping_status":"closed","template":"","meta":{"_acf_changed":false,"footnotes":""},"class_list":["post-52429","page","type-page","status-publish","hentry"],"acf":{"subtitle":""},"yoast_head":"<!-- This site is optimized with the Yoast SEO plugin v27.3 - https:\/\/yoast.com\/product\/yoast-seo-wordpress\/ -->\n<title>Sp\u00e9cialiste en conception graphique et marketing - CaRMS<\/title>\n<meta name=\"robots\" content=\"index, follow, max-snippet:-1, max-image-preview:large, max-video-preview:-1\" \/>\n<link rel=\"canonical\" href=\"https:\/\/www.carms.ca\/fr\/a-propos-de\/possibilites-de-carrieres\/specialiste-en-conception-graphique-et-marketing\/\" \/>\n<meta property=\"og:locale\" content=\"fr_FR\" \/>\n<meta property=\"og:type\" content=\"article\" \/>\n<meta property=\"og:title\" content=\"Sp\u00e9cialiste en conception graphique et marketing - CaRMS\" \/>\n<meta property=\"og:description\" content=\"[vc_row][vc_column][vc_column_text margin_bottom=\u00a0\u00bb0&Prime; css=\u00a0\u00bb.vc_custom_1777491979565{margin-bottom: 0px !important;}\u00a0\u00bb]Remarque\u00a0: L\u2019emploi du masculin dans le pr\u00e9sent texte d\u00e9signe, lorsque le contexte s\u2019y pr\u00eate, aussi bien les femmes et les personnes de type non binaire que les hommes. R\u00e9sum\u00e9 du poste\u00a0: Le sp\u00e9cialiste en conception graphique et marketing soutient CaRMS en cr\u00e9ant du mat\u00e9riel de marketing et de communication captivant, conforme [&hellip;]\" \/>\n<meta property=\"og:url\" content=\"https:\/\/www.carms.ca\/fr\/a-propos-de\/possibilites-de-carrieres\/specialiste-en-conception-graphique-et-marketing\/\" \/>\n<meta property=\"og:site_name\" content=\"CaRMS\" \/>\n<meta name=\"twitter:card\" content=\"summary_large_image\" \/>\n<meta name=\"twitter:label1\" content=\"Dur\u00e9e de lecture estim\u00e9e\" \/>\n\t<meta name=\"twitter:data1\" content=\"5 minutes\" \/>\n<script type=\"application\/ld+json\" class=\"yoast-schema-graph\">{\"@context\":\"https:\\\/\\\/schema.org\",\"@graph\":[{\"@type\":\"WebPage\",\"@id\":\"https:\\\/\\\/www.carms.ca\\\/fr\\\/a-propos-de\\\/possibilites-de-carrieres\\\/specialiste-en-conception-graphique-et-marketing\\\/\",\"url\":\"https:\\\/\\\/www.carms.ca\\\/fr\\\/a-propos-de\\\/possibilites-de-carrieres\\\/specialiste-en-conception-graphique-et-marketing\\\/\",\"name\":\"Sp\u00e9cialiste en conception graphique et marketing - CaRMS\",\"isPartOf\":{\"@id\":\"https:\\\/\\\/www.carms.ca\\\/#website\"},\"datePublished\":\"2026-04-29T19:46:23+00:00\",\"breadcrumb\":{\"@id\":\"https:\\\/\\\/www.carms.ca\\\/fr\\\/a-propos-de\\\/possibilites-de-carrieres\\\/specialiste-en-conception-graphique-et-marketing\\\/#breadcrumb\"},\"inLanguage\":\"fr-FR\",\"potentialAction\":[{\"@type\":\"ReadAction\",\"target\":[\"https:\\\/\\\/www.carms.ca\\\/fr\\\/a-propos-de\\\/possibilites-de-carrieres\\\/specialiste-en-conception-graphique-et-marketing\\\/\"]}]},{\"@type\":\"BreadcrumbList\",\"@id\":\"https:\\\/\\\/www.carms.ca\\\/fr\\\/a-propos-de\\\/possibilites-de-carrieres\\\/specialiste-en-conception-graphique-et-marketing\\\/#breadcrumb\",\"itemListElement\":[{\"@type\":\"ListItem\",\"position\":1,\"name\":\"Accueil\",\"item\":\"https:\\\/\\\/www.carms.ca\\\/fr\\\/\"},{\"@type\":\"ListItem\",\"position\":2,\"name\":\"\u00c0 propos de\",\"item\":\"https:\\\/\\\/www.carms.ca\\\/fr\\\/a-propos-de\\\/\"},{\"@type\":\"ListItem\",\"position\":3,\"name\":\"Possibilit\u00e9s de carri\u00e8res\",\"item\":\"https:\\\/\\\/www.carms.ca\\\/fr\\\/a-propos-de\\\/possibilites-de-carrieres\\\/\"},{\"@type\":\"ListItem\",\"position\":4,\"name\":\"Sp\u00e9cialiste en conception graphique et marketing\"}]},{\"@type\":\"WebSite\",\"@id\":\"https:\\\/\\\/www.carms.ca\\\/#website\",\"url\":\"https:\\\/\\\/www.carms.ca\\\/\",\"name\":\"CaRMS\",\"description\":\"\",\"potentialAction\":[{\"@type\":\"SearchAction\",\"target\":{\"@type\":\"EntryPoint\",\"urlTemplate\":\"https:\\\/\\\/www.carms.ca\\\/?s={search_term_string}\"},\"query-input\":{\"@type\":\"PropertyValueSpecification\",\"valueRequired\":true,\"valueName\":\"search_term_string\"}}],\"inLanguage\":\"fr-FR\"}]}<\/script>\n<!-- \/ Yoast SEO plugin. -->","yoast_head_json":{"title":"Sp\u00e9cialiste en conception graphique et marketing - CaRMS","robots":{"index":"index","follow":"follow","max-snippet":"max-snippet:-1","max-image-preview":"max-image-preview:large","max-video-preview":"max-video-preview:-1"},"canonical":"https:\/\/www.carms.ca\/fr\/a-propos-de\/possibilites-de-carrieres\/specialiste-en-conception-graphique-et-marketing\/","og_locale":"fr_FR","og_type":"article","og_title":"Sp\u00e9cialiste en conception graphique et marketing - CaRMS","og_description":"[vc_row][vc_column][vc_column_text margin_bottom=\u00a0\u00bb0&Prime; css=\u00a0\u00bb.vc_custom_1777491979565{margin-bottom: 0px !important;}\u00a0\u00bb]Remarque\u00a0: L\u2019emploi du masculin dans le pr\u00e9sent texte d\u00e9signe, lorsque le contexte s\u2019y pr\u00eate, aussi bien les femmes et les personnes de type non binaire que les hommes. R\u00e9sum\u00e9 du poste\u00a0: Le sp\u00e9cialiste en conception graphique et marketing soutient CaRMS en cr\u00e9ant du mat\u00e9riel de marketing et de communication captivant, conforme [&hellip;]","og_url":"https:\/\/www.carms.ca\/fr\/a-propos-de\/possibilites-de-carrieres\/specialiste-en-conception-graphique-et-marketing\/","og_site_name":"CaRMS","twitter_card":"summary_large_image","twitter_misc":{"Dur\u00e9e de lecture estim\u00e9e":"5 minutes"},"schema":{"@context":"https:\/\/schema.org","@graph":[{"@type":"WebPage","@id":"https:\/\/www.carms.ca\/fr\/a-propos-de\/possibilites-de-carrieres\/specialiste-en-conception-graphique-et-marketing\/","url":"https:\/\/www.carms.ca\/fr\/a-propos-de\/possibilites-de-carrieres\/specialiste-en-conception-graphique-et-marketing\/","name":"Sp\u00e9cialiste en conception graphique et marketing - CaRMS","isPartOf":{"@id":"https:\/\/www.carms.ca\/#website"},"datePublished":"2026-04-29T19:46:23+00:00","breadcrumb":{"@id":"https:\/\/www.carms.ca\/fr\/a-propos-de\/possibilites-de-carrieres\/specialiste-en-conception-graphique-et-marketing\/#breadcrumb"},"inLanguage":"fr-FR","potentialAction":[{"@type":"ReadAction","target":["https:\/\/www.carms.ca\/fr\/a-propos-de\/possibilites-de-carrieres\/specialiste-en-conception-graphique-et-marketing\/"]}]},{"@type":"BreadcrumbList","@id":"https:\/\/www.carms.ca\/fr\/a-propos-de\/possibilites-de-carrieres\/specialiste-en-conception-graphique-et-marketing\/#breadcrumb","itemListElement":[{"@type":"ListItem","position":1,"name":"Accueil","item":"https:\/\/www.carms.ca\/fr\/"},{"@type":"ListItem","position":2,"name":"\u00c0 propos de","item":"https:\/\/www.carms.ca\/fr\/a-propos-de\/"},{"@type":"ListItem","position":3,"name":"Possibilit\u00e9s de carri\u00e8res","item":"https:\/\/www.carms.ca\/fr\/a-propos-de\/possibilites-de-carrieres\/"},{"@type":"ListItem","position":4,"name":"Sp\u00e9cialiste en conception graphique et marketing"}]},{"@type":"WebSite","@id":"https:\/\/www.carms.ca\/#website","url":"https:\/\/www.carms.ca\/","name":"CaRMS","description":"","potentialAction":[{"@type":"SearchAction","target":{"@type":"EntryPoint","urlTemplate":"https:\/\/www.carms.ca\/?s={search_term_string}"},"query-input":{"@type":"PropertyValueSpecification","valueRequired":true,"valueName":"search_term_string"}}],"inLanguage":"fr-FR"}]}},"publishpress_future_workflow_manual_trigger":{"enabledWorkflows":[]},"_links":{"self":[{"href":"https:\/\/www.carms.ca\/fr\/wp-json\/wp\/v2\/pages\/52429","targetHints":{"allow":["GET"]}}],"collection":[{"href":"https:\/\/www.carms.ca\/fr\/wp-json\/wp\/v2\/pages"}],"about":[{"href":"https:\/\/www.carms.ca\/fr\/wp-json\/wp\/v2\/types\/page"}],"author":[{"embeddable":true,"href":"https:\/\/www.carms.ca\/fr\/wp-json\/wp\/v2\/users\/40"}],"replies":[{"embeddable":true,"href":"https:\/\/www.carms.ca\/fr\/wp-json\/wp\/v2\/comments?post=52429"}],"version-history":[{"count":1,"href":"https:\/\/www.carms.ca\/fr\/wp-json\/wp\/v2\/pages\/52429\/revisions"}],"predecessor-version":[{"id":52431,"href":"https:\/\/www.carms.ca\/fr\/wp-json\/wp\/v2\/pages\/52429\/revisions\/52431"}],"up":[{"embeddable":true,"href":"https:\/\/www.carms.ca\/fr\/wp-json\/wp\/v2\/pages\/2907"}],"wp:attachment":[{"href":"https:\/\/www.carms.ca\/fr\/wp-json\/wp\/v2\/media?parent=52429"}],"curies":[{"name":"wp","href":"https:\/\/api.w.org\/{rel}","templated":true}]}}